{"id":12627,"date":"2022-02-15T15:46:16","date_gmt":"2022-02-15T15:46:16","guid":{"rendered":"https:\/\/thebottleshop.vn\/thanh-toan-van-chuyen\/"},"modified":"2022-04-19T09:38:19","modified_gmt":"2022-04-19T02:38:19","slug":"thanh-toan-van-chuyen","status":"publish","type":"page","link":"https:\/\/thebottleshop.vn\/vi\/thanh-toan-van-chuyen\/","title":{"rendered":"Thanh to\u00e1n &amp; v\u1eadn chuy\u1ec3n"},"content":{"rendered":"\t\t<div data-elementor-type=\"wp-page\" data-elementor-id=\"12627\" class=\"elementor elementor-12627 elementor-9276\" data-elementor-post-type=\"page\">\n\t\t\t\t\t\t<section class=\"elementor-section elementor-top-section elementor-element elementor-element-9070cd8 elementor-section-full_width elementor-section-height-default elementor-section-height-default\" data-id=\"9070cd8\" data-element_type=\"section\" data-e-type=\"section\">\n\t\t\t\t\t\t\t<div class=\"elementor-background-overlay\"><\/div>\n\t\t\t\t\t\t\t<div class=\"elementor-container elementor-column-gap-default\">\n\t\t\t\t\t<div class=\"elementor-column elementor-col-100 elementor-top-column elementor-element elementor-element-cf362b9\" data-id=\"cf362b9\" data-element_type=\"column\" data-e-type=\"column\">\n\t\t\t<div class=\"elementor-widget-wrap elementor-element-populated\">\n\t\t\t\t\t\t<div class=\"elementor-element elementor-element-5ce2060 elementor-widget elementor-widget-heading\" data-id=\"5ce2060\" data-element_type=\"widget\" data-e-type=\"widget\" data-widget_type=\"heading.default\">\n\t\t\t\t<div class=\"elementor-widget-container\">\n\t\t\t\t\t<h2 class=\"elementor-heading-title elementor-size-default\">THANH TO\u00c1N &amp; V\u1eacN CHUY\u1ec2N<\/h2>\t\t\t\t<\/div>\n\t\t\t\t<\/div>\n\t\t\t\t<div class=\"elementor-element elementor-element-b1587a4 elementor-widget elementor-widget-text-editor\" data-id=\"b1587a4\" data-element_type=\"widget\" data-e-type=\"widget\" data-widget_type=\"text-editor.default\">\n\t\t\t\t<div class=\"elementor-widget-container\">\n\t\t\t\t\t\t\t\t\t<h4><strong><span style=\"color: #853136;\">PH\u01af\u01a0NG TH\u1ee8C THANH TO\u00c1N<\/span><\/strong><\/h4><p>T\u1eadn h\u01b0\u1edfng s\u1ef1 an t\u00e2m khi mua s\u1eafm v\u1edbi ch\u00fang t\u00f4i. Kh\u00f4ng c\u00f3 ph\u00ed \u1ea9n\/b\u1ed5 sung khi b\u1ea1n thanh to\u00e1n t\u1ea1i The Bottle Shop\u2122. Ch\u00fang t\u00f4i cung c\u1ea5p c\u00e1c ph\u01b0\u01a1ng th\u1ee9c thanh to\u00e1n sau khi thanh to\u00e1n:<\/p><p>The Bottle Shop cung c\u1ea5p nhi\u1ec1u h\u00ecnh th\u1ee9c thanh to\u00e1n cho b\u1ea1n l\u1ef1a ch\u1ecdn:<\/p><ul><li>Thanh to\u00e1n b\u1eb1ng Th\u1ebb qu\u1ed1c t\u1ebf<\/li><li>Thanh to\u00e1n b\u1eb1ng Th\u1ebb ATM n\u1ed9i \u0111\u1ecba<\/li><li>Thanh to\u00e1n qua v\u00ed \u0111i\u1ec7n t\u1eed<\/li><li>Thanh to\u00e1n chuy\u1ec3n kho\u1ea3n quan ng\u00e2n h\u00e0ng<\/li><li>Thanh to\u00e1n ti\u1ec1n m\u1eb7t khi nh\u1eadn h\u00e0ng (COD) (ch\u1ec9 \u00e1p d\u1ee5ng v\u1edbi tr\u01b0\u1eddng h\u1ee3p kh\u00e1ch \u0111\u1ebfn t\u1eadn c\u1eeda h\u00e0ng The Bottle Shop t\u1ea1i S\u1ed1 25B, Ng\u00f5 12, \u0110\u1eb7ng Thai Mai, Q.T\u00e2y H\u1ed3)<\/li><\/ul><h4><strong><span style=\"color: #853136;\">L\u1ef0A CH\u1eccN 1: CHUY\u1ec2N KHO\u1ea2N NG\u00c2N H\u00c0NG TR\u1ef0C TUY\u1ebeN<\/span><\/strong><\/h4><p>Ho\u00e0n t\u1ea5t thanh to\u00e1n tr\u1ef1c tuy\u1ebfn m\u00e0 kh\u00f4ng c\u1ea7n ph\u1ea3i nh\u1eadp ng\u00e2n h\u00e0ng c\u00e1 nh\u00e2n c\u1ee7a b\u1ea1n.<br \/>L\u01b0u chi ti\u1ebft t\u00e0i kho\u1ea3n c\u1ee7a ch\u00fang t\u00f4i trong Danh s\u00e1ch ng\u01b0\u1eddi th\u1ee5 h\u01b0\u1edfng c\u1ee7a b\u1ea1n \u0111\u1ec3 th\u1ef1c hi\u1ec7n thanh to\u00e1n nhanh h\u01a1n v\u00e0 d\u1ec5 d\u00e0ng h\u01a1n v\u00e0o l\u1ea7n sau!<\/p><p>Chi ti\u1ebft c\u1ee7a Ng\u00e2n h\u00e0ng ch\u00fang t\u00f4i:<br \/>T\u00ean ng\u00e2n h\u00e0ng Techcombank<br \/>T\u00ean t\u00e0i kho\u1ea3n C\u00f4ng ty TNHH Bar \u00d4ng Say<br \/>S\u1ed1 t\u00e0i kho\u1ea3n 1903 289 492 5019<\/p><h4><span style=\"color: #853136;\"><strong>L\u1ef0A CH\u1eccN 2: THANH TO\u00c1N QUA C\u1ed4NG THANH TO\u00c1N TR\u1ef0C TUY\u1ebeN<\/strong><\/span><\/h4><p>The Bottle Shop s\u1eed d\u1ee5ng OnePay l\u00e0 \u0111\u01a1n v\u1ecb cung c\u1ea5p d\u1ecbch v\u1ee5 c\u1ed5ng thanh to\u00e1n \u0111i\u1ec7n t\u1eed c\u00f3 kh\u1ea3 n\u0103ng cung \u1ee9ng h\u1ea1 t\u1ea7ng k\u1ef9 thu\u1eadt \u0111\u1ec3 th\u1ef1c hi\u1ec7n vi\u1ec7c k\u1ebft n\u1ed1i gi\u1eefa \u0111\u01a1n v\u1ecb ch\u1ea5p nh\u1eadn thanh to\u00e1n v\u00e0 ng\u00e2n h\u00e0ng\/\u0110\u1ed1i t\u00e1c thanh to\u00e1n di \u0111\u1ed9ng nh\u1eb1m h\u1ed7 tr\u1ee3 kh\u00e1ch h\u00e0ng th\u1ef1c hi\u1ec7n thanh to\u00e1n trong giao d\u1ecbch th\u01b0\u01a1ng m\u1ea1i \u0111i\u1ec7n t\u1eed, thanh to\u00e1n h\u00f3a \u0111\u01a1n \u0111i\u1ec7n t\u1eed v\u00e0 c\u00e1c d\u1ecbch v\u1ee5 thanh to\u00e1n \u0111i\u1ec7n t\u1eed kh\u00e1c theo quy \u0111\u1ecbnh c\u1ee7a Ng\u00e2n h\u00e0ng Nh\u00e0 n\u01b0\u1edbc v\u00e0 ph\u00e1p lu\u1eadt Vi\u1ec7t Nam.<\/p><p>Giao d\u1ecbch thanh to\u00e1n \u0111\u01b0\u1ee3c m\u00e3 ho\u00e1 an to\u00e0n v\u00e0 b\u1ea3o m\u1eadt theo ti\u00eau chu\u1ea9n ng\u00e0nh t\u00e0i ch\u00ednh v\u00e0 theo quy \u0111\u1ecbnh c\u1ee7a ph\u00e1p lu\u1eadt Vi\u1ec7t Nam. Giao d\u1ecbch \u0111\u01b0\u1ee3c th\u1ef1c hi\u1ec7n tr\u00ean c\u1ed5ng c\u1ee7a OnePay, ch\u00fang t\u00f4i ho\u00e0n to\u00e0n kh\u00f4ng l\u01b0u tr\u1eef th\u00f4ng tin th\u1ebb c\u1ee7a b\u1ea1n tr\u00ean h\u1ec7 th\u1ed1ng c\u1ee7a thebottleshop.vn<\/p><p><strong><a href=\"https:\/\/www.onepay.vn\/index9ed2.html?lang=en\">C\u1ed5ng thanh to\u00e1n OnePAY<\/a> <\/strong>cung c\u1ea5p m\u1ed9t gi\u1ea3i ph\u00e1p an to\u00e0n v\u00e0 linh ho\u1ea1t cho thanh to\u00e1n k\u1ef9 thu\u1eadt s\u1ed1 tu\u00e2n theo c\u00e1c ti\u00eau chu\u1ea9n do PCI-DSS \u0111\u1eb7t ra do H\u1ed9i \u0111\u1ed3ng Ti\u00eau chu\u1ea9n B\u1ea3o m\u1eadt PCI qu\u1ea3n l\u00fd. D\u1eef li\u1ec7u th\u1ebb t\u00edn d\u1ee5ng c\u1ee7a b\u1ea1n \u0111\u01b0\u1ee3c m\u00e3 h\u00f3a v\u00e0 th\u00f4ng tin mua h\u00e0ng c\u1ee7a b\u1ea1n ch\u1ec9 \u0111\u01b0\u1ee3c l\u01b0u tr\u1eef mi\u1ec5n l\u00e0 c\u1ea7n thi\u1ebft \u0111\u1ec3 ho\u00e0n t\u1ea5t giao d\u1ecbch c\u1ee7a b\u1ea1n. OnePAY ch\u1ea5p nh\u1eadn 99.8% th\u1ebb n\u1ed9i \u0111\u1ecba t\u1eeb 39 ng\u00e2n h\u00e0ng t\u1ea1i Vi\u1ec7t Nam c\u00f9ng v\u1edbi th\u1ebb qu\u1ed1c t\u1ebf Visa, MasterCard, JCB, American Express v\u00e0 UnionPay.<\/p><p>C\u00e1ch th\u1ef1c hi\u1ec7n:<br \/>T\u1ea1i b\u01b0\u1edbc thanh to\u00e1n, b\u1ea1n ch\u1ecdn m\u1ee5c &#8220;Thanh to\u00e1n online qua c\u1ed5ng OnePay b\u1eb1ng th\u1ebb Visa \/ Master \/ JCB \/ American Express \/ CUP&#8221; ho\u1eb7c\u00a0&#8220;Thanh to\u00e1n online qua c\u1ed5ng OnePay b\u1eb1ng th\u1ebb ATM n\u1ed9i \u0111\u1ecba&#8221;. Khi \u0111\u00f3 h\u1ec7 th\u1ed1ng s\u1ebd chuy\u1ec3n \u0111\u1ebfn c\u1ed5ng thanh to\u00e1n c\u1ee7a OnePay, b\u1ea1n nh\u1eadp th\u00f4ng tin th\u1ebb v\u00e0 l\u00e0m ti\u1ebfp c\u00e1c b\u01b0\u1edbc x\u00e1c th\u1ef1c theo h\u01b0\u1edbng d\u1eabn.<\/p><p>B\u1ea1n s\u1ebd nh\u1eadn \u0111\u01b0\u1ee3c m\u1ed9t email x\u00e1c nh\u1eadn sau khi \u0111\u01a1n \u0111\u1eb7t h\u00e0ng tr\u1ef1c tuy\u1ebfn c\u1ee7a b\u1ea1n \u0111\u00e3 \u0111\u01b0\u1ee3c ho\u00e0n th\u00e0nh v\u00e0 ch\u00fang t\u00f4i s\u1ebd giao h\u00e0ng ngay sau khi nh\u1eadn \u0111\u01b0\u1ee3c thanh to\u00e1n. Xin l\u01b0u \u00fd r\u1eb1ng chuy\u1ec3n kho\u1ea3n t\u1eeb m\u1ed9t s\u1ed1 ng\u00e2n h\u00e0ng c\u00f3 th\u1ec3 b\u1ecb ch\u1eadm tr\u1ec5 th\u1eddi gian ho\u00e0n th\u00e0nh.<\/p><h4><strong><span style=\"color: #853136;\">D\u1ecaCH V\u1ee4 V\u1eacN CHUY\u1ec2N <\/span><\/strong><\/h4><p><strong><span style=\"color: #000000;\">GIAO H\u00c0NG TRONG N\u01af\u1edaC<\/span><\/strong><\/p><p>D\u1ecbch v\u1ee5 giao h\u00e0ng c\u1ee7a ch\u00fang t\u00f4i ho\u1ea1t \u0111\u1ed9ng h\u00e0ng ng\u00e0y 7 ng\u00e0y trong tu\u1ea7n t\u1eeb gi\u1eefa tr\u01b0a \u0111\u1ebfn 9 gi\u1edd t\u1ed1i. Ch\u00fang t\u00f4i \u0111\u1ea3m b\u1ea3o giao h\u00e0ng ngay trong ng\u00e0y \u0111\u1ebfn t\u1eadn n\u01a1i tr\u00ean to\u00e0n \u0111\u1ecba b\u00e0n H\u00e0 N\u1ed9i. \u0110\u1ed1i v\u1edbi t\u1ea5t c\u1ea3 c\u00e1c khu v\u1ef1c ngo\u00e0i H\u00e0 N\u1ed9i, ch\u00fang t\u00f4i cung c\u1ea5p th\u1eddi gian giao h\u00e0ng t\u1eeb 2-5 ng\u00e0y. N\u1ebfu v\u00ec b\u1ea5t k\u1ef3 l\u00fd do g\u00ec b\u1ea1n mu\u1ed1n ch\u00fang t\u00f4i tr\u00ec ho\u00e3n vi\u1ec7c v\u1eadn chuy\u1ec3n, ho\u1eb7c b\u1ea1n mu\u1ed1n ch\u1ecdn m\u1ed9t ng\u00e0y c\u1ee5 th\u1ec3 \u0111\u1ec3 nh\u1eadn h\u00e0ng c\u1ee7a m\u00ecnh, vui l\u00f2ng \u0111\u01b0a th\u00f4ng tin n\u00e0y v\u00e0o ph\u1ea7n ghi ch\u00fa khi thanh to\u00e1n.<\/p><p>Ph\u00ed v\u1eadn chuy\u1ec3n (n\u1ebfu \u00e1p d\u1ee5ng) s\u1ebd \u0111\u01b0\u1ee3c t\u1ef1 \u0111\u1ed9ng t\u00ednh khi vi\u1ec7c mua h\u00e0ng ho\u00e0n t\u1ea5t v\u00e0 th\u00eam v\u00e0o h\u00f3a \u0111\u01a1n c\u1ee7a b\u1ea1n, kho\u1ea3ng c\u00e1ch \u0111\u01b0\u1ee3c t\u00ednh t\u1eeb c\u1eeda h\u00e0ng g\u1ea7n nh\u1ea5t c\u1ee7a ch\u00fang t\u00f4i. Ch\u00fang t\u00f4i \u00e1p d\u1ee5ng giao h\u00e0ng mi\u1ec5n ph\u00ed v\u1edbi c\u00e1c \u0111\u01a1n h\u00e0ng gi\u00e1 tr\u1ecb tr\u00ean 1,000,000\u0111 (trong v\u00f2ng b\u00e1n k\u00ednh t\u1ed1i \u0111a 8km t\u1eeb c\u1eeda h\u00e0ng), v\u1edbi t\u1ea5t c\u1ea3 c\u00e1c \u0111\u01a1n h\u00e0ng c\u00f2n l\u1ea1i s\u1ebd \u0111\u01b0\u1ee3c \u00e1p d\u1ee5ng t\u00ednh ph\u00ed nh\u01b0 sau:<br \/>&lt;3km: Mi\u1ec5n ph\u00ed giao h\u00e0ng (v\u1edbi \u0111\u01a1n h\u00e0ng t\u1ed1i thi\u1ec3u tr\u1ecb gi\u00e1 500,000\u0111, ho\u1eb7c s\u1ebd \u00e1p d\u1ee5ng 20,000\u0111 cho ph\u00ed v\u1eadn chuy\u1ec3n)<br \/>3-4km*: 35,000\u0111<br \/>4-5km*: 40,000\u0111<br \/>Ph\u1ee5 ph\u00ed 5,000\u0111\/km cho c\u00e1c km ti\u1ebfp theo, \u00e1p d\u1ee5ng v\u1edbi kho\u1ea3ng c\u00e1ch t\u1ed1i \u0111a l\u00e0 25km t\u1eeb c\u1eeda h\u00e0ng ch\u00fang t\u00f4i.\u00a0V\u1edbi c\u00e1c \u0111\u01a1n giao h\u00e0ng tr\u00ean 25km, ch\u00fang t\u00f4i s\u1ebd li\u00ean l\u1ea1c tr\u1ef1c ti\u1ebfp v\u1edbi b\u1ea1n \u0111\u1ec3 x\u00e1c nh\u1eadn ph\u00ed giao h\u00e0ng tr\u01b0\u1edbc khi giao d\u1ecbch \u0111\u01b0\u1ee3c ho\u00e0n t\u1ea5t.<br \/>* kho\u1ea3ng c\u00e1ch \u0111\u01b0\u1ee3c t\u00ednh theo Google Maps<\/p><p>N\u1ebfu ch\u00fang t\u00f4i kh\u00f4ng th\u1ec3 th\u1ef1c hi\u1ec7n to\u00e0n b\u1ed9 ho\u1eb7c m\u1ed9t ph\u1ea7n \u0111\u01a1n \u0111\u1eb7t h\u00e0ng c\u1ee7a b\u1ea1n v\u00ec b\u1ea5t k\u1ef3 l\u00fd do g\u00ec, th\u00ec ch\u00fang t\u00f4i s\u1ebd li\u00ean h\u1ec7 v\u1edbi b\u1ea1n \u0111\u1ec3 \u0111\u1ed5i s\u1ea3n ph\u1ea9m n\u00e0y sang s\u1ea3n ph\u1ea9m kh\u00e1c ho\u1eb7c ho\u00e0n l\u1ea1i ti\u1ec1n, t\u00f9y theo \u0111i\u1ec1u ki\u1ec7n n\u00e0o th\u00edch h\u1ee3p h\u01a1n.<\/p><p>Ch\u00fang t\u00f4i kh\u00f4ng ch\u1ecbu tr\u00e1ch nhi\u1ec7m v\u1ec1 vi\u1ec7c giao h\u00e0ng kh\u00f4ng th\u00e0nh c\u00f4ng n\u1ebfu b\u1ea1n cung c\u1ea5p \u0111\u1ecba ch\u1ec9 kh\u00f4ng ch\u00ednh x\u00e1c ho\u1eb7c kh\u00f4ng \u0111\u1ea7y \u0111\u1ee7 v\u00e0 \/ ho\u1eb7c s\u1ed1 \u0111i\u1ec7n tho\u1ea1i li\u00ean h\u1ec7 kh\u00f4ng ch\u00ednh x\u00e1c. Vui l\u00f2ng ki\u1ec3m tra c\u00e1c chi ti\u1ebft n\u00e0y m\u1ed9t c\u00e1ch c\u1ea9n th\u1eadn khi \u0111\u1eb7t h\u00e0ng c\u1ee7a b\u1ea1n v\u00e0 xem x\u00e9t <a href=\"https:\/\/thebottleshop.vn\/vi\/tai-khoan\/\">t\u1ea1o m\u1ed9t t\u00e0i kho\u1ea3n<\/a> \u0111\u1ec3 ch\u00fang \u0111\u01b0\u1ee3c l\u01b0u cho l\u1ea7n sau!<\/p><p>C\u00f3 th\u1ec3 c\u00f3 nh\u1eefng v\u1ea5n \u0111\u1ec1 ngo\u00e0i t\u1ea7m ki\u1ec3m so\u00e1t c\u1ee7a ch\u00fang t\u00f4i v\u1ec1 th\u1eddi ti\u1ebft kh\u1eafc nghi\u1ec7t, \u0111i\u1ec1u ki\u1ec7n l\u00e1i xe b\u1ea5t l\u1ee3i v\u00e0 t\u1eafc ngh\u1ebdn giao th\u00f4ng \u1ea3nh h\u01b0\u1edfng \u0111\u1ebfn th\u1eddi gian v\u1eadn chuy\u1ec3n. Trong nh\u1eefng tr\u01b0\u1eddng h\u1ee3p n\u00e0y, ch\u00fang t\u00f4i s\u1ebd g\u1ecdi cho b\u1ea1n \u0111\u1ec3 th\u00f4ng b\u00e1o cho b\u1ea1n. Xin l\u01b0u \u00fd r\u1eb1ng c\u00e1c ng\u00e0y l\u1ec5 c\u1ee7a Vi\u1ec7t Nam c\u0169ng c\u00f3 th\u1ec3 g\u00e2y ra m\u1ed9t s\u1ed1 ch\u1eadm tr\u1ec5 cho d\u1ecbch v\u1ee5 c\u1ee7a ch\u00fang t\u00f4i.<\/p><p><strong>V\u1eacN CHUY\u1ec2N QU\u1ed0C T\u1ebe<\/strong><\/p><p>T\u1ea5t c\u1ea3 <a href=\"https:\/\/thebottleshop.vn\/product-category\/merch-gifts\/\">\u0110\u1ed3 l\u01b0u ni\u1ec7m<\/a>\u00a0c\u00e1c m\u1eb7t h\u00e0ng c\u00f3 s\u1eb5n \u0111\u1ec3 v\u1eadn chuy\u1ec3n tr\u00ean to\u00e0n th\u1ebf gi\u1edbi v\u00e0 th\u01b0\u1eddng \u0111\u01b0\u1ee3c ho\u00e0n th\u00e0nh trong v\u00f2ng 2-3 tu\u1ea7n nh\u01b0ng c\u00f3 th\u1ec3 l\u00e2u h\u01a1n do th\u1ee7 t\u1ee5c h\u1ea3i quan ho\u1eb7c c\u00e1c y\u1ebfu t\u1ed1 kh\u00e1c ngo\u00e0i t\u1ea7m ki\u1ec3m so\u00e1t c\u1ee7a ch\u00fang t\u00f4i. Li\u00ean h\u1ec7 ch\u00fang t\u00f4i t\u1ea1i <a href=\"mailto:shopping@3blindmen.vn\">shopping@3blindmen.vn<\/a> \u0111\u1ec3 \u0111\u01b0\u1ee3c b\u00e1o gi\u00e1. Sau khi \u0111\u01a1n h\u00e0ng c\u1ee7a b\u1ea1n \u0111\u01b0\u1ee3c x\u00e1c nh\u1eadn, ch\u00fang t\u00f4i s\u1ebd g\u1eedi cho b\u1ea1n m\u1ed9t s\u1ed1 theo d\u00f5i \u0111\u1ec3 b\u1ea1n c\u00f3 th\u1ec3 theo d\u00f5i ti\u1ebfn \u0111\u1ed9 giao h\u00e0ng.<\/p><p>G\u00f3i h\u00e0ng c\u1ee7a b\u1ea1n c\u00f3 th\u1ec3 ph\u1ea3i ch\u1ecbu thu\u1ebf nh\u1eadp kh\u1ea9u v\u00e0 c\u00e1c lo\u1ea1i thu\u1ebf ph\u00e1t sinh khi l\u00f4 h\u00e0ng \u0111\u1ebfn qu\u1ed1c gia \u0111\u00edch c\u1ee7a b\u1ea1n. The Bottle Shop\u2122 kh\u00f4ng ch\u1ecbu tr\u00e1ch nhi\u1ec7m cho b\u1ea5t k\u1ef3 kho\u1ea3n ph\u00ed n\u00e0o m\u00e0 ng\u01b0\u1eddi nh\u1eadn ph\u1ea3i thanh to\u00e1n.<\/p>\t\t\t\t\t\t\t\t<\/div>\n\t\t\t\t<\/div>\n\t\t\t\t\t<\/div>\n\t\t<\/div>\n\t\t\t\t\t<\/div>\n\t\t<\/section>\n\t\t\t\t<\/div>\n\t\t","protected":false},"excerpt":{"rendered":"<p>THANH TO\u00c1N &amp; V\u1eacN CHUY\u1ec2N PH\u01af\u01a0NG TH\u1ee8C THANH TO\u00c1N T\u1eadn h\u01b0\u1edfng s\u1ef1 an t\u00e2m khi mua s\u1eafm v\u1edbi ch\u00fang t\u00f4i. Kh\u00f4ng c\u00f3 ph\u00ed \u1ea9n\/b\u1ed5 sung khi b\u1ea1n thanh to\u00e1n t\u1ea1i The Bottle Shop\u2122. Ch\u00fang t\u00f4i cung c\u1ea5p c\u00e1c ph\u01b0\u01a1ng th\u1ee9c thanh to\u00e1n sau khi thanh to\u00e1n: The Bottle Shop cung c\u1ea5p nhi\u1ec1u h\u00ecnh th\u1ee9c thanh [&hellip;]<\/p>\n","protected":false},"author":3,"featured_media":0,"parent":0,"menu_order":0,"comment_status":"closed","ping_status":"closed","template":"elementor_header_footer","meta":{"_acf_changed":false,"footnotes":""},"class_list":["post-12627","page","type-page","status-publish","hentry"],"acf":[],"yoast_head":"<!-- This site is optimized with the Yoast SEO plugin v27.2 - https:\/\/yoast.com\/product\/yoast-seo-wordpress\/ -->\n<title>Thanh to\u00e1n &amp; v\u1eadn chuy\u1ec3n - The Bottle Shop<\/title>\n<meta name=\"robots\" content=\"index, follow, max-snippet:-1, max-image-preview:large, max-video-preview:-1\" \/>\n<link rel=\"canonical\" href=\"http:\/\/52.77.24.187\/vi\/thanh-toan-van-chuyen\/\" \/>\n<meta property=\"og:locale\" content=\"vi_VN\" \/>\n<meta property=\"og:type\" content=\"article\" \/>\n<meta property=\"og:title\" content=\"Thanh to\u00e1n &amp; v\u1eadn chuy\u1ec3n - The Bottle Shop\" \/>\n<meta property=\"og:description\" content=\"THANH TO\u00c1N &amp; V\u1eacN CHUY\u1ec2N PH\u01af\u01a0NG TH\u1ee8C THANH TO\u00c1N T\u1eadn h\u01b0\u1edfng s\u1ef1 an t\u00e2m khi mua s\u1eafm v\u1edbi ch\u00fang t\u00f4i. Kh\u00f4ng c\u00f3 ph\u00ed \u1ea9n\/b\u1ed5 sung khi b\u1ea1n thanh to\u00e1n t\u1ea1i The Bottle Shop\u2122. Ch\u00fang t\u00f4i cung c\u1ea5p c\u00e1c ph\u01b0\u01a1ng th\u1ee9c thanh to\u00e1n sau khi thanh to\u00e1n: The Bottle Shop cung c\u1ea5p nhi\u1ec1u h\u00ecnh th\u1ee9c thanh [&hellip;]\" \/>\n<meta property=\"og:url\" content=\"http:\/\/52.77.24.187\/vi\/thanh-toan-van-chuyen\/\" \/>\n<meta property=\"og:site_name\" content=\"The Bottle Shop\" \/>\n<meta property=\"article:publisher\" content=\"https:\/\/www.facebook.com\/thebottleshopvietnam\" \/>\n<meta property=\"article:modified_time\" content=\"2022-04-19T02:38:19+00:00\" \/>\n<meta name=\"twitter:card\" content=\"summary_large_image\" \/>\n<meta name=\"twitter:label1\" content=\"Est. reading time\" \/>\n\t<meta name=\"twitter:data1\" content=\"9 minutes\" \/>\n<script type=\"application\/ld+json\" class=\"yoast-schema-graph\">{\"@context\":\"https:\/\/schema.org\",\"@graph\":[{\"@type\":\"WebPage\",\"@id\":\"http:\/\/52.77.24.187\/vi\/thanh-toan-van-chuyen\/\",\"url\":\"http:\/\/52.77.24.187\/vi\/thanh-toan-van-chuyen\/\",\"name\":\"Thanh to\u00e1n &amp; v\u1eadn chuy\u1ec3n - The Bottle Shop\",\"isPartOf\":{\"@id\":\"http:\/\/52.77.24.187\/#website\"},\"datePublished\":\"2022-02-15T15:46:16+00:00\",\"dateModified\":\"2022-04-19T02:38:19+00:00\",\"breadcrumb\":{\"@id\":\"http:\/\/52.77.24.187\/vi\/thanh-toan-van-chuyen\/#breadcrumb\"},\"inLanguage\":\"vi-VN\",\"potentialAction\":[{\"@type\":\"ReadAction\",\"target\":[\"http:\/\/52.77.24.187\/vi\/thanh-toan-van-chuyen\/\"]}]},{\"@type\":\"BreadcrumbList\",\"@id\":\"http:\/\/52.77.24.187\/vi\/thanh-toan-van-chuyen\/#breadcrumb\",\"itemListElement\":[{\"@type\":\"ListItem\",\"position\":1,\"name\":\"Home\",\"item\":\"http:\/\/52.77.24.187\/vi\/test-popup-vi\/\"},{\"@type\":\"ListItem\",\"position\":2,\"name\":\"Thanh to\u00e1n &amp; v\u1eadn chuy\u1ec3n\"}]},{\"@type\":\"WebSite\",\"@id\":\"http:\/\/52.77.24.187\/#website\",\"url\":\"http:\/\/52.77.24.187\/\",\"name\":\"The Bottle Shop\",\"description\":\"All beers are not created equal\",\"publisher\":{\"@id\":\"http:\/\/52.77.24.187\/#organization\"},\"potentialAction\":[{\"@type\":\"SearchAction\",\"target\":{\"@type\":\"EntryPoint\",\"urlTemplate\":\"http:\/\/52.77.24.187\/?s={search_term_string}\"},\"query-input\":{\"@type\":\"PropertyValueSpecification\",\"valueRequired\":true,\"valueName\":\"search_term_string\"}}],\"inLanguage\":\"vi-VN\"},{\"@type\":\"Organization\",\"@id\":\"http:\/\/52.77.24.187\/#organization\",\"name\":\"The Bottle Shop\",\"url\":\"http:\/\/52.77.24.187\/\",\"logo\":{\"@type\":\"ImageObject\",\"inLanguage\":\"vi-VN\",\"@id\":\"http:\/\/52.77.24.187\/#\/schema\/logo\/image\/\",\"url\":\"https:\/\/mlsrfcxkkbzg.i.optimole.com\/cb:JbP2.215d7\/w:auto\/h:auto\/q:mauto\/ig:avif\/https:\/\/thebottleshop.vn\/wp-content\/uploads\/2022\/10\/The-Bottle-Shop-Online-Logo.png\",\"contentUrl\":\"https:\/\/mlsrfcxkkbzg.i.optimole.com\/cb:JbP2.215d7\/w:auto\/h:auto\/q:mauto\/ig:avif\/https:\/\/thebottleshop.vn\/wp-content\/uploads\/2022\/10\/The-Bottle-Shop-Online-Logo.png\",\"width\":145,\"height\":147,\"caption\":\"The Bottle Shop\"},\"image\":{\"@id\":\"http:\/\/52.77.24.187\/#\/schema\/logo\/image\/\"},\"sameAs\":[\"https:\/\/www.facebook.com\/thebottleshopvietnam\",\"https:\/\/www.instagram.com\/thebottleshop_vietnam\/\"]}]}<\/script>\n<!-- \/ Yoast SEO plugin. -->","yoast_head_json":{"title":"Thanh to\u00e1n &amp; v\u1eadn chuy\u1ec3n - The Bottle Shop","robots":{"index":"index","follow":"follow","max-snippet":"max-snippet:-1","max-image-preview":"max-image-preview:large","max-video-preview":"max-video-preview:-1"},"canonical":"http:\/\/52.77.24.187\/vi\/thanh-toan-van-chuyen\/","og_locale":"vi_VN","og_type":"article","og_title":"Thanh to\u00e1n &amp; v\u1eadn chuy\u1ec3n - The Bottle Shop","og_description":"THANH TO\u00c1N &amp; V\u1eacN CHUY\u1ec2N PH\u01af\u01a0NG TH\u1ee8C THANH TO\u00c1N T\u1eadn h\u01b0\u1edfng s\u1ef1 an t\u00e2m khi mua s\u1eafm v\u1edbi ch\u00fang t\u00f4i. Kh\u00f4ng c\u00f3 ph\u00ed \u1ea9n\/b\u1ed5 sung khi b\u1ea1n thanh to\u00e1n t\u1ea1i The Bottle Shop\u2122. Ch\u00fang t\u00f4i cung c\u1ea5p c\u00e1c ph\u01b0\u01a1ng th\u1ee9c thanh to\u00e1n sau khi thanh to\u00e1n: The Bottle Shop cung c\u1ea5p nhi\u1ec1u h\u00ecnh th\u1ee9c thanh [&hellip;]","og_url":"http:\/\/52.77.24.187\/vi\/thanh-toan-van-chuyen\/","og_site_name":"The Bottle Shop","article_publisher":"https:\/\/www.facebook.com\/thebottleshopvietnam","article_modified_time":"2022-04-19T02:38:19+00:00","twitter_card":"summary_large_image","twitter_misc":{"Est. reading time":"9 minutes"},"schema":{"@context":"https:\/\/schema.org","@graph":[{"@type":"WebPage","@id":"http:\/\/52.77.24.187\/vi\/thanh-toan-van-chuyen\/","url":"http:\/\/52.77.24.187\/vi\/thanh-toan-van-chuyen\/","name":"Thanh to\u00e1n &amp; v\u1eadn chuy\u1ec3n - The Bottle Shop","isPartOf":{"@id":"http:\/\/52.77.24.187\/#website"},"datePublished":"2022-02-15T15:46:16+00:00","dateModified":"2022-04-19T02:38:19+00:00","breadcrumb":{"@id":"http:\/\/52.77.24.187\/vi\/thanh-toan-van-chuyen\/#breadcrumb"},"inLanguage":"vi-VN","potentialAction":[{"@type":"ReadAction","target":["http:\/\/52.77.24.187\/vi\/thanh-toan-van-chuyen\/"]}]},{"@type":"BreadcrumbList","@id":"http:\/\/52.77.24.187\/vi\/thanh-toan-van-chuyen\/#breadcrumb","itemListElement":[{"@type":"ListItem","position":1,"name":"Home","item":"http:\/\/52.77.24.187\/vi\/test-popup-vi\/"},{"@type":"ListItem","position":2,"name":"Thanh to\u00e1n &amp; v\u1eadn chuy\u1ec3n"}]},{"@type":"WebSite","@id":"http:\/\/52.77.24.187\/#website","url":"http:\/\/52.77.24.187\/","name":"The Bottle Shop","description":"All beers are not created equal","publisher":{"@id":"http:\/\/52.77.24.187\/#organization"},"potentialAction":[{"@type":"SearchAction","target":{"@type":"EntryPoint","urlTemplate":"http:\/\/52.77.24.187\/?s={search_term_string}"},"query-input":{"@type":"PropertyValueSpecification","valueRequired":true,"valueName":"search_term_string"}}],"inLanguage":"vi-VN"},{"@type":"Organization","@id":"http:\/\/52.77.24.187\/#organization","name":"The Bottle Shop","url":"http:\/\/52.77.24.187\/","logo":{"@type":"ImageObject","inLanguage":"vi-VN","@id":"http:\/\/52.77.24.187\/#\/schema\/logo\/image\/","url":"https:\/\/mlsrfcxkkbzg.i.optimole.com\/cb:JbP2.215d7\/w:auto\/h:auto\/q:mauto\/ig:avif\/https:\/\/thebottleshop.vn\/wp-content\/uploads\/2022\/10\/The-Bottle-Shop-Online-Logo.png","contentUrl":"https:\/\/mlsrfcxkkbzg.i.optimole.com\/cb:JbP2.215d7\/w:auto\/h:auto\/q:mauto\/ig:avif\/https:\/\/thebottleshop.vn\/wp-content\/uploads\/2022\/10\/The-Bottle-Shop-Online-Logo.png","width":145,"height":147,"caption":"The Bottle Shop"},"image":{"@id":"http:\/\/52.77.24.187\/#\/schema\/logo\/image\/"},"sameAs":["https:\/\/www.facebook.com\/thebottleshopvietnam","https:\/\/www.instagram.com\/thebottleshop_vietnam\/"]}]}},"_links":{"self":[{"href":"https:\/\/thebottleshop.vn\/vi\/wp-json\/wp\/v2\/pages\/12627","targetHints":{"allow":["GET"]}}],"collection":[{"href":"https:\/\/thebottleshop.vn\/vi\/wp-json\/wp\/v2\/pages"}],"about":[{"href":"https:\/\/thebottleshop.vn\/vi\/wp-json\/wp\/v2\/types\/page"}],"author":[{"embeddable":true,"href":"https:\/\/thebottleshop.vn\/vi\/wp-json\/wp\/v2\/users\/3"}],"replies":[{"embeddable":true,"href":"https:\/\/thebottleshop.vn\/vi\/wp-json\/wp\/v2\/comments?post=12627"}],"version-history":[{"count":10,"href":"https:\/\/thebottleshop.vn\/vi\/wp-json\/wp\/v2\/pages\/12627\/revisions"}],"predecessor-version":[{"id":15520,"href":"https:\/\/thebottleshop.vn\/vi\/wp-json\/wp\/v2\/pages\/12627\/revisions\/15520"}],"wp:attachment":[{"href":"https:\/\/thebottleshop.vn\/vi\/wp-json\/wp\/v2\/media?parent=12627"}],"curies":[{"name":"wp","href":"https:\/\/api.w.org\/{rel}","templated":true}]}}