{"id":12631,"date":"2022-02-15T16:02:42","date_gmt":"2022-02-15T16:02:42","guid":{"rendered":"https:\/\/thebottleshop.vn\/chinh-sach-doi-tra\/"},"modified":"2022-03-05T16:24:55","modified_gmt":"2022-03-05T09:24:55","slug":"chinh-sach-doi-tra","status":"publish","type":"page","link":"https:\/\/thebottleshop.vn\/vi\/chinh-sach-doi-tra\/","title":{"rendered":"Ch\u00ednh s\u00e1ch \u0111\u1ed5i tr\u1ea3"},"content":{"rendered":"\t\t<div data-elementor-type=\"wp-page\" data-elementor-id=\"12631\" class=\"elementor elementor-12631 elementor-9284\" data-elementor-post-type=\"page\">\n\t\t\t\t\t\t<section class=\"elementor-section elementor-top-section elementor-element elementor-element-24c0de5 elementor-section-full_width elementor-section-height-default elementor-section-height-default\" data-id=\"24c0de5\" data-element_type=\"section\" data-e-type=\"section\">\n\t\t\t\t\t\t\t<div class=\"elementor-background-overlay\"><\/div>\n\t\t\t\t\t\t\t<div class=\"elementor-container elementor-column-gap-default\">\n\t\t\t\t\t<div class=\"elementor-column elementor-col-100 elementor-top-column elementor-element elementor-element-0d344ec\" data-id=\"0d344ec\" data-element_type=\"column\" data-e-type=\"column\">\n\t\t\t<div class=\"elementor-widget-wrap elementor-element-populated\">\n\t\t\t\t\t\t<div class=\"elementor-element elementor-element-65f1f89 elementor-widget elementor-widget-heading\" data-id=\"65f1f89\" data-element_type=\"widget\" data-e-type=\"widget\" data-widget_type=\"heading.default\">\n\t\t\t\t<div class=\"elementor-widget-container\">\n\t\t\t\t\t<h2 class=\"elementor-heading-title elementor-size-default\">CH\u00cdNH S\u00c1CH \u0110\u1ed4I TR\u1ea2<\/h2>\t\t\t\t<\/div>\n\t\t\t\t<\/div>\n\t\t\t\t<div class=\"elementor-element elementor-element-f29e1f3 elementor-widget elementor-widget-text-editor\" data-id=\"f29e1f3\" data-element_type=\"widget\" data-e-type=\"widget\" data-widget_type=\"text-editor.default\">\n\t\t\t\t<div class=\"elementor-widget-container\">\n\t\t\t\t\t\t\t\t\t<p><span style=\"font-weight: 400;\">C\u1ea3m \u01a1n b\u1ea1n \u0111\u00e3 mua s\u1eafm t\u1ea1i<\/span> <b>The Bottle Shop<\/b><span style=\"font-weight: 400;\">\u2122. Ch\u00fang t\u00f4i hy v\u1ecdng b\u1ea1n y\u00eau th\u00edch c\u00e1c lo\u1ea1i bia c\u1ee7a ch\u00fang t\u00f4i v\u00e0 nh\u1eefng th\u1ee9 t\u1ed1t kh\u00e1c nh\u01b0ng<\/span><span style=\"font-weight: 400;\">n\u1ebfu b\u1ea1n kh\u00f4ng ho\u00e0n to\u00e0n h\u00e0i l\u00f2ng v\u1edbi s\u1ea3n ph\u1ea9m mua c\u1ee7a m\u00ecnh, vui l\u00f2ng li\u00ean h\u1ec7 v\u1edbi ch\u00fang t\u00f4i qua<\/span> <strong><a href=\"mailto:shopping@3blindmen.vn\">shopping@3blindmen.vn<\/a><\/strong> <span style=\"font-weight: 400;\">v\u00e0 ch\u00fang t\u00f4i s\u1ebd l\u00e0m vi\u1ec7c \u0111\u1ec3 gi\u1ea3i quy\u1ebft v\u1ea5n \u0111\u1ec1 \u0111\u00f3.<\/span><\/p><p><strong>KI\u1ec2M TRA H\u00c0NG C\u1ee6A B\u1ea0N<\/strong><span style=\"font-weight: 400;\"><br \/><\/span><span style=\"font-weight: 400;\">Ki\u1ec3m tra c\u1ea9n th\u1eadn \u0111\u01a1n \u0111\u1eb7t h\u00e0ng c\u1ee7a b\u1ea1n ngay sau khi nh\u1eadn \u0111\u01b0\u1ee3c. Trong tr\u01b0\u1eddng h\u1ee3p h\u01b0 h\u1ecfng c\u00f3 th\u1ec3 nh\u00ecn th\u1ea5y \u0111\u01b0\u1ee3c (v\u00ed d\u1ee5: nh\u00e3n, ni\u00eam phong, bao b\u00ec), \u0111\u01a1n \u0111\u1eb7t h\u00e0ng kh\u00f4ng ch\u00ednh x\u00e1c (v\u00ed d\u1ee5: s\u1ea3n ph\u1ea9m, s\u1ed1 l\u01b0\u1ee3ng, k\u00edch th\u01b0\u1edbc) ho\u1eb7c th\u1eddi h\u1ea1n s\u1eed d\u1ee5ng h\u1ebft h\u1ea1n, b\u1ea1n c\u00f3 quy\u1ec1n \u0111\u1ed1i v\u1edbi <\/span><span style=\"font-weight: 400;\">t\u1eeb ch\u1ed1i nh\u1eadn h\u00e0ng, l\u00fac n\u00e0y n\u00f3 s\u1ebd t\u1ef1 \u0111\u1ed9ng \u0111\u01b0\u1ee3c tr\u1ea3 l\u1ea1i cho ch\u00fang t\u00f4i. N\u1ebfu b\u1ea1n ch\u1ecdn l\u00e0m \u0111i\u1ec1u n\u00e0y, vui l\u00f2ng li\u00ean h\u1ec7 v\u1edbi b\u1ed9 ph\u1eadn tr\u1ee3 gi\u00fap c\u1ee7a ch\u00fang t\u00f4i t\u1ea1i <\/span><a href=\"mailto:shopping@3blindmen.vn\"><span style=\"font-weight: 400;\"><strong>shopping@3blindmen.vn<\/strong><\/span><\/a> <span style=\"font-weight: 400;\">tr\u00edch d\u1eabn s\u1ed1 \u0111\u01a1n \u0111\u1eb7t h\u00e0ng c\u1ee7a b\u1ea1n trong d\u00f2ng ti\u00eau \u0111\u1ec1.<\/span><\/p><p><strong>CH\u00cdNH S\u00c1CH \u0110\u1ecaNH K\u1ef2<\/strong><span style=\"font-weight: 400;\"><br \/><\/span><span style=\"font-weight: 400;\">Ch\u00fang t\u00f4i c\u00f3 ch\u00ednh s\u00e1ch \u0111\u1ed5i tr\u1ea3 trong 3 ng\u00e0y, c\u00f3 ngh\u0129a l\u00e0 b\u1ea1n c\u00f3 3 ng\u00e0y k\u1ec3 t\u1eeb khi nh\u1eadn \u0111\u01b0\u1ee3c h\u00e0ng \u0111\u1ec3 y\u00eau c\u1ea7u \u0111\u1ed5i tr\u1ea3. N\u1ebfu \u0111\u00e3 3 ng\u00e0y k\u1ec3 t\u1eeb khi b\u1ea1n mua h\u00e0ng th\u00ec ch\u00fang t\u00f4i kh\u00f4ng th\u1ec3 ho\u00e0n l\u1ea1i ti\u1ec1n ho\u1eb7c trao \u0111\u1ed5i cho b\u1ea1n. \u0110\u1ec3 \u0111\u1ee7 \u0111i\u1ec1u ki\u1ec7n \u0111\u1ed5i tr\u1ea3, m\u1eb7t h\u00e0ng c\u1ee7a b\u1ea1n ph\u1ea3i ch\u01b0a qua s\u1eed d\u1ee5ng, trong t\u00ecnh tr\u1ea1ng ch\u00ednh x\u00e1c nh\u01b0 b\u1ea1n \u0111\u00e3 nh\u1eadn, \u0111\u01b0\u1ee3c ni\u00eam phong v\u00e0 c\u00f2n nguy\u00ean bao b\u00ec. \u0110\u1ec3 ho\u00e0n t\u1ea5t vi\u1ec7c tr\u1ea3 h\u00e0ng c\u1ee7a b\u1ea1n, ch\u00fang t\u00f4i c\u0169ng y\u00eau c\u1ea7u bi\u00ean nh\u1eadn ho\u1eb7c b\u1eb1ng ch\u1ee9ng mua h\u00e0ng t\u1eeb The Bottle Shop<\/span><span style=\"font-weight: 400;\">\u2122<\/span><span style=\"font-weight: 400;\">.<\/span><\/p><p><span style=\"font-weight: 400;\">Vui l\u00f2ng kh\u00f4ng g\u1eedi l\u1ea1i \u0111\u01a1n mua h\u00e0ng c\u1ee7a b\u1ea1n cho ch\u00fang t\u00f4i m\u00e0 kh\u00f4ng th\u00f4ng b\u00e1o tr\u01b0\u1edbc cho ch\u00fang t\u00f4i r\u1eb1ng b\u1ea1n mu\u1ed1n \u0111\u1ed5i tr\u1ea3.<\/span> <span style=\"font-weight: 400;\">\u0110\u1ec3 b\u1eaft \u0111\u1ea7u quy tr\u00ecnh, h\u00e3y li\u00ean h\u1ec7 v\u1edbi ch\u00fang t\u00f4i theo \u0111\u1ecba ch\u1ec9<\/span> <a href=\"mailto:shopping@3blindmen.vn\"><span style=\"font-weight: 400;\"><strong>shopping@3blindmen.vn<\/strong><\/span><\/a>, <span style=\"font-weight: 400;\">tr\u00edch d\u1eabn s\u1ed1 \u0111\u01a1n \u0111\u1eb7t h\u00e0ng c\u1ee7a b\u1ea1n trong d\u00f2ng ti\u00eau \u0111\u1ec1 v\u00e0 \u0111\u00ednh k\u00e8m \u1ea3nh ch\u1ee5p t\u00ecnh tr\u1ea1ng c\u1ee7a m\u1eb7t h\u00e0ng<\/span> <span style=\"font-weight: 400;\">.<\/span><span style=\"font-weight: 400;\"> N\u1ebfu vi\u1ec7c tr\u1ea3 h\u00e0ng c\u1ee7a b\u1ea1n \u0111\u01b0\u1ee3c ch\u1ea5p nh\u1eadn, ch\u00fang t\u00f4i s\u1ebd g\u1eedi cho b\u1ea1n h\u01b0\u1edbng d\u1eabn v\u1ec1 c\u00e1ch th\u1ee9c v\u00e0 \u0111\u1ecba \u0111i\u1ec3m \u0111\u1ec3 g\u1eedi g\u00f3i h\u00e0ng c\u1ee7a b\u1ea1n. C\u00e1c m\u1eb7t h\u00e0ng \u0111\u01b0\u1ee3c g\u1eedi l\u1ea1i cho ch\u00fang t\u00f4i m\u00e0 kh\u00f4ng y\u00eau c\u1ea7u tr\u1ea3 l\u1ea1i tr\u01b0\u1edbc s\u1ebd kh\u00f4ng \u0111\u01b0\u1ee3c ch\u1ea5p nh\u1eadn.<\/span><\/p><p><strong>KHI\u1ebeM KHUY\u1ebeT<\/strong><br \/><span style=\"font-weight: 400;\">Trong tr\u01b0\u1eddng h\u1ee3p c\u00f3 l\u1ed7i c\u1ee7a nh\u00e0 s\u1ea3n xu\u1ea5t nh\u01b0 m\u00f9i kh\u00f3 ch\u1ecbu, thi\u1ebfu cacbonat ho\u1eb7c qu\u00e1 nhi\u1ec1u c\u1eb7n b\u1ea9n, g\u00e2y h\u01b0 h\u1ecfng ch\u1ea5t l\u01b0\u1ee3ng h\u00e0ng h\u00f3a th\u00ec b\u1ea1n ph\u1ea3i li\u00ean h\u1ec7 v\u1edbi ch\u00fang t\u00f4i trong Th\u1eddi h\u1ea1n h\u1ee3p \u0111\u1ed3ng ho\u1eb7c<\/span> <span style=\"font-weight: 400;\">ch\u00fang t\u00f4i kh\u00f4ng th\u1ec3 ho\u00e0n l\u1ea1i ho\u1eb7c \u0111\u1ed5i h\u00e0ng cho b\u1ea1n.<\/span><\/p><p><strong>HO\u00c0N TI\u1ec0N<\/strong><span style=\"font-weight: 400;\"><br \/><\/span><span style=\"font-weight: 400;\">Ch\u00fang t\u00f4i s\u1ebd th\u00f4ng b\u00e1o cho b\u1ea1n sau khi ch\u00fang t\u00f4i nh\u1eadn \u0111\u01b0\u1ee3c v\u00e0 ki\u1ec3m tra \u0111\u01a1n tr\u1ea3 l\u1ea1i c\u1ee7a b\u1ea1n, \u0111\u1ed3ng th\u1eddi cho b\u1ea1n bi\u1ebft li\u1ec7u kho\u1ea3n ho\u00e0n tr\u1ea3 \u0111\u00e3 \u0111\u01b0\u1ee3c ch\u1ea5p thu\u1eadn hay ch\u01b0a. N\u1ebfu \u0111\u01b0\u1ee3c ch\u1ea5p thu\u1eadn, b\u1ea1n s\u1ebd t\u1ef1 \u0111\u1ed9ng \u0111\u01b0\u1ee3c ho\u00e0n l\u1ea1i ti\u1ec1n theo ph\u01b0\u01a1ng th\u1ee9c thanh to\u00e1n ban \u0111\u1ea7u c\u1ee7a m\u00ecnh. Tuy nhi\u00ean, xin l\u01b0u \u00fd r\u1eb1ng c\u00f3 th\u1ec3 m\u1ea5t m\u1ed9t kho\u1ea3ng th\u1eddi gian \u0111\u1ec3 ng\u00e2n h\u00e0ng ho\u1eb7c c\u00f4ng ty ph\u00e1t h\u00e0nh th\u1ebb t\u00edn d\u1ee5ng c\u1ee7a b\u1ea1n x\u1eed l\u00fd v\u00e0 g\u1eedi ti\u1ec1n ho\u00e0n l\u1ea1i v\u00e0o t\u00e0i kho\u1ea3n c\u1ee7a b\u1ea1n. \u0110\u1ed1i v\u1edbi c\u00e1c kho\u1ea3n thanh to\u00e1n b\u1eb1ng ti\u1ec1n m\u1eb7t, ch\u00fang t\u00f4i s\u1ebd ho\u00e0n l\u1ea1i ti\u1ec1n d\u01b0\u1edbi d\u1ea1ng m\u1ed9t ch\u1ee9ng t\u1eeb \u0111i\u1ec7n t\u1eed c\u00f3 th\u1ec3 \u0111\u01b0\u1ee3c s\u1eed d\u1ee5ng \u0111\u1ec3 mua h\u00e0ng trong t\u01b0\u01a1ng lai.<\/span><span style=\"font-weight: 400;\"><br \/><\/span><span style=\"font-weight: 400;\"><br \/><\/span><strong>NGO\u1ea0I L\u1ec6<\/strong><span style=\"font-weight: 400;\"><br \/><\/span><span style=\"font-weight: 400;\">Ch\u1ec9 nh\u1eefng m\u1eb7t h\u00e0ng c\u00f3 gi\u00e1 th\u00f4ng th\u01b0\u1eddng m\u1edbi c\u00f3 th\u1ec3 \u0111\u01b0\u1ee3c ho\u00e0n l\u1ea1i. R\u1ea5t ti\u1ebfc, ch\u00fang t\u00f4i kh\u00f4ng th\u1ec3 ch\u1ea5p nh\u1eadn tr\u1ea3 l\u1ea1i c\u00e1c m\u1eb7t h\u00e0ng gi\u1ea3m gi\u00e1 ho\u1eb7c phi\u1ebfu qu\u00e0 t\u1eb7ng.<\/span><\/p>\t\t\t\t\t\t\t\t<\/div>\n\t\t\t\t<\/div>\n\t\t\t\t\t<\/div>\n\t\t<\/div>\n\t\t\t\t\t<\/div>\n\t\t<\/section>\n\t\t\t\t<\/div>\n\t\t","protected":false},"excerpt":{"rendered":"<p>CH\u00cdNH S\u00c1CH \u0110\u1ed4I TR\u1ea2 C\u1ea3m \u01a1n b\u1ea1n \u0111\u00e3 mua s\u1eafm t\u1ea1i The Bottle Shop\u2122. Ch\u00fang t\u00f4i hy v\u1ecdng b\u1ea1n y\u00eau th\u00edch c\u00e1c lo\u1ea1i bia c\u1ee7a ch\u00fang t\u00f4i v\u00e0 nh\u1eefng th\u1ee9 t\u1ed1t kh\u00e1c nh\u01b0ngn\u1ebfu b\u1ea1n kh\u00f4ng ho\u00e0n to\u00e0n h\u00e0i l\u00f2ng v\u1edbi s\u1ea3n ph\u1ea9m mua c\u1ee7a m\u00ecnh, vui l\u00f2ng li\u00ean h\u1ec7 v\u1edbi ch\u00fang t\u00f4i qua shopping@3blindmen.vn v\u00e0 [&hellip;]<\/p>\n","protected":false},"author":3,"featured_media":0,"parent":0,"menu_order":0,"comment_status":"closed","ping_status":"closed","template":"elementor_header_footer","meta":{"_acf_changed":false,"footnotes":""},"class_list":["post-12631","page","type-page","status-publish","hentry"],"acf":[],"yoast_head":"<!-- This site is optimized with the Yoast SEO plugin v27.5 - https:\/\/yoast.com\/product\/yoast-seo-wordpress\/ -->\n<title>Ch\u00ednh s\u00e1ch \u0111\u1ed5i tr\u1ea3 - The Bottle Shop<\/title>\n<meta name=\"robots\" content=\"index, follow, max-snippet:-1, max-image-preview:large, max-video-preview:-1\" \/>\n<link rel=\"canonical\" href=\"http:\/\/52.77.24.187\/vi\/chinh-sach-doi-tra\/\" \/>\n<meta property=\"og:locale\" content=\"vi_VN\" \/>\n<meta property=\"og:type\" content=\"article\" \/>\n<meta property=\"og:title\" content=\"Ch\u00ednh s\u00e1ch \u0111\u1ed5i tr\u1ea3 - The Bottle Shop\" \/>\n<meta property=\"og:description\" content=\"CH\u00cdNH S\u00c1CH \u0110\u1ed4I TR\u1ea2 C\u1ea3m \u01a1n b\u1ea1n \u0111\u00e3 mua s\u1eafm t\u1ea1i The Bottle Shop\u2122. Ch\u00fang t\u00f4i hy v\u1ecdng b\u1ea1n y\u00eau th\u00edch c\u00e1c lo\u1ea1i bia c\u1ee7a ch\u00fang t\u00f4i v\u00e0 nh\u1eefng th\u1ee9 t\u1ed1t kh\u00e1c nh\u01b0ngn\u1ebfu b\u1ea1n kh\u00f4ng ho\u00e0n to\u00e0n h\u00e0i l\u00f2ng v\u1edbi s\u1ea3n ph\u1ea9m mua c\u1ee7a m\u00ecnh, vui l\u00f2ng li\u00ean h\u1ec7 v\u1edbi ch\u00fang t\u00f4i qua shopping@3blindmen.vn v\u00e0 [&hellip;]\" \/>\n<meta property=\"og:url\" content=\"http:\/\/52.77.24.187\/vi\/chinh-sach-doi-tra\/\" \/>\n<meta property=\"og:site_name\" content=\"The Bottle Shop\" \/>\n<meta property=\"article:publisher\" content=\"https:\/\/www.facebook.com\/thebottleshopvietnam\" \/>\n<meta property=\"article:modified_time\" content=\"2022-03-05T09:24:55+00:00\" \/>\n<meta name=\"twitter:card\" content=\"summary_large_image\" \/>\n<meta name=\"twitter:label1\" content=\"Est. reading time\" \/>\n\t<meta name=\"twitter:data1\" content=\"5 minutes\" \/>\n<script type=\"application\/ld+json\" class=\"yoast-schema-graph\">{\"@context\":\"https:\\\/\\\/schema.org\",\"@graph\":[{\"@type\":\"WebPage\",\"@id\":\"http:\\\/\\\/52.77.24.187\\\/vi\\\/chinh-sach-doi-tra\\\/\",\"url\":\"http:\\\/\\\/52.77.24.187\\\/vi\\\/chinh-sach-doi-tra\\\/\",\"name\":\"Ch\u00ednh s\u00e1ch \u0111\u1ed5i tr\u1ea3 - The Bottle Shop\",\"isPartOf\":{\"@id\":\"http:\\\/\\\/52.77.24.187\\\/#website\"},\"datePublished\":\"2022-02-15T16:02:42+00:00\",\"dateModified\":\"2022-03-05T09:24:55+00:00\",\"breadcrumb\":{\"@id\":\"http:\\\/\\\/52.77.24.187\\\/vi\\\/chinh-sach-doi-tra\\\/#breadcrumb\"},\"inLanguage\":\"vi-VN\",\"potentialAction\":[{\"@type\":\"ReadAction\",\"target\":[\"http:\\\/\\\/52.77.24.187\\\/vi\\\/chinh-sach-doi-tra\\\/\"]}]},{\"@type\":\"BreadcrumbList\",\"@id\":\"http:\\\/\\\/52.77.24.187\\\/vi\\\/chinh-sach-doi-tra\\\/#breadcrumb\",\"itemListElement\":[{\"@type\":\"ListItem\",\"position\":1,\"name\":\"Home\",\"item\":\"http:\\\/\\\/52.77.24.187\\\/vi\\\/test-popup-vi\\\/\"},{\"@type\":\"ListItem\",\"position\":2,\"name\":\"Ch\u00ednh s\u00e1ch \u0111\u1ed5i tr\u1ea3\"}]},{\"@type\":\"WebSite\",\"@id\":\"http:\\\/\\\/52.77.24.187\\\/#website\",\"url\":\"http:\\\/\\\/52.77.24.187\\\/\",\"name\":\"The Bottle Shop\",\"description\":\"All beers are not created equal\",\"publisher\":{\"@id\":\"http:\\\/\\\/52.77.24.187\\\/#organization\"},\"potentialAction\":[{\"@type\":\"SearchAction\",\"target\":{\"@type\":\"EntryPoint\",\"urlTemplate\":\"http:\\\/\\\/52.77.24.187\\\/?s={search_term_string}\"},\"query-input\":{\"@type\":\"PropertyValueSpecification\",\"valueRequired\":true,\"valueName\":\"search_term_string\"}}],\"inLanguage\":\"vi-VN\"},{\"@type\":\"Organization\",\"@id\":\"http:\\\/\\\/52.77.24.187\\\/#organization\",\"name\":\"The Bottle Shop\",\"url\":\"http:\\\/\\\/52.77.24.187\\\/\",\"logo\":{\"@type\":\"ImageObject\",\"inLanguage\":\"vi-VN\",\"@id\":\"http:\\\/\\\/52.77.24.187\\\/#\\\/schema\\\/logo\\\/image\\\/\",\"url\":\"https:\\/\\/thebottleshop.vn\\/wp-content\\/uploads\\/2022\\/10\\/The-Bottle-Shop-Online-Logo.png\",\"contentUrl\":\"https:\\/\\/thebottleshop.vn\\/wp-content\\/uploads\\/2022\\/10\\/The-Bottle-Shop-Online-Logo.png\",\"width\":145,\"height\":147,\"caption\":\"The Bottle Shop\"},\"image\":{\"@id\":\"http:\\\/\\\/52.77.24.187\\\/#\\\/schema\\\/logo\\\/image\\\/\"},\"sameAs\":[\"https:\\\/\\\/www.facebook.com\\\/thebottleshopvietnam\",\"https:\\\/\\\/www.instagram.com\\\/thebottleshop_vietnam\\\/\"]}]}<\/script>\n<!-- \/ Yoast SEO plugin. -->","yoast_head_json":{"title":"Ch\u00ednh s\u00e1ch \u0111\u1ed5i tr\u1ea3 - The Bottle Shop","robots":{"index":"index","follow":"follow","max-snippet":"max-snippet:-1","max-image-preview":"max-image-preview:large","max-video-preview":"max-video-preview:-1"},"canonical":"http:\/\/52.77.24.187\/vi\/chinh-sach-doi-tra\/","og_locale":"vi_VN","og_type":"article","og_title":"Ch\u00ednh s\u00e1ch \u0111\u1ed5i tr\u1ea3 - The Bottle Shop","og_description":"CH\u00cdNH S\u00c1CH \u0110\u1ed4I TR\u1ea2 C\u1ea3m \u01a1n b\u1ea1n \u0111\u00e3 mua s\u1eafm t\u1ea1i The Bottle Shop\u2122. Ch\u00fang t\u00f4i hy v\u1ecdng b\u1ea1n y\u00eau th\u00edch c\u00e1c lo\u1ea1i bia c\u1ee7a ch\u00fang t\u00f4i v\u00e0 nh\u1eefng th\u1ee9 t\u1ed1t kh\u00e1c nh\u01b0ngn\u1ebfu b\u1ea1n kh\u00f4ng ho\u00e0n to\u00e0n h\u00e0i l\u00f2ng v\u1edbi s\u1ea3n ph\u1ea9m mua c\u1ee7a m\u00ecnh, vui l\u00f2ng li\u00ean h\u1ec7 v\u1edbi ch\u00fang t\u00f4i qua shopping@3blindmen.vn v\u00e0 [&hellip;]","og_url":"http:\/\/52.77.24.187\/vi\/chinh-sach-doi-tra\/","og_site_name":"The Bottle Shop","article_publisher":"https:\/\/www.facebook.com\/thebottleshopvietnam","article_modified_time":"2022-03-05T09:24:55+00:00","twitter_card":"summary_large_image","twitter_misc":{"Est. reading time":"5 minutes"},"schema":{"@context":"https:\/\/schema.org","@graph":[{"@type":"WebPage","@id":"http:\/\/52.77.24.187\/vi\/chinh-sach-doi-tra\/","url":"http:\/\/52.77.24.187\/vi\/chinh-sach-doi-tra\/","name":"Ch\u00ednh s\u00e1ch \u0111\u1ed5i tr\u1ea3 - The Bottle Shop","isPartOf":{"@id":"http:\/\/52.77.24.187\/#website"},"datePublished":"2022-02-15T16:02:42+00:00","dateModified":"2022-03-05T09:24:55+00:00","breadcrumb":{"@id":"http:\/\/52.77.24.187\/vi\/chinh-sach-doi-tra\/#breadcrumb"},"inLanguage":"vi-VN","potentialAction":[{"@type":"ReadAction","target":["http:\/\/52.77.24.187\/vi\/chinh-sach-doi-tra\/"]}]},{"@type":"BreadcrumbList","@id":"http:\/\/52.77.24.187\/vi\/chinh-sach-doi-tra\/#breadcrumb","itemListElement":[{"@type":"ListItem","position":1,"name":"Home","item":"http:\/\/52.77.24.187\/vi\/test-popup-vi\/"},{"@type":"ListItem","position":2,"name":"Ch\u00ednh s\u00e1ch \u0111\u1ed5i tr\u1ea3"}]},{"@type":"WebSite","@id":"http:\/\/52.77.24.187\/#website","url":"http:\/\/52.77.24.187\/","name":"The Bottle Shop","description":"All beers are not created equal","publisher":{"@id":"http:\/\/52.77.24.187\/#organization"},"potentialAction":[{"@type":"SearchAction","target":{"@type":"EntryPoint","urlTemplate":"http:\/\/52.77.24.187\/?s={search_term_string}"},"query-input":{"@type":"PropertyValueSpecification","valueRequired":true,"valueName":"search_term_string"}}],"inLanguage":"vi-VN"},{"@type":"Organization","@id":"http:\/\/52.77.24.187\/#organization","name":"The Bottle Shop","url":"http:\/\/52.77.24.187\/","logo":{"@type":"ImageObject","inLanguage":"vi-VN","@id":"http:\/\/52.77.24.187\/#\/schema\/logo\/image\/","url":"https:\/\/mlsrfcxkkbzg.i.optimole.com\/cb:JbP2.215d7\/w:auto\/h:auto\/q:mauto\/ig:avif\/https:\/\/thebottleshop.vn\/wp-content\/uploads\/2022\/10\/The-Bottle-Shop-Online-Logo.png","contentUrl":"https:\/\/mlsrfcxkkbzg.i.optimole.com\/cb:JbP2.215d7\/w:auto\/h:auto\/q:mauto\/ig:avif\/https:\/\/thebottleshop.vn\/wp-content\/uploads\/2022\/10\/The-Bottle-Shop-Online-Logo.png","width":145,"height":147,"caption":"The Bottle Shop"},"image":{"@id":"http:\/\/52.77.24.187\/#\/schema\/logo\/image\/"},"sameAs":["https:\/\/www.facebook.com\/thebottleshopvietnam","https:\/\/www.instagram.com\/thebottleshop_vietnam\/"]}]}},"_links":{"self":[{"href":"https:\/\/thebottleshop.vn\/vi\/wp-json\/wp\/v2\/pages\/12631","targetHints":{"allow":["GET"]}}],"collection":[{"href":"https:\/\/thebottleshop.vn\/vi\/wp-json\/wp\/v2\/pages"}],"about":[{"href":"https:\/\/thebottleshop.vn\/vi\/wp-json\/wp\/v2\/types\/page"}],"author":[{"embeddable":true,"href":"https:\/\/thebottleshop.vn\/vi\/wp-json\/wp\/v2\/users\/3"}],"replies":[{"embeddable":true,"href":"https:\/\/thebottleshop.vn\/vi\/wp-json\/wp\/v2\/comments?post=12631"}],"version-history":[{"count":4,"href":"https:\/\/thebottleshop.vn\/vi\/wp-json\/wp\/v2\/pages\/12631\/revisions"}],"predecessor-version":[{"id":14500,"href":"https:\/\/thebottleshop.vn\/vi\/wp-json\/wp\/v2\/pages\/12631\/revisions\/14500"}],"wp:attachment":[{"href":"https:\/\/thebottleshop.vn\/vi\/wp-json\/wp\/v2\/media?parent=12631"}],"curies":[{"name":"wp","href":"https:\/\/api.w.org\/{rel}","templated":true}]}}