{"id":12797,"date":"2022-02-16T21:46:43","date_gmt":"2022-02-16T14:46:43","guid":{"rendered":"https:\/\/thebottleshop.vn\/craft-talk\/"},"modified":"2022-02-16T21:46:44","modified_gmt":"2022-02-16T14:46:44","slug":"craft-talk","status":"publish","type":"page","link":"https:\/\/thebottleshop.vn\/vi\/craft-talk\/","title":{"rendered":"Craft Talk"},"content":{"rendered":"\t\t<div data-elementor-type=\"wp-page\" data-elementor-id=\"12797\" class=\"elementor elementor-12797 elementor-10619\" data-elementor-post-type=\"page\">\n\t\t\t\t\t\t<section class=\"elementor-section elementor-top-section elementor-element elementor-element-241f90f elementor-section-full_width elementor-section-height-default elementor-section-height-default\" data-id=\"241f90f\" data-element_type=\"section\" data-e-type=\"section\">\n\t\t\t\t\t\t<div class=\"elementor-container elementor-column-gap-default\">\n\t\t\t\t\t<div class=\"elementor-column elementor-col-100 elementor-top-column elementor-element elementor-element-c46bcbf\" data-id=\"c46bcbf\" data-element_type=\"column\" data-e-type=\"column\">\n\t\t\t<div class=\"elementor-widget-wrap elementor-element-populated\">\n\t\t\t\t\t\t<div class=\"elementor-element elementor-element-890b4ad elementor-grid-3 elementor-grid-tablet-2 elementor-grid-mobile-1 elementor-posts--thumbnail-top elementor-card-shadow-yes elementor-posts__hover-gradient elementor-widget elementor-widget-posts\" data-id=\"890b4ad\" data-element_type=\"widget\" data-e-type=\"widget\" data-settings=\"{&quot;cards_columns&quot;:&quot;3&quot;,&quot;cards_columns_tablet&quot;:&quot;2&quot;,&quot;cards_columns_mobile&quot;:&quot;1&quot;,&quot;cards_row_gap&quot;:{&quot;unit&quot;:&quot;px&quot;,&quot;size&quot;:35,&quot;sizes&quot;:[]},&quot;cards_row_gap_tablet&quot;:{&quot;unit&quot;:&quot;px&quot;,&quot;size&quot;:&quot;&quot;,&quot;sizes&quot;:[]},&quot;cards_row_gap_mobile&quot;:{&quot;unit&quot;:&quot;px&quot;,&quot;size&quot;:&quot;&quot;,&quot;sizes&quot;:[]}}\" data-widget_type=\"posts.cards\">\n\t\t\t\t<div class=\"elementor-widget-container\">\n\t\t\t\t\t\t\t<div class=\"elementor-posts-container elementor-posts elementor-posts--skin-cards elementor-grid\" role=\"list\">\n\t\t\t\t<article class=\"elementor-post elementor-grid-item post-12648 post type-post status-publish format-standard has-post-thumbnail hentry category-uncategorized-vi\" role=\"listitem\">\n\t\t\t<div class=\"elementor-post__card\">\n\t\t\t\t<a class=\"elementor-post__thumbnail__link\" href=\"https:\/\/thebottleshop.vn\/vi\/nam-2021-happy-new-bia\/\" tabindex=\"-1\" ><div class=\"elementor-post__thumbnail\"><img data-opt-id=672294808  fetchpriority=\"high\" decoding=\"async\" width=\"687\" height=\"381\" src=\"https:\/\/mlsrfcxkkbzg.i.optimole.com\/cb:JbP2.215d7\/w:auto\/h:auto\/q:mauto\/ig:avif\/https:\/\/thebottleshop.vn\/wp-content\/uploads\/2021\/12\/sb.jpg\" class=\"attachment-full size-full wp-image-10723\" alt=\"\" srcset=\"https:\/\/mlsrfcxkkbzg.i.optimole.com\/cb:JbP2.215d7\/w:687\/h:381\/q:mauto\/ig:avif\/https:\/\/thebottleshop.vn\/wp-content\/uploads\/2021\/12\/sb.jpg 687w, https:\/\/mlsrfcxkkbzg.i.optimole.com\/cb:JbP2.215d7\/w:150\/h:83\/q:mauto\/ig:avif\/https:\/\/thebottleshop.vn\/wp-content\/uploads\/2021\/12\/sb.jpg 150w, https:\/\/mlsrfcxkkbzg.i.optimole.com\/cb:JbP2.215d7\/w:600\/h:333\/q:mauto\/ig:avif\/https:\/\/thebottleshop.vn\/wp-content\/uploads\/2021\/12\/sb.jpg 600w, https:\/\/mlsrfcxkkbzg.i.optimole.com\/cb:JbP2.215d7\/w:300\/h:166\/q:mauto\/ig:avif\/https:\/\/thebottleshop.vn\/wp-content\/uploads\/2021\/12\/sb.jpg 300w, https:\/\/mlsrfcxkkbzg.i.optimole.com\/cb:JbP2.215d7\/w:96\/h:53\/q:mauto\/ig:avif\/dpr:2\/https:\/\/thebottleshop.vn\/wp-content\/uploads\/2021\/12\/sb.jpg 96w, https:\/\/mlsrfcxkkbzg.i.optimole.com\/cb:JbP2.215d7\/w:42\/h:23\/q:mauto\/ig:avif\/dpr:2\/https:\/\/thebottleshop.vn\/wp-content\/uploads\/2021\/12\/sb.jpg 42w, https:\/\/mlsrfcxkkbzg.i.optimole.com\/cb:JbP2.215d7\/w:60\/h:33\/q:mauto\/ig:avif\/dpr:2\/https:\/\/thebottleshop.vn\/wp-content\/uploads\/2021\/12\/sb.jpg 60w, https:\/\/mlsrfcxkkbzg.i.optimole.com\/cb:JbP2.215d7\/w:441\/h:245\/q:mauto\/ig:avif\/https:\/\/thebottleshop.vn\/wp-content\/uploads\/2021\/12\/sb.jpg 441w\" sizes=\"(max-width: 360px) 147px, (max-width: 687px) 100vw, 687px\" \/><\/div><\/a>\n\t\t\t\t<div class=\"elementor-post__text\">\n\t\t\t\t<h3 class=\"elementor-post__title\">\n\t\t\t<a href=\"https:\/\/thebottleshop.vn\/vi\/nam-2021-happy-new-bia\/\" >\n\t\t\t\tN\u0103m 2021: Happy New Bia\t\t\t<\/a>\n\t\t<\/h3>\n\t\t\t\t<div class=\"elementor-post__excerpt\">\n\t\t\t<p>\u201c \u0110a d\u1ea1ng l\u00e0 gia v\u1ecb c\u1ee7a cu\u1ed9c s\u1ed1ng, \u0110i\u1ec1u \u0111\u00f3 mang l\u1ea1i cho n\u00f3 t\u1ea5t c\u1ea3 h\u01b0\u01a1ng v\u1ecb c\u1ee7a n\u00f3. \u201d &#8211; William Cowper<\/p>\n\t\t<\/div>\n\t\t\n\t\t<a class=\"elementor-post__read-more\" href=\"https:\/\/thebottleshop.vn\/vi\/nam-2021-happy-new-bia\/\" aria-label=\"Read more about N\u0103m 2021: Happy New Bia\" tabindex=\"-1\" >\n\t\t\t\u0110\u1ecdc th\u00eam \u00bb\t\t<\/a>\n\n\t\t\t\t<\/div>\n\t\t\t\t<div class=\"elementor-post__meta-data\">\n\t\t\t\t\t<span class=\"elementor-post-date\">\n\t\t\t15\/02\/2022\t\t<\/span>\n\t\t\t\t<\/div>\n\t\t\t\t\t<\/div>\n\t\t<\/article>\n\t\t\t\t<article class=\"elementor-post elementor-grid-item post-12647 post type-post status-publish format-standard has-post-thumbnail hentry category-uncategorized-vi\" role=\"listitem\">\n\t\t\t<div class=\"elementor-post__card\">\n\t\t\t\t<a class=\"elementor-post__thumbnail__link\" href=\"https:\/\/thebottleshop.vn\/vi\/nhan-mau-do-cho-tet\/\" tabindex=\"-1\" ><div class=\"elementor-post__thumbnail\"><img data-opt-id=1415619744  fetchpriority=\"high\" decoding=\"async\" width=\"682\" height=\"384\" src=\"https:\/\/mlsrfcxkkbzg.i.optimole.com\/cb:JbP2.215d7\/w:auto\/h:auto\/q:mauto\/ig:avif\/https:\/\/thebottleshop.vn\/wp-content\/uploads\/2021\/12\/Red_Ale-1-1.jpg\" class=\"attachment-full size-full wp-image-10716\" alt=\"Red for T\u1ebft\" srcset=\"https:\/\/mlsrfcxkkbzg.i.optimole.com\/cb:JbP2.215d7\/w:682\/h:384\/q:mauto\/ig:avif\/https:\/\/thebottleshop.vn\/wp-content\/uploads\/2021\/12\/Red_Ale-1-1.jpg 682w, https:\/\/mlsrfcxkkbzg.i.optimole.com\/cb:JbP2.215d7\/w:150\/h:84\/q:mauto\/ig:avif\/https:\/\/thebottleshop.vn\/wp-content\/uploads\/2021\/12\/Red_Ale-1-1.jpg 150w, https:\/\/mlsrfcxkkbzg.i.optimole.com\/cb:JbP2.215d7\/w:600\/h:338\/q:mauto\/ig:avif\/https:\/\/thebottleshop.vn\/wp-content\/uploads\/2021\/12\/Red_Ale-1-1.jpg 600w, https:\/\/mlsrfcxkkbzg.i.optimole.com\/cb:JbP2.215d7\/w:300\/h:169\/q:mauto\/ig:avif\/https:\/\/thebottleshop.vn\/wp-content\/uploads\/2021\/12\/Red_Ale-1-1.jpg 300w, https:\/\/mlsrfcxkkbzg.i.optimole.com\/cb:JbP2.215d7\/w:96\/h:54\/q:mauto\/ig:avif\/dpr:2\/https:\/\/thebottleshop.vn\/wp-content\/uploads\/2021\/12\/Red_Ale-1-1.jpg 96w, https:\/\/mlsrfcxkkbzg.i.optimole.com\/cb:JbP2.215d7\/w:42\/h:24\/q:mauto\/ig:avif\/dpr:2\/https:\/\/thebottleshop.vn\/wp-content\/uploads\/2021\/12\/Red_Ale-1-1.jpg 42w, https:\/\/mlsrfcxkkbzg.i.optimole.com\/cb:JbP2.215d7\/w:60\/h:34\/q:mauto\/ig:avif\/dpr:2\/https:\/\/thebottleshop.vn\/wp-content\/uploads\/2021\/12\/Red_Ale-1-1.jpg 60w, https:\/\/mlsrfcxkkbzg.i.optimole.com\/cb:JbP2.215d7\/w:441\/h:248\/q:mauto\/ig:avif\/https:\/\/thebottleshop.vn\/wp-content\/uploads\/2021\/12\/Red_Ale-1-1.jpg 441w\" sizes=\"(max-width: 360px) 147px, (max-width: 682px) 100vw, 682px\" \/><\/div><\/a>\n\t\t\t\t<div class=\"elementor-post__text\">\n\t\t\t\t<h3 class=\"elementor-post__title\">\n\t\t\t<a href=\"https:\/\/thebottleshop.vn\/vi\/nhan-mau-do-cho-tet\/\" >\n\t\t\t\tNh\u1eadn m\u00e0u \u0111\u1ecf cho T\u1ebft\t\t\t<\/a>\n\t\t<\/h3>\n\t\t\t\t<div class=\"elementor-post__excerpt\">\n\t\t\t<p>Quay l\u1ea1i \u201cnh\u1eefng ng\u00e0y x\u01b0a \u0111\u1eb9p \u0111\u1ebd\u201d c\u1ee7a t\u00f4i v\u1ec1 m\u1ed9t l\u1ea7n gh\u00e9 th\u0103m qu\u00e1n r\u01b0\u1ee3u li\u00ean quan \u0111\u1ebfn vi\u1ec7c nh\u1eefng ng\u01b0\u1eddi ch\u01a1i r\u01b0\u1ee3u b\u00ecnh<\/p>\n\t\t<\/div>\n\t\t\n\t\t<a class=\"elementor-post__read-more\" href=\"https:\/\/thebottleshop.vn\/vi\/nhan-mau-do-cho-tet\/\" aria-label=\"Read more about Nh\u1eadn m\u00e0u \u0111\u1ecf cho T\u1ebft\" tabindex=\"-1\" >\n\t\t\t\u0110\u1ecdc th\u00eam \u00bb\t\t<\/a>\n\n\t\t\t\t<\/div>\n\t\t\t\t<div class=\"elementor-post__meta-data\">\n\t\t\t\t\t<span class=\"elementor-post-date\">\n\t\t\t15\/02\/2022\t\t<\/span>\n\t\t\t\t<\/div>\n\t\t\t\t\t<\/div>\n\t\t<\/article>\n\t\t\t\t<\/div>\n\t\t\n\t\t\t\t\t\t<\/div>\n\t\t\t\t<\/div>\n\t\t\t\t\t<\/div>\n\t\t<\/div>\n\t\t\t\t\t<\/div>\n\t\t<\/section>\n\t\t\t\t<\/div>\n\t\t","protected":false},"excerpt":{"rendered":"","protected":false},"author":3,"featured_media":0,"parent":0,"menu_order":0,"comment_status":"closed","ping_status":"closed","template":"elementor_header_footer","meta":{"_acf_changed":false,"footnotes":""},"class_list":["post-12797","page","type-page","status-publish","hentry"],"acf":[],"yoast_head":"<!-- This site is optimized with the Yoast SEO plugin v27.2 - https:\/\/yoast.com\/product\/yoast-seo-wordpress\/ -->\n<title>Craft Talk - The Bottle Shop<\/title>\n<meta name=\"robots\" content=\"index, follow, max-snippet:-1, max-image-preview:large, max-video-preview:-1\" \/>\n<link rel=\"canonical\" href=\"http:\/\/52.77.24.187\/vi\/craft-talk\/\" \/>\n<meta property=\"og:locale\" content=\"vi_VN\" \/>\n<meta property=\"og:type\" content=\"article\" \/>\n<meta property=\"og:title\" content=\"Craft Talk - The Bottle Shop\" \/>\n<meta property=\"og:url\" content=\"http:\/\/52.77.24.187\/vi\/craft-talk\/\" \/>\n<meta property=\"og:site_name\" content=\"The Bottle Shop\" \/>\n<meta property=\"article:publisher\" content=\"https:\/\/www.facebook.com\/thebottleshopvietnam\" \/>\n<meta property=\"article:modified_time\" content=\"2022-02-16T14:46:44+00:00\" \/>\n<meta name=\"twitter:card\" content=\"summary_large_image\" \/>\n<script type=\"application\/ld+json\" class=\"yoast-schema-graph\">{\"@context\":\"https:\/\/schema.org\",\"@graph\":[{\"@type\":\"WebPage\",\"@id\":\"http:\/\/52.77.24.187\/vi\/craft-talk\/\",\"url\":\"http:\/\/52.77.24.187\/vi\/craft-talk\/\",\"name\":\"Craft Talk - The Bottle Shop\",\"isPartOf\":{\"@id\":\"http:\/\/52.77.24.187\/#website\"},\"datePublished\":\"2022-02-16T14:46:43+00:00\",\"dateModified\":\"2022-02-16T14:46:44+00:00\",\"breadcrumb\":{\"@id\":\"http:\/\/52.77.24.187\/vi\/craft-talk\/#breadcrumb\"},\"inLanguage\":\"vi-VN\",\"potentialAction\":[{\"@type\":\"ReadAction\",\"target\":[\"http:\/\/52.77.24.187\/vi\/craft-talk\/\"]}]},{\"@type\":\"BreadcrumbList\",\"@id\":\"http:\/\/52.77.24.187\/vi\/craft-talk\/#breadcrumb\",\"itemListElement\":[{\"@type\":\"ListItem\",\"position\":1,\"name\":\"Home\",\"item\":\"http:\/\/52.77.24.187\/vi\/test-popup-vi\/\"},{\"@type\":\"ListItem\",\"position\":2,\"name\":\"Craft Talk\"}]},{\"@type\":\"WebSite\",\"@id\":\"http:\/\/52.77.24.187\/#website\",\"url\":\"http:\/\/52.77.24.187\/\",\"name\":\"The Bottle Shop\",\"description\":\"All beers are not created equal\",\"publisher\":{\"@id\":\"http:\/\/52.77.24.187\/#organization\"},\"potentialAction\":[{\"@type\":\"SearchAction\",\"target\":{\"@type\":\"EntryPoint\",\"urlTemplate\":\"http:\/\/52.77.24.187\/?s={search_term_string}\"},\"query-input\":{\"@type\":\"PropertyValueSpecification\",\"valueRequired\":true,\"valueName\":\"search_term_string\"}}],\"inLanguage\":\"vi-VN\"},{\"@type\":\"Organization\",\"@id\":\"http:\/\/52.77.24.187\/#organization\",\"name\":\"The Bottle Shop\",\"url\":\"http:\/\/52.77.24.187\/\",\"logo\":{\"@type\":\"ImageObject\",\"inLanguage\":\"vi-VN\",\"@id\":\"http:\/\/52.77.24.187\/#\/schema\/logo\/image\/\",\"url\":\"https:\/\/mlsrfcxkkbzg.i.optimole.com\/cb:JbP2.215d7\/w:auto\/h:auto\/q:mauto\/ig:avif\/https:\/\/thebottleshop.vn\/wp-content\/uploads\/2022\/10\/The-Bottle-Shop-Online-Logo.png\",\"contentUrl\":\"https:\/\/mlsrfcxkkbzg.i.optimole.com\/cb:JbP2.215d7\/w:auto\/h:auto\/q:mauto\/ig:avif\/https:\/\/thebottleshop.vn\/wp-content\/uploads\/2022\/10\/The-Bottle-Shop-Online-Logo.png\",\"width\":145,\"height\":147,\"caption\":\"The Bottle Shop\"},\"image\":{\"@id\":\"http:\/\/52.77.24.187\/#\/schema\/logo\/image\/\"},\"sameAs\":[\"https:\/\/www.facebook.com\/thebottleshopvietnam\",\"https:\/\/www.instagram.com\/thebottleshop_vietnam\/\"]}]}<\/script>\n<!-- \/ Yoast SEO plugin. -->","yoast_head_json":{"title":"Craft Talk - The Bottle Shop","robots":{"index":"index","follow":"follow","max-snippet":"max-snippet:-1","max-image-preview":"max-image-preview:large","max-video-preview":"max-video-preview:-1"},"canonical":"http:\/\/52.77.24.187\/vi\/craft-talk\/","og_locale":"vi_VN","og_type":"article","og_title":"Craft Talk - The Bottle Shop","og_url":"http:\/\/52.77.24.187\/vi\/craft-talk\/","og_site_name":"The Bottle Shop","article_publisher":"https:\/\/www.facebook.com\/thebottleshopvietnam","article_modified_time":"2022-02-16T14:46:44+00:00","twitter_card":"summary_large_image","schema":{"@context":"https:\/\/schema.org","@graph":[{"@type":"WebPage","@id":"http:\/\/52.77.24.187\/vi\/craft-talk\/","url":"http:\/\/52.77.24.187\/vi\/craft-talk\/","name":"Craft Talk - The Bottle Shop","isPartOf":{"@id":"http:\/\/52.77.24.187\/#website"},"datePublished":"2022-02-16T14:46:43+00:00","dateModified":"2022-02-16T14:46:44+00:00","breadcrumb":{"@id":"http:\/\/52.77.24.187\/vi\/craft-talk\/#breadcrumb"},"inLanguage":"vi-VN","potentialAction":[{"@type":"ReadAction","target":["http:\/\/52.77.24.187\/vi\/craft-talk\/"]}]},{"@type":"BreadcrumbList","@id":"http:\/\/52.77.24.187\/vi\/craft-talk\/#breadcrumb","itemListElement":[{"@type":"ListItem","position":1,"name":"Home","item":"http:\/\/52.77.24.187\/vi\/test-popup-vi\/"},{"@type":"ListItem","position":2,"name":"Craft Talk"}]},{"@type":"WebSite","@id":"http:\/\/52.77.24.187\/#website","url":"http:\/\/52.77.24.187\/","name":"The Bottle Shop","description":"All beers are not created equal","publisher":{"@id":"http:\/\/52.77.24.187\/#organization"},"potentialAction":[{"@type":"SearchAction","target":{"@type":"EntryPoint","urlTemplate":"http:\/\/52.77.24.187\/?s={search_term_string}"},"query-input":{"@type":"PropertyValueSpecification","valueRequired":true,"valueName":"search_term_string"}}],"inLanguage":"vi-VN"},{"@type":"Organization","@id":"http:\/\/52.77.24.187\/#organization","name":"The Bottle Shop","url":"http:\/\/52.77.24.187\/","logo":{"@type":"ImageObject","inLanguage":"vi-VN","@id":"http:\/\/52.77.24.187\/#\/schema\/logo\/image\/","url":"https:\/\/mlsrfcxkkbzg.i.optimole.com\/cb:JbP2.215d7\/w:auto\/h:auto\/q:mauto\/ig:avif\/https:\/\/thebottleshop.vn\/wp-content\/uploads\/2022\/10\/The-Bottle-Shop-Online-Logo.png","contentUrl":"https:\/\/mlsrfcxkkbzg.i.optimole.com\/cb:JbP2.215d7\/w:auto\/h:auto\/q:mauto\/ig:avif\/https:\/\/thebottleshop.vn\/wp-content\/uploads\/2022\/10\/The-Bottle-Shop-Online-Logo.png","width":145,"height":147,"caption":"The Bottle Shop"},"image":{"@id":"http:\/\/52.77.24.187\/#\/schema\/logo\/image\/"},"sameAs":["https:\/\/www.facebook.com\/thebottleshopvietnam","https:\/\/www.instagram.com\/thebottleshop_vietnam\/"]}]}},"_links":{"self":[{"href":"https:\/\/thebottleshop.vn\/vi\/wp-json\/wp\/v2\/pages\/12797","targetHints":{"allow":["GET"]}}],"collection":[{"href":"https:\/\/thebottleshop.vn\/vi\/wp-json\/wp\/v2\/pages"}],"about":[{"href":"https:\/\/thebottleshop.vn\/vi\/wp-json\/wp\/v2\/types\/page"}],"author":[{"embeddable":true,"href":"https:\/\/thebottleshop.vn\/vi\/wp-json\/wp\/v2\/users\/3"}],"replies":[{"embeddable":true,"href":"https:\/\/thebottleshop.vn\/vi\/wp-json\/wp\/v2\/comments?post=12797"}],"version-history":[{"count":1,"href":"https:\/\/thebottleshop.vn\/vi\/wp-json\/wp\/v2\/pages\/12797\/revisions"}],"predecessor-version":[{"id":12798,"href":"https:\/\/thebottleshop.vn\/vi\/wp-json\/wp\/v2\/pages\/12797\/revisions\/12798"}],"wp:attachment":[{"href":"https:\/\/thebottleshop.vn\/vi\/wp-json\/wp\/v2\/media?parent=12797"}],"curies":[{"name":"wp","href":"https:\/\/api.w.org\/{rel}","templated":true}]}}