{"id":12799,"date":"2022-02-16T21:47:23","date_gmt":"2022-02-16T14:47:23","guid":{"rendered":"https:\/\/thebottleshop.vn\/cau-hoi-thuong-gap\/"},"modified":"2022-02-16T21:47:25","modified_gmt":"2022-02-16T14:47:25","slug":"cau-hoi-thuong-gap","status":"publish","type":"page","link":"https:\/\/thebottleshop.vn\/vi\/cau-hoi-thuong-gap\/","title":{"rendered":"C\u00e2u h\u1ecfi th\u01b0\u1eddng g\u1eb7p"},"content":{"rendered":"\t\t<div data-elementor-type=\"wp-page\" data-elementor-id=\"12799\" class=\"elementor elementor-12799 elementor-8311\" data-elementor-post-type=\"page\">\n\t\t\t\t\t\t<section class=\"elementor-section elementor-top-section elementor-element elementor-element-817cca2 elementor-section-full_width elementor-section-height-default elementor-section-height-default\" data-id=\"817cca2\" data-element_type=\"section\" data-e-type=\"section\">\n\t\t\t\t\t\t<div class=\"elementor-container elementor-column-gap-default\">\n\t\t\t\t\t<div class=\"elementor-column elementor-col-100 elementor-top-column elementor-element elementor-element-72a36d5\" data-id=\"72a36d5\" data-element_type=\"column\" data-e-type=\"column\">\n\t\t\t<div class=\"elementor-widget-wrap elementor-element-populated\">\n\t\t\t\t\t\t<div class=\"elementor-element elementor-element-d0e46c4 elementor-widget elementor-widget-shortcode\" data-id=\"d0e46c4\" data-element_type=\"widget\" data-e-type=\"widget\" data-widget_type=\"shortcode.default\">\n\t\t\t\t<div class=\"elementor-widget-container\">\n\t\t\t\t\t    <div class=\"main-content\">\n        <div class=\"form-search\">\n            <div class=\"search-icon\"><i class=\"fas fa-search\"><\/i><\/div>\n            <div role=\"search\" method=\"get\">\n                <input type=\"search\" placeholder=\"Search FAQ...\" id=\"search-faq\">\n            <\/div>\n        <\/div>\n        <div class=\"category-content\">\n            <div class=\"category\">\n           <h2>Giao h\u00e0ng<\/h2><ul class=\"list-cat\"><li class=\"faq-single-item\"><div class=\"open-content\"><a class=\"cat-content\" href=\"#\"><i class=\"far fa-file-alt\"><\/i>Ph\u00ed v\u1eadn chuy\u1ec3n \u0111\u01b0\u1ee3c t\u00ednh nh\u01b0 th\u1ebf n\u00e0o?<\/a><i class=\"fa fa-chevron-down\"><\/i><i class=\"fa fa-chevron-up\" style=\"display: none\"><\/i><\/div><div class=\"faq-content\" style=\"display: none\">\u0110\u1ec3 bi\u1ebft \u0111\u1ea7y \u0111\u1ee7 chi ti\u1ebft v\u1ec1 ph\u00ed v\u1eadn chuy\u1ec3n c\u1ee7a ch\u00fang t\u00f4i, vui l\u00f2ng tham kh\u1ea3o <a href=\"https:\/\/thebottleshop.vn\/vi\/thanh-toan-van-chuyen\/\" target=\"_blank\" rel=\"noopener\">Ch\u00ednh s\u00e1ch v\u1eadn chuy\u1ec3n<\/a> chi ti\u1ebft c\u1ee7a ch\u00fang t\u00f4i.<\/div><\/li><li class=\"faq-single-item\"><div class=\"open-content\"><a class=\"cat-content\" href=\"#\"><i class=\"far fa-file-alt\"><\/i>D\u1ecbch v\u1ee5 giao h\u00e0ng c\u00f3 s\u1eb5n v\u00e0o th\u1eddi gian n\u00e0o?<\/a><i class=\"fa fa-chevron-down\"><\/i><i class=\"fa fa-chevron-up\" style=\"display: none\"><\/i><\/div><div class=\"faq-content\" style=\"display: none\">D\u1ecbch v\u1ee5 giao h\u00e0ng c\u00f3 s\u1eb5n h\u00e0ng ng\u00e0y t\u1eeb gi\u1eefa tr\u01b0a \u0111\u1ebfn 9 gi\u1edd t\u1ed1i. \u0110\u01a1n h\u00e0ng g\u1eedi v\u00e0o ngo\u00e0i gi\u1edd l\u00e0m vi\u1ec7c s\u1ebd \u0111\u01b0\u1ee3c x\u1eed l\u00fd v\u00e0o h\u00f4m sau.<\/div><\/li><li class=\"faq-single-item\"><div class=\"open-content\"><a class=\"cat-content\" href=\"#\"><i class=\"far fa-file-alt\"><\/i>V\u1eadn chuy\u1ec3n c\u00f3 mi\u1ec5n ph\u00ed kh\u00f4ng?<\/a><i class=\"fa fa-chevron-down\"><\/i><i class=\"fa fa-chevron-up\" style=\"display: none\"><\/i><\/div><div class=\"faq-content\" style=\"display: none\">Ch\u00fang t\u00f4i cung c\u1ea5p giao h\u00e0ng MI\u1ec4N PH\u00cd:\n(a) cho t\u1ea5t c\u1ea3 c\u00e1c \u0111\u01a1n h\u00e0ng trong v\u00f2ng 3 km* t\u00ednh t\u1eeb c\u00e1c c\u1eeda h\u00e0ng c\u1ee7a ch\u00fang t\u00f4i (\u0111\u01a1n h\u00e0ng t\u1ed1i thi\u1ec3u 500,000 VN\u0110); v\u00e0\n(b) cho t\u1ea5t c\u1ea3 c\u00e1c \u0111\u01a1n \u0111\u1eb7t h\u00e0ng tr\u00ean 1,000,000 VN\u0110 (t\u1ed1i \u0111a l\u00e0 8 km* t\u00ednh t\u1eeb c\u1eeda h\u00e0ng c\u1ee7a ch\u00fang t\u00f4i)\n\u0110\u1ed1i v\u1edbi t\u1ea5t c\u1ea3 c\u00e1c \u0111\u01a1n \u0111\u1eb7t h\u00e0ng kh\u00e1c, m\u1ee9c ph\u00ed v\u1eadn chuy\u1ec3n ti\u00eau chu\u1ea9n s\u1ebd \u0111\u01b0\u1ee3c \u00e1p d\u1ee5ng v\u00e0 s\u1ebd \u0111\u01b0\u1ee3c t\u1ef1 \u0111\u1ed9ng t\u00ednh khi thanh to\u00e1n.\n<em>*kho\u1ea3ng c\u00e1ch \u0111\u01b0\u1ee3c t\u00ednh theo Google Maps<\/em><\/div><\/li><li class=\"faq-single-item\"><div class=\"open-content\"><a class=\"cat-content\" href=\"#\"><i class=\"far fa-file-alt\"><\/i>B\u1ea1n c\u00f3 v\u1eadn chuy\u1ec3n qu\u1ed1c t\u1ebf kh\u00f4ng?<\/a><i class=\"fa fa-chevron-down\"><\/i><i class=\"fa fa-chevron-up\" style=\"display: none\"><\/i><\/div><div class=\"faq-content\" style=\"display: none\">T\u1ea5t c\u1ea3 c\u00e1c m\u1eb7t h\u00e0ng <strong>Qu\u00e0 t\u1eb7ng &amp; L\u01b0u Ni\u1ec7m<\/strong>\u0111\u1ec1u c\u00f3 s\u1eb5n \u0111\u1ec3 v\u1eadn chuy\u1ec3n tr\u00ean to\u00e0n th\u1ebf gi\u1edbi v\u00e0 th\u01b0\u1eddng \u0111\u01b0\u1ee3c ho\u00e0n th\u00e0nh trong v\u00f2ng 2-3 tu\u1ea7n nh\u01b0ng c\u00f3 th\u1ec3 l\u00e2u h\u01a1n do th\u1ee7 t\u1ee5c h\u1ea3i quan ho\u1eb7c c\u00e1c y\u1ebfu t\u1ed1 kh\u00e1c ngo\u00e0i t\u1ea7m ki\u1ec3m so\u00e1t c\u1ee7a ch\u00fang t\u00f4i. Li\u00ean h\u1ec7 v\u1edbi ch\u00fang t\u00f4i t\u1ea1i <strong><a href=\"mailto:shopping@3blindmen.vn\">shopping@3blindmen.vn<\/a><\/strong> \u0111\u1ec3 \u0111\u01b0\u1ee3c b\u00e1o gi\u00e1. Sau khi \u0111\u01a1n h\u00e0ng c\u1ee7a b\u1ea1n \u0111\u01b0\u1ee3c x\u00e1c nh\u1eadn, ch\u00fang t\u00f4i s\u1ebd g\u1eedi cho b\u1ea1n m\u1ed9t s\u1ed1 theo d\u00f5i \u0111\u1ec3 b\u1ea1n c\u00f3 th\u1ec3 theo d\u00f5i ti\u1ebfn \u0111\u1ed9 giao h\u00e0ng.\n\nG\u00f3i h\u00e0ng c\u1ee7a b\u1ea1n c\u00f3 th\u1ec3 ph\u1ea3i ch\u1ecbu thu\u1ebf nh\u1eadp kh\u1ea9u v\u00e0 c\u00e1c lo\u1ea1i thu\u1ebf ph\u00e1t sinh khi l\u00f4 h\u00e0ng \u0111\u1ebfn qu\u1ed1c gia \u0111\u00edch c\u1ee7a b\u1ea1n. The Bottle Shop\u2122 kh\u00f4ng ch\u1ecbu tr\u00e1ch nhi\u1ec7m cho b\u1ea5t k\u1ef3 kho\u1ea3n ph\u00ed n\u00e0o m\u00e0 ng\u01b0\u1eddi nh\u1eadn ph\u1ea3i thanh to\u00e1n.<\/div><\/li><div class=\"count-articles\">4 Articles<\/div><\/ul><\/div><div class=\"category\">\n           <h2>Thanh to\u00e1n<\/h2><ul class=\"list-cat\"><li class=\"faq-single-item\"><div class=\"open-content\"><a class=\"cat-content\" href=\"#\"><i class=\"far fa-file-alt\"><\/i>T\u00f4i c\u00f3 th\u1ec3 tr\u1ea3 b\u1eb1ng th\u1ebb t\u00edn d\u1ee5ng?<\/a><i class=\"fa fa-chevron-down\"><\/i><i class=\"fa fa-chevron-up\" style=\"display: none\"><\/i><\/div><div class=\"faq-content\" style=\"display: none\">Ch\u00fang t\u00f4i s\u1eed d\u1ee5ng c\u1ed5ng thanh to\u00e1n OnePAY v\u00e0 ch\u1ea5p nh\u1eadn c\u1ea3 th\u1ebb ng\u00e2n h\u00e0ng n\u1ed9i \u0111\u1ecba v\u00e0 th\u1ebb ng\u00e2n h\u00e0ng qu\u1ed1c t\u1ebf.<\/div><\/li><li class=\"faq-single-item\"><div class=\"open-content\"><a class=\"cat-content\" href=\"#\"><i class=\"far fa-file-alt\"><\/i>Gi\u00e1 c\u00f3 bao g\u1ed3m thu\u1ebf kh\u00f4ng?<\/a><i class=\"fa fa-chevron-down\"><\/i><i class=\"fa fa-chevron-up\" style=\"display: none\"><\/i><\/div><div class=\"faq-content\" style=\"display: none\">T\u1ea5t c\u1ea3 gi\u00e1 ni\u00eam y\u1ebft \u0111\u00e3 bao g\u1ed3m thu\u1ebf VAT. C\u00e1c kho\u1ea3n ph\u00ed b\u1ed5 sung duy nh\u1ea5t l\u00e0 ph\u00ed v\u1eadn chuy\u1ec3n, n\u1ebfu c\u00f3.<\/div><\/li><div class=\"count-articles\">2 Articles<\/div><\/ul><\/div><div class=\"category\">\n           <h2>S\u1ea3n ph\u1ea9m<\/h2><ul class=\"list-cat\"><li class=\"faq-single-item\"><div class=\"open-content\"><a class=\"cat-content\" href=\"#\"><i class=\"far fa-file-alt\"><\/i>Bia n\u00e0o ngon nh\u1ea5t?<\/a><i class=\"fa fa-chevron-down\"><\/i><i class=\"fa fa-chevron-up\" style=\"display: none\"><\/i><\/div><div class=\"faq-content\" style=\"display: none\">\u0110\u1ec3 t\u00ecm hi\u1ec3u th\u00eam v\u1ec1 c\u00e1c lo\u1ea1i s\u1ea3n ph\u1ea9m trong th\u1ebf gi\u1edbi bia th\u1ee7 c\u00f4ng v\u00e0 \u0111\u1ec3 xem c\u00e1c \u0111\u1ec1 xu\u1ea5t c\u1ee7a ch\u00fang t\u00f4i cho t\u1eebng th\u1ec3 lo\u1ea1i, vui l\u00f2ng xem <a href=\"https:\/\/thebottleshop.vn\/beer-types\/\" target=\"_blank\" rel=\"noopener\"><strong>C\u00e1c d\u00f2ng bia<\/strong><\/a>.<\/div><\/li><li class=\"faq-single-item\"><div class=\"open-content\"><a class=\"cat-content\" href=\"#\"><i class=\"far fa-file-alt\"><\/i>B\u1ea1n c\u00f3 giao bia t\u01b0\u01a1i kh\u00f4ng?<\/a><i class=\"fa fa-chevron-down\"><\/i><i class=\"fa fa-chevron-up\" style=\"display: none\"><\/i><\/div><div class=\"faq-content\" style=\"display: none\">C\u00f3, ch\u00fang t\u00f4i c\u00f3 giao. \u0110\u1ec3 mua bia th\u1ee7 c\u00f4ng t\u01b0\u01a1i, h\u00e3y li\u00ean h\u1ec7 v\u1edbi <a href=\"https:\/\/www.facebook.com\/standingbarhanoi\"><strong>Standing Bar<\/strong><\/a> qu\u00e1n bia th\u1ee7 c\u00f4ng \"free house\" l\u1edbn nh\u1ea5t H\u00e0 N\u1ed9i, ph\u1ee5c v\u1ee5 19 v\u00f2i bia v\u00e0 cider th\u1ee7 c\u00f4ng ngon nh\u1ea5t t\u1eeb \u200b\u200bkh\u1eafp c\u00e1c v\u00f9ng mi\u1ec1n c\u1ee7a Vi\u1ec7t Nam. Bia v\u00e0 cider th\u1ee7 c\u00f4ng \u0111\u01b0\u1ee3c \u0111\u00f3ng g\u00f3i Growler (b\u00ecnh inox) 2 l\u00edt, hai v\u00e1ch, n\u1eafp l\u1eadt ho\u1eb7c Rigger nh\u1ef1a 1 l\u00edt. Growler c\u00f3 gi\u00e1 VND750K v\u00e0 \u0111\u01b0\u1ee3c \u0111\u1ed5 \u0111\u1ea7y v\u1edbi b\u1ea5t k\u1ef3 lo\u1ea1i bia n\u00e0o b\u1ea1n ch\u1ecdn t\u1eeb l\u1ef1a ch\u1ecdn trong ng\u00e0y t\u00e1i qu\u00e1n, c\u0169ng \u0111\u01b0\u1ee3c \u01b0u \u0111\u00e3i gi\u1ea3m gi\u00e1 20% cho t\u1ea5t c\u1ea3 c\u00e1c l\u1ea7n n\u1ea1p l\u1ea1i trong t\u01b0\u01a1ng lai. Chai nh\u1ef1a Rigger mi\u1ec5n ph\u00ed, ch\u1ec9 c\u1ea7n tr\u1ea3 ti\u1ec1n bia, c\u0169ng \u0111\u01b0\u1ee3c gi\u1ea3m gi\u00e1 20% cho takeaway.<\/div><\/li><div class=\"count-articles\">2 Articles<\/div><\/ul><\/div><div class=\"category\">\n           <h2>Tr\u1ea3 h\u00e0ng<\/h2><ul class=\"list-cat\"><li class=\"faq-single-item\"><div class=\"open-content\"><a class=\"cat-content\" href=\"#\"><i class=\"far fa-file-alt\"><\/i>B\u1ea1n c\u00f3 cung c\u1ea5p tr\u1ea3 l\u1ea1i h\u00e0ng?<\/a><i class=\"fa fa-chevron-down\"><\/i><i class=\"fa fa-chevron-up\" style=\"display: none\"><\/i><\/div><div class=\"faq-content\" style=\"display: none\">C\u00f3, ch\u00fang t\u00f4i cung c\u1ea5p tr\u1ea3 l\u1ea1i h\u00e0ng theo Ch\u00ednh s\u00e1ch c\u1ee7a ch\u00fang t\u00f4i.<\/div><\/li><div class=\"count-articles\">1 Article<\/div><\/ul><\/div>\n        <\/div>\n    <\/div>\n    <style>\n\n        .category-content {\n            margin-top: 20px;\n        }\n        .category h2{\n            border-bottom: 1px solid;\n            font-family: \"iCielBC Pacifico\", Sans-serif;\n            font-weight: 500;\n        }\n        .category {\n            width: 45%;\n            position: relative;\n            margin-right: 20px;\n            display: inline-block;\n            vertical-align: top;\n        }\n        .category ul li{\n            margin-bottom: 15px;\n            color: black;\n        }\n\n        .list-cat{\n            list-style: none;\n            margin: 0!important;\n        }\n        .cat-content{\n            margin-left: 10px;\n            font-size: 18px;\n            color: #000;\n            font-family: var( --e-global-typography-text-font-family ), Sans-serif;\n            font-size: var( --e-global-typography-text-font-size );\n            font-weight: var( --e-global-typography-text-font-weight );\n            line-height: var( --e-global-typography-text-line-height );\n        }\n        .count-articles {\n            position: absolute;\n            top: 5px;\n            right: 0px;\n            background: #A6AFBE;\n            color: #fff;\n            padding: 2px 10px;\n            font-family: var( --e-global-typography-text-font-family ), Sans-serif;\n            font-size: var( --e-global-typography-text-font-size );\n            font-weight: var( --e-global-typography-text-font-weight );\n            line-height: var( --e-global-typography-text-line-height );\n        }\n\t\t@media screen and (max-width: 767px) {\n\t\t\t.category {\n           \t width: 100%;\n\t\t\t}\n\t\t}\n    <\/style>\n    \t\t<div class=\"elementor-shortcode\"><\/div>\n\t\t\t\t\t\t<\/div>\n\t\t\t\t<\/div>\n\t\t\t\t\t<\/div>\n\t\t<\/div>\n\t\t\t\t\t<\/div>\n\t\t<\/section>\n\t\t\t\t<\/div>\n\t\t","protected":false},"excerpt":{"rendered":"","protected":false},"author":1,"featured_media":0,"parent":0,"menu_order":0,"comment_status":"closed","ping_status":"closed","template":"elementor_header_footer","meta":{"_acf_changed":false,"footnotes":""},"class_list":["post-12799","page","type-page","status-publish","hentry"],"acf":[],"yoast_head":"<!-- This site is optimized with the Yoast SEO plugin v27.2 - https:\/\/yoast.com\/product\/yoast-seo-wordpress\/ -->\n<title>C\u00e2u h\u1ecfi th\u01b0\u1eddng g\u1eb7p - The Bottle Shop<\/title>\n<meta name=\"robots\" content=\"index, follow, max-snippet:-1, max-image-preview:large, max-video-preview:-1\" \/>\n<link rel=\"canonical\" href=\"http:\/\/52.77.24.187\/vi\/cau-hoi-thuong-gap\/\" \/>\n<meta property=\"og:locale\" content=\"vi_VN\" \/>\n<meta property=\"og:type\" content=\"article\" \/>\n<meta property=\"og:title\" content=\"C\u00e2u h\u1ecfi th\u01b0\u1eddng g\u1eb7p - The Bottle Shop\" \/>\n<meta property=\"og:url\" content=\"http:\/\/52.77.24.187\/vi\/cau-hoi-thuong-gap\/\" \/>\n<meta property=\"og:site_name\" content=\"The Bottle Shop\" \/>\n<meta property=\"article:publisher\" content=\"https:\/\/www.facebook.com\/thebottleshopvietnam\" \/>\n<meta property=\"article:modified_time\" content=\"2022-02-16T14:47:25+00:00\" \/>\n<meta name=\"twitter:card\" content=\"summary_large_image\" \/>\n<script type=\"application\/ld+json\" class=\"yoast-schema-graph\">{\"@context\":\"https:\/\/schema.org\",\"@graph\":[{\"@type\":\"WebPage\",\"@id\":\"http:\/\/52.77.24.187\/vi\/cau-hoi-thuong-gap\/\",\"url\":\"http:\/\/52.77.24.187\/vi\/cau-hoi-thuong-gap\/\",\"name\":\"C\u00e2u h\u1ecfi th\u01b0\u1eddng g\u1eb7p - The Bottle Shop\",\"isPartOf\":{\"@id\":\"http:\/\/52.77.24.187\/#website\"},\"datePublished\":\"2022-02-16T14:47:23+00:00\",\"dateModified\":\"2022-02-16T14:47:25+00:00\",\"breadcrumb\":{\"@id\":\"http:\/\/52.77.24.187\/vi\/cau-hoi-thuong-gap\/#breadcrumb\"},\"inLanguage\":\"vi-VN\",\"potentialAction\":[{\"@type\":\"ReadAction\",\"target\":[\"http:\/\/52.77.24.187\/vi\/cau-hoi-thuong-gap\/\"]}]},{\"@type\":\"BreadcrumbList\",\"@id\":\"http:\/\/52.77.24.187\/vi\/cau-hoi-thuong-gap\/#breadcrumb\",\"itemListElement\":[{\"@type\":\"ListItem\",\"position\":1,\"name\":\"Home\",\"item\":\"http:\/\/52.77.24.187\/vi\/test-popup-vi\/\"},{\"@type\":\"ListItem\",\"position\":2,\"name\":\"C\u00e2u h\u1ecfi th\u01b0\u1eddng g\u1eb7p\"}]},{\"@type\":\"WebSite\",\"@id\":\"http:\/\/52.77.24.187\/#website\",\"url\":\"http:\/\/52.77.24.187\/\",\"name\":\"The Bottle Shop\",\"description\":\"All beers are not created equal\",\"publisher\":{\"@id\":\"http:\/\/52.77.24.187\/#organization\"},\"potentialAction\":[{\"@type\":\"SearchAction\",\"target\":{\"@type\":\"EntryPoint\",\"urlTemplate\":\"http:\/\/52.77.24.187\/?s={search_term_string}\"},\"query-input\":{\"@type\":\"PropertyValueSpecification\",\"valueRequired\":true,\"valueName\":\"search_term_string\"}}],\"inLanguage\":\"vi-VN\"},{\"@type\":\"Organization\",\"@id\":\"http:\/\/52.77.24.187\/#organization\",\"name\":\"The Bottle Shop\",\"url\":\"http:\/\/52.77.24.187\/\",\"logo\":{\"@type\":\"ImageObject\",\"inLanguage\":\"vi-VN\",\"@id\":\"http:\/\/52.77.24.187\/#\/schema\/logo\/image\/\",\"url\":\"https:\/\/mlsrfcxkkbzg.i.optimole.com\/cb:JbP2.215d7\/w:auto\/h:auto\/q:mauto\/ig:avif\/https:\/\/thebottleshop.vn\/wp-content\/uploads\/2022\/10\/The-Bottle-Shop-Online-Logo.png\",\"contentUrl\":\"https:\/\/mlsrfcxkkbzg.i.optimole.com\/cb:JbP2.215d7\/w:auto\/h:auto\/q:mauto\/ig:avif\/https:\/\/thebottleshop.vn\/wp-content\/uploads\/2022\/10\/The-Bottle-Shop-Online-Logo.png\",\"width\":145,\"height\":147,\"caption\":\"The Bottle Shop\"},\"image\":{\"@id\":\"http:\/\/52.77.24.187\/#\/schema\/logo\/image\/\"},\"sameAs\":[\"https:\/\/www.facebook.com\/thebottleshopvietnam\",\"https:\/\/www.instagram.com\/thebottleshop_vietnam\/\"]}]}<\/script>\n<!-- \/ Yoast SEO plugin. -->","yoast_head_json":{"title":"C\u00e2u h\u1ecfi th\u01b0\u1eddng g\u1eb7p - The Bottle Shop","robots":{"index":"index","follow":"follow","max-snippet":"max-snippet:-1","max-image-preview":"max-image-preview:large","max-video-preview":"max-video-preview:-1"},"canonical":"http:\/\/52.77.24.187\/vi\/cau-hoi-thuong-gap\/","og_locale":"vi_VN","og_type":"article","og_title":"C\u00e2u h\u1ecfi th\u01b0\u1eddng g\u1eb7p - The Bottle Shop","og_url":"http:\/\/52.77.24.187\/vi\/cau-hoi-thuong-gap\/","og_site_name":"The Bottle Shop","article_publisher":"https:\/\/www.facebook.com\/thebottleshopvietnam","article_modified_time":"2022-02-16T14:47:25+00:00","twitter_card":"summary_large_image","schema":{"@context":"https:\/\/schema.org","@graph":[{"@type":"WebPage","@id":"http:\/\/52.77.24.187\/vi\/cau-hoi-thuong-gap\/","url":"http:\/\/52.77.24.187\/vi\/cau-hoi-thuong-gap\/","name":"C\u00e2u h\u1ecfi th\u01b0\u1eddng g\u1eb7p - The Bottle Shop","isPartOf":{"@id":"http:\/\/52.77.24.187\/#website"},"datePublished":"2022-02-16T14:47:23+00:00","dateModified":"2022-02-16T14:47:25+00:00","breadcrumb":{"@id":"http:\/\/52.77.24.187\/vi\/cau-hoi-thuong-gap\/#breadcrumb"},"inLanguage":"vi-VN","potentialAction":[{"@type":"ReadAction","target":["http:\/\/52.77.24.187\/vi\/cau-hoi-thuong-gap\/"]}]},{"@type":"BreadcrumbList","@id":"http:\/\/52.77.24.187\/vi\/cau-hoi-thuong-gap\/#breadcrumb","itemListElement":[{"@type":"ListItem","position":1,"name":"Home","item":"http:\/\/52.77.24.187\/vi\/test-popup-vi\/"},{"@type":"ListItem","position":2,"name":"C\u00e2u h\u1ecfi th\u01b0\u1eddng g\u1eb7p"}]},{"@type":"WebSite","@id":"http:\/\/52.77.24.187\/#website","url":"http:\/\/52.77.24.187\/","name":"The Bottle Shop","description":"All beers are not created equal","publisher":{"@id":"http:\/\/52.77.24.187\/#organization"},"potentialAction":[{"@type":"SearchAction","target":{"@type":"EntryPoint","urlTemplate":"http:\/\/52.77.24.187\/?s={search_term_string}"},"query-input":{"@type":"PropertyValueSpecification","valueRequired":true,"valueName":"search_term_string"}}],"inLanguage":"vi-VN"},{"@type":"Organization","@id":"http:\/\/52.77.24.187\/#organization","name":"The Bottle Shop","url":"http:\/\/52.77.24.187\/","logo":{"@type":"ImageObject","inLanguage":"vi-VN","@id":"http:\/\/52.77.24.187\/#\/schema\/logo\/image\/","url":"https:\/\/mlsrfcxkkbzg.i.optimole.com\/cb:JbP2.215d7\/w:auto\/h:auto\/q:mauto\/ig:avif\/https:\/\/thebottleshop.vn\/wp-content\/uploads\/2022\/10\/The-Bottle-Shop-Online-Logo.png","contentUrl":"https:\/\/mlsrfcxkkbzg.i.optimole.com\/cb:JbP2.215d7\/w:auto\/h:auto\/q:mauto\/ig:avif\/https:\/\/thebottleshop.vn\/wp-content\/uploads\/2022\/10\/The-Bottle-Shop-Online-Logo.png","width":145,"height":147,"caption":"The Bottle Shop"},"image":{"@id":"http:\/\/52.77.24.187\/#\/schema\/logo\/image\/"},"sameAs":["https:\/\/www.facebook.com\/thebottleshopvietnam","https:\/\/www.instagram.com\/thebottleshop_vietnam\/"]}]}},"_links":{"self":[{"href":"https:\/\/thebottleshop.vn\/vi\/wp-json\/wp\/v2\/pages\/12799","targetHints":{"allow":["GET"]}}],"collection":[{"href":"https:\/\/thebottleshop.vn\/vi\/wp-json\/wp\/v2\/pages"}],"about":[{"href":"https:\/\/thebottleshop.vn\/vi\/wp-json\/wp\/v2\/types\/page"}],"author":[{"embeddable":true,"href":"https:\/\/thebottleshop.vn\/vi\/wp-json\/wp\/v2\/users\/1"}],"replies":[{"embeddable":true,"href":"https:\/\/thebottleshop.vn\/vi\/wp-json\/wp\/v2\/comments?post=12799"}],"version-history":[{"count":3,"href":"https:\/\/thebottleshop.vn\/vi\/wp-json\/wp\/v2\/pages\/12799\/revisions"}],"predecessor-version":[{"id":12802,"href":"https:\/\/thebottleshop.vn\/vi\/wp-json\/wp\/v2\/pages\/12799\/revisions\/12802"}],"wp:attachment":[{"href":"https:\/\/thebottleshop.vn\/vi\/wp-json\/wp\/v2\/media?parent=12799"}],"curies":[{"name":"wp","href":"https:\/\/api.w.org\/{rel}","templated":true}]}}