{"id":13462,"date":"2022-02-21T22:09:35","date_gmt":"2022-02-21T15:09:35","guid":{"rendered":"https:\/\/thebottleshop.vn\/nha-san-xuat-bia-nha-san-xuat-phan-phoi-ruou\/"},"modified":"2022-02-22T15:46:48","modified_gmt":"2022-02-22T08:46:48","slug":"nha-san-xuat-va-phan-phoi","status":"publish","type":"page","link":"https:\/\/thebottleshop.vn\/vi\/nha-san-xuat-va-phan-phoi\/","title":{"rendered":"Nh\u00e0 s\u1ea3n xu\u1ea5t v\u00e0 ph\u00e2n ph\u1ed1i"},"content":{"rendered":"\t\t<div data-elementor-type=\"wp-page\" data-elementor-id=\"13462\" class=\"elementor elementor-13462 elementor-13444\" data-elementor-post-type=\"page\">\n\t\t\t\t\t\t<section class=\"elementor-section elementor-top-section elementor-element elementor-element-79fa335c elementor-section-full_width elementor-section-height-default elementor-section-height-default\" data-id=\"79fa335c\" data-element_type=\"section\" data-e-type=\"section\">\n\t\t\t\t\t\t\t<div class=\"elementor-background-overlay\"><\/div>\n\t\t\t\t\t\t\t<div class=\"elementor-container elementor-column-gap-default\">\n\t\t\t\t\t<div class=\"elementor-column elementor-col-100 elementor-top-column elementor-element elementor-element-3ff0c21c\" data-id=\"3ff0c21c\" data-element_type=\"column\" data-e-type=\"column\">\n\t\t\t<div class=\"elementor-widget-wrap elementor-element-populated\">\n\t\t\t\t\t\t<div class=\"elementor-element elementor-element-2dd3366d elementor-widget elementor-widget-heading\" data-id=\"2dd3366d\" data-element_type=\"widget\" data-e-type=\"widget\" data-widget_type=\"heading.default\">\n\t\t\t\t<div class=\"elementor-widget-container\">\n\t\t\t\t\t<h2 class=\"elementor-heading-title elementor-size-default\">NH\u00e0 s\u1ea3n xu\u1ea5t \/ ph\u00e2n ph\u1ed1i r\u01b0\u1ee3u &amp; vang<\/h2>\t\t\t\t<\/div>\n\t\t\t\t<\/div>\n\t\t\t\t<div class=\"elementor-element elementor-element-15f25562 elementor-widget elementor-widget-text-editor\" data-id=\"15f25562\" data-element_type=\"widget\" data-e-type=\"widget\" data-widget_type=\"text-editor.default\">\n\t\t\t\t<div class=\"elementor-widget-container\">\n\t\t\t\t\t\t\t\t\t<p>C\u00e1c Nh\u00e0 cung c\u1ea5p r\u01b0\u1ee3u, v\u00e0 \u0111\u01a1n v\u1ecb ph\u00e2n ph\u1ed1i ch\u1ecbu tr\u00e1ch nhi\u1ec7m v\u1ec1 h\u00e0ng h\u00f3a, c\u1ee7a The Bottle Shop theo Gi\u1ea5y ph\u00e9p b\u00e1n l\u1ebb r\u01b0\u1ee3u s\u1ed1 171\/GPR-KT do Ph\u00f2ng Kinh T\u1ebf Qu\u1eadn T\u00e2y H\u1ed3 c\u1ea5p ng\u00e0y 20\/10\/2021.<\/p>\t\t\t\t\t\t\t\t<\/div>\n\t\t\t\t<\/div>\n\t\t\t\t<div class=\"elementor-element elementor-element-359c062 elementor-widget elementor-widget-accordion\" data-id=\"359c062\" data-element_type=\"widget\" data-e-type=\"widget\" data-widget_type=\"accordion.default\">\n\t\t\t\t<div class=\"elementor-widget-container\">\n\t\t\t\t\t\t\t<div class=\"elementor-accordion\">\n\t\t\t\t\t\t\t<div class=\"elementor-accordion-item\">\n\t\t\t\t\t<div id=\"elementor-tab-title-5621\" class=\"elementor-tab-title\" data-tab=\"1\" role=\"button\" aria-controls=\"elementor-tab-content-5621\" aria-expanded=\"false\">\n\t\t\t\t\t\t\t\t\t\t\t\t\t<span class=\"elementor-accordion-icon elementor-accordion-icon-left\" aria-hidden=\"true\">\n\t\t\t\t\t\t\t\t\t\t\t\t\t\t\t<span class=\"elementor-accordion-icon-closed\"><i class=\"fas fa-plus\"><\/i><\/span>\n\t\t\t\t\t\t\t\t<span class=\"elementor-accordion-icon-opened\"><i class=\"fas fa-minus\"><\/i><\/span>\n\t\t\t\t\t\t\t\t\t\t\t\t\t\t<\/span>\n\t\t\t\t\t\t\t\t\t\t\t\t<a class=\"elementor-accordion-title\" tabindex=\"0\">Warehouse Wines<\/a>\n\t\t\t\t\t<\/div>\n\t\t\t\t\t<div id=\"elementor-tab-content-5621\" class=\"elementor-tab-content elementor-clearfix\" data-tab=\"1\" role=\"region\" aria-labelledby=\"elementor-tab-title-5621\"><h4><strong>S\u1ea3n ph\u1ea9m: <\/strong>Saigon Baigur Gin &amp; C\u00e1c lo\u1ea1i R\u01b0\u1ee3u Vang<br \/><b>Ch\u1ecbu tr\u00e1ch nhi\u1ec7m v\u1ec1 h\u00e0ng h\u00f3a: <\/b>C\u00f4ng Ty TNHH D\u1ecbch V\u1ee5 Th\u01b0\u01a1ng M\u1ea1i Kho \u0110\u1ecf<br \/><b>\u0110\u1ecba ch\u1ec9:<\/b> 41 Th\u1ea3o \u0110i\u1ec1n, Ph\u01b0\u1eddng Th\u1ea3o \u0110i\u1ec1n, Q2, TP.HCM, Vi\u1ec7t Nam<\/h4><\/div>\n\t\t\t\t<\/div>\n\t\t\t\t\t\t\t<div class=\"elementor-accordion-item\">\n\t\t\t\t\t<div id=\"elementor-tab-title-5622\" class=\"elementor-tab-title\" data-tab=\"2\" role=\"button\" aria-controls=\"elementor-tab-content-5622\" aria-expanded=\"false\">\n\t\t\t\t\t\t\t\t\t\t\t\t\t<span class=\"elementor-accordion-icon elementor-accordion-icon-left\" aria-hidden=\"true\">\n\t\t\t\t\t\t\t\t\t\t\t\t\t\t\t<span class=\"elementor-accordion-icon-closed\"><i class=\"fas fa-plus\"><\/i><\/span>\n\t\t\t\t\t\t\t\t<span class=\"elementor-accordion-icon-opened\"><i class=\"fas fa-minus\"><\/i><\/span>\n\t\t\t\t\t\t\t\t\t\t\t\t\t\t<\/span>\n\t\t\t\t\t\t\t\t\t\t\t\t<a class=\"elementor-accordion-title\" tabindex=\"0\">Indochina Distillery <\/a>\n\t\t\t\t\t<\/div>\n\t\t\t\t\t<div id=\"elementor-tab-content-5622\" class=\"elementor-tab-content elementor-clearfix\" data-tab=\"2\" role=\"region\" aria-labelledby=\"elementor-tab-title-5622\"><h4><strong>T\u00ean s\u1ea3n ph\u1ea9m: <\/strong>Rhum Sampan<br \/><b>S\u1ea3n xu\u1ea5t t\u1ea1i<\/b>: C\u00f4ng ty TNHH 1TV M&amp;SX R\u01b0\u1ee3u \u0110\u00f4ng D\u01b0\u01a1ng<br \/><b>\u0110\u1ecba ch\u1ec9:<\/b> Th\u00f4n 6, x\u00e3 B\u00ecnh D\u01b0\u01a1ng, huy\u1ec7n Th\u0103ng B\u00ecnh, t\u1ec9nh Qu\u1ea3ng Nam, Vi\u1ec7t Nam<\/h4><\/div>\n\t\t\t\t<\/div>\n\t\t\t\t\t\t\t<div class=\"elementor-accordion-item\">\n\t\t\t\t\t<div id=\"elementor-tab-title-5623\" class=\"elementor-tab-title\" data-tab=\"3\" role=\"button\" aria-controls=\"elementor-tab-content-5623\" aria-expanded=\"false\">\n\t\t\t\t\t\t\t\t\t\t\t\t\t<span class=\"elementor-accordion-icon elementor-accordion-icon-left\" aria-hidden=\"true\">\n\t\t\t\t\t\t\t\t\t\t\t\t\t\t\t<span class=\"elementor-accordion-icon-closed\"><i class=\"fas fa-plus\"><\/i><\/span>\n\t\t\t\t\t\t\t\t<span class=\"elementor-accordion-icon-opened\"><i class=\"fas fa-minus\"><\/i><\/span>\n\t\t\t\t\t\t\t\t\t\t\t\t\t\t<\/span>\n\t\t\t\t\t\t\t\t\t\t\t\t<a class=\"elementor-accordion-title\" tabindex=\"0\">Jameson Distillery <\/a>\n\t\t\t\t\t<\/div>\n\t\t\t\t\t<div id=\"elementor-tab-content-5623\" class=\"elementor-tab-content elementor-clearfix\" data-tab=\"3\" role=\"region\" aria-labelledby=\"elementor-tab-title-5623\"><h4><strong>T\u00ean s\u1ea3n ph\u1ea9m: <\/strong>Jameson Caskmates<br \/><b>Ch\u1ecbu tr\u00e1ch nhi\u1ec7m v\u1ec1 h\u00e0ng h\u00f3a:<\/b> C\u00f4ng ty TNHH R\u01b0\u1ee3u &amp; \u0110\u1ed3 u\u1ed1ng c\u00f3 c\u1ed3n Pernod Ricard Vietnam <br \/><b>\u0110\u1ecba ch\u1ec9:<\/b> Th\u1eeda \u0111\u1ea5t s\u1ed1 4193 t\u1edd b\u1ea3n \u0111\u1ed3 s\u1ed1 12\/2 Khu ph\u1ed1 \u0110\u1ed3ng An, ph\u01b0\u1eddng B\u00ecnh H\u00f2a, TP. Thu\u1eadn An, T\u1ec9nh B\u00ecnh D\u01b0\u01a1ng, Vi\u1ec7t Nam<\/h4><\/div>\n\t\t\t\t<\/div>\n\t\t\t\t\t\t\t<div class=\"elementor-accordion-item\">\n\t\t\t\t\t<div id=\"elementor-tab-title-5624\" class=\"elementor-tab-title\" data-tab=\"4\" role=\"button\" aria-controls=\"elementor-tab-content-5624\" aria-expanded=\"false\">\n\t\t\t\t\t\t\t\t\t\t\t\t\t<span class=\"elementor-accordion-icon elementor-accordion-icon-left\" aria-hidden=\"true\">\n\t\t\t\t\t\t\t\t\t\t\t\t\t\t\t<span class=\"elementor-accordion-icon-closed\"><i class=\"fas fa-plus\"><\/i><\/span>\n\t\t\t\t\t\t\t\t<span class=\"elementor-accordion-icon-opened\"><i class=\"fas fa-minus\"><\/i><\/span>\n\t\t\t\t\t\t\t\t\t\t\t\t\t\t<\/span>\n\t\t\t\t\t\t\t\t\t\t\t\t<a class=\"elementor-accordion-title\" tabindex=\"0\">Lady Tri\u1ec7u Gin<\/a>\n\t\t\t\t\t<\/div>\n\t\t\t\t\t<div id=\"elementor-tab-content-5624\" class=\"elementor-tab-content elementor-clearfix\" data-tab=\"4\" role=\"region\" aria-labelledby=\"elementor-tab-title-5624\"><p><b>S\u1ea3n xu\u1ea5t t\u1ea1i: <\/b>C\u00f4ng Ty TNHH Nguyen Nguyen Distillery<br \/><b>\u0110\u1ecba ch\u1ec9:<\/b> 146 B\u00f9i Th\u1ecb \u0110i\u1ec7t, x\u00e3 Ph\u1ea1m V\u0103n C\u1ed9i, huy\u1ec7n C\u1ee7 Chi, TP.HCM, Vi\u1ec7t Nam<br \/><b>Ch\u1ecbu tr\u00e1ch nhi\u1ec7m v\u1ec1 h\u00e0ng h\u00f3a: <\/b>C\u00f4ng Ty TNHH Nguyen Nguyen Distillery<br \/><b>\u0110\u1ecba ch\u1ec9: <\/b>146 B\u00f9i Th\u1ecb \u0110i\u1ec7t, x\u00e3 Ph\u1ea1m V\u0103n C\u1ed9i, huy\u1ec7n C\u1ee7 Chi, TP.HCM, Vi\u1ec7t Nam<\/p><\/div>\n\t\t\t\t<\/div>\n\t\t\t\t\t\t\t<div class=\"elementor-accordion-item\">\n\t\t\t\t\t<div id=\"elementor-tab-title-5625\" class=\"elementor-tab-title\" data-tab=\"5\" role=\"button\" aria-controls=\"elementor-tab-content-5625\" aria-expanded=\"false\">\n\t\t\t\t\t\t\t\t\t\t\t\t\t<span class=\"elementor-accordion-icon elementor-accordion-icon-left\" aria-hidden=\"true\">\n\t\t\t\t\t\t\t\t\t\t\t\t\t\t\t<span class=\"elementor-accordion-icon-closed\"><i class=\"fas fa-plus\"><\/i><\/span>\n\t\t\t\t\t\t\t\t<span class=\"elementor-accordion-icon-opened\"><i class=\"fas fa-minus\"><\/i><\/span>\n\t\t\t\t\t\t\t\t\t\t\t\t\t\t<\/span>\n\t\t\t\t\t\t\t\t\t\t\t\t<a class=\"elementor-accordion-title\" tabindex=\"0\">Paper Lantern Gin<\/a>\n\t\t\t\t\t<\/div>\n\t\t\t\t\t<div id=\"elementor-tab-content-5625\" class=\"elementor-tab-content elementor-clearfix\" data-tab=\"5\" role=\"region\" aria-labelledby=\"elementor-tab-title-5625\"><h4><strong>S\u1ea3n xu\u1ea5t t\u1ea1i: <\/strong>C\u00f4ng Ty CP Xa L\u1ed9 4 &#8211; X\u01b0\u1edfng s\u1ea3n xu\u1ea5t &amp; ch\u1ebf bi\u1ebfn R\u01b0\u1ee3u S\u01a1n Tinh <br \/><b>\u0110\u1ecba ch\u1ec9:<\/b> L\u00f4 1B C\u1ee5m C\u00f4ng Nghi\u1ec7p Th\u1ef1c Ph\u1ea9m Hapro, x\u00e3 L\u1ec7 Chi, huy\u1ec7n Gia L\u00e2m, TP.H\u00e0 N\u1ed9i, Vi\u1ec7t Nam <br \/><strong>Ch\u1ecbu tr\u00e1ch nhi\u1ec7m v\u1ec1 h\u00e0ng h\u00f3a: <\/strong>C\u00f4ng Ty CP Xa L\u1ed9 4 &#8211; X\u01b0\u1edfng s\u1ea3n xu\u1ea5t &amp; ch\u1ebf bi\u1ebfn R\u01b0\u1ee3u S\u01a1n Tinh <br \/><b>\u0110\u1ecba ch\u1ec9: <\/b>L\u00f4 1B C\u1ee5m C\u00f4ng Nghi\u1ec7p Th\u1ef1c Ph\u1ea9m Hapro, x\u00e3 L\u1ec7 Chi, huy\u1ec7n Gia L\u00e2m, TP.H\u00e0 N\u1ed9i, Vi\u1ec7t Nam<\/h4><\/div>\n\t\t\t\t<\/div>\n\t\t\t\t\t\t\t<div class=\"elementor-accordion-item\">\n\t\t\t\t\t<div id=\"elementor-tab-title-5626\" class=\"elementor-tab-title\" data-tab=\"6\" role=\"button\" aria-controls=\"elementor-tab-content-5626\" aria-expanded=\"false\">\n\t\t\t\t\t\t\t\t\t\t\t\t\t<span class=\"elementor-accordion-icon elementor-accordion-icon-left\" aria-hidden=\"true\">\n\t\t\t\t\t\t\t\t\t\t\t\t\t\t\t<span class=\"elementor-accordion-icon-closed\"><i class=\"fas fa-plus\"><\/i><\/span>\n\t\t\t\t\t\t\t\t<span class=\"elementor-accordion-icon-opened\"><i class=\"fas fa-minus\"><\/i><\/span>\n\t\t\t\t\t\t\t\t\t\t\t\t\t\t<\/span>\n\t\t\t\t\t\t\t\t\t\t\t\t<a class=\"elementor-accordion-title\" tabindex=\"0\">Saigon Baigur Gin<\/a>\n\t\t\t\t\t<\/div>\n\t\t\t\t\t<div id=\"elementor-tab-content-5626\" class=\"elementor-tab-content elementor-clearfix\" data-tab=\"6\" role=\"region\" aria-labelledby=\"elementor-tab-title-5626\"><h4><strong>S\u1ea3n xu\u1ea5t t\u1ea1i: <\/strong>Chi Nh\u00e1nh C\u00f4ng Ty TNHH Ch\u01b0ng C\u1ea5t Qu\u1eadn 9<br \/><b>\u0110\u1ecba ch\u1ec9: <\/b>183 V\u00f5 V\u0103n H\u00e1t, Khu ph\u1ed1 Ph\u01b0\u1edbc Hi\u1ec7p, ph\u01b0\u1eddng Long Tr\u01b0\u1eddng, Q9, TP. HCM, Vi\u1ec7t Nam<br \/><strong>Ch\u1ecbu tr\u00e1ch nhi\u1ec7m v\u1ec1 h\u00e0ng h\u00f3a: <\/strong>C\u00f4ng Ty TNHH Ch\u01b0ng C\u1ea5t Qu\u1eadn 9<br \/><b>\u0110\u1ecba ch\u1ec9: <\/b>S\u1ed1 15B\/24 L\u00ea Th\u00e1nh T\u00f4ng, ph\u01b0\u1eddng B\u1ebfn Ngh\u00e9, Q1, TP.HCM, Vi\u1ec7t Nam<\/h4><\/div>\n\t\t\t\t<\/div>\n\t\t\t\t\t\t\t<div class=\"elementor-accordion-item\">\n\t\t\t\t\t<div id=\"elementor-tab-title-5627\" class=\"elementor-tab-title\" data-tab=\"7\" role=\"button\" aria-controls=\"elementor-tab-content-5627\" aria-expanded=\"false\">\n\t\t\t\t\t\t\t\t\t\t\t\t\t<span class=\"elementor-accordion-icon elementor-accordion-icon-left\" aria-hidden=\"true\">\n\t\t\t\t\t\t\t\t\t\t\t\t\t\t\t<span class=\"elementor-accordion-icon-closed\"><i class=\"fas fa-plus\"><\/i><\/span>\n\t\t\t\t\t\t\t\t<span class=\"elementor-accordion-icon-opened\"><i class=\"fas fa-minus\"><\/i><\/span>\n\t\t\t\t\t\t\t\t\t\t\t\t\t\t<\/span>\n\t\t\t\t\t\t\t\t\t\t\t\t<a class=\"elementor-accordion-title\" tabindex=\"0\">R\u01b0\u1ee3u S\u01a1n Tinh<\/a>\n\t\t\t\t\t<\/div>\n\t\t\t\t\t<div id=\"elementor-tab-content-5627\" class=\"elementor-tab-content elementor-clearfix\" data-tab=\"7\" role=\"region\" aria-labelledby=\"elementor-tab-title-5627\"><h4><strong>S\u1ea3n xu\u1ea5t t\u1ea1i: <\/strong>C\u00f4ng Ty CP Xa L\u1ed9 4 &#8211; X\u01b0\u1edfng s\u1ea3n xu\u1ea5t &amp; ch\u1ebf bi\u1ebfn R\u01b0\u1ee3u S\u01a1n Tinh<br \/><b>\u0110\u1ecba ch\u1ec9:<\/b> L\u00f4 1B C\u1ee5m C\u00f4ng Nghi\u1ec7p Th\u1ef1c Ph\u1ea9m Hapro, x\u00e3 L\u1ec7 Chi, huy\u1ec7n Gia L\u00e2m, TP.H\u00e0 N\u1ed9i, Vi\u1ec7t Nam<br \/><strong>Ch\u1ecbu tr\u00e1ch nhi\u1ec7m v\u1ec1 h\u00e0ng h\u00f3a: <\/strong>C\u00f4ng Ty CP Xa L\u1ed9 4 &#8211; X\u01b0\u1edfng s\u1ea3n xu\u1ea5t &amp; ch\u1ebf bi\u1ebfn R\u01b0\u1ee3u S\u01a1n Tinh <br \/><b>\u0110\u1ecba ch\u1ec9: <\/b>L\u00f4 1B C\u1ee5m C\u00f4ng Nghi\u1ec7p Th\u1ef1c Ph\u1ea9m Hapro, x\u00e3 L\u1ec7 Chi, huy\u1ec7n Gia L\u00e2m, TP.H\u00e0 N\u1ed9i, Vi\u1ec7t Nam<\/h4><\/div>\n\t\t\t\t<\/div>\n\t\t\t\t\t\t\t<div class=\"elementor-accordion-item\">\n\t\t\t\t\t<div id=\"elementor-tab-title-5628\" class=\"elementor-tab-title\" data-tab=\"8\" role=\"button\" aria-controls=\"elementor-tab-content-5628\" aria-expanded=\"false\">\n\t\t\t\t\t\t\t\t\t\t\t\t\t<span class=\"elementor-accordion-icon elementor-accordion-icon-left\" aria-hidden=\"true\">\n\t\t\t\t\t\t\t\t\t\t\t\t\t\t\t<span class=\"elementor-accordion-icon-closed\"><i class=\"fas fa-plus\"><\/i><\/span>\n\t\t\t\t\t\t\t\t<span class=\"elementor-accordion-icon-opened\"><i class=\"fas fa-minus\"><\/i><\/span>\n\t\t\t\t\t\t\t\t\t\t\t\t\t\t<\/span>\n\t\t\t\t\t\t\t\t\t\t\t\t<a class=\"elementor-accordion-title\" tabindex=\"0\">TA Spirits <\/a>\n\t\t\t\t\t<\/div>\n\t\t\t\t\t<div id=\"elementor-tab-content-5628\" class=\"elementor-tab-content elementor-clearfix\" data-tab=\"8\" role=\"region\" aria-labelledby=\"elementor-tab-title-5628\"><h4><strong>S\u1ea3n xu\u1ea5t t\u1ea1i: <\/strong>C\u00f4ng Ty TNHH Th\u01b0\u01a1ng m\u1ea1i &amp; D\u1ecbch v\u1ee5 Hoa N\u1ed9i<br \/><b>\u0110\u1ecba ch\u1ec9: <\/b>S\u1ed1 8 th\u00f4n 2, x\u00e3 \u0110\u00f4ng D\u01b0, huy\u1ec7n Gia L\u00e2m, TP.H\u00e0 N\u1ed9i, Vi\u1ec7t Nam<br \/><strong>Ch\u1ecbu tr\u00e1ch nhi\u1ec7m v\u1ec1 h\u00e0ng h\u00f3a: <\/strong>C\u00f4ng Ty TNHH Th\u01b0\u01a1ng m\u1ea1i &amp; D\u1ecbch v\u1ee5 Hoa N\u1ed9i<br \/><b>\u0110\u1ecba ch\u1ec9:<\/b> S\u1ed1 8 th\u00f4n 2, x\u00e3 \u0110\u00f4ng D\u01b0, huy\u1ec7n Gia L\u00e2m, TP.H\u00e0 N\u1ed9i, Vi\u1ec7t Nam<\/h4><\/div>\n\t\t\t\t<\/div>\n\t\t\t\t\t\t\t\t<\/div>\n\t\t\t\t\t\t<\/div>\n\t\t\t\t<\/div>\n\t\t\t\t\t<\/div>\n\t\t<\/div>\n\t\t\t\t\t<\/div>\n\t\t<\/section>\n\t\t\t\t<\/div>\n\t\t","protected":false},"excerpt":{"rendered":"<p>NH\u00e0 s\u1ea3n xu\u1ea5t \/ ph\u00e2n ph\u1ed1i r\u01b0\u1ee3u &amp; vang C\u00e1c Nh\u00e0 cung c\u1ea5p r\u01b0\u1ee3u, v\u00e0 \u0111\u01a1n v\u1ecb ph\u00e2n ph\u1ed1i ch\u1ecbu tr\u00e1ch nhi\u1ec7m v\u1ec1 h\u00e0ng h\u00f3a, c\u1ee7a The Bottle Shop theo Gi\u1ea5y ph\u00e9p b\u00e1n l\u1ebb r\u01b0\u1ee3u s\u1ed1 171\/GPR-KT do Ph\u00f2ng Kinh T\u1ebf Qu\u1eadn T\u00e2y H\u1ed3 c\u1ea5p ng\u00e0y 20\/10\/2021. Warehouse Wines S\u1ea3n ph\u1ea9m: Saigon Baigur Gin &amp; [&hellip;]<\/p>\n","protected":false},"author":7,"featured_media":0,"parent":0,"menu_order":0,"comment_status":"closed","ping_status":"closed","template":"elementor_header_footer","meta":{"_acf_changed":false,"footnotes":""},"class_list":["post-13462","page","type-page","status-publish","hentry"],"acf":[],"yoast_head":"<!-- This site is optimized with the Yoast SEO plugin v27.2 - https:\/\/yoast.com\/product\/yoast-seo-wordpress\/ -->\n<title>Nh\u00e0 s\u1ea3n xu\u1ea5t v\u00e0 ph\u00e2n ph\u1ed1i - The Bottle Shop<\/title>\n<meta name=\"robots\" content=\"index, follow, max-snippet:-1, max-image-preview:large, max-video-preview:-1\" \/>\n<link rel=\"canonical\" href=\"http:\/\/52.77.24.187\/vi\/nha-san-xuat-va-phan-phoi\/\" \/>\n<meta property=\"og:locale\" content=\"vi_VN\" \/>\n<meta property=\"og:type\" content=\"article\" \/>\n<meta property=\"og:title\" content=\"Nh\u00e0 s\u1ea3n xu\u1ea5t v\u00e0 ph\u00e2n ph\u1ed1i - The Bottle Shop\" \/>\n<meta property=\"og:description\" content=\"NH\u00e0 s\u1ea3n xu\u1ea5t \/ ph\u00e2n ph\u1ed1i r\u01b0\u1ee3u &amp; vang C\u00e1c Nh\u00e0 cung c\u1ea5p r\u01b0\u1ee3u, v\u00e0 \u0111\u01a1n v\u1ecb ph\u00e2n ph\u1ed1i ch\u1ecbu tr\u00e1ch nhi\u1ec7m v\u1ec1 h\u00e0ng h\u00f3a, c\u1ee7a The Bottle Shop theo Gi\u1ea5y ph\u00e9p b\u00e1n l\u1ebb r\u01b0\u1ee3u s\u1ed1 171\/GPR-KT do Ph\u00f2ng Kinh T\u1ebf Qu\u1eadn T\u00e2y H\u1ed3 c\u1ea5p ng\u00e0y 20\/10\/2021. Warehouse Wines S\u1ea3n ph\u1ea9m: Saigon Baigur Gin &amp; [&hellip;]\" \/>\n<meta property=\"og:url\" content=\"http:\/\/52.77.24.187\/vi\/nha-san-xuat-va-phan-phoi\/\" \/>\n<meta property=\"og:site_name\" content=\"The Bottle Shop\" \/>\n<meta property=\"article:publisher\" content=\"https:\/\/www.facebook.com\/thebottleshopvietnam\" \/>\n<meta property=\"article:modified_time\" content=\"2022-02-22T08:46:48+00:00\" \/>\n<meta name=\"twitter:card\" content=\"summary_large_image\" \/>\n<meta name=\"twitter:label1\" content=\"Est. reading time\" \/>\n\t<meta name=\"twitter:data1\" content=\"4 minutes\" \/>\n<script type=\"application\/ld+json\" class=\"yoast-schema-graph\">{\"@context\":\"https:\/\/schema.org\",\"@graph\":[{\"@type\":\"WebPage\",\"@id\":\"http:\/\/52.77.24.187\/vi\/nha-san-xuat-va-phan-phoi\/\",\"url\":\"http:\/\/52.77.24.187\/vi\/nha-san-xuat-va-phan-phoi\/\",\"name\":\"Nh\u00e0 s\u1ea3n xu\u1ea5t v\u00e0 ph\u00e2n ph\u1ed1i - The Bottle Shop\",\"isPartOf\":{\"@id\":\"http:\/\/52.77.24.187\/#website\"},\"datePublished\":\"2022-02-21T15:09:35+00:00\",\"dateModified\":\"2022-02-22T08:46:48+00:00\",\"breadcrumb\":{\"@id\":\"http:\/\/52.77.24.187\/vi\/nha-san-xuat-va-phan-phoi\/#breadcrumb\"},\"inLanguage\":\"vi-VN\",\"potentialAction\":[{\"@type\":\"ReadAction\",\"target\":[\"http:\/\/52.77.24.187\/vi\/nha-san-xuat-va-phan-phoi\/\"]}]},{\"@type\":\"BreadcrumbList\",\"@id\":\"http:\/\/52.77.24.187\/vi\/nha-san-xuat-va-phan-phoi\/#breadcrumb\",\"itemListElement\":[{\"@type\":\"ListItem\",\"position\":1,\"name\":\"Home\",\"item\":\"http:\/\/52.77.24.187\/vi\/test-popup-vi\/\"},{\"@type\":\"ListItem\",\"position\":2,\"name\":\"Nh\u00e0 s\u1ea3n xu\u1ea5t v\u00e0 ph\u00e2n ph\u1ed1i\"}]},{\"@type\":\"WebSite\",\"@id\":\"http:\/\/52.77.24.187\/#website\",\"url\":\"http:\/\/52.77.24.187\/\",\"name\":\"The Bottle Shop\",\"description\":\"All beers are not created equal\",\"publisher\":{\"@id\":\"http:\/\/52.77.24.187\/#organization\"},\"potentialAction\":[{\"@type\":\"SearchAction\",\"target\":{\"@type\":\"EntryPoint\",\"urlTemplate\":\"http:\/\/52.77.24.187\/?s={search_term_string}\"},\"query-input\":{\"@type\":\"PropertyValueSpecification\",\"valueRequired\":true,\"valueName\":\"search_term_string\"}}],\"inLanguage\":\"vi-VN\"},{\"@type\":\"Organization\",\"@id\":\"http:\/\/52.77.24.187\/#organization\",\"name\":\"The Bottle Shop\",\"url\":\"http:\/\/52.77.24.187\/\",\"logo\":{\"@type\":\"ImageObject\",\"inLanguage\":\"vi-VN\",\"@id\":\"http:\/\/52.77.24.187\/#\/schema\/logo\/image\/\",\"url\":\"https:\/\/mlsrfcxkkbzg.i.optimole.com\/cb:JbP2.215d7\/w:auto\/h:auto\/q:mauto\/ig:avif\/https:\/\/thebottleshop.vn\/wp-content\/uploads\/2022\/10\/The-Bottle-Shop-Online-Logo.png\",\"contentUrl\":\"https:\/\/mlsrfcxkkbzg.i.optimole.com\/cb:JbP2.215d7\/w:auto\/h:auto\/q:mauto\/ig:avif\/https:\/\/thebottleshop.vn\/wp-content\/uploads\/2022\/10\/The-Bottle-Shop-Online-Logo.png\",\"width\":145,\"height\":147,\"caption\":\"The Bottle Shop\"},\"image\":{\"@id\":\"http:\/\/52.77.24.187\/#\/schema\/logo\/image\/\"},\"sameAs\":[\"https:\/\/www.facebook.com\/thebottleshopvietnam\",\"https:\/\/www.instagram.com\/thebottleshop_vietnam\/\"]}]}<\/script>\n<!-- \/ Yoast SEO plugin. -->","yoast_head_json":{"title":"Nh\u00e0 s\u1ea3n xu\u1ea5t v\u00e0 ph\u00e2n ph\u1ed1i - The Bottle Shop","robots":{"index":"index","follow":"follow","max-snippet":"max-snippet:-1","max-image-preview":"max-image-preview:large","max-video-preview":"max-video-preview:-1"},"canonical":"http:\/\/52.77.24.187\/vi\/nha-san-xuat-va-phan-phoi\/","og_locale":"vi_VN","og_type":"article","og_title":"Nh\u00e0 s\u1ea3n xu\u1ea5t v\u00e0 ph\u00e2n ph\u1ed1i - The Bottle Shop","og_description":"NH\u00e0 s\u1ea3n xu\u1ea5t \/ ph\u00e2n ph\u1ed1i r\u01b0\u1ee3u &amp; vang C\u00e1c Nh\u00e0 cung c\u1ea5p r\u01b0\u1ee3u, v\u00e0 \u0111\u01a1n v\u1ecb ph\u00e2n ph\u1ed1i ch\u1ecbu tr\u00e1ch nhi\u1ec7m v\u1ec1 h\u00e0ng h\u00f3a, c\u1ee7a The Bottle Shop theo Gi\u1ea5y ph\u00e9p b\u00e1n l\u1ebb r\u01b0\u1ee3u s\u1ed1 171\/GPR-KT do Ph\u00f2ng Kinh T\u1ebf Qu\u1eadn T\u00e2y H\u1ed3 c\u1ea5p ng\u00e0y 20\/10\/2021. Warehouse Wines S\u1ea3n ph\u1ea9m: Saigon Baigur Gin &amp; [&hellip;]","og_url":"http:\/\/52.77.24.187\/vi\/nha-san-xuat-va-phan-phoi\/","og_site_name":"The Bottle Shop","article_publisher":"https:\/\/www.facebook.com\/thebottleshopvietnam","article_modified_time":"2022-02-22T08:46:48+00:00","twitter_card":"summary_large_image","twitter_misc":{"Est. reading time":"4 minutes"},"schema":{"@context":"https:\/\/schema.org","@graph":[{"@type":"WebPage","@id":"http:\/\/52.77.24.187\/vi\/nha-san-xuat-va-phan-phoi\/","url":"http:\/\/52.77.24.187\/vi\/nha-san-xuat-va-phan-phoi\/","name":"Nh\u00e0 s\u1ea3n xu\u1ea5t v\u00e0 ph\u00e2n ph\u1ed1i - The Bottle Shop","isPartOf":{"@id":"http:\/\/52.77.24.187\/#website"},"datePublished":"2022-02-21T15:09:35+00:00","dateModified":"2022-02-22T08:46:48+00:00","breadcrumb":{"@id":"http:\/\/52.77.24.187\/vi\/nha-san-xuat-va-phan-phoi\/#breadcrumb"},"inLanguage":"vi-VN","potentialAction":[{"@type":"ReadAction","target":["http:\/\/52.77.24.187\/vi\/nha-san-xuat-va-phan-phoi\/"]}]},{"@type":"BreadcrumbList","@id":"http:\/\/52.77.24.187\/vi\/nha-san-xuat-va-phan-phoi\/#breadcrumb","itemListElement":[{"@type":"ListItem","position":1,"name":"Home","item":"http:\/\/52.77.24.187\/vi\/test-popup-vi\/"},{"@type":"ListItem","position":2,"name":"Nh\u00e0 s\u1ea3n xu\u1ea5t v\u00e0 ph\u00e2n ph\u1ed1i"}]},{"@type":"WebSite","@id":"http:\/\/52.77.24.187\/#website","url":"http:\/\/52.77.24.187\/","name":"The Bottle Shop","description":"All beers are not created equal","publisher":{"@id":"http:\/\/52.77.24.187\/#organization"},"potentialAction":[{"@type":"SearchAction","target":{"@type":"EntryPoint","urlTemplate":"http:\/\/52.77.24.187\/?s={search_term_string}"},"query-input":{"@type":"PropertyValueSpecification","valueRequired":true,"valueName":"search_term_string"}}],"inLanguage":"vi-VN"},{"@type":"Organization","@id":"http:\/\/52.77.24.187\/#organization","name":"The Bottle Shop","url":"http:\/\/52.77.24.187\/","logo":{"@type":"ImageObject","inLanguage":"vi-VN","@id":"http:\/\/52.77.24.187\/#\/schema\/logo\/image\/","url":"https:\/\/mlsrfcxkkbzg.i.optimole.com\/cb:JbP2.215d7\/w:auto\/h:auto\/q:mauto\/ig:avif\/https:\/\/thebottleshop.vn\/wp-content\/uploads\/2022\/10\/The-Bottle-Shop-Online-Logo.png","contentUrl":"https:\/\/mlsrfcxkkbzg.i.optimole.com\/cb:JbP2.215d7\/w:auto\/h:auto\/q:mauto\/ig:avif\/https:\/\/thebottleshop.vn\/wp-content\/uploads\/2022\/10\/The-Bottle-Shop-Online-Logo.png","width":145,"height":147,"caption":"The Bottle Shop"},"image":{"@id":"http:\/\/52.77.24.187\/#\/schema\/logo\/image\/"},"sameAs":["https:\/\/www.facebook.com\/thebottleshopvietnam","https:\/\/www.instagram.com\/thebottleshop_vietnam\/"]}]}},"_links":{"self":[{"href":"https:\/\/thebottleshop.vn\/vi\/wp-json\/wp\/v2\/pages\/13462","targetHints":{"allow":["GET"]}}],"collection":[{"href":"https:\/\/thebottleshop.vn\/vi\/wp-json\/wp\/v2\/pages"}],"about":[{"href":"https:\/\/thebottleshop.vn\/vi\/wp-json\/wp\/v2\/types\/page"}],"author":[{"embeddable":true,"href":"https:\/\/thebottleshop.vn\/vi\/wp-json\/wp\/v2\/users\/7"}],"replies":[{"embeddable":true,"href":"https:\/\/thebottleshop.vn\/vi\/wp-json\/wp\/v2\/comments?post=13462"}],"version-history":[{"count":5,"href":"https:\/\/thebottleshop.vn\/vi\/wp-json\/wp\/v2\/pages\/13462\/revisions"}],"predecessor-version":[{"id":13528,"href":"https:\/\/thebottleshop.vn\/vi\/wp-json\/wp\/v2\/pages\/13462\/revisions\/13528"}],"wp:attachment":[{"href":"https:\/\/thebottleshop.vn\/vi\/wp-json\/wp\/v2\/media?parent=13462"}],"curies":[{"name":"wp","href":"https:\/\/api.w.org\/{rel}","templated":true}]}}