{"id":12102,"date":"2022-01-28T06:53:40","date_gmt":"2022-01-27T23:53:40","guid":{"rendered":"https:\/\/thebottleshop.vn\/product\/dalat-cider-house-berries-cider\/"},"modified":"2025-06-05T10:43:15","modified_gmt":"2025-06-05T03:43:15","slug":"dalat-cider-house-berries-cider","status":"publish","type":"product","link":"https:\/\/thebottleshop.vn\/vi\/san-pham\/dalat-cider-house-berries-cider\/","title":{"rendered":"Dalat Cider Qu\u1ea3 M\u1ecdng"},"content":{"rendered":"<p>\u0110\u00e0 L\u1ea1t n\u1ed5i ti\u1ebfng v\u1edbi nh\u1eefng v\u01b0\u1eddn qu\u1ea3 m\u1ecdng v\u00e0 ch\u00fang t\u00f4i \u0111\u00e3 t\u1ea1o ra lo\u1ea1i n\u01b0\u1edbc t\u00e1o l\u00ean men t\u1eeb s\u1ef1 pha tr\u1ed9n d\u00e2u t\u1eb1m, m\u00e2m x\u00f4i v\u00e0 d\u00e2u t\u00e2y t\u1ef1 nhi\u00ean l\u00e0m b\u00f9ng n\u1ed5 h\u01b0\u01a1ng v\u1ecb \u0111\u1eb7c s\u1eafc.<\/p>\n","protected":false},"excerpt":{"rendered":"<p><strong>Tr\u00e1i c\u00e2y, Ng\u1ecdt ng\u00e0o, S\u1ea3ng kho\u00e1i 4.6%<\/strong><\/p>\n","protected":false},"featured_media":12159,"comment_status":"open","ping_status":"closed","template":"","meta":{"_acf_changed":false},"product_brand":[],"product_cat":[337,340,347,353,375,342,351,363,366,345,339,341,352,394,511],"product_tag":[],"class_list":{"0":"post-12102","1":"product","2":"type-product","3":"status-publish","4":"has-post-thumbnail","6":"product_cat-bia-va-cider","7":"product_cat-vietnam-hcmc","8":"product_cat-4-5-9","9":"product_cat-50k-74k","10":"product_cat-750k-999k","11":"product_cat-chai-330-ml","12":"product_cat-dong-bia","13":"product_cat-cider","14":"product_cat-nha-san-xuat","15":"product_cat-abv-vi","16":"product_cat-xuat-xu","17":"product_cat-dong-goi","18":"product_cat-gia","19":"product_cat-dalat-cider-house","20":"product_cat-thung-12-chai","21":"pa_pack_type-bottle-330ml-vi","22":"pa_pack_type-thung-12","24":"first","25":"instock","26":"sale","27":"shipping-taxable","28":"product-type-variable","29":"has-default-attributes","30":"add-to-wishlist-before_image"},"acf":[],"yoast_head":"<!-- This site is optimized with the Yoast SEO plugin v27.5 - https:\/\/yoast.com\/product\/yoast-seo-wordpress\/ -->\n<title>Dalat Cider Qu\u1ea3 M\u1ecdng - The Bottle Shop<\/title>\n<meta name=\"description\" content=\"Dalat Cider Berries. \u0110\u00e0 L\u1ea1t n\u1ed5i ti\u1ebfng v\u1edbi nh\u1eefng v\u01b0\u1eddn qu\u1ea3 m\u1ecdng v\u00e0 ch\u00fang t\u00f4i \u0111\u00e3 t\u1ea1o ra lo\u1ea1i n\u01b0\u1edbc t\u00e1o l\u00ean men t\u1eeb s\u1ef1 pha tr\u1ed9n d\u00e2u t\u1eb1m, m\u00e2m x\u00f4i v\u00e0 d\u00e2u t\u00e2y.\" \/>\n<meta name=\"robots\" content=\"index, follow, max-snippet:-1, max-image-preview:large, max-video-preview:-1\" \/>\n<link rel=\"canonical\" href=\"http:\/\/52.77.24.187\/vi\/san-pham\/dalat-cider-house-berries-cider\/\" \/>\n<meta property=\"og:locale\" content=\"vi_VN\" \/>\n<meta property=\"og:type\" content=\"article\" \/>\n<meta property=\"og:title\" content=\"Dalat Cider Qu\u1ea3 M\u1ecdng - The Bottle Shop\" \/>\n<meta property=\"og:description\" content=\"Dalat Cider Berries. \u0110\u00e0 L\u1ea1t n\u1ed5i ti\u1ebfng v\u1edbi nh\u1eefng v\u01b0\u1eddn qu\u1ea3 m\u1ecdng v\u00e0 ch\u00fang t\u00f4i \u0111\u00e3 t\u1ea1o ra lo\u1ea1i n\u01b0\u1edbc t\u00e1o l\u00ean men t\u1eeb s\u1ef1 pha tr\u1ed9n d\u00e2u t\u1eb1m, m\u00e2m x\u00f4i v\u00e0 d\u00e2u t\u00e2y.\" \/>\n<meta property=\"og:url\" content=\"http:\/\/52.77.24.187\/vi\/san-pham\/dalat-cider-house-berries-cider\/\" \/>\n<meta property=\"og:site_name\" content=\"The Bottle Shop\" \/>\n<meta property=\"article:publisher\" content=\"https:\/\/www.facebook.com\/thebottleshopvietnam\" \/>\n<meta property=\"article:modified_time\" content=\"2025-06-05T03:43:15+00:00\" \/>\n<meta property=\"og:image\" content=\"https:\/\/mlsrfcxkkbzg.i.optimole.com\/cb:JbP2.215d7\/w:auto\/h:auto\/q:mauto\/ig:avif\/http:\/\/52.77.24.187\/wp-content\/uploads\/2022\/02\/Dalat-Cider-House-Berries-bottle.png\" \/>\n\t<meta property=\"og:image:width\" content=\"1080\" \/>\n\t<meta property=\"og:image:height\" content=\"1080\" \/>\n\t<meta property=\"og:image:type\" content=\"image\/png\" \/>\n<meta name=\"twitter:card\" content=\"summary_large_image\" \/>\n<meta name=\"twitter:label1\" content=\"Est. reading time\" \/>\n\t<meta name=\"twitter:data1\" content=\"1 minute\" \/>\n<script type=\"application\/ld+json\" class=\"yoast-schema-graph\">{\"@context\":\"https:\\\/\\\/schema.org\",\"@graph\":[{\"@type\":\"WebPage\",\"@id\":\"http:\\\/\\\/52.77.24.187\\\/vi\\\/san-pham\\\/dalat-cider-house-berries-cider\\\/\",\"url\":\"http:\\\/\\\/52.77.24.187\\\/vi\\\/san-pham\\\/dalat-cider-house-berries-cider\\\/\",\"name\":\"Dalat Cider Qu\u1ea3 M\u1ecdng - The Bottle Shop\",\"isPartOf\":{\"@id\":\"http:\\\/\\\/52.77.24.187\\\/#website\"},\"primaryImageOfPage\":{\"@id\":\"http:\\\/\\\/52.77.24.187\\\/vi\\\/san-pham\\\/dalat-cider-house-berries-cider\\\/#primaryimage\"},\"image\":{\"@id\":\"http:\\\/\\\/52.77.24.187\\\/vi\\\/san-pham\\\/dalat-cider-house-berries-cider\\\/#primaryimage\"},\"thumbnailUrl\":\"https:\\/\\/thebottleshop.vn\\/wp-content\\/uploads\\/2022\\/02\\/Dalat-Cider-House-Berries-bottle.png\",\"datePublished\":\"2022-01-27T23:53:40+00:00\",\"dateModified\":\"2025-06-05T03:43:15+00:00\",\"description\":\"Dalat Cider Berries. \u0110\u00e0 L\u1ea1t n\u1ed5i ti\u1ebfng v\u1edbi nh\u1eefng v\u01b0\u1eddn qu\u1ea3 m\u1ecdng v\u00e0 ch\u00fang t\u00f4i \u0111\u00e3 t\u1ea1o ra lo\u1ea1i n\u01b0\u1edbc t\u00e1o l\u00ean men t\u1eeb s\u1ef1 pha tr\u1ed9n d\u00e2u t\u1eb1m, m\u00e2m x\u00f4i v\u00e0 d\u00e2u t\u00e2y.\",\"breadcrumb\":{\"@id\":\"http:\\\/\\\/52.77.24.187\\\/vi\\\/san-pham\\\/dalat-cider-house-berries-cider\\\/#breadcrumb\"},\"inLanguage\":\"vi-VN\",\"potentialAction\":[{\"@type\":\"ReadAction\",\"target\":[\"http:\\\/\\\/52.77.24.187\\\/vi\\\/san-pham\\\/dalat-cider-house-berries-cider\\\/\"]}]},{\"@type\":\"ImageObject\",\"inLanguage\":\"vi-VN\",\"@id\":\"http:\\\/\\\/52.77.24.187\\\/vi\\\/san-pham\\\/dalat-cider-house-berries-cider\\\/#primaryimage\",\"url\":\"https:\\/\\/thebottleshop.vn\\/wp-content\\/uploads\\/2022\\/02\\/Dalat-Cider-House-Berries-bottle.png\",\"contentUrl\":\"https:\\/\\/thebottleshop.vn\\/wp-content\\/uploads\\/2022\\/02\\/Dalat-Cider-House-Berries-bottle.png\",\"width\":1080,\"height\":1080,\"caption\":\"Dalat Cider Berries\"},{\"@type\":\"BreadcrumbList\",\"@id\":\"http:\\\/\\\/52.77.24.187\\\/vi\\\/san-pham\\\/dalat-cider-house-berries-cider\\\/#breadcrumb\",\"itemListElement\":[{\"@type\":\"ListItem\",\"position\":1,\"name\":\"Home\",\"item\":\"http:\\\/\\\/52.77.24.187\\\/vi\\\/test-popup-vi\\\/\"},{\"@type\":\"ListItem\",\"position\":2,\"name\":\"C\u1eeda h\u00e0ng\",\"item\":\"http:\\\/\\\/52.77.24.187\\\/vi\\\/cua-hang\\\/\"},{\"@type\":\"ListItem\",\"position\":3,\"name\":\"Dalat Cider Qu\u1ea3 M\u1ecdng\"}]},{\"@type\":\"WebSite\",\"@id\":\"http:\\\/\\\/52.77.24.187\\\/#website\",\"url\":\"http:\\\/\\\/52.77.24.187\\\/\",\"name\":\"The Bottle Shop\",\"description\":\"All beers are not created equal\",\"publisher\":{\"@id\":\"http:\\\/\\\/52.77.24.187\\\/#organization\"},\"potentialAction\":[{\"@type\":\"SearchAction\",\"target\":{\"@type\":\"EntryPoint\",\"urlTemplate\":\"http:\\\/\\\/52.77.24.187\\\/?s={search_term_string}\"},\"query-input\":{\"@type\":\"PropertyValueSpecification\",\"valueRequired\":true,\"valueName\":\"search_term_string\"}}],\"inLanguage\":\"vi-VN\"},{\"@type\":\"Organization\",\"@id\":\"http:\\\/\\\/52.77.24.187\\\/#organization\",\"name\":\"The Bottle Shop\",\"url\":\"http:\\\/\\\/52.77.24.187\\\/\",\"logo\":{\"@type\":\"ImageObject\",\"inLanguage\":\"vi-VN\",\"@id\":\"http:\\\/\\\/52.77.24.187\\\/#\\\/schema\\\/logo\\\/image\\\/\",\"url\":\"https:\\/\\/thebottleshop.vn\\/wp-content\\/uploads\\/2022\\/10\\/The-Bottle-Shop-Online-Logo.png\",\"contentUrl\":\"https:\\/\\/thebottleshop.vn\\/wp-content\\/uploads\\/2022\\/10\\/The-Bottle-Shop-Online-Logo.png\",\"width\":145,\"height\":147,\"caption\":\"The Bottle Shop\"},\"image\":{\"@id\":\"http:\\\/\\\/52.77.24.187\\\/#\\\/schema\\\/logo\\\/image\\\/\"},\"sameAs\":[\"https:\\\/\\\/www.facebook.com\\\/thebottleshopvietnam\",\"https:\\\/\\\/www.instagram.com\\\/thebottleshop_vietnam\\\/\"]}]}<\/script>\n<!-- \/ Yoast SEO plugin. -->","yoast_head_json":{"title":"Dalat Cider Qu\u1ea3 M\u1ecdng - The Bottle Shop","description":"Dalat Cider Berries. \u0110\u00e0 L\u1ea1t n\u1ed5i ti\u1ebfng v\u1edbi nh\u1eefng v\u01b0\u1eddn qu\u1ea3 m\u1ecdng v\u00e0 ch\u00fang t\u00f4i \u0111\u00e3 t\u1ea1o ra lo\u1ea1i n\u01b0\u1edbc t\u00e1o l\u00ean men t\u1eeb s\u1ef1 pha tr\u1ed9n d\u00e2u t\u1eb1m, m\u00e2m x\u00f4i v\u00e0 d\u00e2u t\u00e2y.","robots":{"index":"index","follow":"follow","max-snippet":"max-snippet:-1","max-image-preview":"max-image-preview:large","max-video-preview":"max-video-preview:-1"},"canonical":"http:\/\/52.77.24.187\/vi\/san-pham\/dalat-cider-house-berries-cider\/","og_locale":"vi_VN","og_type":"article","og_title":"Dalat Cider Qu\u1ea3 M\u1ecdng - The Bottle Shop","og_description":"Dalat Cider Berries. \u0110\u00e0 L\u1ea1t n\u1ed5i ti\u1ebfng v\u1edbi nh\u1eefng v\u01b0\u1eddn qu\u1ea3 m\u1ecdng v\u00e0 ch\u00fang t\u00f4i \u0111\u00e3 t\u1ea1o ra lo\u1ea1i n\u01b0\u1edbc t\u00e1o l\u00ean men t\u1eeb s\u1ef1 pha tr\u1ed9n d\u00e2u t\u1eb1m, m\u00e2m x\u00f4i v\u00e0 d\u00e2u t\u00e2y.","og_url":"http:\/\/52.77.24.187\/vi\/san-pham\/dalat-cider-house-berries-cider\/","og_site_name":"The Bottle Shop","article_publisher":"https:\/\/www.facebook.com\/thebottleshopvietnam","article_modified_time":"2025-06-05T03:43:15+00:00","og_image":[{"width":1080,"height":1080,"url":"https:\/\/mlsrfcxkkbzg.i.optimole.com\/cb:JbP2.215d7\/w:auto\/h:auto\/q:mauto\/ig:avif\/http:\/\/52.77.24.187\/wp-content\/uploads\/2022\/02\/Dalat-Cider-House-Berries-bottle.png","type":"image\/png"}],"twitter_card":"summary_large_image","twitter_misc":{"Est. reading time":"1 minute"},"schema":{"@context":"https:\/\/schema.org","@graph":[{"@type":"WebPage","@id":"http:\/\/52.77.24.187\/vi\/san-pham\/dalat-cider-house-berries-cider\/","url":"http:\/\/52.77.24.187\/vi\/san-pham\/dalat-cider-house-berries-cider\/","name":"Dalat Cider Qu\u1ea3 M\u1ecdng - The Bottle Shop","isPartOf":{"@id":"http:\/\/52.77.24.187\/#website"},"primaryImageOfPage":{"@id":"http:\/\/52.77.24.187\/vi\/san-pham\/dalat-cider-house-berries-cider\/#primaryimage"},"image":{"@id":"http:\/\/52.77.24.187\/vi\/san-pham\/dalat-cider-house-berries-cider\/#primaryimage"},"thumbnailUrl":"https:\/\/mlsrfcxkkbzg.i.optimole.com\/cb:JbP2.215d7\/w:auto\/h:auto\/q:mauto\/ig:avif\/https:\/\/thebottleshop.vn\/wp-content\/uploads\/2022\/02\/Dalat-Cider-House-Berries-bottle.png","datePublished":"2022-01-27T23:53:40+00:00","dateModified":"2025-06-05T03:43:15+00:00","description":"Dalat Cider Berries. \u0110\u00e0 L\u1ea1t n\u1ed5i ti\u1ebfng v\u1edbi nh\u1eefng v\u01b0\u1eddn qu\u1ea3 m\u1ecdng v\u00e0 ch\u00fang t\u00f4i \u0111\u00e3 t\u1ea1o ra lo\u1ea1i n\u01b0\u1edbc t\u00e1o l\u00ean men t\u1eeb s\u1ef1 pha tr\u1ed9n d\u00e2u t\u1eb1m, m\u00e2m x\u00f4i v\u00e0 d\u00e2u t\u00e2y.","breadcrumb":{"@id":"http:\/\/52.77.24.187\/vi\/san-pham\/dalat-cider-house-berries-cider\/#breadcrumb"},"inLanguage":"vi-VN","potentialAction":[{"@type":"ReadAction","target":["http:\/\/52.77.24.187\/vi\/san-pham\/dalat-cider-house-berries-cider\/"]}]},{"@type":"ImageObject","inLanguage":"vi-VN","@id":"http:\/\/52.77.24.187\/vi\/san-pham\/dalat-cider-house-berries-cider\/#primaryimage","url":"https:\/\/mlsrfcxkkbzg.i.optimole.com\/cb:JbP2.215d7\/w:auto\/h:auto\/q:mauto\/ig:avif\/https:\/\/thebottleshop.vn\/wp-content\/uploads\/2022\/02\/Dalat-Cider-House-Berries-bottle.png","contentUrl":"https:\/\/mlsrfcxkkbzg.i.optimole.com\/cb:JbP2.215d7\/w:auto\/h:auto\/q:mauto\/ig:avif\/https:\/\/thebottleshop.vn\/wp-content\/uploads\/2022\/02\/Dalat-Cider-House-Berries-bottle.png","width":1080,"height":1080,"caption":"Dalat Cider Berries"},{"@type":"BreadcrumbList","@id":"http:\/\/52.77.24.187\/vi\/san-pham\/dalat-cider-house-berries-cider\/#breadcrumb","itemListElement":[{"@type":"ListItem","position":1,"name":"Home","item":"http:\/\/52.77.24.187\/vi\/test-popup-vi\/"},{"@type":"ListItem","position":2,"name":"C\u1eeda h\u00e0ng","item":"http:\/\/52.77.24.187\/vi\/cua-hang\/"},{"@type":"ListItem","position":3,"name":"Dalat Cider Qu\u1ea3 M\u1ecdng"}]},{"@type":"WebSite","@id":"http:\/\/52.77.24.187\/#website","url":"http:\/\/52.77.24.187\/","name":"The Bottle Shop","description":"All beers are not created equal","publisher":{"@id":"http:\/\/52.77.24.187\/#organization"},"potentialAction":[{"@type":"SearchAction","target":{"@type":"EntryPoint","urlTemplate":"http:\/\/52.77.24.187\/?s={search_term_string}"},"query-input":{"@type":"PropertyValueSpecification","valueRequired":true,"valueName":"search_term_string"}}],"inLanguage":"vi-VN"},{"@type":"Organization","@id":"http:\/\/52.77.24.187\/#organization","name":"The Bottle Shop","url":"http:\/\/52.77.24.187\/","logo":{"@type":"ImageObject","inLanguage":"vi-VN","@id":"http:\/\/52.77.24.187\/#\/schema\/logo\/image\/","url":"https:\/\/mlsrfcxkkbzg.i.optimole.com\/cb:JbP2.215d7\/w:auto\/h:auto\/q:mauto\/ig:avif\/https:\/\/thebottleshop.vn\/wp-content\/uploads\/2022\/10\/The-Bottle-Shop-Online-Logo.png","contentUrl":"https:\/\/mlsrfcxkkbzg.i.optimole.com\/cb:JbP2.215d7\/w:auto\/h:auto\/q:mauto\/ig:avif\/https:\/\/thebottleshop.vn\/wp-content\/uploads\/2022\/10\/The-Bottle-Shop-Online-Logo.png","width":145,"height":147,"caption":"The Bottle Shop"},"image":{"@id":"http:\/\/52.77.24.187\/#\/schema\/logo\/image\/"},"sameAs":["https:\/\/www.facebook.com\/thebottleshopvietnam","https:\/\/www.instagram.com\/thebottleshop_vietnam\/"]}]}},"_links":{"self":[{"href":"https:\/\/thebottleshop.vn\/vi\/wp-json\/wp\/v2\/product\/12102","targetHints":{"allow":["GET"]}}],"collection":[{"href":"https:\/\/thebottleshop.vn\/vi\/wp-json\/wp\/v2\/product"}],"about":[{"href":"https:\/\/thebottleshop.vn\/vi\/wp-json\/wp\/v2\/types\/product"}],"replies":[{"embeddable":true,"href":"https:\/\/thebottleshop.vn\/vi\/wp-json\/wp\/v2\/comments?post=12102"}],"wp:featuredmedia":[{"embeddable":true,"href":"https:\/\/thebottleshop.vn\/vi\/wp-json\/wp\/v2\/media\/12159"}],"wp:attachment":[{"href":"https:\/\/thebottleshop.vn\/vi\/wp-json\/wp\/v2\/media?parent=12102"}],"wp:term":[{"taxonomy":"product_brand","embeddable":true,"href":"https:\/\/thebottleshop.vn\/vi\/wp-json\/wp\/v2\/product_brand?post=12102"},{"taxonomy":"product_cat","embeddable":true,"href":"https:\/\/thebottleshop.vn\/vi\/wp-json\/wp\/v2\/product_cat?post=12102"},{"taxonomy":"product_tag","embeddable":true,"href":"https:\/\/thebottleshop.vn\/vi\/wp-json\/wp\/v2\/product_tag?post=12102"}],"curies":[{"name":"wp","href":"https:\/\/api.w.org\/{rel}","templated":true}]}}