{"id":12623,"date":"2022-02-14T12:36:59","date_gmt":"2022-02-15T14:39:00","guid":{"rendered":"https:\/\/thebottleshop.vn\/product\/east-west-rye-whisky-oak-barrel-aged-belgian-blonde\/"},"modified":"2022-04-15T13:56:10","modified_gmt":"2022-04-15T06:56:10","slug":"east-west-rye-whisky-oak-barrel-aged-belgian-blonde","status":"publish","type":"product","link":"https:\/\/thebottleshop.vn\/vi\/san-pham\/east-west-rye-whisky-oak-barrel-aged-belgian-blonde\/","title":{"rendered":"East West Rye Whisky Oak barrel-aged Belgian Blonde"},"content":{"rendered":"<p>Rye Whiskey Oak-Aged Belgian Blonde l\u00e0 s\u1ea3n ph\u1ea9m th\u1ee9 ba trong series Bia \u1ee6 Th\u00f9ng G\u1ed7 c\u1ee7a East West Brewing. \u0110\u00e2y l\u00e0 bia Modern Belgian Blonde \u0111\u01b0\u1ee3c \u1ee7 trong c\u00e1c th\u00f9ng g\u1ed7 s\u1ed3i t\u1eebng \u0111\u01b0\u1ee3c d\u00f9ng \u0111\u1ec3 ch\u1ee9a r\u01b0\u1ee3u Rye Whiskey t\u1eeb x\u01b0\u1edfng r\u01b0\u1ee3u Breckenridge \u0111\u01b0\u1ee3c ch\u00fang t\u00f4i nh\u1eadp kh\u1ea9u tr\u1ef1c ti\u1ebfp t\u1eeb Colorado, M\u1ef9. Qu\u00e1 tr\u00ecnh \u1ee7 2 th\u00e1ng t\u1ea1o n\u00ean h\u01b0\u01a1ng v\u1ecb vani, \u0111\u01b0\u1eddng caramel v\u00e0 h\u01b0\u01a1ng g\u1ed7 s\u1ed3i quy\u1ec7n c\u00f9ng v\u1ecb cay n\u1ed3ng \u1ea5m \u00e1p c\u1ee7a whiskey.<\/p>\n<p>&#8212;&#8211;<br \/>\nXem th\u01b0 vi\u1ec7n h\u00ecnh \u1ea3nh \u0111\u1ec3 bi\u1ebft th\u00eam th\u00f4ng tin chi ti\u1ebft v\u1ec1 ngu\u1ed3n g\u1ed1c, th\u00e0nh ph\u1ea7n v\u00e0 h\u01b0\u1edbng d\u1eabn s\u1eed d\u1ee5ng c\u1ee7a s\u1ea3n ph\u1ea9m.<\/p>\n","protected":false},"excerpt":{"rendered":"<p><strong>Caramen, S\u1ed3i, Whisky 8%<\/strong><\/p>\n","protected":false},"featured_media":12551,"comment_status":"open","ping_status":"closed","template":"","meta":{"_acf_changed":false},"product_brand":[],"product_cat":[395,340,379,337,350,362,375,351,366,345,377,339,341,352,386,368],"product_tag":[],"class_list":{"0":"post-12623","1":"product","2":"type-product","3":"status-publish","4":"has-post-thumbnail","6":"product_cat-barell-aged","7":"product_cat-vietnam-hcmc","8":"product_cat-20-39","9":"product_cat-bia-va-cider","10":"product_cat-8-9-9","11":"product_cat-bia-kieu-bi","12":"product_cat-750k-999k","13":"product_cat-dong-bia","14":"product_cat-nha-san-xuat","15":"product_cat-abv-vi","16":"product_cat-ibu","17":"product_cat-xuat-xu","18":"product_cat-dong-goi","19":"product_cat-gia","20":"product_cat-chai-750-ml","21":"product_cat-east-west","23":"first","24":"outofstock","25":"shipping-taxable","26":"purchasable","27":"product-type-simple","28":"add-to-wishlist-before_image"},"acf":[],"yoast_head":"<!-- This site is optimized with the Yoast SEO plugin v27.2 - https:\/\/yoast.com\/product\/yoast-seo-wordpress\/ -->\n<title>East West Rye Whisky Oak barrel-aged Belgian Blonde - The Bottle Shop<\/title>\n<meta name=\"robots\" content=\"index, follow, max-snippet:-1, max-image-preview:large, max-video-preview:-1\" \/>\n<link rel=\"canonical\" href=\"http:\/\/52.77.24.187\/vi\/san-pham\/east-west-rye-whisky-oak-barrel-aged-belgian-blonde\/\" \/>\n<meta property=\"og:locale\" content=\"vi_VN\" \/>\n<meta property=\"og:type\" content=\"article\" \/>\n<meta property=\"og:title\" content=\"East West Rye Whisky Oak barrel-aged Belgian Blonde - The Bottle Shop\" \/>\n<meta property=\"og:description\" content=\"Caramen, S\u1ed3i, Whisky 8%\" \/>\n<meta property=\"og:url\" content=\"http:\/\/52.77.24.187\/vi\/san-pham\/east-west-rye-whisky-oak-barrel-aged-belgian-blonde\/\" \/>\n<meta property=\"og:site_name\" content=\"The Bottle Shop\" \/>\n<meta property=\"article:publisher\" content=\"https:\/\/www.facebook.com\/thebottleshopvietnam\" \/>\n<meta property=\"article:modified_time\" content=\"2022-04-15T06:56:10+00:00\" \/>\n<meta property=\"og:image\" content=\"https:\/\/mlsrfcxkkbzg.i.optimole.com\/cb:JbP2.215d7\/w:auto\/h:auto\/q:mauto\/ig:avif\/http:\/\/52.77.24.187\/wp-content\/uploads\/2022\/02\/EW-WhiskeyBlonde-Bottle-1080-1.png\" \/>\n\t<meta property=\"og:image:width\" content=\"1080\" \/>\n\t<meta property=\"og:image:height\" content=\"1080\" \/>\n\t<meta property=\"og:image:type\" content=\"image\/png\" \/>\n<meta name=\"twitter:card\" content=\"summary_large_image\" \/>\n<meta name=\"twitter:label1\" content=\"Est. reading time\" \/>\n\t<meta name=\"twitter:data1\" content=\"1 minute\" \/>\n<script type=\"application\/ld+json\" class=\"yoast-schema-graph\">{\"@context\":\"https:\/\/schema.org\",\"@graph\":[{\"@type\":\"WebPage\",\"@id\":\"http:\/\/52.77.24.187\/vi\/san-pham\/east-west-rye-whisky-oak-barrel-aged-belgian-blonde\/\",\"url\":\"http:\/\/52.77.24.187\/vi\/san-pham\/east-west-rye-whisky-oak-barrel-aged-belgian-blonde\/\",\"name\":\"East West Rye Whisky Oak barrel-aged Belgian Blonde - The Bottle Shop\",\"isPartOf\":{\"@id\":\"http:\/\/52.77.24.187\/#website\"},\"primaryImageOfPage\":{\"@id\":\"http:\/\/52.77.24.187\/vi\/san-pham\/east-west-rye-whisky-oak-barrel-aged-belgian-blonde\/#primaryimage\"},\"image\":{\"@id\":\"http:\/\/52.77.24.187\/vi\/san-pham\/east-west-rye-whisky-oak-barrel-aged-belgian-blonde\/#primaryimage\"},\"thumbnailUrl\":\"https:\/\/mlsrfcxkkbzg.i.optimole.com\/cb:JbP2.215d7\/w:auto\/h:auto\/q:mauto\/ig:avif\/https:\/\/thebottleshop.vn\/wp-content\/uploads\/2022\/02\/EW-WhiskeyBlonde-Bottle-1080-1.png\",\"datePublished\":\"2022-02-15T14:39:00+00:00\",\"dateModified\":\"2022-04-15T06:56:10+00:00\",\"breadcrumb\":{\"@id\":\"http:\/\/52.77.24.187\/vi\/san-pham\/east-west-rye-whisky-oak-barrel-aged-belgian-blonde\/#breadcrumb\"},\"inLanguage\":\"vi-VN\",\"potentialAction\":[{\"@type\":\"ReadAction\",\"target\":[\"http:\/\/52.77.24.187\/vi\/san-pham\/east-west-rye-whisky-oak-barrel-aged-belgian-blonde\/\"]}]},{\"@type\":\"ImageObject\",\"inLanguage\":\"vi-VN\",\"@id\":\"http:\/\/52.77.24.187\/vi\/san-pham\/east-west-rye-whisky-oak-barrel-aged-belgian-blonde\/#primaryimage\",\"url\":\"https:\/\/mlsrfcxkkbzg.i.optimole.com\/cb:JbP2.215d7\/w:auto\/h:auto\/q:mauto\/ig:avif\/https:\/\/thebottleshop.vn\/wp-content\/uploads\/2022\/02\/EW-WhiskeyBlonde-Bottle-1080-1.png\",\"contentUrl\":\"https:\/\/mlsrfcxkkbzg.i.optimole.com\/cb:JbP2.215d7\/w:auto\/h:auto\/q:mauto\/ig:avif\/https:\/\/thebottleshop.vn\/wp-content\/uploads\/2022\/02\/EW-WhiskeyBlonde-Bottle-1080-1.png\",\"width\":1080,\"height\":1080,\"caption\":\"East West Whiskey Barrel-aged Belgian Blonde\"},{\"@type\":\"BreadcrumbList\",\"@id\":\"http:\/\/52.77.24.187\/vi\/san-pham\/east-west-rye-whisky-oak-barrel-aged-belgian-blonde\/#breadcrumb\",\"itemListElement\":[{\"@type\":\"ListItem\",\"position\":1,\"name\":\"Home\",\"item\":\"http:\/\/52.77.24.187\/vi\/test-popup-vi\/\"},{\"@type\":\"ListItem\",\"position\":2,\"name\":\"C\u1eeda h\u00e0ng\",\"item\":\"http:\/\/52.77.24.187\/vi\/cua-hang\/\"},{\"@type\":\"ListItem\",\"position\":3,\"name\":\"East West Rye Whisky Oak barrel-aged Belgian Blonde\"}]},{\"@type\":\"WebSite\",\"@id\":\"http:\/\/52.77.24.187\/#website\",\"url\":\"http:\/\/52.77.24.187\/\",\"name\":\"The Bottle Shop\",\"description\":\"All beers are not created equal\",\"publisher\":{\"@id\":\"http:\/\/52.77.24.187\/#organization\"},\"potentialAction\":[{\"@type\":\"SearchAction\",\"target\":{\"@type\":\"EntryPoint\",\"urlTemplate\":\"http:\/\/52.77.24.187\/?s={search_term_string}\"},\"query-input\":{\"@type\":\"PropertyValueSpecification\",\"valueRequired\":true,\"valueName\":\"search_term_string\"}}],\"inLanguage\":\"vi-VN\"},{\"@type\":\"Organization\",\"@id\":\"http:\/\/52.77.24.187\/#organization\",\"name\":\"The Bottle Shop\",\"url\":\"http:\/\/52.77.24.187\/\",\"logo\":{\"@type\":\"ImageObject\",\"inLanguage\":\"vi-VN\",\"@id\":\"http:\/\/52.77.24.187\/#\/schema\/logo\/image\/\",\"url\":\"https:\/\/mlsrfcxkkbzg.i.optimole.com\/cb:JbP2.215d7\/w:auto\/h:auto\/q:mauto\/ig:avif\/https:\/\/thebottleshop.vn\/wp-content\/uploads\/2022\/10\/The-Bottle-Shop-Online-Logo.png\",\"contentUrl\":\"https:\/\/mlsrfcxkkbzg.i.optimole.com\/cb:JbP2.215d7\/w:auto\/h:auto\/q:mauto\/ig:avif\/https:\/\/thebottleshop.vn\/wp-content\/uploads\/2022\/10\/The-Bottle-Shop-Online-Logo.png\",\"width\":145,\"height\":147,\"caption\":\"The Bottle Shop\"},\"image\":{\"@id\":\"http:\/\/52.77.24.187\/#\/schema\/logo\/image\/\"},\"sameAs\":[\"https:\/\/www.facebook.com\/thebottleshopvietnam\",\"https:\/\/www.instagram.com\/thebottleshop_vietnam\/\"]}]}<\/script>\n<!-- \/ Yoast SEO plugin. -->","yoast_head_json":{"title":"East West Rye Whisky Oak barrel-aged Belgian Blonde - The Bottle Shop","robots":{"index":"index","follow":"follow","max-snippet":"max-snippet:-1","max-image-preview":"max-image-preview:large","max-video-preview":"max-video-preview:-1"},"canonical":"http:\/\/52.77.24.187\/vi\/san-pham\/east-west-rye-whisky-oak-barrel-aged-belgian-blonde\/","og_locale":"vi_VN","og_type":"article","og_title":"East West Rye Whisky Oak barrel-aged Belgian Blonde - The Bottle Shop","og_description":"Caramen, S\u1ed3i, Whisky 8%","og_url":"http:\/\/52.77.24.187\/vi\/san-pham\/east-west-rye-whisky-oak-barrel-aged-belgian-blonde\/","og_site_name":"The Bottle Shop","article_publisher":"https:\/\/www.facebook.com\/thebottleshopvietnam","article_modified_time":"2022-04-15T06:56:10+00:00","og_image":[{"width":1080,"height":1080,"url":"https:\/\/mlsrfcxkkbzg.i.optimole.com\/cb:JbP2.215d7\/w:auto\/h:auto\/q:mauto\/ig:avif\/http:\/\/52.77.24.187\/wp-content\/uploads\/2022\/02\/EW-WhiskeyBlonde-Bottle-1080-1.png","type":"image\/png"}],"twitter_card":"summary_large_image","twitter_misc":{"Est. reading time":"1 minute"},"schema":{"@context":"https:\/\/schema.org","@graph":[{"@type":"WebPage","@id":"http:\/\/52.77.24.187\/vi\/san-pham\/east-west-rye-whisky-oak-barrel-aged-belgian-blonde\/","url":"http:\/\/52.77.24.187\/vi\/san-pham\/east-west-rye-whisky-oak-barrel-aged-belgian-blonde\/","name":"East West Rye Whisky Oak barrel-aged Belgian Blonde - The Bottle Shop","isPartOf":{"@id":"http:\/\/52.77.24.187\/#website"},"primaryImageOfPage":{"@id":"http:\/\/52.77.24.187\/vi\/san-pham\/east-west-rye-whisky-oak-barrel-aged-belgian-blonde\/#primaryimage"},"image":{"@id":"http:\/\/52.77.24.187\/vi\/san-pham\/east-west-rye-whisky-oak-barrel-aged-belgian-blonde\/#primaryimage"},"thumbnailUrl":"https:\/\/mlsrfcxkkbzg.i.optimole.com\/cb:JbP2.215d7\/w:auto\/h:auto\/q:mauto\/ig:avif\/https:\/\/thebottleshop.vn\/wp-content\/uploads\/2022\/02\/EW-WhiskeyBlonde-Bottle-1080-1.png","datePublished":"2022-02-15T14:39:00+00:00","dateModified":"2022-04-15T06:56:10+00:00","breadcrumb":{"@id":"http:\/\/52.77.24.187\/vi\/san-pham\/east-west-rye-whisky-oak-barrel-aged-belgian-blonde\/#breadcrumb"},"inLanguage":"vi-VN","potentialAction":[{"@type":"ReadAction","target":["http:\/\/52.77.24.187\/vi\/san-pham\/east-west-rye-whisky-oak-barrel-aged-belgian-blonde\/"]}]},{"@type":"ImageObject","inLanguage":"vi-VN","@id":"http:\/\/52.77.24.187\/vi\/san-pham\/east-west-rye-whisky-oak-barrel-aged-belgian-blonde\/#primaryimage","url":"https:\/\/mlsrfcxkkbzg.i.optimole.com\/cb:JbP2.215d7\/w:auto\/h:auto\/q:mauto\/ig:avif\/https:\/\/thebottleshop.vn\/wp-content\/uploads\/2022\/02\/EW-WhiskeyBlonde-Bottle-1080-1.png","contentUrl":"https:\/\/mlsrfcxkkbzg.i.optimole.com\/cb:JbP2.215d7\/w:auto\/h:auto\/q:mauto\/ig:avif\/https:\/\/thebottleshop.vn\/wp-content\/uploads\/2022\/02\/EW-WhiskeyBlonde-Bottle-1080-1.png","width":1080,"height":1080,"caption":"East West Whiskey Barrel-aged Belgian Blonde"},{"@type":"BreadcrumbList","@id":"http:\/\/52.77.24.187\/vi\/san-pham\/east-west-rye-whisky-oak-barrel-aged-belgian-blonde\/#breadcrumb","itemListElement":[{"@type":"ListItem","position":1,"name":"Home","item":"http:\/\/52.77.24.187\/vi\/test-popup-vi\/"},{"@type":"ListItem","position":2,"name":"C\u1eeda h\u00e0ng","item":"http:\/\/52.77.24.187\/vi\/cua-hang\/"},{"@type":"ListItem","position":3,"name":"East West Rye Whisky Oak barrel-aged Belgian Blonde"}]},{"@type":"WebSite","@id":"http:\/\/52.77.24.187\/#website","url":"http:\/\/52.77.24.187\/","name":"The Bottle Shop","description":"All beers are not created equal","publisher":{"@id":"http:\/\/52.77.24.187\/#organization"},"potentialAction":[{"@type":"SearchAction","target":{"@type":"EntryPoint","urlTemplate":"http:\/\/52.77.24.187\/?s={search_term_string}"},"query-input":{"@type":"PropertyValueSpecification","valueRequired":true,"valueName":"search_term_string"}}],"inLanguage":"vi-VN"},{"@type":"Organization","@id":"http:\/\/52.77.24.187\/#organization","name":"The Bottle Shop","url":"http:\/\/52.77.24.187\/","logo":{"@type":"ImageObject","inLanguage":"vi-VN","@id":"http:\/\/52.77.24.187\/#\/schema\/logo\/image\/","url":"https:\/\/mlsrfcxkkbzg.i.optimole.com\/cb:JbP2.215d7\/w:auto\/h:auto\/q:mauto\/ig:avif\/https:\/\/thebottleshop.vn\/wp-content\/uploads\/2022\/10\/The-Bottle-Shop-Online-Logo.png","contentUrl":"https:\/\/mlsrfcxkkbzg.i.optimole.com\/cb:JbP2.215d7\/w:auto\/h:auto\/q:mauto\/ig:avif\/https:\/\/thebottleshop.vn\/wp-content\/uploads\/2022\/10\/The-Bottle-Shop-Online-Logo.png","width":145,"height":147,"caption":"The Bottle Shop"},"image":{"@id":"http:\/\/52.77.24.187\/#\/schema\/logo\/image\/"},"sameAs":["https:\/\/www.facebook.com\/thebottleshopvietnam","https:\/\/www.instagram.com\/thebottleshop_vietnam\/"]}]}},"_links":{"self":[{"href":"https:\/\/thebottleshop.vn\/vi\/wp-json\/wp\/v2\/product\/12623","targetHints":{"allow":["GET"]}}],"collection":[{"href":"https:\/\/thebottleshop.vn\/vi\/wp-json\/wp\/v2\/product"}],"about":[{"href":"https:\/\/thebottleshop.vn\/vi\/wp-json\/wp\/v2\/types\/product"}],"replies":[{"embeddable":true,"href":"https:\/\/thebottleshop.vn\/vi\/wp-json\/wp\/v2\/comments?post=12623"}],"wp:featuredmedia":[{"embeddable":true,"href":"https:\/\/thebottleshop.vn\/vi\/wp-json\/wp\/v2\/media\/12551"}],"wp:attachment":[{"href":"https:\/\/thebottleshop.vn\/vi\/wp-json\/wp\/v2\/media?parent=12623"}],"wp:term":[{"taxonomy":"product_brand","embeddable":true,"href":"https:\/\/thebottleshop.vn\/vi\/wp-json\/wp\/v2\/product_brand?post=12623"},{"taxonomy":"product_cat","embeddable":true,"href":"https:\/\/thebottleshop.vn\/vi\/wp-json\/wp\/v2\/product_cat?post=12623"},{"taxonomy":"product_tag","embeddable":true,"href":"https:\/\/thebottleshop.vn\/vi\/wp-json\/wp\/v2\/product_tag?post=12623"}],"curies":[{"name":"wp","href":"https:\/\/api.w.org\/{rel}","templated":true}]}}