{"id":12781,"date":"2021-11-30T08:04:59","date_gmt":"2021-11-30T01:04:59","guid":{"rendered":"https:\/\/thebottleshop.vn\/product\/hod-bia-tropical-pilsner\/"},"modified":"2025-06-05T12:07:57","modified_gmt":"2025-06-05T05:07:57","slug":"hod-bia-tropical-pilsner","status":"publish","type":"product","link":"https:\/\/thebottleshop.vn\/vi\/san-pham\/hod-bia-tropical-pilsner\/","title":{"rendered":"Heart of Darkness BiA Tropical Pilsner"},"content":{"rendered":"<p>Heart of Darkness BiA Tropical Pilsner v\u1ec1 c\u01a1 b\u1ea3n l\u00e0 bia Heart of Darkness BiA Pilsner nh\u01b0ng c\u00f3 th\u00eam ch\u00fat h\u01b0\u01a1ng v\u1ecb nhi\u1ec7t \u0111\u1edbi. Mang v\u1ecb \u0111\u1eb7c tr\u01b0ng \u0111i\u1ec3n h\u00ecnh c\u1ee7a bia lager h\u00f2a quy\u1ec7n v\u1edbi h\u01b0\u01a1ng v\u1ecb nhi\u1ec7t \u0111\u1edbi c\u1ee7a xo\u00e0i v\u00e0 chanh d\u00e2y t\u01b0\u01a1i c\u00f9ng v\u1edbi v\u1ecb chanh th\u01a1m m\u00e1t c\u1ee7a hoa bia.  <\/p>\n<p>&#8212;&#8211;<br \/>\n Xem h\u00ecnh \u1ea3nh \u0111\u1ec3 bi\u1ebft \u0111\u1ea7y \u0111\u1ee7 th\u00f4ng tin chi ti\u1ebft v\u1ec1 ngu\u1ed3n g\u1ed1c, th\u00e0nh ph\u1ea7n v\u00e0 y\u00eau c\u1ea7u b\u1ea3o qu\u1ea3n c\u1ee7a s\u1ea3n ph\u1ea9m n\u00e0y.<\/p>\n","protected":false},"excerpt":{"rendered":"<p><strong>Thanh m\u00e1t, Tr\u00e1i c\u00e2y, Nhi\u1ec7t \u0111\u1edbi 5%<\/strong><\/p>\n","protected":false},"featured_media":11784,"comment_status":"open","ping_status":"closed","template":"","meta":{"_acf_changed":false},"product_brand":[],"product_cat":[347,337,340,379,354,351,366,345,377,339,341,352,357,344,369,387],"product_tag":[],"class_list":{"0":"post-12781","1":"product","2":"type-product","3":"status-publish","4":"has-post-thumbnail","6":"product_cat-4-5-9","7":"product_cat-bia-va-cider","8":"product_cat-vietnam-hcmc","9":"product_cat-20-39","10":"product_cat-75k-99k","11":"product_cat-dong-bia","12":"product_cat-nha-san-xuat","13":"product_cat-abv-vi","14":"product_cat-ibu","15":"product_cat-xuat-xu","16":"product_cat-dong-goi","17":"product_cat-gia","18":"product_cat-pilsner","19":"product_cat-lon-330-ml","20":"product_cat-heart-of-darkness","21":"product_cat-thung-24-lon","22":"pa_pack_type-can-330ml-vi","23":"pa_pack_type-thung-24","25":"first","26":"instock","27":"sale","28":"shipping-taxable","29":"product-type-variable","30":"add-to-wishlist-before_image"},"acf":[],"yoast_head":"<!-- This site is optimized with the Yoast SEO plugin v27.2 - https:\/\/yoast.com\/product\/yoast-seo-wordpress\/ -->\n<title>Heart of Darkness BiA Tropical Pilsner - The Bottle Shop<\/title>\n<meta name=\"description\" content=\"Heart of Darkness BiA Tropical Pilsner v\u1ec1 c\u01a1 b\u1ea3n l\u00e0 bia Heart of Darkness BiA Pilsner nh\u01b0ng c\u00f3 th\u00eam ch\u00fat h\u01b0\u01a1ng v\u1ecb nhi\u1ec7t \u0111\u1edbi.\" \/>\n<meta name=\"robots\" content=\"index, follow, max-snippet:-1, max-image-preview:large, max-video-preview:-1\" \/>\n<link rel=\"canonical\" href=\"http:\/\/52.77.24.187\/vi\/san-pham\/hod-bia-tropical-pilsner\/\" \/>\n<meta property=\"og:locale\" content=\"vi_VN\" \/>\n<meta property=\"og:type\" content=\"article\" \/>\n<meta property=\"og:title\" content=\"Heart of Darkness BiA Tropical Pilsner - The Bottle Shop\" \/>\n<meta property=\"og:description\" content=\"Heart of Darkness BiA Tropical Pilsner v\u1ec1 c\u01a1 b\u1ea3n l\u00e0 bia Heart of Darkness BiA Pilsner nh\u01b0ng c\u00f3 th\u00eam ch\u00fat h\u01b0\u01a1ng v\u1ecb nhi\u1ec7t \u0111\u1edbi.\" \/>\n<meta property=\"og:url\" content=\"http:\/\/52.77.24.187\/vi\/san-pham\/hod-bia-tropical-pilsner\/\" \/>\n<meta property=\"og:site_name\" content=\"The Bottle Shop\" \/>\n<meta property=\"article:publisher\" content=\"https:\/\/www.facebook.com\/thebottleshopvietnam\" \/>\n<meta property=\"article:modified_time\" content=\"2025-06-05T05:07:57+00:00\" \/>\n<meta property=\"og:image\" content=\"https:\/\/mlsrfcxkkbzg.i.optimole.com\/cb:JbP2.215d7\/w:auto\/h:auto\/q:mauto\/ig:avif\/http:\/\/52.77.24.187\/wp-content\/uploads\/2022\/01\/HoD-Tropical-BiA.png\" \/>\n\t<meta property=\"og:image:width\" content=\"1080\" \/>\n\t<meta property=\"og:image:height\" content=\"1080\" \/>\n\t<meta property=\"og:image:type\" content=\"image\/png\" \/>\n<meta name=\"twitter:card\" content=\"summary_large_image\" \/>\n<meta name=\"twitter:label1\" content=\"Est. reading time\" \/>\n\t<meta name=\"twitter:data1\" content=\"1 minute\" \/>\n<script type=\"application\/ld+json\" class=\"yoast-schema-graph\">{\"@context\":\"https:\/\/schema.org\",\"@graph\":[{\"@type\":\"WebPage\",\"@id\":\"http:\/\/52.77.24.187\/vi\/san-pham\/hod-bia-tropical-pilsner\/\",\"url\":\"http:\/\/52.77.24.187\/vi\/san-pham\/hod-bia-tropical-pilsner\/\",\"name\":\"Heart of Darkness BiA Tropical Pilsner - The Bottle Shop\",\"isPartOf\":{\"@id\":\"http:\/\/52.77.24.187\/#website\"},\"primaryImageOfPage\":{\"@id\":\"http:\/\/52.77.24.187\/vi\/san-pham\/hod-bia-tropical-pilsner\/#primaryimage\"},\"image\":{\"@id\":\"http:\/\/52.77.24.187\/vi\/san-pham\/hod-bia-tropical-pilsner\/#primaryimage\"},\"thumbnailUrl\":\"https:\/\/mlsrfcxkkbzg.i.optimole.com\/cb:JbP2.215d7\/w:auto\/h:auto\/q:mauto\/ig:avif\/https:\/\/thebottleshop.vn\/wp-content\/uploads\/2022\/01\/HoD-Tropical-BiA.png\",\"datePublished\":\"2021-11-30T01:04:59+00:00\",\"dateModified\":\"2025-06-05T05:07:57+00:00\",\"description\":\"Heart of Darkness BiA Tropical Pilsner v\u1ec1 c\u01a1 b\u1ea3n l\u00e0 bia Heart of Darkness BiA Pilsner nh\u01b0ng c\u00f3 th\u00eam ch\u00fat h\u01b0\u01a1ng v\u1ecb nhi\u1ec7t \u0111\u1edbi.\",\"breadcrumb\":{\"@id\":\"http:\/\/52.77.24.187\/vi\/san-pham\/hod-bia-tropical-pilsner\/#breadcrumb\"},\"inLanguage\":\"vi-VN\",\"potentialAction\":[{\"@type\":\"ReadAction\",\"target\":[\"http:\/\/52.77.24.187\/vi\/san-pham\/hod-bia-tropical-pilsner\/\"]}]},{\"@type\":\"ImageObject\",\"inLanguage\":\"vi-VN\",\"@id\":\"http:\/\/52.77.24.187\/vi\/san-pham\/hod-bia-tropical-pilsner\/#primaryimage\",\"url\":\"https:\/\/mlsrfcxkkbzg.i.optimole.com\/cb:JbP2.215d7\/w:auto\/h:auto\/q:mauto\/ig:avif\/https:\/\/thebottleshop.vn\/wp-content\/uploads\/2022\/01\/HoD-Tropical-BiA.png\",\"contentUrl\":\"https:\/\/mlsrfcxkkbzg.i.optimole.com\/cb:JbP2.215d7\/w:auto\/h:auto\/q:mauto\/ig:avif\/https:\/\/thebottleshop.vn\/wp-content\/uploads\/2022\/01\/HoD-Tropical-BiA.png\",\"width\":1080,\"height\":1080,\"caption\":\"HoD-Tropical-BiA\"},{\"@type\":\"BreadcrumbList\",\"@id\":\"http:\/\/52.77.24.187\/vi\/san-pham\/hod-bia-tropical-pilsner\/#breadcrumb\",\"itemListElement\":[{\"@type\":\"ListItem\",\"position\":1,\"name\":\"Home\",\"item\":\"http:\/\/52.77.24.187\/vi\/test-popup-vi\/\"},{\"@type\":\"ListItem\",\"position\":2,\"name\":\"C\u1eeda h\u00e0ng\",\"item\":\"http:\/\/52.77.24.187\/vi\/cua-hang\/\"},{\"@type\":\"ListItem\",\"position\":3,\"name\":\"Heart of Darkness BiA Tropical Pilsner\"}]},{\"@type\":\"WebSite\",\"@id\":\"http:\/\/52.77.24.187\/#website\",\"url\":\"http:\/\/52.77.24.187\/\",\"name\":\"The Bottle Shop\",\"description\":\"All beers are not created equal\",\"publisher\":{\"@id\":\"http:\/\/52.77.24.187\/#organization\"},\"potentialAction\":[{\"@type\":\"SearchAction\",\"target\":{\"@type\":\"EntryPoint\",\"urlTemplate\":\"http:\/\/52.77.24.187\/?s={search_term_string}\"},\"query-input\":{\"@type\":\"PropertyValueSpecification\",\"valueRequired\":true,\"valueName\":\"search_term_string\"}}],\"inLanguage\":\"vi-VN\"},{\"@type\":\"Organization\",\"@id\":\"http:\/\/52.77.24.187\/#organization\",\"name\":\"The Bottle Shop\",\"url\":\"http:\/\/52.77.24.187\/\",\"logo\":{\"@type\":\"ImageObject\",\"inLanguage\":\"vi-VN\",\"@id\":\"http:\/\/52.77.24.187\/#\/schema\/logo\/image\/\",\"url\":\"https:\/\/mlsrfcxkkbzg.i.optimole.com\/cb:JbP2.215d7\/w:auto\/h:auto\/q:mauto\/ig:avif\/https:\/\/thebottleshop.vn\/wp-content\/uploads\/2022\/10\/The-Bottle-Shop-Online-Logo.png\",\"contentUrl\":\"https:\/\/mlsrfcxkkbzg.i.optimole.com\/cb:JbP2.215d7\/w:auto\/h:auto\/q:mauto\/ig:avif\/https:\/\/thebottleshop.vn\/wp-content\/uploads\/2022\/10\/The-Bottle-Shop-Online-Logo.png\",\"width\":145,\"height\":147,\"caption\":\"The Bottle Shop\"},\"image\":{\"@id\":\"http:\/\/52.77.24.187\/#\/schema\/logo\/image\/\"},\"sameAs\":[\"https:\/\/www.facebook.com\/thebottleshopvietnam\",\"https:\/\/www.instagram.com\/thebottleshop_vietnam\/\"]}]}<\/script>\n<!-- \/ Yoast SEO plugin. -->","yoast_head_json":{"title":"Heart of Darkness BiA Tropical Pilsner - The Bottle Shop","description":"Heart of Darkness BiA Tropical Pilsner v\u1ec1 c\u01a1 b\u1ea3n l\u00e0 bia Heart of Darkness BiA Pilsner nh\u01b0ng c\u00f3 th\u00eam ch\u00fat h\u01b0\u01a1ng v\u1ecb nhi\u1ec7t \u0111\u1edbi.","robots":{"index":"index","follow":"follow","max-snippet":"max-snippet:-1","max-image-preview":"max-image-preview:large","max-video-preview":"max-video-preview:-1"},"canonical":"http:\/\/52.77.24.187\/vi\/san-pham\/hod-bia-tropical-pilsner\/","og_locale":"vi_VN","og_type":"article","og_title":"Heart of Darkness BiA Tropical Pilsner - The Bottle Shop","og_description":"Heart of Darkness BiA Tropical Pilsner v\u1ec1 c\u01a1 b\u1ea3n l\u00e0 bia Heart of Darkness BiA Pilsner nh\u01b0ng c\u00f3 th\u00eam ch\u00fat h\u01b0\u01a1ng v\u1ecb nhi\u1ec7t \u0111\u1edbi.","og_url":"http:\/\/52.77.24.187\/vi\/san-pham\/hod-bia-tropical-pilsner\/","og_site_name":"The Bottle Shop","article_publisher":"https:\/\/www.facebook.com\/thebottleshopvietnam","article_modified_time":"2025-06-05T05:07:57+00:00","og_image":[{"width":1080,"height":1080,"url":"https:\/\/mlsrfcxkkbzg.i.optimole.com\/cb:JbP2.215d7\/w:auto\/h:auto\/q:mauto\/ig:avif\/http:\/\/52.77.24.187\/wp-content\/uploads\/2022\/01\/HoD-Tropical-BiA.png","type":"image\/png"}],"twitter_card":"summary_large_image","twitter_misc":{"Est. reading time":"1 minute"},"schema":{"@context":"https:\/\/schema.org","@graph":[{"@type":"WebPage","@id":"http:\/\/52.77.24.187\/vi\/san-pham\/hod-bia-tropical-pilsner\/","url":"http:\/\/52.77.24.187\/vi\/san-pham\/hod-bia-tropical-pilsner\/","name":"Heart of Darkness BiA Tropical Pilsner - The Bottle Shop","isPartOf":{"@id":"http:\/\/52.77.24.187\/#website"},"primaryImageOfPage":{"@id":"http:\/\/52.77.24.187\/vi\/san-pham\/hod-bia-tropical-pilsner\/#primaryimage"},"image":{"@id":"http:\/\/52.77.24.187\/vi\/san-pham\/hod-bia-tropical-pilsner\/#primaryimage"},"thumbnailUrl":"https:\/\/mlsrfcxkkbzg.i.optimole.com\/cb:JbP2.215d7\/w:auto\/h:auto\/q:mauto\/ig:avif\/https:\/\/thebottleshop.vn\/wp-content\/uploads\/2022\/01\/HoD-Tropical-BiA.png","datePublished":"2021-11-30T01:04:59+00:00","dateModified":"2025-06-05T05:07:57+00:00","description":"Heart of Darkness BiA Tropical Pilsner v\u1ec1 c\u01a1 b\u1ea3n l\u00e0 bia Heart of Darkness BiA Pilsner nh\u01b0ng c\u00f3 th\u00eam ch\u00fat h\u01b0\u01a1ng v\u1ecb nhi\u1ec7t \u0111\u1edbi.","breadcrumb":{"@id":"http:\/\/52.77.24.187\/vi\/san-pham\/hod-bia-tropical-pilsner\/#breadcrumb"},"inLanguage":"vi-VN","potentialAction":[{"@type":"ReadAction","target":["http:\/\/52.77.24.187\/vi\/san-pham\/hod-bia-tropical-pilsner\/"]}]},{"@type":"ImageObject","inLanguage":"vi-VN","@id":"http:\/\/52.77.24.187\/vi\/san-pham\/hod-bia-tropical-pilsner\/#primaryimage","url":"https:\/\/mlsrfcxkkbzg.i.optimole.com\/cb:JbP2.215d7\/w:auto\/h:auto\/q:mauto\/ig:avif\/https:\/\/thebottleshop.vn\/wp-content\/uploads\/2022\/01\/HoD-Tropical-BiA.png","contentUrl":"https:\/\/mlsrfcxkkbzg.i.optimole.com\/cb:JbP2.215d7\/w:auto\/h:auto\/q:mauto\/ig:avif\/https:\/\/thebottleshop.vn\/wp-content\/uploads\/2022\/01\/HoD-Tropical-BiA.png","width":1080,"height":1080,"caption":"HoD-Tropical-BiA"},{"@type":"BreadcrumbList","@id":"http:\/\/52.77.24.187\/vi\/san-pham\/hod-bia-tropical-pilsner\/#breadcrumb","itemListElement":[{"@type":"ListItem","position":1,"name":"Home","item":"http:\/\/52.77.24.187\/vi\/test-popup-vi\/"},{"@type":"ListItem","position":2,"name":"C\u1eeda h\u00e0ng","item":"http:\/\/52.77.24.187\/vi\/cua-hang\/"},{"@type":"ListItem","position":3,"name":"Heart of Darkness BiA Tropical Pilsner"}]},{"@type":"WebSite","@id":"http:\/\/52.77.24.187\/#website","url":"http:\/\/52.77.24.187\/","name":"The Bottle Shop","description":"All beers are not created equal","publisher":{"@id":"http:\/\/52.77.24.187\/#organization"},"potentialAction":[{"@type":"SearchAction","target":{"@type":"EntryPoint","urlTemplate":"http:\/\/52.77.24.187\/?s={search_term_string}"},"query-input":{"@type":"PropertyValueSpecification","valueRequired":true,"valueName":"search_term_string"}}],"inLanguage":"vi-VN"},{"@type":"Organization","@id":"http:\/\/52.77.24.187\/#organization","name":"The Bottle Shop","url":"http:\/\/52.77.24.187\/","logo":{"@type":"ImageObject","inLanguage":"vi-VN","@id":"http:\/\/52.77.24.187\/#\/schema\/logo\/image\/","url":"https:\/\/mlsrfcxkkbzg.i.optimole.com\/cb:JbP2.215d7\/w:auto\/h:auto\/q:mauto\/ig:avif\/https:\/\/thebottleshop.vn\/wp-content\/uploads\/2022\/10\/The-Bottle-Shop-Online-Logo.png","contentUrl":"https:\/\/mlsrfcxkkbzg.i.optimole.com\/cb:JbP2.215d7\/w:auto\/h:auto\/q:mauto\/ig:avif\/https:\/\/thebottleshop.vn\/wp-content\/uploads\/2022\/10\/The-Bottle-Shop-Online-Logo.png","width":145,"height":147,"caption":"The Bottle Shop"},"image":{"@id":"http:\/\/52.77.24.187\/#\/schema\/logo\/image\/"},"sameAs":["https:\/\/www.facebook.com\/thebottleshopvietnam","https:\/\/www.instagram.com\/thebottleshop_vietnam\/"]}]}},"_links":{"self":[{"href":"https:\/\/thebottleshop.vn\/vi\/wp-json\/wp\/v2\/product\/12781","targetHints":{"allow":["GET"]}}],"collection":[{"href":"https:\/\/thebottleshop.vn\/vi\/wp-json\/wp\/v2\/product"}],"about":[{"href":"https:\/\/thebottleshop.vn\/vi\/wp-json\/wp\/v2\/types\/product"}],"replies":[{"embeddable":true,"href":"https:\/\/thebottleshop.vn\/vi\/wp-json\/wp\/v2\/comments?post=12781"}],"wp:featuredmedia":[{"embeddable":true,"href":"https:\/\/thebottleshop.vn\/vi\/wp-json\/wp\/v2\/media\/11784"}],"wp:attachment":[{"href":"https:\/\/thebottleshop.vn\/vi\/wp-json\/wp\/v2\/media?parent=12781"}],"wp:term":[{"taxonomy":"product_brand","embeddable":true,"href":"https:\/\/thebottleshop.vn\/vi\/wp-json\/wp\/v2\/product_brand?post=12781"},{"taxonomy":"product_cat","embeddable":true,"href":"https:\/\/thebottleshop.vn\/vi\/wp-json\/wp\/v2\/product_cat?post=12781"},{"taxonomy":"product_tag","embeddable":true,"href":"https:\/\/thebottleshop.vn\/vi\/wp-json\/wp\/v2\/product_tag?post=12781"}],"curies":[{"name":"wp","href":"https:\/\/api.w.org\/{rel}","templated":true}]}}