{"id":13018,"date":"2022-01-28T06:46:58","date_gmt":"2022-01-27T23:46:58","guid":{"rendered":"https:\/\/thebottleshop.vn\/product\/dalat-cider-house-apple-cider\/"},"modified":"2025-06-05T10:02:47","modified_gmt":"2025-06-05T03:02:47","slug":"dalat-cider-house-apple-cider","status":"publish","type":"product","link":"https:\/\/thebottleshop.vn\/vi\/san-pham\/dalat-cider-house-apple-cider\/","title":{"rendered":"Dalat Cider T\u00e1o"},"content":{"rendered":"<p>Dalat Cider l\u00e0 lo\u1ea1i cider c\u1ee9ng \u00eam d\u1ecbu, thanh m\u00e1t v\u00e0 s\u1ea3ng kho\u00e1i th\u00edch h\u1ee3p cho m\u1ecdi d\u1ecbp. N\u01b0\u1edbc t\u00e1o l\u00ean men nguy\u00ean ch\u1ea5t ho\u00e0n to\u00e0n kh\u00f4ng s\u1eed d\u1ee5ng ch\u1ea5t b\u1ea3o qu\u1ea3n, ph\u1ea9m m\u00e0u hay h\u01b0\u01a1ng v\u1ecb nh\u00e2n t\u1ea1o.<\/p>\n<p>&#8212;&#8211;<br \/>\n Xem h\u00ecnh \u1ea3nh \u0111\u1ec3 bi\u1ebft \u0111\u1ea7y \u0111\u1ee7 th\u00f4ng tin chi ti\u1ebft v\u1ec1 ngu\u1ed3n g\u1ed1c, th\u00e0nh ph\u1ea7n v\u00e0 y\u00eau c\u1ea7u b\u1ea3o qu\u1ea3n c\u1ee7a s\u1ea3n ph\u1ea9m n\u00e0y.<\/p>\n","protected":false},"excerpt":{"rendered":"<p><strong>\u00cam d\u1ecbu, Tinh t\u1ebf, S\u1ea3ng kho\u00e1i 4.6%<\/strong><\/p>\n","protected":false},"featured_media":12155,"comment_status":"open","ping_status":"closed","template":"","meta":{"_acf_changed":false},"product_brand":[],"product_cat":[514,347,353,337,340,375,351,363,342,366,345,339,341,352,394,513,511],"product_tag":[],"class_list":{"0":"post-13018","1":"product","2":"type-product","3":"status-publish","4":"has-post-thumbnail","6":"product_cat-khong-gluten","7":"product_cat-4-5-9","8":"product_cat-50k-74k","9":"product_cat-bia-va-cider","10":"product_cat-vietnam-hcmc","11":"product_cat-750k-999k","12":"product_cat-dong-bia","13":"product_cat-cider","14":"product_cat-chai-330-ml","15":"product_cat-nha-san-xuat","16":"product_cat-abv-vi","17":"product_cat-xuat-xu","18":"product_cat-dong-goi","19":"product_cat-gia","20":"product_cat-dalat-cider-house","21":"product_cat-khac","22":"product_cat-thung-12-chai","23":"pa_pack_type-bottle-330ml-vi","24":"pa_pack_type-thung-12","26":"first","27":"instock","28":"sale","29":"shipping-taxable","30":"purchasable","31":"product-type-variable","32":"has-default-attributes","33":"add-to-wishlist-before_image"},"acf":[],"yoast_head":"<!-- This site is optimized with the Yoast SEO plugin v27.2 - https:\/\/yoast.com\/product\/yoast-seo-wordpress\/ -->\n<title>Dalat Cider T\u00e1o - The Bottle Shop<\/title>\n<meta name=\"description\" content=\"Dalat Cider l\u00e0 lo\u1ea1i cider c\u1ee9ng \u00eam d\u1ecbu, thanh m\u00e1t v\u00e0 s\u1ea3ng kho\u00e1i th\u00edch h\u1ee3p cho m\u1ecdi d\u1ecbp. N\u01b0\u1edbc t\u00e1o l\u00ean men nguy\u00ean ch\u1ea5t ho\u00e0n to\u00e0n kh\u00f4ng s\u1eed d\u1ee5ng ch\u1ea5t b\u1ea3o qu\u1ea3n, ph\u1ea9m m\u00e0u hay h\u01b0\u01a1ng v\u1ecb nh\u00e2n t\u1ea1o.\" \/>\n<meta name=\"robots\" content=\"index, follow, max-snippet:-1, max-image-preview:large, max-video-preview:-1\" \/>\n<link rel=\"canonical\" href=\"http:\/\/52.77.24.187\/vi\/san-pham\/dalat-cider-house-apple-cider\/\" \/>\n<meta property=\"og:locale\" content=\"vi_VN\" \/>\n<meta property=\"og:type\" content=\"article\" \/>\n<meta property=\"og:title\" content=\"Dalat Cider T\u00e1o - The Bottle Shop\" \/>\n<meta property=\"og:description\" content=\"Dalat Cider l\u00e0 lo\u1ea1i cider c\u1ee9ng \u00eam d\u1ecbu, thanh m\u00e1t v\u00e0 s\u1ea3ng kho\u00e1i th\u00edch h\u1ee3p cho m\u1ecdi d\u1ecbp. N\u01b0\u1edbc t\u00e1o l\u00ean men nguy\u00ean ch\u1ea5t ho\u00e0n to\u00e0n kh\u00f4ng s\u1eed d\u1ee5ng ch\u1ea5t b\u1ea3o qu\u1ea3n, ph\u1ea9m m\u00e0u hay h\u01b0\u01a1ng v\u1ecb nh\u00e2n t\u1ea1o.\" \/>\n<meta property=\"og:url\" content=\"http:\/\/52.77.24.187\/vi\/san-pham\/dalat-cider-house-apple-cider\/\" \/>\n<meta property=\"og:site_name\" content=\"The Bottle Shop\" \/>\n<meta property=\"article:publisher\" content=\"https:\/\/www.facebook.com\/thebottleshopvietnam\" \/>\n<meta property=\"article:modified_time\" content=\"2025-06-05T03:02:47+00:00\" \/>\n<meta property=\"og:image\" content=\"https:\/\/mlsrfcxkkbzg.i.optimole.com\/cb:JbP2.215d7\/w:auto\/h:auto\/q:mauto\/ig:avif\/http:\/\/52.77.24.187\/wp-content\/uploads\/2022\/02\/Dalat-Cider-House-Apple-bottle.png\" \/>\n\t<meta property=\"og:image:width\" content=\"1080\" \/>\n\t<meta property=\"og:image:height\" content=\"1080\" \/>\n\t<meta property=\"og:image:type\" content=\"image\/png\" \/>\n<meta name=\"twitter:card\" content=\"summary_large_image\" \/>\n<meta name=\"twitter:label1\" content=\"Est. reading time\" \/>\n\t<meta name=\"twitter:data1\" content=\"1 minute\" \/>\n<script type=\"application\/ld+json\" class=\"yoast-schema-graph\">{\"@context\":\"https:\/\/schema.org\",\"@graph\":[{\"@type\":\"WebPage\",\"@id\":\"http:\/\/52.77.24.187\/vi\/san-pham\/dalat-cider-house-apple-cider\/\",\"url\":\"http:\/\/52.77.24.187\/vi\/san-pham\/dalat-cider-house-apple-cider\/\",\"name\":\"Dalat Cider T\u00e1o - The Bottle Shop\",\"isPartOf\":{\"@id\":\"http:\/\/52.77.24.187\/#website\"},\"primaryImageOfPage\":{\"@id\":\"http:\/\/52.77.24.187\/vi\/san-pham\/dalat-cider-house-apple-cider\/#primaryimage\"},\"image\":{\"@id\":\"http:\/\/52.77.24.187\/vi\/san-pham\/dalat-cider-house-apple-cider\/#primaryimage\"},\"thumbnailUrl\":\"https:\/\/mlsrfcxkkbzg.i.optimole.com\/cb:JbP2.215d7\/w:auto\/h:auto\/q:mauto\/ig:avif\/https:\/\/thebottleshop.vn\/wp-content\/uploads\/2022\/02\/Dalat-Cider-House-Apple-bottle.png\",\"datePublished\":\"2022-01-27T23:46:58+00:00\",\"dateModified\":\"2025-06-05T03:02:47+00:00\",\"description\":\"Dalat Cider l\u00e0 lo\u1ea1i cider c\u1ee9ng \u00eam d\u1ecbu, thanh m\u00e1t v\u00e0 s\u1ea3ng kho\u00e1i th\u00edch h\u1ee3p cho m\u1ecdi d\u1ecbp. N\u01b0\u1edbc t\u00e1o l\u00ean men nguy\u00ean ch\u1ea5t ho\u00e0n to\u00e0n kh\u00f4ng s\u1eed d\u1ee5ng ch\u1ea5t b\u1ea3o qu\u1ea3n, ph\u1ea9m m\u00e0u hay h\u01b0\u01a1ng v\u1ecb nh\u00e2n t\u1ea1o.\",\"breadcrumb\":{\"@id\":\"http:\/\/52.77.24.187\/vi\/san-pham\/dalat-cider-house-apple-cider\/#breadcrumb\"},\"inLanguage\":\"vi-VN\",\"potentialAction\":[{\"@type\":\"ReadAction\",\"target\":[\"http:\/\/52.77.24.187\/vi\/san-pham\/dalat-cider-house-apple-cider\/\"]}]},{\"@type\":\"ImageObject\",\"inLanguage\":\"vi-VN\",\"@id\":\"http:\/\/52.77.24.187\/vi\/san-pham\/dalat-cider-house-apple-cider\/#primaryimage\",\"url\":\"https:\/\/mlsrfcxkkbzg.i.optimole.com\/cb:JbP2.215d7\/w:auto\/h:auto\/q:mauto\/ig:avif\/https:\/\/thebottleshop.vn\/wp-content\/uploads\/2022\/02\/Dalat-Cider-House-Apple-bottle.png\",\"contentUrl\":\"https:\/\/mlsrfcxkkbzg.i.optimole.com\/cb:JbP2.215d7\/w:auto\/h:auto\/q:mauto\/ig:avif\/https:\/\/thebottleshop.vn\/wp-content\/uploads\/2022\/02\/Dalat-Cider-House-Apple-bottle.png\",\"width\":1080,\"height\":1080,\"caption\":\"Dalat Cider Apple\"},{\"@type\":\"BreadcrumbList\",\"@id\":\"http:\/\/52.77.24.187\/vi\/san-pham\/dalat-cider-house-apple-cider\/#breadcrumb\",\"itemListElement\":[{\"@type\":\"ListItem\",\"position\":1,\"name\":\"Home\",\"item\":\"http:\/\/52.77.24.187\/vi\/test-popup-vi\/\"},{\"@type\":\"ListItem\",\"position\":2,\"name\":\"C\u1eeda h\u00e0ng\",\"item\":\"http:\/\/52.77.24.187\/vi\/cua-hang\/\"},{\"@type\":\"ListItem\",\"position\":3,\"name\":\"Dalat Cider T\u00e1o\"}]},{\"@type\":\"WebSite\",\"@id\":\"http:\/\/52.77.24.187\/#website\",\"url\":\"http:\/\/52.77.24.187\/\",\"name\":\"The Bottle Shop\",\"description\":\"All beers are not created equal\",\"publisher\":{\"@id\":\"http:\/\/52.77.24.187\/#organization\"},\"potentialAction\":[{\"@type\":\"SearchAction\",\"target\":{\"@type\":\"EntryPoint\",\"urlTemplate\":\"http:\/\/52.77.24.187\/?s={search_term_string}\"},\"query-input\":{\"@type\":\"PropertyValueSpecification\",\"valueRequired\":true,\"valueName\":\"search_term_string\"}}],\"inLanguage\":\"vi-VN\"},{\"@type\":\"Organization\",\"@id\":\"http:\/\/52.77.24.187\/#organization\",\"name\":\"The Bottle Shop\",\"url\":\"http:\/\/52.77.24.187\/\",\"logo\":{\"@type\":\"ImageObject\",\"inLanguage\":\"vi-VN\",\"@id\":\"http:\/\/52.77.24.187\/#\/schema\/logo\/image\/\",\"url\":\"https:\/\/mlsrfcxkkbzg.i.optimole.com\/cb:JbP2.215d7\/w:auto\/h:auto\/q:mauto\/ig:avif\/https:\/\/thebottleshop.vn\/wp-content\/uploads\/2022\/10\/The-Bottle-Shop-Online-Logo.png\",\"contentUrl\":\"https:\/\/mlsrfcxkkbzg.i.optimole.com\/cb:JbP2.215d7\/w:auto\/h:auto\/q:mauto\/ig:avif\/https:\/\/thebottleshop.vn\/wp-content\/uploads\/2022\/10\/The-Bottle-Shop-Online-Logo.png\",\"width\":145,\"height\":147,\"caption\":\"The Bottle Shop\"},\"image\":{\"@id\":\"http:\/\/52.77.24.187\/#\/schema\/logo\/image\/\"},\"sameAs\":[\"https:\/\/www.facebook.com\/thebottleshopvietnam\",\"https:\/\/www.instagram.com\/thebottleshop_vietnam\/\"]}]}<\/script>\n<!-- \/ Yoast SEO plugin. -->","yoast_head_json":{"title":"Dalat Cider T\u00e1o - The Bottle Shop","description":"Dalat Cider l\u00e0 lo\u1ea1i cider c\u1ee9ng \u00eam d\u1ecbu, thanh m\u00e1t v\u00e0 s\u1ea3ng kho\u00e1i th\u00edch h\u1ee3p cho m\u1ecdi d\u1ecbp. N\u01b0\u1edbc t\u00e1o l\u00ean men nguy\u00ean ch\u1ea5t ho\u00e0n to\u00e0n kh\u00f4ng s\u1eed d\u1ee5ng ch\u1ea5t b\u1ea3o qu\u1ea3n, ph\u1ea9m m\u00e0u hay h\u01b0\u01a1ng v\u1ecb nh\u00e2n t\u1ea1o.","robots":{"index":"index","follow":"follow","max-snippet":"max-snippet:-1","max-image-preview":"max-image-preview:large","max-video-preview":"max-video-preview:-1"},"canonical":"http:\/\/52.77.24.187\/vi\/san-pham\/dalat-cider-house-apple-cider\/","og_locale":"vi_VN","og_type":"article","og_title":"Dalat Cider T\u00e1o - The Bottle Shop","og_description":"Dalat Cider l\u00e0 lo\u1ea1i cider c\u1ee9ng \u00eam d\u1ecbu, thanh m\u00e1t v\u00e0 s\u1ea3ng kho\u00e1i th\u00edch h\u1ee3p cho m\u1ecdi d\u1ecbp. N\u01b0\u1edbc t\u00e1o l\u00ean men nguy\u00ean ch\u1ea5t ho\u00e0n to\u00e0n kh\u00f4ng s\u1eed d\u1ee5ng ch\u1ea5t b\u1ea3o qu\u1ea3n, ph\u1ea9m m\u00e0u hay h\u01b0\u01a1ng v\u1ecb nh\u00e2n t\u1ea1o.","og_url":"http:\/\/52.77.24.187\/vi\/san-pham\/dalat-cider-house-apple-cider\/","og_site_name":"The Bottle Shop","article_publisher":"https:\/\/www.facebook.com\/thebottleshopvietnam","article_modified_time":"2025-06-05T03:02:47+00:00","og_image":[{"width":1080,"height":1080,"url":"https:\/\/mlsrfcxkkbzg.i.optimole.com\/cb:JbP2.215d7\/w:auto\/h:auto\/q:mauto\/ig:avif\/http:\/\/52.77.24.187\/wp-content\/uploads\/2022\/02\/Dalat-Cider-House-Apple-bottle.png","type":"image\/png"}],"twitter_card":"summary_large_image","twitter_misc":{"Est. reading time":"1 minute"},"schema":{"@context":"https:\/\/schema.org","@graph":[{"@type":"WebPage","@id":"http:\/\/52.77.24.187\/vi\/san-pham\/dalat-cider-house-apple-cider\/","url":"http:\/\/52.77.24.187\/vi\/san-pham\/dalat-cider-house-apple-cider\/","name":"Dalat Cider T\u00e1o - The Bottle Shop","isPartOf":{"@id":"http:\/\/52.77.24.187\/#website"},"primaryImageOfPage":{"@id":"http:\/\/52.77.24.187\/vi\/san-pham\/dalat-cider-house-apple-cider\/#primaryimage"},"image":{"@id":"http:\/\/52.77.24.187\/vi\/san-pham\/dalat-cider-house-apple-cider\/#primaryimage"},"thumbnailUrl":"https:\/\/mlsrfcxkkbzg.i.optimole.com\/cb:JbP2.215d7\/w:auto\/h:auto\/q:mauto\/ig:avif\/https:\/\/thebottleshop.vn\/wp-content\/uploads\/2022\/02\/Dalat-Cider-House-Apple-bottle.png","datePublished":"2022-01-27T23:46:58+00:00","dateModified":"2025-06-05T03:02:47+00:00","description":"Dalat Cider l\u00e0 lo\u1ea1i cider c\u1ee9ng \u00eam d\u1ecbu, thanh m\u00e1t v\u00e0 s\u1ea3ng kho\u00e1i th\u00edch h\u1ee3p cho m\u1ecdi d\u1ecbp. N\u01b0\u1edbc t\u00e1o l\u00ean men nguy\u00ean ch\u1ea5t ho\u00e0n to\u00e0n kh\u00f4ng s\u1eed d\u1ee5ng ch\u1ea5t b\u1ea3o qu\u1ea3n, ph\u1ea9m m\u00e0u hay h\u01b0\u01a1ng v\u1ecb nh\u00e2n t\u1ea1o.","breadcrumb":{"@id":"http:\/\/52.77.24.187\/vi\/san-pham\/dalat-cider-house-apple-cider\/#breadcrumb"},"inLanguage":"vi-VN","potentialAction":[{"@type":"ReadAction","target":["http:\/\/52.77.24.187\/vi\/san-pham\/dalat-cider-house-apple-cider\/"]}]},{"@type":"ImageObject","inLanguage":"vi-VN","@id":"http:\/\/52.77.24.187\/vi\/san-pham\/dalat-cider-house-apple-cider\/#primaryimage","url":"https:\/\/mlsrfcxkkbzg.i.optimole.com\/cb:JbP2.215d7\/w:auto\/h:auto\/q:mauto\/ig:avif\/https:\/\/thebottleshop.vn\/wp-content\/uploads\/2022\/02\/Dalat-Cider-House-Apple-bottle.png","contentUrl":"https:\/\/mlsrfcxkkbzg.i.optimole.com\/cb:JbP2.215d7\/w:auto\/h:auto\/q:mauto\/ig:avif\/https:\/\/thebottleshop.vn\/wp-content\/uploads\/2022\/02\/Dalat-Cider-House-Apple-bottle.png","width":1080,"height":1080,"caption":"Dalat Cider Apple"},{"@type":"BreadcrumbList","@id":"http:\/\/52.77.24.187\/vi\/san-pham\/dalat-cider-house-apple-cider\/#breadcrumb","itemListElement":[{"@type":"ListItem","position":1,"name":"Home","item":"http:\/\/52.77.24.187\/vi\/test-popup-vi\/"},{"@type":"ListItem","position":2,"name":"C\u1eeda h\u00e0ng","item":"http:\/\/52.77.24.187\/vi\/cua-hang\/"},{"@type":"ListItem","position":3,"name":"Dalat Cider T\u00e1o"}]},{"@type":"WebSite","@id":"http:\/\/52.77.24.187\/#website","url":"http:\/\/52.77.24.187\/","name":"The Bottle Shop","description":"All beers are not created equal","publisher":{"@id":"http:\/\/52.77.24.187\/#organization"},"potentialAction":[{"@type":"SearchAction","target":{"@type":"EntryPoint","urlTemplate":"http:\/\/52.77.24.187\/?s={search_term_string}"},"query-input":{"@type":"PropertyValueSpecification","valueRequired":true,"valueName":"search_term_string"}}],"inLanguage":"vi-VN"},{"@type":"Organization","@id":"http:\/\/52.77.24.187\/#organization","name":"The Bottle Shop","url":"http:\/\/52.77.24.187\/","logo":{"@type":"ImageObject","inLanguage":"vi-VN","@id":"http:\/\/52.77.24.187\/#\/schema\/logo\/image\/","url":"https:\/\/mlsrfcxkkbzg.i.optimole.com\/cb:JbP2.215d7\/w:auto\/h:auto\/q:mauto\/ig:avif\/https:\/\/thebottleshop.vn\/wp-content\/uploads\/2022\/10\/The-Bottle-Shop-Online-Logo.png","contentUrl":"https:\/\/mlsrfcxkkbzg.i.optimole.com\/cb:JbP2.215d7\/w:auto\/h:auto\/q:mauto\/ig:avif\/https:\/\/thebottleshop.vn\/wp-content\/uploads\/2022\/10\/The-Bottle-Shop-Online-Logo.png","width":145,"height":147,"caption":"The Bottle Shop"},"image":{"@id":"http:\/\/52.77.24.187\/#\/schema\/logo\/image\/"},"sameAs":["https:\/\/www.facebook.com\/thebottleshopvietnam","https:\/\/www.instagram.com\/thebottleshop_vietnam\/"]}]}},"_links":{"self":[{"href":"https:\/\/thebottleshop.vn\/vi\/wp-json\/wp\/v2\/product\/13018","targetHints":{"allow":["GET"]}}],"collection":[{"href":"https:\/\/thebottleshop.vn\/vi\/wp-json\/wp\/v2\/product"}],"about":[{"href":"https:\/\/thebottleshop.vn\/vi\/wp-json\/wp\/v2\/types\/product"}],"replies":[{"embeddable":true,"href":"https:\/\/thebottleshop.vn\/vi\/wp-json\/wp\/v2\/comments?post=13018"}],"wp:featuredmedia":[{"embeddable":true,"href":"https:\/\/thebottleshop.vn\/vi\/wp-json\/wp\/v2\/media\/12155"}],"wp:attachment":[{"href":"https:\/\/thebottleshop.vn\/vi\/wp-json\/wp\/v2\/media?parent=13018"}],"wp:term":[{"taxonomy":"product_brand","embeddable":true,"href":"https:\/\/thebottleshop.vn\/vi\/wp-json\/wp\/v2\/product_brand?post=13018"},{"taxonomy":"product_cat","embeddable":true,"href":"https:\/\/thebottleshop.vn\/vi\/wp-json\/wp\/v2\/product_cat?post=13018"},{"taxonomy":"product_tag","embeddable":true,"href":"https:\/\/thebottleshop.vn\/vi\/wp-json\/wp\/v2\/product_tag?post=13018"}],"curies":[{"name":"wp","href":"https:\/\/api.w.org\/{rel}","templated":true}]}}