{"id":13026,"date":"2021-11-30T13:48:15","date_gmt":"2021-11-30T06:48:15","guid":{"rendered":"https:\/\/thebottleshop.vn\/product\/hod-loose-rivet-neipa\/"},"modified":"2025-06-05T15:46:21","modified_gmt":"2025-06-05T08:46:21","slug":"hod-loose-rivet-neipa-2","status":"publish","type":"product","link":"https:\/\/thebottleshop.vn\/vi\/san-pham\/hod-loose-rivet-neipa-2\/","title":{"rendered":"Heart of Darkness Loose Rivet NEIPA"},"content":{"rendered":"<p>Heart of Darkness Loose Rivet NEIPA. Heart of Darkness Loose Rivet NEIPA. S\u1eafc v\u00e0ng m\u1edd \u0111\u00fang \u0111i\u1ec7u New England. H\u01b0\u01a1ng d\u1ee9a, qu\u00fdt v\u00e0 qu\u1ea3 h\u1ea1ch th\u01a1m ng\u00e1t. V\u1ecb \u0111\u1eadm \u0111\u00e0 v\u00e0 ng\u1ecdt b\u00f9i nh\u01b0 kem tan tr\u00ean \u0111\u1ea7u l\u01b0\u1ee1i. H\u1eadu v\u1ecb b\u00f9ng n\u1ed5 h\u01b0\u01a1ng v\u1ecb tr\u00e1i c\u00e2y nhi\u1ec7t \u0111\u1edbi v\u1edbi chanh, \u1ed5i v\u00e0 b\u01b0\u1edfi.    <\/p>\n<p>&#8212;&#8211;<br \/>\n Xem h\u00ecnh \u1ea3nh \u0111\u1ec3 bi\u1ebft \u0111\u1ea7y \u0111\u1ee7 th\u00f4ng tin chi ti\u1ebft v\u1ec1 ngu\u1ed3n g\u1ed1c, th\u00e0nh ph\u1ea7n v\u00e0 y\u00eau c\u1ea7u b\u1ea3o qu\u1ea3n c\u1ee7a s\u1ea3n ph\u1ea9m n\u00e0y.<\/p>\n","protected":false},"excerpt":{"rendered":"<p><strong>C\u00e2n b\u1eb1ng, Nhi\u1ec7t \u0111\u1edbi, Hazy 7.5%<\/strong><\/p>\n","protected":false},"featured_media":12033,"comment_status":"open","ping_status":"closed","template":"","meta":{"_acf_changed":false},"product_brand":[],"product_cat":[337,340,380,348,423,342,351,366,345,377,339,341,352,359,369],"product_tag":[],"class_list":{"0":"post-13026","1":"product","2":"type-product","3":"status-publish","4":"has-post-thumbnail","6":"product_cat-bia-va-cider","7":"product_cat-vietnam-hcmc","8":"product_cat-40-59","9":"product_cat-6-7-9","10":"product_cat-100k-149k","11":"product_cat-chai-330-ml","12":"product_cat-dong-bia","13":"product_cat-nha-san-xuat","14":"product_cat-abv-vi","15":"product_cat-ibu","16":"product_cat-xuat-xu","17":"product_cat-dong-goi","18":"product_cat-gia","19":"product_cat-ipa","20":"product_cat-heart-of-darkness","22":"first","23":"instock","24":"shipping-taxable","25":"purchasable","26":"product-type-simple","27":"add-to-wishlist-before_image"},"acf":[],"yoast_head":"<!-- This site is optimized with the Yoast SEO plugin v27.2 - https:\/\/yoast.com\/product\/yoast-seo-wordpress\/ -->\n<title>Heart of Darkness Loose Rivet NEIPA<\/title>\n<meta name=\"description\" content=\"Loose Rivet NEIPA from Heart of Darkness. S\u1eafc v\u00e0ng m\u1edd \u0111\u00fang \u0111i\u1ec7u New England. H\u01b0\u01a1ng d\u1ee9a, qu\u00fdt v\u00e0 qu\u1ea3 h\u1ea1ch th\u01a1m ng\u00e1t. C\u00e2n b\u1eb1ng, Nhi\u1ec7t \u0111\u1edbi, Hazy 7.5%\" \/>\n<meta name=\"robots\" content=\"index, follow, max-snippet:-1, max-image-preview:large, max-video-preview:-1\" \/>\n<link rel=\"canonical\" href=\"http:\/\/52.77.24.187\/vi\/san-pham\/hod-loose-rivet-neipa-2\/\" \/>\n<meta property=\"og:locale\" content=\"vi_VN\" \/>\n<meta property=\"og:type\" content=\"article\" \/>\n<meta property=\"og:title\" content=\"Heart of Darkness Loose Rivet NEIPA\" \/>\n<meta property=\"og:description\" content=\"Loose Rivet NEIPA from Heart of Darkness. S\u1eafc v\u00e0ng m\u1edd \u0111\u00fang \u0111i\u1ec7u New England. H\u01b0\u01a1ng d\u1ee9a, qu\u00fdt v\u00e0 qu\u1ea3 h\u1ea1ch th\u01a1m ng\u00e1t. C\u00e2n b\u1eb1ng, Nhi\u1ec7t \u0111\u1edbi, Hazy 7.5%\" \/>\n<meta property=\"og:url\" content=\"http:\/\/52.77.24.187\/vi\/san-pham\/hod-loose-rivet-neipa-2\/\" \/>\n<meta property=\"og:site_name\" content=\"The Bottle Shop\" \/>\n<meta property=\"article:publisher\" content=\"https:\/\/www.facebook.com\/thebottleshopvietnam\" \/>\n<meta property=\"article:modified_time\" content=\"2025-06-05T08:46:21+00:00\" \/>\n<meta property=\"og:image\" content=\"https:\/\/mlsrfcxkkbzg.i.optimole.com\/cb:JbP2.215d7\/w:auto\/h:auto\/q:mauto\/ig:avif\/http:\/\/52.77.24.187\/wp-content\/uploads\/2022\/02\/HoD-Loose-Rivet-NEIPA.png\" \/>\n\t<meta property=\"og:image:width\" content=\"1080\" \/>\n\t<meta property=\"og:image:height\" content=\"1080\" \/>\n\t<meta property=\"og:image:type\" content=\"image\/png\" \/>\n<meta name=\"twitter:card\" content=\"summary_large_image\" \/>\n<meta name=\"twitter:label1\" content=\"Est. reading time\" \/>\n\t<meta name=\"twitter:data1\" content=\"1 minute\" \/>\n<script type=\"application\/ld+json\" class=\"yoast-schema-graph\">{\"@context\":\"https:\/\/schema.org\",\"@graph\":[{\"@type\":\"WebPage\",\"@id\":\"http:\/\/52.77.24.187\/vi\/san-pham\/hod-loose-rivet-neipa-2\/\",\"url\":\"http:\/\/52.77.24.187\/vi\/san-pham\/hod-loose-rivet-neipa-2\/\",\"name\":\"Heart of Darkness Loose Rivet NEIPA\",\"isPartOf\":{\"@id\":\"http:\/\/52.77.24.187\/#website\"},\"primaryImageOfPage\":{\"@id\":\"http:\/\/52.77.24.187\/vi\/san-pham\/hod-loose-rivet-neipa-2\/#primaryimage\"},\"image\":{\"@id\":\"http:\/\/52.77.24.187\/vi\/san-pham\/hod-loose-rivet-neipa-2\/#primaryimage\"},\"thumbnailUrl\":\"https:\/\/mlsrfcxkkbzg.i.optimole.com\/cb:JbP2.215d7\/w:auto\/h:auto\/q:mauto\/ig:avif\/https:\/\/thebottleshop.vn\/wp-content\/uploads\/2022\/02\/HoD-Loose-Rivet-NEIPA.png\",\"datePublished\":\"2021-11-30T06:48:15+00:00\",\"dateModified\":\"2025-06-05T08:46:21+00:00\",\"description\":\"Loose Rivet NEIPA from Heart of Darkness. S\u1eafc v\u00e0ng m\u1edd \u0111\u00fang \u0111i\u1ec7u New England. H\u01b0\u01a1ng d\u1ee9a, qu\u00fdt v\u00e0 qu\u1ea3 h\u1ea1ch th\u01a1m ng\u00e1t. C\u00e2n b\u1eb1ng, Nhi\u1ec7t \u0111\u1edbi, Hazy 7.5%\",\"breadcrumb\":{\"@id\":\"http:\/\/52.77.24.187\/vi\/san-pham\/hod-loose-rivet-neipa-2\/#breadcrumb\"},\"inLanguage\":\"vi-VN\",\"potentialAction\":[{\"@type\":\"ReadAction\",\"target\":[\"http:\/\/52.77.24.187\/vi\/san-pham\/hod-loose-rivet-neipa-2\/\"]}]},{\"@type\":\"ImageObject\",\"inLanguage\":\"vi-VN\",\"@id\":\"http:\/\/52.77.24.187\/vi\/san-pham\/hod-loose-rivet-neipa-2\/#primaryimage\",\"url\":\"https:\/\/mlsrfcxkkbzg.i.optimole.com\/cb:JbP2.215d7\/w:auto\/h:auto\/q:mauto\/ig:avif\/https:\/\/thebottleshop.vn\/wp-content\/uploads\/2022\/02\/HoD-Loose-Rivet-NEIPA.png\",\"contentUrl\":\"https:\/\/mlsrfcxkkbzg.i.optimole.com\/cb:JbP2.215d7\/w:auto\/h:auto\/q:mauto\/ig:avif\/https:\/\/thebottleshop.vn\/wp-content\/uploads\/2022\/02\/HoD-Loose-Rivet-NEIPA.png\",\"width\":1080,\"height\":1080,\"caption\":\"Heart of Darkness Loose Rivet NEIPA Bottle\"},{\"@type\":\"BreadcrumbList\",\"@id\":\"http:\/\/52.77.24.187\/vi\/san-pham\/hod-loose-rivet-neipa-2\/#breadcrumb\",\"itemListElement\":[{\"@type\":\"ListItem\",\"position\":1,\"name\":\"Home\",\"item\":\"http:\/\/52.77.24.187\/vi\/test-popup-vi\/\"},{\"@type\":\"ListItem\",\"position\":2,\"name\":\"C\u1eeda h\u00e0ng\",\"item\":\"http:\/\/52.77.24.187\/vi\/cua-hang\/\"},{\"@type\":\"ListItem\",\"position\":3,\"name\":\"Heart of Darkness Loose Rivet NEIPA\"}]},{\"@type\":\"WebSite\",\"@id\":\"http:\/\/52.77.24.187\/#website\",\"url\":\"http:\/\/52.77.24.187\/\",\"name\":\"The Bottle Shop\",\"description\":\"All beers are not created equal\",\"publisher\":{\"@id\":\"http:\/\/52.77.24.187\/#organization\"},\"potentialAction\":[{\"@type\":\"SearchAction\",\"target\":{\"@type\":\"EntryPoint\",\"urlTemplate\":\"http:\/\/52.77.24.187\/?s={search_term_string}\"},\"query-input\":{\"@type\":\"PropertyValueSpecification\",\"valueRequired\":true,\"valueName\":\"search_term_string\"}}],\"inLanguage\":\"vi-VN\"},{\"@type\":\"Organization\",\"@id\":\"http:\/\/52.77.24.187\/#organization\",\"name\":\"The Bottle Shop\",\"url\":\"http:\/\/52.77.24.187\/\",\"logo\":{\"@type\":\"ImageObject\",\"inLanguage\":\"vi-VN\",\"@id\":\"http:\/\/52.77.24.187\/#\/schema\/logo\/image\/\",\"url\":\"https:\/\/mlsrfcxkkbzg.i.optimole.com\/cb:JbP2.215d7\/w:auto\/h:auto\/q:mauto\/ig:avif\/https:\/\/thebottleshop.vn\/wp-content\/uploads\/2022\/10\/The-Bottle-Shop-Online-Logo.png\",\"contentUrl\":\"https:\/\/mlsrfcxkkbzg.i.optimole.com\/cb:JbP2.215d7\/w:auto\/h:auto\/q:mauto\/ig:avif\/https:\/\/thebottleshop.vn\/wp-content\/uploads\/2022\/10\/The-Bottle-Shop-Online-Logo.png\",\"width\":145,\"height\":147,\"caption\":\"The Bottle Shop\"},\"image\":{\"@id\":\"http:\/\/52.77.24.187\/#\/schema\/logo\/image\/\"},\"sameAs\":[\"https:\/\/www.facebook.com\/thebottleshopvietnam\",\"https:\/\/www.instagram.com\/thebottleshop_vietnam\/\"]}]}<\/script>\n<!-- \/ Yoast SEO plugin. -->","yoast_head_json":{"title":"Heart of Darkness Loose Rivet NEIPA","description":"Loose Rivet NEIPA from Heart of Darkness. S\u1eafc v\u00e0ng m\u1edd \u0111\u00fang \u0111i\u1ec7u New England. H\u01b0\u01a1ng d\u1ee9a, qu\u00fdt v\u00e0 qu\u1ea3 h\u1ea1ch th\u01a1m ng\u00e1t. C\u00e2n b\u1eb1ng, Nhi\u1ec7t \u0111\u1edbi, Hazy 7.5%","robots":{"index":"index","follow":"follow","max-snippet":"max-snippet:-1","max-image-preview":"max-image-preview:large","max-video-preview":"max-video-preview:-1"},"canonical":"http:\/\/52.77.24.187\/vi\/san-pham\/hod-loose-rivet-neipa-2\/","og_locale":"vi_VN","og_type":"article","og_title":"Heart of Darkness Loose Rivet NEIPA","og_description":"Loose Rivet NEIPA from Heart of Darkness. S\u1eafc v\u00e0ng m\u1edd \u0111\u00fang \u0111i\u1ec7u New England. H\u01b0\u01a1ng d\u1ee9a, qu\u00fdt v\u00e0 qu\u1ea3 h\u1ea1ch th\u01a1m ng\u00e1t. C\u00e2n b\u1eb1ng, Nhi\u1ec7t \u0111\u1edbi, Hazy 7.5%","og_url":"http:\/\/52.77.24.187\/vi\/san-pham\/hod-loose-rivet-neipa-2\/","og_site_name":"The Bottle Shop","article_publisher":"https:\/\/www.facebook.com\/thebottleshopvietnam","article_modified_time":"2025-06-05T08:46:21+00:00","og_image":[{"width":1080,"height":1080,"url":"https:\/\/mlsrfcxkkbzg.i.optimole.com\/cb:JbP2.215d7\/w:auto\/h:auto\/q:mauto\/ig:avif\/http:\/\/52.77.24.187\/wp-content\/uploads\/2022\/02\/HoD-Loose-Rivet-NEIPA.png","type":"image\/png"}],"twitter_card":"summary_large_image","twitter_misc":{"Est. reading time":"1 minute"},"schema":{"@context":"https:\/\/schema.org","@graph":[{"@type":"WebPage","@id":"http:\/\/52.77.24.187\/vi\/san-pham\/hod-loose-rivet-neipa-2\/","url":"http:\/\/52.77.24.187\/vi\/san-pham\/hod-loose-rivet-neipa-2\/","name":"Heart of Darkness Loose Rivet NEIPA","isPartOf":{"@id":"http:\/\/52.77.24.187\/#website"},"primaryImageOfPage":{"@id":"http:\/\/52.77.24.187\/vi\/san-pham\/hod-loose-rivet-neipa-2\/#primaryimage"},"image":{"@id":"http:\/\/52.77.24.187\/vi\/san-pham\/hod-loose-rivet-neipa-2\/#primaryimage"},"thumbnailUrl":"https:\/\/mlsrfcxkkbzg.i.optimole.com\/cb:JbP2.215d7\/w:auto\/h:auto\/q:mauto\/ig:avif\/https:\/\/thebottleshop.vn\/wp-content\/uploads\/2022\/02\/HoD-Loose-Rivet-NEIPA.png","datePublished":"2021-11-30T06:48:15+00:00","dateModified":"2025-06-05T08:46:21+00:00","description":"Loose Rivet NEIPA from Heart of Darkness. S\u1eafc v\u00e0ng m\u1edd \u0111\u00fang \u0111i\u1ec7u New England. H\u01b0\u01a1ng d\u1ee9a, qu\u00fdt v\u00e0 qu\u1ea3 h\u1ea1ch th\u01a1m ng\u00e1t. C\u00e2n b\u1eb1ng, Nhi\u1ec7t \u0111\u1edbi, Hazy 7.5%","breadcrumb":{"@id":"http:\/\/52.77.24.187\/vi\/san-pham\/hod-loose-rivet-neipa-2\/#breadcrumb"},"inLanguage":"vi-VN","potentialAction":[{"@type":"ReadAction","target":["http:\/\/52.77.24.187\/vi\/san-pham\/hod-loose-rivet-neipa-2\/"]}]},{"@type":"ImageObject","inLanguage":"vi-VN","@id":"http:\/\/52.77.24.187\/vi\/san-pham\/hod-loose-rivet-neipa-2\/#primaryimage","url":"https:\/\/mlsrfcxkkbzg.i.optimole.com\/cb:JbP2.215d7\/w:auto\/h:auto\/q:mauto\/ig:avif\/https:\/\/thebottleshop.vn\/wp-content\/uploads\/2022\/02\/HoD-Loose-Rivet-NEIPA.png","contentUrl":"https:\/\/mlsrfcxkkbzg.i.optimole.com\/cb:JbP2.215d7\/w:auto\/h:auto\/q:mauto\/ig:avif\/https:\/\/thebottleshop.vn\/wp-content\/uploads\/2022\/02\/HoD-Loose-Rivet-NEIPA.png","width":1080,"height":1080,"caption":"Heart of Darkness Loose Rivet NEIPA Bottle"},{"@type":"BreadcrumbList","@id":"http:\/\/52.77.24.187\/vi\/san-pham\/hod-loose-rivet-neipa-2\/#breadcrumb","itemListElement":[{"@type":"ListItem","position":1,"name":"Home","item":"http:\/\/52.77.24.187\/vi\/test-popup-vi\/"},{"@type":"ListItem","position":2,"name":"C\u1eeda h\u00e0ng","item":"http:\/\/52.77.24.187\/vi\/cua-hang\/"},{"@type":"ListItem","position":3,"name":"Heart of Darkness Loose Rivet NEIPA"}]},{"@type":"WebSite","@id":"http:\/\/52.77.24.187\/#website","url":"http:\/\/52.77.24.187\/","name":"The Bottle Shop","description":"All beers are not created equal","publisher":{"@id":"http:\/\/52.77.24.187\/#organization"},"potentialAction":[{"@type":"SearchAction","target":{"@type":"EntryPoint","urlTemplate":"http:\/\/52.77.24.187\/?s={search_term_string}"},"query-input":{"@type":"PropertyValueSpecification","valueRequired":true,"valueName":"search_term_string"}}],"inLanguage":"vi-VN"},{"@type":"Organization","@id":"http:\/\/52.77.24.187\/#organization","name":"The Bottle Shop","url":"http:\/\/52.77.24.187\/","logo":{"@type":"ImageObject","inLanguage":"vi-VN","@id":"http:\/\/52.77.24.187\/#\/schema\/logo\/image\/","url":"https:\/\/mlsrfcxkkbzg.i.optimole.com\/cb:JbP2.215d7\/w:auto\/h:auto\/q:mauto\/ig:avif\/https:\/\/thebottleshop.vn\/wp-content\/uploads\/2022\/10\/The-Bottle-Shop-Online-Logo.png","contentUrl":"https:\/\/mlsrfcxkkbzg.i.optimole.com\/cb:JbP2.215d7\/w:auto\/h:auto\/q:mauto\/ig:avif\/https:\/\/thebottleshop.vn\/wp-content\/uploads\/2022\/10\/The-Bottle-Shop-Online-Logo.png","width":145,"height":147,"caption":"The Bottle Shop"},"image":{"@id":"http:\/\/52.77.24.187\/#\/schema\/logo\/image\/"},"sameAs":["https:\/\/www.facebook.com\/thebottleshopvietnam","https:\/\/www.instagram.com\/thebottleshop_vietnam\/"]}]}},"_links":{"self":[{"href":"https:\/\/thebottleshop.vn\/vi\/wp-json\/wp\/v2\/product\/13026","targetHints":{"allow":["GET"]}}],"collection":[{"href":"https:\/\/thebottleshop.vn\/vi\/wp-json\/wp\/v2\/product"}],"about":[{"href":"https:\/\/thebottleshop.vn\/vi\/wp-json\/wp\/v2\/types\/product"}],"replies":[{"embeddable":true,"href":"https:\/\/thebottleshop.vn\/vi\/wp-json\/wp\/v2\/comments?post=13026"}],"wp:featuredmedia":[{"embeddable":true,"href":"https:\/\/thebottleshop.vn\/vi\/wp-json\/wp\/v2\/media\/12033"}],"wp:attachment":[{"href":"https:\/\/thebottleshop.vn\/vi\/wp-json\/wp\/v2\/media?parent=13026"}],"wp:term":[{"taxonomy":"product_brand","embeddable":true,"href":"https:\/\/thebottleshop.vn\/vi\/wp-json\/wp\/v2\/product_brand?post=13026"},{"taxonomy":"product_cat","embeddable":true,"href":"https:\/\/thebottleshop.vn\/vi\/wp-json\/wp\/v2\/product_cat?post=13026"},{"taxonomy":"product_tag","embeddable":true,"href":"https:\/\/thebottleshop.vn\/vi\/wp-json\/wp\/v2\/product_tag?post=13026"}],"curies":[{"name":"wp","href":"https:\/\/api.w.org\/{rel}","templated":true}]}}