{"id":13029,"date":"2021-11-30T15:33:56","date_gmt":"2022-02-17T14:51:53","guid":{"rendered":"https:\/\/thebottleshop.vn\/product\/hod-marlows-mellow-pomelo-ipa\/"},"modified":"2024-04-16T08:49:57","modified_gmt":"2024-04-16T01:49:57","slug":"hod-marlows-mellow-pomelo-ipa-2","status":"publish","type":"product","link":"https:\/\/thebottleshop.vn\/vi\/san-pham\/hod-marlows-mellow-pomelo-ipa-2\/","title":{"rendered":"Heart of Darkness Marlow&#8217;s Mellow Pomelo IPA"},"content":{"rendered":"<p>Heart of Darkness Marlow&#8217;s Mellow Pomelo IPA c\u00f3 v\u1ecb s\u1eafc n\u00e9t nh\u01b0ng m\u01b0\u1ee3t m\u00e0 v\u00e0 d\u1ec5 u\u1ed1ng. S\u1eafc bia v\u00e0ng r\u01a1m t\u01b0\u01a1i s\u00e1ng v\u1edbi h\u01b0\u01a1ng b\u01b0\u1edfi, xo\u00e0i xanh v\u00e0 qu\u1ea3 l\u00fd chua \u0111en. \u0110\u1eadm v\u1eeba c\u00f9ng v\u1ecb chua s\u1ea3ng kho\u00e1i t\u1eeb v\u1ecf cam chanh. H\u1eadu v\u1ecb \u0111anh nh\u1eb9 v\u1edbi ch\u1ea5t \u0111\u1eafng v\u1eeba \u0111\u1ee7.<\/p>\n<p>&#8212;&#8211;<br \/>\nXem th\u01b0 vi\u1ec7n h\u00ecnh \u1ea3nh \u0111\u1ec3 bi\u1ebft th\u00eam th\u00f4ng tin chi ti\u1ebft v\u1ec1 ngu\u1ed3n g\u1ed1c, th\u00e0nh ph\u1ea7n v\u00e0 h\u01b0\u1edbng d\u1eabn s\u1eed d\u1ee5ng c\u1ee7a s\u1ea3n ph\u1ea9m.<\/p>\n","protected":false},"excerpt":{"rendered":"<p><strong>Chanh, V\u00e0ng nh\u1ea1t, \u0110\u1eadm \u0111\u00e0 5.8%<\/strong><\/p>\n","protected":false},"featured_media":11780,"comment_status":"open","ping_status":"closed","template":"","meta":{"_acf_changed":false},"product_brand":[],"product_cat":[337,340,347,380,354,366,345,377,339,341,352,359,344,369],"product_tag":[],"class_list":{"0":"post-13029","1":"product","2":"type-product","3":"status-publish","4":"has-post-thumbnail","6":"product_cat-bia-va-cider","7":"product_cat-vietnam-hcmc","8":"product_cat-4-5-9","9":"product_cat-40-59","10":"product_cat-75k-99k","11":"product_cat-nha-san-xuat","12":"product_cat-abv-vi","13":"product_cat-ibu","14":"product_cat-xuat-xu","15":"product_cat-dong-goi","16":"product_cat-gia","17":"product_cat-ipa","18":"product_cat-lon-330-ml","19":"product_cat-heart-of-darkness","21":"first","22":"outofstock","23":"shipping-taxable","24":"purchasable","25":"product-type-simple","26":"add-to-wishlist-before_image"},"acf":[],"yoast_head":"<!-- This site is optimized with the Yoast SEO plugin v27.2 - https:\/\/yoast.com\/product\/yoast-seo-wordpress\/ -->\n<title>Heart of Darkness Marlow&#039;s Mellow Pomelo IPA - The Bottle Shop<\/title>\n<meta name=\"description\" content=\"Heart of Darkness Marlow&#039;s Mellow Pomelo IPA c\u00f3 v\u1ecb s\u1eafc n\u00e9t nh\u01b0ng m\u01b0\u1ee3t m\u00e0 v\u00e0 d\u1ec5 u\u1ed1ng. S\u1eafc bia v\u00e0ng r\u01a1m t\u01b0\u01a1i s\u00e1ng v\u1edbi h\u01b0\u01a1ng b\u01b0\u1edfi, xo\u00e0i xanh v\u00e0 qu\u1ea3 l\u00fd chua \u0111en.\" \/>\n<meta name=\"robots\" content=\"index, follow, max-snippet:-1, max-image-preview:large, max-video-preview:-1\" \/>\n<link rel=\"canonical\" href=\"http:\/\/52.77.24.187\/vi\/san-pham\/hod-marlows-mellow-pomelo-ipa-2\/\" \/>\n<meta property=\"og:locale\" content=\"vi_VN\" \/>\n<meta property=\"og:type\" content=\"article\" \/>\n<meta property=\"og:title\" content=\"Heart of Darkness Marlow&#039;s Mellow Pomelo IPA - The Bottle Shop\" \/>\n<meta property=\"og:description\" content=\"Heart of Darkness Marlow&#039;s Mellow Pomelo IPA c\u00f3 v\u1ecb s\u1eafc n\u00e9t nh\u01b0ng m\u01b0\u1ee3t m\u00e0 v\u00e0 d\u1ec5 u\u1ed1ng. S\u1eafc bia v\u00e0ng r\u01a1m t\u01b0\u01a1i s\u00e1ng v\u1edbi h\u01b0\u01a1ng b\u01b0\u1edfi, xo\u00e0i xanh v\u00e0 qu\u1ea3 l\u00fd chua \u0111en.\" \/>\n<meta property=\"og:url\" content=\"http:\/\/52.77.24.187\/vi\/san-pham\/hod-marlows-mellow-pomelo-ipa-2\/\" \/>\n<meta property=\"og:site_name\" content=\"The Bottle Shop\" \/>\n<meta property=\"article:publisher\" content=\"https:\/\/www.facebook.com\/thebottleshopvietnam\" \/>\n<meta property=\"article:modified_time\" content=\"2024-04-16T01:49:57+00:00\" \/>\n<meta property=\"og:image\" content=\"https:\/\/mlsrfcxkkbzg.i.optimole.com\/cb:JbP2.215d7\/w:auto\/h:auto\/q:mauto\/ig:avif\/http:\/\/52.77.24.187\/wp-content\/uploads\/2022\/01\/HoD-Marlows-Mellow-Pomelo-IPA.png\" \/>\n\t<meta property=\"og:image:width\" content=\"1080\" \/>\n\t<meta property=\"og:image:height\" content=\"1080\" \/>\n\t<meta property=\"og:image:type\" content=\"image\/png\" \/>\n<meta name=\"twitter:card\" content=\"summary_large_image\" \/>\n<meta name=\"twitter:label1\" content=\"Est. reading time\" \/>\n\t<meta name=\"twitter:data1\" content=\"1 minute\" \/>\n<script type=\"application\/ld+json\" class=\"yoast-schema-graph\">{\"@context\":\"https:\/\/schema.org\",\"@graph\":[{\"@type\":\"WebPage\",\"@id\":\"http:\/\/52.77.24.187\/vi\/san-pham\/hod-marlows-mellow-pomelo-ipa-2\/\",\"url\":\"http:\/\/52.77.24.187\/vi\/san-pham\/hod-marlows-mellow-pomelo-ipa-2\/\",\"name\":\"Heart of Darkness Marlow's Mellow Pomelo IPA - The Bottle Shop\",\"isPartOf\":{\"@id\":\"http:\/\/52.77.24.187\/#website\"},\"primaryImageOfPage\":{\"@id\":\"http:\/\/52.77.24.187\/vi\/san-pham\/hod-marlows-mellow-pomelo-ipa-2\/#primaryimage\"},\"image\":{\"@id\":\"http:\/\/52.77.24.187\/vi\/san-pham\/hod-marlows-mellow-pomelo-ipa-2\/#primaryimage\"},\"thumbnailUrl\":\"https:\/\/mlsrfcxkkbzg.i.optimole.com\/cb:JbP2.215d7\/w:auto\/h:auto\/q:mauto\/ig:avif\/https:\/\/thebottleshop.vn\/wp-content\/uploads\/2022\/01\/HoD-Marlows-Mellow-Pomelo-IPA.png\",\"datePublished\":\"2022-02-17T14:51:53+00:00\",\"dateModified\":\"2024-04-16T01:49:57+00:00\",\"description\":\"Heart of Darkness Marlow's Mellow Pomelo IPA c\u00f3 v\u1ecb s\u1eafc n\u00e9t nh\u01b0ng m\u01b0\u1ee3t m\u00e0 v\u00e0 d\u1ec5 u\u1ed1ng. S\u1eafc bia v\u00e0ng r\u01a1m t\u01b0\u01a1i s\u00e1ng v\u1edbi h\u01b0\u01a1ng b\u01b0\u1edfi, xo\u00e0i xanh v\u00e0 qu\u1ea3 l\u00fd chua \u0111en.\",\"breadcrumb\":{\"@id\":\"http:\/\/52.77.24.187\/vi\/san-pham\/hod-marlows-mellow-pomelo-ipa-2\/#breadcrumb\"},\"inLanguage\":\"vi-VN\",\"potentialAction\":[{\"@type\":\"ReadAction\",\"target\":[\"http:\/\/52.77.24.187\/vi\/san-pham\/hod-marlows-mellow-pomelo-ipa-2\/\"]}]},{\"@type\":\"ImageObject\",\"inLanguage\":\"vi-VN\",\"@id\":\"http:\/\/52.77.24.187\/vi\/san-pham\/hod-marlows-mellow-pomelo-ipa-2\/#primaryimage\",\"url\":\"https:\/\/mlsrfcxkkbzg.i.optimole.com\/cb:JbP2.215d7\/w:auto\/h:auto\/q:mauto\/ig:avif\/https:\/\/thebottleshop.vn\/wp-content\/uploads\/2022\/01\/HoD-Marlows-Mellow-Pomelo-IPA.png\",\"contentUrl\":\"https:\/\/mlsrfcxkkbzg.i.optimole.com\/cb:JbP2.215d7\/w:auto\/h:auto\/q:mauto\/ig:avif\/https:\/\/thebottleshop.vn\/wp-content\/uploads\/2022\/01\/HoD-Marlows-Mellow-Pomelo-IPA.png\",\"width\":1080,\"height\":1080,\"caption\":\"HoD-Marlows-Mellow-Pomelo-IPA\"},{\"@type\":\"BreadcrumbList\",\"@id\":\"http:\/\/52.77.24.187\/vi\/san-pham\/hod-marlows-mellow-pomelo-ipa-2\/#breadcrumb\",\"itemListElement\":[{\"@type\":\"ListItem\",\"position\":1,\"name\":\"Home\",\"item\":\"http:\/\/52.77.24.187\/vi\/test-popup-vi\/\"},{\"@type\":\"ListItem\",\"position\":2,\"name\":\"C\u1eeda h\u00e0ng\",\"item\":\"http:\/\/52.77.24.187\/vi\/cua-hang\/\"},{\"@type\":\"ListItem\",\"position\":3,\"name\":\"Heart of Darkness Marlow&#8217;s Mellow Pomelo IPA\"}]},{\"@type\":\"WebSite\",\"@id\":\"http:\/\/52.77.24.187\/#website\",\"url\":\"http:\/\/52.77.24.187\/\",\"name\":\"The Bottle Shop\",\"description\":\"All beers are not created equal\",\"publisher\":{\"@id\":\"http:\/\/52.77.24.187\/#organization\"},\"potentialAction\":[{\"@type\":\"SearchAction\",\"target\":{\"@type\":\"EntryPoint\",\"urlTemplate\":\"http:\/\/52.77.24.187\/?s={search_term_string}\"},\"query-input\":{\"@type\":\"PropertyValueSpecification\",\"valueRequired\":true,\"valueName\":\"search_term_string\"}}],\"inLanguage\":\"vi-VN\"},{\"@type\":\"Organization\",\"@id\":\"http:\/\/52.77.24.187\/#organization\",\"name\":\"The Bottle Shop\",\"url\":\"http:\/\/52.77.24.187\/\",\"logo\":{\"@type\":\"ImageObject\",\"inLanguage\":\"vi-VN\",\"@id\":\"http:\/\/52.77.24.187\/#\/schema\/logo\/image\/\",\"url\":\"https:\/\/mlsrfcxkkbzg.i.optimole.com\/cb:JbP2.215d7\/w:auto\/h:auto\/q:mauto\/ig:avif\/https:\/\/thebottleshop.vn\/wp-content\/uploads\/2022\/10\/The-Bottle-Shop-Online-Logo.png\",\"contentUrl\":\"https:\/\/mlsrfcxkkbzg.i.optimole.com\/cb:JbP2.215d7\/w:auto\/h:auto\/q:mauto\/ig:avif\/https:\/\/thebottleshop.vn\/wp-content\/uploads\/2022\/10\/The-Bottle-Shop-Online-Logo.png\",\"width\":145,\"height\":147,\"caption\":\"The Bottle Shop\"},\"image\":{\"@id\":\"http:\/\/52.77.24.187\/#\/schema\/logo\/image\/\"},\"sameAs\":[\"https:\/\/www.facebook.com\/thebottleshopvietnam\",\"https:\/\/www.instagram.com\/thebottleshop_vietnam\/\"]}]}<\/script>\n<!-- \/ Yoast SEO plugin. -->","yoast_head_json":{"title":"Heart of Darkness Marlow's Mellow Pomelo IPA - The Bottle Shop","description":"Heart of Darkness Marlow's Mellow Pomelo IPA c\u00f3 v\u1ecb s\u1eafc n\u00e9t nh\u01b0ng m\u01b0\u1ee3t m\u00e0 v\u00e0 d\u1ec5 u\u1ed1ng. S\u1eafc bia v\u00e0ng r\u01a1m t\u01b0\u01a1i s\u00e1ng v\u1edbi h\u01b0\u01a1ng b\u01b0\u1edfi, xo\u00e0i xanh v\u00e0 qu\u1ea3 l\u00fd chua \u0111en.","robots":{"index":"index","follow":"follow","max-snippet":"max-snippet:-1","max-image-preview":"max-image-preview:large","max-video-preview":"max-video-preview:-1"},"canonical":"http:\/\/52.77.24.187\/vi\/san-pham\/hod-marlows-mellow-pomelo-ipa-2\/","og_locale":"vi_VN","og_type":"article","og_title":"Heart of Darkness Marlow's Mellow Pomelo IPA - The Bottle Shop","og_description":"Heart of Darkness Marlow's Mellow Pomelo IPA c\u00f3 v\u1ecb s\u1eafc n\u00e9t nh\u01b0ng m\u01b0\u1ee3t m\u00e0 v\u00e0 d\u1ec5 u\u1ed1ng. S\u1eafc bia v\u00e0ng r\u01a1m t\u01b0\u01a1i s\u00e1ng v\u1edbi h\u01b0\u01a1ng b\u01b0\u1edfi, xo\u00e0i xanh v\u00e0 qu\u1ea3 l\u00fd chua \u0111en.","og_url":"http:\/\/52.77.24.187\/vi\/san-pham\/hod-marlows-mellow-pomelo-ipa-2\/","og_site_name":"The Bottle Shop","article_publisher":"https:\/\/www.facebook.com\/thebottleshopvietnam","article_modified_time":"2024-04-16T01:49:57+00:00","og_image":[{"width":1080,"height":1080,"url":"https:\/\/mlsrfcxkkbzg.i.optimole.com\/cb:JbP2.215d7\/w:auto\/h:auto\/q:mauto\/ig:avif\/http:\/\/52.77.24.187\/wp-content\/uploads\/2022\/01\/HoD-Marlows-Mellow-Pomelo-IPA.png","type":"image\/png"}],"twitter_card":"summary_large_image","twitter_misc":{"Est. reading time":"1 minute"},"schema":{"@context":"https:\/\/schema.org","@graph":[{"@type":"WebPage","@id":"http:\/\/52.77.24.187\/vi\/san-pham\/hod-marlows-mellow-pomelo-ipa-2\/","url":"http:\/\/52.77.24.187\/vi\/san-pham\/hod-marlows-mellow-pomelo-ipa-2\/","name":"Heart of Darkness Marlow's Mellow Pomelo IPA - The Bottle Shop","isPartOf":{"@id":"http:\/\/52.77.24.187\/#website"},"primaryImageOfPage":{"@id":"http:\/\/52.77.24.187\/vi\/san-pham\/hod-marlows-mellow-pomelo-ipa-2\/#primaryimage"},"image":{"@id":"http:\/\/52.77.24.187\/vi\/san-pham\/hod-marlows-mellow-pomelo-ipa-2\/#primaryimage"},"thumbnailUrl":"https:\/\/mlsrfcxkkbzg.i.optimole.com\/cb:JbP2.215d7\/w:auto\/h:auto\/q:mauto\/ig:avif\/https:\/\/thebottleshop.vn\/wp-content\/uploads\/2022\/01\/HoD-Marlows-Mellow-Pomelo-IPA.png","datePublished":"2022-02-17T14:51:53+00:00","dateModified":"2024-04-16T01:49:57+00:00","description":"Heart of Darkness Marlow's Mellow Pomelo IPA c\u00f3 v\u1ecb s\u1eafc n\u00e9t nh\u01b0ng m\u01b0\u1ee3t m\u00e0 v\u00e0 d\u1ec5 u\u1ed1ng. S\u1eafc bia v\u00e0ng r\u01a1m t\u01b0\u01a1i s\u00e1ng v\u1edbi h\u01b0\u01a1ng b\u01b0\u1edfi, xo\u00e0i xanh v\u00e0 qu\u1ea3 l\u00fd chua \u0111en.","breadcrumb":{"@id":"http:\/\/52.77.24.187\/vi\/san-pham\/hod-marlows-mellow-pomelo-ipa-2\/#breadcrumb"},"inLanguage":"vi-VN","potentialAction":[{"@type":"ReadAction","target":["http:\/\/52.77.24.187\/vi\/san-pham\/hod-marlows-mellow-pomelo-ipa-2\/"]}]},{"@type":"ImageObject","inLanguage":"vi-VN","@id":"http:\/\/52.77.24.187\/vi\/san-pham\/hod-marlows-mellow-pomelo-ipa-2\/#primaryimage","url":"https:\/\/mlsrfcxkkbzg.i.optimole.com\/cb:JbP2.215d7\/w:auto\/h:auto\/q:mauto\/ig:avif\/https:\/\/thebottleshop.vn\/wp-content\/uploads\/2022\/01\/HoD-Marlows-Mellow-Pomelo-IPA.png","contentUrl":"https:\/\/mlsrfcxkkbzg.i.optimole.com\/cb:JbP2.215d7\/w:auto\/h:auto\/q:mauto\/ig:avif\/https:\/\/thebottleshop.vn\/wp-content\/uploads\/2022\/01\/HoD-Marlows-Mellow-Pomelo-IPA.png","width":1080,"height":1080,"caption":"HoD-Marlows-Mellow-Pomelo-IPA"},{"@type":"BreadcrumbList","@id":"http:\/\/52.77.24.187\/vi\/san-pham\/hod-marlows-mellow-pomelo-ipa-2\/#breadcrumb","itemListElement":[{"@type":"ListItem","position":1,"name":"Home","item":"http:\/\/52.77.24.187\/vi\/test-popup-vi\/"},{"@type":"ListItem","position":2,"name":"C\u1eeda h\u00e0ng","item":"http:\/\/52.77.24.187\/vi\/cua-hang\/"},{"@type":"ListItem","position":3,"name":"Heart of Darkness Marlow&#8217;s Mellow Pomelo IPA"}]},{"@type":"WebSite","@id":"http:\/\/52.77.24.187\/#website","url":"http:\/\/52.77.24.187\/","name":"The Bottle Shop","description":"All beers are not created equal","publisher":{"@id":"http:\/\/52.77.24.187\/#organization"},"potentialAction":[{"@type":"SearchAction","target":{"@type":"EntryPoint","urlTemplate":"http:\/\/52.77.24.187\/?s={search_term_string}"},"query-input":{"@type":"PropertyValueSpecification","valueRequired":true,"valueName":"search_term_string"}}],"inLanguage":"vi-VN"},{"@type":"Organization","@id":"http:\/\/52.77.24.187\/#organization","name":"The Bottle Shop","url":"http:\/\/52.77.24.187\/","logo":{"@type":"ImageObject","inLanguage":"vi-VN","@id":"http:\/\/52.77.24.187\/#\/schema\/logo\/image\/","url":"https:\/\/mlsrfcxkkbzg.i.optimole.com\/cb:JbP2.215d7\/w:auto\/h:auto\/q:mauto\/ig:avif\/https:\/\/thebottleshop.vn\/wp-content\/uploads\/2022\/10\/The-Bottle-Shop-Online-Logo.png","contentUrl":"https:\/\/mlsrfcxkkbzg.i.optimole.com\/cb:JbP2.215d7\/w:auto\/h:auto\/q:mauto\/ig:avif\/https:\/\/thebottleshop.vn\/wp-content\/uploads\/2022\/10\/The-Bottle-Shop-Online-Logo.png","width":145,"height":147,"caption":"The Bottle Shop"},"image":{"@id":"http:\/\/52.77.24.187\/#\/schema\/logo\/image\/"},"sameAs":["https:\/\/www.facebook.com\/thebottleshopvietnam","https:\/\/www.instagram.com\/thebottleshop_vietnam\/"]}]}},"_links":{"self":[{"href":"https:\/\/thebottleshop.vn\/vi\/wp-json\/wp\/v2\/product\/13029","targetHints":{"allow":["GET"]}}],"collection":[{"href":"https:\/\/thebottleshop.vn\/vi\/wp-json\/wp\/v2\/product"}],"about":[{"href":"https:\/\/thebottleshop.vn\/vi\/wp-json\/wp\/v2\/types\/product"}],"replies":[{"embeddable":true,"href":"https:\/\/thebottleshop.vn\/vi\/wp-json\/wp\/v2\/comments?post=13029"}],"wp:featuredmedia":[{"embeddable":true,"href":"https:\/\/thebottleshop.vn\/vi\/wp-json\/wp\/v2\/media\/11780"}],"wp:attachment":[{"href":"https:\/\/thebottleshop.vn\/vi\/wp-json\/wp\/v2\/media?parent=13029"}],"wp:term":[{"taxonomy":"product_brand","embeddable":true,"href":"https:\/\/thebottleshop.vn\/vi\/wp-json\/wp\/v2\/product_brand?post=13029"},{"taxonomy":"product_cat","embeddable":true,"href":"https:\/\/thebottleshop.vn\/vi\/wp-json\/wp\/v2\/product_cat?post=13029"},{"taxonomy":"product_tag","embeddable":true,"href":"https:\/\/thebottleshop.vn\/vi\/wp-json\/wp\/v2\/product_tag?post=13029"}],"curies":[{"name":"wp","href":"https:\/\/api.w.org\/{rel}","templated":true}]}}