{"id":13034,"date":"2021-11-30T16:06:45","date_gmt":"2021-11-30T09:06:45","guid":{"rendered":"https:\/\/thebottleshop.vn\/product\/mixtape-california-sun-juicy-pale\/"},"modified":"2025-06-05T12:02:28","modified_gmt":"2025-06-05T05:02:28","slug":"mixtape-california-sun-juicy-pale-2","status":"publish","type":"product","link":"https:\/\/thebottleshop.vn\/vi\/san-pham\/mixtape-california-sun-juicy-pale-2\/","title":{"rendered":"MixTape California Sun Juicy Pale"},"content":{"rendered":"<p>MixTape California Sun Juicy Pale. \u0110\u00e2y l\u00e0 m\u1ed9t lo\u1ea1i bia Pale Ale nh\u1eb9 nh\u00e0ng, d\u1ec5 u\u1ed1ng v\u1edbi h\u01b0\u01a1ng v\u1ecb t\u1eeb tinh tu\u00fd c\u1ee7a l\u00faa m\u00ec v\u00e0 y\u1ebfn m\u1ea1ch, k\u1ebft h\u1ee3p v\u1edbi s\u1ef1 thanh m\u00e1t c\u1ee7a cam t\u01b0\u01a1i. Ho\u00e0n h\u1ea3o cho nh\u1eefng ng\u00e0y h\u00e8 n\u00f3ng.<\/p>\n<p>&#8212;&#8211;<br \/>\n Xem h\u00ecnh \u1ea3nh \u0111\u1ec3 bi\u1ebft \u0111\u1ea7y \u0111\u1ee7 th\u00f4ng tin chi ti\u1ebft v\u1ec1 ngu\u1ed3n g\u1ed1c, th\u00e0nh ph\u1ea7n v\u00e0 y\u00eau c\u1ea7u b\u1ea3o qu\u1ea3n c\u1ee7a s\u1ea3n ph\u1ea9m n\u00e0y.<\/p>\n","protected":false},"excerpt":{"rendered":"<p><strong>S\u1ea3ng kho\u00e1i, Cam, Tr\u00e1i c\u00e2y 5.4%<\/strong><\/p>\n","protected":false},"featured_media":15884,"comment_status":"open","ping_status":"closed","template":"","meta":{"_acf_changed":false},"product_brand":[],"product_cat":[347,337,379,340,423,351,366,345,377,339,341,352,358,344,387,461],"product_tag":[],"class_list":{"0":"post-13034","1":"product","2":"type-product","3":"status-publish","4":"has-post-thumbnail","6":"product_cat-4-5-9","7":"product_cat-bia-va-cider","8":"product_cat-20-39","9":"product_cat-vietnam-hcmc","10":"product_cat-100k-149k","11":"product_cat-dong-bia","12":"product_cat-nha-san-xuat","13":"product_cat-abv-vi","14":"product_cat-ibu","15":"product_cat-xuat-xu","16":"product_cat-dong-goi","17":"product_cat-gia","18":"product_cat-pale-ale","19":"product_cat-lon-330-ml","20":"product_cat-thung-24-lon","21":"product_cat-mixtape-drinks","22":"pa_pack_type-can-330ml-vi","23":"pa_pack_type-thung-24","25":"first","26":"instock","27":"sale","28":"shipping-taxable","29":"product-type-variable","30":"has-default-attributes","31":"add-to-wishlist-before_image"},"acf":[],"yoast_head":"<!-- This site is optimized with the Yoast SEO plugin v27.2 - https:\/\/yoast.com\/product\/yoast-seo-wordpress\/ -->\n<title>MixTape California Sun Juicy Pale - The Bottle Shop<\/title>\n<meta name=\"description\" content=\"MixTape California Sun Juicy Pale. \u0110\u00e2y l\u00e0 m\u1ed9t lo\u1ea1i bia Pale Ale nh\u1eb9 nh\u00e0ng, d\u1ec5 u\u1ed1ng v\u1edbi h\u01b0\u01a1ng v\u1ecb t\u1eeb tinh tu\u00fd c\u1ee7a l\u00faa m\u00ec v\u00e0 y\u1ebfn m\u1ea1ch, k\u1ebft h\u1ee3p v\u1edbi s\u1ef1 thanh m\u00e1t c\u1ee7a cam t\u01b0\u01a1i. Ho\u00e0n h\u1ea3o cho nh\u1eefng ng\u00e0y h\u00e8 n\u00f3ng. S\u1ea3ng kho\u00e1i, Cam, Tr\u00e1i c\u00e2y 5.4%\" \/>\n<meta name=\"robots\" content=\"index, follow, max-snippet:-1, max-image-preview:large, max-video-preview:-1\" \/>\n<link rel=\"canonical\" href=\"http:\/\/52.77.24.187\/vi\/san-pham\/mixtape-california-sun-juicy-pale-2\/\" \/>\n<meta property=\"og:locale\" content=\"vi_VN\" \/>\n<meta property=\"og:type\" content=\"article\" \/>\n<meta property=\"og:title\" content=\"MixTape California Sun Juicy Pale - The Bottle Shop\" \/>\n<meta property=\"og:description\" content=\"MixTape California Sun Juicy Pale. \u0110\u00e2y l\u00e0 m\u1ed9t lo\u1ea1i bia Pale Ale nh\u1eb9 nh\u00e0ng, d\u1ec5 u\u1ed1ng v\u1edbi h\u01b0\u01a1ng v\u1ecb t\u1eeb tinh tu\u00fd c\u1ee7a l\u00faa m\u00ec v\u00e0 y\u1ebfn m\u1ea1ch, k\u1ebft h\u1ee3p v\u1edbi s\u1ef1 thanh m\u00e1t c\u1ee7a cam t\u01b0\u01a1i. Ho\u00e0n h\u1ea3o cho nh\u1eefng ng\u00e0y h\u00e8 n\u00f3ng. S\u1ea3ng kho\u00e1i, Cam, Tr\u00e1i c\u00e2y 5.4%\" \/>\n<meta property=\"og:url\" content=\"http:\/\/52.77.24.187\/vi\/san-pham\/mixtape-california-sun-juicy-pale-2\/\" \/>\n<meta property=\"og:site_name\" content=\"The Bottle Shop\" \/>\n<meta property=\"article:publisher\" content=\"https:\/\/www.facebook.com\/thebottleshopvietnam\" \/>\n<meta property=\"article:modified_time\" content=\"2025-06-05T05:02:28+00:00\" \/>\n<meta property=\"og:image\" content=\"https:\/\/mlsrfcxkkbzg.i.optimole.com\/cb:JbP2.215d7\/w:auto\/h:auto\/q:mauto\/ig:avif\/http:\/\/52.77.24.187\/wp-content\/uploads\/2021\/11\/CaliforniaSun_can-1080.png\" \/>\n\t<meta property=\"og:image:width\" content=\"1080\" \/>\n\t<meta property=\"og:image:height\" content=\"1090\" \/>\n\t<meta property=\"og:image:type\" content=\"image\/png\" \/>\n<meta name=\"twitter:card\" content=\"summary_large_image\" \/>\n<meta name=\"twitter:label1\" content=\"Est. reading time\" \/>\n\t<meta name=\"twitter:data1\" content=\"1 minute\" \/>\n<script type=\"application\/ld+json\" class=\"yoast-schema-graph\">{\"@context\":\"https:\/\/schema.org\",\"@graph\":[{\"@type\":\"WebPage\",\"@id\":\"http:\/\/52.77.24.187\/vi\/san-pham\/mixtape-california-sun-juicy-pale-2\/\",\"url\":\"http:\/\/52.77.24.187\/vi\/san-pham\/mixtape-california-sun-juicy-pale-2\/\",\"name\":\"MixTape California Sun Juicy Pale - The Bottle Shop\",\"isPartOf\":{\"@id\":\"http:\/\/52.77.24.187\/#website\"},\"primaryImageOfPage\":{\"@id\":\"http:\/\/52.77.24.187\/vi\/san-pham\/mixtape-california-sun-juicy-pale-2\/#primaryimage\"},\"image\":{\"@id\":\"http:\/\/52.77.24.187\/vi\/san-pham\/mixtape-california-sun-juicy-pale-2\/#primaryimage\"},\"thumbnailUrl\":\"https:\/\/mlsrfcxkkbzg.i.optimole.com\/cb:JbP2.215d7\/w:auto\/h:auto\/q:mauto\/ig:avif\/https:\/\/thebottleshop.vn\/wp-content\/uploads\/2021\/11\/CaliforniaSun_can-1080.png\",\"datePublished\":\"2021-11-30T09:06:45+00:00\",\"dateModified\":\"2025-06-05T05:02:28+00:00\",\"description\":\"MixTape California Sun Juicy Pale. \u0110\u00e2y l\u00e0 m\u1ed9t lo\u1ea1i bia Pale Ale nh\u1eb9 nh\u00e0ng, d\u1ec5 u\u1ed1ng v\u1edbi h\u01b0\u01a1ng v\u1ecb t\u1eeb tinh tu\u00fd c\u1ee7a l\u00faa m\u00ec v\u00e0 y\u1ebfn m\u1ea1ch, k\u1ebft h\u1ee3p v\u1edbi s\u1ef1 thanh m\u00e1t c\u1ee7a cam t\u01b0\u01a1i. Ho\u00e0n h\u1ea3o cho nh\u1eefng ng\u00e0y h\u00e8 n\u00f3ng. S\u1ea3ng kho\u00e1i, Cam, Tr\u00e1i c\u00e2y 5.4%\",\"breadcrumb\":{\"@id\":\"http:\/\/52.77.24.187\/vi\/san-pham\/mixtape-california-sun-juicy-pale-2\/#breadcrumb\"},\"inLanguage\":\"vi-VN\",\"potentialAction\":[{\"@type\":\"ReadAction\",\"target\":[\"http:\/\/52.77.24.187\/vi\/san-pham\/mixtape-california-sun-juicy-pale-2\/\"]}]},{\"@type\":\"ImageObject\",\"inLanguage\":\"vi-VN\",\"@id\":\"http:\/\/52.77.24.187\/vi\/san-pham\/mixtape-california-sun-juicy-pale-2\/#primaryimage\",\"url\":\"https:\/\/mlsrfcxkkbzg.i.optimole.com\/cb:JbP2.215d7\/w:auto\/h:auto\/q:mauto\/ig:avif\/https:\/\/thebottleshop.vn\/wp-content\/uploads\/2021\/11\/CaliforniaSun_can-1080.png\",\"contentUrl\":\"https:\/\/mlsrfcxkkbzg.i.optimole.com\/cb:JbP2.215d7\/w:auto\/h:auto\/q:mauto\/ig:avif\/https:\/\/thebottleshop.vn\/wp-content\/uploads\/2021\/11\/CaliforniaSun_can-1080.png\",\"width\":1080,\"height\":1090,\"caption\":\"MixTape California Sun\"},{\"@type\":\"BreadcrumbList\",\"@id\":\"http:\/\/52.77.24.187\/vi\/san-pham\/mixtape-california-sun-juicy-pale-2\/#breadcrumb\",\"itemListElement\":[{\"@type\":\"ListItem\",\"position\":1,\"name\":\"Home\",\"item\":\"http:\/\/52.77.24.187\/vi\/test-popup-vi\/\"},{\"@type\":\"ListItem\",\"position\":2,\"name\":\"C\u1eeda h\u00e0ng\",\"item\":\"http:\/\/52.77.24.187\/vi\/cua-hang\/\"},{\"@type\":\"ListItem\",\"position\":3,\"name\":\"MixTape California Sun Juicy Pale\"}]},{\"@type\":\"WebSite\",\"@id\":\"http:\/\/52.77.24.187\/#website\",\"url\":\"http:\/\/52.77.24.187\/\",\"name\":\"The Bottle Shop\",\"description\":\"All beers are not created equal\",\"publisher\":{\"@id\":\"http:\/\/52.77.24.187\/#organization\"},\"potentialAction\":[{\"@type\":\"SearchAction\",\"target\":{\"@type\":\"EntryPoint\",\"urlTemplate\":\"http:\/\/52.77.24.187\/?s={search_term_string}\"},\"query-input\":{\"@type\":\"PropertyValueSpecification\",\"valueRequired\":true,\"valueName\":\"search_term_string\"}}],\"inLanguage\":\"vi-VN\"},{\"@type\":\"Organization\",\"@id\":\"http:\/\/52.77.24.187\/#organization\",\"name\":\"The Bottle Shop\",\"url\":\"http:\/\/52.77.24.187\/\",\"logo\":{\"@type\":\"ImageObject\",\"inLanguage\":\"vi-VN\",\"@id\":\"http:\/\/52.77.24.187\/#\/schema\/logo\/image\/\",\"url\":\"https:\/\/mlsrfcxkkbzg.i.optimole.com\/cb:JbP2.215d7\/w:auto\/h:auto\/q:mauto\/ig:avif\/https:\/\/thebottleshop.vn\/wp-content\/uploads\/2022\/10\/The-Bottle-Shop-Online-Logo.png\",\"contentUrl\":\"https:\/\/mlsrfcxkkbzg.i.optimole.com\/cb:JbP2.215d7\/w:auto\/h:auto\/q:mauto\/ig:avif\/https:\/\/thebottleshop.vn\/wp-content\/uploads\/2022\/10\/The-Bottle-Shop-Online-Logo.png\",\"width\":145,\"height\":147,\"caption\":\"The Bottle Shop\"},\"image\":{\"@id\":\"http:\/\/52.77.24.187\/#\/schema\/logo\/image\/\"},\"sameAs\":[\"https:\/\/www.facebook.com\/thebottleshopvietnam\",\"https:\/\/www.instagram.com\/thebottleshop_vietnam\/\"]}]}<\/script>\n<!-- \/ Yoast SEO plugin. -->","yoast_head_json":{"title":"MixTape California Sun Juicy Pale - The Bottle Shop","description":"MixTape California Sun Juicy Pale. \u0110\u00e2y l\u00e0 m\u1ed9t lo\u1ea1i bia Pale Ale nh\u1eb9 nh\u00e0ng, d\u1ec5 u\u1ed1ng v\u1edbi h\u01b0\u01a1ng v\u1ecb t\u1eeb tinh tu\u00fd c\u1ee7a l\u00faa m\u00ec v\u00e0 y\u1ebfn m\u1ea1ch, k\u1ebft h\u1ee3p v\u1edbi s\u1ef1 thanh m\u00e1t c\u1ee7a cam t\u01b0\u01a1i. Ho\u00e0n h\u1ea3o cho nh\u1eefng ng\u00e0y h\u00e8 n\u00f3ng. S\u1ea3ng kho\u00e1i, Cam, Tr\u00e1i c\u00e2y 5.4%","robots":{"index":"index","follow":"follow","max-snippet":"max-snippet:-1","max-image-preview":"max-image-preview:large","max-video-preview":"max-video-preview:-1"},"canonical":"http:\/\/52.77.24.187\/vi\/san-pham\/mixtape-california-sun-juicy-pale-2\/","og_locale":"vi_VN","og_type":"article","og_title":"MixTape California Sun Juicy Pale - The Bottle Shop","og_description":"MixTape California Sun Juicy Pale. \u0110\u00e2y l\u00e0 m\u1ed9t lo\u1ea1i bia Pale Ale nh\u1eb9 nh\u00e0ng, d\u1ec5 u\u1ed1ng v\u1edbi h\u01b0\u01a1ng v\u1ecb t\u1eeb tinh tu\u00fd c\u1ee7a l\u00faa m\u00ec v\u00e0 y\u1ebfn m\u1ea1ch, k\u1ebft h\u1ee3p v\u1edbi s\u1ef1 thanh m\u00e1t c\u1ee7a cam t\u01b0\u01a1i. Ho\u00e0n h\u1ea3o cho nh\u1eefng ng\u00e0y h\u00e8 n\u00f3ng. S\u1ea3ng kho\u00e1i, Cam, Tr\u00e1i c\u00e2y 5.4%","og_url":"http:\/\/52.77.24.187\/vi\/san-pham\/mixtape-california-sun-juicy-pale-2\/","og_site_name":"The Bottle Shop","article_publisher":"https:\/\/www.facebook.com\/thebottleshopvietnam","article_modified_time":"2025-06-05T05:02:28+00:00","og_image":[{"width":1080,"height":1090,"url":"https:\/\/mlsrfcxkkbzg.i.optimole.com\/cb:JbP2.215d7\/w:auto\/h:auto\/q:mauto\/ig:avif\/http:\/\/52.77.24.187\/wp-content\/uploads\/2021\/11\/CaliforniaSun_can-1080.png","type":"image\/png"}],"twitter_card":"summary_large_image","twitter_misc":{"Est. reading time":"1 minute"},"schema":{"@context":"https:\/\/schema.org","@graph":[{"@type":"WebPage","@id":"http:\/\/52.77.24.187\/vi\/san-pham\/mixtape-california-sun-juicy-pale-2\/","url":"http:\/\/52.77.24.187\/vi\/san-pham\/mixtape-california-sun-juicy-pale-2\/","name":"MixTape California Sun Juicy Pale - The Bottle Shop","isPartOf":{"@id":"http:\/\/52.77.24.187\/#website"},"primaryImageOfPage":{"@id":"http:\/\/52.77.24.187\/vi\/san-pham\/mixtape-california-sun-juicy-pale-2\/#primaryimage"},"image":{"@id":"http:\/\/52.77.24.187\/vi\/san-pham\/mixtape-california-sun-juicy-pale-2\/#primaryimage"},"thumbnailUrl":"https:\/\/mlsrfcxkkbzg.i.optimole.com\/cb:JbP2.215d7\/w:auto\/h:auto\/q:mauto\/ig:avif\/https:\/\/thebottleshop.vn\/wp-content\/uploads\/2021\/11\/CaliforniaSun_can-1080.png","datePublished":"2021-11-30T09:06:45+00:00","dateModified":"2025-06-05T05:02:28+00:00","description":"MixTape California Sun Juicy Pale. \u0110\u00e2y l\u00e0 m\u1ed9t lo\u1ea1i bia Pale Ale nh\u1eb9 nh\u00e0ng, d\u1ec5 u\u1ed1ng v\u1edbi h\u01b0\u01a1ng v\u1ecb t\u1eeb tinh tu\u00fd c\u1ee7a l\u00faa m\u00ec v\u00e0 y\u1ebfn m\u1ea1ch, k\u1ebft h\u1ee3p v\u1edbi s\u1ef1 thanh m\u00e1t c\u1ee7a cam t\u01b0\u01a1i. Ho\u00e0n h\u1ea3o cho nh\u1eefng ng\u00e0y h\u00e8 n\u00f3ng. S\u1ea3ng kho\u00e1i, Cam, Tr\u00e1i c\u00e2y 5.4%","breadcrumb":{"@id":"http:\/\/52.77.24.187\/vi\/san-pham\/mixtape-california-sun-juicy-pale-2\/#breadcrumb"},"inLanguage":"vi-VN","potentialAction":[{"@type":"ReadAction","target":["http:\/\/52.77.24.187\/vi\/san-pham\/mixtape-california-sun-juicy-pale-2\/"]}]},{"@type":"ImageObject","inLanguage":"vi-VN","@id":"http:\/\/52.77.24.187\/vi\/san-pham\/mixtape-california-sun-juicy-pale-2\/#primaryimage","url":"https:\/\/mlsrfcxkkbzg.i.optimole.com\/cb:JbP2.215d7\/w:auto\/h:auto\/q:mauto\/ig:avif\/https:\/\/thebottleshop.vn\/wp-content\/uploads\/2021\/11\/CaliforniaSun_can-1080.png","contentUrl":"https:\/\/mlsrfcxkkbzg.i.optimole.com\/cb:JbP2.215d7\/w:auto\/h:auto\/q:mauto\/ig:avif\/https:\/\/thebottleshop.vn\/wp-content\/uploads\/2021\/11\/CaliforniaSun_can-1080.png","width":1080,"height":1090,"caption":"MixTape California Sun"},{"@type":"BreadcrumbList","@id":"http:\/\/52.77.24.187\/vi\/san-pham\/mixtape-california-sun-juicy-pale-2\/#breadcrumb","itemListElement":[{"@type":"ListItem","position":1,"name":"Home","item":"http:\/\/52.77.24.187\/vi\/test-popup-vi\/"},{"@type":"ListItem","position":2,"name":"C\u1eeda h\u00e0ng","item":"http:\/\/52.77.24.187\/vi\/cua-hang\/"},{"@type":"ListItem","position":3,"name":"MixTape California Sun Juicy Pale"}]},{"@type":"WebSite","@id":"http:\/\/52.77.24.187\/#website","url":"http:\/\/52.77.24.187\/","name":"The Bottle Shop","description":"All beers are not created equal","publisher":{"@id":"http:\/\/52.77.24.187\/#organization"},"potentialAction":[{"@type":"SearchAction","target":{"@type":"EntryPoint","urlTemplate":"http:\/\/52.77.24.187\/?s={search_term_string}"},"query-input":{"@type":"PropertyValueSpecification","valueRequired":true,"valueName":"search_term_string"}}],"inLanguage":"vi-VN"},{"@type":"Organization","@id":"http:\/\/52.77.24.187\/#organization","name":"The Bottle Shop","url":"http:\/\/52.77.24.187\/","logo":{"@type":"ImageObject","inLanguage":"vi-VN","@id":"http:\/\/52.77.24.187\/#\/schema\/logo\/image\/","url":"https:\/\/mlsrfcxkkbzg.i.optimole.com\/cb:JbP2.215d7\/w:auto\/h:auto\/q:mauto\/ig:avif\/https:\/\/thebottleshop.vn\/wp-content\/uploads\/2022\/10\/The-Bottle-Shop-Online-Logo.png","contentUrl":"https:\/\/mlsrfcxkkbzg.i.optimole.com\/cb:JbP2.215d7\/w:auto\/h:auto\/q:mauto\/ig:avif\/https:\/\/thebottleshop.vn\/wp-content\/uploads\/2022\/10\/The-Bottle-Shop-Online-Logo.png","width":145,"height":147,"caption":"The Bottle Shop"},"image":{"@id":"http:\/\/52.77.24.187\/#\/schema\/logo\/image\/"},"sameAs":["https:\/\/www.facebook.com\/thebottleshopvietnam","https:\/\/www.instagram.com\/thebottleshop_vietnam\/"]}]}},"_links":{"self":[{"href":"https:\/\/thebottleshop.vn\/vi\/wp-json\/wp\/v2\/product\/13034","targetHints":{"allow":["GET"]}}],"collection":[{"href":"https:\/\/thebottleshop.vn\/vi\/wp-json\/wp\/v2\/product"}],"about":[{"href":"https:\/\/thebottleshop.vn\/vi\/wp-json\/wp\/v2\/types\/product"}],"replies":[{"embeddable":true,"href":"https:\/\/thebottleshop.vn\/vi\/wp-json\/wp\/v2\/comments?post=13034"}],"wp:featuredmedia":[{"embeddable":true,"href":"https:\/\/thebottleshop.vn\/vi\/wp-json\/wp\/v2\/media\/15884"}],"wp:attachment":[{"href":"https:\/\/thebottleshop.vn\/vi\/wp-json\/wp\/v2\/media?parent=13034"}],"wp:term":[{"taxonomy":"product_brand","embeddable":true,"href":"https:\/\/thebottleshop.vn\/vi\/wp-json\/wp\/v2\/product_brand?post=13034"},{"taxonomy":"product_cat","embeddable":true,"href":"https:\/\/thebottleshop.vn\/vi\/wp-json\/wp\/v2\/product_cat?post=13034"},{"taxonomy":"product_tag","embeddable":true,"href":"https:\/\/thebottleshop.vn\/vi\/wp-json\/wp\/v2\/product_tag?post=13034"}],"curies":[{"name":"wp","href":"https:\/\/api.w.org\/{rel}","templated":true}]}}