{"id":13040,"date":"2021-11-30T17:15:51","date_gmt":"2022-02-17T15:24:28","guid":{"rendered":"https:\/\/thebottleshop.vn\/product\/mekong-bumble-basil-saison\/"},"modified":"2025-08-08T14:56:56","modified_gmt":"2025-08-08T07:56:56","slug":"mekong-brewing-bumble-basil-saison-2","status":"publish","type":"product","link":"https:\/\/thebottleshop.vn\/vi\/san-pham\/mekong-brewing-bumble-basil-saison-2\/","title":{"rendered":"Mekong Bumble Basil Saison"},"content":{"rendered":"<p>Mekong Bumble Basil Saison l\u00e0 lo\u1ea1i bia c\u00f3 v\u1ecb d\u1ecbu nh\u1eb9 \u0111\u1ecdng l\u1ea1i ch\u00fat g\u00ec \u0111\u00f3 cay cay t\u1eeb l\u00e1 h\u00fang qu\u1ebf v\u00e0 k\u1ebft th\u00fac b\u1edfi v\u1ecb thanh ng\u1ecdt t\u1eeb m\u1eadt ong. <\/p>\n<p>&#8212;&#8211;<br \/>\n Xem h\u00ecnh \u1ea3nh \u0111\u1ec3 bi\u1ebft \u0111\u1ea7y \u0111\u1ee7 th\u00f4ng tin chi ti\u1ebft v\u1ec1 ngu\u1ed3n g\u1ed1c, th\u00e0nh ph\u1ea7n v\u00e0 y\u00eau c\u1ea7u b\u1ea3o qu\u1ea3n c\u1ee7a s\u1ea3n ph\u1ea9m n\u00e0y.<\/p>\n","protected":false},"excerpt":{"rendered":"<p><strong>Th\u01a1m, M\u1eadt ong, H\u00f9ng qu\u1ebf 6.5%<\/strong><\/p>\n","protected":false},"featured_media":15906,"comment_status":"open","ping_status":"closed","template":"","meta":{"_acf_changed":false},"product_brand":[],"product_cat":[337,379,340,348,423,351,366,345,377,339,341,352,408,344,387,463],"product_tag":[],"class_list":{"0":"post-13040","1":"product","2":"type-product","3":"status-publish","4":"has-post-thumbnail","6":"product_cat-bia-va-cider","7":"product_cat-20-39","8":"product_cat-vietnam-hcmc","9":"product_cat-6-7-9","10":"product_cat-100k-149k","11":"product_cat-dong-bia","12":"product_cat-nha-san-xuat","13":"product_cat-abv-vi","14":"product_cat-ibu","15":"product_cat-xuat-xu","16":"product_cat-dong-goi","17":"product_cat-gia","18":"product_cat-saison","19":"product_cat-lon-330-ml","20":"product_cat-thung-24-lon","21":"product_cat-mekong-brewing-co","22":"pa_pack_type-can-330ml-vi","23":"pa_pack_type-thung-24","25":"first","26":"outofstock","27":"shipping-taxable","28":"purchasable","29":"product-type-variable","30":"has-default-attributes","31":"add-to-wishlist-before_image"},"acf":[],"yoast_head":"<!-- This site is optimized with the Yoast SEO plugin v27.2 - https:\/\/yoast.com\/product\/yoast-seo-wordpress\/ -->\n<title>Mekong Bumble Basil Saison - The Bottle Shop<\/title>\n<meta name=\"description\" content=\"Mekong Bumble Basil Saison l\u00e0 lo\u1ea1i bia c\u00f3 v\u1ecb d\u1ecbu nh\u1eb9 \u0111\u1ecdng l\u1ea1i ch\u00fat g\u00ec \u0111\u00f3 cay cay t\u1eeb l\u00e1 h\u00fang qu\u1ebf v\u00e0 k\u1ebft th\u00fac b\u1edfi v\u1ecb thanh ng\u1ecdt t\u1eeb m\u1eadt ong.\" \/>\n<meta name=\"robots\" content=\"index, follow, max-snippet:-1, max-image-preview:large, max-video-preview:-1\" \/>\n<link rel=\"canonical\" href=\"http:\/\/52.77.24.187\/vi\/san-pham\/mekong-brewing-bumble-basil-saison-2\/\" \/>\n<meta property=\"og:locale\" content=\"vi_VN\" \/>\n<meta property=\"og:type\" content=\"article\" \/>\n<meta property=\"og:title\" content=\"Mekong Bumble Basil Saison - The Bottle Shop\" \/>\n<meta property=\"og:description\" content=\"Mekong Bumble Basil Saison l\u00e0 lo\u1ea1i bia c\u00f3 v\u1ecb d\u1ecbu nh\u1eb9 \u0111\u1ecdng l\u1ea1i ch\u00fat g\u00ec \u0111\u00f3 cay cay t\u1eeb l\u00e1 h\u00fang qu\u1ebf v\u00e0 k\u1ebft th\u00fac b\u1edfi v\u1ecb thanh ng\u1ecdt t\u1eeb m\u1eadt ong.\" \/>\n<meta property=\"og:url\" content=\"http:\/\/52.77.24.187\/vi\/san-pham\/mekong-brewing-bumble-basil-saison-2\/\" \/>\n<meta property=\"og:site_name\" content=\"The Bottle Shop\" \/>\n<meta property=\"article:publisher\" content=\"https:\/\/www.facebook.com\/thebottleshopvietnam\" \/>\n<meta property=\"article:modified_time\" content=\"2025-08-08T07:56:56+00:00\" \/>\n<meta property=\"og:image\" content=\"https:\/\/mlsrfcxkkbzg.i.optimole.com\/cb:JbP2.215d7\/w:auto\/h:auto\/q:mauto\/ig:avif\/http:\/\/52.77.24.187\/wp-content\/uploads\/2021\/11\/bumble-basil-can-1080.png\" \/>\n\t<meta property=\"og:image:width\" content=\"1080\" \/>\n\t<meta property=\"og:image:height\" content=\"1080\" \/>\n\t<meta property=\"og:image:type\" content=\"image\/png\" \/>\n<meta name=\"twitter:card\" content=\"summary_large_image\" \/>\n<meta name=\"twitter:label1\" content=\"Est. reading time\" \/>\n\t<meta name=\"twitter:data1\" content=\"1 minute\" \/>\n<script type=\"application\/ld+json\" class=\"yoast-schema-graph\">{\"@context\":\"https:\/\/schema.org\",\"@graph\":[{\"@type\":\"WebPage\",\"@id\":\"http:\/\/52.77.24.187\/vi\/san-pham\/mekong-brewing-bumble-basil-saison-2\/\",\"url\":\"http:\/\/52.77.24.187\/vi\/san-pham\/mekong-brewing-bumble-basil-saison-2\/\",\"name\":\"Mekong Bumble Basil Saison - The Bottle Shop\",\"isPartOf\":{\"@id\":\"http:\/\/52.77.24.187\/#website\"},\"primaryImageOfPage\":{\"@id\":\"http:\/\/52.77.24.187\/vi\/san-pham\/mekong-brewing-bumble-basil-saison-2\/#primaryimage\"},\"image\":{\"@id\":\"http:\/\/52.77.24.187\/vi\/san-pham\/mekong-brewing-bumble-basil-saison-2\/#primaryimage\"},\"thumbnailUrl\":\"https:\/\/mlsrfcxkkbzg.i.optimole.com\/cb:JbP2.215d7\/w:auto\/h:auto\/q:mauto\/ig:avif\/https:\/\/thebottleshop.vn\/wp-content\/uploads\/2021\/11\/bumble-basil-can-1080.png\",\"datePublished\":\"2022-02-17T15:24:28+00:00\",\"dateModified\":\"2025-08-08T07:56:56+00:00\",\"description\":\"Mekong Bumble Basil Saison l\u00e0 lo\u1ea1i bia c\u00f3 v\u1ecb d\u1ecbu nh\u1eb9 \u0111\u1ecdng l\u1ea1i ch\u00fat g\u00ec \u0111\u00f3 cay cay t\u1eeb l\u00e1 h\u00fang qu\u1ebf v\u00e0 k\u1ebft th\u00fac b\u1edfi v\u1ecb thanh ng\u1ecdt t\u1eeb m\u1eadt ong.\",\"breadcrumb\":{\"@id\":\"http:\/\/52.77.24.187\/vi\/san-pham\/mekong-brewing-bumble-basil-saison-2\/#breadcrumb\"},\"inLanguage\":\"vi-VN\",\"potentialAction\":[{\"@type\":\"ReadAction\",\"target\":[\"http:\/\/52.77.24.187\/vi\/san-pham\/mekong-brewing-bumble-basil-saison-2\/\"]}]},{\"@type\":\"ImageObject\",\"inLanguage\":\"vi-VN\",\"@id\":\"http:\/\/52.77.24.187\/vi\/san-pham\/mekong-brewing-bumble-basil-saison-2\/#primaryimage\",\"url\":\"https:\/\/mlsrfcxkkbzg.i.optimole.com\/cb:JbP2.215d7\/w:auto\/h:auto\/q:mauto\/ig:avif\/https:\/\/thebottleshop.vn\/wp-content\/uploads\/2021\/11\/bumble-basil-can-1080.png\",\"contentUrl\":\"https:\/\/mlsrfcxkkbzg.i.optimole.com\/cb:JbP2.215d7\/w:auto\/h:auto\/q:mauto\/ig:avif\/https:\/\/thebottleshop.vn\/wp-content\/uploads\/2021\/11\/bumble-basil-can-1080.png\",\"width\":1080,\"height\":1080,\"caption\":\"Mekong Bumble Basil Saison Can\"},{\"@type\":\"BreadcrumbList\",\"@id\":\"http:\/\/52.77.24.187\/vi\/san-pham\/mekong-brewing-bumble-basil-saison-2\/#breadcrumb\",\"itemListElement\":[{\"@type\":\"ListItem\",\"position\":1,\"name\":\"Home\",\"item\":\"http:\/\/52.77.24.187\/vi\/test-popup-vi\/\"},{\"@type\":\"ListItem\",\"position\":2,\"name\":\"C\u1eeda h\u00e0ng\",\"item\":\"http:\/\/52.77.24.187\/vi\/cua-hang\/\"},{\"@type\":\"ListItem\",\"position\":3,\"name\":\"Mekong Bumble Basil Saison\"}]},{\"@type\":\"WebSite\",\"@id\":\"http:\/\/52.77.24.187\/#website\",\"url\":\"http:\/\/52.77.24.187\/\",\"name\":\"The Bottle Shop\",\"description\":\"All beers are not created equal\",\"publisher\":{\"@id\":\"http:\/\/52.77.24.187\/#organization\"},\"potentialAction\":[{\"@type\":\"SearchAction\",\"target\":{\"@type\":\"EntryPoint\",\"urlTemplate\":\"http:\/\/52.77.24.187\/?s={search_term_string}\"},\"query-input\":{\"@type\":\"PropertyValueSpecification\",\"valueRequired\":true,\"valueName\":\"search_term_string\"}}],\"inLanguage\":\"vi-VN\"},{\"@type\":\"Organization\",\"@id\":\"http:\/\/52.77.24.187\/#organization\",\"name\":\"The Bottle Shop\",\"url\":\"http:\/\/52.77.24.187\/\",\"logo\":{\"@type\":\"ImageObject\",\"inLanguage\":\"vi-VN\",\"@id\":\"http:\/\/52.77.24.187\/#\/schema\/logo\/image\/\",\"url\":\"https:\/\/mlsrfcxkkbzg.i.optimole.com\/cb:JbP2.215d7\/w:auto\/h:auto\/q:mauto\/ig:avif\/https:\/\/thebottleshop.vn\/wp-content\/uploads\/2022\/10\/The-Bottle-Shop-Online-Logo.png\",\"contentUrl\":\"https:\/\/mlsrfcxkkbzg.i.optimole.com\/cb:JbP2.215d7\/w:auto\/h:auto\/q:mauto\/ig:avif\/https:\/\/thebottleshop.vn\/wp-content\/uploads\/2022\/10\/The-Bottle-Shop-Online-Logo.png\",\"width\":145,\"height\":147,\"caption\":\"The Bottle Shop\"},\"image\":{\"@id\":\"http:\/\/52.77.24.187\/#\/schema\/logo\/image\/\"},\"sameAs\":[\"https:\/\/www.facebook.com\/thebottleshopvietnam\",\"https:\/\/www.instagram.com\/thebottleshop_vietnam\/\"]}]}<\/script>\n<!-- \/ Yoast SEO plugin. -->","yoast_head_json":{"title":"Mekong Bumble Basil Saison - The Bottle Shop","description":"Mekong Bumble Basil Saison l\u00e0 lo\u1ea1i bia c\u00f3 v\u1ecb d\u1ecbu nh\u1eb9 \u0111\u1ecdng l\u1ea1i ch\u00fat g\u00ec \u0111\u00f3 cay cay t\u1eeb l\u00e1 h\u00fang qu\u1ebf v\u00e0 k\u1ebft th\u00fac b\u1edfi v\u1ecb thanh ng\u1ecdt t\u1eeb m\u1eadt ong.","robots":{"index":"index","follow":"follow","max-snippet":"max-snippet:-1","max-image-preview":"max-image-preview:large","max-video-preview":"max-video-preview:-1"},"canonical":"http:\/\/52.77.24.187\/vi\/san-pham\/mekong-brewing-bumble-basil-saison-2\/","og_locale":"vi_VN","og_type":"article","og_title":"Mekong Bumble Basil Saison - The Bottle Shop","og_description":"Mekong Bumble Basil Saison l\u00e0 lo\u1ea1i bia c\u00f3 v\u1ecb d\u1ecbu nh\u1eb9 \u0111\u1ecdng l\u1ea1i ch\u00fat g\u00ec \u0111\u00f3 cay cay t\u1eeb l\u00e1 h\u00fang qu\u1ebf v\u00e0 k\u1ebft th\u00fac b\u1edfi v\u1ecb thanh ng\u1ecdt t\u1eeb m\u1eadt ong.","og_url":"http:\/\/52.77.24.187\/vi\/san-pham\/mekong-brewing-bumble-basil-saison-2\/","og_site_name":"The Bottle Shop","article_publisher":"https:\/\/www.facebook.com\/thebottleshopvietnam","article_modified_time":"2025-08-08T07:56:56+00:00","og_image":[{"width":1080,"height":1080,"url":"https:\/\/mlsrfcxkkbzg.i.optimole.com\/cb:JbP2.215d7\/w:auto\/h:auto\/q:mauto\/ig:avif\/http:\/\/52.77.24.187\/wp-content\/uploads\/2021\/11\/bumble-basil-can-1080.png","type":"image\/png"}],"twitter_card":"summary_large_image","twitter_misc":{"Est. reading time":"1 minute"},"schema":{"@context":"https:\/\/schema.org","@graph":[{"@type":"WebPage","@id":"http:\/\/52.77.24.187\/vi\/san-pham\/mekong-brewing-bumble-basil-saison-2\/","url":"http:\/\/52.77.24.187\/vi\/san-pham\/mekong-brewing-bumble-basil-saison-2\/","name":"Mekong Bumble Basil Saison - The Bottle Shop","isPartOf":{"@id":"http:\/\/52.77.24.187\/#website"},"primaryImageOfPage":{"@id":"http:\/\/52.77.24.187\/vi\/san-pham\/mekong-brewing-bumble-basil-saison-2\/#primaryimage"},"image":{"@id":"http:\/\/52.77.24.187\/vi\/san-pham\/mekong-brewing-bumble-basil-saison-2\/#primaryimage"},"thumbnailUrl":"https:\/\/mlsrfcxkkbzg.i.optimole.com\/cb:JbP2.215d7\/w:auto\/h:auto\/q:mauto\/ig:avif\/https:\/\/thebottleshop.vn\/wp-content\/uploads\/2021\/11\/bumble-basil-can-1080.png","datePublished":"2022-02-17T15:24:28+00:00","dateModified":"2025-08-08T07:56:56+00:00","description":"Mekong Bumble Basil Saison l\u00e0 lo\u1ea1i bia c\u00f3 v\u1ecb d\u1ecbu nh\u1eb9 \u0111\u1ecdng l\u1ea1i ch\u00fat g\u00ec \u0111\u00f3 cay cay t\u1eeb l\u00e1 h\u00fang qu\u1ebf v\u00e0 k\u1ebft th\u00fac b\u1edfi v\u1ecb thanh ng\u1ecdt t\u1eeb m\u1eadt ong.","breadcrumb":{"@id":"http:\/\/52.77.24.187\/vi\/san-pham\/mekong-brewing-bumble-basil-saison-2\/#breadcrumb"},"inLanguage":"vi-VN","potentialAction":[{"@type":"ReadAction","target":["http:\/\/52.77.24.187\/vi\/san-pham\/mekong-brewing-bumble-basil-saison-2\/"]}]},{"@type":"ImageObject","inLanguage":"vi-VN","@id":"http:\/\/52.77.24.187\/vi\/san-pham\/mekong-brewing-bumble-basil-saison-2\/#primaryimage","url":"https:\/\/mlsrfcxkkbzg.i.optimole.com\/cb:JbP2.215d7\/w:auto\/h:auto\/q:mauto\/ig:avif\/https:\/\/thebottleshop.vn\/wp-content\/uploads\/2021\/11\/bumble-basil-can-1080.png","contentUrl":"https:\/\/mlsrfcxkkbzg.i.optimole.com\/cb:JbP2.215d7\/w:auto\/h:auto\/q:mauto\/ig:avif\/https:\/\/thebottleshop.vn\/wp-content\/uploads\/2021\/11\/bumble-basil-can-1080.png","width":1080,"height":1080,"caption":"Mekong Bumble Basil Saison Can"},{"@type":"BreadcrumbList","@id":"http:\/\/52.77.24.187\/vi\/san-pham\/mekong-brewing-bumble-basil-saison-2\/#breadcrumb","itemListElement":[{"@type":"ListItem","position":1,"name":"Home","item":"http:\/\/52.77.24.187\/vi\/test-popup-vi\/"},{"@type":"ListItem","position":2,"name":"C\u1eeda h\u00e0ng","item":"http:\/\/52.77.24.187\/vi\/cua-hang\/"},{"@type":"ListItem","position":3,"name":"Mekong Bumble Basil Saison"}]},{"@type":"WebSite","@id":"http:\/\/52.77.24.187\/#website","url":"http:\/\/52.77.24.187\/","name":"The Bottle Shop","description":"All beers are not created equal","publisher":{"@id":"http:\/\/52.77.24.187\/#organization"},"potentialAction":[{"@type":"SearchAction","target":{"@type":"EntryPoint","urlTemplate":"http:\/\/52.77.24.187\/?s={search_term_string}"},"query-input":{"@type":"PropertyValueSpecification","valueRequired":true,"valueName":"search_term_string"}}],"inLanguage":"vi-VN"},{"@type":"Organization","@id":"http:\/\/52.77.24.187\/#organization","name":"The Bottle Shop","url":"http:\/\/52.77.24.187\/","logo":{"@type":"ImageObject","inLanguage":"vi-VN","@id":"http:\/\/52.77.24.187\/#\/schema\/logo\/image\/","url":"https:\/\/mlsrfcxkkbzg.i.optimole.com\/cb:JbP2.215d7\/w:auto\/h:auto\/q:mauto\/ig:avif\/https:\/\/thebottleshop.vn\/wp-content\/uploads\/2022\/10\/The-Bottle-Shop-Online-Logo.png","contentUrl":"https:\/\/mlsrfcxkkbzg.i.optimole.com\/cb:JbP2.215d7\/w:auto\/h:auto\/q:mauto\/ig:avif\/https:\/\/thebottleshop.vn\/wp-content\/uploads\/2022\/10\/The-Bottle-Shop-Online-Logo.png","width":145,"height":147,"caption":"The Bottle Shop"},"image":{"@id":"http:\/\/52.77.24.187\/#\/schema\/logo\/image\/"},"sameAs":["https:\/\/www.facebook.com\/thebottleshopvietnam","https:\/\/www.instagram.com\/thebottleshop_vietnam\/"]}]}},"_links":{"self":[{"href":"https:\/\/thebottleshop.vn\/vi\/wp-json\/wp\/v2\/product\/13040","targetHints":{"allow":["GET"]}}],"collection":[{"href":"https:\/\/thebottleshop.vn\/vi\/wp-json\/wp\/v2\/product"}],"about":[{"href":"https:\/\/thebottleshop.vn\/vi\/wp-json\/wp\/v2\/types\/product"}],"replies":[{"embeddable":true,"href":"https:\/\/thebottleshop.vn\/vi\/wp-json\/wp\/v2\/comments?post=13040"}],"wp:featuredmedia":[{"embeddable":true,"href":"https:\/\/thebottleshop.vn\/vi\/wp-json\/wp\/v2\/media\/15906"}],"wp:attachment":[{"href":"https:\/\/thebottleshop.vn\/vi\/wp-json\/wp\/v2\/media?parent=13040"}],"wp:term":[{"taxonomy":"product_brand","embeddable":true,"href":"https:\/\/thebottleshop.vn\/vi\/wp-json\/wp\/v2\/product_brand?post=13040"},{"taxonomy":"product_cat","embeddable":true,"href":"https:\/\/thebottleshop.vn\/vi\/wp-json\/wp\/v2\/product_cat?post=13040"},{"taxonomy":"product_tag","embeddable":true,"href":"https:\/\/thebottleshop.vn\/vi\/wp-json\/wp\/v2\/product_tag?post=13040"}],"curies":[{"name":"wp","href":"https:\/\/api.w.org\/{rel}","templated":true}]}}