{"id":13042,"date":"2021-12-01T07:58:25","date_gmt":"2021-12-01T00:58:25","guid":{"rendered":"https:\/\/thebottleshop.vn\/product\/overmorrow-ho-ly-water-brut-ipa\/"},"modified":"2025-06-05T11:53:07","modified_gmt":"2025-06-05T04:53:07","slug":"overmorrow-ho-ly-water-brut-ipa-2","status":"publish","type":"product","link":"https:\/\/thebottleshop.vn\/vi\/san-pham\/overmorrow-ho-ly-water-brut-ipa-2\/","title":{"rendered":"Overmorrow H\u1ed3 Ly Water Brut IPA"},"content":{"rendered":"<p>Overmorrow H\u1ed3 Ly Water Brut IPA. M\u1ed9t lo\u1ea1i bia IPA \u1ee7 nguy\u00ean ch\u1ea5t v\u1edbi g\u1ea1o t\u1eeb mi\u1ec1n B\u1eafc Vi\u1ec7t Nam. C\u00f4ng cu\u1ed9c c\u1ea1nh tranh gi\u1eefa nh\u1eefng ng\u01b0\u1eddi M\u1ef9 \u0111\u1ec3 \u0111\u01b0a ra m\u1ed9t lo\u1ea1i bia IPA ph\u00e1 c\u00e1ch \u0111\u00e3 t\u1ea1o n\u00ean m\u1ed9t th\u1ecb tr\u01b0\u1eddng m\u1edbi trong ng\u00e0nh \u1ee7 bia. M\u1ed9t nh\u00e0 \u1ee7 bia t\u1ea1i California \u0111\u00e3 t\u00ecm ra c\u00f4ng d\u1ee5ng m\u1edbi cho m\u1ed9t lo\u1ea1i enzim \u0111\u1ec3 \u1ee7 bia, d\u1eabn t\u1edbi m\u1ed9t s\u00e1ng ch\u1ebf \u0111\u1ea7y t\u00e1o b\u1ea1o m\u00e0 ch\u01b0a ai t\u1eebng th\u1ea5y tr\u00ean th\u1ebf gi\u1edbi &#8211; m\u1ed9t lo\u1ea1i bia IPA nguy\u00ean ch\u1ea5t.<\/p>\n<p>H\u1ed3 Ly Water th\u1ef1c s\u1ef1 l\u00e0 m\u1ed9t lo\u1ea1i bia c\u1ee7a th\u1eddi k\u1ef3 hi\u1ec7n \u0111\u1ea1i, v\u1edbi vi\u1ec7c s\u1eed d\u1ee5ng c\u00e2y hoa bia nh\u1eadp kh\u1ea9u t\u1eeb b\u1ed1n qu\u1ed1c gia tr\u00ean th\u1ebf gi\u1edbi v\u00e0 nguy\u00ean li\u1ec7u ch\u00ednh l\u00e0 lo\u1ea1i g\u1ea1o B\u1eafc H\u01b0\u01a1ng \u0111\u1ec3 t\u1ea1o ra enzim s\u1ea3n xu\u1ea5t ra lo\u1ea1i bia \u0111\u1eafng IPA \u0111\u1ed9c nh\u1ea5t v\u00f4 nh\u1ecb.  <\/p>\n<p>&#8212;&#8211;<br \/>\n Xem h\u00ecnh \u1ea3nh \u0111\u1ec3 bi\u1ebft \u0111\u1ea7y \u0111\u1ee7 th\u00f4ng tin chi ti\u1ebft v\u1ec1 ngu\u1ed3n g\u1ed1c, th\u00e0nh ph\u1ea7n v\u00e0 y\u00eau c\u1ea7u b\u1ea3o qu\u1ea3n c\u1ee7a s\u1ea3n ph\u1ea9m n\u00e0y.<\/p>\n","protected":false},"excerpt":{"rendered":"<p><strong>Nhi\u1ec7t \u0111\u1edbi, V\u1ecf cam, Quy\u1ebfn r\u0169 7%<\/strong><\/p>\n","protected":false},"featured_media":11847,"comment_status":"open","ping_status":"closed","template":"","meta":{"_acf_changed":false},"product_brand":[],"product_cat":[390,337,348,354,380,342,366,345,377,339,341,352,359,512,471],"product_tag":[],"class_list":{"0":"post-13042","1":"product","2":"type-product","3":"status-publish","4":"has-post-thumbnail","6":"product_cat-vietnam-hanoi","7":"product_cat-bia-va-cider","8":"product_cat-6-7-9","9":"product_cat-75k-99k","10":"product_cat-40-59","11":"product_cat-chai-330-ml","12":"product_cat-nha-san-xuat","13":"product_cat-abv-vi","14":"product_cat-ibu","15":"product_cat-xuat-xu","16":"product_cat-dong-goi","17":"product_cat-gia","18":"product_cat-ipa","19":"product_cat-thung-24-chai","20":"product_cat-overmorrow-brewing-co","21":"pa_pack_type-thung-24","22":"pa_pack_type-bottle-330ml-vi","24":"first","25":"instock","26":"sale","27":"shipping-taxable","28":"product-type-variable","29":"has-default-attributes","30":"add-to-wishlist-before_image"},"acf":[],"yoast_head":"<!-- This site is optimized with the Yoast SEO plugin v27.2 - https:\/\/yoast.com\/product\/yoast-seo-wordpress\/ -->\n<title>Overmorrow H\u1ed3 Ly Water Brut IPA - The Bottle Shop<\/title>\n<meta name=\"description\" content=\"Overmorrow H\u1ed3 Ly Water th\u1ef1c s\u1ef1 l\u00e0 m\u1ed9t lo\u1ea1i bia c\u1ee7a th\u1eddi k\u1ef3 hi\u1ec7n \u0111\u1ea1i, v\u1edbi vi\u1ec7c s\u1eed d\u1ee5ng c\u00e2y hoa bia nh\u1eadp kh\u1ea9u t\u1eeb b\u1ed1n qu\u1ed1c gia tr\u00ean th\u1ebf gi\u1edbi v\u00e0 nguy\u00ean li\u1ec7u ch\u00ednh l\u00e0 lo\u1ea1i g\u1ea1o B\u1eafc H\u01b0\u01a1ng \u0111\u1ec3 t\u1ea1o ra enzim s\u1ea3n xu\u1ea5t ra lo\u1ea1i bia \u0111\u1eafng IPA \u0111\u1ed9c nh\u1ea5t v\u00f4 nh\u1ecb.\" \/>\n<meta name=\"robots\" content=\"index, follow, max-snippet:-1, max-image-preview:large, max-video-preview:-1\" \/>\n<link rel=\"canonical\" href=\"http:\/\/52.77.24.187\/vi\/san-pham\/overmorrow-ho-ly-water-brut-ipa-2\/\" \/>\n<meta property=\"og:locale\" content=\"vi_VN\" \/>\n<meta property=\"og:type\" content=\"article\" \/>\n<meta property=\"og:title\" content=\"Overmorrow H\u1ed3 Ly Water Brut IPA - The Bottle Shop\" \/>\n<meta property=\"og:description\" content=\"Overmorrow H\u1ed3 Ly Water th\u1ef1c s\u1ef1 l\u00e0 m\u1ed9t lo\u1ea1i bia c\u1ee7a th\u1eddi k\u1ef3 hi\u1ec7n \u0111\u1ea1i, v\u1edbi vi\u1ec7c s\u1eed d\u1ee5ng c\u00e2y hoa bia nh\u1eadp kh\u1ea9u t\u1eeb b\u1ed1n qu\u1ed1c gia tr\u00ean th\u1ebf gi\u1edbi v\u00e0 nguy\u00ean li\u1ec7u ch\u00ednh l\u00e0 lo\u1ea1i g\u1ea1o B\u1eafc H\u01b0\u01a1ng \u0111\u1ec3 t\u1ea1o ra enzim s\u1ea3n xu\u1ea5t ra lo\u1ea1i bia \u0111\u1eafng IPA \u0111\u1ed9c nh\u1ea5t v\u00f4 nh\u1ecb.\" \/>\n<meta property=\"og:url\" content=\"http:\/\/52.77.24.187\/vi\/san-pham\/overmorrow-ho-ly-water-brut-ipa-2\/\" \/>\n<meta property=\"og:site_name\" content=\"The Bottle Shop\" \/>\n<meta property=\"article:publisher\" content=\"https:\/\/www.facebook.com\/thebottleshopvietnam\" \/>\n<meta property=\"article:modified_time\" content=\"2025-06-05T04:53:07+00:00\" \/>\n<meta property=\"og:image\" content=\"https:\/\/mlsrfcxkkbzg.i.optimole.com\/cb:JbP2.215d7\/w:auto\/h:auto\/q:mauto\/ig:avif\/http:\/\/52.77.24.187\/wp-content\/uploads\/2022\/01\/Overmorrow-Holy-Water-Brut-IPA.png\" \/>\n\t<meta property=\"og:image:width\" content=\"1080\" \/>\n\t<meta property=\"og:image:height\" content=\"1080\" \/>\n\t<meta property=\"og:image:type\" content=\"image\/png\" \/>\n<meta name=\"twitter:card\" content=\"summary_large_image\" \/>\n<meta name=\"twitter:label1\" content=\"Est. reading time\" \/>\n\t<meta name=\"twitter:data1\" content=\"1 minute\" \/>\n<script type=\"application\/ld+json\" class=\"yoast-schema-graph\">{\"@context\":\"https:\/\/schema.org\",\"@graph\":[{\"@type\":\"WebPage\",\"@id\":\"http:\/\/52.77.24.187\/vi\/san-pham\/overmorrow-ho-ly-water-brut-ipa-2\/\",\"url\":\"http:\/\/52.77.24.187\/vi\/san-pham\/overmorrow-ho-ly-water-brut-ipa-2\/\",\"name\":\"Overmorrow H\u1ed3 Ly Water Brut IPA - The Bottle Shop\",\"isPartOf\":{\"@id\":\"http:\/\/52.77.24.187\/#website\"},\"primaryImageOfPage\":{\"@id\":\"http:\/\/52.77.24.187\/vi\/san-pham\/overmorrow-ho-ly-water-brut-ipa-2\/#primaryimage\"},\"image\":{\"@id\":\"http:\/\/52.77.24.187\/vi\/san-pham\/overmorrow-ho-ly-water-brut-ipa-2\/#primaryimage\"},\"thumbnailUrl\":\"https:\/\/mlsrfcxkkbzg.i.optimole.com\/cb:JbP2.215d7\/w:auto\/h:auto\/q:mauto\/ig:avif\/https:\/\/thebottleshop.vn\/wp-content\/uploads\/2022\/01\/Overmorrow-Holy-Water-Brut-IPA.png\",\"datePublished\":\"2021-12-01T00:58:25+00:00\",\"dateModified\":\"2025-06-05T04:53:07+00:00\",\"description\":\"Overmorrow H\u1ed3 Ly Water th\u1ef1c s\u1ef1 l\u00e0 m\u1ed9t lo\u1ea1i bia c\u1ee7a th\u1eddi k\u1ef3 hi\u1ec7n \u0111\u1ea1i, v\u1edbi vi\u1ec7c s\u1eed d\u1ee5ng c\u00e2y hoa bia nh\u1eadp kh\u1ea9u t\u1eeb b\u1ed1n qu\u1ed1c gia tr\u00ean th\u1ebf gi\u1edbi v\u00e0 nguy\u00ean li\u1ec7u ch\u00ednh l\u00e0 lo\u1ea1i g\u1ea1o B\u1eafc H\u01b0\u01a1ng \u0111\u1ec3 t\u1ea1o ra enzim s\u1ea3n xu\u1ea5t ra lo\u1ea1i bia \u0111\u1eafng IPA \u0111\u1ed9c nh\u1ea5t v\u00f4 nh\u1ecb.\",\"breadcrumb\":{\"@id\":\"http:\/\/52.77.24.187\/vi\/san-pham\/overmorrow-ho-ly-water-brut-ipa-2\/#breadcrumb\"},\"inLanguage\":\"vi-VN\",\"potentialAction\":[{\"@type\":\"ReadAction\",\"target\":[\"http:\/\/52.77.24.187\/vi\/san-pham\/overmorrow-ho-ly-water-brut-ipa-2\/\"]}]},{\"@type\":\"ImageObject\",\"inLanguage\":\"vi-VN\",\"@id\":\"http:\/\/52.77.24.187\/vi\/san-pham\/overmorrow-ho-ly-water-brut-ipa-2\/#primaryimage\",\"url\":\"https:\/\/mlsrfcxkkbzg.i.optimole.com\/cb:JbP2.215d7\/w:auto\/h:auto\/q:mauto\/ig:avif\/https:\/\/thebottleshop.vn\/wp-content\/uploads\/2022\/01\/Overmorrow-Holy-Water-Brut-IPA.png\",\"contentUrl\":\"https:\/\/mlsrfcxkkbzg.i.optimole.com\/cb:JbP2.215d7\/w:auto\/h:auto\/q:mauto\/ig:avif\/https:\/\/thebottleshop.vn\/wp-content\/uploads\/2022\/01\/Overmorrow-Holy-Water-Brut-IPA.png\",\"width\":1080,\"height\":1080,\"caption\":\"Overmorrow H\u1ed3 Ly Water Brut IPA\"},{\"@type\":\"BreadcrumbList\",\"@id\":\"http:\/\/52.77.24.187\/vi\/san-pham\/overmorrow-ho-ly-water-brut-ipa-2\/#breadcrumb\",\"itemListElement\":[{\"@type\":\"ListItem\",\"position\":1,\"name\":\"Home\",\"item\":\"http:\/\/52.77.24.187\/vi\/test-popup-vi\/\"},{\"@type\":\"ListItem\",\"position\":2,\"name\":\"C\u1eeda h\u00e0ng\",\"item\":\"http:\/\/52.77.24.187\/vi\/cua-hang\/\"},{\"@type\":\"ListItem\",\"position\":3,\"name\":\"Overmorrow H\u1ed3 Ly Water Brut IPA\"}]},{\"@type\":\"WebSite\",\"@id\":\"http:\/\/52.77.24.187\/#website\",\"url\":\"http:\/\/52.77.24.187\/\",\"name\":\"The Bottle Shop\",\"description\":\"All beers are not created equal\",\"publisher\":{\"@id\":\"http:\/\/52.77.24.187\/#organization\"},\"potentialAction\":[{\"@type\":\"SearchAction\",\"target\":{\"@type\":\"EntryPoint\",\"urlTemplate\":\"http:\/\/52.77.24.187\/?s={search_term_string}\"},\"query-input\":{\"@type\":\"PropertyValueSpecification\",\"valueRequired\":true,\"valueName\":\"search_term_string\"}}],\"inLanguage\":\"vi-VN\"},{\"@type\":\"Organization\",\"@id\":\"http:\/\/52.77.24.187\/#organization\",\"name\":\"The Bottle Shop\",\"url\":\"http:\/\/52.77.24.187\/\",\"logo\":{\"@type\":\"ImageObject\",\"inLanguage\":\"vi-VN\",\"@id\":\"http:\/\/52.77.24.187\/#\/schema\/logo\/image\/\",\"url\":\"https:\/\/mlsrfcxkkbzg.i.optimole.com\/cb:JbP2.215d7\/w:auto\/h:auto\/q:mauto\/ig:avif\/https:\/\/thebottleshop.vn\/wp-content\/uploads\/2022\/10\/The-Bottle-Shop-Online-Logo.png\",\"contentUrl\":\"https:\/\/mlsrfcxkkbzg.i.optimole.com\/cb:JbP2.215d7\/w:auto\/h:auto\/q:mauto\/ig:avif\/https:\/\/thebottleshop.vn\/wp-content\/uploads\/2022\/10\/The-Bottle-Shop-Online-Logo.png\",\"width\":145,\"height\":147,\"caption\":\"The Bottle Shop\"},\"image\":{\"@id\":\"http:\/\/52.77.24.187\/#\/schema\/logo\/image\/\"},\"sameAs\":[\"https:\/\/www.facebook.com\/thebottleshopvietnam\",\"https:\/\/www.instagram.com\/thebottleshop_vietnam\/\"]}]}<\/script>\n<!-- \/ Yoast SEO plugin. -->","yoast_head_json":{"title":"Overmorrow H\u1ed3 Ly Water Brut IPA - The Bottle Shop","description":"Overmorrow H\u1ed3 Ly Water th\u1ef1c s\u1ef1 l\u00e0 m\u1ed9t lo\u1ea1i bia c\u1ee7a th\u1eddi k\u1ef3 hi\u1ec7n \u0111\u1ea1i, v\u1edbi vi\u1ec7c s\u1eed d\u1ee5ng c\u00e2y hoa bia nh\u1eadp kh\u1ea9u t\u1eeb b\u1ed1n qu\u1ed1c gia tr\u00ean th\u1ebf gi\u1edbi v\u00e0 nguy\u00ean li\u1ec7u ch\u00ednh l\u00e0 lo\u1ea1i g\u1ea1o B\u1eafc H\u01b0\u01a1ng \u0111\u1ec3 t\u1ea1o ra enzim s\u1ea3n xu\u1ea5t ra lo\u1ea1i bia \u0111\u1eafng IPA \u0111\u1ed9c nh\u1ea5t v\u00f4 nh\u1ecb.","robots":{"index":"index","follow":"follow","max-snippet":"max-snippet:-1","max-image-preview":"max-image-preview:large","max-video-preview":"max-video-preview:-1"},"canonical":"http:\/\/52.77.24.187\/vi\/san-pham\/overmorrow-ho-ly-water-brut-ipa-2\/","og_locale":"vi_VN","og_type":"article","og_title":"Overmorrow H\u1ed3 Ly Water Brut IPA - The Bottle Shop","og_description":"Overmorrow H\u1ed3 Ly Water th\u1ef1c s\u1ef1 l\u00e0 m\u1ed9t lo\u1ea1i bia c\u1ee7a th\u1eddi k\u1ef3 hi\u1ec7n \u0111\u1ea1i, v\u1edbi vi\u1ec7c s\u1eed d\u1ee5ng c\u00e2y hoa bia nh\u1eadp kh\u1ea9u t\u1eeb b\u1ed1n qu\u1ed1c gia tr\u00ean th\u1ebf gi\u1edbi v\u00e0 nguy\u00ean li\u1ec7u ch\u00ednh l\u00e0 lo\u1ea1i g\u1ea1o B\u1eafc H\u01b0\u01a1ng \u0111\u1ec3 t\u1ea1o ra enzim s\u1ea3n xu\u1ea5t ra lo\u1ea1i bia \u0111\u1eafng IPA \u0111\u1ed9c nh\u1ea5t v\u00f4 nh\u1ecb.","og_url":"http:\/\/52.77.24.187\/vi\/san-pham\/overmorrow-ho-ly-water-brut-ipa-2\/","og_site_name":"The Bottle Shop","article_publisher":"https:\/\/www.facebook.com\/thebottleshopvietnam","article_modified_time":"2025-06-05T04:53:07+00:00","og_image":[{"width":1080,"height":1080,"url":"https:\/\/mlsrfcxkkbzg.i.optimole.com\/cb:JbP2.215d7\/w:auto\/h:auto\/q:mauto\/ig:avif\/http:\/\/52.77.24.187\/wp-content\/uploads\/2022\/01\/Overmorrow-Holy-Water-Brut-IPA.png","type":"image\/png"}],"twitter_card":"summary_large_image","twitter_misc":{"Est. reading time":"1 minute"},"schema":{"@context":"https:\/\/schema.org","@graph":[{"@type":"WebPage","@id":"http:\/\/52.77.24.187\/vi\/san-pham\/overmorrow-ho-ly-water-brut-ipa-2\/","url":"http:\/\/52.77.24.187\/vi\/san-pham\/overmorrow-ho-ly-water-brut-ipa-2\/","name":"Overmorrow H\u1ed3 Ly Water Brut IPA - The Bottle Shop","isPartOf":{"@id":"http:\/\/52.77.24.187\/#website"},"primaryImageOfPage":{"@id":"http:\/\/52.77.24.187\/vi\/san-pham\/overmorrow-ho-ly-water-brut-ipa-2\/#primaryimage"},"image":{"@id":"http:\/\/52.77.24.187\/vi\/san-pham\/overmorrow-ho-ly-water-brut-ipa-2\/#primaryimage"},"thumbnailUrl":"https:\/\/mlsrfcxkkbzg.i.optimole.com\/cb:JbP2.215d7\/w:auto\/h:auto\/q:mauto\/ig:avif\/https:\/\/thebottleshop.vn\/wp-content\/uploads\/2022\/01\/Overmorrow-Holy-Water-Brut-IPA.png","datePublished":"2021-12-01T00:58:25+00:00","dateModified":"2025-06-05T04:53:07+00:00","description":"Overmorrow H\u1ed3 Ly Water th\u1ef1c s\u1ef1 l\u00e0 m\u1ed9t lo\u1ea1i bia c\u1ee7a th\u1eddi k\u1ef3 hi\u1ec7n \u0111\u1ea1i, v\u1edbi vi\u1ec7c s\u1eed d\u1ee5ng c\u00e2y hoa bia nh\u1eadp kh\u1ea9u t\u1eeb b\u1ed1n qu\u1ed1c gia tr\u00ean th\u1ebf gi\u1edbi v\u00e0 nguy\u00ean li\u1ec7u ch\u00ednh l\u00e0 lo\u1ea1i g\u1ea1o B\u1eafc H\u01b0\u01a1ng \u0111\u1ec3 t\u1ea1o ra enzim s\u1ea3n xu\u1ea5t ra lo\u1ea1i bia \u0111\u1eafng IPA \u0111\u1ed9c nh\u1ea5t v\u00f4 nh\u1ecb.","breadcrumb":{"@id":"http:\/\/52.77.24.187\/vi\/san-pham\/overmorrow-ho-ly-water-brut-ipa-2\/#breadcrumb"},"inLanguage":"vi-VN","potentialAction":[{"@type":"ReadAction","target":["http:\/\/52.77.24.187\/vi\/san-pham\/overmorrow-ho-ly-water-brut-ipa-2\/"]}]},{"@type":"ImageObject","inLanguage":"vi-VN","@id":"http:\/\/52.77.24.187\/vi\/san-pham\/overmorrow-ho-ly-water-brut-ipa-2\/#primaryimage","url":"https:\/\/mlsrfcxkkbzg.i.optimole.com\/cb:JbP2.215d7\/w:auto\/h:auto\/q:mauto\/ig:avif\/https:\/\/thebottleshop.vn\/wp-content\/uploads\/2022\/01\/Overmorrow-Holy-Water-Brut-IPA.png","contentUrl":"https:\/\/mlsrfcxkkbzg.i.optimole.com\/cb:JbP2.215d7\/w:auto\/h:auto\/q:mauto\/ig:avif\/https:\/\/thebottleshop.vn\/wp-content\/uploads\/2022\/01\/Overmorrow-Holy-Water-Brut-IPA.png","width":1080,"height":1080,"caption":"Overmorrow H\u1ed3 Ly Water Brut IPA"},{"@type":"BreadcrumbList","@id":"http:\/\/52.77.24.187\/vi\/san-pham\/overmorrow-ho-ly-water-brut-ipa-2\/#breadcrumb","itemListElement":[{"@type":"ListItem","position":1,"name":"Home","item":"http:\/\/52.77.24.187\/vi\/test-popup-vi\/"},{"@type":"ListItem","position":2,"name":"C\u1eeda h\u00e0ng","item":"http:\/\/52.77.24.187\/vi\/cua-hang\/"},{"@type":"ListItem","position":3,"name":"Overmorrow H\u1ed3 Ly Water Brut IPA"}]},{"@type":"WebSite","@id":"http:\/\/52.77.24.187\/#website","url":"http:\/\/52.77.24.187\/","name":"The Bottle Shop","description":"All beers are not created equal","publisher":{"@id":"http:\/\/52.77.24.187\/#organization"},"potentialAction":[{"@type":"SearchAction","target":{"@type":"EntryPoint","urlTemplate":"http:\/\/52.77.24.187\/?s={search_term_string}"},"query-input":{"@type":"PropertyValueSpecification","valueRequired":true,"valueName":"search_term_string"}}],"inLanguage":"vi-VN"},{"@type":"Organization","@id":"http:\/\/52.77.24.187\/#organization","name":"The Bottle Shop","url":"http:\/\/52.77.24.187\/","logo":{"@type":"ImageObject","inLanguage":"vi-VN","@id":"http:\/\/52.77.24.187\/#\/schema\/logo\/image\/","url":"https:\/\/mlsrfcxkkbzg.i.optimole.com\/cb:JbP2.215d7\/w:auto\/h:auto\/q:mauto\/ig:avif\/https:\/\/thebottleshop.vn\/wp-content\/uploads\/2022\/10\/The-Bottle-Shop-Online-Logo.png","contentUrl":"https:\/\/mlsrfcxkkbzg.i.optimole.com\/cb:JbP2.215d7\/w:auto\/h:auto\/q:mauto\/ig:avif\/https:\/\/thebottleshop.vn\/wp-content\/uploads\/2022\/10\/The-Bottle-Shop-Online-Logo.png","width":145,"height":147,"caption":"The Bottle Shop"},"image":{"@id":"http:\/\/52.77.24.187\/#\/schema\/logo\/image\/"},"sameAs":["https:\/\/www.facebook.com\/thebottleshopvietnam","https:\/\/www.instagram.com\/thebottleshop_vietnam\/"]}]}},"_links":{"self":[{"href":"https:\/\/thebottleshop.vn\/vi\/wp-json\/wp\/v2\/product\/13042","targetHints":{"allow":["GET"]}}],"collection":[{"href":"https:\/\/thebottleshop.vn\/vi\/wp-json\/wp\/v2\/product"}],"about":[{"href":"https:\/\/thebottleshop.vn\/vi\/wp-json\/wp\/v2\/types\/product"}],"replies":[{"embeddable":true,"href":"https:\/\/thebottleshop.vn\/vi\/wp-json\/wp\/v2\/comments?post=13042"}],"wp:featuredmedia":[{"embeddable":true,"href":"https:\/\/thebottleshop.vn\/vi\/wp-json\/wp\/v2\/media\/11847"}],"wp:attachment":[{"href":"https:\/\/thebottleshop.vn\/vi\/wp-json\/wp\/v2\/media?parent=13042"}],"wp:term":[{"taxonomy":"product_brand","embeddable":true,"href":"https:\/\/thebottleshop.vn\/vi\/wp-json\/wp\/v2\/product_brand?post=13042"},{"taxonomy":"product_cat","embeddable":true,"href":"https:\/\/thebottleshop.vn\/vi\/wp-json\/wp\/v2\/product_cat?post=13042"},{"taxonomy":"product_tag","embeddable":true,"href":"https:\/\/thebottleshop.vn\/vi\/wp-json\/wp\/v2\/product_tag?post=13042"}],"curies":[{"name":"wp","href":"https:\/\/api.w.org\/{rel}","templated":true}]}}