{"id":13043,"date":"2021-12-02T01:56:14","date_gmt":"2021-12-01T18:56:14","guid":{"rendered":"https:\/\/thebottleshop.vn\/product\/overmorrow-leann-on-mia-scottish-ale\/"},"modified":"2025-06-05T11:51:03","modified_gmt":"2025-06-05T04:51:03","slug":"overmorrow-leann-on-mia-2","status":"publish","type":"product","link":"https:\/\/thebottleshop.vn\/vi\/san-pham\/overmorrow-leann-on-mia-2\/","title":{"rendered":"Overmorrow Leann on M\u00eda Scottish Ale"},"content":{"rendered":"<p>Overmorrow Leann on M\u00eda. Lo\u1ea1i bia d\u1ec5 u\u1ed1ng c\u1ee7a Scotland v\u1edbi m\u1eadt m\u00eda \u0111\u1ecba ph\u01b0\u01a1ng. H\u01a1n 200 n\u0103m tr\u01b0\u1edbc, thu\u1eadt ng\u1eef \u201cScotch Ale\u201d \u0111\u01b0\u1ee3c s\u1eed d\u1ee5ng l\u1ea7n \u0111\u1ea7u \u0111\u1ec3 mi\u00eau t\u1ea3 lo\u1ea1i bia \u0111\u1eadm \u0111\u00e0 trong nh\u1eefng con t\u00e0u t\u1ea1i c\u1ea3ng Edinburgh \u0111\u1ec3 g\u1eedi \u0111i kh\u1eafp n\u01a1i tr\u00ean th\u1ebf gi\u1edbi. V\u1edbi m\u1ed7i ng\u1ee5m, h\u01b0\u01a1ng v\u1ecb c\u1ee7a m\u1ea1ch nha h\u00f2a quy\u1ec7n v\u1edbi v\u1ecb ng\u1ecdt c\u00f3 th\u1ec3 g\u1ee3i l\u1ea1i cho nh\u1eefng ng\u01b0\u1eddi xa x\u1ee9 v\u1ec1 nh\u1eefng con s\u00f3ng \u0111\u00e1nh v\u00e0o r\u1eb7ng \u0111\u00e1 d\u1ecdc b\u1edd bi\u1ec3n Scotland.<\/p>\n<p>Leann on M\u00eda l\u00e0 m\u1ed9t lo\u1ea1i bia xu\u1ea5t kh\u1ea9u 80 xi linh c\u1ed5 \u0111i\u1ec3n tr\u1ed9n v\u1edbi m\u1eadt m\u00eda \u0111\u1ec3 l\u00e0m n\u1ed5i b\u1eadt v\u1ecb \u0111\u1eafng \u0111\u1eb7c tr\u01b0ng c\u1ee7a lo\u1ea1i bia n\u00e0y. Tuy c\u00f3 l\u01b0\u1ee3ng c\u1ed3n th\u1ea5p nh\u01b0ng v\u1eabn \u0111\u1eadm v\u1ecb v\u00e0 s\u1ea3ng kho\u00e1i khi u\u1ed1ng.<\/p>\n<p>&#8212;&#8211;<br \/>\n Xem h\u00ecnh \u1ea3nh \u0111\u1ec3 bi\u1ebft \u0111\u1ea7y \u0111\u1ee7 th\u00f4ng tin chi ti\u1ebft v\u1ec1 ngu\u1ed3n g\u1ed1c, th\u00e0nh ph\u1ea7n v\u00e0 y\u00eau c\u1ea7u b\u1ea3o qu\u1ea3n c\u1ee7a s\u1ea3n ph\u1ea9m n\u00e0y.<\/p>\n","protected":false},"excerpt":{"rendered":"<p><strong>Ng\u1ecdt b\u00f9i, D\u1ecbu nh\u1eb9, D\u1ec5 u\u1ed1ng 4.3%<\/strong><\/p>\n","protected":false},"featured_media":11849,"comment_status":"open","ping_status":"closed","template":"","meta":{"_acf_changed":false},"product_brand":[],"product_cat":[378,390,347,337,354,351,342,366,345,377,339,341,352,428,512,471],"product_tag":[],"class_list":{"0":"post-13043","1":"product","2":"type-product","3":"status-publish","4":"has-post-thumbnail","6":"product_cat-00-19","7":"product_cat-vietnam-hanoi","8":"product_cat-4-5-9","9":"product_cat-bia-va-cider","10":"product_cat-75k-99k","11":"product_cat-dong-bia","12":"product_cat-chai-330-ml","13":"product_cat-nha-san-xuat","14":"product_cat-abv-vi","15":"product_cat-ibu","16":"product_cat-xuat-xu","17":"product_cat-dong-goi","18":"product_cat-gia","19":"product_cat-scottish-ale","20":"product_cat-thung-24-chai","21":"product_cat-overmorrow-brewing-co","22":"pa_pack_type-bottle-330ml-vi","23":"pa_pack_type-thung-24","25":"first","26":"instock","27":"sale","28":"shipping-taxable","29":"product-type-variable","30":"has-default-attributes","31":"add-to-wishlist-before_image"},"acf":[],"yoast_head":"<!-- This site is optimized with the Yoast SEO plugin v27.2 - https:\/\/yoast.com\/product\/yoast-seo-wordpress\/ -->\n<title>Overmorrow Leann on M\u00eda Scottish Ale - The Bottle Shop<\/title>\n<meta name=\"description\" content=\"Overmorrow Leann on M\u00eda l\u00e0 m\u1ed9t lo\u1ea1i bia xu\u1ea5t kh\u1ea9u 80 xi linh c\u1ed5 \u0111i\u1ec3n tr\u1ed9n v\u1edbi m\u1eadt m\u00eda \u0111\u1ec3 l\u00e0m n\u1ed5i b\u1eadt v\u1ecb \u0111\u1eafng \u0111\u1eb7c tr\u01b0ng c\u1ee7a lo\u1ea1i bia n\u00e0y. Tuy c\u00f3 l\u01b0\u1ee3ng c\u1ed3n th\u1ea5p nh\u01b0ng v\u1eabn \u0111\u1eadm v\u1ecb v\u00e0 s\u1ea3ng kho\u00e1i khi u\u1ed1ng.\" \/>\n<meta name=\"robots\" content=\"index, follow, max-snippet:-1, max-image-preview:large, max-video-preview:-1\" \/>\n<link rel=\"canonical\" href=\"http:\/\/52.77.24.187\/vi\/san-pham\/overmorrow-leann-on-mia-2\/\" \/>\n<meta property=\"og:locale\" content=\"vi_VN\" \/>\n<meta property=\"og:type\" content=\"article\" \/>\n<meta property=\"og:title\" content=\"Overmorrow Leann on M\u00eda Scottish Ale - The Bottle Shop\" \/>\n<meta property=\"og:description\" content=\"Overmorrow Leann on M\u00eda l\u00e0 m\u1ed9t lo\u1ea1i bia xu\u1ea5t kh\u1ea9u 80 xi linh c\u1ed5 \u0111i\u1ec3n tr\u1ed9n v\u1edbi m\u1eadt m\u00eda \u0111\u1ec3 l\u00e0m n\u1ed5i b\u1eadt v\u1ecb \u0111\u1eafng \u0111\u1eb7c tr\u01b0ng c\u1ee7a lo\u1ea1i bia n\u00e0y. Tuy c\u00f3 l\u01b0\u1ee3ng c\u1ed3n th\u1ea5p nh\u01b0ng v\u1eabn \u0111\u1eadm v\u1ecb v\u00e0 s\u1ea3ng kho\u00e1i khi u\u1ed1ng.\" \/>\n<meta property=\"og:url\" content=\"http:\/\/52.77.24.187\/vi\/san-pham\/overmorrow-leann-on-mia-2\/\" \/>\n<meta property=\"og:site_name\" content=\"The Bottle Shop\" \/>\n<meta property=\"article:publisher\" content=\"https:\/\/www.facebook.com\/thebottleshopvietnam\" \/>\n<meta property=\"article:modified_time\" content=\"2025-06-05T04:51:03+00:00\" \/>\n<meta property=\"og:image\" content=\"https:\/\/mlsrfcxkkbzg.i.optimole.com\/cb:JbP2.215d7\/w:auto\/h:auto\/q:mauto\/ig:avif\/http:\/\/52.77.24.187\/wp-content\/uploads\/2022\/01\/Overmorrow-Leann-On-Mia.png\" \/>\n\t<meta property=\"og:image:width\" content=\"1080\" \/>\n\t<meta property=\"og:image:height\" content=\"1080\" \/>\n\t<meta property=\"og:image:type\" content=\"image\/png\" \/>\n<meta name=\"twitter:card\" content=\"summary_large_image\" \/>\n<meta name=\"twitter:label1\" content=\"Est. reading time\" \/>\n\t<meta name=\"twitter:data1\" content=\"1 minute\" \/>\n<script type=\"application\/ld+json\" class=\"yoast-schema-graph\">{\"@context\":\"https:\/\/schema.org\",\"@graph\":[{\"@type\":\"WebPage\",\"@id\":\"http:\/\/52.77.24.187\/vi\/san-pham\/overmorrow-leann-on-mia-2\/\",\"url\":\"http:\/\/52.77.24.187\/vi\/san-pham\/overmorrow-leann-on-mia-2\/\",\"name\":\"Overmorrow Leann on M\u00eda Scottish Ale - The Bottle Shop\",\"isPartOf\":{\"@id\":\"http:\/\/52.77.24.187\/#website\"},\"primaryImageOfPage\":{\"@id\":\"http:\/\/52.77.24.187\/vi\/san-pham\/overmorrow-leann-on-mia-2\/#primaryimage\"},\"image\":{\"@id\":\"http:\/\/52.77.24.187\/vi\/san-pham\/overmorrow-leann-on-mia-2\/#primaryimage\"},\"thumbnailUrl\":\"https:\/\/mlsrfcxkkbzg.i.optimole.com\/cb:JbP2.215d7\/w:auto\/h:auto\/q:mauto\/ig:avif\/https:\/\/thebottleshop.vn\/wp-content\/uploads\/2022\/01\/Overmorrow-Leann-On-Mia.png\",\"datePublished\":\"2021-12-01T18:56:14+00:00\",\"dateModified\":\"2025-06-05T04:51:03+00:00\",\"description\":\"Overmorrow Leann on M\u00eda l\u00e0 m\u1ed9t lo\u1ea1i bia xu\u1ea5t kh\u1ea9u 80 xi linh c\u1ed5 \u0111i\u1ec3n tr\u1ed9n v\u1edbi m\u1eadt m\u00eda \u0111\u1ec3 l\u00e0m n\u1ed5i b\u1eadt v\u1ecb \u0111\u1eafng \u0111\u1eb7c tr\u01b0ng c\u1ee7a lo\u1ea1i bia n\u00e0y. Tuy c\u00f3 l\u01b0\u1ee3ng c\u1ed3n th\u1ea5p nh\u01b0ng v\u1eabn \u0111\u1eadm v\u1ecb v\u00e0 s\u1ea3ng kho\u00e1i khi u\u1ed1ng.\",\"breadcrumb\":{\"@id\":\"http:\/\/52.77.24.187\/vi\/san-pham\/overmorrow-leann-on-mia-2\/#breadcrumb\"},\"inLanguage\":\"vi-VN\",\"potentialAction\":[{\"@type\":\"ReadAction\",\"target\":[\"http:\/\/52.77.24.187\/vi\/san-pham\/overmorrow-leann-on-mia-2\/\"]}]},{\"@type\":\"ImageObject\",\"inLanguage\":\"vi-VN\",\"@id\":\"http:\/\/52.77.24.187\/vi\/san-pham\/overmorrow-leann-on-mia-2\/#primaryimage\",\"url\":\"https:\/\/mlsrfcxkkbzg.i.optimole.com\/cb:JbP2.215d7\/w:auto\/h:auto\/q:mauto\/ig:avif\/https:\/\/thebottleshop.vn\/wp-content\/uploads\/2022\/01\/Overmorrow-Leann-On-Mia.png\",\"contentUrl\":\"https:\/\/mlsrfcxkkbzg.i.optimole.com\/cb:JbP2.215d7\/w:auto\/h:auto\/q:mauto\/ig:avif\/https:\/\/thebottleshop.vn\/wp-content\/uploads\/2022\/01\/Overmorrow-Leann-On-Mia.png\",\"width\":1080,\"height\":1080,\"caption\":\"Overmorrow Leann On M\u00eda Scottish Ale\"},{\"@type\":\"BreadcrumbList\",\"@id\":\"http:\/\/52.77.24.187\/vi\/san-pham\/overmorrow-leann-on-mia-2\/#breadcrumb\",\"itemListElement\":[{\"@type\":\"ListItem\",\"position\":1,\"name\":\"Home\",\"item\":\"http:\/\/52.77.24.187\/vi\/test-popup-vi\/\"},{\"@type\":\"ListItem\",\"position\":2,\"name\":\"C\u1eeda h\u00e0ng\",\"item\":\"http:\/\/52.77.24.187\/vi\/cua-hang\/\"},{\"@type\":\"ListItem\",\"position\":3,\"name\":\"Overmorrow Leann on M\u00eda Scottish Ale\"}]},{\"@type\":\"WebSite\",\"@id\":\"http:\/\/52.77.24.187\/#website\",\"url\":\"http:\/\/52.77.24.187\/\",\"name\":\"The Bottle Shop\",\"description\":\"All beers are not created equal\",\"publisher\":{\"@id\":\"http:\/\/52.77.24.187\/#organization\"},\"potentialAction\":[{\"@type\":\"SearchAction\",\"target\":{\"@type\":\"EntryPoint\",\"urlTemplate\":\"http:\/\/52.77.24.187\/?s={search_term_string}\"},\"query-input\":{\"@type\":\"PropertyValueSpecification\",\"valueRequired\":true,\"valueName\":\"search_term_string\"}}],\"inLanguage\":\"vi-VN\"},{\"@type\":\"Organization\",\"@id\":\"http:\/\/52.77.24.187\/#organization\",\"name\":\"The Bottle Shop\",\"url\":\"http:\/\/52.77.24.187\/\",\"logo\":{\"@type\":\"ImageObject\",\"inLanguage\":\"vi-VN\",\"@id\":\"http:\/\/52.77.24.187\/#\/schema\/logo\/image\/\",\"url\":\"https:\/\/mlsrfcxkkbzg.i.optimole.com\/cb:JbP2.215d7\/w:auto\/h:auto\/q:mauto\/ig:avif\/https:\/\/thebottleshop.vn\/wp-content\/uploads\/2022\/10\/The-Bottle-Shop-Online-Logo.png\",\"contentUrl\":\"https:\/\/mlsrfcxkkbzg.i.optimole.com\/cb:JbP2.215d7\/w:auto\/h:auto\/q:mauto\/ig:avif\/https:\/\/thebottleshop.vn\/wp-content\/uploads\/2022\/10\/The-Bottle-Shop-Online-Logo.png\",\"width\":145,\"height\":147,\"caption\":\"The Bottle Shop\"},\"image\":{\"@id\":\"http:\/\/52.77.24.187\/#\/schema\/logo\/image\/\"},\"sameAs\":[\"https:\/\/www.facebook.com\/thebottleshopvietnam\",\"https:\/\/www.instagram.com\/thebottleshop_vietnam\/\"]}]}<\/script>\n<!-- \/ Yoast SEO plugin. -->","yoast_head_json":{"title":"Overmorrow Leann on M\u00eda Scottish Ale - The Bottle Shop","description":"Overmorrow Leann on M\u00eda l\u00e0 m\u1ed9t lo\u1ea1i bia xu\u1ea5t kh\u1ea9u 80 xi linh c\u1ed5 \u0111i\u1ec3n tr\u1ed9n v\u1edbi m\u1eadt m\u00eda \u0111\u1ec3 l\u00e0m n\u1ed5i b\u1eadt v\u1ecb \u0111\u1eafng \u0111\u1eb7c tr\u01b0ng c\u1ee7a lo\u1ea1i bia n\u00e0y. Tuy c\u00f3 l\u01b0\u1ee3ng c\u1ed3n th\u1ea5p nh\u01b0ng v\u1eabn \u0111\u1eadm v\u1ecb v\u00e0 s\u1ea3ng kho\u00e1i khi u\u1ed1ng.","robots":{"index":"index","follow":"follow","max-snippet":"max-snippet:-1","max-image-preview":"max-image-preview:large","max-video-preview":"max-video-preview:-1"},"canonical":"http:\/\/52.77.24.187\/vi\/san-pham\/overmorrow-leann-on-mia-2\/","og_locale":"vi_VN","og_type":"article","og_title":"Overmorrow Leann on M\u00eda Scottish Ale - The Bottle Shop","og_description":"Overmorrow Leann on M\u00eda l\u00e0 m\u1ed9t lo\u1ea1i bia xu\u1ea5t kh\u1ea9u 80 xi linh c\u1ed5 \u0111i\u1ec3n tr\u1ed9n v\u1edbi m\u1eadt m\u00eda \u0111\u1ec3 l\u00e0m n\u1ed5i b\u1eadt v\u1ecb \u0111\u1eafng \u0111\u1eb7c tr\u01b0ng c\u1ee7a lo\u1ea1i bia n\u00e0y. Tuy c\u00f3 l\u01b0\u1ee3ng c\u1ed3n th\u1ea5p nh\u01b0ng v\u1eabn \u0111\u1eadm v\u1ecb v\u00e0 s\u1ea3ng kho\u00e1i khi u\u1ed1ng.","og_url":"http:\/\/52.77.24.187\/vi\/san-pham\/overmorrow-leann-on-mia-2\/","og_site_name":"The Bottle Shop","article_publisher":"https:\/\/www.facebook.com\/thebottleshopvietnam","article_modified_time":"2025-06-05T04:51:03+00:00","og_image":[{"width":1080,"height":1080,"url":"https:\/\/mlsrfcxkkbzg.i.optimole.com\/cb:JbP2.215d7\/w:auto\/h:auto\/q:mauto\/ig:avif\/http:\/\/52.77.24.187\/wp-content\/uploads\/2022\/01\/Overmorrow-Leann-On-Mia.png","type":"image\/png"}],"twitter_card":"summary_large_image","twitter_misc":{"Est. reading time":"1 minute"},"schema":{"@context":"https:\/\/schema.org","@graph":[{"@type":"WebPage","@id":"http:\/\/52.77.24.187\/vi\/san-pham\/overmorrow-leann-on-mia-2\/","url":"http:\/\/52.77.24.187\/vi\/san-pham\/overmorrow-leann-on-mia-2\/","name":"Overmorrow Leann on M\u00eda Scottish Ale - The Bottle Shop","isPartOf":{"@id":"http:\/\/52.77.24.187\/#website"},"primaryImageOfPage":{"@id":"http:\/\/52.77.24.187\/vi\/san-pham\/overmorrow-leann-on-mia-2\/#primaryimage"},"image":{"@id":"http:\/\/52.77.24.187\/vi\/san-pham\/overmorrow-leann-on-mia-2\/#primaryimage"},"thumbnailUrl":"https:\/\/mlsrfcxkkbzg.i.optimole.com\/cb:JbP2.215d7\/w:auto\/h:auto\/q:mauto\/ig:avif\/https:\/\/thebottleshop.vn\/wp-content\/uploads\/2022\/01\/Overmorrow-Leann-On-Mia.png","datePublished":"2021-12-01T18:56:14+00:00","dateModified":"2025-06-05T04:51:03+00:00","description":"Overmorrow Leann on M\u00eda l\u00e0 m\u1ed9t lo\u1ea1i bia xu\u1ea5t kh\u1ea9u 80 xi linh c\u1ed5 \u0111i\u1ec3n tr\u1ed9n v\u1edbi m\u1eadt m\u00eda \u0111\u1ec3 l\u00e0m n\u1ed5i b\u1eadt v\u1ecb \u0111\u1eafng \u0111\u1eb7c tr\u01b0ng c\u1ee7a lo\u1ea1i bia n\u00e0y. Tuy c\u00f3 l\u01b0\u1ee3ng c\u1ed3n th\u1ea5p nh\u01b0ng v\u1eabn \u0111\u1eadm v\u1ecb v\u00e0 s\u1ea3ng kho\u00e1i khi u\u1ed1ng.","breadcrumb":{"@id":"http:\/\/52.77.24.187\/vi\/san-pham\/overmorrow-leann-on-mia-2\/#breadcrumb"},"inLanguage":"vi-VN","potentialAction":[{"@type":"ReadAction","target":["http:\/\/52.77.24.187\/vi\/san-pham\/overmorrow-leann-on-mia-2\/"]}]},{"@type":"ImageObject","inLanguage":"vi-VN","@id":"http:\/\/52.77.24.187\/vi\/san-pham\/overmorrow-leann-on-mia-2\/#primaryimage","url":"https:\/\/mlsrfcxkkbzg.i.optimole.com\/cb:JbP2.215d7\/w:auto\/h:auto\/q:mauto\/ig:avif\/https:\/\/thebottleshop.vn\/wp-content\/uploads\/2022\/01\/Overmorrow-Leann-On-Mia.png","contentUrl":"https:\/\/mlsrfcxkkbzg.i.optimole.com\/cb:JbP2.215d7\/w:auto\/h:auto\/q:mauto\/ig:avif\/https:\/\/thebottleshop.vn\/wp-content\/uploads\/2022\/01\/Overmorrow-Leann-On-Mia.png","width":1080,"height":1080,"caption":"Overmorrow Leann On M\u00eda Scottish Ale"},{"@type":"BreadcrumbList","@id":"http:\/\/52.77.24.187\/vi\/san-pham\/overmorrow-leann-on-mia-2\/#breadcrumb","itemListElement":[{"@type":"ListItem","position":1,"name":"Home","item":"http:\/\/52.77.24.187\/vi\/test-popup-vi\/"},{"@type":"ListItem","position":2,"name":"C\u1eeda h\u00e0ng","item":"http:\/\/52.77.24.187\/vi\/cua-hang\/"},{"@type":"ListItem","position":3,"name":"Overmorrow Leann on M\u00eda Scottish Ale"}]},{"@type":"WebSite","@id":"http:\/\/52.77.24.187\/#website","url":"http:\/\/52.77.24.187\/","name":"The Bottle Shop","description":"All beers are not created equal","publisher":{"@id":"http:\/\/52.77.24.187\/#organization"},"potentialAction":[{"@type":"SearchAction","target":{"@type":"EntryPoint","urlTemplate":"http:\/\/52.77.24.187\/?s={search_term_string}"},"query-input":{"@type":"PropertyValueSpecification","valueRequired":true,"valueName":"search_term_string"}}],"inLanguage":"vi-VN"},{"@type":"Organization","@id":"http:\/\/52.77.24.187\/#organization","name":"The Bottle Shop","url":"http:\/\/52.77.24.187\/","logo":{"@type":"ImageObject","inLanguage":"vi-VN","@id":"http:\/\/52.77.24.187\/#\/schema\/logo\/image\/","url":"https:\/\/mlsrfcxkkbzg.i.optimole.com\/cb:JbP2.215d7\/w:auto\/h:auto\/q:mauto\/ig:avif\/https:\/\/thebottleshop.vn\/wp-content\/uploads\/2022\/10\/The-Bottle-Shop-Online-Logo.png","contentUrl":"https:\/\/mlsrfcxkkbzg.i.optimole.com\/cb:JbP2.215d7\/w:auto\/h:auto\/q:mauto\/ig:avif\/https:\/\/thebottleshop.vn\/wp-content\/uploads\/2022\/10\/The-Bottle-Shop-Online-Logo.png","width":145,"height":147,"caption":"The Bottle Shop"},"image":{"@id":"http:\/\/52.77.24.187\/#\/schema\/logo\/image\/"},"sameAs":["https:\/\/www.facebook.com\/thebottleshopvietnam","https:\/\/www.instagram.com\/thebottleshop_vietnam\/"]}]}},"_links":{"self":[{"href":"https:\/\/thebottleshop.vn\/vi\/wp-json\/wp\/v2\/product\/13043","targetHints":{"allow":["GET"]}}],"collection":[{"href":"https:\/\/thebottleshop.vn\/vi\/wp-json\/wp\/v2\/product"}],"about":[{"href":"https:\/\/thebottleshop.vn\/vi\/wp-json\/wp\/v2\/types\/product"}],"replies":[{"embeddable":true,"href":"https:\/\/thebottleshop.vn\/vi\/wp-json\/wp\/v2\/comments?post=13043"}],"wp:featuredmedia":[{"embeddable":true,"href":"https:\/\/thebottleshop.vn\/vi\/wp-json\/wp\/v2\/media\/11849"}],"wp:attachment":[{"href":"https:\/\/thebottleshop.vn\/vi\/wp-json\/wp\/v2\/media?parent=13043"}],"wp:term":[{"taxonomy":"product_brand","embeddable":true,"href":"https:\/\/thebottleshop.vn\/vi\/wp-json\/wp\/v2\/product_brand?post=13043"},{"taxonomy":"product_cat","embeddable":true,"href":"https:\/\/thebottleshop.vn\/vi\/wp-json\/wp\/v2\/product_cat?post=13043"},{"taxonomy":"product_tag","embeddable":true,"href":"https:\/\/thebottleshop.vn\/vi\/wp-json\/wp\/v2\/product_tag?post=13043"}],"curies":[{"name":"wp","href":"https:\/\/api.w.org\/{rel}","templated":true}]}}