{"id":13044,"date":"2021-12-02T03:55:32","date_gmt":"2021-12-01T20:55:32","guid":{"rendered":"https:\/\/thebottleshop.vn\/product\/overmorrow-son-sette-farmhouse-ale\/"},"modified":"2025-06-05T11:48:22","modified_gmt":"2025-06-05T04:48:22","slug":"overmorrow-son-sette-2","status":"publish","type":"product","link":"https:\/\/thebottleshop.vn\/vi\/san-pham\/overmorrow-son-sette-2\/","title":{"rendered":"Overmorrow S\u01a1n Sette Farmhouse Ale"},"content":{"rendered":"<p>Overmorrow S\u01a1n Sette Farmhouse Ale. Lo\u1ea1i bia Grisette Ale c\u1ee7a B\u1ec9 v\u1edbi h\u01b0\u01a1ng v\u1ecb ng\u1ecdt v\u00e0 m\u1ed9c m\u1ea1c tr\u1ed9n c\u00f9ng v\u1edbi c\u00e1c lo\u1ea1i gia v\u1ecb c\u1ee7a mi\u1ec1n n\u00fai Vi\u1ec7t Nam. V\u00e0o l\u00fac h\u1eebng \u0111\u00f4ng, nh\u1eefng th\u1ee3 m\u1ecf ng\u01b0\u1eddi Ph\u00e1p th\u1ebf k\u1ef7 th\u1ee9 19 s\u1ebd ti\u1ebfn s\u00e2u v\u00e0o l\u00f2ng n\u00fai, mong ch\u1edd kh\u00f4ng g\u00ec h\u01a1n ngo\u00e0i th\u1ee9 th\u1ee9c u\u1ed1ng m\u1ed9c m\u1ea1c ph\u1ee5c v\u1ee5 b\u1edfi nh\u1eefng c\u00f4 g\u00e1i b\u1eadn \u0111\u1ed3 x\u00e1m v\u00e0o cu\u1ed1i ng\u00e0y l\u00e0m vi\u1ec7c: \u201cGrisette\u201d. S\u01a1n Sette l\u00e0 s\u1ef1 giao thoa gi\u1eefa c\u00e1c lo\u1ea1i gia v\u1ecb truy\u1ec1n th\u1ed1ng c\u1ee7a mi\u1ec1n n\u00fai ph\u00eda B\u1eafc Vi\u1ec7t Nam v\u1edbi c\u00e1c lo\u1ea1i c\u00e2y hoa bia tr\u00ean th\u1ebf gi\u1edbi v\u00e0 men bia t\u1ea1i n\u00f4ng trang Ph\u00e1p, \u0111\u1ec3 t\u1ea1o n\u00ean m\u1ed9t lo\u1ea1i bia ng\u1ecdt ng\u00e0o gi\u00fap d\u1eadp t\u1eaft c\u01a1n kh\u00e1t.  <\/p>\n<p>&#8212;&#8211;<br \/>\n Xem h\u00ecnh \u1ea3nh \u0111\u1ec3 bi\u1ebft \u0111\u1ea7y \u0111\u1ee7 th\u00f4ng tin chi ti\u1ebft v\u1ec1 ngu\u1ed3n g\u1ed1c, th\u00e0nh ph\u1ea7n v\u00e0 y\u00eau c\u1ea7u b\u1ea3o qu\u1ea3n c\u1ee7a s\u1ea3n ph\u1ea9m n\u00e0y.<\/p>\n","protected":false},"excerpt":{"rendered":"<p><strong>Th\u1ea3o m\u1ed9c, M\u1ed9c m\u1ea1c, T\u00e2y b\u1eafc 5%<\/strong><\/p>\n","protected":false},"featured_media":11853,"comment_status":"open","ping_status":"closed","template":"","meta":{"_acf_changed":false},"product_brand":[],"product_cat":[390,347,337,379,354,342,351,366,345,377,339,341,352,408,512,471],"product_tag":[],"class_list":{"0":"post-13044","1":"product","2":"type-product","3":"status-publish","4":"has-post-thumbnail","6":"product_cat-vietnam-hanoi","7":"product_cat-4-5-9","8":"product_cat-bia-va-cider","9":"product_cat-20-39","10":"product_cat-75k-99k","11":"product_cat-chai-330-ml","12":"product_cat-dong-bia","13":"product_cat-nha-san-xuat","14":"product_cat-abv-vi","15":"product_cat-ibu","16":"product_cat-xuat-xu","17":"product_cat-dong-goi","18":"product_cat-gia","19":"product_cat-saison","20":"product_cat-thung-24-chai","21":"product_cat-overmorrow-brewing-co","22":"pa_pack_type-bottle-330ml-vi","23":"pa_pack_type-thung-24","25":"first","26":"instock","27":"sale","28":"shipping-taxable","29":"product-type-variable","30":"has-default-attributes","31":"add-to-wishlist-before_image"},"acf":[],"yoast_head":"<!-- This site is optimized with the Yoast SEO plugin v27.2 - https:\/\/yoast.com\/product\/yoast-seo-wordpress\/ -->\n<title>Overmorrow S\u01a1n Sette Farmhouse Ale - The Bottle Shop<\/title>\n<meta name=\"description\" content=\"Overmorrow S\u01a1n Sette Farmhouse Ale. Lo\u1ea1i bia Grisette Ale c\u1ee7a B\u1ec9 v\u1edbi h\u01b0\u01a1ng v\u1ecb ng\u1ecdt v\u00e0 m\u1ed9c m\u1ea1c tr\u1ed9n c\u00f9ng v\u1edbi c\u00e1c lo\u1ea1i gia v\u1ecb c\u1ee7a mi\u1ec1n n\u00fai Vi\u1ec7t Nam.\" \/>\n<meta name=\"robots\" content=\"index, follow, max-snippet:-1, max-image-preview:large, max-video-preview:-1\" \/>\n<link rel=\"canonical\" href=\"http:\/\/52.77.24.187\/vi\/san-pham\/overmorrow-son-sette-2\/\" \/>\n<meta property=\"og:locale\" content=\"vi_VN\" \/>\n<meta property=\"og:type\" content=\"article\" \/>\n<meta property=\"og:title\" content=\"Overmorrow S\u01a1n Sette Farmhouse Ale - The Bottle Shop\" \/>\n<meta property=\"og:description\" content=\"Overmorrow S\u01a1n Sette Farmhouse Ale. Lo\u1ea1i bia Grisette Ale c\u1ee7a B\u1ec9 v\u1edbi h\u01b0\u01a1ng v\u1ecb ng\u1ecdt v\u00e0 m\u1ed9c m\u1ea1c tr\u1ed9n c\u00f9ng v\u1edbi c\u00e1c lo\u1ea1i gia v\u1ecb c\u1ee7a mi\u1ec1n n\u00fai Vi\u1ec7t Nam.\" \/>\n<meta property=\"og:url\" content=\"http:\/\/52.77.24.187\/vi\/san-pham\/overmorrow-son-sette-2\/\" \/>\n<meta property=\"og:site_name\" content=\"The Bottle Shop\" \/>\n<meta property=\"article:publisher\" content=\"https:\/\/www.facebook.com\/thebottleshopvietnam\" \/>\n<meta property=\"article:modified_time\" content=\"2025-06-05T04:48:22+00:00\" \/>\n<meta property=\"og:image\" content=\"https:\/\/mlsrfcxkkbzg.i.optimole.com\/cb:JbP2.215d7\/w:auto\/h:auto\/q:mauto\/ig:avif\/http:\/\/52.77.24.187\/wp-content\/uploads\/2022\/01\/Overmorrow-Sonsette-Farmhouse-Ale.png\" \/>\n\t<meta property=\"og:image:width\" content=\"1080\" \/>\n\t<meta property=\"og:image:height\" content=\"1080\" \/>\n\t<meta property=\"og:image:type\" content=\"image\/png\" \/>\n<meta name=\"twitter:card\" content=\"summary_large_image\" \/>\n<meta name=\"twitter:label1\" content=\"Est. reading time\" \/>\n\t<meta name=\"twitter:data1\" content=\"1 minute\" \/>\n<script type=\"application\/ld+json\" class=\"yoast-schema-graph\">{\"@context\":\"https:\/\/schema.org\",\"@graph\":[{\"@type\":\"WebPage\",\"@id\":\"http:\/\/52.77.24.187\/vi\/san-pham\/overmorrow-son-sette-2\/\",\"url\":\"http:\/\/52.77.24.187\/vi\/san-pham\/overmorrow-son-sette-2\/\",\"name\":\"Overmorrow S\u01a1n Sette Farmhouse Ale - The Bottle Shop\",\"isPartOf\":{\"@id\":\"http:\/\/52.77.24.187\/#website\"},\"primaryImageOfPage\":{\"@id\":\"http:\/\/52.77.24.187\/vi\/san-pham\/overmorrow-son-sette-2\/#primaryimage\"},\"image\":{\"@id\":\"http:\/\/52.77.24.187\/vi\/san-pham\/overmorrow-son-sette-2\/#primaryimage\"},\"thumbnailUrl\":\"https:\/\/mlsrfcxkkbzg.i.optimole.com\/cb:JbP2.215d7\/w:auto\/h:auto\/q:mauto\/ig:avif\/https:\/\/thebottleshop.vn\/wp-content\/uploads\/2022\/01\/Overmorrow-Sonsette-Farmhouse-Ale.png\",\"datePublished\":\"2021-12-01T20:55:32+00:00\",\"dateModified\":\"2025-06-05T04:48:22+00:00\",\"description\":\"Overmorrow S\u01a1n Sette Farmhouse Ale. Lo\u1ea1i bia Grisette Ale c\u1ee7a B\u1ec9 v\u1edbi h\u01b0\u01a1ng v\u1ecb ng\u1ecdt v\u00e0 m\u1ed9c m\u1ea1c tr\u1ed9n c\u00f9ng v\u1edbi c\u00e1c lo\u1ea1i gia v\u1ecb c\u1ee7a mi\u1ec1n n\u00fai Vi\u1ec7t Nam.\",\"breadcrumb\":{\"@id\":\"http:\/\/52.77.24.187\/vi\/san-pham\/overmorrow-son-sette-2\/#breadcrumb\"},\"inLanguage\":\"vi-VN\",\"potentialAction\":[{\"@type\":\"ReadAction\",\"target\":[\"http:\/\/52.77.24.187\/vi\/san-pham\/overmorrow-son-sette-2\/\"]}]},{\"@type\":\"ImageObject\",\"inLanguage\":\"vi-VN\",\"@id\":\"http:\/\/52.77.24.187\/vi\/san-pham\/overmorrow-son-sette-2\/#primaryimage\",\"url\":\"https:\/\/mlsrfcxkkbzg.i.optimole.com\/cb:JbP2.215d7\/w:auto\/h:auto\/q:mauto\/ig:avif\/https:\/\/thebottleshop.vn\/wp-content\/uploads\/2022\/01\/Overmorrow-Sonsette-Farmhouse-Ale.png\",\"contentUrl\":\"https:\/\/mlsrfcxkkbzg.i.optimole.com\/cb:JbP2.215d7\/w:auto\/h:auto\/q:mauto\/ig:avif\/https:\/\/thebottleshop.vn\/wp-content\/uploads\/2022\/01\/Overmorrow-Sonsette-Farmhouse-Ale.png\",\"width\":1080,\"height\":1080,\"caption\":\"Overmorrow Sonsette Farmhouse Ale\"},{\"@type\":\"BreadcrumbList\",\"@id\":\"http:\/\/52.77.24.187\/vi\/san-pham\/overmorrow-son-sette-2\/#breadcrumb\",\"itemListElement\":[{\"@type\":\"ListItem\",\"position\":1,\"name\":\"Home\",\"item\":\"http:\/\/52.77.24.187\/vi\/test-popup-vi\/\"},{\"@type\":\"ListItem\",\"position\":2,\"name\":\"C\u1eeda h\u00e0ng\",\"item\":\"http:\/\/52.77.24.187\/vi\/cua-hang\/\"},{\"@type\":\"ListItem\",\"position\":3,\"name\":\"Overmorrow S\u01a1n Sette Farmhouse Ale\"}]},{\"@type\":\"WebSite\",\"@id\":\"http:\/\/52.77.24.187\/#website\",\"url\":\"http:\/\/52.77.24.187\/\",\"name\":\"The Bottle Shop\",\"description\":\"All beers are not created equal\",\"publisher\":{\"@id\":\"http:\/\/52.77.24.187\/#organization\"},\"potentialAction\":[{\"@type\":\"SearchAction\",\"target\":{\"@type\":\"EntryPoint\",\"urlTemplate\":\"http:\/\/52.77.24.187\/?s={search_term_string}\"},\"query-input\":{\"@type\":\"PropertyValueSpecification\",\"valueRequired\":true,\"valueName\":\"search_term_string\"}}],\"inLanguage\":\"vi-VN\"},{\"@type\":\"Organization\",\"@id\":\"http:\/\/52.77.24.187\/#organization\",\"name\":\"The Bottle Shop\",\"url\":\"http:\/\/52.77.24.187\/\",\"logo\":{\"@type\":\"ImageObject\",\"inLanguage\":\"vi-VN\",\"@id\":\"http:\/\/52.77.24.187\/#\/schema\/logo\/image\/\",\"url\":\"https:\/\/mlsrfcxkkbzg.i.optimole.com\/cb:JbP2.215d7\/w:auto\/h:auto\/q:mauto\/ig:avif\/https:\/\/thebottleshop.vn\/wp-content\/uploads\/2022\/10\/The-Bottle-Shop-Online-Logo.png\",\"contentUrl\":\"https:\/\/mlsrfcxkkbzg.i.optimole.com\/cb:JbP2.215d7\/w:auto\/h:auto\/q:mauto\/ig:avif\/https:\/\/thebottleshop.vn\/wp-content\/uploads\/2022\/10\/The-Bottle-Shop-Online-Logo.png\",\"width\":145,\"height\":147,\"caption\":\"The Bottle Shop\"},\"image\":{\"@id\":\"http:\/\/52.77.24.187\/#\/schema\/logo\/image\/\"},\"sameAs\":[\"https:\/\/www.facebook.com\/thebottleshopvietnam\",\"https:\/\/www.instagram.com\/thebottleshop_vietnam\/\"]}]}<\/script>\n<!-- \/ Yoast SEO plugin. -->","yoast_head_json":{"title":"Overmorrow S\u01a1n Sette Farmhouse Ale - The Bottle Shop","description":"Overmorrow S\u01a1n Sette Farmhouse Ale. Lo\u1ea1i bia Grisette Ale c\u1ee7a B\u1ec9 v\u1edbi h\u01b0\u01a1ng v\u1ecb ng\u1ecdt v\u00e0 m\u1ed9c m\u1ea1c tr\u1ed9n c\u00f9ng v\u1edbi c\u00e1c lo\u1ea1i gia v\u1ecb c\u1ee7a mi\u1ec1n n\u00fai Vi\u1ec7t Nam.","robots":{"index":"index","follow":"follow","max-snippet":"max-snippet:-1","max-image-preview":"max-image-preview:large","max-video-preview":"max-video-preview:-1"},"canonical":"http:\/\/52.77.24.187\/vi\/san-pham\/overmorrow-son-sette-2\/","og_locale":"vi_VN","og_type":"article","og_title":"Overmorrow S\u01a1n Sette Farmhouse Ale - The Bottle Shop","og_description":"Overmorrow S\u01a1n Sette Farmhouse Ale. Lo\u1ea1i bia Grisette Ale c\u1ee7a B\u1ec9 v\u1edbi h\u01b0\u01a1ng v\u1ecb ng\u1ecdt v\u00e0 m\u1ed9c m\u1ea1c tr\u1ed9n c\u00f9ng v\u1edbi c\u00e1c lo\u1ea1i gia v\u1ecb c\u1ee7a mi\u1ec1n n\u00fai Vi\u1ec7t Nam.","og_url":"http:\/\/52.77.24.187\/vi\/san-pham\/overmorrow-son-sette-2\/","og_site_name":"The Bottle Shop","article_publisher":"https:\/\/www.facebook.com\/thebottleshopvietnam","article_modified_time":"2025-06-05T04:48:22+00:00","og_image":[{"width":1080,"height":1080,"url":"https:\/\/mlsrfcxkkbzg.i.optimole.com\/cb:JbP2.215d7\/w:auto\/h:auto\/q:mauto\/ig:avif\/http:\/\/52.77.24.187\/wp-content\/uploads\/2022\/01\/Overmorrow-Sonsette-Farmhouse-Ale.png","type":"image\/png"}],"twitter_card":"summary_large_image","twitter_misc":{"Est. reading time":"1 minute"},"schema":{"@context":"https:\/\/schema.org","@graph":[{"@type":"WebPage","@id":"http:\/\/52.77.24.187\/vi\/san-pham\/overmorrow-son-sette-2\/","url":"http:\/\/52.77.24.187\/vi\/san-pham\/overmorrow-son-sette-2\/","name":"Overmorrow S\u01a1n Sette Farmhouse Ale - The Bottle Shop","isPartOf":{"@id":"http:\/\/52.77.24.187\/#website"},"primaryImageOfPage":{"@id":"http:\/\/52.77.24.187\/vi\/san-pham\/overmorrow-son-sette-2\/#primaryimage"},"image":{"@id":"http:\/\/52.77.24.187\/vi\/san-pham\/overmorrow-son-sette-2\/#primaryimage"},"thumbnailUrl":"https:\/\/mlsrfcxkkbzg.i.optimole.com\/cb:JbP2.215d7\/w:auto\/h:auto\/q:mauto\/ig:avif\/https:\/\/thebottleshop.vn\/wp-content\/uploads\/2022\/01\/Overmorrow-Sonsette-Farmhouse-Ale.png","datePublished":"2021-12-01T20:55:32+00:00","dateModified":"2025-06-05T04:48:22+00:00","description":"Overmorrow S\u01a1n Sette Farmhouse Ale. Lo\u1ea1i bia Grisette Ale c\u1ee7a B\u1ec9 v\u1edbi h\u01b0\u01a1ng v\u1ecb ng\u1ecdt v\u00e0 m\u1ed9c m\u1ea1c tr\u1ed9n c\u00f9ng v\u1edbi c\u00e1c lo\u1ea1i gia v\u1ecb c\u1ee7a mi\u1ec1n n\u00fai Vi\u1ec7t Nam.","breadcrumb":{"@id":"http:\/\/52.77.24.187\/vi\/san-pham\/overmorrow-son-sette-2\/#breadcrumb"},"inLanguage":"vi-VN","potentialAction":[{"@type":"ReadAction","target":["http:\/\/52.77.24.187\/vi\/san-pham\/overmorrow-son-sette-2\/"]}]},{"@type":"ImageObject","inLanguage":"vi-VN","@id":"http:\/\/52.77.24.187\/vi\/san-pham\/overmorrow-son-sette-2\/#primaryimage","url":"https:\/\/mlsrfcxkkbzg.i.optimole.com\/cb:JbP2.215d7\/w:auto\/h:auto\/q:mauto\/ig:avif\/https:\/\/thebottleshop.vn\/wp-content\/uploads\/2022\/01\/Overmorrow-Sonsette-Farmhouse-Ale.png","contentUrl":"https:\/\/mlsrfcxkkbzg.i.optimole.com\/cb:JbP2.215d7\/w:auto\/h:auto\/q:mauto\/ig:avif\/https:\/\/thebottleshop.vn\/wp-content\/uploads\/2022\/01\/Overmorrow-Sonsette-Farmhouse-Ale.png","width":1080,"height":1080,"caption":"Overmorrow Sonsette Farmhouse Ale"},{"@type":"BreadcrumbList","@id":"http:\/\/52.77.24.187\/vi\/san-pham\/overmorrow-son-sette-2\/#breadcrumb","itemListElement":[{"@type":"ListItem","position":1,"name":"Home","item":"http:\/\/52.77.24.187\/vi\/test-popup-vi\/"},{"@type":"ListItem","position":2,"name":"C\u1eeda h\u00e0ng","item":"http:\/\/52.77.24.187\/vi\/cua-hang\/"},{"@type":"ListItem","position":3,"name":"Overmorrow S\u01a1n Sette Farmhouse Ale"}]},{"@type":"WebSite","@id":"http:\/\/52.77.24.187\/#website","url":"http:\/\/52.77.24.187\/","name":"The Bottle Shop","description":"All beers are not created equal","publisher":{"@id":"http:\/\/52.77.24.187\/#organization"},"potentialAction":[{"@type":"SearchAction","target":{"@type":"EntryPoint","urlTemplate":"http:\/\/52.77.24.187\/?s={search_term_string}"},"query-input":{"@type":"PropertyValueSpecification","valueRequired":true,"valueName":"search_term_string"}}],"inLanguage":"vi-VN"},{"@type":"Organization","@id":"http:\/\/52.77.24.187\/#organization","name":"The Bottle Shop","url":"http:\/\/52.77.24.187\/","logo":{"@type":"ImageObject","inLanguage":"vi-VN","@id":"http:\/\/52.77.24.187\/#\/schema\/logo\/image\/","url":"https:\/\/mlsrfcxkkbzg.i.optimole.com\/cb:JbP2.215d7\/w:auto\/h:auto\/q:mauto\/ig:avif\/https:\/\/thebottleshop.vn\/wp-content\/uploads\/2022\/10\/The-Bottle-Shop-Online-Logo.png","contentUrl":"https:\/\/mlsrfcxkkbzg.i.optimole.com\/cb:JbP2.215d7\/w:auto\/h:auto\/q:mauto\/ig:avif\/https:\/\/thebottleshop.vn\/wp-content\/uploads\/2022\/10\/The-Bottle-Shop-Online-Logo.png","width":145,"height":147,"caption":"The Bottle Shop"},"image":{"@id":"http:\/\/52.77.24.187\/#\/schema\/logo\/image\/"},"sameAs":["https:\/\/www.facebook.com\/thebottleshopvietnam","https:\/\/www.instagram.com\/thebottleshop_vietnam\/"]}]}},"_links":{"self":[{"href":"https:\/\/thebottleshop.vn\/vi\/wp-json\/wp\/v2\/product\/13044","targetHints":{"allow":["GET"]}}],"collection":[{"href":"https:\/\/thebottleshop.vn\/vi\/wp-json\/wp\/v2\/product"}],"about":[{"href":"https:\/\/thebottleshop.vn\/vi\/wp-json\/wp\/v2\/types\/product"}],"replies":[{"embeddable":true,"href":"https:\/\/thebottleshop.vn\/vi\/wp-json\/wp\/v2\/comments?post=13044"}],"wp:featuredmedia":[{"embeddable":true,"href":"https:\/\/thebottleshop.vn\/vi\/wp-json\/wp\/v2\/media\/11853"}],"wp:attachment":[{"href":"https:\/\/thebottleshop.vn\/vi\/wp-json\/wp\/v2\/media?parent=13044"}],"wp:term":[{"taxonomy":"product_brand","embeddable":true,"href":"https:\/\/thebottleshop.vn\/vi\/wp-json\/wp\/v2\/product_brand?post=13044"},{"taxonomy":"product_cat","embeddable":true,"href":"https:\/\/thebottleshop.vn\/vi\/wp-json\/wp\/v2\/product_cat?post=13044"},{"taxonomy":"product_tag","embeddable":true,"href":"https:\/\/thebottleshop.vn\/vi\/wp-json\/wp\/v2\/product_tag?post=13044"}],"curies":[{"name":"wp","href":"https:\/\/api.w.org\/{rel}","templated":true}]}}