{"id":13047,"date":"2021-12-02T05:36:00","date_gmt":"2021-12-01T22:36:00","guid":{"rendered":"https:\/\/thebottleshop.vn\/product\/fuzzy-logic-pale-ale\/"},"modified":"2025-06-05T11:43:10","modified_gmt":"2025-06-05T04:43:10","slug":"fuzzy-logic-pale-ale-2","status":"publish","type":"product","link":"https:\/\/thebottleshop.vn\/vi\/san-pham\/fuzzy-logic-pale-ale-2\/","title":{"rendered":"Fuzzy Logic Pale Ale"},"content":{"rendered":"<p>Fuzzy Logic Pale Ale \u0111\u01b0\u1ee3c cho l\u00e0 lo\u1ea1i bia th\u1ee7 c\u00f4ng \u0111\u1ea7u ti\u00ean ra m\u1eaft t\u1ea1i Vi\u1ec7t Nam. Bia American Pale Ale c\u00f3 h\u01b0\u01a1ng m\u1ea1ch nha v\u1edbi h\u01b0\u01a1ng \u0111\u1ea5t v\u00e0 cam qu\u00fdt c\u1ee7a hoa bia Simcoe v\u00e0 Cascade. M\u00f9i cam qu\u00fdt v\u00e0 b\u01b0\u1edfi, m\u00e0u h\u1ed5 ph\u00e1ch \u0111\u1eadm \u0111\u00e0, \u0111\u00e2y l\u00e0 lo\u1ea1i bia c\u00f3 h\u01b0\u01a1ng v\u1ecb \u0111\u1eadm \u0111\u00e0 v\u1edbi h\u1eadu v\u1ecb kh\u00f4 v\u00e0 d\u1ec5 ch\u1ecbu, cho \u0111\u1ebfn ng\u00e0y nay v\u1eabn \u0111\u01b0\u1ee3c s\u1ea3n xu\u1ea5t theo c\u00f4ng th\u1ee9c ban \u0111\u1ea7u.<\/p>\n<p>&#8212;&#8211;<br \/>\n Xem h\u00ecnh \u1ea3nh \u0111\u1ec3 bi\u1ebft \u0111\u1ea7y \u0111\u1ee7 th\u00f4ng tin chi ti\u1ebft v\u1ec1 ngu\u1ed3n g\u1ed1c, th\u00e0nh ph\u1ea7n v\u00e0 y\u00eau c\u1ea7u b\u1ea3o qu\u1ea3n c\u1ee7a s\u1ea3n ph\u1ea9m n\u00e0y.<\/p>\n","protected":false},"excerpt":{"rendered":"<p><strong>Cam qu\u00fdt, Tr\u00e1i c\u00e2y, \u0110\u1eadm v\u1ecb 5.4%<\/strong><\/p>\n","protected":false},"featured_media":11740,"comment_status":"open","ping_status":"closed","template":"","meta":{"_acf_changed":false},"product_brand":[],"product_cat":[337,340,379,347,354,351,366,345,377,339,341,352,358,439,344,387],"product_tag":[],"class_list":{"0":"post-13047","1":"product","2":"type-product","3":"status-publish","4":"has-post-thumbnail","6":"product_cat-bia-va-cider","7":"product_cat-vietnam-hcmc","8":"product_cat-20-39","9":"product_cat-4-5-9","10":"product_cat-75k-99k","11":"product_cat-dong-bia","12":"product_cat-nha-san-xuat","13":"product_cat-abv-vi","14":"product_cat-ibu","15":"product_cat-xuat-xu","16":"product_cat-dong-goi","17":"product_cat-gia","18":"product_cat-pale-ale","19":"product_cat-fuzzy-logic-brewing-co","20":"product_cat-lon-330-ml","21":"product_cat-thung-24-lon","22":"pa_pack_type-can-330ml-vi","23":"pa_pack_type-thung-24","25":"first","26":"instock","27":"sale","28":"shipping-taxable","29":"purchasable","30":"product-type-variable","31":"has-default-attributes","32":"add-to-wishlist-before_image"},"acf":[],"yoast_head":"<!-- This site is optimized with the Yoast SEO plugin v27.2 - https:\/\/yoast.com\/product\/yoast-seo-wordpress\/ -->\n<title>Fuzzy Logic Pale Ale - The Bottle Shop<\/title>\n<meta name=\"description\" content=\"Fuzzy Logic Pale Ale \u0111\u01b0\u1ee3c cho l\u00e0 lo\u1ea1i bia th\u1ee7 c\u00f4ng \u0111\u00e3 ra m\u1eaft bia th\u1ee7 c\u00f4ng t\u1ea1i Vi\u1ec7t Nam. M\u1ed9t lo\u1ea1i bia Pale Ale c\u1ee7a M\u1ef9 c\u00f3 v\u1ecb m\u1ea1ch nha. H\u01b0\u01a1ng cam qu\u00fdt, tr\u00e1i c\u00e2y, \u0111\u1eadm \u0111\u00e0.\" \/>\n<meta name=\"robots\" content=\"index, follow, max-snippet:-1, max-image-preview:large, max-video-preview:-1\" \/>\n<link rel=\"canonical\" href=\"http:\/\/52.77.24.187\/vi\/san-pham\/fuzzy-logic-pale-ale-2\/\" \/>\n<meta property=\"og:locale\" content=\"vi_VN\" \/>\n<meta property=\"og:type\" content=\"article\" \/>\n<meta property=\"og:title\" content=\"Fuzzy Logic Pale Ale - The Bottle Shop\" \/>\n<meta property=\"og:description\" content=\"Fuzzy Logic Pale Ale \u0111\u01b0\u1ee3c cho l\u00e0 lo\u1ea1i bia th\u1ee7 c\u00f4ng \u0111\u00e3 ra m\u1eaft bia th\u1ee7 c\u00f4ng t\u1ea1i Vi\u1ec7t Nam. M\u1ed9t lo\u1ea1i bia Pale Ale c\u1ee7a M\u1ef9 c\u00f3 v\u1ecb m\u1ea1ch nha. H\u01b0\u01a1ng cam qu\u00fdt, tr\u00e1i c\u00e2y, \u0111\u1eadm \u0111\u00e0.\" \/>\n<meta property=\"og:url\" content=\"http:\/\/52.77.24.187\/vi\/san-pham\/fuzzy-logic-pale-ale-2\/\" \/>\n<meta property=\"og:site_name\" content=\"The Bottle Shop\" \/>\n<meta property=\"article:publisher\" content=\"https:\/\/www.facebook.com\/thebottleshopvietnam\" \/>\n<meta property=\"article:modified_time\" content=\"2025-06-05T04:43:10+00:00\" \/>\n<meta property=\"og:image\" content=\"https:\/\/mlsrfcxkkbzg.i.optimole.com\/cb:JbP2.215d7\/w:auto\/h:auto\/q:mauto\/ig:avif\/http:\/\/52.77.24.187\/wp-content\/uploads\/2022\/01\/Fuzzy-Logic-Pale-Ale-can.png\" \/>\n\t<meta property=\"og:image:width\" content=\"1080\" \/>\n\t<meta property=\"og:image:height\" content=\"1080\" \/>\n\t<meta property=\"og:image:type\" content=\"image\/png\" \/>\n<meta name=\"twitter:card\" content=\"summary_large_image\" \/>\n<meta name=\"twitter:label1\" content=\"Est. reading time\" \/>\n\t<meta name=\"twitter:data1\" content=\"1 minute\" \/>\n<script type=\"application\/ld+json\" class=\"yoast-schema-graph\">{\"@context\":\"https:\/\/schema.org\",\"@graph\":[{\"@type\":\"WebPage\",\"@id\":\"http:\/\/52.77.24.187\/vi\/san-pham\/fuzzy-logic-pale-ale-2\/\",\"url\":\"http:\/\/52.77.24.187\/vi\/san-pham\/fuzzy-logic-pale-ale-2\/\",\"name\":\"Fuzzy Logic Pale Ale - The Bottle Shop\",\"isPartOf\":{\"@id\":\"http:\/\/52.77.24.187\/#website\"},\"primaryImageOfPage\":{\"@id\":\"http:\/\/52.77.24.187\/vi\/san-pham\/fuzzy-logic-pale-ale-2\/#primaryimage\"},\"image\":{\"@id\":\"http:\/\/52.77.24.187\/vi\/san-pham\/fuzzy-logic-pale-ale-2\/#primaryimage\"},\"thumbnailUrl\":\"https:\/\/mlsrfcxkkbzg.i.optimole.com\/cb:JbP2.215d7\/w:auto\/h:auto\/q:mauto\/ig:avif\/https:\/\/thebottleshop.vn\/wp-content\/uploads\/2022\/01\/Fuzzy-Logic-Pale-Ale-can.png\",\"datePublished\":\"2021-12-01T22:36:00+00:00\",\"dateModified\":\"2025-06-05T04:43:10+00:00\",\"description\":\"Fuzzy Logic Pale Ale \u0111\u01b0\u1ee3c cho l\u00e0 lo\u1ea1i bia th\u1ee7 c\u00f4ng \u0111\u00e3 ra m\u1eaft bia th\u1ee7 c\u00f4ng t\u1ea1i Vi\u1ec7t Nam. M\u1ed9t lo\u1ea1i bia Pale Ale c\u1ee7a M\u1ef9 c\u00f3 v\u1ecb m\u1ea1ch nha. H\u01b0\u01a1ng cam qu\u00fdt, tr\u00e1i c\u00e2y, \u0111\u1eadm \u0111\u00e0.\",\"breadcrumb\":{\"@id\":\"http:\/\/52.77.24.187\/vi\/san-pham\/fuzzy-logic-pale-ale-2\/#breadcrumb\"},\"inLanguage\":\"vi-VN\",\"potentialAction\":[{\"@type\":\"ReadAction\",\"target\":[\"http:\/\/52.77.24.187\/vi\/san-pham\/fuzzy-logic-pale-ale-2\/\"]}]},{\"@type\":\"ImageObject\",\"inLanguage\":\"vi-VN\",\"@id\":\"http:\/\/52.77.24.187\/vi\/san-pham\/fuzzy-logic-pale-ale-2\/#primaryimage\",\"url\":\"https:\/\/mlsrfcxkkbzg.i.optimole.com\/cb:JbP2.215d7\/w:auto\/h:auto\/q:mauto\/ig:avif\/https:\/\/thebottleshop.vn\/wp-content\/uploads\/2022\/01\/Fuzzy-Logic-Pale-Ale-can.png\",\"contentUrl\":\"https:\/\/mlsrfcxkkbzg.i.optimole.com\/cb:JbP2.215d7\/w:auto\/h:auto\/q:mauto\/ig:avif\/https:\/\/thebottleshop.vn\/wp-content\/uploads\/2022\/01\/Fuzzy-Logic-Pale-Ale-can.png\",\"width\":1080,\"height\":1080,\"caption\":\"Fuzzy Logic Pale Ale Can\"},{\"@type\":\"BreadcrumbList\",\"@id\":\"http:\/\/52.77.24.187\/vi\/san-pham\/fuzzy-logic-pale-ale-2\/#breadcrumb\",\"itemListElement\":[{\"@type\":\"ListItem\",\"position\":1,\"name\":\"Home\",\"item\":\"http:\/\/52.77.24.187\/vi\/test-popup-vi\/\"},{\"@type\":\"ListItem\",\"position\":2,\"name\":\"C\u1eeda h\u00e0ng\",\"item\":\"http:\/\/52.77.24.187\/vi\/cua-hang\/\"},{\"@type\":\"ListItem\",\"position\":3,\"name\":\"Fuzzy Logic Pale Ale\"}]},{\"@type\":\"WebSite\",\"@id\":\"http:\/\/52.77.24.187\/#website\",\"url\":\"http:\/\/52.77.24.187\/\",\"name\":\"The Bottle Shop\",\"description\":\"All beers are not created equal\",\"publisher\":{\"@id\":\"http:\/\/52.77.24.187\/#organization\"},\"potentialAction\":[{\"@type\":\"SearchAction\",\"target\":{\"@type\":\"EntryPoint\",\"urlTemplate\":\"http:\/\/52.77.24.187\/?s={search_term_string}\"},\"query-input\":{\"@type\":\"PropertyValueSpecification\",\"valueRequired\":true,\"valueName\":\"search_term_string\"}}],\"inLanguage\":\"vi-VN\"},{\"@type\":\"Organization\",\"@id\":\"http:\/\/52.77.24.187\/#organization\",\"name\":\"The Bottle Shop\",\"url\":\"http:\/\/52.77.24.187\/\",\"logo\":{\"@type\":\"ImageObject\",\"inLanguage\":\"vi-VN\",\"@id\":\"http:\/\/52.77.24.187\/#\/schema\/logo\/image\/\",\"url\":\"https:\/\/mlsrfcxkkbzg.i.optimole.com\/cb:JbP2.215d7\/w:auto\/h:auto\/q:mauto\/ig:avif\/https:\/\/thebottleshop.vn\/wp-content\/uploads\/2022\/10\/The-Bottle-Shop-Online-Logo.png\",\"contentUrl\":\"https:\/\/mlsrfcxkkbzg.i.optimole.com\/cb:JbP2.215d7\/w:auto\/h:auto\/q:mauto\/ig:avif\/https:\/\/thebottleshop.vn\/wp-content\/uploads\/2022\/10\/The-Bottle-Shop-Online-Logo.png\",\"width\":145,\"height\":147,\"caption\":\"The Bottle Shop\"},\"image\":{\"@id\":\"http:\/\/52.77.24.187\/#\/schema\/logo\/image\/\"},\"sameAs\":[\"https:\/\/www.facebook.com\/thebottleshopvietnam\",\"https:\/\/www.instagram.com\/thebottleshop_vietnam\/\"]}]}<\/script>\n<!-- \/ Yoast SEO plugin. -->","yoast_head_json":{"title":"Fuzzy Logic Pale Ale - The Bottle Shop","description":"Fuzzy Logic Pale Ale \u0111\u01b0\u1ee3c cho l\u00e0 lo\u1ea1i bia th\u1ee7 c\u00f4ng \u0111\u00e3 ra m\u1eaft bia th\u1ee7 c\u00f4ng t\u1ea1i Vi\u1ec7t Nam. M\u1ed9t lo\u1ea1i bia Pale Ale c\u1ee7a M\u1ef9 c\u00f3 v\u1ecb m\u1ea1ch nha. H\u01b0\u01a1ng cam qu\u00fdt, tr\u00e1i c\u00e2y, \u0111\u1eadm \u0111\u00e0.","robots":{"index":"index","follow":"follow","max-snippet":"max-snippet:-1","max-image-preview":"max-image-preview:large","max-video-preview":"max-video-preview:-1"},"canonical":"http:\/\/52.77.24.187\/vi\/san-pham\/fuzzy-logic-pale-ale-2\/","og_locale":"vi_VN","og_type":"article","og_title":"Fuzzy Logic Pale Ale - The Bottle Shop","og_description":"Fuzzy Logic Pale Ale \u0111\u01b0\u1ee3c cho l\u00e0 lo\u1ea1i bia th\u1ee7 c\u00f4ng \u0111\u00e3 ra m\u1eaft bia th\u1ee7 c\u00f4ng t\u1ea1i Vi\u1ec7t Nam. M\u1ed9t lo\u1ea1i bia Pale Ale c\u1ee7a M\u1ef9 c\u00f3 v\u1ecb m\u1ea1ch nha. H\u01b0\u01a1ng cam qu\u00fdt, tr\u00e1i c\u00e2y, \u0111\u1eadm \u0111\u00e0.","og_url":"http:\/\/52.77.24.187\/vi\/san-pham\/fuzzy-logic-pale-ale-2\/","og_site_name":"The Bottle Shop","article_publisher":"https:\/\/www.facebook.com\/thebottleshopvietnam","article_modified_time":"2025-06-05T04:43:10+00:00","og_image":[{"width":1080,"height":1080,"url":"https:\/\/mlsrfcxkkbzg.i.optimole.com\/cb:JbP2.215d7\/w:auto\/h:auto\/q:mauto\/ig:avif\/http:\/\/52.77.24.187\/wp-content\/uploads\/2022\/01\/Fuzzy-Logic-Pale-Ale-can.png","type":"image\/png"}],"twitter_card":"summary_large_image","twitter_misc":{"Est. reading time":"1 minute"},"schema":{"@context":"https:\/\/schema.org","@graph":[{"@type":"WebPage","@id":"http:\/\/52.77.24.187\/vi\/san-pham\/fuzzy-logic-pale-ale-2\/","url":"http:\/\/52.77.24.187\/vi\/san-pham\/fuzzy-logic-pale-ale-2\/","name":"Fuzzy Logic Pale Ale - The Bottle Shop","isPartOf":{"@id":"http:\/\/52.77.24.187\/#website"},"primaryImageOfPage":{"@id":"http:\/\/52.77.24.187\/vi\/san-pham\/fuzzy-logic-pale-ale-2\/#primaryimage"},"image":{"@id":"http:\/\/52.77.24.187\/vi\/san-pham\/fuzzy-logic-pale-ale-2\/#primaryimage"},"thumbnailUrl":"https:\/\/mlsrfcxkkbzg.i.optimole.com\/cb:JbP2.215d7\/w:auto\/h:auto\/q:mauto\/ig:avif\/https:\/\/thebottleshop.vn\/wp-content\/uploads\/2022\/01\/Fuzzy-Logic-Pale-Ale-can.png","datePublished":"2021-12-01T22:36:00+00:00","dateModified":"2025-06-05T04:43:10+00:00","description":"Fuzzy Logic Pale Ale \u0111\u01b0\u1ee3c cho l\u00e0 lo\u1ea1i bia th\u1ee7 c\u00f4ng \u0111\u00e3 ra m\u1eaft bia th\u1ee7 c\u00f4ng t\u1ea1i Vi\u1ec7t Nam. M\u1ed9t lo\u1ea1i bia Pale Ale c\u1ee7a M\u1ef9 c\u00f3 v\u1ecb m\u1ea1ch nha. H\u01b0\u01a1ng cam qu\u00fdt, tr\u00e1i c\u00e2y, \u0111\u1eadm \u0111\u00e0.","breadcrumb":{"@id":"http:\/\/52.77.24.187\/vi\/san-pham\/fuzzy-logic-pale-ale-2\/#breadcrumb"},"inLanguage":"vi-VN","potentialAction":[{"@type":"ReadAction","target":["http:\/\/52.77.24.187\/vi\/san-pham\/fuzzy-logic-pale-ale-2\/"]}]},{"@type":"ImageObject","inLanguage":"vi-VN","@id":"http:\/\/52.77.24.187\/vi\/san-pham\/fuzzy-logic-pale-ale-2\/#primaryimage","url":"https:\/\/mlsrfcxkkbzg.i.optimole.com\/cb:JbP2.215d7\/w:auto\/h:auto\/q:mauto\/ig:avif\/https:\/\/thebottleshop.vn\/wp-content\/uploads\/2022\/01\/Fuzzy-Logic-Pale-Ale-can.png","contentUrl":"https:\/\/mlsrfcxkkbzg.i.optimole.com\/cb:JbP2.215d7\/w:auto\/h:auto\/q:mauto\/ig:avif\/https:\/\/thebottleshop.vn\/wp-content\/uploads\/2022\/01\/Fuzzy-Logic-Pale-Ale-can.png","width":1080,"height":1080,"caption":"Fuzzy Logic Pale Ale Can"},{"@type":"BreadcrumbList","@id":"http:\/\/52.77.24.187\/vi\/san-pham\/fuzzy-logic-pale-ale-2\/#breadcrumb","itemListElement":[{"@type":"ListItem","position":1,"name":"Home","item":"http:\/\/52.77.24.187\/vi\/test-popup-vi\/"},{"@type":"ListItem","position":2,"name":"C\u1eeda h\u00e0ng","item":"http:\/\/52.77.24.187\/vi\/cua-hang\/"},{"@type":"ListItem","position":3,"name":"Fuzzy Logic Pale Ale"}]},{"@type":"WebSite","@id":"http:\/\/52.77.24.187\/#website","url":"http:\/\/52.77.24.187\/","name":"The Bottle Shop","description":"All beers are not created equal","publisher":{"@id":"http:\/\/52.77.24.187\/#organization"},"potentialAction":[{"@type":"SearchAction","target":{"@type":"EntryPoint","urlTemplate":"http:\/\/52.77.24.187\/?s={search_term_string}"},"query-input":{"@type":"PropertyValueSpecification","valueRequired":true,"valueName":"search_term_string"}}],"inLanguage":"vi-VN"},{"@type":"Organization","@id":"http:\/\/52.77.24.187\/#organization","name":"The Bottle Shop","url":"http:\/\/52.77.24.187\/","logo":{"@type":"ImageObject","inLanguage":"vi-VN","@id":"http:\/\/52.77.24.187\/#\/schema\/logo\/image\/","url":"https:\/\/mlsrfcxkkbzg.i.optimole.com\/cb:JbP2.215d7\/w:auto\/h:auto\/q:mauto\/ig:avif\/https:\/\/thebottleshop.vn\/wp-content\/uploads\/2022\/10\/The-Bottle-Shop-Online-Logo.png","contentUrl":"https:\/\/mlsrfcxkkbzg.i.optimole.com\/cb:JbP2.215d7\/w:auto\/h:auto\/q:mauto\/ig:avif\/https:\/\/thebottleshop.vn\/wp-content\/uploads\/2022\/10\/The-Bottle-Shop-Online-Logo.png","width":145,"height":147,"caption":"The Bottle Shop"},"image":{"@id":"http:\/\/52.77.24.187\/#\/schema\/logo\/image\/"},"sameAs":["https:\/\/www.facebook.com\/thebottleshopvietnam","https:\/\/www.instagram.com\/thebottleshop_vietnam\/"]}]}},"_links":{"self":[{"href":"https:\/\/thebottleshop.vn\/vi\/wp-json\/wp\/v2\/product\/13047","targetHints":{"allow":["GET"]}}],"collection":[{"href":"https:\/\/thebottleshop.vn\/vi\/wp-json\/wp\/v2\/product"}],"about":[{"href":"https:\/\/thebottleshop.vn\/vi\/wp-json\/wp\/v2\/types\/product"}],"replies":[{"embeddable":true,"href":"https:\/\/thebottleshop.vn\/vi\/wp-json\/wp\/v2\/comments?post=13047"}],"wp:featuredmedia":[{"embeddable":true,"href":"https:\/\/thebottleshop.vn\/vi\/wp-json\/wp\/v2\/media\/11740"}],"wp:attachment":[{"href":"https:\/\/thebottleshop.vn\/vi\/wp-json\/wp\/v2\/media?parent=13047"}],"wp:term":[{"taxonomy":"product_brand","embeddable":true,"href":"https:\/\/thebottleshop.vn\/vi\/wp-json\/wp\/v2\/product_brand?post=13047"},{"taxonomy":"product_cat","embeddable":true,"href":"https:\/\/thebottleshop.vn\/vi\/wp-json\/wp\/v2\/product_cat?post=13047"},{"taxonomy":"product_tag","embeddable":true,"href":"https:\/\/thebottleshop.vn\/vi\/wp-json\/wp\/v2\/product_tag?post=13047"}],"curies":[{"name":"wp","href":"https:\/\/api.w.org\/{rel}","templated":true}]}}