{"id":13054,"date":"2021-12-17T10:53:44","date_gmt":"2022-02-17T15:56:43","guid":{"rendered":"https:\/\/thebottleshop.vn\/product\/fuzzy-logic-thunderslap-ipa\/"},"modified":"2025-06-05T10:47:59","modified_gmt":"2025-06-05T03:47:59","slug":"fuzzy-logic-thunderslap-ipa-2","status":"publish","type":"product","link":"https:\/\/thebottleshop.vn\/vi\/san-pham\/fuzzy-logic-thunderslap-ipa-2\/","title":{"rendered":"Fuzzy Logic Thunderslap IPA"},"content":{"rendered":"<p>Fuzzy Logic Thunderslap IPA. \u0110\u01b0\u1ee3c trao v\u01b0\u01a1ng mi\u1ec7n \u201cBia IPA ngon nh\u1ea5t\u201d t\u1ea1i BiaCraft-Beervana IPA Challenge \u0111\u1ea7u ti\u00ean n\u0103m 2019, Thunderslap \u0111\u01b0\u1ee3c \u1ee7 theo phong c\u00e1ch c\u1ee7a m\u1ed9t lo\u1ea1i IPA B\u1edd T\u00e2y. \u0110\u01b0\u1ee3c \u0111\u1eb7t t\u00ean theo l\u1eadp tr\u01b0\u1eddng ch\u1ed1ng qu\u1ea5y r\u1ed1i t\u00ecnh d\u1ee5c ph\u1ee5 n\u1eef (h\u00e3y ki\u1ec3m tra nh\u00e3n v\u00e0 \u0111o\u00e1n c\u00e2u chuy\u1ec7n), lo\u1ea1i bia n\u00e0y t\u1ef1 h\u00e0o c\u00f3 \u0111\u1eb7c t\u00ednh ri\u00eang bi\u1ec7t t\u1eeb hoa bia v\u00e0 hoa bia th\u01a1m n\u1ed3ng. M\u1ed9t s\u1ef1 c\u00e2n b\u1eb1ng tinh t\u1ebf gi\u1eefa v\u1ecb \u0111\u1eafng v\u00e0 m\u1ea1ch nha, \u0111\u00e2y kh\u00f4ng ph\u1ea3i l\u00e0 m\u1ed9t lo\u1ea1i IPA qu\u00e1 \u0111\u1eafng, ABV cao \u0111\u01b0\u1ee3c che gi\u1ea5u kh\u00e9o l\u00e9o b\u1eb1ng h\u01b0\u01a1ng \u0111u \u0111\u1ee7 nhi\u1ec7t \u0111\u1edbi v\u1edbi ch\u00fat h\u01b0\u01a1ng \u0111\u1ea5t, th\u00f4ng n\u1ed3ng n\u00e0n.   <\/p>\n<p>&#8212;&#8211;<br \/>\n Xem h\u00ecnh \u1ea3nh \u0111\u1ec3 bi\u1ebft \u0111\u1ea7y \u0111\u1ee7 th\u00f4ng tin chi ti\u1ebft v\u1ec1 ngu\u1ed3n g\u1ed1c, th\u00e0nh ph\u1ea7n v\u00e0 y\u00eau c\u1ea7u b\u1ea3o qu\u1ea3n c\u1ee7a s\u1ea3n ph\u1ea9m n\u00e0y.<\/p>\n","protected":false},"excerpt":{"rendered":"<p><strong>Hoa bia, H\u01b0\u01a1ng th\u00f4ng, Nhi\u1ec7t \u0111\u1edbi 6.8%<\/strong><\/p>\n","protected":false},"featured_media":11742,"comment_status":"open","ping_status":"closed","template":"","meta":{"_acf_changed":false},"product_brand":[],"product_cat":[337,340,380,348,423,351,366,345,377,339,341,352,359,439,344,387],"product_tag":[],"class_list":{"0":"post-13054","1":"product","2":"type-product","3":"status-publish","4":"has-post-thumbnail","6":"product_cat-bia-va-cider","7":"product_cat-vietnam-hcmc","8":"product_cat-40-59","9":"product_cat-6-7-9","10":"product_cat-100k-149k","11":"product_cat-dong-bia","12":"product_cat-nha-san-xuat","13":"product_cat-abv-vi","14":"product_cat-ibu","15":"product_cat-xuat-xu","16":"product_cat-dong-goi","17":"product_cat-gia","18":"product_cat-ipa","19":"product_cat-fuzzy-logic-brewing-co","20":"product_cat-lon-330-ml","21":"product_cat-thung-24-lon","22":"pa_pack_type-can-330ml-vi","23":"pa_pack_type-thung-24","25":"first","26":"instock","27":"sale","28":"shipping-taxable","29":"purchasable","30":"product-type-variable","31":"has-default-attributes","32":"add-to-wishlist-before_image"},"acf":[],"yoast_head":"<!-- This site is optimized with the Yoast SEO plugin v27.2 - https:\/\/yoast.com\/product\/yoast-seo-wordpress\/ -->\n<title>Fuzzy Logic Thunderslap IPA - The Bottle Shop<\/title>\n<meta name=\"description\" content=\"Bia Fuzzy Logic Thunderslap IPA \u0111\u01b0\u1ee3c \u1ee7 theo phong c\u00e1ch c\u1ee7a West Coast IPA v\u1edbi h\u01b0\u01a1ng v\u1ecb \u0111\u1eb7c tr\u01b0ng t\u1eeb hoa bia v\u00e0 hoa bia th\u01a1m. Hoa bia, H\u01b0\u01a1ng th\u00f4ng, Nhi\u1ec7t \u0111\u1edbi 6.8%\" \/>\n<meta name=\"robots\" content=\"index, follow, max-snippet:-1, max-image-preview:large, max-video-preview:-1\" \/>\n<link rel=\"canonical\" href=\"http:\/\/52.77.24.187\/vi\/san-pham\/fuzzy-logic-thunderslap-ipa-2\/\" \/>\n<meta property=\"og:locale\" content=\"vi_VN\" \/>\n<meta property=\"og:type\" content=\"article\" \/>\n<meta property=\"og:title\" content=\"Fuzzy Logic Thunderslap IPA - The Bottle Shop\" \/>\n<meta property=\"og:description\" content=\"Bia Fuzzy Logic Thunderslap IPA \u0111\u01b0\u1ee3c \u1ee7 theo phong c\u00e1ch c\u1ee7a West Coast IPA v\u1edbi h\u01b0\u01a1ng v\u1ecb \u0111\u1eb7c tr\u01b0ng t\u1eeb hoa bia v\u00e0 hoa bia th\u01a1m. Hoa bia, H\u01b0\u01a1ng th\u00f4ng, Nhi\u1ec7t \u0111\u1edbi 6.8%\" \/>\n<meta property=\"og:url\" content=\"http:\/\/52.77.24.187\/vi\/san-pham\/fuzzy-logic-thunderslap-ipa-2\/\" \/>\n<meta property=\"og:site_name\" content=\"The Bottle Shop\" \/>\n<meta property=\"article:publisher\" content=\"https:\/\/www.facebook.com\/thebottleshopvietnam\" \/>\n<meta property=\"article:modified_time\" content=\"2025-06-05T03:47:59+00:00\" \/>\n<meta property=\"og:image\" content=\"https:\/\/mlsrfcxkkbzg.i.optimole.com\/cb:JbP2.215d7\/w:auto\/h:auto\/q:mauto\/ig:avif\/http:\/\/52.77.24.187\/wp-content\/uploads\/2022\/01\/Fuzzy-Thunderslap-IPA.png\" \/>\n\t<meta property=\"og:image:width\" content=\"1080\" \/>\n\t<meta property=\"og:image:height\" content=\"1080\" \/>\n\t<meta property=\"og:image:type\" content=\"image\/png\" \/>\n<meta name=\"twitter:card\" content=\"summary_large_image\" \/>\n<meta name=\"twitter:label1\" content=\"Est. reading time\" \/>\n\t<meta name=\"twitter:data1\" content=\"1 minute\" \/>\n<script type=\"application\/ld+json\" class=\"yoast-schema-graph\">{\"@context\":\"https:\/\/schema.org\",\"@graph\":[{\"@type\":\"WebPage\",\"@id\":\"http:\/\/52.77.24.187\/vi\/san-pham\/fuzzy-logic-thunderslap-ipa-2\/\",\"url\":\"http:\/\/52.77.24.187\/vi\/san-pham\/fuzzy-logic-thunderslap-ipa-2\/\",\"name\":\"Fuzzy Logic Thunderslap IPA - The Bottle Shop\",\"isPartOf\":{\"@id\":\"http:\/\/52.77.24.187\/#website\"},\"primaryImageOfPage\":{\"@id\":\"http:\/\/52.77.24.187\/vi\/san-pham\/fuzzy-logic-thunderslap-ipa-2\/#primaryimage\"},\"image\":{\"@id\":\"http:\/\/52.77.24.187\/vi\/san-pham\/fuzzy-logic-thunderslap-ipa-2\/#primaryimage\"},\"thumbnailUrl\":\"https:\/\/mlsrfcxkkbzg.i.optimole.com\/cb:JbP2.215d7\/w:auto\/h:auto\/q:mauto\/ig:avif\/https:\/\/thebottleshop.vn\/wp-content\/uploads\/2022\/01\/Fuzzy-Thunderslap-IPA.png\",\"datePublished\":\"2022-02-17T15:56:43+00:00\",\"dateModified\":\"2025-06-05T03:47:59+00:00\",\"description\":\"Bia Fuzzy Logic Thunderslap IPA \u0111\u01b0\u1ee3c \u1ee7 theo phong c\u00e1ch c\u1ee7a West Coast IPA v\u1edbi h\u01b0\u01a1ng v\u1ecb \u0111\u1eb7c tr\u01b0ng t\u1eeb hoa bia v\u00e0 hoa bia th\u01a1m. Hoa bia, H\u01b0\u01a1ng th\u00f4ng, Nhi\u1ec7t \u0111\u1edbi 6.8%\",\"breadcrumb\":{\"@id\":\"http:\/\/52.77.24.187\/vi\/san-pham\/fuzzy-logic-thunderslap-ipa-2\/#breadcrumb\"},\"inLanguage\":\"vi-VN\",\"potentialAction\":[{\"@type\":\"ReadAction\",\"target\":[\"http:\/\/52.77.24.187\/vi\/san-pham\/fuzzy-logic-thunderslap-ipa-2\/\"]}]},{\"@type\":\"ImageObject\",\"inLanguage\":\"vi-VN\",\"@id\":\"http:\/\/52.77.24.187\/vi\/san-pham\/fuzzy-logic-thunderslap-ipa-2\/#primaryimage\",\"url\":\"https:\/\/mlsrfcxkkbzg.i.optimole.com\/cb:JbP2.215d7\/w:auto\/h:auto\/q:mauto\/ig:avif\/https:\/\/thebottleshop.vn\/wp-content\/uploads\/2022\/01\/Fuzzy-Thunderslap-IPA.png\",\"contentUrl\":\"https:\/\/mlsrfcxkkbzg.i.optimole.com\/cb:JbP2.215d7\/w:auto\/h:auto\/q:mauto\/ig:avif\/https:\/\/thebottleshop.vn\/wp-content\/uploads\/2022\/01\/Fuzzy-Thunderslap-IPA.png\",\"width\":1080,\"height\":1080,\"caption\":\"Fuzzy Logic Thunderslap IPA Can\"},{\"@type\":\"BreadcrumbList\",\"@id\":\"http:\/\/52.77.24.187\/vi\/san-pham\/fuzzy-logic-thunderslap-ipa-2\/#breadcrumb\",\"itemListElement\":[{\"@type\":\"ListItem\",\"position\":1,\"name\":\"Home\",\"item\":\"http:\/\/52.77.24.187\/vi\/test-popup-vi\/\"},{\"@type\":\"ListItem\",\"position\":2,\"name\":\"C\u1eeda h\u00e0ng\",\"item\":\"http:\/\/52.77.24.187\/vi\/cua-hang\/\"},{\"@type\":\"ListItem\",\"position\":3,\"name\":\"Fuzzy Logic Thunderslap IPA\"}]},{\"@type\":\"WebSite\",\"@id\":\"http:\/\/52.77.24.187\/#website\",\"url\":\"http:\/\/52.77.24.187\/\",\"name\":\"The Bottle Shop\",\"description\":\"All beers are not created equal\",\"publisher\":{\"@id\":\"http:\/\/52.77.24.187\/#organization\"},\"potentialAction\":[{\"@type\":\"SearchAction\",\"target\":{\"@type\":\"EntryPoint\",\"urlTemplate\":\"http:\/\/52.77.24.187\/?s={search_term_string}\"},\"query-input\":{\"@type\":\"PropertyValueSpecification\",\"valueRequired\":true,\"valueName\":\"search_term_string\"}}],\"inLanguage\":\"vi-VN\"},{\"@type\":\"Organization\",\"@id\":\"http:\/\/52.77.24.187\/#organization\",\"name\":\"The Bottle Shop\",\"url\":\"http:\/\/52.77.24.187\/\",\"logo\":{\"@type\":\"ImageObject\",\"inLanguage\":\"vi-VN\",\"@id\":\"http:\/\/52.77.24.187\/#\/schema\/logo\/image\/\",\"url\":\"https:\/\/mlsrfcxkkbzg.i.optimole.com\/cb:JbP2.215d7\/w:auto\/h:auto\/q:mauto\/ig:avif\/https:\/\/thebottleshop.vn\/wp-content\/uploads\/2022\/10\/The-Bottle-Shop-Online-Logo.png\",\"contentUrl\":\"https:\/\/mlsrfcxkkbzg.i.optimole.com\/cb:JbP2.215d7\/w:auto\/h:auto\/q:mauto\/ig:avif\/https:\/\/thebottleshop.vn\/wp-content\/uploads\/2022\/10\/The-Bottle-Shop-Online-Logo.png\",\"width\":145,\"height\":147,\"caption\":\"The Bottle Shop\"},\"image\":{\"@id\":\"http:\/\/52.77.24.187\/#\/schema\/logo\/image\/\"},\"sameAs\":[\"https:\/\/www.facebook.com\/thebottleshopvietnam\",\"https:\/\/www.instagram.com\/thebottleshop_vietnam\/\"]}]}<\/script>\n<!-- \/ Yoast SEO plugin. -->","yoast_head_json":{"title":"Fuzzy Logic Thunderslap IPA - The Bottle Shop","description":"Bia Fuzzy Logic Thunderslap IPA \u0111\u01b0\u1ee3c \u1ee7 theo phong c\u00e1ch c\u1ee7a West Coast IPA v\u1edbi h\u01b0\u01a1ng v\u1ecb \u0111\u1eb7c tr\u01b0ng t\u1eeb hoa bia v\u00e0 hoa bia th\u01a1m. Hoa bia, H\u01b0\u01a1ng th\u00f4ng, Nhi\u1ec7t \u0111\u1edbi 6.8%","robots":{"index":"index","follow":"follow","max-snippet":"max-snippet:-1","max-image-preview":"max-image-preview:large","max-video-preview":"max-video-preview:-1"},"canonical":"http:\/\/52.77.24.187\/vi\/san-pham\/fuzzy-logic-thunderslap-ipa-2\/","og_locale":"vi_VN","og_type":"article","og_title":"Fuzzy Logic Thunderslap IPA - The Bottle Shop","og_description":"Bia Fuzzy Logic Thunderslap IPA \u0111\u01b0\u1ee3c \u1ee7 theo phong c\u00e1ch c\u1ee7a West Coast IPA v\u1edbi h\u01b0\u01a1ng v\u1ecb \u0111\u1eb7c tr\u01b0ng t\u1eeb hoa bia v\u00e0 hoa bia th\u01a1m. Hoa bia, H\u01b0\u01a1ng th\u00f4ng, Nhi\u1ec7t \u0111\u1edbi 6.8%","og_url":"http:\/\/52.77.24.187\/vi\/san-pham\/fuzzy-logic-thunderslap-ipa-2\/","og_site_name":"The Bottle Shop","article_publisher":"https:\/\/www.facebook.com\/thebottleshopvietnam","article_modified_time":"2025-06-05T03:47:59+00:00","og_image":[{"width":1080,"height":1080,"url":"https:\/\/mlsrfcxkkbzg.i.optimole.com\/cb:JbP2.215d7\/w:auto\/h:auto\/q:mauto\/ig:avif\/http:\/\/52.77.24.187\/wp-content\/uploads\/2022\/01\/Fuzzy-Thunderslap-IPA.png","type":"image\/png"}],"twitter_card":"summary_large_image","twitter_misc":{"Est. reading time":"1 minute"},"schema":{"@context":"https:\/\/schema.org","@graph":[{"@type":"WebPage","@id":"http:\/\/52.77.24.187\/vi\/san-pham\/fuzzy-logic-thunderslap-ipa-2\/","url":"http:\/\/52.77.24.187\/vi\/san-pham\/fuzzy-logic-thunderslap-ipa-2\/","name":"Fuzzy Logic Thunderslap IPA - The Bottle Shop","isPartOf":{"@id":"http:\/\/52.77.24.187\/#website"},"primaryImageOfPage":{"@id":"http:\/\/52.77.24.187\/vi\/san-pham\/fuzzy-logic-thunderslap-ipa-2\/#primaryimage"},"image":{"@id":"http:\/\/52.77.24.187\/vi\/san-pham\/fuzzy-logic-thunderslap-ipa-2\/#primaryimage"},"thumbnailUrl":"https:\/\/mlsrfcxkkbzg.i.optimole.com\/cb:JbP2.215d7\/w:auto\/h:auto\/q:mauto\/ig:avif\/https:\/\/thebottleshop.vn\/wp-content\/uploads\/2022\/01\/Fuzzy-Thunderslap-IPA.png","datePublished":"2022-02-17T15:56:43+00:00","dateModified":"2025-06-05T03:47:59+00:00","description":"Bia Fuzzy Logic Thunderslap IPA \u0111\u01b0\u1ee3c \u1ee7 theo phong c\u00e1ch c\u1ee7a West Coast IPA v\u1edbi h\u01b0\u01a1ng v\u1ecb \u0111\u1eb7c tr\u01b0ng t\u1eeb hoa bia v\u00e0 hoa bia th\u01a1m. Hoa bia, H\u01b0\u01a1ng th\u00f4ng, Nhi\u1ec7t \u0111\u1edbi 6.8%","breadcrumb":{"@id":"http:\/\/52.77.24.187\/vi\/san-pham\/fuzzy-logic-thunderslap-ipa-2\/#breadcrumb"},"inLanguage":"vi-VN","potentialAction":[{"@type":"ReadAction","target":["http:\/\/52.77.24.187\/vi\/san-pham\/fuzzy-logic-thunderslap-ipa-2\/"]}]},{"@type":"ImageObject","inLanguage":"vi-VN","@id":"http:\/\/52.77.24.187\/vi\/san-pham\/fuzzy-logic-thunderslap-ipa-2\/#primaryimage","url":"https:\/\/mlsrfcxkkbzg.i.optimole.com\/cb:JbP2.215d7\/w:auto\/h:auto\/q:mauto\/ig:avif\/https:\/\/thebottleshop.vn\/wp-content\/uploads\/2022\/01\/Fuzzy-Thunderslap-IPA.png","contentUrl":"https:\/\/mlsrfcxkkbzg.i.optimole.com\/cb:JbP2.215d7\/w:auto\/h:auto\/q:mauto\/ig:avif\/https:\/\/thebottleshop.vn\/wp-content\/uploads\/2022\/01\/Fuzzy-Thunderslap-IPA.png","width":1080,"height":1080,"caption":"Fuzzy Logic Thunderslap IPA Can"},{"@type":"BreadcrumbList","@id":"http:\/\/52.77.24.187\/vi\/san-pham\/fuzzy-logic-thunderslap-ipa-2\/#breadcrumb","itemListElement":[{"@type":"ListItem","position":1,"name":"Home","item":"http:\/\/52.77.24.187\/vi\/test-popup-vi\/"},{"@type":"ListItem","position":2,"name":"C\u1eeda h\u00e0ng","item":"http:\/\/52.77.24.187\/vi\/cua-hang\/"},{"@type":"ListItem","position":3,"name":"Fuzzy Logic Thunderslap IPA"}]},{"@type":"WebSite","@id":"http:\/\/52.77.24.187\/#website","url":"http:\/\/52.77.24.187\/","name":"The Bottle Shop","description":"All beers are not created equal","publisher":{"@id":"http:\/\/52.77.24.187\/#organization"},"potentialAction":[{"@type":"SearchAction","target":{"@type":"EntryPoint","urlTemplate":"http:\/\/52.77.24.187\/?s={search_term_string}"},"query-input":{"@type":"PropertyValueSpecification","valueRequired":true,"valueName":"search_term_string"}}],"inLanguage":"vi-VN"},{"@type":"Organization","@id":"http:\/\/52.77.24.187\/#organization","name":"The Bottle Shop","url":"http:\/\/52.77.24.187\/","logo":{"@type":"ImageObject","inLanguage":"vi-VN","@id":"http:\/\/52.77.24.187\/#\/schema\/logo\/image\/","url":"https:\/\/mlsrfcxkkbzg.i.optimole.com\/cb:JbP2.215d7\/w:auto\/h:auto\/q:mauto\/ig:avif\/https:\/\/thebottleshop.vn\/wp-content\/uploads\/2022\/10\/The-Bottle-Shop-Online-Logo.png","contentUrl":"https:\/\/mlsrfcxkkbzg.i.optimole.com\/cb:JbP2.215d7\/w:auto\/h:auto\/q:mauto\/ig:avif\/https:\/\/thebottleshop.vn\/wp-content\/uploads\/2022\/10\/The-Bottle-Shop-Online-Logo.png","width":145,"height":147,"caption":"The Bottle Shop"},"image":{"@id":"http:\/\/52.77.24.187\/#\/schema\/logo\/image\/"},"sameAs":["https:\/\/www.facebook.com\/thebottleshopvietnam","https:\/\/www.instagram.com\/thebottleshop_vietnam\/"]}]}},"_links":{"self":[{"href":"https:\/\/thebottleshop.vn\/vi\/wp-json\/wp\/v2\/product\/13054","targetHints":{"allow":["GET"]}}],"collection":[{"href":"https:\/\/thebottleshop.vn\/vi\/wp-json\/wp\/v2\/product"}],"about":[{"href":"https:\/\/thebottleshop.vn\/vi\/wp-json\/wp\/v2\/types\/product"}],"replies":[{"embeddable":true,"href":"https:\/\/thebottleshop.vn\/vi\/wp-json\/wp\/v2\/comments?post=13054"}],"wp:featuredmedia":[{"embeddable":true,"href":"https:\/\/thebottleshop.vn\/vi\/wp-json\/wp\/v2\/media\/11742"}],"wp:attachment":[{"href":"https:\/\/thebottleshop.vn\/vi\/wp-json\/wp\/v2\/media?parent=13054"}],"wp:term":[{"taxonomy":"product_brand","embeddable":true,"href":"https:\/\/thebottleshop.vn\/vi\/wp-json\/wp\/v2\/product_brand?post=13054"},{"taxonomy":"product_cat","embeddable":true,"href":"https:\/\/thebottleshop.vn\/vi\/wp-json\/wp\/v2\/product_cat?post=13054"},{"taxonomy":"product_tag","embeddable":true,"href":"https:\/\/thebottleshop.vn\/vi\/wp-json\/wp\/v2\/product_tag?post=13054"}],"curies":[{"name":"wp","href":"https:\/\/api.w.org\/{rel}","templated":true}]}}