{"id":13059,"date":"2021-12-02T06:04:31","date_gmt":"2021-12-01T23:04:31","guid":{"rendered":"https:\/\/thebottleshop.vn\/product\/fuzzy-logic-john-lemon-hard-lemonade\/"},"modified":"2025-06-05T11:42:07","modified_gmt":"2025-06-05T04:42:07","slug":"fuzzy-john-lemon-2","status":"publish","type":"product","link":"https:\/\/thebottleshop.vn\/vi\/san-pham\/fuzzy-john-lemon-2\/","title":{"rendered":"Fuzzy Logic Hard Lemon"},"content":{"rendered":"<p>Fuzzy Logic Hard Lemon \u0111\u01b0\u1ee3c l\u00e0m t\u1eeb chanh t\u01b0\u01a1i v\u1eaft, t\u1ea1o ra m\u1ed9t th\u1ee9c u\u1ed1ng gi\u1ea3i kh\u00e1t, ngon ng\u1ecdt v\u00e0 r\u1ea5t ngon. M\u1ed9t s\u1ef1 thay th\u1ebf tuy\u1ec7t v\u1eddi cho bia, Hard Lemon \u0111\u01b0\u1ee3c khuy\u1ebfn kh\u00edch d\u00f9ng k\u00e8m \u0111\u00e1 nh\u01b0 m\u1ed9t th\u1ee9c u\u1ed1ng gi\u1ea3i kh\u00e1t l\u00e2u d\u00e0i, s\u1ea3ng kho\u00e1i. <\/p>\n<p>&#8212;&#8211;<br \/>\n Xem h\u00ecnh \u1ea3nh \u0111\u1ec3 bi\u1ebft \u0111\u1ea7y \u0111\u1ee7 th\u00f4ng tin chi ti\u1ebft v\u1ec1 ngu\u1ed3n g\u1ed1c, th\u00e0nh ph\u1ea7n v\u00e0 y\u00eau c\u1ea7u b\u1ea3o qu\u1ea3n c\u1ee7a s\u1ea3n ph\u1ea9m n\u00e0y.<\/p>\n","protected":false},"excerpt":{"rendered":"<p><strong>Ng\u1ecdt ng\u00e0o, Chanh m\u1ecdng, V\u1ecb chua 5%<\/strong><\/p>\n","protected":false},"featured_media":17501,"comment_status":"open","ping_status":"closed","template":"","meta":{"_acf_changed":false},"product_brand":[],"product_cat":[340,514,347,354,396,351,366,345,339,405,341,352,513,439,344,387],"product_tag":[],"class_list":{"0":"post-13059","1":"product","2":"type-product","3":"status-publish","4":"has-post-thumbnail","6":"product_cat-vietnam-hcmc","7":"product_cat-khong-gluten","8":"product_cat-4-5-9","9":"product_cat-75k-99k","10":"product_cat-soda-seltzer","11":"product_cat-dong-bia","12":"product_cat-nha-san-xuat","13":"product_cat-abv-vi","14":"product_cat-xuat-xu","15":"product_cat-hard-lemonade","16":"product_cat-dong-goi","17":"product_cat-gia","18":"product_cat-khac","19":"product_cat-fuzzy-logic-brewing-co","20":"product_cat-lon-330-ml","21":"product_cat-thung-24-lon","22":"pa_pack_type-can-330ml-vi","23":"pa_pack_type-thung-24","25":"first","26":"instock","27":"sale","28":"shipping-taxable","29":"purchasable","30":"product-type-variable","31":"has-default-attributes","32":"add-to-wishlist-before_image"},"acf":[],"yoast_head":"<!-- This site is optimized with the Yoast SEO plugin v27.2 - https:\/\/yoast.com\/product\/yoast-seo-wordpress\/ -->\n<title>Fuzzy Logic Hard Lemon - The Bottle Shop<\/title>\n<meta name=\"description\" content=\"Fuzzy Logic Hard Lemon \u0111\u01b0\u1ee3c l\u00e0m t\u1eeb chanh t\u01b0\u01a1i, t\u1ea1o ra m\u1ed9t th\u1ee9c u\u1ed1ng gi\u1ea3i kh\u00e1t, ngon ng\u1ecdt v\u00e0 r\u1ea5t ngon. M\u1ed9t s\u1ef1 thay th\u1ebf tuy\u1ec7t v\u1eddi cho bia.\" \/>\n<meta name=\"robots\" content=\"index, follow, max-snippet:-1, max-image-preview:large, max-video-preview:-1\" \/>\n<link rel=\"canonical\" href=\"http:\/\/52.77.24.187\/vi\/san-pham\/fuzzy-john-lemon-2\/\" \/>\n<meta property=\"og:locale\" content=\"vi_VN\" \/>\n<meta property=\"og:type\" content=\"article\" \/>\n<meta property=\"og:title\" content=\"Fuzzy Logic Hard Lemon - The Bottle Shop\" \/>\n<meta property=\"og:description\" content=\"Fuzzy Logic Hard Lemon \u0111\u01b0\u1ee3c l\u00e0m t\u1eeb chanh t\u01b0\u01a1i, t\u1ea1o ra m\u1ed9t th\u1ee9c u\u1ed1ng gi\u1ea3i kh\u00e1t, ngon ng\u1ecdt v\u00e0 r\u1ea5t ngon. M\u1ed9t s\u1ef1 thay th\u1ebf tuy\u1ec7t v\u1eddi cho bia.\" \/>\n<meta property=\"og:url\" content=\"http:\/\/52.77.24.187\/vi\/san-pham\/fuzzy-john-lemon-2\/\" \/>\n<meta property=\"og:site_name\" content=\"The Bottle Shop\" \/>\n<meta property=\"article:publisher\" content=\"https:\/\/www.facebook.com\/thebottleshopvietnam\" \/>\n<meta property=\"article:modified_time\" content=\"2025-06-05T04:42:07+00:00\" \/>\n<meta property=\"og:image\" content=\"https:\/\/mlsrfcxkkbzg.i.optimole.com\/cb:JbP2.215d7\/w:auto\/h:auto\/q:mauto\/ig:avif\/http:\/\/52.77.24.187\/wp-content\/uploads\/2023\/04\/Fuzzy-Logic-Hard-Lemon.png\" \/>\n\t<meta property=\"og:image:width\" content=\"1080\" \/>\n\t<meta property=\"og:image:height\" content=\"1080\" \/>\n\t<meta property=\"og:image:type\" content=\"image\/png\" \/>\n<meta name=\"twitter:card\" content=\"summary_large_image\" \/>\n<meta name=\"twitter:label1\" content=\"Est. reading time\" \/>\n\t<meta name=\"twitter:data1\" content=\"1 minute\" \/>\n<script type=\"application\/ld+json\" class=\"yoast-schema-graph\">{\"@context\":\"https:\/\/schema.org\",\"@graph\":[{\"@type\":\"WebPage\",\"@id\":\"http:\/\/52.77.24.187\/vi\/san-pham\/fuzzy-john-lemon-2\/\",\"url\":\"http:\/\/52.77.24.187\/vi\/san-pham\/fuzzy-john-lemon-2\/\",\"name\":\"Fuzzy Logic Hard Lemon - The Bottle Shop\",\"isPartOf\":{\"@id\":\"http:\/\/52.77.24.187\/#website\"},\"primaryImageOfPage\":{\"@id\":\"http:\/\/52.77.24.187\/vi\/san-pham\/fuzzy-john-lemon-2\/#primaryimage\"},\"image\":{\"@id\":\"http:\/\/52.77.24.187\/vi\/san-pham\/fuzzy-john-lemon-2\/#primaryimage\"},\"thumbnailUrl\":\"https:\/\/mlsrfcxkkbzg.i.optimole.com\/cb:JbP2.215d7\/w:auto\/h:auto\/q:mauto\/ig:avif\/https:\/\/thebottleshop.vn\/wp-content\/uploads\/2023\/04\/Fuzzy-Logic-Hard-Lemon.png\",\"datePublished\":\"2021-12-01T23:04:31+00:00\",\"dateModified\":\"2025-06-05T04:42:07+00:00\",\"description\":\"Fuzzy Logic Hard Lemon \u0111\u01b0\u1ee3c l\u00e0m t\u1eeb chanh t\u01b0\u01a1i, t\u1ea1o ra m\u1ed9t th\u1ee9c u\u1ed1ng gi\u1ea3i kh\u00e1t, ngon ng\u1ecdt v\u00e0 r\u1ea5t ngon. M\u1ed9t s\u1ef1 thay th\u1ebf tuy\u1ec7t v\u1eddi cho bia.\",\"breadcrumb\":{\"@id\":\"http:\/\/52.77.24.187\/vi\/san-pham\/fuzzy-john-lemon-2\/#breadcrumb\"},\"inLanguage\":\"vi-VN\",\"potentialAction\":[{\"@type\":\"ReadAction\",\"target\":[\"http:\/\/52.77.24.187\/vi\/san-pham\/fuzzy-john-lemon-2\/\"]}]},{\"@type\":\"ImageObject\",\"inLanguage\":\"vi-VN\",\"@id\":\"http:\/\/52.77.24.187\/vi\/san-pham\/fuzzy-john-lemon-2\/#primaryimage\",\"url\":\"https:\/\/mlsrfcxkkbzg.i.optimole.com\/cb:JbP2.215d7\/w:auto\/h:auto\/q:mauto\/ig:avif\/https:\/\/thebottleshop.vn\/wp-content\/uploads\/2023\/04\/Fuzzy-Logic-Hard-Lemon.png\",\"contentUrl\":\"https:\/\/mlsrfcxkkbzg.i.optimole.com\/cb:JbP2.215d7\/w:auto\/h:auto\/q:mauto\/ig:avif\/https:\/\/thebottleshop.vn\/wp-content\/uploads\/2023\/04\/Fuzzy-Logic-Hard-Lemon.png\",\"width\":1080,\"height\":1080,\"caption\":\"Fuzzy Logic Hard Lemon\"},{\"@type\":\"BreadcrumbList\",\"@id\":\"http:\/\/52.77.24.187\/vi\/san-pham\/fuzzy-john-lemon-2\/#breadcrumb\",\"itemListElement\":[{\"@type\":\"ListItem\",\"position\":1,\"name\":\"Home\",\"item\":\"http:\/\/52.77.24.187\/vi\/test-popup-vi\/\"},{\"@type\":\"ListItem\",\"position\":2,\"name\":\"C\u1eeda h\u00e0ng\",\"item\":\"http:\/\/52.77.24.187\/vi\/cua-hang\/\"},{\"@type\":\"ListItem\",\"position\":3,\"name\":\"Fuzzy Logic Hard Lemon\"}]},{\"@type\":\"WebSite\",\"@id\":\"http:\/\/52.77.24.187\/#website\",\"url\":\"http:\/\/52.77.24.187\/\",\"name\":\"The Bottle Shop\",\"description\":\"All beers are not created equal\",\"publisher\":{\"@id\":\"http:\/\/52.77.24.187\/#organization\"},\"potentialAction\":[{\"@type\":\"SearchAction\",\"target\":{\"@type\":\"EntryPoint\",\"urlTemplate\":\"http:\/\/52.77.24.187\/?s={search_term_string}\"},\"query-input\":{\"@type\":\"PropertyValueSpecification\",\"valueRequired\":true,\"valueName\":\"search_term_string\"}}],\"inLanguage\":\"vi-VN\"},{\"@type\":\"Organization\",\"@id\":\"http:\/\/52.77.24.187\/#organization\",\"name\":\"The Bottle Shop\",\"url\":\"http:\/\/52.77.24.187\/\",\"logo\":{\"@type\":\"ImageObject\",\"inLanguage\":\"vi-VN\",\"@id\":\"http:\/\/52.77.24.187\/#\/schema\/logo\/image\/\",\"url\":\"https:\/\/mlsrfcxkkbzg.i.optimole.com\/cb:JbP2.215d7\/w:auto\/h:auto\/q:mauto\/ig:avif\/https:\/\/thebottleshop.vn\/wp-content\/uploads\/2022\/10\/The-Bottle-Shop-Online-Logo.png\",\"contentUrl\":\"https:\/\/mlsrfcxkkbzg.i.optimole.com\/cb:JbP2.215d7\/w:auto\/h:auto\/q:mauto\/ig:avif\/https:\/\/thebottleshop.vn\/wp-content\/uploads\/2022\/10\/The-Bottle-Shop-Online-Logo.png\",\"width\":145,\"height\":147,\"caption\":\"The Bottle Shop\"},\"image\":{\"@id\":\"http:\/\/52.77.24.187\/#\/schema\/logo\/image\/\"},\"sameAs\":[\"https:\/\/www.facebook.com\/thebottleshopvietnam\",\"https:\/\/www.instagram.com\/thebottleshop_vietnam\/\"]}]}<\/script>\n<!-- \/ Yoast SEO plugin. -->","yoast_head_json":{"title":"Fuzzy Logic Hard Lemon - The Bottle Shop","description":"Fuzzy Logic Hard Lemon \u0111\u01b0\u1ee3c l\u00e0m t\u1eeb chanh t\u01b0\u01a1i, t\u1ea1o ra m\u1ed9t th\u1ee9c u\u1ed1ng gi\u1ea3i kh\u00e1t, ngon ng\u1ecdt v\u00e0 r\u1ea5t ngon. M\u1ed9t s\u1ef1 thay th\u1ebf tuy\u1ec7t v\u1eddi cho bia.","robots":{"index":"index","follow":"follow","max-snippet":"max-snippet:-1","max-image-preview":"max-image-preview:large","max-video-preview":"max-video-preview:-1"},"canonical":"http:\/\/52.77.24.187\/vi\/san-pham\/fuzzy-john-lemon-2\/","og_locale":"vi_VN","og_type":"article","og_title":"Fuzzy Logic Hard Lemon - The Bottle Shop","og_description":"Fuzzy Logic Hard Lemon \u0111\u01b0\u1ee3c l\u00e0m t\u1eeb chanh t\u01b0\u01a1i, t\u1ea1o ra m\u1ed9t th\u1ee9c u\u1ed1ng gi\u1ea3i kh\u00e1t, ngon ng\u1ecdt v\u00e0 r\u1ea5t ngon. M\u1ed9t s\u1ef1 thay th\u1ebf tuy\u1ec7t v\u1eddi cho bia.","og_url":"http:\/\/52.77.24.187\/vi\/san-pham\/fuzzy-john-lemon-2\/","og_site_name":"The Bottle Shop","article_publisher":"https:\/\/www.facebook.com\/thebottleshopvietnam","article_modified_time":"2025-06-05T04:42:07+00:00","og_image":[{"width":1080,"height":1080,"url":"https:\/\/mlsrfcxkkbzg.i.optimole.com\/cb:JbP2.215d7\/w:auto\/h:auto\/q:mauto\/ig:avif\/http:\/\/52.77.24.187\/wp-content\/uploads\/2023\/04\/Fuzzy-Logic-Hard-Lemon.png","type":"image\/png"}],"twitter_card":"summary_large_image","twitter_misc":{"Est. reading time":"1 minute"},"schema":{"@context":"https:\/\/schema.org","@graph":[{"@type":"WebPage","@id":"http:\/\/52.77.24.187\/vi\/san-pham\/fuzzy-john-lemon-2\/","url":"http:\/\/52.77.24.187\/vi\/san-pham\/fuzzy-john-lemon-2\/","name":"Fuzzy Logic Hard Lemon - The Bottle Shop","isPartOf":{"@id":"http:\/\/52.77.24.187\/#website"},"primaryImageOfPage":{"@id":"http:\/\/52.77.24.187\/vi\/san-pham\/fuzzy-john-lemon-2\/#primaryimage"},"image":{"@id":"http:\/\/52.77.24.187\/vi\/san-pham\/fuzzy-john-lemon-2\/#primaryimage"},"thumbnailUrl":"https:\/\/mlsrfcxkkbzg.i.optimole.com\/cb:JbP2.215d7\/w:auto\/h:auto\/q:mauto\/ig:avif\/https:\/\/thebottleshop.vn\/wp-content\/uploads\/2023\/04\/Fuzzy-Logic-Hard-Lemon.png","datePublished":"2021-12-01T23:04:31+00:00","dateModified":"2025-06-05T04:42:07+00:00","description":"Fuzzy Logic Hard Lemon \u0111\u01b0\u1ee3c l\u00e0m t\u1eeb chanh t\u01b0\u01a1i, t\u1ea1o ra m\u1ed9t th\u1ee9c u\u1ed1ng gi\u1ea3i kh\u00e1t, ngon ng\u1ecdt v\u00e0 r\u1ea5t ngon. M\u1ed9t s\u1ef1 thay th\u1ebf tuy\u1ec7t v\u1eddi cho bia.","breadcrumb":{"@id":"http:\/\/52.77.24.187\/vi\/san-pham\/fuzzy-john-lemon-2\/#breadcrumb"},"inLanguage":"vi-VN","potentialAction":[{"@type":"ReadAction","target":["http:\/\/52.77.24.187\/vi\/san-pham\/fuzzy-john-lemon-2\/"]}]},{"@type":"ImageObject","inLanguage":"vi-VN","@id":"http:\/\/52.77.24.187\/vi\/san-pham\/fuzzy-john-lemon-2\/#primaryimage","url":"https:\/\/mlsrfcxkkbzg.i.optimole.com\/cb:JbP2.215d7\/w:auto\/h:auto\/q:mauto\/ig:avif\/https:\/\/thebottleshop.vn\/wp-content\/uploads\/2023\/04\/Fuzzy-Logic-Hard-Lemon.png","contentUrl":"https:\/\/mlsrfcxkkbzg.i.optimole.com\/cb:JbP2.215d7\/w:auto\/h:auto\/q:mauto\/ig:avif\/https:\/\/thebottleshop.vn\/wp-content\/uploads\/2023\/04\/Fuzzy-Logic-Hard-Lemon.png","width":1080,"height":1080,"caption":"Fuzzy Logic Hard Lemon"},{"@type":"BreadcrumbList","@id":"http:\/\/52.77.24.187\/vi\/san-pham\/fuzzy-john-lemon-2\/#breadcrumb","itemListElement":[{"@type":"ListItem","position":1,"name":"Home","item":"http:\/\/52.77.24.187\/vi\/test-popup-vi\/"},{"@type":"ListItem","position":2,"name":"C\u1eeda h\u00e0ng","item":"http:\/\/52.77.24.187\/vi\/cua-hang\/"},{"@type":"ListItem","position":3,"name":"Fuzzy Logic Hard Lemon"}]},{"@type":"WebSite","@id":"http:\/\/52.77.24.187\/#website","url":"http:\/\/52.77.24.187\/","name":"The Bottle Shop","description":"All beers are not created equal","publisher":{"@id":"http:\/\/52.77.24.187\/#organization"},"potentialAction":[{"@type":"SearchAction","target":{"@type":"EntryPoint","urlTemplate":"http:\/\/52.77.24.187\/?s={search_term_string}"},"query-input":{"@type":"PropertyValueSpecification","valueRequired":true,"valueName":"search_term_string"}}],"inLanguage":"vi-VN"},{"@type":"Organization","@id":"http:\/\/52.77.24.187\/#organization","name":"The Bottle Shop","url":"http:\/\/52.77.24.187\/","logo":{"@type":"ImageObject","inLanguage":"vi-VN","@id":"http:\/\/52.77.24.187\/#\/schema\/logo\/image\/","url":"https:\/\/mlsrfcxkkbzg.i.optimole.com\/cb:JbP2.215d7\/w:auto\/h:auto\/q:mauto\/ig:avif\/https:\/\/thebottleshop.vn\/wp-content\/uploads\/2022\/10\/The-Bottle-Shop-Online-Logo.png","contentUrl":"https:\/\/mlsrfcxkkbzg.i.optimole.com\/cb:JbP2.215d7\/w:auto\/h:auto\/q:mauto\/ig:avif\/https:\/\/thebottleshop.vn\/wp-content\/uploads\/2022\/10\/The-Bottle-Shop-Online-Logo.png","width":145,"height":147,"caption":"The Bottle Shop"},"image":{"@id":"http:\/\/52.77.24.187\/#\/schema\/logo\/image\/"},"sameAs":["https:\/\/www.facebook.com\/thebottleshopvietnam","https:\/\/www.instagram.com\/thebottleshop_vietnam\/"]}]}},"_links":{"self":[{"href":"https:\/\/thebottleshop.vn\/vi\/wp-json\/wp\/v2\/product\/13059","targetHints":{"allow":["GET"]}}],"collection":[{"href":"https:\/\/thebottleshop.vn\/vi\/wp-json\/wp\/v2\/product"}],"about":[{"href":"https:\/\/thebottleshop.vn\/vi\/wp-json\/wp\/v2\/types\/product"}],"replies":[{"embeddable":true,"href":"https:\/\/thebottleshop.vn\/vi\/wp-json\/wp\/v2\/comments?post=13059"}],"wp:featuredmedia":[{"embeddable":true,"href":"https:\/\/thebottleshop.vn\/vi\/wp-json\/wp\/v2\/media\/17501"}],"wp:attachment":[{"href":"https:\/\/thebottleshop.vn\/vi\/wp-json\/wp\/v2\/media?parent=13059"}],"wp:term":[{"taxonomy":"product_brand","embeddable":true,"href":"https:\/\/thebottleshop.vn\/vi\/wp-json\/wp\/v2\/product_brand?post=13059"},{"taxonomy":"product_cat","embeddable":true,"href":"https:\/\/thebottleshop.vn\/vi\/wp-json\/wp\/v2\/product_cat?post=13059"},{"taxonomy":"product_tag","embeddable":true,"href":"https:\/\/thebottleshop.vn\/vi\/wp-json\/wp\/v2\/product_tag?post=13059"}],"curies":[{"name":"wp","href":"https:\/\/api.w.org\/{rel}","templated":true}]}}