{"id":13070,"date":"2021-12-02T06:16:26","date_gmt":"2022-02-17T17:47:48","guid":{"rendered":"https:\/\/thebottleshop.vn\/product\/east-west-pale-ale\/"},"modified":"2025-06-05T11:38:39","modified_gmt":"2025-06-05T04:38:39","slug":"east-west-pale-ale-2","status":"publish","type":"product","link":"https:\/\/thebottleshop.vn\/vi\/san-pham\/east-west-pale-ale-2\/","title":{"rendered":"East West Pale Ale"},"content":{"rendered":"<p>East West Pale Ale. V\u1edbi c\u1ea3m h\u1ee9ng \u0111\u1ebfn t\u1eeb ph\u01b0\u01a1ng \u0110\u00f4ng v\u00e0 ph\u01b0\u01a1ng T\u00e2y, Bia Craft East West Pale Ale \u2013 lo\u1ea1i bia \u0111o\u1ea1t c\u00e1c gi\u1ea3i th\u01b0\u1edfng qu\u1ed1c t\u1ebf v\u00e0 l\u00e0 bia ch\u1ee7 l\u1ef1c c\u1ee7a East West \u2013 \u0111em \u0111\u1ebfn m\u00f9i v\u1ecb th\u01a1m ngon \u0111\u1eb7c tr\u01b0ng nh\u1edd s\u1ef1 c\u00e2n b\u1eb1ng ho\u00e0n h\u1ea3o gi\u1eefa m\u1ea1ch nha \u0111\u1ea1i m\u1ea1ch Anh v\u00e0 hoa bia t\u1eeb \u00dac v\u00e0 M\u1ef9.  <\/p>\n<p>&#8212;&#8211;<br \/>\n Xem h\u00ecnh \u1ea3nh \u0111\u1ec3 bi\u1ebft \u0111\u1ea7y \u0111\u1ee7 th\u00f4ng tin chi ti\u1ebft v\u1ec1 ngu\u1ed3n g\u1ed1c, th\u00e0nh ph\u1ea7n v\u00e0 y\u00eau c\u1ea7u b\u1ea3o qu\u1ea3n c\u1ee7a s\u1ea3n ph\u1ea9m n\u00e0y.<\/p>\n","protected":false},"excerpt":{"rendered":"<p><strong>C\u00e2n b\u1eb1ng, Ch\u1ee7 l\u1ef1c, \u0110\u1eadm v\u1ecb 6%<\/strong><\/p>\n","protected":false},"featured_media":18568,"comment_status":"open","ping_status":"closed","template":"","meta":{"_acf_changed":false},"product_brand":[],"product_cat":[379,347,353,337,340,348,351,366,345,377,339,341,352,358,368,344],"product_tag":[],"class_list":{"0":"post-13070","1":"product","2":"type-product","3":"status-publish","4":"has-post-thumbnail","6":"product_cat-20-39","7":"product_cat-4-5-9","8":"product_cat-50k-74k","9":"product_cat-bia-va-cider","10":"product_cat-vietnam-hcmc","11":"product_cat-6-7-9","12":"product_cat-dong-bia","13":"product_cat-nha-san-xuat","14":"product_cat-abv-vi","15":"product_cat-ibu","16":"product_cat-xuat-xu","17":"product_cat-dong-goi","18":"product_cat-gia","19":"product_cat-pale-ale","20":"product_cat-east-west","21":"product_cat-lon-330-ml","22":"pa_pack_type-can-330ml-vi","23":"pa_pack_type-thung-12","25":"first","26":"instock","27":"sale","28":"shipping-taxable","29":"purchasable","30":"product-type-variable","31":"add-to-wishlist-before_image"},"acf":[],"yoast_head":"<!-- This site is optimized with the Yoast SEO plugin v27.2 - https:\/\/yoast.com\/product\/yoast-seo-wordpress\/ -->\n<title>East West Pale Ale - The Bottle Shop<\/title>\n<meta name=\"description\" content=\".East West Pale Ale. V\u1edbi c\u1ea3m h\u1ee9ng \u0111\u1ebfn t\u1eeb ph\u01b0\u01a1ng \u0110\u00f4ng v\u00e0 ph\u01b0\u01a1ng T\u00e2y, Bia Craft East West Pale Ale l\u00e0 lo\u1ea1i bia \u0111o\u1ea1t c\u00e1c gi\u1ea3i th\u01b0\u1edfng qu\u1ed1c t\u1ebf v\u00e0 l\u00e0 bia ch\u1ee7 l\u1ef1c c\u1ee7a East West.\" \/>\n<meta name=\"robots\" content=\"index, follow, max-snippet:-1, max-image-preview:large, max-video-preview:-1\" \/>\n<link rel=\"canonical\" href=\"http:\/\/52.77.24.187\/vi\/san-pham\/east-west-pale-ale-2\/\" \/>\n<meta property=\"og:locale\" content=\"vi_VN\" \/>\n<meta property=\"og:type\" content=\"article\" \/>\n<meta property=\"og:title\" content=\"East West Pale Ale - The Bottle Shop\" \/>\n<meta property=\"og:description\" content=\".East West Pale Ale. V\u1edbi c\u1ea3m h\u1ee9ng \u0111\u1ebfn t\u1eeb ph\u01b0\u01a1ng \u0110\u00f4ng v\u00e0 ph\u01b0\u01a1ng T\u00e2y, Bia Craft East West Pale Ale l\u00e0 lo\u1ea1i bia \u0111o\u1ea1t c\u00e1c gi\u1ea3i th\u01b0\u1edfng qu\u1ed1c t\u1ebf v\u00e0 l\u00e0 bia ch\u1ee7 l\u1ef1c c\u1ee7a East West.\" \/>\n<meta property=\"og:url\" content=\"http:\/\/52.77.24.187\/vi\/san-pham\/east-west-pale-ale-2\/\" \/>\n<meta property=\"og:site_name\" content=\"The Bottle Shop\" \/>\n<meta property=\"article:publisher\" content=\"https:\/\/www.facebook.com\/thebottleshopvietnam\" \/>\n<meta property=\"article:modified_time\" content=\"2025-06-05T04:38:39+00:00\" \/>\n<meta property=\"og:image\" content=\"https:\/\/mlsrfcxkkbzg.i.optimole.com\/cb:JbP2.215d7\/w:auto\/h:auto\/q:mauto\/ig:avif\/http:\/\/52.77.24.187\/wp-content\/uploads\/2021\/12\/East-West-Pale-Ale-Can.png\" \/>\n\t<meta property=\"og:image:width\" content=\"1080\" \/>\n\t<meta property=\"og:image:height\" content=\"1080\" \/>\n\t<meta property=\"og:image:type\" content=\"image\/png\" \/>\n<meta name=\"twitter:card\" content=\"summary_large_image\" \/>\n<meta name=\"twitter:label1\" content=\"Est. reading time\" \/>\n\t<meta name=\"twitter:data1\" content=\"1 minute\" \/>\n<script type=\"application\/ld+json\" class=\"yoast-schema-graph\">{\"@context\":\"https:\/\/schema.org\",\"@graph\":[{\"@type\":\"WebPage\",\"@id\":\"http:\/\/52.77.24.187\/vi\/san-pham\/east-west-pale-ale-2\/\",\"url\":\"http:\/\/52.77.24.187\/vi\/san-pham\/east-west-pale-ale-2\/\",\"name\":\"East West Pale Ale - The Bottle Shop\",\"isPartOf\":{\"@id\":\"http:\/\/52.77.24.187\/#website\"},\"primaryImageOfPage\":{\"@id\":\"http:\/\/52.77.24.187\/vi\/san-pham\/east-west-pale-ale-2\/#primaryimage\"},\"image\":{\"@id\":\"http:\/\/52.77.24.187\/vi\/san-pham\/east-west-pale-ale-2\/#primaryimage\"},\"thumbnailUrl\":\"https:\/\/mlsrfcxkkbzg.i.optimole.com\/cb:JbP2.215d7\/w:auto\/h:auto\/q:mauto\/ig:avif\/https:\/\/thebottleshop.vn\/wp-content\/uploads\/2021\/12\/East-West-Pale-Ale-Can.png\",\"datePublished\":\"2022-02-17T17:47:48+00:00\",\"dateModified\":\"2025-06-05T04:38:39+00:00\",\"description\":\".East West Pale Ale. V\u1edbi c\u1ea3m h\u1ee9ng \u0111\u1ebfn t\u1eeb ph\u01b0\u01a1ng \u0110\u00f4ng v\u00e0 ph\u01b0\u01a1ng T\u00e2y, Bia Craft East West Pale Ale l\u00e0 lo\u1ea1i bia \u0111o\u1ea1t c\u00e1c gi\u1ea3i th\u01b0\u1edfng qu\u1ed1c t\u1ebf v\u00e0 l\u00e0 bia ch\u1ee7 l\u1ef1c c\u1ee7a East West.\",\"breadcrumb\":{\"@id\":\"http:\/\/52.77.24.187\/vi\/san-pham\/east-west-pale-ale-2\/#breadcrumb\"},\"inLanguage\":\"vi-VN\",\"potentialAction\":[{\"@type\":\"ReadAction\",\"target\":[\"http:\/\/52.77.24.187\/vi\/san-pham\/east-west-pale-ale-2\/\"]}]},{\"@type\":\"ImageObject\",\"inLanguage\":\"vi-VN\",\"@id\":\"http:\/\/52.77.24.187\/vi\/san-pham\/east-west-pale-ale-2\/#primaryimage\",\"url\":\"https:\/\/mlsrfcxkkbzg.i.optimole.com\/cb:JbP2.215d7\/w:auto\/h:auto\/q:mauto\/ig:avif\/https:\/\/thebottleshop.vn\/wp-content\/uploads\/2021\/12\/East-West-Pale-Ale-Can.png\",\"contentUrl\":\"https:\/\/mlsrfcxkkbzg.i.optimole.com\/cb:JbP2.215d7\/w:auto\/h:auto\/q:mauto\/ig:avif\/https:\/\/thebottleshop.vn\/wp-content\/uploads\/2021\/12\/East-West-Pale-Ale-Can.png\",\"width\":1080,\"height\":1080,\"caption\":\"East West Pale Ale Can\"},{\"@type\":\"BreadcrumbList\",\"@id\":\"http:\/\/52.77.24.187\/vi\/san-pham\/east-west-pale-ale-2\/#breadcrumb\",\"itemListElement\":[{\"@type\":\"ListItem\",\"position\":1,\"name\":\"Home\",\"item\":\"http:\/\/52.77.24.187\/vi\/test-popup-vi\/\"},{\"@type\":\"ListItem\",\"position\":2,\"name\":\"C\u1eeda h\u00e0ng\",\"item\":\"http:\/\/52.77.24.187\/vi\/cua-hang\/\"},{\"@type\":\"ListItem\",\"position\":3,\"name\":\"East West Pale Ale\"}]},{\"@type\":\"WebSite\",\"@id\":\"http:\/\/52.77.24.187\/#website\",\"url\":\"http:\/\/52.77.24.187\/\",\"name\":\"The Bottle Shop\",\"description\":\"All beers are not created equal\",\"publisher\":{\"@id\":\"http:\/\/52.77.24.187\/#organization\"},\"potentialAction\":[{\"@type\":\"SearchAction\",\"target\":{\"@type\":\"EntryPoint\",\"urlTemplate\":\"http:\/\/52.77.24.187\/?s={search_term_string}\"},\"query-input\":{\"@type\":\"PropertyValueSpecification\",\"valueRequired\":true,\"valueName\":\"search_term_string\"}}],\"inLanguage\":\"vi-VN\"},{\"@type\":\"Organization\",\"@id\":\"http:\/\/52.77.24.187\/#organization\",\"name\":\"The Bottle Shop\",\"url\":\"http:\/\/52.77.24.187\/\",\"logo\":{\"@type\":\"ImageObject\",\"inLanguage\":\"vi-VN\",\"@id\":\"http:\/\/52.77.24.187\/#\/schema\/logo\/image\/\",\"url\":\"https:\/\/mlsrfcxkkbzg.i.optimole.com\/cb:JbP2.215d7\/w:auto\/h:auto\/q:mauto\/ig:avif\/https:\/\/thebottleshop.vn\/wp-content\/uploads\/2022\/10\/The-Bottle-Shop-Online-Logo.png\",\"contentUrl\":\"https:\/\/mlsrfcxkkbzg.i.optimole.com\/cb:JbP2.215d7\/w:auto\/h:auto\/q:mauto\/ig:avif\/https:\/\/thebottleshop.vn\/wp-content\/uploads\/2022\/10\/The-Bottle-Shop-Online-Logo.png\",\"width\":145,\"height\":147,\"caption\":\"The Bottle Shop\"},\"image\":{\"@id\":\"http:\/\/52.77.24.187\/#\/schema\/logo\/image\/\"},\"sameAs\":[\"https:\/\/www.facebook.com\/thebottleshopvietnam\",\"https:\/\/www.instagram.com\/thebottleshop_vietnam\/\"]}]}<\/script>\n<!-- \/ Yoast SEO plugin. -->","yoast_head_json":{"title":"East West Pale Ale - The Bottle Shop","description":".East West Pale Ale. V\u1edbi c\u1ea3m h\u1ee9ng \u0111\u1ebfn t\u1eeb ph\u01b0\u01a1ng \u0110\u00f4ng v\u00e0 ph\u01b0\u01a1ng T\u00e2y, Bia Craft East West Pale Ale l\u00e0 lo\u1ea1i bia \u0111o\u1ea1t c\u00e1c gi\u1ea3i th\u01b0\u1edfng qu\u1ed1c t\u1ebf v\u00e0 l\u00e0 bia ch\u1ee7 l\u1ef1c c\u1ee7a East West.","robots":{"index":"index","follow":"follow","max-snippet":"max-snippet:-1","max-image-preview":"max-image-preview:large","max-video-preview":"max-video-preview:-1"},"canonical":"http:\/\/52.77.24.187\/vi\/san-pham\/east-west-pale-ale-2\/","og_locale":"vi_VN","og_type":"article","og_title":"East West Pale Ale - The Bottle Shop","og_description":".East West Pale Ale. V\u1edbi c\u1ea3m h\u1ee9ng \u0111\u1ebfn t\u1eeb ph\u01b0\u01a1ng \u0110\u00f4ng v\u00e0 ph\u01b0\u01a1ng T\u00e2y, Bia Craft East West Pale Ale l\u00e0 lo\u1ea1i bia \u0111o\u1ea1t c\u00e1c gi\u1ea3i th\u01b0\u1edfng qu\u1ed1c t\u1ebf v\u00e0 l\u00e0 bia ch\u1ee7 l\u1ef1c c\u1ee7a East West.","og_url":"http:\/\/52.77.24.187\/vi\/san-pham\/east-west-pale-ale-2\/","og_site_name":"The Bottle Shop","article_publisher":"https:\/\/www.facebook.com\/thebottleshopvietnam","article_modified_time":"2025-06-05T04:38:39+00:00","og_image":[{"width":1080,"height":1080,"url":"https:\/\/mlsrfcxkkbzg.i.optimole.com\/cb:JbP2.215d7\/w:auto\/h:auto\/q:mauto\/ig:avif\/http:\/\/52.77.24.187\/wp-content\/uploads\/2021\/12\/East-West-Pale-Ale-Can.png","type":"image\/png"}],"twitter_card":"summary_large_image","twitter_misc":{"Est. reading time":"1 minute"},"schema":{"@context":"https:\/\/schema.org","@graph":[{"@type":"WebPage","@id":"http:\/\/52.77.24.187\/vi\/san-pham\/east-west-pale-ale-2\/","url":"http:\/\/52.77.24.187\/vi\/san-pham\/east-west-pale-ale-2\/","name":"East West Pale Ale - The Bottle Shop","isPartOf":{"@id":"http:\/\/52.77.24.187\/#website"},"primaryImageOfPage":{"@id":"http:\/\/52.77.24.187\/vi\/san-pham\/east-west-pale-ale-2\/#primaryimage"},"image":{"@id":"http:\/\/52.77.24.187\/vi\/san-pham\/east-west-pale-ale-2\/#primaryimage"},"thumbnailUrl":"https:\/\/mlsrfcxkkbzg.i.optimole.com\/cb:JbP2.215d7\/w:auto\/h:auto\/q:mauto\/ig:avif\/https:\/\/thebottleshop.vn\/wp-content\/uploads\/2021\/12\/East-West-Pale-Ale-Can.png","datePublished":"2022-02-17T17:47:48+00:00","dateModified":"2025-06-05T04:38:39+00:00","description":".East West Pale Ale. V\u1edbi c\u1ea3m h\u1ee9ng \u0111\u1ebfn t\u1eeb ph\u01b0\u01a1ng \u0110\u00f4ng v\u00e0 ph\u01b0\u01a1ng T\u00e2y, Bia Craft East West Pale Ale l\u00e0 lo\u1ea1i bia \u0111o\u1ea1t c\u00e1c gi\u1ea3i th\u01b0\u1edfng qu\u1ed1c t\u1ebf v\u00e0 l\u00e0 bia ch\u1ee7 l\u1ef1c c\u1ee7a East West.","breadcrumb":{"@id":"http:\/\/52.77.24.187\/vi\/san-pham\/east-west-pale-ale-2\/#breadcrumb"},"inLanguage":"vi-VN","potentialAction":[{"@type":"ReadAction","target":["http:\/\/52.77.24.187\/vi\/san-pham\/east-west-pale-ale-2\/"]}]},{"@type":"ImageObject","inLanguage":"vi-VN","@id":"http:\/\/52.77.24.187\/vi\/san-pham\/east-west-pale-ale-2\/#primaryimage","url":"https:\/\/mlsrfcxkkbzg.i.optimole.com\/cb:JbP2.215d7\/w:auto\/h:auto\/q:mauto\/ig:avif\/https:\/\/thebottleshop.vn\/wp-content\/uploads\/2021\/12\/East-West-Pale-Ale-Can.png","contentUrl":"https:\/\/mlsrfcxkkbzg.i.optimole.com\/cb:JbP2.215d7\/w:auto\/h:auto\/q:mauto\/ig:avif\/https:\/\/thebottleshop.vn\/wp-content\/uploads\/2021\/12\/East-West-Pale-Ale-Can.png","width":1080,"height":1080,"caption":"East West Pale Ale Can"},{"@type":"BreadcrumbList","@id":"http:\/\/52.77.24.187\/vi\/san-pham\/east-west-pale-ale-2\/#breadcrumb","itemListElement":[{"@type":"ListItem","position":1,"name":"Home","item":"http:\/\/52.77.24.187\/vi\/test-popup-vi\/"},{"@type":"ListItem","position":2,"name":"C\u1eeda h\u00e0ng","item":"http:\/\/52.77.24.187\/vi\/cua-hang\/"},{"@type":"ListItem","position":3,"name":"East West Pale Ale"}]},{"@type":"WebSite","@id":"http:\/\/52.77.24.187\/#website","url":"http:\/\/52.77.24.187\/","name":"The Bottle Shop","description":"All beers are not created equal","publisher":{"@id":"http:\/\/52.77.24.187\/#organization"},"potentialAction":[{"@type":"SearchAction","target":{"@type":"EntryPoint","urlTemplate":"http:\/\/52.77.24.187\/?s={search_term_string}"},"query-input":{"@type":"PropertyValueSpecification","valueRequired":true,"valueName":"search_term_string"}}],"inLanguage":"vi-VN"},{"@type":"Organization","@id":"http:\/\/52.77.24.187\/#organization","name":"The Bottle Shop","url":"http:\/\/52.77.24.187\/","logo":{"@type":"ImageObject","inLanguage":"vi-VN","@id":"http:\/\/52.77.24.187\/#\/schema\/logo\/image\/","url":"https:\/\/mlsrfcxkkbzg.i.optimole.com\/cb:JbP2.215d7\/w:auto\/h:auto\/q:mauto\/ig:avif\/https:\/\/thebottleshop.vn\/wp-content\/uploads\/2022\/10\/The-Bottle-Shop-Online-Logo.png","contentUrl":"https:\/\/mlsrfcxkkbzg.i.optimole.com\/cb:JbP2.215d7\/w:auto\/h:auto\/q:mauto\/ig:avif\/https:\/\/thebottleshop.vn\/wp-content\/uploads\/2022\/10\/The-Bottle-Shop-Online-Logo.png","width":145,"height":147,"caption":"The Bottle Shop"},"image":{"@id":"http:\/\/52.77.24.187\/#\/schema\/logo\/image\/"},"sameAs":["https:\/\/www.facebook.com\/thebottleshopvietnam","https:\/\/www.instagram.com\/thebottleshop_vietnam\/"]}]}},"_links":{"self":[{"href":"https:\/\/thebottleshop.vn\/vi\/wp-json\/wp\/v2\/product\/13070","targetHints":{"allow":["GET"]}}],"collection":[{"href":"https:\/\/thebottleshop.vn\/vi\/wp-json\/wp\/v2\/product"}],"about":[{"href":"https:\/\/thebottleshop.vn\/vi\/wp-json\/wp\/v2\/types\/product"}],"replies":[{"embeddable":true,"href":"https:\/\/thebottleshop.vn\/vi\/wp-json\/wp\/v2\/comments?post=13070"}],"wp:featuredmedia":[{"embeddable":true,"href":"https:\/\/thebottleshop.vn\/vi\/wp-json\/wp\/v2\/media\/18568"}],"wp:attachment":[{"href":"https:\/\/thebottleshop.vn\/vi\/wp-json\/wp\/v2\/media?parent=13070"}],"wp:term":[{"taxonomy":"product_brand","embeddable":true,"href":"https:\/\/thebottleshop.vn\/vi\/wp-json\/wp\/v2\/product_brand?post=13070"},{"taxonomy":"product_cat","embeddable":true,"href":"https:\/\/thebottleshop.vn\/vi\/wp-json\/wp\/v2\/product_cat?post=13070"},{"taxonomy":"product_tag","embeddable":true,"href":"https:\/\/thebottleshop.vn\/vi\/wp-json\/wp\/v2\/product_tag?post=13070"}],"curies":[{"name":"wp","href":"https:\/\/api.w.org\/{rel}","templated":true}]}}