{"id":13088,"date":"2021-12-02T10:42:32","date_gmt":"2021-12-02T03:42:32","guid":{"rendered":"https:\/\/thebottleshop.vn\/product\/belgo-cherry\/"},"modified":"2026-04-02T17:30:34","modified_gmt":"2026-04-02T10:30:34","slug":"belgo-cherry","status":"publish","type":"product","link":"https:\/\/thebottleshop.vn\/vi\/san-pham\/belgo-cherry\/","title":{"rendered":"Belgo Cherry"},"content":{"rendered":"<p>Belgo Cherry l\u00e0 s\u1ef1 k\u00ea\u0301t h\u01a1\u0323p \u0111\u1ea1\u0306c bi\u1eb9\u0302t gi\u01b0\u0303a lu\u0301a ma\u0323ch nha, hoa bia c\u00f9ng tr\u00e1i cherry c\u00f3 m\u00f9i h\u01b0\u01a1ng quy\u1ebfn r\u0169. T\u1ea5t c\u1ea3 h\u00f2a quy\u1ec7n t\u1ea1o n\u00ean m\u1ed9t v\u1ecb bia ngon kh\u00f3 c\u01b0\u1ee1ng. U\u1ed1ng l\u1ea1nh ho\u1eb7c k\u00e8m v\u1edbi \u0111\u00e1! This subtle blend combines a rounded cherry aroma with a fabulous taste.   Lo\u1ea1i bia n\u00e0y c\u00f3 th\u1ec3 th\u01b0\u1edfng th\u1ee9c c\u00f3 ho\u1eb7c kh\u00f4ng c\u00f3 \u0111\u00e1.<\/p>\n<p>&#8212;&#8211;<br \/>\n Xem h\u00ecnh \u1ea3nh \u0111\u1ec3 bi\u1ebft \u0111\u1ea7y \u0111\u1ee7 th\u00f4ng tin chi ti\u1ebft v\u1ec1 ngu\u1ed3n g\u1ed1c, th\u00e0nh ph\u1ea7n v\u00e0 y\u00eau c\u1ea7u b\u1ea3o qu\u1ea3n c\u1ee7a s\u1ea3n ph\u1ea9m n\u00e0y.<\/p>\n","protected":false},"excerpt":{"rendered":"<p><strong>Ng\u1ecdt d\u1ecbu, Tr\u00e1i c\u00e2y, Chua d\u1ecbu 3.5%<\/strong><\/p>\n","protected":false},"featured_media":11677,"comment_status":"open","ping_status":"closed","template":"","meta":{"_acf_changed":false},"product_brand":[],"product_cat":[378,346,337,340,404,423,441,351,342,366,345,377,339,341,512],"product_tag":[],"class_list":{"0":"post-13088","1":"product","2":"type-product","3":"status-publish","4":"has-post-thumbnail","6":"product_cat-00-19","7":"product_cat-0-3-9","8":"product_cat-bia-va-cider","9":"product_cat-vietnam-hcmc","10":"product_cat-bia-hoa-qua-vi","11":"product_cat-100k-149k","12":"product_cat-belgo-craft-beer","13":"product_cat-dong-bia","14":"product_cat-chai-330-ml","15":"product_cat-nha-san-xuat","16":"product_cat-abv-vi","17":"product_cat-ibu","18":"product_cat-xuat-xu","19":"product_cat-dong-goi","20":"product_cat-thung-24-chai","21":"pa_pack_type-bottle-330ml-vi","22":"pa_pack_type-thung-24","24":"first","25":"instock","26":"sale","27":"shipping-taxable","28":"product-type-variable","29":"has-default-attributes","30":"add-to-wishlist-before_image"},"acf":[],"yoast_head":"<!-- This site is optimized with the Yoast SEO plugin v27.2 - https:\/\/yoast.com\/product\/yoast-seo-wordpress\/ -->\n<title>Belgo Cherry - The Bottle Shop<\/title>\n<meta name=\"description\" content=\"Belgo Cherry Beer. L\u00e0 s\u1ef1 k\u00ea\u0301t h\u01a1\u0323p \u0111\u1ea1\u0306c bi\u1eb9\u0302t gi\u01b0\u0303a lu\u0301a ma\u0323ch nha, hoa bia c\u00f9ng tr\u00e1i cherry c\u00f3 m\u00f9i h\u01b0\u01a1ng quy\u1ebfn r\u0169. T\u1ea5t c\u1ea3 h\u00f2a quy\u1ec7n t\u1ea1o n\u00ean m\u1ed9t v\u1ecb bia ngon kh\u00f3 c\u01b0\u1ee1ng. U\u1ed1ng l\u1ea1nh ho\u1eb7c k\u00e8m v\u1edbi \u0111\u00e1! Ng\u1ecdt d\u1ecbu, Tr\u00e1i c\u00e2y, Chua d\u1ecbu 3.5%\" \/>\n<meta name=\"robots\" content=\"index, follow, max-snippet:-1, max-image-preview:large, max-video-preview:-1\" \/>\n<link rel=\"canonical\" href=\"http:\/\/52.77.24.187\/vi\/san-pham\/belgo-cherry\/\" \/>\n<meta property=\"og:locale\" content=\"vi_VN\" \/>\n<meta property=\"og:type\" content=\"article\" \/>\n<meta property=\"og:title\" content=\"Belgo Cherry - The Bottle Shop\" \/>\n<meta property=\"og:description\" content=\"Belgo Cherry Beer. L\u00e0 s\u1ef1 k\u00ea\u0301t h\u01a1\u0323p \u0111\u1ea1\u0306c bi\u1eb9\u0302t gi\u01b0\u0303a lu\u0301a ma\u0323ch nha, hoa bia c\u00f9ng tr\u00e1i cherry c\u00f3 m\u00f9i h\u01b0\u01a1ng quy\u1ebfn r\u0169. T\u1ea5t c\u1ea3 h\u00f2a quy\u1ec7n t\u1ea1o n\u00ean m\u1ed9t v\u1ecb bia ngon kh\u00f3 c\u01b0\u1ee1ng. U\u1ed1ng l\u1ea1nh ho\u1eb7c k\u00e8m v\u1edbi \u0111\u00e1! Ng\u1ecdt d\u1ecbu, Tr\u00e1i c\u00e2y, Chua d\u1ecbu 3.5%\" \/>\n<meta property=\"og:url\" content=\"http:\/\/52.77.24.187\/vi\/san-pham\/belgo-cherry\/\" \/>\n<meta property=\"og:site_name\" content=\"The Bottle Shop\" \/>\n<meta property=\"article:publisher\" content=\"https:\/\/www.facebook.com\/thebottleshopvietnam\" \/>\n<meta property=\"article:modified_time\" content=\"2026-04-02T10:30:34+00:00\" \/>\n<meta property=\"og:image\" content=\"https:\/\/mlsrfcxkkbzg.i.optimole.com\/cb:JbP2.215d7\/w:auto\/h:auto\/q:mauto\/ig:avif\/http:\/\/52.77.24.187\/wp-content\/uploads\/2021\/12\/Belgo-Cherry.png\" \/>\n\t<meta property=\"og:image:width\" content=\"1080\" \/>\n\t<meta property=\"og:image:height\" content=\"1080\" \/>\n\t<meta property=\"og:image:type\" content=\"image\/png\" \/>\n<meta name=\"twitter:card\" content=\"summary_large_image\" \/>\n<meta name=\"twitter:label1\" content=\"Est. reading time\" \/>\n\t<meta name=\"twitter:data1\" content=\"1 minute\" \/>\n<script type=\"application\/ld+json\" class=\"yoast-schema-graph\">{\"@context\":\"https:\/\/schema.org\",\"@graph\":[{\"@type\":\"WebPage\",\"@id\":\"http:\/\/52.77.24.187\/vi\/san-pham\/belgo-cherry\/\",\"url\":\"http:\/\/52.77.24.187\/vi\/san-pham\/belgo-cherry\/\",\"name\":\"Belgo Cherry - The Bottle Shop\",\"isPartOf\":{\"@id\":\"http:\/\/52.77.24.187\/#website\"},\"primaryImageOfPage\":{\"@id\":\"http:\/\/52.77.24.187\/vi\/san-pham\/belgo-cherry\/#primaryimage\"},\"image\":{\"@id\":\"http:\/\/52.77.24.187\/vi\/san-pham\/belgo-cherry\/#primaryimage\"},\"thumbnailUrl\":\"https:\/\/mlsrfcxkkbzg.i.optimole.com\/cb:JbP2.215d7\/w:auto\/h:auto\/q:mauto\/ig:avif\/https:\/\/thebottleshop.vn\/wp-content\/uploads\/2021\/12\/Belgo-Cherry.png\",\"datePublished\":\"2021-12-02T03:42:32+00:00\",\"dateModified\":\"2026-04-02T10:30:34+00:00\",\"description\":\"Belgo Cherry Beer. L\u00e0 s\u1ef1 k\u00ea\u0301t h\u01a1\u0323p \u0111\u1ea1\u0306c bi\u1eb9\u0302t gi\u01b0\u0303a lu\u0301a ma\u0323ch nha, hoa bia c\u00f9ng tr\u00e1i cherry c\u00f3 m\u00f9i h\u01b0\u01a1ng quy\u1ebfn r\u0169. T\u1ea5t c\u1ea3 h\u00f2a quy\u1ec7n t\u1ea1o n\u00ean m\u1ed9t v\u1ecb bia ngon kh\u00f3 c\u01b0\u1ee1ng. U\u1ed1ng l\u1ea1nh ho\u1eb7c k\u00e8m v\u1edbi \u0111\u00e1! Ng\u1ecdt d\u1ecbu, Tr\u00e1i c\u00e2y, Chua d\u1ecbu 3.5%\",\"breadcrumb\":{\"@id\":\"http:\/\/52.77.24.187\/vi\/san-pham\/belgo-cherry\/#breadcrumb\"},\"inLanguage\":\"vi-VN\",\"potentialAction\":[{\"@type\":\"ReadAction\",\"target\":[\"http:\/\/52.77.24.187\/vi\/san-pham\/belgo-cherry\/\"]}]},{\"@type\":\"ImageObject\",\"inLanguage\":\"vi-VN\",\"@id\":\"http:\/\/52.77.24.187\/vi\/san-pham\/belgo-cherry\/#primaryimage\",\"url\":\"https:\/\/mlsrfcxkkbzg.i.optimole.com\/cb:JbP2.215d7\/w:auto\/h:auto\/q:mauto\/ig:avif\/https:\/\/thebottleshop.vn\/wp-content\/uploads\/2021\/12\/Belgo-Cherry.png\",\"contentUrl\":\"https:\/\/mlsrfcxkkbzg.i.optimole.com\/cb:JbP2.215d7\/w:auto\/h:auto\/q:mauto\/ig:avif\/https:\/\/thebottleshop.vn\/wp-content\/uploads\/2021\/12\/Belgo-Cherry.png\",\"width\":1080,\"height\":1080,\"caption\":\"Belgo Cherry\"},{\"@type\":\"BreadcrumbList\",\"@id\":\"http:\/\/52.77.24.187\/vi\/san-pham\/belgo-cherry\/#breadcrumb\",\"itemListElement\":[{\"@type\":\"ListItem\",\"position\":1,\"name\":\"Home\",\"item\":\"http:\/\/52.77.24.187\/vi\/test-popup-vi\/\"},{\"@type\":\"ListItem\",\"position\":2,\"name\":\"C\u1eeda h\u00e0ng\",\"item\":\"http:\/\/52.77.24.187\/vi\/cua-hang\/\"},{\"@type\":\"ListItem\",\"position\":3,\"name\":\"Belgo Cherry\"}]},{\"@type\":\"WebSite\",\"@id\":\"http:\/\/52.77.24.187\/#website\",\"url\":\"http:\/\/52.77.24.187\/\",\"name\":\"The Bottle Shop\",\"description\":\"All beers are not created equal\",\"publisher\":{\"@id\":\"http:\/\/52.77.24.187\/#organization\"},\"potentialAction\":[{\"@type\":\"SearchAction\",\"target\":{\"@type\":\"EntryPoint\",\"urlTemplate\":\"http:\/\/52.77.24.187\/?s={search_term_string}\"},\"query-input\":{\"@type\":\"PropertyValueSpecification\",\"valueRequired\":true,\"valueName\":\"search_term_string\"}}],\"inLanguage\":\"vi-VN\"},{\"@type\":\"Organization\",\"@id\":\"http:\/\/52.77.24.187\/#organization\",\"name\":\"The Bottle Shop\",\"url\":\"http:\/\/52.77.24.187\/\",\"logo\":{\"@type\":\"ImageObject\",\"inLanguage\":\"vi-VN\",\"@id\":\"http:\/\/52.77.24.187\/#\/schema\/logo\/image\/\",\"url\":\"https:\/\/mlsrfcxkkbzg.i.optimole.com\/cb:JbP2.215d7\/w:auto\/h:auto\/q:mauto\/ig:avif\/https:\/\/thebottleshop.vn\/wp-content\/uploads\/2022\/10\/The-Bottle-Shop-Online-Logo.png\",\"contentUrl\":\"https:\/\/mlsrfcxkkbzg.i.optimole.com\/cb:JbP2.215d7\/w:auto\/h:auto\/q:mauto\/ig:avif\/https:\/\/thebottleshop.vn\/wp-content\/uploads\/2022\/10\/The-Bottle-Shop-Online-Logo.png\",\"width\":145,\"height\":147,\"caption\":\"The Bottle Shop\"},\"image\":{\"@id\":\"http:\/\/52.77.24.187\/#\/schema\/logo\/image\/\"},\"sameAs\":[\"https:\/\/www.facebook.com\/thebottleshopvietnam\",\"https:\/\/www.instagram.com\/thebottleshop_vietnam\/\"]}]}<\/script>\n<!-- \/ Yoast SEO plugin. -->","yoast_head_json":{"title":"Belgo Cherry - The Bottle Shop","description":"Belgo Cherry Beer. L\u00e0 s\u1ef1 k\u00ea\u0301t h\u01a1\u0323p \u0111\u1ea1\u0306c bi\u1eb9\u0302t gi\u01b0\u0303a lu\u0301a ma\u0323ch nha, hoa bia c\u00f9ng tr\u00e1i cherry c\u00f3 m\u00f9i h\u01b0\u01a1ng quy\u1ebfn r\u0169. T\u1ea5t c\u1ea3 h\u00f2a quy\u1ec7n t\u1ea1o n\u00ean m\u1ed9t v\u1ecb bia ngon kh\u00f3 c\u01b0\u1ee1ng. U\u1ed1ng l\u1ea1nh ho\u1eb7c k\u00e8m v\u1edbi \u0111\u00e1! Ng\u1ecdt d\u1ecbu, Tr\u00e1i c\u00e2y, Chua d\u1ecbu 3.5%","robots":{"index":"index","follow":"follow","max-snippet":"max-snippet:-1","max-image-preview":"max-image-preview:large","max-video-preview":"max-video-preview:-1"},"canonical":"http:\/\/52.77.24.187\/vi\/san-pham\/belgo-cherry\/","og_locale":"vi_VN","og_type":"article","og_title":"Belgo Cherry - The Bottle Shop","og_description":"Belgo Cherry Beer. L\u00e0 s\u1ef1 k\u00ea\u0301t h\u01a1\u0323p \u0111\u1ea1\u0306c bi\u1eb9\u0302t gi\u01b0\u0303a lu\u0301a ma\u0323ch nha, hoa bia c\u00f9ng tr\u00e1i cherry c\u00f3 m\u00f9i h\u01b0\u01a1ng quy\u1ebfn r\u0169. T\u1ea5t c\u1ea3 h\u00f2a quy\u1ec7n t\u1ea1o n\u00ean m\u1ed9t v\u1ecb bia ngon kh\u00f3 c\u01b0\u1ee1ng. U\u1ed1ng l\u1ea1nh ho\u1eb7c k\u00e8m v\u1edbi \u0111\u00e1! Ng\u1ecdt d\u1ecbu, Tr\u00e1i c\u00e2y, Chua d\u1ecbu 3.5%","og_url":"http:\/\/52.77.24.187\/vi\/san-pham\/belgo-cherry\/","og_site_name":"The Bottle Shop","article_publisher":"https:\/\/www.facebook.com\/thebottleshopvietnam","article_modified_time":"2026-04-02T10:30:34+00:00","og_image":[{"width":1080,"height":1080,"url":"https:\/\/mlsrfcxkkbzg.i.optimole.com\/cb:JbP2.215d7\/w:auto\/h:auto\/q:mauto\/ig:avif\/http:\/\/52.77.24.187\/wp-content\/uploads\/2021\/12\/Belgo-Cherry.png","type":"image\/png"}],"twitter_card":"summary_large_image","twitter_misc":{"Est. reading time":"1 minute"},"schema":{"@context":"https:\/\/schema.org","@graph":[{"@type":"WebPage","@id":"http:\/\/52.77.24.187\/vi\/san-pham\/belgo-cherry\/","url":"http:\/\/52.77.24.187\/vi\/san-pham\/belgo-cherry\/","name":"Belgo Cherry - The Bottle Shop","isPartOf":{"@id":"http:\/\/52.77.24.187\/#website"},"primaryImageOfPage":{"@id":"http:\/\/52.77.24.187\/vi\/san-pham\/belgo-cherry\/#primaryimage"},"image":{"@id":"http:\/\/52.77.24.187\/vi\/san-pham\/belgo-cherry\/#primaryimage"},"thumbnailUrl":"https:\/\/mlsrfcxkkbzg.i.optimole.com\/cb:JbP2.215d7\/w:auto\/h:auto\/q:mauto\/ig:avif\/https:\/\/thebottleshop.vn\/wp-content\/uploads\/2021\/12\/Belgo-Cherry.png","datePublished":"2021-12-02T03:42:32+00:00","dateModified":"2026-04-02T10:30:34+00:00","description":"Belgo Cherry Beer. L\u00e0 s\u1ef1 k\u00ea\u0301t h\u01a1\u0323p \u0111\u1ea1\u0306c bi\u1eb9\u0302t gi\u01b0\u0303a lu\u0301a ma\u0323ch nha, hoa bia c\u00f9ng tr\u00e1i cherry c\u00f3 m\u00f9i h\u01b0\u01a1ng quy\u1ebfn r\u0169. T\u1ea5t c\u1ea3 h\u00f2a quy\u1ec7n t\u1ea1o n\u00ean m\u1ed9t v\u1ecb bia ngon kh\u00f3 c\u01b0\u1ee1ng. U\u1ed1ng l\u1ea1nh ho\u1eb7c k\u00e8m v\u1edbi \u0111\u00e1! Ng\u1ecdt d\u1ecbu, Tr\u00e1i c\u00e2y, Chua d\u1ecbu 3.5%","breadcrumb":{"@id":"http:\/\/52.77.24.187\/vi\/san-pham\/belgo-cherry\/#breadcrumb"},"inLanguage":"vi-VN","potentialAction":[{"@type":"ReadAction","target":["http:\/\/52.77.24.187\/vi\/san-pham\/belgo-cherry\/"]}]},{"@type":"ImageObject","inLanguage":"vi-VN","@id":"http:\/\/52.77.24.187\/vi\/san-pham\/belgo-cherry\/#primaryimage","url":"https:\/\/mlsrfcxkkbzg.i.optimole.com\/cb:JbP2.215d7\/w:auto\/h:auto\/q:mauto\/ig:avif\/https:\/\/thebottleshop.vn\/wp-content\/uploads\/2021\/12\/Belgo-Cherry.png","contentUrl":"https:\/\/mlsrfcxkkbzg.i.optimole.com\/cb:JbP2.215d7\/w:auto\/h:auto\/q:mauto\/ig:avif\/https:\/\/thebottleshop.vn\/wp-content\/uploads\/2021\/12\/Belgo-Cherry.png","width":1080,"height":1080,"caption":"Belgo Cherry"},{"@type":"BreadcrumbList","@id":"http:\/\/52.77.24.187\/vi\/san-pham\/belgo-cherry\/#breadcrumb","itemListElement":[{"@type":"ListItem","position":1,"name":"Home","item":"http:\/\/52.77.24.187\/vi\/test-popup-vi\/"},{"@type":"ListItem","position":2,"name":"C\u1eeda h\u00e0ng","item":"http:\/\/52.77.24.187\/vi\/cua-hang\/"},{"@type":"ListItem","position":3,"name":"Belgo Cherry"}]},{"@type":"WebSite","@id":"http:\/\/52.77.24.187\/#website","url":"http:\/\/52.77.24.187\/","name":"The Bottle Shop","description":"All beers are not created equal","publisher":{"@id":"http:\/\/52.77.24.187\/#organization"},"potentialAction":[{"@type":"SearchAction","target":{"@type":"EntryPoint","urlTemplate":"http:\/\/52.77.24.187\/?s={search_term_string}"},"query-input":{"@type":"PropertyValueSpecification","valueRequired":true,"valueName":"search_term_string"}}],"inLanguage":"vi-VN"},{"@type":"Organization","@id":"http:\/\/52.77.24.187\/#organization","name":"The Bottle Shop","url":"http:\/\/52.77.24.187\/","logo":{"@type":"ImageObject","inLanguage":"vi-VN","@id":"http:\/\/52.77.24.187\/#\/schema\/logo\/image\/","url":"https:\/\/mlsrfcxkkbzg.i.optimole.com\/cb:JbP2.215d7\/w:auto\/h:auto\/q:mauto\/ig:avif\/https:\/\/thebottleshop.vn\/wp-content\/uploads\/2022\/10\/The-Bottle-Shop-Online-Logo.png","contentUrl":"https:\/\/mlsrfcxkkbzg.i.optimole.com\/cb:JbP2.215d7\/w:auto\/h:auto\/q:mauto\/ig:avif\/https:\/\/thebottleshop.vn\/wp-content\/uploads\/2022\/10\/The-Bottle-Shop-Online-Logo.png","width":145,"height":147,"caption":"The Bottle Shop"},"image":{"@id":"http:\/\/52.77.24.187\/#\/schema\/logo\/image\/"},"sameAs":["https:\/\/www.facebook.com\/thebottleshopvietnam","https:\/\/www.instagram.com\/thebottleshop_vietnam\/"]}]}},"_links":{"self":[{"href":"https:\/\/thebottleshop.vn\/vi\/wp-json\/wp\/v2\/product\/13088","targetHints":{"allow":["GET"]}}],"collection":[{"href":"https:\/\/thebottleshop.vn\/vi\/wp-json\/wp\/v2\/product"}],"about":[{"href":"https:\/\/thebottleshop.vn\/vi\/wp-json\/wp\/v2\/types\/product"}],"replies":[{"embeddable":true,"href":"https:\/\/thebottleshop.vn\/vi\/wp-json\/wp\/v2\/comments?post=13088"}],"wp:featuredmedia":[{"embeddable":true,"href":"https:\/\/thebottleshop.vn\/vi\/wp-json\/wp\/v2\/media\/11677"}],"wp:attachment":[{"href":"https:\/\/thebottleshop.vn\/vi\/wp-json\/wp\/v2\/media?parent=13088"}],"wp:term":[{"taxonomy":"product_brand","embeddable":true,"href":"https:\/\/thebottleshop.vn\/vi\/wp-json\/wp\/v2\/product_brand?post=13088"},{"taxonomy":"product_cat","embeddable":true,"href":"https:\/\/thebottleshop.vn\/vi\/wp-json\/wp\/v2\/product_cat?post=13088"},{"taxonomy":"product_tag","embeddable":true,"href":"https:\/\/thebottleshop.vn\/vi\/wp-json\/wp\/v2\/product_tag?post=13088"}],"curies":[{"name":"wp","href":"https:\/\/api.w.org\/{rel}","templated":true}]}}