{"id":13091,"date":"2021-12-02T11:08:46","date_gmt":"2022-02-18T00:15:40","guid":{"rendered":"https:\/\/thebottleshop.vn\/product\/belgo-wit\/"},"modified":"2025-06-05T10:19:40","modified_gmt":"2025-06-05T03:19:40","slug":"belgo-wit","status":"publish","type":"product","link":"https:\/\/thebottleshop.vn\/vi\/san-pham\/belgo-wit\/","title":{"rendered":"Belgo Wit"},"content":{"rendered":"<p>Belgo Wit. Bia tr\u1eafng B\u1ec9 \u0111\u01b0\u1ee3c n\u1ea5u v\u1edbi qu\u1ea3 qu\u1ea5t, chanh Ba T\u01b0, th\u00ec l\u00e0 Ai C\u1eadp v\u00e0 s\u1ef1 l\u1ef1a ch\u1ecdn k\u0129 l\u01b0\u1ee1ng c\u1ee7a l\u00faa m\u1ea1ch nha v\u00e0 hoa bia \u0111\u1ec3 t\u1ea1o n\u00ean s\u1ef1 c\u00e2n b\u1eb1ng gi\u1eefa v\u1ecb tr\u00e1i c\u00e2y v\u00e0 v\u1ecb ch\u00e1t. \u0110\u00e2y l\u00e0 d\u00f2ng bia ho\u00e0n h\u1ea3o \u0111\u1ec3 gi\u1ea3i kh\u00e1t v\u00e0o nh\u1eefng ng\u00e0y oi b\u1ee9c. <\/p>\n<p>\u2014\u2013<br \/>\n Xem h\u00ecnh \u1ea3nh \u0111\u1ec3 bi\u1ebft \u0111\u1ea7y \u0111\u1ee7 th\u00f4ng tin chi ti\u1ebft v\u1ec1 ngu\u1ed3n g\u1ed1c, th\u00e0nh ph\u1ea7n v\u00e0 y\u00eau c\u1ea7u b\u1ea3o qu\u1ea3n c\u1ee7a s\u1ea3n ph\u1ea9m n\u00e0y.<\/p>\n","protected":false},"excerpt":{"rendered":"<p><strong>S\u1ea3ng kho\u00e1i, Nh\u1eb9 nh\u00e0ng, Ch\u00e1t nh\u1eb9 4.7%<\/strong><\/p>\n","protected":false},"featured_media":11685,"comment_status":"open","ping_status":"closed","template":"","meta":{"_acf_changed":false},"product_brand":[],"product_cat":[378,347,337,340,354,362,441,351,342,366,345,377,339,341,352,413,512],"product_tag":[],"class_list":{"0":"post-13091","1":"product","2":"type-product","3":"status-publish","4":"has-post-thumbnail","6":"product_cat-00-19","7":"product_cat-4-5-9","8":"product_cat-bia-va-cider","9":"product_cat-vietnam-hcmc","10":"product_cat-75k-99k","11":"product_cat-bia-kieu-bi","12":"product_cat-belgo-craft-beer","13":"product_cat-dong-bia","14":"product_cat-chai-330-ml","15":"product_cat-nha-san-xuat","16":"product_cat-abv-vi","17":"product_cat-ibu","18":"product_cat-xuat-xu","19":"product_cat-dong-goi","20":"product_cat-gia","21":"product_cat-witiber","22":"product_cat-thung-24-chai","23":"pa_pack_type-bottle-330ml-vi","24":"pa_pack_type-thung-24","26":"first","27":"instock","28":"sale","29":"shipping-taxable","30":"purchasable","31":"product-type-variable","32":"has-default-attributes","33":"add-to-wishlist-before_image"},"acf":[],"yoast_head":"<!-- This site is optimized with the Yoast SEO plugin v27.5 - https:\/\/yoast.com\/product\/yoast-seo-wordpress\/ -->\n<title>Belgo Wit - The Bottle Shop<\/title>\n<meta name=\"description\" content=\"Belgo Wit. \u0110\u01b0\u1ee3c \u1ee7 v\u1edbi qu\u1ea5t, chanh Ba T\u01b0, th\u00eca l\u00e0 Ai C\u1eadp v\u00e0 l\u1ef1a ch\u1ecdn c\u1ea9n th\u1eadn c\u00e1c lo\u1ea1i hoa bia v\u00e0 m\u1ea1ch nha, lo\u1ea1i bia n\u00e0y c\u00f3 s\u1ef1 c\u00e2n b\u1eb1ng ho\u00e0n h\u1ea3o v\u00e0 \u0111\u1eb7c t\u00ednh \u0111\u1ed9c \u0111\u00e1o.\" \/>\n<meta name=\"robots\" content=\"index, follow, max-snippet:-1, max-image-preview:large, max-video-preview:-1\" \/>\n<link rel=\"canonical\" href=\"http:\/\/52.77.24.187\/vi\/san-pham\/belgo-wit\/\" \/>\n<meta property=\"og:locale\" content=\"vi_VN\" \/>\n<meta property=\"og:type\" content=\"article\" \/>\n<meta property=\"og:title\" content=\"Belgo Wit - The Bottle Shop\" \/>\n<meta property=\"og:description\" content=\"Belgo Wit. \u0110\u01b0\u1ee3c \u1ee7 v\u1edbi qu\u1ea5t, chanh Ba T\u01b0, th\u00eca l\u00e0 Ai C\u1eadp v\u00e0 l\u1ef1a ch\u1ecdn c\u1ea9n th\u1eadn c\u00e1c lo\u1ea1i hoa bia v\u00e0 m\u1ea1ch nha, lo\u1ea1i bia n\u00e0y c\u00f3 s\u1ef1 c\u00e2n b\u1eb1ng ho\u00e0n h\u1ea3o v\u00e0 \u0111\u1eb7c t\u00ednh \u0111\u1ed9c \u0111\u00e1o.\" \/>\n<meta property=\"og:url\" content=\"http:\/\/52.77.24.187\/vi\/san-pham\/belgo-wit\/\" \/>\n<meta property=\"og:site_name\" content=\"The Bottle Shop\" \/>\n<meta property=\"article:publisher\" content=\"https:\/\/www.facebook.com\/thebottleshopvietnam\" \/>\n<meta property=\"article:modified_time\" content=\"2025-06-05T03:19:40+00:00\" \/>\n<meta property=\"og:image\" content=\"https:\/\/mlsrfcxkkbzg.i.optimole.com\/cb:JbP2.215d7\/w:auto\/h:auto\/q:mauto\/ig:avif\/http:\/\/52.77.24.187\/wp-content\/uploads\/2021\/12\/Belgo-Wit.png\" \/>\n\t<meta property=\"og:image:width\" content=\"1080\" \/>\n\t<meta property=\"og:image:height\" content=\"1080\" \/>\n\t<meta property=\"og:image:type\" content=\"image\/png\" \/>\n<meta name=\"twitter:card\" content=\"summary_large_image\" \/>\n<meta name=\"twitter:label1\" content=\"Est. reading time\" \/>\n\t<meta name=\"twitter:data1\" content=\"1 minute\" \/>\n<script type=\"application\/ld+json\" class=\"yoast-schema-graph\">{\"@context\":\"https:\\\/\\\/schema.org\",\"@graph\":[{\"@type\":\"WebPage\",\"@id\":\"http:\\\/\\\/52.77.24.187\\\/vi\\\/san-pham\\\/belgo-wit\\\/\",\"url\":\"http:\\\/\\\/52.77.24.187\\\/vi\\\/san-pham\\\/belgo-wit\\\/\",\"name\":\"Belgo Wit - The Bottle Shop\",\"isPartOf\":{\"@id\":\"http:\\\/\\\/52.77.24.187\\\/#website\"},\"primaryImageOfPage\":{\"@id\":\"http:\\\/\\\/52.77.24.187\\\/vi\\\/san-pham\\\/belgo-wit\\\/#primaryimage\"},\"image\":{\"@id\":\"http:\\\/\\\/52.77.24.187\\\/vi\\\/san-pham\\\/belgo-wit\\\/#primaryimage\"},\"thumbnailUrl\":\"https:\\/\\/thebottleshop.vn\\/wp-content\\/uploads\\/2021\\/12\\/Belgo-Wit.png\",\"datePublished\":\"2022-02-18T00:15:40+00:00\",\"dateModified\":\"2025-06-05T03:19:40+00:00\",\"description\":\"Belgo Wit. \u0110\u01b0\u1ee3c \u1ee7 v\u1edbi qu\u1ea5t, chanh Ba T\u01b0, th\u00eca l\u00e0 Ai C\u1eadp v\u00e0 l\u1ef1a ch\u1ecdn c\u1ea9n th\u1eadn c\u00e1c lo\u1ea1i hoa bia v\u00e0 m\u1ea1ch nha, lo\u1ea1i bia n\u00e0y c\u00f3 s\u1ef1 c\u00e2n b\u1eb1ng ho\u00e0n h\u1ea3o v\u00e0 \u0111\u1eb7c t\u00ednh \u0111\u1ed9c \u0111\u00e1o.\",\"breadcrumb\":{\"@id\":\"http:\\\/\\\/52.77.24.187\\\/vi\\\/san-pham\\\/belgo-wit\\\/#breadcrumb\"},\"inLanguage\":\"vi-VN\",\"potentialAction\":[{\"@type\":\"ReadAction\",\"target\":[\"http:\\\/\\\/52.77.24.187\\\/vi\\\/san-pham\\\/belgo-wit\\\/\"]}]},{\"@type\":\"ImageObject\",\"inLanguage\":\"vi-VN\",\"@id\":\"http:\\\/\\\/52.77.24.187\\\/vi\\\/san-pham\\\/belgo-wit\\\/#primaryimage\",\"url\":\"https:\\/\\/thebottleshop.vn\\/wp-content\\/uploads\\/2021\\/12\\/Belgo-Wit.png\",\"contentUrl\":\"https:\\/\\/thebottleshop.vn\\/wp-content\\/uploads\\/2021\\/12\\/Belgo-Wit.png\",\"width\":1080,\"height\":1080,\"caption\":\"Belgo Wit\"},{\"@type\":\"BreadcrumbList\",\"@id\":\"http:\\\/\\\/52.77.24.187\\\/vi\\\/san-pham\\\/belgo-wit\\\/#breadcrumb\",\"itemListElement\":[{\"@type\":\"ListItem\",\"position\":1,\"name\":\"Home\",\"item\":\"http:\\\/\\\/52.77.24.187\\\/vi\\\/test-popup-vi\\\/\"},{\"@type\":\"ListItem\",\"position\":2,\"name\":\"C\u1eeda h\u00e0ng\",\"item\":\"http:\\\/\\\/52.77.24.187\\\/vi\\\/cua-hang\\\/\"},{\"@type\":\"ListItem\",\"position\":3,\"name\":\"Belgo Wit\"}]},{\"@type\":\"WebSite\",\"@id\":\"http:\\\/\\\/52.77.24.187\\\/#website\",\"url\":\"http:\\\/\\\/52.77.24.187\\\/\",\"name\":\"The Bottle Shop\",\"description\":\"All beers are not created equal\",\"publisher\":{\"@id\":\"http:\\\/\\\/52.77.24.187\\\/#organization\"},\"potentialAction\":[{\"@type\":\"SearchAction\",\"target\":{\"@type\":\"EntryPoint\",\"urlTemplate\":\"http:\\\/\\\/52.77.24.187\\\/?s={search_term_string}\"},\"query-input\":{\"@type\":\"PropertyValueSpecification\",\"valueRequired\":true,\"valueName\":\"search_term_string\"}}],\"inLanguage\":\"vi-VN\"},{\"@type\":\"Organization\",\"@id\":\"http:\\\/\\\/52.77.24.187\\\/#organization\",\"name\":\"The Bottle Shop\",\"url\":\"http:\\\/\\\/52.77.24.187\\\/\",\"logo\":{\"@type\":\"ImageObject\",\"inLanguage\":\"vi-VN\",\"@id\":\"http:\\\/\\\/52.77.24.187\\\/#\\\/schema\\\/logo\\\/image\\\/\",\"url\":\"https:\\/\\/thebottleshop.vn\\/wp-content\\/uploads\\/2022\\/10\\/The-Bottle-Shop-Online-Logo.png\",\"contentUrl\":\"https:\\/\\/thebottleshop.vn\\/wp-content\\/uploads\\/2022\\/10\\/The-Bottle-Shop-Online-Logo.png\",\"width\":145,\"height\":147,\"caption\":\"The Bottle Shop\"},\"image\":{\"@id\":\"http:\\\/\\\/52.77.24.187\\\/#\\\/schema\\\/logo\\\/image\\\/\"},\"sameAs\":[\"https:\\\/\\\/www.facebook.com\\\/thebottleshopvietnam\",\"https:\\\/\\\/www.instagram.com\\\/thebottleshop_vietnam\\\/\"]}]}<\/script>\n<!-- \/ Yoast SEO plugin. -->","yoast_head_json":{"title":"Belgo Wit - The Bottle Shop","description":"Belgo Wit. \u0110\u01b0\u1ee3c \u1ee7 v\u1edbi qu\u1ea5t, chanh Ba T\u01b0, th\u00eca l\u00e0 Ai C\u1eadp v\u00e0 l\u1ef1a ch\u1ecdn c\u1ea9n th\u1eadn c\u00e1c lo\u1ea1i hoa bia v\u00e0 m\u1ea1ch nha, lo\u1ea1i bia n\u00e0y c\u00f3 s\u1ef1 c\u00e2n b\u1eb1ng ho\u00e0n h\u1ea3o v\u00e0 \u0111\u1eb7c t\u00ednh \u0111\u1ed9c \u0111\u00e1o.","robots":{"index":"index","follow":"follow","max-snippet":"max-snippet:-1","max-image-preview":"max-image-preview:large","max-video-preview":"max-video-preview:-1"},"canonical":"http:\/\/52.77.24.187\/vi\/san-pham\/belgo-wit\/","og_locale":"vi_VN","og_type":"article","og_title":"Belgo Wit - The Bottle Shop","og_description":"Belgo Wit. \u0110\u01b0\u1ee3c \u1ee7 v\u1edbi qu\u1ea5t, chanh Ba T\u01b0, th\u00eca l\u00e0 Ai C\u1eadp v\u00e0 l\u1ef1a ch\u1ecdn c\u1ea9n th\u1eadn c\u00e1c lo\u1ea1i hoa bia v\u00e0 m\u1ea1ch nha, lo\u1ea1i bia n\u00e0y c\u00f3 s\u1ef1 c\u00e2n b\u1eb1ng ho\u00e0n h\u1ea3o v\u00e0 \u0111\u1eb7c t\u00ednh \u0111\u1ed9c \u0111\u00e1o.","og_url":"http:\/\/52.77.24.187\/vi\/san-pham\/belgo-wit\/","og_site_name":"The Bottle Shop","article_publisher":"https:\/\/www.facebook.com\/thebottleshopvietnam","article_modified_time":"2025-06-05T03:19:40+00:00","og_image":[{"width":1080,"height":1080,"url":"https:\/\/mlsrfcxkkbzg.i.optimole.com\/cb:JbP2.215d7\/w:auto\/h:auto\/q:mauto\/ig:avif\/http:\/\/52.77.24.187\/wp-content\/uploads\/2021\/12\/Belgo-Wit.png","type":"image\/png"}],"twitter_card":"summary_large_image","twitter_misc":{"Est. reading time":"1 minute"},"schema":{"@context":"https:\/\/schema.org","@graph":[{"@type":"WebPage","@id":"http:\/\/52.77.24.187\/vi\/san-pham\/belgo-wit\/","url":"http:\/\/52.77.24.187\/vi\/san-pham\/belgo-wit\/","name":"Belgo Wit - The Bottle Shop","isPartOf":{"@id":"http:\/\/52.77.24.187\/#website"},"primaryImageOfPage":{"@id":"http:\/\/52.77.24.187\/vi\/san-pham\/belgo-wit\/#primaryimage"},"image":{"@id":"http:\/\/52.77.24.187\/vi\/san-pham\/belgo-wit\/#primaryimage"},"thumbnailUrl":"https:\/\/mlsrfcxkkbzg.i.optimole.com\/cb:JbP2.215d7\/w:auto\/h:auto\/q:mauto\/ig:avif\/https:\/\/thebottleshop.vn\/wp-content\/uploads\/2021\/12\/Belgo-Wit.png","datePublished":"2022-02-18T00:15:40+00:00","dateModified":"2025-06-05T03:19:40+00:00","description":"Belgo Wit. \u0110\u01b0\u1ee3c \u1ee7 v\u1edbi qu\u1ea5t, chanh Ba T\u01b0, th\u00eca l\u00e0 Ai C\u1eadp v\u00e0 l\u1ef1a ch\u1ecdn c\u1ea9n th\u1eadn c\u00e1c lo\u1ea1i hoa bia v\u00e0 m\u1ea1ch nha, lo\u1ea1i bia n\u00e0y c\u00f3 s\u1ef1 c\u00e2n b\u1eb1ng ho\u00e0n h\u1ea3o v\u00e0 \u0111\u1eb7c t\u00ednh \u0111\u1ed9c \u0111\u00e1o.","breadcrumb":{"@id":"http:\/\/52.77.24.187\/vi\/san-pham\/belgo-wit\/#breadcrumb"},"inLanguage":"vi-VN","potentialAction":[{"@type":"ReadAction","target":["http:\/\/52.77.24.187\/vi\/san-pham\/belgo-wit\/"]}]},{"@type":"ImageObject","inLanguage":"vi-VN","@id":"http:\/\/52.77.24.187\/vi\/san-pham\/belgo-wit\/#primaryimage","url":"https:\/\/mlsrfcxkkbzg.i.optimole.com\/cb:JbP2.215d7\/w:auto\/h:auto\/q:mauto\/ig:avif\/https:\/\/thebottleshop.vn\/wp-content\/uploads\/2021\/12\/Belgo-Wit.png","contentUrl":"https:\/\/mlsrfcxkkbzg.i.optimole.com\/cb:JbP2.215d7\/w:auto\/h:auto\/q:mauto\/ig:avif\/https:\/\/thebottleshop.vn\/wp-content\/uploads\/2021\/12\/Belgo-Wit.png","width":1080,"height":1080,"caption":"Belgo Wit"},{"@type":"BreadcrumbList","@id":"http:\/\/52.77.24.187\/vi\/san-pham\/belgo-wit\/#breadcrumb","itemListElement":[{"@type":"ListItem","position":1,"name":"Home","item":"http:\/\/52.77.24.187\/vi\/test-popup-vi\/"},{"@type":"ListItem","position":2,"name":"C\u1eeda h\u00e0ng","item":"http:\/\/52.77.24.187\/vi\/cua-hang\/"},{"@type":"ListItem","position":3,"name":"Belgo Wit"}]},{"@type":"WebSite","@id":"http:\/\/52.77.24.187\/#website","url":"http:\/\/52.77.24.187\/","name":"The Bottle Shop","description":"All beers are not created equal","publisher":{"@id":"http:\/\/52.77.24.187\/#organization"},"potentialAction":[{"@type":"SearchAction","target":{"@type":"EntryPoint","urlTemplate":"http:\/\/52.77.24.187\/?s={search_term_string}"},"query-input":{"@type":"PropertyValueSpecification","valueRequired":true,"valueName":"search_term_string"}}],"inLanguage":"vi-VN"},{"@type":"Organization","@id":"http:\/\/52.77.24.187\/#organization","name":"The Bottle Shop","url":"http:\/\/52.77.24.187\/","logo":{"@type":"ImageObject","inLanguage":"vi-VN","@id":"http:\/\/52.77.24.187\/#\/schema\/logo\/image\/","url":"https:\/\/mlsrfcxkkbzg.i.optimole.com\/cb:JbP2.215d7\/w:auto\/h:auto\/q:mauto\/ig:avif\/https:\/\/thebottleshop.vn\/wp-content\/uploads\/2022\/10\/The-Bottle-Shop-Online-Logo.png","contentUrl":"https:\/\/mlsrfcxkkbzg.i.optimole.com\/cb:JbP2.215d7\/w:auto\/h:auto\/q:mauto\/ig:avif\/https:\/\/thebottleshop.vn\/wp-content\/uploads\/2022\/10\/The-Bottle-Shop-Online-Logo.png","width":145,"height":147,"caption":"The Bottle Shop"},"image":{"@id":"http:\/\/52.77.24.187\/#\/schema\/logo\/image\/"},"sameAs":["https:\/\/www.facebook.com\/thebottleshopvietnam","https:\/\/www.instagram.com\/thebottleshop_vietnam\/"]}]}},"_links":{"self":[{"href":"https:\/\/thebottleshop.vn\/vi\/wp-json\/wp\/v2\/product\/13091","targetHints":{"allow":["GET"]}}],"collection":[{"href":"https:\/\/thebottleshop.vn\/vi\/wp-json\/wp\/v2\/product"}],"about":[{"href":"https:\/\/thebottleshop.vn\/vi\/wp-json\/wp\/v2\/types\/product"}],"replies":[{"embeddable":true,"href":"https:\/\/thebottleshop.vn\/vi\/wp-json\/wp\/v2\/comments?post=13091"}],"wp:featuredmedia":[{"embeddable":true,"href":"https:\/\/thebottleshop.vn\/vi\/wp-json\/wp\/v2\/media\/11685"}],"wp:attachment":[{"href":"https:\/\/thebottleshop.vn\/vi\/wp-json\/wp\/v2\/media?parent=13091"}],"wp:term":[{"taxonomy":"product_brand","embeddable":true,"href":"https:\/\/thebottleshop.vn\/vi\/wp-json\/wp\/v2\/product_brand?post=13091"},{"taxonomy":"product_cat","embeddable":true,"href":"https:\/\/thebottleshop.vn\/vi\/wp-json\/wp\/v2\/product_cat?post=13091"},{"taxonomy":"product_tag","embeddable":true,"href":"https:\/\/thebottleshop.vn\/vi\/wp-json\/wp\/v2\/product_tag?post=13091"}],"curies":[{"name":"wp","href":"https:\/\/api.w.org\/{rel}","templated":true}]}}