{"id":13092,"date":"2021-12-02T11:12:02","date_gmt":"2022-02-18T00:17:37","guid":{"rendered":"https:\/\/thebottleshop.vn\/product\/belgo-full-moon-dark-ale\/"},"modified":"2025-06-05T11:22:14","modified_gmt":"2025-06-05T04:22:14","slug":"belgo-full-moon","status":"publish","type":"product","link":"https:\/\/thebottleshop.vn\/vi\/san-pham\/belgo-full-moon\/","title":{"rendered":"Belgo Full Moon Dark Ale"},"content":{"rendered":"<p>Bia Belgo Full Moon Dark Ale \u0111\u01b0\u1ee3c l\u00e0m t\u1eeb 8 lo\u1ea1i gia v\u1ecb mang \u0111\u1ebfn h\u01b0\u01a1ng v\u1ecb th\u1ea3o m\u1ed9c, ph\u00f9 h\u1ee3p v\u1edbi h\u01b0\u01a1ng th\u01a1m v\u00e0 lan t\u1ecfa m\u1ea1nh m\u1ebd qua v\u00f2m mi\u1ec7ng, ti\u1ebfp theo l\u00e0 c\u1ea3m gi\u00e1c ng\u1ecdt ng\u00e0o k\u00e9o d\u00e0i v\u00e0 \u0111\u01b0\u1ee3c t\u0103ng c\u01b0\u1eddng b\u1edfi h\u01b0\u01a1ng v\u1ecb b\u00e1nh quy nh\u1eb9. K\u1ebft th\u00fac \u1ea5m \u00e1p, l\u01b0u l\u1ea1i m\u1ed9t c\u00e1ch tinh t\u1ebf. C\u00e2n b\u1eb1ng t\u1ed1t trong khi ph\u1ee9c t\u1ea1p, lo\u1ea1i bia \u0111\u1ed9c \u0111\u00e1o v\u00e0 b\u00ed \u1ea9n n\u00e0y \u0111\u01b0\u1ee3c \u1ee7 ri\u00eang v\u00e0o ban \u0111\u00eam, khi tr\u0103ng tr\u00f2n.  <\/p>\n<p>&#8212;&#8211;<br \/>\n Xem h\u00ecnh \u1ea3nh \u0111\u1ec3 bi\u1ebft \u0111\u1ea7y \u0111\u1ee7 th\u00f4ng tin chi ti\u1ebft v\u1ec1 ngu\u1ed3n g\u1ed1c, th\u00e0nh ph\u1ea7n v\u00e0 y\u00eau c\u1ea7u b\u1ea3o qu\u1ea3n c\u1ee7a s\u1ea3n ph\u1ea9m n\u00e0y.<\/p>\n","protected":false},"excerpt":{"rendered":"<p><strong>Quy\u1ebfn r\u0169, Th\u1ea3o m\u1ed9c, \u1ea4m \u00e1p 10%<\/strong><\/p>\n","protected":false},"featured_media":11679,"comment_status":"open","ping_status":"closed","template":"","meta":{"_acf_changed":false},"product_brand":[],"product_cat":[337,379,340,423,349,362,441,342,351,366,345,377,339,341,352,512],"product_tag":[],"class_list":{"0":"post-13092","1":"product","2":"type-product","3":"status-publish","4":"has-post-thumbnail","6":"product_cat-bia-va-cider","7":"product_cat-20-39","8":"product_cat-vietnam-hcmc","9":"product_cat-100k-149k","10":"product_cat-1-0-2-5","11":"product_cat-bia-kieu-bi","12":"product_cat-belgo-craft-beer","13":"product_cat-chai-330-ml","14":"product_cat-dong-bia","15":"product_cat-nha-san-xuat","16":"product_cat-abv-vi","17":"product_cat-ibu","18":"product_cat-xuat-xu","19":"product_cat-dong-goi","20":"product_cat-gia","21":"product_cat-thung-24-chai","22":"pa_pack_type-bottle-330ml-vi","23":"pa_pack_type-thung-24","25":"first","26":"instock","27":"sale","28":"shipping-taxable","29":"purchasable","30":"product-type-variable","31":"has-default-attributes","32":"add-to-wishlist-before_image"},"acf":[],"yoast_head":"<!-- This site is optimized with the Yoast SEO plugin v27.2 - https:\/\/yoast.com\/product\/yoast-seo-wordpress\/ -->\n<title>Belgo Full Moon Dark Ale - The Bottle Shop<\/title>\n<meta name=\"description\" content=\"Bia Belgo Full Moon Dark Ale \u0111\u01b0\u1ee3c l\u00e0m t\u1eeb 8 lo\u1ea1i gia v\u1ecb mang \u0111\u1ebfn h\u01b0\u01a1ng v\u1ecb th\u1ea3o m\u1ed9c, \u0111\u1ed3ng nh\u1ea5t v\u1edbi h\u01b0\u01a1ng th\u01a1m v\u00e0 lan t\u1ecfa m\u1ea1nh m\u1ebd kh\u1eafp v\u00f2m mi\u1ec7ng.\" \/>\n<meta name=\"robots\" content=\"index, follow, max-snippet:-1, max-image-preview:large, max-video-preview:-1\" \/>\n<link rel=\"canonical\" href=\"http:\/\/52.77.24.187\/vi\/san-pham\/belgo-full-moon\/\" \/>\n<meta property=\"og:locale\" content=\"vi_VN\" \/>\n<meta property=\"og:type\" content=\"article\" \/>\n<meta property=\"og:title\" content=\"Belgo Full Moon Dark Ale - The Bottle Shop\" \/>\n<meta property=\"og:description\" content=\"Bia Belgo Full Moon Dark Ale \u0111\u01b0\u1ee3c l\u00e0m t\u1eeb 8 lo\u1ea1i gia v\u1ecb mang \u0111\u1ebfn h\u01b0\u01a1ng v\u1ecb th\u1ea3o m\u1ed9c, \u0111\u1ed3ng nh\u1ea5t v\u1edbi h\u01b0\u01a1ng th\u01a1m v\u00e0 lan t\u1ecfa m\u1ea1nh m\u1ebd kh\u1eafp v\u00f2m mi\u1ec7ng.\" \/>\n<meta property=\"og:url\" content=\"http:\/\/52.77.24.187\/vi\/san-pham\/belgo-full-moon\/\" \/>\n<meta property=\"og:site_name\" content=\"The Bottle Shop\" \/>\n<meta property=\"article:publisher\" content=\"https:\/\/www.facebook.com\/thebottleshopvietnam\" \/>\n<meta property=\"article:modified_time\" content=\"2025-06-05T04:22:14+00:00\" \/>\n<meta property=\"og:image\" content=\"https:\/\/mlsrfcxkkbzg.i.optimole.com\/cb:JbP2.215d7\/w:auto\/h:auto\/q:mauto\/ig:avif\/http:\/\/52.77.24.187\/wp-content\/uploads\/2021\/12\/Belgo-Full-Moon.png\" \/>\n\t<meta property=\"og:image:width\" content=\"1080\" \/>\n\t<meta property=\"og:image:height\" content=\"1080\" \/>\n\t<meta property=\"og:image:type\" content=\"image\/png\" \/>\n<meta name=\"twitter:card\" content=\"summary_large_image\" \/>\n<meta name=\"twitter:label1\" content=\"Est. reading time\" \/>\n\t<meta name=\"twitter:data1\" content=\"1 minute\" \/>\n<script type=\"application\/ld+json\" class=\"yoast-schema-graph\">{\"@context\":\"https:\/\/schema.org\",\"@graph\":[{\"@type\":\"WebPage\",\"@id\":\"http:\/\/52.77.24.187\/vi\/san-pham\/belgo-full-moon\/\",\"url\":\"http:\/\/52.77.24.187\/vi\/san-pham\/belgo-full-moon\/\",\"name\":\"Belgo Full Moon Dark Ale - The Bottle Shop\",\"isPartOf\":{\"@id\":\"http:\/\/52.77.24.187\/#website\"},\"primaryImageOfPage\":{\"@id\":\"http:\/\/52.77.24.187\/vi\/san-pham\/belgo-full-moon\/#primaryimage\"},\"image\":{\"@id\":\"http:\/\/52.77.24.187\/vi\/san-pham\/belgo-full-moon\/#primaryimage\"},\"thumbnailUrl\":\"https:\/\/mlsrfcxkkbzg.i.optimole.com\/cb:JbP2.215d7\/w:auto\/h:auto\/q:mauto\/ig:avif\/https:\/\/thebottleshop.vn\/wp-content\/uploads\/2021\/12\/Belgo-Full-Moon.png\",\"datePublished\":\"2022-02-18T00:17:37+00:00\",\"dateModified\":\"2025-06-05T04:22:14+00:00\",\"description\":\"Bia Belgo Full Moon Dark Ale \u0111\u01b0\u1ee3c l\u00e0m t\u1eeb 8 lo\u1ea1i gia v\u1ecb mang \u0111\u1ebfn h\u01b0\u01a1ng v\u1ecb th\u1ea3o m\u1ed9c, \u0111\u1ed3ng nh\u1ea5t v\u1edbi h\u01b0\u01a1ng th\u01a1m v\u00e0 lan t\u1ecfa m\u1ea1nh m\u1ebd kh\u1eafp v\u00f2m mi\u1ec7ng.\",\"breadcrumb\":{\"@id\":\"http:\/\/52.77.24.187\/vi\/san-pham\/belgo-full-moon\/#breadcrumb\"},\"inLanguage\":\"vi-VN\",\"potentialAction\":[{\"@type\":\"ReadAction\",\"target\":[\"http:\/\/52.77.24.187\/vi\/san-pham\/belgo-full-moon\/\"]}]},{\"@type\":\"ImageObject\",\"inLanguage\":\"vi-VN\",\"@id\":\"http:\/\/52.77.24.187\/vi\/san-pham\/belgo-full-moon\/#primaryimage\",\"url\":\"https:\/\/mlsrfcxkkbzg.i.optimole.com\/cb:JbP2.215d7\/w:auto\/h:auto\/q:mauto\/ig:avif\/https:\/\/thebottleshop.vn\/wp-content\/uploads\/2021\/12\/Belgo-Full-Moon.png\",\"contentUrl\":\"https:\/\/mlsrfcxkkbzg.i.optimole.com\/cb:JbP2.215d7\/w:auto\/h:auto\/q:mauto\/ig:avif\/https:\/\/thebottleshop.vn\/wp-content\/uploads\/2021\/12\/Belgo-Full-Moon.png\",\"width\":1080,\"height\":1080,\"caption\":\"Belgo Full Moon\"},{\"@type\":\"BreadcrumbList\",\"@id\":\"http:\/\/52.77.24.187\/vi\/san-pham\/belgo-full-moon\/#breadcrumb\",\"itemListElement\":[{\"@type\":\"ListItem\",\"position\":1,\"name\":\"Home\",\"item\":\"http:\/\/52.77.24.187\/vi\/test-popup-vi\/\"},{\"@type\":\"ListItem\",\"position\":2,\"name\":\"C\u1eeda h\u00e0ng\",\"item\":\"http:\/\/52.77.24.187\/vi\/cua-hang\/\"},{\"@type\":\"ListItem\",\"position\":3,\"name\":\"Belgo Full Moon Dark Ale\"}]},{\"@type\":\"WebSite\",\"@id\":\"http:\/\/52.77.24.187\/#website\",\"url\":\"http:\/\/52.77.24.187\/\",\"name\":\"The Bottle Shop\",\"description\":\"All beers are not created equal\",\"publisher\":{\"@id\":\"http:\/\/52.77.24.187\/#organization\"},\"potentialAction\":[{\"@type\":\"SearchAction\",\"target\":{\"@type\":\"EntryPoint\",\"urlTemplate\":\"http:\/\/52.77.24.187\/?s={search_term_string}\"},\"query-input\":{\"@type\":\"PropertyValueSpecification\",\"valueRequired\":true,\"valueName\":\"search_term_string\"}}],\"inLanguage\":\"vi-VN\"},{\"@type\":\"Organization\",\"@id\":\"http:\/\/52.77.24.187\/#organization\",\"name\":\"The Bottle Shop\",\"url\":\"http:\/\/52.77.24.187\/\",\"logo\":{\"@type\":\"ImageObject\",\"inLanguage\":\"vi-VN\",\"@id\":\"http:\/\/52.77.24.187\/#\/schema\/logo\/image\/\",\"url\":\"https:\/\/mlsrfcxkkbzg.i.optimole.com\/cb:JbP2.215d7\/w:auto\/h:auto\/q:mauto\/ig:avif\/https:\/\/thebottleshop.vn\/wp-content\/uploads\/2022\/10\/The-Bottle-Shop-Online-Logo.png\",\"contentUrl\":\"https:\/\/mlsrfcxkkbzg.i.optimole.com\/cb:JbP2.215d7\/w:auto\/h:auto\/q:mauto\/ig:avif\/https:\/\/thebottleshop.vn\/wp-content\/uploads\/2022\/10\/The-Bottle-Shop-Online-Logo.png\",\"width\":145,\"height\":147,\"caption\":\"The Bottle Shop\"},\"image\":{\"@id\":\"http:\/\/52.77.24.187\/#\/schema\/logo\/image\/\"},\"sameAs\":[\"https:\/\/www.facebook.com\/thebottleshopvietnam\",\"https:\/\/www.instagram.com\/thebottleshop_vietnam\/\"]}]}<\/script>\n<!-- \/ Yoast SEO plugin. -->","yoast_head_json":{"title":"Belgo Full Moon Dark Ale - The Bottle Shop","description":"Bia Belgo Full Moon Dark Ale \u0111\u01b0\u1ee3c l\u00e0m t\u1eeb 8 lo\u1ea1i gia v\u1ecb mang \u0111\u1ebfn h\u01b0\u01a1ng v\u1ecb th\u1ea3o m\u1ed9c, \u0111\u1ed3ng nh\u1ea5t v\u1edbi h\u01b0\u01a1ng th\u01a1m v\u00e0 lan t\u1ecfa m\u1ea1nh m\u1ebd kh\u1eafp v\u00f2m mi\u1ec7ng.","robots":{"index":"index","follow":"follow","max-snippet":"max-snippet:-1","max-image-preview":"max-image-preview:large","max-video-preview":"max-video-preview:-1"},"canonical":"http:\/\/52.77.24.187\/vi\/san-pham\/belgo-full-moon\/","og_locale":"vi_VN","og_type":"article","og_title":"Belgo Full Moon Dark Ale - The Bottle Shop","og_description":"Bia Belgo Full Moon Dark Ale \u0111\u01b0\u1ee3c l\u00e0m t\u1eeb 8 lo\u1ea1i gia v\u1ecb mang \u0111\u1ebfn h\u01b0\u01a1ng v\u1ecb th\u1ea3o m\u1ed9c, \u0111\u1ed3ng nh\u1ea5t v\u1edbi h\u01b0\u01a1ng th\u01a1m v\u00e0 lan t\u1ecfa m\u1ea1nh m\u1ebd kh\u1eafp v\u00f2m mi\u1ec7ng.","og_url":"http:\/\/52.77.24.187\/vi\/san-pham\/belgo-full-moon\/","og_site_name":"The Bottle Shop","article_publisher":"https:\/\/www.facebook.com\/thebottleshopvietnam","article_modified_time":"2025-06-05T04:22:14+00:00","og_image":[{"width":1080,"height":1080,"url":"https:\/\/mlsrfcxkkbzg.i.optimole.com\/cb:JbP2.215d7\/w:auto\/h:auto\/q:mauto\/ig:avif\/http:\/\/52.77.24.187\/wp-content\/uploads\/2021\/12\/Belgo-Full-Moon.png","type":"image\/png"}],"twitter_card":"summary_large_image","twitter_misc":{"Est. reading time":"1 minute"},"schema":{"@context":"https:\/\/schema.org","@graph":[{"@type":"WebPage","@id":"http:\/\/52.77.24.187\/vi\/san-pham\/belgo-full-moon\/","url":"http:\/\/52.77.24.187\/vi\/san-pham\/belgo-full-moon\/","name":"Belgo Full Moon Dark Ale - The Bottle Shop","isPartOf":{"@id":"http:\/\/52.77.24.187\/#website"},"primaryImageOfPage":{"@id":"http:\/\/52.77.24.187\/vi\/san-pham\/belgo-full-moon\/#primaryimage"},"image":{"@id":"http:\/\/52.77.24.187\/vi\/san-pham\/belgo-full-moon\/#primaryimage"},"thumbnailUrl":"https:\/\/mlsrfcxkkbzg.i.optimole.com\/cb:JbP2.215d7\/w:auto\/h:auto\/q:mauto\/ig:avif\/https:\/\/thebottleshop.vn\/wp-content\/uploads\/2021\/12\/Belgo-Full-Moon.png","datePublished":"2022-02-18T00:17:37+00:00","dateModified":"2025-06-05T04:22:14+00:00","description":"Bia Belgo Full Moon Dark Ale \u0111\u01b0\u1ee3c l\u00e0m t\u1eeb 8 lo\u1ea1i gia v\u1ecb mang \u0111\u1ebfn h\u01b0\u01a1ng v\u1ecb th\u1ea3o m\u1ed9c, \u0111\u1ed3ng nh\u1ea5t v\u1edbi h\u01b0\u01a1ng th\u01a1m v\u00e0 lan t\u1ecfa m\u1ea1nh m\u1ebd kh\u1eafp v\u00f2m mi\u1ec7ng.","breadcrumb":{"@id":"http:\/\/52.77.24.187\/vi\/san-pham\/belgo-full-moon\/#breadcrumb"},"inLanguage":"vi-VN","potentialAction":[{"@type":"ReadAction","target":["http:\/\/52.77.24.187\/vi\/san-pham\/belgo-full-moon\/"]}]},{"@type":"ImageObject","inLanguage":"vi-VN","@id":"http:\/\/52.77.24.187\/vi\/san-pham\/belgo-full-moon\/#primaryimage","url":"https:\/\/mlsrfcxkkbzg.i.optimole.com\/cb:JbP2.215d7\/w:auto\/h:auto\/q:mauto\/ig:avif\/https:\/\/thebottleshop.vn\/wp-content\/uploads\/2021\/12\/Belgo-Full-Moon.png","contentUrl":"https:\/\/mlsrfcxkkbzg.i.optimole.com\/cb:JbP2.215d7\/w:auto\/h:auto\/q:mauto\/ig:avif\/https:\/\/thebottleshop.vn\/wp-content\/uploads\/2021\/12\/Belgo-Full-Moon.png","width":1080,"height":1080,"caption":"Belgo Full Moon"},{"@type":"BreadcrumbList","@id":"http:\/\/52.77.24.187\/vi\/san-pham\/belgo-full-moon\/#breadcrumb","itemListElement":[{"@type":"ListItem","position":1,"name":"Home","item":"http:\/\/52.77.24.187\/vi\/test-popup-vi\/"},{"@type":"ListItem","position":2,"name":"C\u1eeda h\u00e0ng","item":"http:\/\/52.77.24.187\/vi\/cua-hang\/"},{"@type":"ListItem","position":3,"name":"Belgo Full Moon Dark Ale"}]},{"@type":"WebSite","@id":"http:\/\/52.77.24.187\/#website","url":"http:\/\/52.77.24.187\/","name":"The Bottle Shop","description":"All beers are not created equal","publisher":{"@id":"http:\/\/52.77.24.187\/#organization"},"potentialAction":[{"@type":"SearchAction","target":{"@type":"EntryPoint","urlTemplate":"http:\/\/52.77.24.187\/?s={search_term_string}"},"query-input":{"@type":"PropertyValueSpecification","valueRequired":true,"valueName":"search_term_string"}}],"inLanguage":"vi-VN"},{"@type":"Organization","@id":"http:\/\/52.77.24.187\/#organization","name":"The Bottle Shop","url":"http:\/\/52.77.24.187\/","logo":{"@type":"ImageObject","inLanguage":"vi-VN","@id":"http:\/\/52.77.24.187\/#\/schema\/logo\/image\/","url":"https:\/\/mlsrfcxkkbzg.i.optimole.com\/cb:JbP2.215d7\/w:auto\/h:auto\/q:mauto\/ig:avif\/https:\/\/thebottleshop.vn\/wp-content\/uploads\/2022\/10\/The-Bottle-Shop-Online-Logo.png","contentUrl":"https:\/\/mlsrfcxkkbzg.i.optimole.com\/cb:JbP2.215d7\/w:auto\/h:auto\/q:mauto\/ig:avif\/https:\/\/thebottleshop.vn\/wp-content\/uploads\/2022\/10\/The-Bottle-Shop-Online-Logo.png","width":145,"height":147,"caption":"The Bottle Shop"},"image":{"@id":"http:\/\/52.77.24.187\/#\/schema\/logo\/image\/"},"sameAs":["https:\/\/www.facebook.com\/thebottleshopvietnam","https:\/\/www.instagram.com\/thebottleshop_vietnam\/"]}]}},"_links":{"self":[{"href":"https:\/\/thebottleshop.vn\/vi\/wp-json\/wp\/v2\/product\/13092","targetHints":{"allow":["GET"]}}],"collection":[{"href":"https:\/\/thebottleshop.vn\/vi\/wp-json\/wp\/v2\/product"}],"about":[{"href":"https:\/\/thebottleshop.vn\/vi\/wp-json\/wp\/v2\/types\/product"}],"replies":[{"embeddable":true,"href":"https:\/\/thebottleshop.vn\/vi\/wp-json\/wp\/v2\/comments?post=13092"}],"wp:featuredmedia":[{"embeddable":true,"href":"https:\/\/thebottleshop.vn\/vi\/wp-json\/wp\/v2\/media\/11679"}],"wp:attachment":[{"href":"https:\/\/thebottleshop.vn\/vi\/wp-json\/wp\/v2\/media?parent=13092"}],"wp:term":[{"taxonomy":"product_brand","embeddable":true,"href":"https:\/\/thebottleshop.vn\/vi\/wp-json\/wp\/v2\/product_brand?post=13092"},{"taxonomy":"product_cat","embeddable":true,"href":"https:\/\/thebottleshop.vn\/vi\/wp-json\/wp\/v2\/product_cat?post=13092"},{"taxonomy":"product_tag","embeddable":true,"href":"https:\/\/thebottleshop.vn\/vi\/wp-json\/wp\/v2\/product_tag?post=13092"}],"curies":[{"name":"wp","href":"https:\/\/api.w.org\/{rel}","templated":true}]}}