{"id":13093,"date":"2021-12-02T11:15:52","date_gmt":"2022-02-18T00:22:21","guid":{"rendered":"https:\/\/thebottleshop.vn\/product\/belgo-artisan-pilsner\/"},"modified":"2025-06-05T11:14:49","modified_gmt":"2025-06-05T04:14:49","slug":"belgo-artisan-pilsner-2","status":"publish","type":"product","link":"https:\/\/thebottleshop.vn\/vi\/san-pham\/belgo-artisan-pilsner-2\/","title":{"rendered":"Belgo Artisan Pilsner"},"content":{"rendered":"<p>Bia Belgo Artisan Pilsner, m\u1ed9t lo\u1ea1i bia Pilsner nh\u1eb9 nh\u01b0ng c\u00e2n b\u1eb1ng, k\u1ebft h\u1ee3p gi\u1eefa c\u1ea3m gi\u00e1c gi\u00f2n v\u00e0 t\u01b0\u01a1i m\u00e1t trong mi\u1ec7ng v\u1edbi v\u1ecb ng\u1ecdt m\u1ea1ch nha tinh khi\u1ebft, k\u1ebft th\u00fac b\u1eb1ng h\u01b0\u01a1ng gia v\u1ecb tinh t\u1ebf v\u00e0 v\u1ecb \u0111\u1eafng c\u1ee7a hoa bia th\u1ea3o m\u1ed9c.<\/p>\n<p> &#8212;&#8211;<br \/>\n Xem h\u00ecnh \u1ea3nh \u0111\u1ec3 bi\u1ebft \u0111\u1ea7y \u0111\u1ee7 th\u00f4ng tin chi ti\u1ebft v\u1ec1 ngu\u1ed3n g\u1ed1c, th\u00e0nh ph\u1ea7n v\u00e0 y\u00eau c\u1ea7u b\u1ea3o qu\u1ea3n c\u1ee7a s\u1ea3n ph\u1ea9m n\u00e0y.<\/p>\n","protected":false},"excerpt":{"rendered":"<p><strong>Tinh t\u1ebf, Nh\u1eb9 nh\u00e0ng, \u0110\u1eafng nh\u1eb9 5.2%<\/strong><\/p>\n","protected":false},"featured_media":11673,"comment_status":"open","ping_status":"closed","template":"","meta":{"_acf_changed":false},"product_brand":[],"product_cat":[379,347,337,340,354,362,441,342,351,366,345,377,339,341,352,357,512],"product_tag":[],"class_list":{"0":"post-13093","1":"product","2":"type-product","3":"status-publish","4":"has-post-thumbnail","6":"product_cat-20-39","7":"product_cat-4-5-9","8":"product_cat-bia-va-cider","9":"product_cat-vietnam-hcmc","10":"product_cat-75k-99k","11":"product_cat-bia-kieu-bi","12":"product_cat-belgo-craft-beer","13":"product_cat-chai-330-ml","14":"product_cat-dong-bia","15":"product_cat-nha-san-xuat","16":"product_cat-abv-vi","17":"product_cat-ibu","18":"product_cat-xuat-xu","19":"product_cat-dong-goi","20":"product_cat-gia","21":"product_cat-pilsner","22":"product_cat-thung-24-chai","23":"pa_pack_type-bottle-330ml-vi","24":"pa_pack_type-thung-24","26":"first","27":"instock","28":"sale","29":"shipping-taxable","30":"purchasable","31":"product-type-variable","32":"has-default-attributes","33":"add-to-wishlist-before_image"},"acf":[],"yoast_head":"<!-- This site is optimized with the Yoast SEO plugin v27.2 - https:\/\/yoast.com\/product\/yoast-seo-wordpress\/ -->\n<title>Belgo Artisan Pilsner - The Bottle Shop<\/title>\n<meta name=\"description\" content=\"Belgo Artisan Pilsner, m\u1ed9t lo\u1ea1i bia Pilsner nh\u1eb9 nh\u01b0ng c\u00e2n b\u1eb1ng, k\u1ebft h\u1ee3p gi\u1eefa c\u1ea3m gi\u00e1c gi\u00f2n v\u00e0 t\u01b0\u01a1i m\u00e1t trong mi\u1ec7ng v\u1edbi v\u1ecb ng\u1ecdt m\u1ea1ch nha tinh khi\u1ebft.\" \/>\n<meta name=\"robots\" content=\"index, follow, max-snippet:-1, max-image-preview:large, max-video-preview:-1\" \/>\n<link rel=\"canonical\" href=\"http:\/\/52.77.24.187\/vi\/san-pham\/belgo-artisan-pilsner-2\/\" \/>\n<meta property=\"og:locale\" content=\"vi_VN\" \/>\n<meta property=\"og:type\" content=\"article\" \/>\n<meta property=\"og:title\" content=\"Belgo Artisan Pilsner - The Bottle Shop\" \/>\n<meta property=\"og:description\" content=\"Belgo Artisan Pilsner, m\u1ed9t lo\u1ea1i bia Pilsner nh\u1eb9 nh\u01b0ng c\u00e2n b\u1eb1ng, k\u1ebft h\u1ee3p gi\u1eefa c\u1ea3m gi\u00e1c gi\u00f2n v\u00e0 t\u01b0\u01a1i m\u00e1t trong mi\u1ec7ng v\u1edbi v\u1ecb ng\u1ecdt m\u1ea1ch nha tinh khi\u1ebft.\" \/>\n<meta property=\"og:url\" content=\"http:\/\/52.77.24.187\/vi\/san-pham\/belgo-artisan-pilsner-2\/\" \/>\n<meta property=\"og:site_name\" content=\"The Bottle Shop\" \/>\n<meta property=\"article:publisher\" content=\"https:\/\/www.facebook.com\/thebottleshopvietnam\" \/>\n<meta property=\"article:modified_time\" content=\"2025-06-05T04:14:49+00:00\" \/>\n<meta property=\"og:image\" content=\"https:\/\/mlsrfcxkkbzg.i.optimole.com\/cb:JbP2.215d7\/w:auto\/h:auto\/q:mauto\/ig:avif\/http:\/\/52.77.24.187\/wp-content\/uploads\/2021\/12\/Belgo-Artisan-Pilsner.png\" \/>\n\t<meta property=\"og:image:width\" content=\"1080\" \/>\n\t<meta property=\"og:image:height\" content=\"1080\" \/>\n\t<meta property=\"og:image:type\" content=\"image\/png\" \/>\n<meta name=\"twitter:card\" content=\"summary_large_image\" \/>\n<meta name=\"twitter:label1\" content=\"Est. reading time\" \/>\n\t<meta name=\"twitter:data1\" content=\"1 minute\" \/>\n<script type=\"application\/ld+json\" class=\"yoast-schema-graph\">{\"@context\":\"https:\/\/schema.org\",\"@graph\":[{\"@type\":\"WebPage\",\"@id\":\"http:\/\/52.77.24.187\/vi\/san-pham\/belgo-artisan-pilsner-2\/\",\"url\":\"http:\/\/52.77.24.187\/vi\/san-pham\/belgo-artisan-pilsner-2\/\",\"name\":\"Belgo Artisan Pilsner - The Bottle Shop\",\"isPartOf\":{\"@id\":\"http:\/\/52.77.24.187\/#website\"},\"primaryImageOfPage\":{\"@id\":\"http:\/\/52.77.24.187\/vi\/san-pham\/belgo-artisan-pilsner-2\/#primaryimage\"},\"image\":{\"@id\":\"http:\/\/52.77.24.187\/vi\/san-pham\/belgo-artisan-pilsner-2\/#primaryimage\"},\"thumbnailUrl\":\"https:\/\/mlsrfcxkkbzg.i.optimole.com\/cb:JbP2.215d7\/w:auto\/h:auto\/q:mauto\/ig:avif\/https:\/\/thebottleshop.vn\/wp-content\/uploads\/2021\/12\/Belgo-Artisan-Pilsner.png\",\"datePublished\":\"2022-02-18T00:22:21+00:00\",\"dateModified\":\"2025-06-05T04:14:49+00:00\",\"description\":\"Belgo Artisan Pilsner, m\u1ed9t lo\u1ea1i bia Pilsner nh\u1eb9 nh\u01b0ng c\u00e2n b\u1eb1ng, k\u1ebft h\u1ee3p gi\u1eefa c\u1ea3m gi\u00e1c gi\u00f2n v\u00e0 t\u01b0\u01a1i m\u00e1t trong mi\u1ec7ng v\u1edbi v\u1ecb ng\u1ecdt m\u1ea1ch nha tinh khi\u1ebft.\",\"breadcrumb\":{\"@id\":\"http:\/\/52.77.24.187\/vi\/san-pham\/belgo-artisan-pilsner-2\/#breadcrumb\"},\"inLanguage\":\"vi-VN\",\"potentialAction\":[{\"@type\":\"ReadAction\",\"target\":[\"http:\/\/52.77.24.187\/vi\/san-pham\/belgo-artisan-pilsner-2\/\"]}]},{\"@type\":\"ImageObject\",\"inLanguage\":\"vi-VN\",\"@id\":\"http:\/\/52.77.24.187\/vi\/san-pham\/belgo-artisan-pilsner-2\/#primaryimage\",\"url\":\"https:\/\/mlsrfcxkkbzg.i.optimole.com\/cb:JbP2.215d7\/w:auto\/h:auto\/q:mauto\/ig:avif\/https:\/\/thebottleshop.vn\/wp-content\/uploads\/2021\/12\/Belgo-Artisan-Pilsner.png\",\"contentUrl\":\"https:\/\/mlsrfcxkkbzg.i.optimole.com\/cb:JbP2.215d7\/w:auto\/h:auto\/q:mauto\/ig:avif\/https:\/\/thebottleshop.vn\/wp-content\/uploads\/2021\/12\/Belgo-Artisan-Pilsner.png\",\"width\":1080,\"height\":1080,\"caption\":\"Belgo Artisan Pilsner\"},{\"@type\":\"BreadcrumbList\",\"@id\":\"http:\/\/52.77.24.187\/vi\/san-pham\/belgo-artisan-pilsner-2\/#breadcrumb\",\"itemListElement\":[{\"@type\":\"ListItem\",\"position\":1,\"name\":\"Home\",\"item\":\"http:\/\/52.77.24.187\/vi\/test-popup-vi\/\"},{\"@type\":\"ListItem\",\"position\":2,\"name\":\"C\u1eeda h\u00e0ng\",\"item\":\"http:\/\/52.77.24.187\/vi\/cua-hang\/\"},{\"@type\":\"ListItem\",\"position\":3,\"name\":\"Belgo Artisan Pilsner\"}]},{\"@type\":\"WebSite\",\"@id\":\"http:\/\/52.77.24.187\/#website\",\"url\":\"http:\/\/52.77.24.187\/\",\"name\":\"The Bottle Shop\",\"description\":\"All beers are not created equal\",\"publisher\":{\"@id\":\"http:\/\/52.77.24.187\/#organization\"},\"potentialAction\":[{\"@type\":\"SearchAction\",\"target\":{\"@type\":\"EntryPoint\",\"urlTemplate\":\"http:\/\/52.77.24.187\/?s={search_term_string}\"},\"query-input\":{\"@type\":\"PropertyValueSpecification\",\"valueRequired\":true,\"valueName\":\"search_term_string\"}}],\"inLanguage\":\"vi-VN\"},{\"@type\":\"Organization\",\"@id\":\"http:\/\/52.77.24.187\/#organization\",\"name\":\"The Bottle Shop\",\"url\":\"http:\/\/52.77.24.187\/\",\"logo\":{\"@type\":\"ImageObject\",\"inLanguage\":\"vi-VN\",\"@id\":\"http:\/\/52.77.24.187\/#\/schema\/logo\/image\/\",\"url\":\"https:\/\/mlsrfcxkkbzg.i.optimole.com\/cb:JbP2.215d7\/w:auto\/h:auto\/q:mauto\/ig:avif\/https:\/\/thebottleshop.vn\/wp-content\/uploads\/2022\/10\/The-Bottle-Shop-Online-Logo.png\",\"contentUrl\":\"https:\/\/mlsrfcxkkbzg.i.optimole.com\/cb:JbP2.215d7\/w:auto\/h:auto\/q:mauto\/ig:avif\/https:\/\/thebottleshop.vn\/wp-content\/uploads\/2022\/10\/The-Bottle-Shop-Online-Logo.png\",\"width\":145,\"height\":147,\"caption\":\"The Bottle Shop\"},\"image\":{\"@id\":\"http:\/\/52.77.24.187\/#\/schema\/logo\/image\/\"},\"sameAs\":[\"https:\/\/www.facebook.com\/thebottleshopvietnam\",\"https:\/\/www.instagram.com\/thebottleshop_vietnam\/\"]}]}<\/script>\n<!-- \/ Yoast SEO plugin. -->","yoast_head_json":{"title":"Belgo Artisan Pilsner - The Bottle Shop","description":"Belgo Artisan Pilsner, m\u1ed9t lo\u1ea1i bia Pilsner nh\u1eb9 nh\u01b0ng c\u00e2n b\u1eb1ng, k\u1ebft h\u1ee3p gi\u1eefa c\u1ea3m gi\u00e1c gi\u00f2n v\u00e0 t\u01b0\u01a1i m\u00e1t trong mi\u1ec7ng v\u1edbi v\u1ecb ng\u1ecdt m\u1ea1ch nha tinh khi\u1ebft.","robots":{"index":"index","follow":"follow","max-snippet":"max-snippet:-1","max-image-preview":"max-image-preview:large","max-video-preview":"max-video-preview:-1"},"canonical":"http:\/\/52.77.24.187\/vi\/san-pham\/belgo-artisan-pilsner-2\/","og_locale":"vi_VN","og_type":"article","og_title":"Belgo Artisan Pilsner - The Bottle Shop","og_description":"Belgo Artisan Pilsner, m\u1ed9t lo\u1ea1i bia Pilsner nh\u1eb9 nh\u01b0ng c\u00e2n b\u1eb1ng, k\u1ebft h\u1ee3p gi\u1eefa c\u1ea3m gi\u00e1c gi\u00f2n v\u00e0 t\u01b0\u01a1i m\u00e1t trong mi\u1ec7ng v\u1edbi v\u1ecb ng\u1ecdt m\u1ea1ch nha tinh khi\u1ebft.","og_url":"http:\/\/52.77.24.187\/vi\/san-pham\/belgo-artisan-pilsner-2\/","og_site_name":"The Bottle Shop","article_publisher":"https:\/\/www.facebook.com\/thebottleshopvietnam","article_modified_time":"2025-06-05T04:14:49+00:00","og_image":[{"width":1080,"height":1080,"url":"https:\/\/mlsrfcxkkbzg.i.optimole.com\/cb:JbP2.215d7\/w:auto\/h:auto\/q:mauto\/ig:avif\/http:\/\/52.77.24.187\/wp-content\/uploads\/2021\/12\/Belgo-Artisan-Pilsner.png","type":"image\/png"}],"twitter_card":"summary_large_image","twitter_misc":{"Est. reading time":"1 minute"},"schema":{"@context":"https:\/\/schema.org","@graph":[{"@type":"WebPage","@id":"http:\/\/52.77.24.187\/vi\/san-pham\/belgo-artisan-pilsner-2\/","url":"http:\/\/52.77.24.187\/vi\/san-pham\/belgo-artisan-pilsner-2\/","name":"Belgo Artisan Pilsner - The Bottle Shop","isPartOf":{"@id":"http:\/\/52.77.24.187\/#website"},"primaryImageOfPage":{"@id":"http:\/\/52.77.24.187\/vi\/san-pham\/belgo-artisan-pilsner-2\/#primaryimage"},"image":{"@id":"http:\/\/52.77.24.187\/vi\/san-pham\/belgo-artisan-pilsner-2\/#primaryimage"},"thumbnailUrl":"https:\/\/mlsrfcxkkbzg.i.optimole.com\/cb:JbP2.215d7\/w:auto\/h:auto\/q:mauto\/ig:avif\/https:\/\/thebottleshop.vn\/wp-content\/uploads\/2021\/12\/Belgo-Artisan-Pilsner.png","datePublished":"2022-02-18T00:22:21+00:00","dateModified":"2025-06-05T04:14:49+00:00","description":"Belgo Artisan Pilsner, m\u1ed9t lo\u1ea1i bia Pilsner nh\u1eb9 nh\u01b0ng c\u00e2n b\u1eb1ng, k\u1ebft h\u1ee3p gi\u1eefa c\u1ea3m gi\u00e1c gi\u00f2n v\u00e0 t\u01b0\u01a1i m\u00e1t trong mi\u1ec7ng v\u1edbi v\u1ecb ng\u1ecdt m\u1ea1ch nha tinh khi\u1ebft.","breadcrumb":{"@id":"http:\/\/52.77.24.187\/vi\/san-pham\/belgo-artisan-pilsner-2\/#breadcrumb"},"inLanguage":"vi-VN","potentialAction":[{"@type":"ReadAction","target":["http:\/\/52.77.24.187\/vi\/san-pham\/belgo-artisan-pilsner-2\/"]}]},{"@type":"ImageObject","inLanguage":"vi-VN","@id":"http:\/\/52.77.24.187\/vi\/san-pham\/belgo-artisan-pilsner-2\/#primaryimage","url":"https:\/\/mlsrfcxkkbzg.i.optimole.com\/cb:JbP2.215d7\/w:auto\/h:auto\/q:mauto\/ig:avif\/https:\/\/thebottleshop.vn\/wp-content\/uploads\/2021\/12\/Belgo-Artisan-Pilsner.png","contentUrl":"https:\/\/mlsrfcxkkbzg.i.optimole.com\/cb:JbP2.215d7\/w:auto\/h:auto\/q:mauto\/ig:avif\/https:\/\/thebottleshop.vn\/wp-content\/uploads\/2021\/12\/Belgo-Artisan-Pilsner.png","width":1080,"height":1080,"caption":"Belgo Artisan Pilsner"},{"@type":"BreadcrumbList","@id":"http:\/\/52.77.24.187\/vi\/san-pham\/belgo-artisan-pilsner-2\/#breadcrumb","itemListElement":[{"@type":"ListItem","position":1,"name":"Home","item":"http:\/\/52.77.24.187\/vi\/test-popup-vi\/"},{"@type":"ListItem","position":2,"name":"C\u1eeda h\u00e0ng","item":"http:\/\/52.77.24.187\/vi\/cua-hang\/"},{"@type":"ListItem","position":3,"name":"Belgo Artisan Pilsner"}]},{"@type":"WebSite","@id":"http:\/\/52.77.24.187\/#website","url":"http:\/\/52.77.24.187\/","name":"The Bottle Shop","description":"All beers are not created equal","publisher":{"@id":"http:\/\/52.77.24.187\/#organization"},"potentialAction":[{"@type":"SearchAction","target":{"@type":"EntryPoint","urlTemplate":"http:\/\/52.77.24.187\/?s={search_term_string}"},"query-input":{"@type":"PropertyValueSpecification","valueRequired":true,"valueName":"search_term_string"}}],"inLanguage":"vi-VN"},{"@type":"Organization","@id":"http:\/\/52.77.24.187\/#organization","name":"The Bottle Shop","url":"http:\/\/52.77.24.187\/","logo":{"@type":"ImageObject","inLanguage":"vi-VN","@id":"http:\/\/52.77.24.187\/#\/schema\/logo\/image\/","url":"https:\/\/mlsrfcxkkbzg.i.optimole.com\/cb:JbP2.215d7\/w:auto\/h:auto\/q:mauto\/ig:avif\/https:\/\/thebottleshop.vn\/wp-content\/uploads\/2022\/10\/The-Bottle-Shop-Online-Logo.png","contentUrl":"https:\/\/mlsrfcxkkbzg.i.optimole.com\/cb:JbP2.215d7\/w:auto\/h:auto\/q:mauto\/ig:avif\/https:\/\/thebottleshop.vn\/wp-content\/uploads\/2022\/10\/The-Bottle-Shop-Online-Logo.png","width":145,"height":147,"caption":"The Bottle Shop"},"image":{"@id":"http:\/\/52.77.24.187\/#\/schema\/logo\/image\/"},"sameAs":["https:\/\/www.facebook.com\/thebottleshopvietnam","https:\/\/www.instagram.com\/thebottleshop_vietnam\/"]}]}},"_links":{"self":[{"href":"https:\/\/thebottleshop.vn\/vi\/wp-json\/wp\/v2\/product\/13093","targetHints":{"allow":["GET"]}}],"collection":[{"href":"https:\/\/thebottleshop.vn\/vi\/wp-json\/wp\/v2\/product"}],"about":[{"href":"https:\/\/thebottleshop.vn\/vi\/wp-json\/wp\/v2\/types\/product"}],"replies":[{"embeddable":true,"href":"https:\/\/thebottleshop.vn\/vi\/wp-json\/wp\/v2\/comments?post=13093"}],"wp:featuredmedia":[{"embeddable":true,"href":"https:\/\/thebottleshop.vn\/vi\/wp-json\/wp\/v2\/media\/11673"}],"wp:attachment":[{"href":"https:\/\/thebottleshop.vn\/vi\/wp-json\/wp\/v2\/media?parent=13093"}],"wp:term":[{"taxonomy":"product_brand","embeddable":true,"href":"https:\/\/thebottleshop.vn\/vi\/wp-json\/wp\/v2\/product_brand?post=13093"},{"taxonomy":"product_cat","embeddable":true,"href":"https:\/\/thebottleshop.vn\/vi\/wp-json\/wp\/v2\/product_cat?post=13093"},{"taxonomy":"product_tag","embeddable":true,"href":"https:\/\/thebottleshop.vn\/vi\/wp-json\/wp\/v2\/product_tag?post=13093"}],"curies":[{"name":"wp","href":"https:\/\/api.w.org\/{rel}","templated":true}]}}