{"id":13107,"date":"2021-12-02T12:45:26","date_gmt":"2022-02-18T01:17:23","guid":{"rendered":"https:\/\/thebottleshop.vn\/product\/te-te-serious-ipa\/"},"modified":"2025-06-04T22:45:27","modified_gmt":"2025-06-04T15:45:27","slug":"tete-serious-ipa-2","status":"publish","type":"product","link":"https:\/\/thebottleshop.vn\/vi\/san-pham\/tete-serious-ipa-2\/","title":{"rendered":"T\u00ea T\u00ea Serious IPA"},"content":{"rendered":"<p>T\u00ea T\u00ea Serious IPA l\u00e0 lo\u1ea1i IPA c\u1ed5 \u0111i\u1ec3n c\u1ee7a B\u1edd T\u00e2y v\u1edbi h\u01b0\u01a1ng th\u00f4ng, m\u00f9i hoa bia, \u0111\u1ed9 \u0111\u1eadm v\u1eeba ph\u1ea3i v\u00e0 h\u1eadu v\u1ecb t\u01b0\u01a1i s\u00e1ng, h\u01a1i c\u00f3 m\u00f9i tr\u00e1i c\u00e2y.<\/p>\n<p> &#8212;&#8211;<br \/>\n Xem h\u00ecnh \u1ea3nh \u0111\u1ec3 bi\u1ebft \u0111\u1ea7y \u0111\u1ee7 th\u00f4ng tin chi ti\u1ebft v\u1ec1 ngu\u1ed3n g\u1ed1c, th\u00e0nh ph\u1ea7n v\u00e0 y\u00eau c\u1ea7u b\u1ea3o qu\u1ea3n c\u1ee7a s\u1ea3n ph\u1ea9m n\u00e0y.<\/p>\n","protected":false},"excerpt":{"rendered":"<p><strong>Hoa bia, M\u00f9i th\u00f4ng, H\u01b0\u01a1ng hoa 6.7%<\/strong><\/p>\n","protected":false},"featured_media":12076,"comment_status":"open","ping_status":"closed","template":"","meta":{"_acf_changed":false},"product_brand":[],"product_cat":[337,340,354,348,381,351,342,366,345,377,339,341,352,359,602,460],"product_tag":[],"class_list":{"0":"post-13107","1":"product","2":"type-product","3":"status-publish","4":"has-post-thumbnail","6":"product_cat-bia-va-cider","7":"product_cat-vietnam-hcmc","8":"product_cat-75k-99k","9":"product_cat-6-7-9","10":"product_cat-60-79","11":"product_cat-dong-bia","12":"product_cat-chai-330-ml","13":"product_cat-nha-san-xuat","14":"product_cat-abv-vi","15":"product_cat-ibu","16":"product_cat-xuat-xu","17":"product_cat-dong-goi","18":"product_cat-gia","19":"product_cat-ipa","20":"product_cat-thung-20-chai","21":"product_cat-te-te-craft-beer","22":"pa_pack_type-bottle-330ml-vi","23":"pa_pack_type-thung-20","25":"first","26":"outofstock","27":"shipping-taxable","28":"product-type-variable","29":"has-default-attributes","30":"add-to-wishlist-before_image"},"acf":[],"yoast_head":"<!-- This site is optimized with the Yoast SEO plugin v27.2 - https:\/\/yoast.com\/product\/yoast-seo-wordpress\/ -->\n<title>T\u00ea T\u00ea Serious IPA - The Bottle Shop<\/title>\n<meta name=\"description\" content=\"T\u00ea T\u00ea Serious IPA l\u00e0 lo\u1ea1i IPA c\u1ed5 \u0111i\u1ec3n c\u1ee7a B\u1edd T\u00e2y v\u1edbi h\u01b0\u01a1ng th\u00f4ng, m\u00f9i hoa bia, \u0111\u1ed9 \u0111\u1eadm v\u1eeba ph\u1ea3i v\u00e0 h\u1eadu v\u1ecb t\u01b0\u01a1i s\u00e1ng, h\u01a1i c\u00f3 m\u00f9i tr\u00e1i c\u00e2y.\" \/>\n<meta name=\"robots\" content=\"index, follow, max-snippet:-1, max-image-preview:large, max-video-preview:-1\" \/>\n<link rel=\"canonical\" href=\"http:\/\/52.77.24.187\/vi\/san-pham\/tete-serious-ipa-2\/\" \/>\n<meta property=\"og:locale\" content=\"vi_VN\" \/>\n<meta property=\"og:type\" content=\"article\" \/>\n<meta property=\"og:title\" content=\"T\u00ea T\u00ea Serious IPA - The Bottle Shop\" \/>\n<meta property=\"og:description\" content=\"T\u00ea T\u00ea Serious IPA l\u00e0 lo\u1ea1i IPA c\u1ed5 \u0111i\u1ec3n c\u1ee7a B\u1edd T\u00e2y v\u1edbi h\u01b0\u01a1ng th\u00f4ng, m\u00f9i hoa bia, \u0111\u1ed9 \u0111\u1eadm v\u1eeba ph\u1ea3i v\u00e0 h\u1eadu v\u1ecb t\u01b0\u01a1i s\u00e1ng, h\u01a1i c\u00f3 m\u00f9i tr\u00e1i c\u00e2y.\" \/>\n<meta property=\"og:url\" content=\"http:\/\/52.77.24.187\/vi\/san-pham\/tete-serious-ipa-2\/\" \/>\n<meta property=\"og:site_name\" content=\"The Bottle Shop\" \/>\n<meta property=\"article:publisher\" content=\"https:\/\/www.facebook.com\/thebottleshopvietnam\" \/>\n<meta property=\"article:modified_time\" content=\"2025-06-04T15:45:27+00:00\" \/>\n<meta property=\"og:image\" content=\"https:\/\/mlsrfcxkkbzg.i.optimole.com\/cb:JbP2.215d7\/w:auto\/h:auto\/q:mauto\/ig:avif\/http:\/\/52.77.24.187\/wp-content\/uploads\/2022\/02\/Tete-Serious-IPA.png\" \/>\n\t<meta property=\"og:image:width\" content=\"1080\" \/>\n\t<meta property=\"og:image:height\" content=\"1080\" \/>\n\t<meta property=\"og:image:type\" content=\"image\/png\" \/>\n<meta name=\"twitter:card\" content=\"summary_large_image\" \/>\n<meta name=\"twitter:label1\" content=\"Est. reading time\" \/>\n\t<meta name=\"twitter:data1\" content=\"1 minute\" \/>\n<script type=\"application\/ld+json\" class=\"yoast-schema-graph\">{\"@context\":\"https:\/\/schema.org\",\"@graph\":[{\"@type\":\"WebPage\",\"@id\":\"http:\/\/52.77.24.187\/vi\/san-pham\/tete-serious-ipa-2\/\",\"url\":\"http:\/\/52.77.24.187\/vi\/san-pham\/tete-serious-ipa-2\/\",\"name\":\"T\u00ea T\u00ea Serious IPA - The Bottle Shop\",\"isPartOf\":{\"@id\":\"http:\/\/52.77.24.187\/#website\"},\"primaryImageOfPage\":{\"@id\":\"http:\/\/52.77.24.187\/vi\/san-pham\/tete-serious-ipa-2\/#primaryimage\"},\"image\":{\"@id\":\"http:\/\/52.77.24.187\/vi\/san-pham\/tete-serious-ipa-2\/#primaryimage\"},\"thumbnailUrl\":\"https:\/\/mlsrfcxkkbzg.i.optimole.com\/cb:JbP2.215d7\/w:auto\/h:auto\/q:mauto\/ig:avif\/https:\/\/thebottleshop.vn\/wp-content\/uploads\/2022\/02\/Tete-Serious-IPA.png\",\"datePublished\":\"2022-02-18T01:17:23+00:00\",\"dateModified\":\"2025-06-04T15:45:27+00:00\",\"description\":\"T\u00ea T\u00ea Serious IPA l\u00e0 lo\u1ea1i IPA c\u1ed5 \u0111i\u1ec3n c\u1ee7a B\u1edd T\u00e2y v\u1edbi h\u01b0\u01a1ng th\u00f4ng, m\u00f9i hoa bia, \u0111\u1ed9 \u0111\u1eadm v\u1eeba ph\u1ea3i v\u00e0 h\u1eadu v\u1ecb t\u01b0\u01a1i s\u00e1ng, h\u01a1i c\u00f3 m\u00f9i tr\u00e1i c\u00e2y.\",\"breadcrumb\":{\"@id\":\"http:\/\/52.77.24.187\/vi\/san-pham\/tete-serious-ipa-2\/#breadcrumb\"},\"inLanguage\":\"vi-VN\",\"potentialAction\":[{\"@type\":\"ReadAction\",\"target\":[\"http:\/\/52.77.24.187\/vi\/san-pham\/tete-serious-ipa-2\/\"]}]},{\"@type\":\"ImageObject\",\"inLanguage\":\"vi-VN\",\"@id\":\"http:\/\/52.77.24.187\/vi\/san-pham\/tete-serious-ipa-2\/#primaryimage\",\"url\":\"https:\/\/mlsrfcxkkbzg.i.optimole.com\/cb:JbP2.215d7\/w:auto\/h:auto\/q:mauto\/ig:avif\/https:\/\/thebottleshop.vn\/wp-content\/uploads\/2022\/02\/Tete-Serious-IPA.png\",\"contentUrl\":\"https:\/\/mlsrfcxkkbzg.i.optimole.com\/cb:JbP2.215d7\/w:auto\/h:auto\/q:mauto\/ig:avif\/https:\/\/thebottleshop.vn\/wp-content\/uploads\/2022\/02\/Tete-Serious-IPA.png\",\"width\":1080,\"height\":1080,\"caption\":\"T\u00ea T\u00ea Serious IPA\"},{\"@type\":\"BreadcrumbList\",\"@id\":\"http:\/\/52.77.24.187\/vi\/san-pham\/tete-serious-ipa-2\/#breadcrumb\",\"itemListElement\":[{\"@type\":\"ListItem\",\"position\":1,\"name\":\"Home\",\"item\":\"http:\/\/52.77.24.187\/vi\/test-popup-vi\/\"},{\"@type\":\"ListItem\",\"position\":2,\"name\":\"C\u1eeda h\u00e0ng\",\"item\":\"http:\/\/52.77.24.187\/vi\/cua-hang\/\"},{\"@type\":\"ListItem\",\"position\":3,\"name\":\"T\u00ea T\u00ea Serious IPA\"}]},{\"@type\":\"WebSite\",\"@id\":\"http:\/\/52.77.24.187\/#website\",\"url\":\"http:\/\/52.77.24.187\/\",\"name\":\"The Bottle Shop\",\"description\":\"All beers are not created equal\",\"publisher\":{\"@id\":\"http:\/\/52.77.24.187\/#organization\"},\"potentialAction\":[{\"@type\":\"SearchAction\",\"target\":{\"@type\":\"EntryPoint\",\"urlTemplate\":\"http:\/\/52.77.24.187\/?s={search_term_string}\"},\"query-input\":{\"@type\":\"PropertyValueSpecification\",\"valueRequired\":true,\"valueName\":\"search_term_string\"}}],\"inLanguage\":\"vi-VN\"},{\"@type\":\"Organization\",\"@id\":\"http:\/\/52.77.24.187\/#organization\",\"name\":\"The Bottle Shop\",\"url\":\"http:\/\/52.77.24.187\/\",\"logo\":{\"@type\":\"ImageObject\",\"inLanguage\":\"vi-VN\",\"@id\":\"http:\/\/52.77.24.187\/#\/schema\/logo\/image\/\",\"url\":\"https:\/\/mlsrfcxkkbzg.i.optimole.com\/cb:JbP2.215d7\/w:auto\/h:auto\/q:mauto\/ig:avif\/https:\/\/thebottleshop.vn\/wp-content\/uploads\/2022\/10\/The-Bottle-Shop-Online-Logo.png\",\"contentUrl\":\"https:\/\/mlsrfcxkkbzg.i.optimole.com\/cb:JbP2.215d7\/w:auto\/h:auto\/q:mauto\/ig:avif\/https:\/\/thebottleshop.vn\/wp-content\/uploads\/2022\/10\/The-Bottle-Shop-Online-Logo.png\",\"width\":145,\"height\":147,\"caption\":\"The Bottle Shop\"},\"image\":{\"@id\":\"http:\/\/52.77.24.187\/#\/schema\/logo\/image\/\"},\"sameAs\":[\"https:\/\/www.facebook.com\/thebottleshopvietnam\",\"https:\/\/www.instagram.com\/thebottleshop_vietnam\/\"]}]}<\/script>\n<!-- \/ Yoast SEO plugin. -->","yoast_head_json":{"title":"T\u00ea T\u00ea Serious IPA - The Bottle Shop","description":"T\u00ea T\u00ea Serious IPA l\u00e0 lo\u1ea1i IPA c\u1ed5 \u0111i\u1ec3n c\u1ee7a B\u1edd T\u00e2y v\u1edbi h\u01b0\u01a1ng th\u00f4ng, m\u00f9i hoa bia, \u0111\u1ed9 \u0111\u1eadm v\u1eeba ph\u1ea3i v\u00e0 h\u1eadu v\u1ecb t\u01b0\u01a1i s\u00e1ng, h\u01a1i c\u00f3 m\u00f9i tr\u00e1i c\u00e2y.","robots":{"index":"index","follow":"follow","max-snippet":"max-snippet:-1","max-image-preview":"max-image-preview:large","max-video-preview":"max-video-preview:-1"},"canonical":"http:\/\/52.77.24.187\/vi\/san-pham\/tete-serious-ipa-2\/","og_locale":"vi_VN","og_type":"article","og_title":"T\u00ea T\u00ea Serious IPA - The Bottle Shop","og_description":"T\u00ea T\u00ea Serious IPA l\u00e0 lo\u1ea1i IPA c\u1ed5 \u0111i\u1ec3n c\u1ee7a B\u1edd T\u00e2y v\u1edbi h\u01b0\u01a1ng th\u00f4ng, m\u00f9i hoa bia, \u0111\u1ed9 \u0111\u1eadm v\u1eeba ph\u1ea3i v\u00e0 h\u1eadu v\u1ecb t\u01b0\u01a1i s\u00e1ng, h\u01a1i c\u00f3 m\u00f9i tr\u00e1i c\u00e2y.","og_url":"http:\/\/52.77.24.187\/vi\/san-pham\/tete-serious-ipa-2\/","og_site_name":"The Bottle Shop","article_publisher":"https:\/\/www.facebook.com\/thebottleshopvietnam","article_modified_time":"2025-06-04T15:45:27+00:00","og_image":[{"width":1080,"height":1080,"url":"https:\/\/mlsrfcxkkbzg.i.optimole.com\/cb:JbP2.215d7\/w:auto\/h:auto\/q:mauto\/ig:avif\/http:\/\/52.77.24.187\/wp-content\/uploads\/2022\/02\/Tete-Serious-IPA.png","type":"image\/png"}],"twitter_card":"summary_large_image","twitter_misc":{"Est. reading time":"1 minute"},"schema":{"@context":"https:\/\/schema.org","@graph":[{"@type":"WebPage","@id":"http:\/\/52.77.24.187\/vi\/san-pham\/tete-serious-ipa-2\/","url":"http:\/\/52.77.24.187\/vi\/san-pham\/tete-serious-ipa-2\/","name":"T\u00ea T\u00ea Serious IPA - The Bottle Shop","isPartOf":{"@id":"http:\/\/52.77.24.187\/#website"},"primaryImageOfPage":{"@id":"http:\/\/52.77.24.187\/vi\/san-pham\/tete-serious-ipa-2\/#primaryimage"},"image":{"@id":"http:\/\/52.77.24.187\/vi\/san-pham\/tete-serious-ipa-2\/#primaryimage"},"thumbnailUrl":"https:\/\/mlsrfcxkkbzg.i.optimole.com\/cb:JbP2.215d7\/w:auto\/h:auto\/q:mauto\/ig:avif\/https:\/\/thebottleshop.vn\/wp-content\/uploads\/2022\/02\/Tete-Serious-IPA.png","datePublished":"2022-02-18T01:17:23+00:00","dateModified":"2025-06-04T15:45:27+00:00","description":"T\u00ea T\u00ea Serious IPA l\u00e0 lo\u1ea1i IPA c\u1ed5 \u0111i\u1ec3n c\u1ee7a B\u1edd T\u00e2y v\u1edbi h\u01b0\u01a1ng th\u00f4ng, m\u00f9i hoa bia, \u0111\u1ed9 \u0111\u1eadm v\u1eeba ph\u1ea3i v\u00e0 h\u1eadu v\u1ecb t\u01b0\u01a1i s\u00e1ng, h\u01a1i c\u00f3 m\u00f9i tr\u00e1i c\u00e2y.","breadcrumb":{"@id":"http:\/\/52.77.24.187\/vi\/san-pham\/tete-serious-ipa-2\/#breadcrumb"},"inLanguage":"vi-VN","potentialAction":[{"@type":"ReadAction","target":["http:\/\/52.77.24.187\/vi\/san-pham\/tete-serious-ipa-2\/"]}]},{"@type":"ImageObject","inLanguage":"vi-VN","@id":"http:\/\/52.77.24.187\/vi\/san-pham\/tete-serious-ipa-2\/#primaryimage","url":"https:\/\/mlsrfcxkkbzg.i.optimole.com\/cb:JbP2.215d7\/w:auto\/h:auto\/q:mauto\/ig:avif\/https:\/\/thebottleshop.vn\/wp-content\/uploads\/2022\/02\/Tete-Serious-IPA.png","contentUrl":"https:\/\/mlsrfcxkkbzg.i.optimole.com\/cb:JbP2.215d7\/w:auto\/h:auto\/q:mauto\/ig:avif\/https:\/\/thebottleshop.vn\/wp-content\/uploads\/2022\/02\/Tete-Serious-IPA.png","width":1080,"height":1080,"caption":"T\u00ea T\u00ea Serious IPA"},{"@type":"BreadcrumbList","@id":"http:\/\/52.77.24.187\/vi\/san-pham\/tete-serious-ipa-2\/#breadcrumb","itemListElement":[{"@type":"ListItem","position":1,"name":"Home","item":"http:\/\/52.77.24.187\/vi\/test-popup-vi\/"},{"@type":"ListItem","position":2,"name":"C\u1eeda h\u00e0ng","item":"http:\/\/52.77.24.187\/vi\/cua-hang\/"},{"@type":"ListItem","position":3,"name":"T\u00ea T\u00ea Serious IPA"}]},{"@type":"WebSite","@id":"http:\/\/52.77.24.187\/#website","url":"http:\/\/52.77.24.187\/","name":"The Bottle Shop","description":"All beers are not created equal","publisher":{"@id":"http:\/\/52.77.24.187\/#organization"},"potentialAction":[{"@type":"SearchAction","target":{"@type":"EntryPoint","urlTemplate":"http:\/\/52.77.24.187\/?s={search_term_string}"},"query-input":{"@type":"PropertyValueSpecification","valueRequired":true,"valueName":"search_term_string"}}],"inLanguage":"vi-VN"},{"@type":"Organization","@id":"http:\/\/52.77.24.187\/#organization","name":"The Bottle Shop","url":"http:\/\/52.77.24.187\/","logo":{"@type":"ImageObject","inLanguage":"vi-VN","@id":"http:\/\/52.77.24.187\/#\/schema\/logo\/image\/","url":"https:\/\/mlsrfcxkkbzg.i.optimole.com\/cb:JbP2.215d7\/w:auto\/h:auto\/q:mauto\/ig:avif\/https:\/\/thebottleshop.vn\/wp-content\/uploads\/2022\/10\/The-Bottle-Shop-Online-Logo.png","contentUrl":"https:\/\/mlsrfcxkkbzg.i.optimole.com\/cb:JbP2.215d7\/w:auto\/h:auto\/q:mauto\/ig:avif\/https:\/\/thebottleshop.vn\/wp-content\/uploads\/2022\/10\/The-Bottle-Shop-Online-Logo.png","width":145,"height":147,"caption":"The Bottle Shop"},"image":{"@id":"http:\/\/52.77.24.187\/#\/schema\/logo\/image\/"},"sameAs":["https:\/\/www.facebook.com\/thebottleshopvietnam","https:\/\/www.instagram.com\/thebottleshop_vietnam\/"]}]}},"_links":{"self":[{"href":"https:\/\/thebottleshop.vn\/vi\/wp-json\/wp\/v2\/product\/13107","targetHints":{"allow":["GET"]}}],"collection":[{"href":"https:\/\/thebottleshop.vn\/vi\/wp-json\/wp\/v2\/product"}],"about":[{"href":"https:\/\/thebottleshop.vn\/vi\/wp-json\/wp\/v2\/types\/product"}],"replies":[{"embeddable":true,"href":"https:\/\/thebottleshop.vn\/vi\/wp-json\/wp\/v2\/comments?post=13107"}],"wp:featuredmedia":[{"embeddable":true,"href":"https:\/\/thebottleshop.vn\/vi\/wp-json\/wp\/v2\/media\/12076"}],"wp:attachment":[{"href":"https:\/\/thebottleshop.vn\/vi\/wp-json\/wp\/v2\/media?parent=13107"}],"wp:term":[{"taxonomy":"product_brand","embeddable":true,"href":"https:\/\/thebottleshop.vn\/vi\/wp-json\/wp\/v2\/product_brand?post=13107"},{"taxonomy":"product_cat","embeddable":true,"href":"https:\/\/thebottleshop.vn\/vi\/wp-json\/wp\/v2\/product_cat?post=13107"},{"taxonomy":"product_tag","embeddable":true,"href":"https:\/\/thebottleshop.vn\/vi\/wp-json\/wp\/v2\/product_tag?post=13107"}],"curies":[{"name":"wp","href":"https:\/\/api.w.org\/{rel}","templated":true}]}}