{"id":13124,"date":"2021-12-03T01:12:00","date_gmt":"2021-12-02T18:12:00","guid":{"rendered":"https:\/\/thebottleshop.vn\/product\/pasteur-street-jasmine-ipa\/"},"modified":"2025-06-05T10:52:49","modified_gmt":"2025-06-05T03:52:49","slug":"psbc-jasmine-ipa-2","status":"publish","type":"product","link":"https:\/\/thebottleshop.vn\/vi\/san-pham\/psbc-jasmine-ipa-2\/","title":{"rendered":"Pasteur Street Jasmine IPA"},"content":{"rendered":"<p>Pasteur Street Jasmine IPA l\u00e0 bia ch\u1ee7 l\u1ef1c c\u1ee7a Pasteur Street! L\u00e0 lo\u1ea1i IPA ph\u1ed5 bi\u1ebfn v\u00e0 b\u00e1n ch\u1ea1y nh\u1ea5t t\u1ea1i Vi\u1ec7t Nam k\u1ec3 t\u1eeb khi ra m\u1eaft, lo\u1ea1i IPA kh\u00f4ng l\u1ecdc n\u00e0y c\u00f3 3 lo\u1ea1i hoa bia, \u0111\u00e1ng ch\u00fa \u00fd nh\u1ea5t l\u00e0 Citra. Hoa nh\u00e0i kh\u00f4 c\u00f3 ngu\u1ed3n g\u1ed1c t\u1ea1i \u0111\u1ecba ph\u01b0\u01a1ng \u0111\u01b0\u1ee3c th\u00eam v\u00e0o trong qu\u00e1 tr\u00ecnh \u0111un s\u00f4i \u0111\u1ec3 mang \u0111\u1ebfn h\u01b0\u01a1ng th\u01a1m tuy\u1ec7t v\u1eddi cho bia.  <\/p>\n<p>&#8212;&#8211;<br \/>\n Xem h\u00ecnh \u1ea3nh \u0111\u1ec3 bi\u1ebft \u0111\u1ea7y \u0111\u1ee7 th\u00f4ng tin chi ti\u1ebft v\u1ec1 ngu\u1ed3n g\u1ed1c, th\u00e0nh ph\u1ea7n v\u00e0 y\u00eau c\u1ea7u b\u1ea3o qu\u1ea3n c\u1ee7a s\u1ea3n ph\u1ea9m n\u00e0y.<\/p>\n","protected":false},"excerpt":{"rendered":"<p><strong>C\u1ed5 \u0111i\u1ec3n, Trong v\u1eaft, Th\u01a1m n\u1ed3ng 6.5%<\/strong><\/p>\n","protected":false},"featured_media":11862,"comment_status":"open","ping_status":"closed","template":"","meta":{"_acf_changed":false},"product_brand":[],"product_cat":[337,340,380,348,354,351,366,345,377,339,341,352,359,344,387,456],"product_tag":[],"class_list":{"0":"post-13124","1":"product","2":"type-product","3":"status-publish","4":"has-post-thumbnail","6":"product_cat-bia-va-cider","7":"product_cat-vietnam-hcmc","8":"product_cat-40-59","9":"product_cat-6-7-9","10":"product_cat-75k-99k","11":"product_cat-dong-bia","12":"product_cat-nha-san-xuat","13":"product_cat-abv-vi","14":"product_cat-ibu","15":"product_cat-xuat-xu","16":"product_cat-dong-goi","17":"product_cat-gia","18":"product_cat-ipa","19":"product_cat-lon-330-ml","20":"product_cat-thung-24-lon","21":"product_cat-pasteur-street","22":"pa_pack_type-can-330ml-vi","23":"pa_pack_type-thung-24","25":"first","26":"instock","27":"sale","28":"shipping-taxable","29":"product-type-variable","30":"add-to-wishlist-before_image"},"acf":[],"yoast_head":"<!-- This site is optimized with the Yoast SEO plugin v27.2 - https:\/\/yoast.com\/product\/yoast-seo-wordpress\/ -->\n<title>Pasteur Street Jasmine IPA - The Bottle Shop<\/title>\n<meta name=\"description\" content=\"Pasteur Street Jasmine IPA. IPA ph\u1ed5 bi\u1ebfn v\u00e0 b\u00e1n ch\u1ea1y nh\u1ea5t t\u1ea1i Vi\u1ec7t Nam k\u1ec3 t\u1eeb khi ra m\u1eaft. Bia ch\u1ee7 l\u1ef1c c\u1ee7a Pasteur Street! C\u1ed5 \u0111i\u1ec3n, Trong v\u1eaft, Th\u01a1m n\u1ed3ng 6.5%\" \/>\n<meta name=\"robots\" content=\"index, follow, max-snippet:-1, max-image-preview:large, max-video-preview:-1\" \/>\n<link rel=\"canonical\" href=\"http:\/\/52.77.24.187\/vi\/san-pham\/psbc-jasmine-ipa-2\/\" \/>\n<meta property=\"og:locale\" content=\"vi_VN\" \/>\n<meta property=\"og:type\" content=\"article\" \/>\n<meta property=\"og:title\" content=\"Pasteur Street Jasmine IPA - The Bottle Shop\" \/>\n<meta property=\"og:description\" content=\"Pasteur Street Jasmine IPA. IPA ph\u1ed5 bi\u1ebfn v\u00e0 b\u00e1n ch\u1ea1y nh\u1ea5t t\u1ea1i Vi\u1ec7t Nam k\u1ec3 t\u1eeb khi ra m\u1eaft. Bia ch\u1ee7 l\u1ef1c c\u1ee7a Pasteur Street! C\u1ed5 \u0111i\u1ec3n, Trong v\u1eaft, Th\u01a1m n\u1ed3ng 6.5%\" \/>\n<meta property=\"og:url\" content=\"http:\/\/52.77.24.187\/vi\/san-pham\/psbc-jasmine-ipa-2\/\" \/>\n<meta property=\"og:site_name\" content=\"The Bottle Shop\" \/>\n<meta property=\"article:publisher\" content=\"https:\/\/www.facebook.com\/thebottleshopvietnam\" \/>\n<meta property=\"article:modified_time\" content=\"2025-06-05T03:52:49+00:00\" \/>\n<meta property=\"og:image\" content=\"https:\/\/mlsrfcxkkbzg.i.optimole.com\/cb:JbP2.215d7\/w:auto\/h:auto\/q:mauto\/ig:avif\/http:\/\/52.77.24.187\/wp-content\/uploads\/2022\/01\/Pasteur-Street-Jasmine-IPA.png\" \/>\n\t<meta property=\"og:image:width\" content=\"993\" \/>\n\t<meta property=\"og:image:height\" content=\"993\" \/>\n\t<meta property=\"og:image:type\" content=\"image\/png\" \/>\n<meta name=\"twitter:card\" content=\"summary_large_image\" \/>\n<meta name=\"twitter:label1\" content=\"Est. reading time\" \/>\n\t<meta name=\"twitter:data1\" content=\"1 minute\" \/>\n<script type=\"application\/ld+json\" class=\"yoast-schema-graph\">{\"@context\":\"https:\/\/schema.org\",\"@graph\":[{\"@type\":\"WebPage\",\"@id\":\"http:\/\/52.77.24.187\/vi\/san-pham\/psbc-jasmine-ipa-2\/\",\"url\":\"http:\/\/52.77.24.187\/vi\/san-pham\/psbc-jasmine-ipa-2\/\",\"name\":\"Pasteur Street Jasmine IPA - The Bottle Shop\",\"isPartOf\":{\"@id\":\"http:\/\/52.77.24.187\/#website\"},\"primaryImageOfPage\":{\"@id\":\"http:\/\/52.77.24.187\/vi\/san-pham\/psbc-jasmine-ipa-2\/#primaryimage\"},\"image\":{\"@id\":\"http:\/\/52.77.24.187\/vi\/san-pham\/psbc-jasmine-ipa-2\/#primaryimage\"},\"thumbnailUrl\":\"https:\/\/mlsrfcxkkbzg.i.optimole.com\/cb:JbP2.215d7\/w:auto\/h:auto\/q:mauto\/ig:avif\/https:\/\/thebottleshop.vn\/wp-content\/uploads\/2022\/01\/Pasteur-Street-Jasmine-IPA.png\",\"datePublished\":\"2021-12-02T18:12:00+00:00\",\"dateModified\":\"2025-06-05T03:52:49+00:00\",\"description\":\"Pasteur Street Jasmine IPA. IPA ph\u1ed5 bi\u1ebfn v\u00e0 b\u00e1n ch\u1ea1y nh\u1ea5t t\u1ea1i Vi\u1ec7t Nam k\u1ec3 t\u1eeb khi ra m\u1eaft. Bia ch\u1ee7 l\u1ef1c c\u1ee7a Pasteur Street! C\u1ed5 \u0111i\u1ec3n, Trong v\u1eaft, Th\u01a1m n\u1ed3ng 6.5%\",\"breadcrumb\":{\"@id\":\"http:\/\/52.77.24.187\/vi\/san-pham\/psbc-jasmine-ipa-2\/#breadcrumb\"},\"inLanguage\":\"vi-VN\",\"potentialAction\":[{\"@type\":\"ReadAction\",\"target\":[\"http:\/\/52.77.24.187\/vi\/san-pham\/psbc-jasmine-ipa-2\/\"]}]},{\"@type\":\"ImageObject\",\"inLanguage\":\"vi-VN\",\"@id\":\"http:\/\/52.77.24.187\/vi\/san-pham\/psbc-jasmine-ipa-2\/#primaryimage\",\"url\":\"https:\/\/mlsrfcxkkbzg.i.optimole.com\/cb:JbP2.215d7\/w:auto\/h:auto\/q:mauto\/ig:avif\/https:\/\/thebottleshop.vn\/wp-content\/uploads\/2022\/01\/Pasteur-Street-Jasmine-IPA.png\",\"contentUrl\":\"https:\/\/mlsrfcxkkbzg.i.optimole.com\/cb:JbP2.215d7\/w:auto\/h:auto\/q:mauto\/ig:avif\/https:\/\/thebottleshop.vn\/wp-content\/uploads\/2022\/01\/Pasteur-Street-Jasmine-IPA.png\",\"width\":993,\"height\":993,\"caption\":\"Pasteur-Street-Jasmine-IPA\"},{\"@type\":\"BreadcrumbList\",\"@id\":\"http:\/\/52.77.24.187\/vi\/san-pham\/psbc-jasmine-ipa-2\/#breadcrumb\",\"itemListElement\":[{\"@type\":\"ListItem\",\"position\":1,\"name\":\"Home\",\"item\":\"http:\/\/52.77.24.187\/vi\/test-popup-vi\/\"},{\"@type\":\"ListItem\",\"position\":2,\"name\":\"C\u1eeda h\u00e0ng\",\"item\":\"http:\/\/52.77.24.187\/vi\/cua-hang\/\"},{\"@type\":\"ListItem\",\"position\":3,\"name\":\"Pasteur Street Jasmine IPA\"}]},{\"@type\":\"WebSite\",\"@id\":\"http:\/\/52.77.24.187\/#website\",\"url\":\"http:\/\/52.77.24.187\/\",\"name\":\"The Bottle Shop\",\"description\":\"All beers are not created equal\",\"publisher\":{\"@id\":\"http:\/\/52.77.24.187\/#organization\"},\"potentialAction\":[{\"@type\":\"SearchAction\",\"target\":{\"@type\":\"EntryPoint\",\"urlTemplate\":\"http:\/\/52.77.24.187\/?s={search_term_string}\"},\"query-input\":{\"@type\":\"PropertyValueSpecification\",\"valueRequired\":true,\"valueName\":\"search_term_string\"}}],\"inLanguage\":\"vi-VN\"},{\"@type\":\"Organization\",\"@id\":\"http:\/\/52.77.24.187\/#organization\",\"name\":\"The Bottle Shop\",\"url\":\"http:\/\/52.77.24.187\/\",\"logo\":{\"@type\":\"ImageObject\",\"inLanguage\":\"vi-VN\",\"@id\":\"http:\/\/52.77.24.187\/#\/schema\/logo\/image\/\",\"url\":\"https:\/\/mlsrfcxkkbzg.i.optimole.com\/cb:JbP2.215d7\/w:auto\/h:auto\/q:mauto\/ig:avif\/https:\/\/thebottleshop.vn\/wp-content\/uploads\/2022\/10\/The-Bottle-Shop-Online-Logo.png\",\"contentUrl\":\"https:\/\/mlsrfcxkkbzg.i.optimole.com\/cb:JbP2.215d7\/w:auto\/h:auto\/q:mauto\/ig:avif\/https:\/\/thebottleshop.vn\/wp-content\/uploads\/2022\/10\/The-Bottle-Shop-Online-Logo.png\",\"width\":145,\"height\":147,\"caption\":\"The Bottle Shop\"},\"image\":{\"@id\":\"http:\/\/52.77.24.187\/#\/schema\/logo\/image\/\"},\"sameAs\":[\"https:\/\/www.facebook.com\/thebottleshopvietnam\",\"https:\/\/www.instagram.com\/thebottleshop_vietnam\/\"]}]}<\/script>\n<!-- \/ Yoast SEO plugin. -->","yoast_head_json":{"title":"Pasteur Street Jasmine IPA - The Bottle Shop","description":"Pasteur Street Jasmine IPA. IPA ph\u1ed5 bi\u1ebfn v\u00e0 b\u00e1n ch\u1ea1y nh\u1ea5t t\u1ea1i Vi\u1ec7t Nam k\u1ec3 t\u1eeb khi ra m\u1eaft. Bia ch\u1ee7 l\u1ef1c c\u1ee7a Pasteur Street! C\u1ed5 \u0111i\u1ec3n, Trong v\u1eaft, Th\u01a1m n\u1ed3ng 6.5%","robots":{"index":"index","follow":"follow","max-snippet":"max-snippet:-1","max-image-preview":"max-image-preview:large","max-video-preview":"max-video-preview:-1"},"canonical":"http:\/\/52.77.24.187\/vi\/san-pham\/psbc-jasmine-ipa-2\/","og_locale":"vi_VN","og_type":"article","og_title":"Pasteur Street Jasmine IPA - The Bottle Shop","og_description":"Pasteur Street Jasmine IPA. IPA ph\u1ed5 bi\u1ebfn v\u00e0 b\u00e1n ch\u1ea1y nh\u1ea5t t\u1ea1i Vi\u1ec7t Nam k\u1ec3 t\u1eeb khi ra m\u1eaft. Bia ch\u1ee7 l\u1ef1c c\u1ee7a Pasteur Street! C\u1ed5 \u0111i\u1ec3n, Trong v\u1eaft, Th\u01a1m n\u1ed3ng 6.5%","og_url":"http:\/\/52.77.24.187\/vi\/san-pham\/psbc-jasmine-ipa-2\/","og_site_name":"The Bottle Shop","article_publisher":"https:\/\/www.facebook.com\/thebottleshopvietnam","article_modified_time":"2025-06-05T03:52:49+00:00","og_image":[{"width":993,"height":993,"url":"https:\/\/mlsrfcxkkbzg.i.optimole.com\/cb:JbP2.215d7\/w:auto\/h:auto\/q:mauto\/ig:avif\/http:\/\/52.77.24.187\/wp-content\/uploads\/2022\/01\/Pasteur-Street-Jasmine-IPA.png","type":"image\/png"}],"twitter_card":"summary_large_image","twitter_misc":{"Est. reading time":"1 minute"},"schema":{"@context":"https:\/\/schema.org","@graph":[{"@type":"WebPage","@id":"http:\/\/52.77.24.187\/vi\/san-pham\/psbc-jasmine-ipa-2\/","url":"http:\/\/52.77.24.187\/vi\/san-pham\/psbc-jasmine-ipa-2\/","name":"Pasteur Street Jasmine IPA - The Bottle Shop","isPartOf":{"@id":"http:\/\/52.77.24.187\/#website"},"primaryImageOfPage":{"@id":"http:\/\/52.77.24.187\/vi\/san-pham\/psbc-jasmine-ipa-2\/#primaryimage"},"image":{"@id":"http:\/\/52.77.24.187\/vi\/san-pham\/psbc-jasmine-ipa-2\/#primaryimage"},"thumbnailUrl":"https:\/\/mlsrfcxkkbzg.i.optimole.com\/cb:JbP2.215d7\/w:auto\/h:auto\/q:mauto\/ig:avif\/https:\/\/thebottleshop.vn\/wp-content\/uploads\/2022\/01\/Pasteur-Street-Jasmine-IPA.png","datePublished":"2021-12-02T18:12:00+00:00","dateModified":"2025-06-05T03:52:49+00:00","description":"Pasteur Street Jasmine IPA. IPA ph\u1ed5 bi\u1ebfn v\u00e0 b\u00e1n ch\u1ea1y nh\u1ea5t t\u1ea1i Vi\u1ec7t Nam k\u1ec3 t\u1eeb khi ra m\u1eaft. Bia ch\u1ee7 l\u1ef1c c\u1ee7a Pasteur Street! C\u1ed5 \u0111i\u1ec3n, Trong v\u1eaft, Th\u01a1m n\u1ed3ng 6.5%","breadcrumb":{"@id":"http:\/\/52.77.24.187\/vi\/san-pham\/psbc-jasmine-ipa-2\/#breadcrumb"},"inLanguage":"vi-VN","potentialAction":[{"@type":"ReadAction","target":["http:\/\/52.77.24.187\/vi\/san-pham\/psbc-jasmine-ipa-2\/"]}]},{"@type":"ImageObject","inLanguage":"vi-VN","@id":"http:\/\/52.77.24.187\/vi\/san-pham\/psbc-jasmine-ipa-2\/#primaryimage","url":"https:\/\/mlsrfcxkkbzg.i.optimole.com\/cb:JbP2.215d7\/w:auto\/h:auto\/q:mauto\/ig:avif\/https:\/\/thebottleshop.vn\/wp-content\/uploads\/2022\/01\/Pasteur-Street-Jasmine-IPA.png","contentUrl":"https:\/\/mlsrfcxkkbzg.i.optimole.com\/cb:JbP2.215d7\/w:auto\/h:auto\/q:mauto\/ig:avif\/https:\/\/thebottleshop.vn\/wp-content\/uploads\/2022\/01\/Pasteur-Street-Jasmine-IPA.png","width":993,"height":993,"caption":"Pasteur-Street-Jasmine-IPA"},{"@type":"BreadcrumbList","@id":"http:\/\/52.77.24.187\/vi\/san-pham\/psbc-jasmine-ipa-2\/#breadcrumb","itemListElement":[{"@type":"ListItem","position":1,"name":"Home","item":"http:\/\/52.77.24.187\/vi\/test-popup-vi\/"},{"@type":"ListItem","position":2,"name":"C\u1eeda h\u00e0ng","item":"http:\/\/52.77.24.187\/vi\/cua-hang\/"},{"@type":"ListItem","position":3,"name":"Pasteur Street Jasmine IPA"}]},{"@type":"WebSite","@id":"http:\/\/52.77.24.187\/#website","url":"http:\/\/52.77.24.187\/","name":"The Bottle Shop","description":"All beers are not created equal","publisher":{"@id":"http:\/\/52.77.24.187\/#organization"},"potentialAction":[{"@type":"SearchAction","target":{"@type":"EntryPoint","urlTemplate":"http:\/\/52.77.24.187\/?s={search_term_string}"},"query-input":{"@type":"PropertyValueSpecification","valueRequired":true,"valueName":"search_term_string"}}],"inLanguage":"vi-VN"},{"@type":"Organization","@id":"http:\/\/52.77.24.187\/#organization","name":"The Bottle Shop","url":"http:\/\/52.77.24.187\/","logo":{"@type":"ImageObject","inLanguage":"vi-VN","@id":"http:\/\/52.77.24.187\/#\/schema\/logo\/image\/","url":"https:\/\/mlsrfcxkkbzg.i.optimole.com\/cb:JbP2.215d7\/w:auto\/h:auto\/q:mauto\/ig:avif\/https:\/\/thebottleshop.vn\/wp-content\/uploads\/2022\/10\/The-Bottle-Shop-Online-Logo.png","contentUrl":"https:\/\/mlsrfcxkkbzg.i.optimole.com\/cb:JbP2.215d7\/w:auto\/h:auto\/q:mauto\/ig:avif\/https:\/\/thebottleshop.vn\/wp-content\/uploads\/2022\/10\/The-Bottle-Shop-Online-Logo.png","width":145,"height":147,"caption":"The Bottle Shop"},"image":{"@id":"http:\/\/52.77.24.187\/#\/schema\/logo\/image\/"},"sameAs":["https:\/\/www.facebook.com\/thebottleshopvietnam","https:\/\/www.instagram.com\/thebottleshop_vietnam\/"]}]}},"_links":{"self":[{"href":"https:\/\/thebottleshop.vn\/vi\/wp-json\/wp\/v2\/product\/13124","targetHints":{"allow":["GET"]}}],"collection":[{"href":"https:\/\/thebottleshop.vn\/vi\/wp-json\/wp\/v2\/product"}],"about":[{"href":"https:\/\/thebottleshop.vn\/vi\/wp-json\/wp\/v2\/types\/product"}],"replies":[{"embeddable":true,"href":"https:\/\/thebottleshop.vn\/vi\/wp-json\/wp\/v2\/comments?post=13124"}],"wp:featuredmedia":[{"embeddable":true,"href":"https:\/\/thebottleshop.vn\/vi\/wp-json\/wp\/v2\/media\/11862"}],"wp:attachment":[{"href":"https:\/\/thebottleshop.vn\/vi\/wp-json\/wp\/v2\/media?parent=13124"}],"wp:term":[{"taxonomy":"product_brand","embeddable":true,"href":"https:\/\/thebottleshop.vn\/vi\/wp-json\/wp\/v2\/product_brand?post=13124"},{"taxonomy":"product_cat","embeddable":true,"href":"https:\/\/thebottleshop.vn\/vi\/wp-json\/wp\/v2\/product_cat?post=13124"},{"taxonomy":"product_tag","embeddable":true,"href":"https:\/\/thebottleshop.vn\/vi\/wp-json\/wp\/v2\/product_tag?post=13124"}],"curies":[{"name":"wp","href":"https:\/\/api.w.org\/{rel}","templated":true}]}}