{"id":13148,"date":"2021-12-03T09:45:13","date_gmt":"2022-02-18T03:13:58","guid":{"rendered":"https:\/\/thebottleshop.vn\/product\/7-bridges-beach-blonde-ale\/"},"modified":"2025-06-05T10:51:25","modified_gmt":"2025-06-05T03:51:25","slug":"7bridges-beach-blonde-ale-2","status":"publish","type":"product","link":"https:\/\/thebottleshop.vn\/vi\/san-pham\/7bridges-beach-blonde-ale-2\/","title":{"rendered":"7 Bridges Beach Blonde Ale"},"content":{"rendered":"<p>7 Bridges Beach Blonde Ale l\u00e0 lo\u1ea1i bia t\u01b0\u01a1i s\u00e1ng, s\u1ea3ng kho\u00e1i v\u00e0 gi\u00f2n tan, l\u00e0 lo\u1ea1i bia ho\u00e0n h\u1ea3o cho m\u1ed9t ng\u00e0y \u1edf b\u00e3i bi\u1ec3n ho\u1eb7c m\u1ed9t bu\u1ed5i t\u1ed1i v\u1edbi b\u1ea1n b\u00e8. \u0110\u01b0\u1ee3c \u1ee7 nh\u1eb9 nh\u00e0ng v\u1edbi hoa bia Willamette, vua c\u1ee7a c\u00e1c lo\u1ea1i hoa bia th\u01a1m, \u0111\u1ec3 mang \u0111\u1ebfn h\u01b0\u01a1ng v\u1ecb cay n\u1ed3ng, h\u01b0\u01a1ng hoa v\u00e0 h\u01b0\u01a1ng tr\u00e1i c\u00e2y cho m\u1ed9t lo\u1ea1i bia tuy\u1ec7t v\u1eddi. <\/p>\n<p>&#8212;&#8211;<br \/>\n Xem h\u00ecnh \u1ea3nh \u0111\u1ec3 bi\u1ebft \u0111\u1ea7y \u0111\u1ee7 th\u00f4ng tin chi ti\u1ebft v\u1ec1 ngu\u1ed3n g\u1ed1c, th\u00e0nh ph\u1ea7n v\u00e0 y\u00eau c\u1ea7u b\u1ea3o qu\u1ea3n c\u1ee7a s\u1ea3n ph\u1ea9m n\u00e0y.<\/p>\n","protected":false},"excerpt":{"rendered":"<p><strong>V\u00e0ng t\u01b0\u01a1i, Thanh m\u00e1t, Ng\u1ecdt nh\u1eb9 5%<\/strong><\/p>\n","protected":false},"featured_media":21240,"comment_status":"open","ping_status":"closed","template":"","meta":{"_acf_changed":false},"product_brand":[],"product_cat":[378,347,370,337,354,391,400,351,366,345,377,339,341,352,344,387],"product_tag":[],"class_list":{"0":"post-13148","1":"product","2":"type-product","3":"status-publish","4":"has-post-thumbnail","6":"product_cat-00-19","7":"product_cat-4-5-9","8":"product_cat-7-bridges","9":"product_cat-bia-va-cider","10":"product_cat-75k-99k","11":"product_cat-vietnam-danang","12":"product_cat-bia-vang","13":"product_cat-dong-bia","14":"product_cat-nha-san-xuat","15":"product_cat-abv-vi","16":"product_cat-ibu","17":"product_cat-xuat-xu","18":"product_cat-dong-goi","19":"product_cat-gia","20":"product_cat-lon-330-ml","21":"product_cat-thung-24-lon","22":"pa_pack_type-can-330ml-vi","23":"pa_pack_type-thung-24","25":"first","26":"instock","27":"sale","28":"shipping-taxable","29":"purchasable","30":"product-type-variable","31":"has-default-attributes","32":"add-to-wishlist-before_image"},"acf":[],"yoast_head":"<!-- This site is optimized with the Yoast SEO plugin v27.2 - https:\/\/yoast.com\/product\/yoast-seo-wordpress\/ -->\n<title>7 Bridges Beach Blonde Ale - The Bottle Shop<\/title>\n<meta name=\"description\" content=\"7 Bridges Beach Blonde Ale c\u00f3 h\u01b0\u01a1ng v\u1ecb t\u01b0\u01a1i m\u00e1t, s\u1ea3ng kho\u00e1i v\u00e0 s\u1ea3ng kho\u00e1i, l\u00e0 lo\u1ea1i bia ho\u00e0n h\u1ea3o cho m\u1ed9t ng\u00e0y \u1edf b\u00e3i bi\u1ec3n ho\u1eb7c bu\u1ed5i t\u1ed1i c\u00f9ng b\u1ea1n b\u00e8.\" \/>\n<meta name=\"robots\" content=\"index, follow, max-snippet:-1, max-image-preview:large, max-video-preview:-1\" \/>\n<link rel=\"canonical\" href=\"http:\/\/52.77.24.187\/vi\/san-pham\/7bridges-beach-blonde-ale-2\/\" \/>\n<meta property=\"og:locale\" content=\"vi_VN\" \/>\n<meta property=\"og:type\" content=\"article\" \/>\n<meta property=\"og:title\" content=\"7 Bridges Beach Blonde Ale - The Bottle Shop\" \/>\n<meta property=\"og:description\" content=\"7 Bridges Beach Blonde Ale c\u00f3 h\u01b0\u01a1ng v\u1ecb t\u01b0\u01a1i m\u00e1t, s\u1ea3ng kho\u00e1i v\u00e0 s\u1ea3ng kho\u00e1i, l\u00e0 lo\u1ea1i bia ho\u00e0n h\u1ea3o cho m\u1ed9t ng\u00e0y \u1edf b\u00e3i bi\u1ec3n ho\u1eb7c bu\u1ed5i t\u1ed1i c\u00f9ng b\u1ea1n b\u00e8.\" \/>\n<meta property=\"og:url\" content=\"http:\/\/52.77.24.187\/vi\/san-pham\/7bridges-beach-blonde-ale-2\/\" \/>\n<meta property=\"og:site_name\" content=\"The Bottle Shop\" \/>\n<meta property=\"article:publisher\" content=\"https:\/\/www.facebook.com\/thebottleshopvietnam\" \/>\n<meta property=\"article:modified_time\" content=\"2025-06-05T03:51:25+00:00\" \/>\n<meta property=\"og:image\" content=\"https:\/\/mlsrfcxkkbzg.i.optimole.com\/cb:JbP2.215d7\/w:auto\/h:auto\/q:mauto\/ig:avif\/http:\/\/52.77.24.187\/wp-content\/uploads\/2025\/03\/7-Bridges-Beach-Blonde-can.png\" \/>\n\t<meta property=\"og:image:width\" content=\"1080\" \/>\n\t<meta property=\"og:image:height\" content=\"1080\" \/>\n\t<meta property=\"og:image:type\" content=\"image\/png\" \/>\n<meta name=\"twitter:card\" content=\"summary_large_image\" \/>\n<meta name=\"twitter:label1\" content=\"Est. reading time\" \/>\n\t<meta name=\"twitter:data1\" content=\"1 minute\" \/>\n<script type=\"application\/ld+json\" class=\"yoast-schema-graph\">{\"@context\":\"https:\/\/schema.org\",\"@graph\":[{\"@type\":\"WebPage\",\"@id\":\"http:\/\/52.77.24.187\/vi\/san-pham\/7bridges-beach-blonde-ale-2\/\",\"url\":\"http:\/\/52.77.24.187\/vi\/san-pham\/7bridges-beach-blonde-ale-2\/\",\"name\":\"7 Bridges Beach Blonde Ale - The Bottle Shop\",\"isPartOf\":{\"@id\":\"http:\/\/52.77.24.187\/#website\"},\"primaryImageOfPage\":{\"@id\":\"http:\/\/52.77.24.187\/vi\/san-pham\/7bridges-beach-blonde-ale-2\/#primaryimage\"},\"image\":{\"@id\":\"http:\/\/52.77.24.187\/vi\/san-pham\/7bridges-beach-blonde-ale-2\/#primaryimage\"},\"thumbnailUrl\":\"https:\/\/mlsrfcxkkbzg.i.optimole.com\/cb:JbP2.215d7\/w:auto\/h:auto\/q:mauto\/ig:avif\/https:\/\/thebottleshop.vn\/wp-content\/uploads\/2025\/03\/7-Bridges-Beach-Blonde-can.png\",\"datePublished\":\"2022-02-18T03:13:58+00:00\",\"dateModified\":\"2025-06-05T03:51:25+00:00\",\"description\":\"7 Bridges Beach Blonde Ale c\u00f3 h\u01b0\u01a1ng v\u1ecb t\u01b0\u01a1i m\u00e1t, s\u1ea3ng kho\u00e1i v\u00e0 s\u1ea3ng kho\u00e1i, l\u00e0 lo\u1ea1i bia ho\u00e0n h\u1ea3o cho m\u1ed9t ng\u00e0y \u1edf b\u00e3i bi\u1ec3n ho\u1eb7c bu\u1ed5i t\u1ed1i c\u00f9ng b\u1ea1n b\u00e8.\",\"breadcrumb\":{\"@id\":\"http:\/\/52.77.24.187\/vi\/san-pham\/7bridges-beach-blonde-ale-2\/#breadcrumb\"},\"inLanguage\":\"vi-VN\",\"potentialAction\":[{\"@type\":\"ReadAction\",\"target\":[\"http:\/\/52.77.24.187\/vi\/san-pham\/7bridges-beach-blonde-ale-2\/\"]}]},{\"@type\":\"ImageObject\",\"inLanguage\":\"vi-VN\",\"@id\":\"http:\/\/52.77.24.187\/vi\/san-pham\/7bridges-beach-blonde-ale-2\/#primaryimage\",\"url\":\"https:\/\/mlsrfcxkkbzg.i.optimole.com\/cb:JbP2.215d7\/w:auto\/h:auto\/q:mauto\/ig:avif\/https:\/\/thebottleshop.vn\/wp-content\/uploads\/2025\/03\/7-Bridges-Beach-Blonde-can.png\",\"contentUrl\":\"https:\/\/mlsrfcxkkbzg.i.optimole.com\/cb:JbP2.215d7\/w:auto\/h:auto\/q:mauto\/ig:avif\/https:\/\/thebottleshop.vn\/wp-content\/uploads\/2025\/03\/7-Bridges-Beach-Blonde-can.png\",\"width\":1080,\"height\":1080,\"caption\":\"7 Bridges Beach Blonde can\"},{\"@type\":\"BreadcrumbList\",\"@id\":\"http:\/\/52.77.24.187\/vi\/san-pham\/7bridges-beach-blonde-ale-2\/#breadcrumb\",\"itemListElement\":[{\"@type\":\"ListItem\",\"position\":1,\"name\":\"Home\",\"item\":\"http:\/\/52.77.24.187\/vi\/test-popup-vi\/\"},{\"@type\":\"ListItem\",\"position\":2,\"name\":\"C\u1eeda h\u00e0ng\",\"item\":\"http:\/\/52.77.24.187\/vi\/cua-hang\/\"},{\"@type\":\"ListItem\",\"position\":3,\"name\":\"7 Bridges Beach Blonde Ale\"}]},{\"@type\":\"WebSite\",\"@id\":\"http:\/\/52.77.24.187\/#website\",\"url\":\"http:\/\/52.77.24.187\/\",\"name\":\"The Bottle Shop\",\"description\":\"All beers are not created equal\",\"publisher\":{\"@id\":\"http:\/\/52.77.24.187\/#organization\"},\"potentialAction\":[{\"@type\":\"SearchAction\",\"target\":{\"@type\":\"EntryPoint\",\"urlTemplate\":\"http:\/\/52.77.24.187\/?s={search_term_string}\"},\"query-input\":{\"@type\":\"PropertyValueSpecification\",\"valueRequired\":true,\"valueName\":\"search_term_string\"}}],\"inLanguage\":\"vi-VN\"},{\"@type\":\"Organization\",\"@id\":\"http:\/\/52.77.24.187\/#organization\",\"name\":\"The Bottle Shop\",\"url\":\"http:\/\/52.77.24.187\/\",\"logo\":{\"@type\":\"ImageObject\",\"inLanguage\":\"vi-VN\",\"@id\":\"http:\/\/52.77.24.187\/#\/schema\/logo\/image\/\",\"url\":\"https:\/\/mlsrfcxkkbzg.i.optimole.com\/cb:JbP2.215d7\/w:auto\/h:auto\/q:mauto\/ig:avif\/https:\/\/thebottleshop.vn\/wp-content\/uploads\/2022\/10\/The-Bottle-Shop-Online-Logo.png\",\"contentUrl\":\"https:\/\/mlsrfcxkkbzg.i.optimole.com\/cb:JbP2.215d7\/w:auto\/h:auto\/q:mauto\/ig:avif\/https:\/\/thebottleshop.vn\/wp-content\/uploads\/2022\/10\/The-Bottle-Shop-Online-Logo.png\",\"width\":145,\"height\":147,\"caption\":\"The Bottle Shop\"},\"image\":{\"@id\":\"http:\/\/52.77.24.187\/#\/schema\/logo\/image\/\"},\"sameAs\":[\"https:\/\/www.facebook.com\/thebottleshopvietnam\",\"https:\/\/www.instagram.com\/thebottleshop_vietnam\/\"]}]}<\/script>\n<!-- \/ Yoast SEO plugin. -->","yoast_head_json":{"title":"7 Bridges Beach Blonde Ale - The Bottle Shop","description":"7 Bridges Beach Blonde Ale c\u00f3 h\u01b0\u01a1ng v\u1ecb t\u01b0\u01a1i m\u00e1t, s\u1ea3ng kho\u00e1i v\u00e0 s\u1ea3ng kho\u00e1i, l\u00e0 lo\u1ea1i bia ho\u00e0n h\u1ea3o cho m\u1ed9t ng\u00e0y \u1edf b\u00e3i bi\u1ec3n ho\u1eb7c bu\u1ed5i t\u1ed1i c\u00f9ng b\u1ea1n b\u00e8.","robots":{"index":"index","follow":"follow","max-snippet":"max-snippet:-1","max-image-preview":"max-image-preview:large","max-video-preview":"max-video-preview:-1"},"canonical":"http:\/\/52.77.24.187\/vi\/san-pham\/7bridges-beach-blonde-ale-2\/","og_locale":"vi_VN","og_type":"article","og_title":"7 Bridges Beach Blonde Ale - The Bottle Shop","og_description":"7 Bridges Beach Blonde Ale c\u00f3 h\u01b0\u01a1ng v\u1ecb t\u01b0\u01a1i m\u00e1t, s\u1ea3ng kho\u00e1i v\u00e0 s\u1ea3ng kho\u00e1i, l\u00e0 lo\u1ea1i bia ho\u00e0n h\u1ea3o cho m\u1ed9t ng\u00e0y \u1edf b\u00e3i bi\u1ec3n ho\u1eb7c bu\u1ed5i t\u1ed1i c\u00f9ng b\u1ea1n b\u00e8.","og_url":"http:\/\/52.77.24.187\/vi\/san-pham\/7bridges-beach-blonde-ale-2\/","og_site_name":"The Bottle Shop","article_publisher":"https:\/\/www.facebook.com\/thebottleshopvietnam","article_modified_time":"2025-06-05T03:51:25+00:00","og_image":[{"width":1080,"height":1080,"url":"https:\/\/mlsrfcxkkbzg.i.optimole.com\/cb:JbP2.215d7\/w:auto\/h:auto\/q:mauto\/ig:avif\/http:\/\/52.77.24.187\/wp-content\/uploads\/2025\/03\/7-Bridges-Beach-Blonde-can.png","type":"image\/png"}],"twitter_card":"summary_large_image","twitter_misc":{"Est. reading time":"1 minute"},"schema":{"@context":"https:\/\/schema.org","@graph":[{"@type":"WebPage","@id":"http:\/\/52.77.24.187\/vi\/san-pham\/7bridges-beach-blonde-ale-2\/","url":"http:\/\/52.77.24.187\/vi\/san-pham\/7bridges-beach-blonde-ale-2\/","name":"7 Bridges Beach Blonde Ale - The Bottle Shop","isPartOf":{"@id":"http:\/\/52.77.24.187\/#website"},"primaryImageOfPage":{"@id":"http:\/\/52.77.24.187\/vi\/san-pham\/7bridges-beach-blonde-ale-2\/#primaryimage"},"image":{"@id":"http:\/\/52.77.24.187\/vi\/san-pham\/7bridges-beach-blonde-ale-2\/#primaryimage"},"thumbnailUrl":"https:\/\/mlsrfcxkkbzg.i.optimole.com\/cb:JbP2.215d7\/w:auto\/h:auto\/q:mauto\/ig:avif\/https:\/\/thebottleshop.vn\/wp-content\/uploads\/2025\/03\/7-Bridges-Beach-Blonde-can.png","datePublished":"2022-02-18T03:13:58+00:00","dateModified":"2025-06-05T03:51:25+00:00","description":"7 Bridges Beach Blonde Ale c\u00f3 h\u01b0\u01a1ng v\u1ecb t\u01b0\u01a1i m\u00e1t, s\u1ea3ng kho\u00e1i v\u00e0 s\u1ea3ng kho\u00e1i, l\u00e0 lo\u1ea1i bia ho\u00e0n h\u1ea3o cho m\u1ed9t ng\u00e0y \u1edf b\u00e3i bi\u1ec3n ho\u1eb7c bu\u1ed5i t\u1ed1i c\u00f9ng b\u1ea1n b\u00e8.","breadcrumb":{"@id":"http:\/\/52.77.24.187\/vi\/san-pham\/7bridges-beach-blonde-ale-2\/#breadcrumb"},"inLanguage":"vi-VN","potentialAction":[{"@type":"ReadAction","target":["http:\/\/52.77.24.187\/vi\/san-pham\/7bridges-beach-blonde-ale-2\/"]}]},{"@type":"ImageObject","inLanguage":"vi-VN","@id":"http:\/\/52.77.24.187\/vi\/san-pham\/7bridges-beach-blonde-ale-2\/#primaryimage","url":"https:\/\/mlsrfcxkkbzg.i.optimole.com\/cb:JbP2.215d7\/w:auto\/h:auto\/q:mauto\/ig:avif\/https:\/\/thebottleshop.vn\/wp-content\/uploads\/2025\/03\/7-Bridges-Beach-Blonde-can.png","contentUrl":"https:\/\/mlsrfcxkkbzg.i.optimole.com\/cb:JbP2.215d7\/w:auto\/h:auto\/q:mauto\/ig:avif\/https:\/\/thebottleshop.vn\/wp-content\/uploads\/2025\/03\/7-Bridges-Beach-Blonde-can.png","width":1080,"height":1080,"caption":"7 Bridges Beach Blonde can"},{"@type":"BreadcrumbList","@id":"http:\/\/52.77.24.187\/vi\/san-pham\/7bridges-beach-blonde-ale-2\/#breadcrumb","itemListElement":[{"@type":"ListItem","position":1,"name":"Home","item":"http:\/\/52.77.24.187\/vi\/test-popup-vi\/"},{"@type":"ListItem","position":2,"name":"C\u1eeda h\u00e0ng","item":"http:\/\/52.77.24.187\/vi\/cua-hang\/"},{"@type":"ListItem","position":3,"name":"7 Bridges Beach Blonde Ale"}]},{"@type":"WebSite","@id":"http:\/\/52.77.24.187\/#website","url":"http:\/\/52.77.24.187\/","name":"The Bottle Shop","description":"All beers are not created equal","publisher":{"@id":"http:\/\/52.77.24.187\/#organization"},"potentialAction":[{"@type":"SearchAction","target":{"@type":"EntryPoint","urlTemplate":"http:\/\/52.77.24.187\/?s={search_term_string}"},"query-input":{"@type":"PropertyValueSpecification","valueRequired":true,"valueName":"search_term_string"}}],"inLanguage":"vi-VN"},{"@type":"Organization","@id":"http:\/\/52.77.24.187\/#organization","name":"The Bottle Shop","url":"http:\/\/52.77.24.187\/","logo":{"@type":"ImageObject","inLanguage":"vi-VN","@id":"http:\/\/52.77.24.187\/#\/schema\/logo\/image\/","url":"https:\/\/mlsrfcxkkbzg.i.optimole.com\/cb:JbP2.215d7\/w:auto\/h:auto\/q:mauto\/ig:avif\/https:\/\/thebottleshop.vn\/wp-content\/uploads\/2022\/10\/The-Bottle-Shop-Online-Logo.png","contentUrl":"https:\/\/mlsrfcxkkbzg.i.optimole.com\/cb:JbP2.215d7\/w:auto\/h:auto\/q:mauto\/ig:avif\/https:\/\/thebottleshop.vn\/wp-content\/uploads\/2022\/10\/The-Bottle-Shop-Online-Logo.png","width":145,"height":147,"caption":"The Bottle Shop"},"image":{"@id":"http:\/\/52.77.24.187\/#\/schema\/logo\/image\/"},"sameAs":["https:\/\/www.facebook.com\/thebottleshopvietnam","https:\/\/www.instagram.com\/thebottleshop_vietnam\/"]}]}},"_links":{"self":[{"href":"https:\/\/thebottleshop.vn\/vi\/wp-json\/wp\/v2\/product\/13148","targetHints":{"allow":["GET"]}}],"collection":[{"href":"https:\/\/thebottleshop.vn\/vi\/wp-json\/wp\/v2\/product"}],"about":[{"href":"https:\/\/thebottleshop.vn\/vi\/wp-json\/wp\/v2\/types\/product"}],"replies":[{"embeddable":true,"href":"https:\/\/thebottleshop.vn\/vi\/wp-json\/wp\/v2\/comments?post=13148"}],"wp:featuredmedia":[{"embeddable":true,"href":"https:\/\/thebottleshop.vn\/vi\/wp-json\/wp\/v2\/media\/21240"}],"wp:attachment":[{"href":"https:\/\/thebottleshop.vn\/vi\/wp-json\/wp\/v2\/media?parent=13148"}],"wp:term":[{"taxonomy":"product_brand","embeddable":true,"href":"https:\/\/thebottleshop.vn\/vi\/wp-json\/wp\/v2\/product_brand?post=13148"},{"taxonomy":"product_cat","embeddable":true,"href":"https:\/\/thebottleshop.vn\/vi\/wp-json\/wp\/v2\/product_cat?post=13148"},{"taxonomy":"product_tag","embeddable":true,"href":"https:\/\/thebottleshop.vn\/vi\/wp-json\/wp\/v2\/product_tag?post=13148"}],"curies":[{"name":"wp","href":"https:\/\/api.w.org\/{rel}","templated":true}]}}