{"id":13150,"date":"2021-12-03T09:50:48","date_gmt":"2021-12-03T02:50:48","guid":{"rendered":"https:\/\/thebottleshop.vn\/product\/7-bridges-imperial-ipa\/"},"modified":"2025-06-05T10:49:44","modified_gmt":"2025-06-05T03:49:44","slug":"7-bridges-imperial-ipa-2","status":"publish","type":"product","link":"https:\/\/thebottleshop.vn\/vi\/san-pham\/7-bridges-imperial-ipa-2\/","title":{"rendered":"7 Bridges Imperial IPA"},"content":{"rendered":"<p>7 Bridges Imperial IPA c\u00f3 h\u01b0\u01a1ng hoa bia n\u1ed3ng n\u00e0n v\u00e0 tr\u00e1i c\u00e2y, lo\u1ea1i bia t\u01b0\u01a1i s\u00e1ng n\u00e0y l\u00e0 t\u1ea5t c\u1ea3 nh\u1eefng g\u00ec m\u00e0 m\u1ed9t ng\u01b0\u1eddi nghi\u1ec7n hoa bia th\u1ef1c th\u1ee5 y\u00eau th\u00edch. \u0110\u01b0\u1ee3c th\u1ef1c hi\u1ec7n m\u1ed9t c\u00e1ch kh\u00e9o l\u00e9o m\u00e0 kh\u00f4ng th\u1ecfa hi\u1ec7p, c\u1ef1c m\u1ea1nh, c\u00e2n b\u1eb1ng ho\u00e0n h\u1ea3o v\u00e0 \u0111\u01b0\u1ee3c l\u00e0m t\u1eeb t\u1ea5t c\u1ea3 c\u00e1c th\u00e0nh ph\u1ea7n t\u1ef1 nhi\u00ean. <\/p>\n<p>&#8212;&#8211;<br \/>\n Xem h\u00ecnh \u1ea3nh \u0111\u1ec3 bi\u1ebft \u0111\u1ea7y \u0111\u1ee7 th\u00f4ng tin chi ti\u1ebft v\u1ec1 ngu\u1ed3n g\u1ed1c, th\u00e0nh ph\u1ea7n v\u00e0 y\u00eau c\u1ea7u b\u1ea3o qu\u1ea3n c\u1ee7a s\u1ea3n ph\u1ea9m n\u00e0y.<\/p>\n","protected":false},"excerpt":{"rendered":"<p><strong>M\u1ea1nh m\u1ebd, Tr\u00e0n \u0111\u1ea7y, Hoppy 9%<\/strong><\/p>\n","protected":false},"featured_media":21483,"comment_status":"open","ping_status":"closed","template":"","meta":{"_acf_changed":false},"product_brand":[],"product_cat":[337,370,354,380,391,350,351,366,345,377,339,341,352,359,344,387],"product_tag":[],"class_list":{"0":"post-13150","1":"product","2":"type-product","3":"status-publish","4":"has-post-thumbnail","6":"product_cat-bia-va-cider","7":"product_cat-7-bridges","8":"product_cat-75k-99k","9":"product_cat-40-59","10":"product_cat-vietnam-danang","11":"product_cat-8-9-9","12":"product_cat-dong-bia","13":"product_cat-nha-san-xuat","14":"product_cat-abv-vi","15":"product_cat-ibu","16":"product_cat-xuat-xu","17":"product_cat-dong-goi","18":"product_cat-gia","19":"product_cat-ipa","20":"product_cat-lon-330-ml","21":"product_cat-thung-24-lon","22":"pa_pack_type-can-330ml-vi","23":"pa_pack_type-thung-24","25":"first","26":"outofstock","27":"shipping-taxable","28":"purchasable","29":"product-type-variable","30":"has-default-attributes","31":"add-to-wishlist-before_image"},"acf":[],"yoast_head":"<!-- This site is optimized with the Yoast SEO plugin v27.2 - https:\/\/yoast.com\/product\/yoast-seo-wordpress\/ -->\n<title>7 Bridges Imperial IPA - The Bottle Shop<\/title>\n<meta name=\"description\" content=\"7 Bridges Imperial IPA c\u00f3 h\u01b0\u01a1ng hoa bia n\u1ed3ng n\u00e0n v\u00e0 tr\u00e1i c\u00e2y, lo\u1ea1i bia t\u01b0\u01a1i s\u00e1ng n\u00e0y l\u00e0 t\u1ea5t c\u1ea3 nh\u1eefng g\u00ec m\u00e0 m\u1ed9t ng\u01b0\u1eddi nghi\u1ec7n hoa bia th\u1ef1c th\u1ee5 y\u00eau th\u00edch. \u0110\u01b0\u1ee3c th\u1ef1c hi\u1ec7n m\u1ed9t c\u00e1ch \u0111i\u00eau luy\u1ec7n.\" \/>\n<meta name=\"robots\" content=\"index, follow, max-snippet:-1, max-image-preview:large, max-video-preview:-1\" \/>\n<link rel=\"canonical\" href=\"http:\/\/52.77.24.187\/vi\/san-pham\/7-bridges-imperial-ipa-2\/\" \/>\n<meta property=\"og:locale\" content=\"vi_VN\" \/>\n<meta property=\"og:type\" content=\"article\" \/>\n<meta property=\"og:title\" content=\"7 Bridges Imperial IPA - The Bottle Shop\" \/>\n<meta property=\"og:description\" content=\"7 Bridges Imperial IPA c\u00f3 h\u01b0\u01a1ng hoa bia n\u1ed3ng n\u00e0n v\u00e0 tr\u00e1i c\u00e2y, lo\u1ea1i bia t\u01b0\u01a1i s\u00e1ng n\u00e0y l\u00e0 t\u1ea5t c\u1ea3 nh\u1eefng g\u00ec m\u00e0 m\u1ed9t ng\u01b0\u1eddi nghi\u1ec7n hoa bia th\u1ef1c th\u1ee5 y\u00eau th\u00edch. \u0110\u01b0\u1ee3c th\u1ef1c hi\u1ec7n m\u1ed9t c\u00e1ch \u0111i\u00eau luy\u1ec7n.\" \/>\n<meta property=\"og:url\" content=\"http:\/\/52.77.24.187\/vi\/san-pham\/7-bridges-imperial-ipa-2\/\" \/>\n<meta property=\"og:site_name\" content=\"The Bottle Shop\" \/>\n<meta property=\"article:publisher\" content=\"https:\/\/www.facebook.com\/thebottleshopvietnam\" \/>\n<meta property=\"article:modified_time\" content=\"2025-06-05T03:49:44+00:00\" \/>\n<meta property=\"og:image\" content=\"https:\/\/mlsrfcxkkbzg.i.optimole.com\/cb:JbP2.215d7\/w:auto\/h:auto\/q:mauto\/ig:avif\/http:\/\/52.77.24.187\/wp-content\/uploads\/2023\/05\/7-Bridges-Imperial-IPA-CAN.png\" \/>\n\t<meta property=\"og:image:width\" content=\"1080\" \/>\n\t<meta property=\"og:image:height\" content=\"1080\" \/>\n\t<meta property=\"og:image:type\" content=\"image\/png\" \/>\n<meta name=\"twitter:card\" content=\"summary_large_image\" \/>\n<meta name=\"twitter:label1\" content=\"Est. reading time\" \/>\n\t<meta name=\"twitter:data1\" content=\"1 minute\" \/>\n<script type=\"application\/ld+json\" class=\"yoast-schema-graph\">{\"@context\":\"https:\/\/schema.org\",\"@graph\":[{\"@type\":\"WebPage\",\"@id\":\"http:\/\/52.77.24.187\/vi\/san-pham\/7-bridges-imperial-ipa-2\/\",\"url\":\"http:\/\/52.77.24.187\/vi\/san-pham\/7-bridges-imperial-ipa-2\/\",\"name\":\"7 Bridges Imperial IPA - The Bottle Shop\",\"isPartOf\":{\"@id\":\"http:\/\/52.77.24.187\/#website\"},\"primaryImageOfPage\":{\"@id\":\"http:\/\/52.77.24.187\/vi\/san-pham\/7-bridges-imperial-ipa-2\/#primaryimage\"},\"image\":{\"@id\":\"http:\/\/52.77.24.187\/vi\/san-pham\/7-bridges-imperial-ipa-2\/#primaryimage\"},\"thumbnailUrl\":\"https:\/\/mlsrfcxkkbzg.i.optimole.com\/cb:JbP2.215d7\/w:auto\/h:auto\/q:mauto\/ig:avif\/https:\/\/thebottleshop.vn\/wp-content\/uploads\/2023\/05\/7-Bridges-Imperial-IPA-CAN.png\",\"datePublished\":\"2021-12-03T02:50:48+00:00\",\"dateModified\":\"2025-06-05T03:49:44+00:00\",\"description\":\"7 Bridges Imperial IPA c\u00f3 h\u01b0\u01a1ng hoa bia n\u1ed3ng n\u00e0n v\u00e0 tr\u00e1i c\u00e2y, lo\u1ea1i bia t\u01b0\u01a1i s\u00e1ng n\u00e0y l\u00e0 t\u1ea5t c\u1ea3 nh\u1eefng g\u00ec m\u00e0 m\u1ed9t ng\u01b0\u1eddi nghi\u1ec7n hoa bia th\u1ef1c th\u1ee5 y\u00eau th\u00edch. \u0110\u01b0\u1ee3c th\u1ef1c hi\u1ec7n m\u1ed9t c\u00e1ch \u0111i\u00eau luy\u1ec7n.\",\"breadcrumb\":{\"@id\":\"http:\/\/52.77.24.187\/vi\/san-pham\/7-bridges-imperial-ipa-2\/#breadcrumb\"},\"inLanguage\":\"vi-VN\",\"potentialAction\":[{\"@type\":\"ReadAction\",\"target\":[\"http:\/\/52.77.24.187\/vi\/san-pham\/7-bridges-imperial-ipa-2\/\"]}]},{\"@type\":\"ImageObject\",\"inLanguage\":\"vi-VN\",\"@id\":\"http:\/\/52.77.24.187\/vi\/san-pham\/7-bridges-imperial-ipa-2\/#primaryimage\",\"url\":\"https:\/\/mlsrfcxkkbzg.i.optimole.com\/cb:JbP2.215d7\/w:auto\/h:auto\/q:mauto\/ig:avif\/https:\/\/thebottleshop.vn\/wp-content\/uploads\/2023\/05\/7-Bridges-Imperial-IPA-CAN.png\",\"contentUrl\":\"https:\/\/mlsrfcxkkbzg.i.optimole.com\/cb:JbP2.215d7\/w:auto\/h:auto\/q:mauto\/ig:avif\/https:\/\/thebottleshop.vn\/wp-content\/uploads\/2023\/05\/7-Bridges-Imperial-IPA-CAN.png\",\"width\":1080,\"height\":1080},{\"@type\":\"BreadcrumbList\",\"@id\":\"http:\/\/52.77.24.187\/vi\/san-pham\/7-bridges-imperial-ipa-2\/#breadcrumb\",\"itemListElement\":[{\"@type\":\"ListItem\",\"position\":1,\"name\":\"Home\",\"item\":\"http:\/\/52.77.24.187\/vi\/test-popup-vi\/\"},{\"@type\":\"ListItem\",\"position\":2,\"name\":\"C\u1eeda h\u00e0ng\",\"item\":\"http:\/\/52.77.24.187\/vi\/cua-hang\/\"},{\"@type\":\"ListItem\",\"position\":3,\"name\":\"7 Bridges Imperial IPA\"}]},{\"@type\":\"WebSite\",\"@id\":\"http:\/\/52.77.24.187\/#website\",\"url\":\"http:\/\/52.77.24.187\/\",\"name\":\"The Bottle Shop\",\"description\":\"All beers are not created equal\",\"publisher\":{\"@id\":\"http:\/\/52.77.24.187\/#organization\"},\"potentialAction\":[{\"@type\":\"SearchAction\",\"target\":{\"@type\":\"EntryPoint\",\"urlTemplate\":\"http:\/\/52.77.24.187\/?s={search_term_string}\"},\"query-input\":{\"@type\":\"PropertyValueSpecification\",\"valueRequired\":true,\"valueName\":\"search_term_string\"}}],\"inLanguage\":\"vi-VN\"},{\"@type\":\"Organization\",\"@id\":\"http:\/\/52.77.24.187\/#organization\",\"name\":\"The Bottle Shop\",\"url\":\"http:\/\/52.77.24.187\/\",\"logo\":{\"@type\":\"ImageObject\",\"inLanguage\":\"vi-VN\",\"@id\":\"http:\/\/52.77.24.187\/#\/schema\/logo\/image\/\",\"url\":\"https:\/\/mlsrfcxkkbzg.i.optimole.com\/cb:JbP2.215d7\/w:auto\/h:auto\/q:mauto\/ig:avif\/https:\/\/thebottleshop.vn\/wp-content\/uploads\/2022\/10\/The-Bottle-Shop-Online-Logo.png\",\"contentUrl\":\"https:\/\/mlsrfcxkkbzg.i.optimole.com\/cb:JbP2.215d7\/w:auto\/h:auto\/q:mauto\/ig:avif\/https:\/\/thebottleshop.vn\/wp-content\/uploads\/2022\/10\/The-Bottle-Shop-Online-Logo.png\",\"width\":145,\"height\":147,\"caption\":\"The Bottle Shop\"},\"image\":{\"@id\":\"http:\/\/52.77.24.187\/#\/schema\/logo\/image\/\"},\"sameAs\":[\"https:\/\/www.facebook.com\/thebottleshopvietnam\",\"https:\/\/www.instagram.com\/thebottleshop_vietnam\/\"]}]}<\/script>\n<!-- \/ Yoast SEO plugin. -->","yoast_head_json":{"title":"7 Bridges Imperial IPA - The Bottle Shop","description":"7 Bridges Imperial IPA c\u00f3 h\u01b0\u01a1ng hoa bia n\u1ed3ng n\u00e0n v\u00e0 tr\u00e1i c\u00e2y, lo\u1ea1i bia t\u01b0\u01a1i s\u00e1ng n\u00e0y l\u00e0 t\u1ea5t c\u1ea3 nh\u1eefng g\u00ec m\u00e0 m\u1ed9t ng\u01b0\u1eddi nghi\u1ec7n hoa bia th\u1ef1c th\u1ee5 y\u00eau th\u00edch. \u0110\u01b0\u1ee3c th\u1ef1c hi\u1ec7n m\u1ed9t c\u00e1ch \u0111i\u00eau luy\u1ec7n.","robots":{"index":"index","follow":"follow","max-snippet":"max-snippet:-1","max-image-preview":"max-image-preview:large","max-video-preview":"max-video-preview:-1"},"canonical":"http:\/\/52.77.24.187\/vi\/san-pham\/7-bridges-imperial-ipa-2\/","og_locale":"vi_VN","og_type":"article","og_title":"7 Bridges Imperial IPA - The Bottle Shop","og_description":"7 Bridges Imperial IPA c\u00f3 h\u01b0\u01a1ng hoa bia n\u1ed3ng n\u00e0n v\u00e0 tr\u00e1i c\u00e2y, lo\u1ea1i bia t\u01b0\u01a1i s\u00e1ng n\u00e0y l\u00e0 t\u1ea5t c\u1ea3 nh\u1eefng g\u00ec m\u00e0 m\u1ed9t ng\u01b0\u1eddi nghi\u1ec7n hoa bia th\u1ef1c th\u1ee5 y\u00eau th\u00edch. \u0110\u01b0\u1ee3c th\u1ef1c hi\u1ec7n m\u1ed9t c\u00e1ch \u0111i\u00eau luy\u1ec7n.","og_url":"http:\/\/52.77.24.187\/vi\/san-pham\/7-bridges-imperial-ipa-2\/","og_site_name":"The Bottle Shop","article_publisher":"https:\/\/www.facebook.com\/thebottleshopvietnam","article_modified_time":"2025-06-05T03:49:44+00:00","og_image":[{"width":1080,"height":1080,"url":"https:\/\/mlsrfcxkkbzg.i.optimole.com\/cb:JbP2.215d7\/w:auto\/h:auto\/q:mauto\/ig:avif\/http:\/\/52.77.24.187\/wp-content\/uploads\/2023\/05\/7-Bridges-Imperial-IPA-CAN.png","type":"image\/png"}],"twitter_card":"summary_large_image","twitter_misc":{"Est. reading time":"1 minute"},"schema":{"@context":"https:\/\/schema.org","@graph":[{"@type":"WebPage","@id":"http:\/\/52.77.24.187\/vi\/san-pham\/7-bridges-imperial-ipa-2\/","url":"http:\/\/52.77.24.187\/vi\/san-pham\/7-bridges-imperial-ipa-2\/","name":"7 Bridges Imperial IPA - The Bottle Shop","isPartOf":{"@id":"http:\/\/52.77.24.187\/#website"},"primaryImageOfPage":{"@id":"http:\/\/52.77.24.187\/vi\/san-pham\/7-bridges-imperial-ipa-2\/#primaryimage"},"image":{"@id":"http:\/\/52.77.24.187\/vi\/san-pham\/7-bridges-imperial-ipa-2\/#primaryimage"},"thumbnailUrl":"https:\/\/mlsrfcxkkbzg.i.optimole.com\/cb:JbP2.215d7\/w:auto\/h:auto\/q:mauto\/ig:avif\/https:\/\/thebottleshop.vn\/wp-content\/uploads\/2023\/05\/7-Bridges-Imperial-IPA-CAN.png","datePublished":"2021-12-03T02:50:48+00:00","dateModified":"2025-06-05T03:49:44+00:00","description":"7 Bridges Imperial IPA c\u00f3 h\u01b0\u01a1ng hoa bia n\u1ed3ng n\u00e0n v\u00e0 tr\u00e1i c\u00e2y, lo\u1ea1i bia t\u01b0\u01a1i s\u00e1ng n\u00e0y l\u00e0 t\u1ea5t c\u1ea3 nh\u1eefng g\u00ec m\u00e0 m\u1ed9t ng\u01b0\u1eddi nghi\u1ec7n hoa bia th\u1ef1c th\u1ee5 y\u00eau th\u00edch. \u0110\u01b0\u1ee3c th\u1ef1c hi\u1ec7n m\u1ed9t c\u00e1ch \u0111i\u00eau luy\u1ec7n.","breadcrumb":{"@id":"http:\/\/52.77.24.187\/vi\/san-pham\/7-bridges-imperial-ipa-2\/#breadcrumb"},"inLanguage":"vi-VN","potentialAction":[{"@type":"ReadAction","target":["http:\/\/52.77.24.187\/vi\/san-pham\/7-bridges-imperial-ipa-2\/"]}]},{"@type":"ImageObject","inLanguage":"vi-VN","@id":"http:\/\/52.77.24.187\/vi\/san-pham\/7-bridges-imperial-ipa-2\/#primaryimage","url":"https:\/\/mlsrfcxkkbzg.i.optimole.com\/cb:JbP2.215d7\/w:auto\/h:auto\/q:mauto\/ig:avif\/https:\/\/thebottleshop.vn\/wp-content\/uploads\/2023\/05\/7-Bridges-Imperial-IPA-CAN.png","contentUrl":"https:\/\/mlsrfcxkkbzg.i.optimole.com\/cb:JbP2.215d7\/w:auto\/h:auto\/q:mauto\/ig:avif\/https:\/\/thebottleshop.vn\/wp-content\/uploads\/2023\/05\/7-Bridges-Imperial-IPA-CAN.png","width":1080,"height":1080},{"@type":"BreadcrumbList","@id":"http:\/\/52.77.24.187\/vi\/san-pham\/7-bridges-imperial-ipa-2\/#breadcrumb","itemListElement":[{"@type":"ListItem","position":1,"name":"Home","item":"http:\/\/52.77.24.187\/vi\/test-popup-vi\/"},{"@type":"ListItem","position":2,"name":"C\u1eeda h\u00e0ng","item":"http:\/\/52.77.24.187\/vi\/cua-hang\/"},{"@type":"ListItem","position":3,"name":"7 Bridges Imperial IPA"}]},{"@type":"WebSite","@id":"http:\/\/52.77.24.187\/#website","url":"http:\/\/52.77.24.187\/","name":"The Bottle Shop","description":"All beers are not created equal","publisher":{"@id":"http:\/\/52.77.24.187\/#organization"},"potentialAction":[{"@type":"SearchAction","target":{"@type":"EntryPoint","urlTemplate":"http:\/\/52.77.24.187\/?s={search_term_string}"},"query-input":{"@type":"PropertyValueSpecification","valueRequired":true,"valueName":"search_term_string"}}],"inLanguage":"vi-VN"},{"@type":"Organization","@id":"http:\/\/52.77.24.187\/#organization","name":"The Bottle Shop","url":"http:\/\/52.77.24.187\/","logo":{"@type":"ImageObject","inLanguage":"vi-VN","@id":"http:\/\/52.77.24.187\/#\/schema\/logo\/image\/","url":"https:\/\/mlsrfcxkkbzg.i.optimole.com\/cb:JbP2.215d7\/w:auto\/h:auto\/q:mauto\/ig:avif\/https:\/\/thebottleshop.vn\/wp-content\/uploads\/2022\/10\/The-Bottle-Shop-Online-Logo.png","contentUrl":"https:\/\/mlsrfcxkkbzg.i.optimole.com\/cb:JbP2.215d7\/w:auto\/h:auto\/q:mauto\/ig:avif\/https:\/\/thebottleshop.vn\/wp-content\/uploads\/2022\/10\/The-Bottle-Shop-Online-Logo.png","width":145,"height":147,"caption":"The Bottle Shop"},"image":{"@id":"http:\/\/52.77.24.187\/#\/schema\/logo\/image\/"},"sameAs":["https:\/\/www.facebook.com\/thebottleshopvietnam","https:\/\/www.instagram.com\/thebottleshop_vietnam\/"]}]}},"_links":{"self":[{"href":"https:\/\/thebottleshop.vn\/vi\/wp-json\/wp\/v2\/product\/13150","targetHints":{"allow":["GET"]}}],"collection":[{"href":"https:\/\/thebottleshop.vn\/vi\/wp-json\/wp\/v2\/product"}],"about":[{"href":"https:\/\/thebottleshop.vn\/vi\/wp-json\/wp\/v2\/types\/product"}],"replies":[{"embeddable":true,"href":"https:\/\/thebottleshop.vn\/vi\/wp-json\/wp\/v2\/comments?post=13150"}],"wp:featuredmedia":[{"embeddable":true,"href":"https:\/\/thebottleshop.vn\/vi\/wp-json\/wp\/v2\/media\/21483"}],"wp:attachment":[{"href":"https:\/\/thebottleshop.vn\/vi\/wp-json\/wp\/v2\/media?parent=13150"}],"wp:term":[{"taxonomy":"product_brand","embeddable":true,"href":"https:\/\/thebottleshop.vn\/vi\/wp-json\/wp\/v2\/product_brand?post=13150"},{"taxonomy":"product_cat","embeddable":true,"href":"https:\/\/thebottleshop.vn\/vi\/wp-json\/wp\/v2\/product_cat?post=13150"},{"taxonomy":"product_tag","embeddable":true,"href":"https:\/\/thebottleshop.vn\/vi\/wp-json\/wp\/v2\/product_tag?post=13150"}],"curies":[{"name":"wp","href":"https:\/\/api.w.org\/{rel}","templated":true}]}}