{"id":13196,"date":"2021-12-08T04:27:21","date_gmt":"2022-02-18T08:49:11","guid":{"rendered":"https:\/\/thebottleshop.vn\/product\/wildside-hard-soda-chanh-xa\/"},"modified":"2024-04-16T15:52:26","modified_gmt":"2024-04-16T08:52:26","slug":"wildside-lemongrass-lemon-hard-soda-2","status":"publish","type":"product","link":"https:\/\/thebottleshop.vn\/vi\/san-pham\/wildside-lemongrass-lemon-hard-soda-2\/","title":{"rendered":"Wildside Hard Soda Chanh S\u1ea3"},"content":{"rendered":"<p>Wildside Hard Soda Chanh S\u1ea3. N\u01b0\u1edbc chanh t\u01b0\u01a1i \u0111\u01b0\u1ee3c pha c\u00f9ng chi\u1ebft xu\u1ea5t x\u1ea3 non thanh m\u00e1t, th\u00eam \u0111\u01b0\u1eddng m\u00eda ng\u1ecdt d\u1ecbu c\u00f9ng ch\u00fat c\u1ed3n l\u00ean men t\u1eeb m\u1eadt m\u00eda \u0111\u1ec3 t\u1ea1o ra d\u00f2ng soda th\u1ee7 c\u00f4ng Lemongrass Lemon tuy\u1ec7t h\u1ea3o. V\u1edbi s\u1ef1 k\u1ebft h\u1ee3p ho\u00e0n h\u1ea3o gi\u1eefa chanh v\u00e0 s\u1ea3, t\u1ea1o ra th\u1ee9c u\u1ed1ng th\u01a1m ngon, gi\u00e0u vitamin v\u00e0 ch\u1ea5t ch\u1ed1ng oxy h\u00f3a, gi\u00fap xua tan \u0111i nh\u1eefng c\u0103ng th\u1eb3ng, m\u1ec7t m\u1ecfi h\u00e0ng ng\u00e0y.<\/p>\n<p>&#8212;&#8211;<br \/>\nXem th\u01b0 vi\u1ec7n h\u00ecnh \u1ea3nh \u0111\u1ec3 bi\u1ebft th\u00eam th\u00f4ng tin chi ti\u1ebft v\u1ec1 ngu\u1ed3n g\u1ed1c, th\u00e0nh ph\u1ea7n v\u00e0 h\u01b0\u1edbng d\u1eabn s\u1eed d\u1ee5ng c\u1ee7a s\u1ea3n ph\u1ea9m.<\/p>\n","protected":false},"excerpt":{"rendered":"<p><strong>T\u01b0\u01a1i m\u00e1t, Cam Chanh, S\u1ea3ng kho\u00e1i 3.9%<\/strong><\/p>\n","protected":false},"featured_media":19380,"comment_status":"open","ping_status":"closed","template":"","meta":{"_acf_changed":false},"product_brand":[],"product_cat":[346,353,340,514,396,351,366,345,339,341,487,352,513,344,646],"product_tag":[],"class_list":{"0":"post-13196","1":"product","2":"type-product","3":"status-publish","4":"has-post-thumbnail","6":"product_cat-0-3-9","7":"product_cat-50k-74k","8":"product_cat-vietnam-hcmc","9":"product_cat-khong-gluten","10":"product_cat-soda-seltzer","11":"product_cat-dong-bia","12":"product_cat-nha-san-xuat","13":"product_cat-abv-vi","14":"product_cat-xuat-xu","15":"product_cat-dong-goi","16":"product_cat-hard-soda","17":"product_cat-gia","18":"product_cat-khac","19":"product_cat-lon-330-ml","20":"product_cat-wildside-vi","22":"first","23":"instock","24":"shipping-taxable","25":"purchasable","26":"product-type-simple","27":"add-to-wishlist-before_image"},"acf":[],"yoast_head":"<!-- This site is optimized with the Yoast SEO plugin v27.2 - https:\/\/yoast.com\/product\/yoast-seo-wordpress\/ -->\n<title>Wildside Hard Soda Chanh S\u1ea3 - The Bottle Shop<\/title>\n<meta name=\"description\" content=\"Wildside Hard Soda Chanh S\u1ea3. N\u01b0\u1edbc chanh t\u01b0\u01a1i \u0111\u01b0\u1ee3c pha c\u00f9ng chi\u1ebft xu\u1ea5t x\u1ea3 non thanh m\u00e1t, th\u00eam \u0111\u01b0\u1eddng m\u00eda ng\u1ecdt d\u1ecbu c\u00f9ng ch\u00fat c\u1ed3n l\u00ean men t\u1eeb m\u1eadt m\u00eda.\" \/>\n<meta name=\"robots\" content=\"index, follow, max-snippet:-1, max-image-preview:large, max-video-preview:-1\" \/>\n<link rel=\"canonical\" href=\"http:\/\/52.77.24.187\/vi\/san-pham\/wildside-lemongrass-lemon-hard-soda-2\/\" \/>\n<meta property=\"og:locale\" content=\"vi_VN\" \/>\n<meta property=\"og:type\" content=\"article\" \/>\n<meta property=\"og:title\" content=\"Wildside Hard Soda Chanh S\u1ea3 - The Bottle Shop\" \/>\n<meta property=\"og:description\" content=\"Wildside Hard Soda Chanh S\u1ea3. N\u01b0\u1edbc chanh t\u01b0\u01a1i \u0111\u01b0\u1ee3c pha c\u00f9ng chi\u1ebft xu\u1ea5t x\u1ea3 non thanh m\u00e1t, th\u00eam \u0111\u01b0\u1eddng m\u00eda ng\u1ecdt d\u1ecbu c\u00f9ng ch\u00fat c\u1ed3n l\u00ean men t\u1eeb m\u1eadt m\u00eda.\" \/>\n<meta property=\"og:url\" content=\"http:\/\/52.77.24.187\/vi\/san-pham\/wildside-lemongrass-lemon-hard-soda-2\/\" \/>\n<meta property=\"og:site_name\" content=\"The Bottle Shop\" \/>\n<meta property=\"article:publisher\" content=\"https:\/\/www.facebook.com\/thebottleshopvietnam\" \/>\n<meta property=\"article:modified_time\" content=\"2024-04-16T08:52:26+00:00\" \/>\n<meta property=\"og:image\" content=\"https:\/\/mlsrfcxkkbzg.i.optimole.com\/cb:JbP2.215d7\/w:auto\/h:auto\/q:mauto\/ig:avif\/http:\/\/52.77.24.187\/wp-content\/uploads\/2021\/12\/Wildside-Lemongrass-Lemon-Vodka-Soda.png\" \/>\n\t<meta property=\"og:image:width\" content=\"1080\" \/>\n\t<meta property=\"og:image:height\" content=\"1080\" \/>\n\t<meta property=\"og:image:type\" content=\"image\/png\" \/>\n<meta name=\"twitter:card\" content=\"summary_large_image\" \/>\n<meta name=\"twitter:label1\" content=\"Est. reading time\" \/>\n\t<meta name=\"twitter:data1\" content=\"1 minute\" \/>\n<script type=\"application\/ld+json\" class=\"yoast-schema-graph\">{\"@context\":\"https:\/\/schema.org\",\"@graph\":[{\"@type\":\"WebPage\",\"@id\":\"http:\/\/52.77.24.187\/vi\/san-pham\/wildside-lemongrass-lemon-hard-soda-2\/\",\"url\":\"http:\/\/52.77.24.187\/vi\/san-pham\/wildside-lemongrass-lemon-hard-soda-2\/\",\"name\":\"Wildside Hard Soda Chanh S\u1ea3 - The Bottle Shop\",\"isPartOf\":{\"@id\":\"http:\/\/52.77.24.187\/#website\"},\"primaryImageOfPage\":{\"@id\":\"http:\/\/52.77.24.187\/vi\/san-pham\/wildside-lemongrass-lemon-hard-soda-2\/#primaryimage\"},\"image\":{\"@id\":\"http:\/\/52.77.24.187\/vi\/san-pham\/wildside-lemongrass-lemon-hard-soda-2\/#primaryimage\"},\"thumbnailUrl\":\"https:\/\/mlsrfcxkkbzg.i.optimole.com\/cb:JbP2.215d7\/w:auto\/h:auto\/q:mauto\/ig:avif\/https:\/\/thebottleshop.vn\/wp-content\/uploads\/2021\/12\/Wildside-Lemongrass-Lemon-Vodka-Soda.png\",\"datePublished\":\"2022-02-18T08:49:11+00:00\",\"dateModified\":\"2024-04-16T08:52:26+00:00\",\"description\":\"Wildside Hard Soda Chanh S\u1ea3. N\u01b0\u1edbc chanh t\u01b0\u01a1i \u0111\u01b0\u1ee3c pha c\u00f9ng chi\u1ebft xu\u1ea5t x\u1ea3 non thanh m\u00e1t, th\u00eam \u0111\u01b0\u1eddng m\u00eda ng\u1ecdt d\u1ecbu c\u00f9ng ch\u00fat c\u1ed3n l\u00ean men t\u1eeb m\u1eadt m\u00eda.\",\"breadcrumb\":{\"@id\":\"http:\/\/52.77.24.187\/vi\/san-pham\/wildside-lemongrass-lemon-hard-soda-2\/#breadcrumb\"},\"inLanguage\":\"vi-VN\",\"potentialAction\":[{\"@type\":\"ReadAction\",\"target\":[\"http:\/\/52.77.24.187\/vi\/san-pham\/wildside-lemongrass-lemon-hard-soda-2\/\"]}]},{\"@type\":\"ImageObject\",\"inLanguage\":\"vi-VN\",\"@id\":\"http:\/\/52.77.24.187\/vi\/san-pham\/wildside-lemongrass-lemon-hard-soda-2\/#primaryimage\",\"url\":\"https:\/\/mlsrfcxkkbzg.i.optimole.com\/cb:JbP2.215d7\/w:auto\/h:auto\/q:mauto\/ig:avif\/https:\/\/thebottleshop.vn\/wp-content\/uploads\/2021\/12\/Wildside-Lemongrass-Lemon-Vodka-Soda.png\",\"contentUrl\":\"https:\/\/mlsrfcxkkbzg.i.optimole.com\/cb:JbP2.215d7\/w:auto\/h:auto\/q:mauto\/ig:avif\/https:\/\/thebottleshop.vn\/wp-content\/uploads\/2021\/12\/Wildside-Lemongrass-Lemon-Vodka-Soda.png\",\"width\":1080,\"height\":1080,\"caption\":\"Wildside Lemongrass Lemon Hard Soda\"},{\"@type\":\"BreadcrumbList\",\"@id\":\"http:\/\/52.77.24.187\/vi\/san-pham\/wildside-lemongrass-lemon-hard-soda-2\/#breadcrumb\",\"itemListElement\":[{\"@type\":\"ListItem\",\"position\":1,\"name\":\"Home\",\"item\":\"http:\/\/52.77.24.187\/vi\/test-popup-vi\/\"},{\"@type\":\"ListItem\",\"position\":2,\"name\":\"C\u1eeda h\u00e0ng\",\"item\":\"http:\/\/52.77.24.187\/vi\/cua-hang\/\"},{\"@type\":\"ListItem\",\"position\":3,\"name\":\"Wildside Hard Soda Chanh S\u1ea3\"}]},{\"@type\":\"WebSite\",\"@id\":\"http:\/\/52.77.24.187\/#website\",\"url\":\"http:\/\/52.77.24.187\/\",\"name\":\"The Bottle Shop\",\"description\":\"All beers are not created equal\",\"publisher\":{\"@id\":\"http:\/\/52.77.24.187\/#organization\"},\"potentialAction\":[{\"@type\":\"SearchAction\",\"target\":{\"@type\":\"EntryPoint\",\"urlTemplate\":\"http:\/\/52.77.24.187\/?s={search_term_string}\"},\"query-input\":{\"@type\":\"PropertyValueSpecification\",\"valueRequired\":true,\"valueName\":\"search_term_string\"}}],\"inLanguage\":\"vi-VN\"},{\"@type\":\"Organization\",\"@id\":\"http:\/\/52.77.24.187\/#organization\",\"name\":\"The Bottle Shop\",\"url\":\"http:\/\/52.77.24.187\/\",\"logo\":{\"@type\":\"ImageObject\",\"inLanguage\":\"vi-VN\",\"@id\":\"http:\/\/52.77.24.187\/#\/schema\/logo\/image\/\",\"url\":\"https:\/\/mlsrfcxkkbzg.i.optimole.com\/cb:JbP2.215d7\/w:auto\/h:auto\/q:mauto\/ig:avif\/https:\/\/thebottleshop.vn\/wp-content\/uploads\/2022\/10\/The-Bottle-Shop-Online-Logo.png\",\"contentUrl\":\"https:\/\/mlsrfcxkkbzg.i.optimole.com\/cb:JbP2.215d7\/w:auto\/h:auto\/q:mauto\/ig:avif\/https:\/\/thebottleshop.vn\/wp-content\/uploads\/2022\/10\/The-Bottle-Shop-Online-Logo.png\",\"width\":145,\"height\":147,\"caption\":\"The Bottle Shop\"},\"image\":{\"@id\":\"http:\/\/52.77.24.187\/#\/schema\/logo\/image\/\"},\"sameAs\":[\"https:\/\/www.facebook.com\/thebottleshopvietnam\",\"https:\/\/www.instagram.com\/thebottleshop_vietnam\/\"]}]}<\/script>\n<!-- \/ Yoast SEO plugin. -->","yoast_head_json":{"title":"Wildside Hard Soda Chanh S\u1ea3 - The Bottle Shop","description":"Wildside Hard Soda Chanh S\u1ea3. N\u01b0\u1edbc chanh t\u01b0\u01a1i \u0111\u01b0\u1ee3c pha c\u00f9ng chi\u1ebft xu\u1ea5t x\u1ea3 non thanh m\u00e1t, th\u00eam \u0111\u01b0\u1eddng m\u00eda ng\u1ecdt d\u1ecbu c\u00f9ng ch\u00fat c\u1ed3n l\u00ean men t\u1eeb m\u1eadt m\u00eda.","robots":{"index":"index","follow":"follow","max-snippet":"max-snippet:-1","max-image-preview":"max-image-preview:large","max-video-preview":"max-video-preview:-1"},"canonical":"http:\/\/52.77.24.187\/vi\/san-pham\/wildside-lemongrass-lemon-hard-soda-2\/","og_locale":"vi_VN","og_type":"article","og_title":"Wildside Hard Soda Chanh S\u1ea3 - The Bottle Shop","og_description":"Wildside Hard Soda Chanh S\u1ea3. N\u01b0\u1edbc chanh t\u01b0\u01a1i \u0111\u01b0\u1ee3c pha c\u00f9ng chi\u1ebft xu\u1ea5t x\u1ea3 non thanh m\u00e1t, th\u00eam \u0111\u01b0\u1eddng m\u00eda ng\u1ecdt d\u1ecbu c\u00f9ng ch\u00fat c\u1ed3n l\u00ean men t\u1eeb m\u1eadt m\u00eda.","og_url":"http:\/\/52.77.24.187\/vi\/san-pham\/wildside-lemongrass-lemon-hard-soda-2\/","og_site_name":"The Bottle Shop","article_publisher":"https:\/\/www.facebook.com\/thebottleshopvietnam","article_modified_time":"2024-04-16T08:52:26+00:00","og_image":[{"width":1080,"height":1080,"url":"https:\/\/mlsrfcxkkbzg.i.optimole.com\/cb:JbP2.215d7\/w:auto\/h:auto\/q:mauto\/ig:avif\/http:\/\/52.77.24.187\/wp-content\/uploads\/2021\/12\/Wildside-Lemongrass-Lemon-Vodka-Soda.png","type":"image\/png"}],"twitter_card":"summary_large_image","twitter_misc":{"Est. reading time":"1 minute"},"schema":{"@context":"https:\/\/schema.org","@graph":[{"@type":"WebPage","@id":"http:\/\/52.77.24.187\/vi\/san-pham\/wildside-lemongrass-lemon-hard-soda-2\/","url":"http:\/\/52.77.24.187\/vi\/san-pham\/wildside-lemongrass-lemon-hard-soda-2\/","name":"Wildside Hard Soda Chanh S\u1ea3 - The Bottle Shop","isPartOf":{"@id":"http:\/\/52.77.24.187\/#website"},"primaryImageOfPage":{"@id":"http:\/\/52.77.24.187\/vi\/san-pham\/wildside-lemongrass-lemon-hard-soda-2\/#primaryimage"},"image":{"@id":"http:\/\/52.77.24.187\/vi\/san-pham\/wildside-lemongrass-lemon-hard-soda-2\/#primaryimage"},"thumbnailUrl":"https:\/\/mlsrfcxkkbzg.i.optimole.com\/cb:JbP2.215d7\/w:auto\/h:auto\/q:mauto\/ig:avif\/https:\/\/thebottleshop.vn\/wp-content\/uploads\/2021\/12\/Wildside-Lemongrass-Lemon-Vodka-Soda.png","datePublished":"2022-02-18T08:49:11+00:00","dateModified":"2024-04-16T08:52:26+00:00","description":"Wildside Hard Soda Chanh S\u1ea3. N\u01b0\u1edbc chanh t\u01b0\u01a1i \u0111\u01b0\u1ee3c pha c\u00f9ng chi\u1ebft xu\u1ea5t x\u1ea3 non thanh m\u00e1t, th\u00eam \u0111\u01b0\u1eddng m\u00eda ng\u1ecdt d\u1ecbu c\u00f9ng ch\u00fat c\u1ed3n l\u00ean men t\u1eeb m\u1eadt m\u00eda.","breadcrumb":{"@id":"http:\/\/52.77.24.187\/vi\/san-pham\/wildside-lemongrass-lemon-hard-soda-2\/#breadcrumb"},"inLanguage":"vi-VN","potentialAction":[{"@type":"ReadAction","target":["http:\/\/52.77.24.187\/vi\/san-pham\/wildside-lemongrass-lemon-hard-soda-2\/"]}]},{"@type":"ImageObject","inLanguage":"vi-VN","@id":"http:\/\/52.77.24.187\/vi\/san-pham\/wildside-lemongrass-lemon-hard-soda-2\/#primaryimage","url":"https:\/\/mlsrfcxkkbzg.i.optimole.com\/cb:JbP2.215d7\/w:auto\/h:auto\/q:mauto\/ig:avif\/https:\/\/thebottleshop.vn\/wp-content\/uploads\/2021\/12\/Wildside-Lemongrass-Lemon-Vodka-Soda.png","contentUrl":"https:\/\/mlsrfcxkkbzg.i.optimole.com\/cb:JbP2.215d7\/w:auto\/h:auto\/q:mauto\/ig:avif\/https:\/\/thebottleshop.vn\/wp-content\/uploads\/2021\/12\/Wildside-Lemongrass-Lemon-Vodka-Soda.png","width":1080,"height":1080,"caption":"Wildside Lemongrass Lemon Hard Soda"},{"@type":"BreadcrumbList","@id":"http:\/\/52.77.24.187\/vi\/san-pham\/wildside-lemongrass-lemon-hard-soda-2\/#breadcrumb","itemListElement":[{"@type":"ListItem","position":1,"name":"Home","item":"http:\/\/52.77.24.187\/vi\/test-popup-vi\/"},{"@type":"ListItem","position":2,"name":"C\u1eeda h\u00e0ng","item":"http:\/\/52.77.24.187\/vi\/cua-hang\/"},{"@type":"ListItem","position":3,"name":"Wildside Hard Soda Chanh S\u1ea3"}]},{"@type":"WebSite","@id":"http:\/\/52.77.24.187\/#website","url":"http:\/\/52.77.24.187\/","name":"The Bottle Shop","description":"All beers are not created equal","publisher":{"@id":"http:\/\/52.77.24.187\/#organization"},"potentialAction":[{"@type":"SearchAction","target":{"@type":"EntryPoint","urlTemplate":"http:\/\/52.77.24.187\/?s={search_term_string}"},"query-input":{"@type":"PropertyValueSpecification","valueRequired":true,"valueName":"search_term_string"}}],"inLanguage":"vi-VN"},{"@type":"Organization","@id":"http:\/\/52.77.24.187\/#organization","name":"The Bottle Shop","url":"http:\/\/52.77.24.187\/","logo":{"@type":"ImageObject","inLanguage":"vi-VN","@id":"http:\/\/52.77.24.187\/#\/schema\/logo\/image\/","url":"https:\/\/mlsrfcxkkbzg.i.optimole.com\/cb:JbP2.215d7\/w:auto\/h:auto\/q:mauto\/ig:avif\/https:\/\/thebottleshop.vn\/wp-content\/uploads\/2022\/10\/The-Bottle-Shop-Online-Logo.png","contentUrl":"https:\/\/mlsrfcxkkbzg.i.optimole.com\/cb:JbP2.215d7\/w:auto\/h:auto\/q:mauto\/ig:avif\/https:\/\/thebottleshop.vn\/wp-content\/uploads\/2022\/10\/The-Bottle-Shop-Online-Logo.png","width":145,"height":147,"caption":"The Bottle Shop"},"image":{"@id":"http:\/\/52.77.24.187\/#\/schema\/logo\/image\/"},"sameAs":["https:\/\/www.facebook.com\/thebottleshopvietnam","https:\/\/www.instagram.com\/thebottleshop_vietnam\/"]}]}},"_links":{"self":[{"href":"https:\/\/thebottleshop.vn\/vi\/wp-json\/wp\/v2\/product\/13196","targetHints":{"allow":["GET"]}}],"collection":[{"href":"https:\/\/thebottleshop.vn\/vi\/wp-json\/wp\/v2\/product"}],"about":[{"href":"https:\/\/thebottleshop.vn\/vi\/wp-json\/wp\/v2\/types\/product"}],"replies":[{"embeddable":true,"href":"https:\/\/thebottleshop.vn\/vi\/wp-json\/wp\/v2\/comments?post=13196"}],"wp:featuredmedia":[{"embeddable":true,"href":"https:\/\/thebottleshop.vn\/vi\/wp-json\/wp\/v2\/media\/19380"}],"wp:attachment":[{"href":"https:\/\/thebottleshop.vn\/vi\/wp-json\/wp\/v2\/media?parent=13196"}],"wp:term":[{"taxonomy":"product_brand","embeddable":true,"href":"https:\/\/thebottleshop.vn\/vi\/wp-json\/wp\/v2\/product_brand?post=13196"},{"taxonomy":"product_cat","embeddable":true,"href":"https:\/\/thebottleshop.vn\/vi\/wp-json\/wp\/v2\/product_cat?post=13196"},{"taxonomy":"product_tag","embeddable":true,"href":"https:\/\/thebottleshop.vn\/vi\/wp-json\/wp\/v2\/product_tag?post=13196"}],"curies":[{"name":"wp","href":"https:\/\/api.w.org\/{rel}","templated":true}]}}