{"id":13205,"date":"2021-12-09T04:56:00","date_gmt":"2021-12-08T21:56:00","guid":{"rendered":"https:\/\/thebottleshop.vn\/product\/chuc-thom-kaffir-golden-ale\/"},"modified":"2022-04-15T17:06:25","modified_gmt":"2022-04-15T10:06:25","slug":"thom-chuc-thom-kaffir-golden-ale-2","status":"publish","type":"product","link":"https:\/\/thebottleshop.vn\/vi\/san-pham\/thom-chuc-thom-kaffir-golden-ale-2\/","title":{"rendered":"Ch\u00fac Th\u01a1m Kaffir Golden Ale"},"content":{"rendered":"<p>Bia Ch\u00fac Th\u01a1m mang h\u01b0\u01a1ng th\u01a1m thanh m\u00e1t v\u00e0 m\u00f9i \u0111\u1eb7c tr\u01b0ng t\u1eeb qu\u1ea3 Ch\u00fac \u2013 \u0110\u1eb7c s\u1ea3n Tri T\u00f4n, An Giang. Bia l\u00e0 s\u1ef1 k\u1ebft h\u1ee3p tuy\u1ec7t v\u1eddi gi\u1eefa v\u1ecb \u0111\u1eafng ng\u1ecdt c\u00e2n b\u1eb1ng v\u1edbi c\u1ea3m gi\u00e1c the m\u00e1t n\u01a1i \u0111\u1ea7u l\u01b0\u1ee1i.<\/p>\n<p>\u2014\u2013<br \/>\nXem th\u01b0 vi\u1ec7n h\u00ecnh \u1ea3nh \u0111\u1ec3 bi\u1ebft th\u00eam th\u00f4ng tin chi ti\u1ebft v\u1ec1 ngu\u1ed3n g\u1ed1c, th\u00e0nh ph\u1ea7n v\u00e0 h\u01b0\u1edbng d\u1eabn s\u1eed d\u1ee5ng c\u1ee7a s\u1ea3n ph\u1ea9m.<\/p>\n","protected":false},"excerpt":{"rendered":"<p><strong>Thanh m\u00e1t, Cam chanh, V\u00e0ng \u00f3ng 6%<\/strong><\/p>\n","protected":false},"featured_media":0,"comment_status":"open","ping_status":"closed","template":"","meta":{"_acf_changed":false},"product_brand":[],"product_cat":[390,337,380,348,354,400,342,351,366,345,377,339,341,352,434],"product_tag":[],"class_list":{"0":"post-13205","1":"product","2":"type-product","3":"status-publish","5":"product_cat-vietnam-hanoi","6":"product_cat-bia-va-cider","7":"product_cat-40-59","8":"product_cat-6-7-9","9":"product_cat-75k-99k","10":"product_cat-bia-vang","11":"product_cat-chai-330-ml","12":"product_cat-dong-bia","13":"product_cat-nha-san-xuat","14":"product_cat-abv-vi","15":"product_cat-ibu","16":"product_cat-xuat-xu","17":"product_cat-dong-goi","18":"product_cat-gia","19":"product_cat-thom-brewery","21":"first","22":"instock","23":"shipping-taxable","24":"purchasable","25":"product-type-simple","26":"add-to-wishlist-before_image"},"acf":[],"yoast_head":"<!-- This site is optimized with the Yoast SEO plugin v27.5 - https:\/\/yoast.com\/product\/yoast-seo-wordpress\/ -->\n<title>Ch\u00fac Th\u01a1m Kaffir Golden Ale - The Bottle Shop<\/title>\n<meta name=\"robots\" content=\"index, follow, max-snippet:-1, max-image-preview:large, max-video-preview:-1\" \/>\n<link rel=\"canonical\" href=\"http:\/\/52.77.24.187\/vi\/san-pham\/thom-chuc-thom-kaffir-golden-ale-2\/\" \/>\n<meta property=\"og:locale\" content=\"vi_VN\" \/>\n<meta property=\"og:type\" content=\"article\" \/>\n<meta property=\"og:title\" content=\"Ch\u00fac Th\u01a1m Kaffir Golden Ale - The Bottle Shop\" \/>\n<meta property=\"og:description\" content=\"Thanh m\u00e1t, Cam chanh, V\u00e0ng \u00f3ng 6%\" \/>\n<meta property=\"og:url\" content=\"http:\/\/52.77.24.187\/vi\/san-pham\/thom-chuc-thom-kaffir-golden-ale-2\/\" \/>\n<meta property=\"og:site_name\" content=\"The Bottle Shop\" \/>\n<meta property=\"article:publisher\" content=\"https:\/\/www.facebook.com\/thebottleshopvietnam\" \/>\n<meta property=\"article:modified_time\" content=\"2022-04-15T10:06:25+00:00\" \/>\n<meta name=\"twitter:card\" content=\"summary_large_image\" \/>\n<meta name=\"twitter:label1\" content=\"Est. reading time\" \/>\n\t<meta name=\"twitter:data1\" content=\"1 minute\" \/>\n<script type=\"application\/ld+json\" class=\"yoast-schema-graph\">{\"@context\":\"https:\\\/\\\/schema.org\",\"@graph\":[{\"@type\":\"WebPage\",\"@id\":\"http:\\\/\\\/52.77.24.187\\\/vi\\\/san-pham\\\/thom-chuc-thom-kaffir-golden-ale-2\\\/\",\"url\":\"http:\\\/\\\/52.77.24.187\\\/vi\\\/san-pham\\\/thom-chuc-thom-kaffir-golden-ale-2\\\/\",\"name\":\"Ch\u00fac Th\u01a1m Kaffir Golden Ale - The Bottle Shop\",\"isPartOf\":{\"@id\":\"http:\\\/\\\/52.77.24.187\\\/#website\"},\"datePublished\":\"2021-12-08T21:56:00+00:00\",\"dateModified\":\"2022-04-15T10:06:25+00:00\",\"breadcrumb\":{\"@id\":\"http:\\\/\\\/52.77.24.187\\\/vi\\\/san-pham\\\/thom-chuc-thom-kaffir-golden-ale-2\\\/#breadcrumb\"},\"inLanguage\":\"vi-VN\",\"potentialAction\":[{\"@type\":\"ReadAction\",\"target\":[\"http:\\\/\\\/52.77.24.187\\\/vi\\\/san-pham\\\/thom-chuc-thom-kaffir-golden-ale-2\\\/\"]}]},{\"@type\":\"BreadcrumbList\",\"@id\":\"http:\\\/\\\/52.77.24.187\\\/vi\\\/san-pham\\\/thom-chuc-thom-kaffir-golden-ale-2\\\/#breadcrumb\",\"itemListElement\":[{\"@type\":\"ListItem\",\"position\":1,\"name\":\"Home\",\"item\":\"http:\\\/\\\/52.77.24.187\\\/vi\\\/test-popup-vi\\\/\"},{\"@type\":\"ListItem\",\"position\":2,\"name\":\"C\u1eeda h\u00e0ng\",\"item\":\"http:\\\/\\\/52.77.24.187\\\/vi\\\/cua-hang\\\/\"},{\"@type\":\"ListItem\",\"position\":3,\"name\":\"Ch\u00fac Th\u01a1m Kaffir Golden Ale\"}]},{\"@type\":\"WebSite\",\"@id\":\"http:\\\/\\\/52.77.24.187\\\/#website\",\"url\":\"http:\\\/\\\/52.77.24.187\\\/\",\"name\":\"The Bottle Shop\",\"description\":\"All beers are not created equal\",\"publisher\":{\"@id\":\"http:\\\/\\\/52.77.24.187\\\/#organization\"},\"potentialAction\":[{\"@type\":\"SearchAction\",\"target\":{\"@type\":\"EntryPoint\",\"urlTemplate\":\"http:\\\/\\\/52.77.24.187\\\/?s={search_term_string}\"},\"query-input\":{\"@type\":\"PropertyValueSpecification\",\"valueRequired\":true,\"valueName\":\"search_term_string\"}}],\"inLanguage\":\"vi-VN\"},{\"@type\":\"Organization\",\"@id\":\"http:\\\/\\\/52.77.24.187\\\/#organization\",\"name\":\"The Bottle Shop\",\"url\":\"http:\\\/\\\/52.77.24.187\\\/\",\"logo\":{\"@type\":\"ImageObject\",\"inLanguage\":\"vi-VN\",\"@id\":\"http:\\\/\\\/52.77.24.187\\\/#\\\/schema\\\/logo\\\/image\\\/\",\"url\":\"https:\\/\\/thebottleshop.vn\\/wp-content\\/uploads\\/2022\\/10\\/The-Bottle-Shop-Online-Logo.png\",\"contentUrl\":\"https:\\/\\/thebottleshop.vn\\/wp-content\\/uploads\\/2022\\/10\\/The-Bottle-Shop-Online-Logo.png\",\"width\":145,\"height\":147,\"caption\":\"The Bottle Shop\"},\"image\":{\"@id\":\"http:\\\/\\\/52.77.24.187\\\/#\\\/schema\\\/logo\\\/image\\\/\"},\"sameAs\":[\"https:\\\/\\\/www.facebook.com\\\/thebottleshopvietnam\",\"https:\\\/\\\/www.instagram.com\\\/thebottleshop_vietnam\\\/\"]}]}<\/script>\n<!-- \/ Yoast SEO plugin. -->","yoast_head_json":{"title":"Ch\u00fac Th\u01a1m Kaffir Golden Ale - The Bottle Shop","robots":{"index":"index","follow":"follow","max-snippet":"max-snippet:-1","max-image-preview":"max-image-preview:large","max-video-preview":"max-video-preview:-1"},"canonical":"http:\/\/52.77.24.187\/vi\/san-pham\/thom-chuc-thom-kaffir-golden-ale-2\/","og_locale":"vi_VN","og_type":"article","og_title":"Ch\u00fac Th\u01a1m Kaffir Golden Ale - The Bottle Shop","og_description":"Thanh m\u00e1t, Cam chanh, V\u00e0ng \u00f3ng 6%","og_url":"http:\/\/52.77.24.187\/vi\/san-pham\/thom-chuc-thom-kaffir-golden-ale-2\/","og_site_name":"The Bottle Shop","article_publisher":"https:\/\/www.facebook.com\/thebottleshopvietnam","article_modified_time":"2022-04-15T10:06:25+00:00","twitter_card":"summary_large_image","twitter_misc":{"Est. reading time":"1 minute"},"schema":{"@context":"https:\/\/schema.org","@graph":[{"@type":"WebPage","@id":"http:\/\/52.77.24.187\/vi\/san-pham\/thom-chuc-thom-kaffir-golden-ale-2\/","url":"http:\/\/52.77.24.187\/vi\/san-pham\/thom-chuc-thom-kaffir-golden-ale-2\/","name":"Ch\u00fac Th\u01a1m Kaffir Golden Ale - The Bottle Shop","isPartOf":{"@id":"http:\/\/52.77.24.187\/#website"},"datePublished":"2021-12-08T21:56:00+00:00","dateModified":"2022-04-15T10:06:25+00:00","breadcrumb":{"@id":"http:\/\/52.77.24.187\/vi\/san-pham\/thom-chuc-thom-kaffir-golden-ale-2\/#breadcrumb"},"inLanguage":"vi-VN","potentialAction":[{"@type":"ReadAction","target":["http:\/\/52.77.24.187\/vi\/san-pham\/thom-chuc-thom-kaffir-golden-ale-2\/"]}]},{"@type":"BreadcrumbList","@id":"http:\/\/52.77.24.187\/vi\/san-pham\/thom-chuc-thom-kaffir-golden-ale-2\/#breadcrumb","itemListElement":[{"@type":"ListItem","position":1,"name":"Home","item":"http:\/\/52.77.24.187\/vi\/test-popup-vi\/"},{"@type":"ListItem","position":2,"name":"C\u1eeda h\u00e0ng","item":"http:\/\/52.77.24.187\/vi\/cua-hang\/"},{"@type":"ListItem","position":3,"name":"Ch\u00fac Th\u01a1m Kaffir Golden Ale"}]},{"@type":"WebSite","@id":"http:\/\/52.77.24.187\/#website","url":"http:\/\/52.77.24.187\/","name":"The Bottle Shop","description":"All beers are not created equal","publisher":{"@id":"http:\/\/52.77.24.187\/#organization"},"potentialAction":[{"@type":"SearchAction","target":{"@type":"EntryPoint","urlTemplate":"http:\/\/52.77.24.187\/?s={search_term_string}"},"query-input":{"@type":"PropertyValueSpecification","valueRequired":true,"valueName":"search_term_string"}}],"inLanguage":"vi-VN"},{"@type":"Organization","@id":"http:\/\/52.77.24.187\/#organization","name":"The Bottle Shop","url":"http:\/\/52.77.24.187\/","logo":{"@type":"ImageObject","inLanguage":"vi-VN","@id":"http:\/\/52.77.24.187\/#\/schema\/logo\/image\/","url":"https:\/\/mlsrfcxkkbzg.i.optimole.com\/cb:JbP2.215d7\/w:auto\/h:auto\/q:mauto\/ig:avif\/https:\/\/thebottleshop.vn\/wp-content\/uploads\/2022\/10\/The-Bottle-Shop-Online-Logo.png","contentUrl":"https:\/\/mlsrfcxkkbzg.i.optimole.com\/cb:JbP2.215d7\/w:auto\/h:auto\/q:mauto\/ig:avif\/https:\/\/thebottleshop.vn\/wp-content\/uploads\/2022\/10\/The-Bottle-Shop-Online-Logo.png","width":145,"height":147,"caption":"The Bottle Shop"},"image":{"@id":"http:\/\/52.77.24.187\/#\/schema\/logo\/image\/"},"sameAs":["https:\/\/www.facebook.com\/thebottleshopvietnam","https:\/\/www.instagram.com\/thebottleshop_vietnam\/"]}]}},"_links":{"self":[{"href":"https:\/\/thebottleshop.vn\/vi\/wp-json\/wp\/v2\/product\/13205","targetHints":{"allow":["GET"]}}],"collection":[{"href":"https:\/\/thebottleshop.vn\/vi\/wp-json\/wp\/v2\/product"}],"about":[{"href":"https:\/\/thebottleshop.vn\/vi\/wp-json\/wp\/v2\/types\/product"}],"replies":[{"embeddable":true,"href":"https:\/\/thebottleshop.vn\/vi\/wp-json\/wp\/v2\/comments?post=13205"}],"wp:attachment":[{"href":"https:\/\/thebottleshop.vn\/vi\/wp-json\/wp\/v2\/media?parent=13205"}],"wp:term":[{"taxonomy":"product_brand","embeddable":true,"href":"https:\/\/thebottleshop.vn\/vi\/wp-json\/wp\/v2\/product_brand?post=13205"},{"taxonomy":"product_cat","embeddable":true,"href":"https:\/\/thebottleshop.vn\/vi\/wp-json\/wp\/v2\/product_cat?post=13205"},{"taxonomy":"product_tag","embeddable":true,"href":"https:\/\/thebottleshop.vn\/vi\/wp-json\/wp\/v2\/product_tag?post=13205"}],"curies":[{"name":"wp","href":"https:\/\/api.w.org\/{rel}","templated":true}]}}