{"id":13433,"date":"2021-12-13T00:11:22","date_gmt":"2021-12-12T17:11:22","guid":{"rendered":"https:\/\/thebottleshop.vn\/product\/ipa-biltong\/"},"modified":"2025-06-29T14:06:01","modified_gmt":"2025-06-29T07:06:01","slug":"ipa-biltong-2","status":"publish","type":"product","link":"https:\/\/thebottleshop.vn\/vi\/san-pham\/ipa-biltong-2\/","title":{"rendered":"IPA Biltong"},"content":{"rendered":"<p>IPA Biltong ki\u1ec3u Nam Phi \u0111\u01b0\u1ee3c \u01b0\u1edbp trong lo\u1ea1i bia th\u1ee7 c\u00f4ng ngon nh\u1ea5t c\u1ee7a Vi\u1ec7t Nam. Th\u1ecbt b\u00f2 NZ t\u1ea9m \u01b0\u1edbp v\u1edbi Far East IPA c\u1ee7a East West Brewing Co., s\u1ea5y kh\u00f4 trong kh\u00f4ng kh\u00ed v\u00e0 th\u00e1i th\u00e0nh t\u1eebng mi\u1ebfng v\u1eeba \u0103n. Kh\u00f4ng gi\u1ed1ng nh\u01b0 th\u1ecbt b\u00f2 kh\u00f4, biltong c\u00f3 k\u1ebft c\u1ea5u m\u1ec1m h\u01a1n v\u00e0 m\u1ec1m h\u01a1n khi\u1ebfn n\u00f3 tr\u1edf th\u00e0nh m\u00f3n \u0103n nh\u1eb9 u\u1ed1ng ho\u00e0n h\u1ea3o. C\u00f3 s\u1eb5n trong t\u00fai 100g, ho\u1eb7c s\u1ed1 l\u01b0\u1ee3ng l\u1edbn h\u01a1n theo y\u00eau c\u1ea7u.    C\u00f3 s\u1eb5n trong t\u00fai 100g, ho\u1eb7c s\u1ed1 l\u01b0\u1ee3ng l\u1edbn h\u01a1n theo y\u00eau c\u1ea7u.<\/p>\n","protected":false},"excerpt":{"rendered":"<p><strong>M\u1ec1m, M\u1ecdng n\u01b0\u1edbc, Ngon 100g<\/strong><\/p>\n","protected":false},"featured_media":21399,"comment_status":"open","ping_status":"closed","template":"","meta":{"_acf_changed":false},"product_brand":[],"product_cat":[390,355,384,351,339,341,352,359,548],"product_tag":[],"class_list":{"0":"post-13433","1":"product","2":"type-product","3":"status-publish","4":"has-post-thumbnail","6":"product_cat-vietnam-hanoi","7":"product_cat-150k-199k","8":"product_cat-nham-va-nhau","9":"product_cat-dong-bia","10":"product_cat-xuat-xu","11":"product_cat-dong-goi","12":"product_cat-gia","13":"product_cat-ipa","14":"product_cat-goi-100g","16":"first","17":"instock","18":"shipping-taxable","19":"purchasable","20":"product-type-simple","21":"add-to-wishlist-before_image"},"acf":[],"yoast_head":"<!-- This site is optimized with the Yoast SEO plugin v27.2 - https:\/\/yoast.com\/product\/yoast-seo-wordpress\/ -->\n<title>IPA Biltong - The Bottle Shop<\/title>\n<meta name=\"description\" content=\"Biltong ki\u1ec3u Nam Phi \u0111\u01b0\u1ee3c \u01b0\u1edbp trong lo\u1ea1i bia th\u1ee7 c\u00f4ng ngon nh\u1ea5t c\u1ee7a Vi\u1ec7t Nam. Th\u1ecbt b\u00f2 NZ t\u1ea9m \u01b0\u1edbp v\u1edbi Far East IPA c\u1ee7a East West Brewing Co.\" \/>\n<meta name=\"robots\" content=\"index, follow, max-snippet:-1, max-image-preview:large, max-video-preview:-1\" \/>\n<link rel=\"canonical\" href=\"http:\/\/52.77.24.187\/vi\/san-pham\/ipa-biltong-2\/\" \/>\n<meta property=\"og:locale\" content=\"vi_VN\" \/>\n<meta property=\"og:type\" content=\"article\" \/>\n<meta property=\"og:title\" content=\"IPA Biltong - The Bottle Shop\" \/>\n<meta property=\"og:description\" content=\"Biltong ki\u1ec3u Nam Phi \u0111\u01b0\u1ee3c \u01b0\u1edbp trong lo\u1ea1i bia th\u1ee7 c\u00f4ng ngon nh\u1ea5t c\u1ee7a Vi\u1ec7t Nam. Th\u1ecbt b\u00f2 NZ t\u1ea9m \u01b0\u1edbp v\u1edbi Far East IPA c\u1ee7a East West Brewing Co.\" \/>\n<meta property=\"og:url\" content=\"http:\/\/52.77.24.187\/vi\/san-pham\/ipa-biltong-2\/\" \/>\n<meta property=\"og:site_name\" content=\"The Bottle Shop\" \/>\n<meta property=\"article:publisher\" content=\"https:\/\/www.facebook.com\/thebottleshopvietnam\" \/>\n<meta property=\"article:modified_time\" content=\"2025-06-29T07:06:01+00:00\" \/>\n<meta property=\"og:image\" content=\"https:\/\/mlsrfcxkkbzg.i.optimole.com\/cb:JbP2.215d7\/w:auto\/h:auto\/q:mauto\/ig:avif\/http:\/\/52.77.24.187\/wp-content\/uploads\/2025\/05\/IPA-Biltong.png\" \/>\n\t<meta property=\"og:image:width\" content=\"1080\" \/>\n\t<meta property=\"og:image:height\" content=\"1080\" \/>\n\t<meta property=\"og:image:type\" content=\"image\/png\" \/>\n<meta name=\"twitter:card\" content=\"summary_large_image\" \/>\n<meta name=\"twitter:label1\" content=\"Est. reading time\" \/>\n\t<meta name=\"twitter:data1\" content=\"1 minute\" \/>\n<script type=\"application\/ld+json\" class=\"yoast-schema-graph\">{\"@context\":\"https:\/\/schema.org\",\"@graph\":[{\"@type\":\"WebPage\",\"@id\":\"http:\/\/52.77.24.187\/vi\/san-pham\/ipa-biltong-2\/\",\"url\":\"http:\/\/52.77.24.187\/vi\/san-pham\/ipa-biltong-2\/\",\"name\":\"IPA Biltong - The Bottle Shop\",\"isPartOf\":{\"@id\":\"http:\/\/52.77.24.187\/#website\"},\"primaryImageOfPage\":{\"@id\":\"http:\/\/52.77.24.187\/vi\/san-pham\/ipa-biltong-2\/#primaryimage\"},\"image\":{\"@id\":\"http:\/\/52.77.24.187\/vi\/san-pham\/ipa-biltong-2\/#primaryimage\"},\"thumbnailUrl\":\"https:\/\/mlsrfcxkkbzg.i.optimole.com\/cb:JbP2.215d7\/w:auto\/h:auto\/q:mauto\/ig:avif\/https:\/\/thebottleshop.vn\/wp-content\/uploads\/2025\/05\/IPA-Biltong.png\",\"datePublished\":\"2021-12-12T17:11:22+00:00\",\"dateModified\":\"2025-06-29T07:06:01+00:00\",\"description\":\"Biltong ki\u1ec3u Nam Phi \u0111\u01b0\u1ee3c \u01b0\u1edbp trong lo\u1ea1i bia th\u1ee7 c\u00f4ng ngon nh\u1ea5t c\u1ee7a Vi\u1ec7t Nam. Th\u1ecbt b\u00f2 NZ t\u1ea9m \u01b0\u1edbp v\u1edbi Far East IPA c\u1ee7a East West Brewing Co.\",\"breadcrumb\":{\"@id\":\"http:\/\/52.77.24.187\/vi\/san-pham\/ipa-biltong-2\/#breadcrumb\"},\"inLanguage\":\"vi-VN\",\"potentialAction\":[{\"@type\":\"ReadAction\",\"target\":[\"http:\/\/52.77.24.187\/vi\/san-pham\/ipa-biltong-2\/\"]}]},{\"@type\":\"ImageObject\",\"inLanguage\":\"vi-VN\",\"@id\":\"http:\/\/52.77.24.187\/vi\/san-pham\/ipa-biltong-2\/#primaryimage\",\"url\":\"https:\/\/mlsrfcxkkbzg.i.optimole.com\/cb:JbP2.215d7\/w:auto\/h:auto\/q:mauto\/ig:avif\/https:\/\/thebottleshop.vn\/wp-content\/uploads\/2025\/05\/IPA-Biltong.png\",\"contentUrl\":\"https:\/\/mlsrfcxkkbzg.i.optimole.com\/cb:JbP2.215d7\/w:auto\/h:auto\/q:mauto\/ig:avif\/https:\/\/thebottleshop.vn\/wp-content\/uploads\/2025\/05\/IPA-Biltong.png\",\"width\":1080,\"height\":1080,\"caption\":\"IPA Biltong\"},{\"@type\":\"BreadcrumbList\",\"@id\":\"http:\/\/52.77.24.187\/vi\/san-pham\/ipa-biltong-2\/#breadcrumb\",\"itemListElement\":[{\"@type\":\"ListItem\",\"position\":1,\"name\":\"Home\",\"item\":\"http:\/\/52.77.24.187\/vi\/test-popup-vi\/\"},{\"@type\":\"ListItem\",\"position\":2,\"name\":\"C\u1eeda h\u00e0ng\",\"item\":\"http:\/\/52.77.24.187\/vi\/cua-hang\/\"},{\"@type\":\"ListItem\",\"position\":3,\"name\":\"IPA Biltong\"}]},{\"@type\":\"WebSite\",\"@id\":\"http:\/\/52.77.24.187\/#website\",\"url\":\"http:\/\/52.77.24.187\/\",\"name\":\"The Bottle Shop\",\"description\":\"All beers are not created equal\",\"publisher\":{\"@id\":\"http:\/\/52.77.24.187\/#organization\"},\"potentialAction\":[{\"@type\":\"SearchAction\",\"target\":{\"@type\":\"EntryPoint\",\"urlTemplate\":\"http:\/\/52.77.24.187\/?s={search_term_string}\"},\"query-input\":{\"@type\":\"PropertyValueSpecification\",\"valueRequired\":true,\"valueName\":\"search_term_string\"}}],\"inLanguage\":\"vi-VN\"},{\"@type\":\"Organization\",\"@id\":\"http:\/\/52.77.24.187\/#organization\",\"name\":\"The Bottle Shop\",\"url\":\"http:\/\/52.77.24.187\/\",\"logo\":{\"@type\":\"ImageObject\",\"inLanguage\":\"vi-VN\",\"@id\":\"http:\/\/52.77.24.187\/#\/schema\/logo\/image\/\",\"url\":\"https:\/\/mlsrfcxkkbzg.i.optimole.com\/cb:JbP2.215d7\/w:auto\/h:auto\/q:mauto\/ig:avif\/https:\/\/thebottleshop.vn\/wp-content\/uploads\/2022\/10\/The-Bottle-Shop-Online-Logo.png\",\"contentUrl\":\"https:\/\/mlsrfcxkkbzg.i.optimole.com\/cb:JbP2.215d7\/w:auto\/h:auto\/q:mauto\/ig:avif\/https:\/\/thebottleshop.vn\/wp-content\/uploads\/2022\/10\/The-Bottle-Shop-Online-Logo.png\",\"width\":145,\"height\":147,\"caption\":\"The Bottle Shop\"},\"image\":{\"@id\":\"http:\/\/52.77.24.187\/#\/schema\/logo\/image\/\"},\"sameAs\":[\"https:\/\/www.facebook.com\/thebottleshopvietnam\",\"https:\/\/www.instagram.com\/thebottleshop_vietnam\/\"]}]}<\/script>\n<!-- \/ Yoast SEO plugin. -->","yoast_head_json":{"title":"IPA Biltong - The Bottle Shop","description":"Biltong ki\u1ec3u Nam Phi \u0111\u01b0\u1ee3c \u01b0\u1edbp trong lo\u1ea1i bia th\u1ee7 c\u00f4ng ngon nh\u1ea5t c\u1ee7a Vi\u1ec7t Nam. Th\u1ecbt b\u00f2 NZ t\u1ea9m \u01b0\u1edbp v\u1edbi Far East IPA c\u1ee7a East West Brewing Co.","robots":{"index":"index","follow":"follow","max-snippet":"max-snippet:-1","max-image-preview":"max-image-preview:large","max-video-preview":"max-video-preview:-1"},"canonical":"http:\/\/52.77.24.187\/vi\/san-pham\/ipa-biltong-2\/","og_locale":"vi_VN","og_type":"article","og_title":"IPA Biltong - The Bottle Shop","og_description":"Biltong ki\u1ec3u Nam Phi \u0111\u01b0\u1ee3c \u01b0\u1edbp trong lo\u1ea1i bia th\u1ee7 c\u00f4ng ngon nh\u1ea5t c\u1ee7a Vi\u1ec7t Nam. Th\u1ecbt b\u00f2 NZ t\u1ea9m \u01b0\u1edbp v\u1edbi Far East IPA c\u1ee7a East West Brewing Co.","og_url":"http:\/\/52.77.24.187\/vi\/san-pham\/ipa-biltong-2\/","og_site_name":"The Bottle Shop","article_publisher":"https:\/\/www.facebook.com\/thebottleshopvietnam","article_modified_time":"2025-06-29T07:06:01+00:00","og_image":[{"width":1080,"height":1080,"url":"https:\/\/mlsrfcxkkbzg.i.optimole.com\/cb:JbP2.215d7\/w:auto\/h:auto\/q:mauto\/ig:avif\/http:\/\/52.77.24.187\/wp-content\/uploads\/2025\/05\/IPA-Biltong.png","type":"image\/png"}],"twitter_card":"summary_large_image","twitter_misc":{"Est. reading time":"1 minute"},"schema":{"@context":"https:\/\/schema.org","@graph":[{"@type":"WebPage","@id":"http:\/\/52.77.24.187\/vi\/san-pham\/ipa-biltong-2\/","url":"http:\/\/52.77.24.187\/vi\/san-pham\/ipa-biltong-2\/","name":"IPA Biltong - The Bottle Shop","isPartOf":{"@id":"http:\/\/52.77.24.187\/#website"},"primaryImageOfPage":{"@id":"http:\/\/52.77.24.187\/vi\/san-pham\/ipa-biltong-2\/#primaryimage"},"image":{"@id":"http:\/\/52.77.24.187\/vi\/san-pham\/ipa-biltong-2\/#primaryimage"},"thumbnailUrl":"https:\/\/mlsrfcxkkbzg.i.optimole.com\/cb:JbP2.215d7\/w:auto\/h:auto\/q:mauto\/ig:avif\/https:\/\/thebottleshop.vn\/wp-content\/uploads\/2025\/05\/IPA-Biltong.png","datePublished":"2021-12-12T17:11:22+00:00","dateModified":"2025-06-29T07:06:01+00:00","description":"Biltong ki\u1ec3u Nam Phi \u0111\u01b0\u1ee3c \u01b0\u1edbp trong lo\u1ea1i bia th\u1ee7 c\u00f4ng ngon nh\u1ea5t c\u1ee7a Vi\u1ec7t Nam. Th\u1ecbt b\u00f2 NZ t\u1ea9m \u01b0\u1edbp v\u1edbi Far East IPA c\u1ee7a East West Brewing Co.","breadcrumb":{"@id":"http:\/\/52.77.24.187\/vi\/san-pham\/ipa-biltong-2\/#breadcrumb"},"inLanguage":"vi-VN","potentialAction":[{"@type":"ReadAction","target":["http:\/\/52.77.24.187\/vi\/san-pham\/ipa-biltong-2\/"]}]},{"@type":"ImageObject","inLanguage":"vi-VN","@id":"http:\/\/52.77.24.187\/vi\/san-pham\/ipa-biltong-2\/#primaryimage","url":"https:\/\/mlsrfcxkkbzg.i.optimole.com\/cb:JbP2.215d7\/w:auto\/h:auto\/q:mauto\/ig:avif\/https:\/\/thebottleshop.vn\/wp-content\/uploads\/2025\/05\/IPA-Biltong.png","contentUrl":"https:\/\/mlsrfcxkkbzg.i.optimole.com\/cb:JbP2.215d7\/w:auto\/h:auto\/q:mauto\/ig:avif\/https:\/\/thebottleshop.vn\/wp-content\/uploads\/2025\/05\/IPA-Biltong.png","width":1080,"height":1080,"caption":"IPA Biltong"},{"@type":"BreadcrumbList","@id":"http:\/\/52.77.24.187\/vi\/san-pham\/ipa-biltong-2\/#breadcrumb","itemListElement":[{"@type":"ListItem","position":1,"name":"Home","item":"http:\/\/52.77.24.187\/vi\/test-popup-vi\/"},{"@type":"ListItem","position":2,"name":"C\u1eeda h\u00e0ng","item":"http:\/\/52.77.24.187\/vi\/cua-hang\/"},{"@type":"ListItem","position":3,"name":"IPA Biltong"}]},{"@type":"WebSite","@id":"http:\/\/52.77.24.187\/#website","url":"http:\/\/52.77.24.187\/","name":"The Bottle Shop","description":"All beers are not created equal","publisher":{"@id":"http:\/\/52.77.24.187\/#organization"},"potentialAction":[{"@type":"SearchAction","target":{"@type":"EntryPoint","urlTemplate":"http:\/\/52.77.24.187\/?s={search_term_string}"},"query-input":{"@type":"PropertyValueSpecification","valueRequired":true,"valueName":"search_term_string"}}],"inLanguage":"vi-VN"},{"@type":"Organization","@id":"http:\/\/52.77.24.187\/#organization","name":"The Bottle Shop","url":"http:\/\/52.77.24.187\/","logo":{"@type":"ImageObject","inLanguage":"vi-VN","@id":"http:\/\/52.77.24.187\/#\/schema\/logo\/image\/","url":"https:\/\/mlsrfcxkkbzg.i.optimole.com\/cb:JbP2.215d7\/w:auto\/h:auto\/q:mauto\/ig:avif\/https:\/\/thebottleshop.vn\/wp-content\/uploads\/2022\/10\/The-Bottle-Shop-Online-Logo.png","contentUrl":"https:\/\/mlsrfcxkkbzg.i.optimole.com\/cb:JbP2.215d7\/w:auto\/h:auto\/q:mauto\/ig:avif\/https:\/\/thebottleshop.vn\/wp-content\/uploads\/2022\/10\/The-Bottle-Shop-Online-Logo.png","width":145,"height":147,"caption":"The Bottle Shop"},"image":{"@id":"http:\/\/52.77.24.187\/#\/schema\/logo\/image\/"},"sameAs":["https:\/\/www.facebook.com\/thebottleshopvietnam","https:\/\/www.instagram.com\/thebottleshop_vietnam\/"]}]}},"_links":{"self":[{"href":"https:\/\/thebottleshop.vn\/vi\/wp-json\/wp\/v2\/product\/13433","targetHints":{"allow":["GET"]}}],"collection":[{"href":"https:\/\/thebottleshop.vn\/vi\/wp-json\/wp\/v2\/product"}],"about":[{"href":"https:\/\/thebottleshop.vn\/vi\/wp-json\/wp\/v2\/types\/product"}],"replies":[{"embeddable":true,"href":"https:\/\/thebottleshop.vn\/vi\/wp-json\/wp\/v2\/comments?post=13433"}],"wp:featuredmedia":[{"embeddable":true,"href":"https:\/\/thebottleshop.vn\/vi\/wp-json\/wp\/v2\/media\/21399"}],"wp:attachment":[{"href":"https:\/\/thebottleshop.vn\/vi\/wp-json\/wp\/v2\/media?parent=13433"}],"wp:term":[{"taxonomy":"product_brand","embeddable":true,"href":"https:\/\/thebottleshop.vn\/vi\/wp-json\/wp\/v2\/product_brand?post=13433"},{"taxonomy":"product_cat","embeddable":true,"href":"https:\/\/thebottleshop.vn\/vi\/wp-json\/wp\/v2\/product_cat?post=13433"},{"taxonomy":"product_tag","embeddable":true,"href":"https:\/\/thebottleshop.vn\/vi\/wp-json\/wp\/v2\/product_tag?post=13433"}],"curies":[{"name":"wp","href":"https:\/\/api.w.org\/{rel}","templated":true}]}}