{"id":13438,"date":"2021-12-19T06:47:33","date_gmt":"2022-02-21T07:01:13","guid":{"rendered":"https:\/\/thebottleshop.vn\/product\/ruou-mo-florecita\/"},"modified":"2022-02-21T14:01:13","modified_gmt":"2022-02-21T07:01:13","slug":"mo-florecita-apricot-liqueur-2","status":"publish","type":"product","link":"https:\/\/thebottleshop.vn\/vi\/san-pham\/mo-florecita-apricot-liqueur-2\/","title":{"rendered":"R\u01b0\u1ee3u M\u01a1 Florecita"},"content":{"rendered":"<p>Th\u1ee9c u\u1ed1ng l\u00ean men thu\u1ea7n t\u1ef1 nhi\u00ean t\u1eeb tr\u00e1i c\u00e2y mang \u0111\u1ebfn l\u00e0n gi\u00f3 m\u1edbi khu\u1ea5y \u0111\u1ea3o cu\u1ed9c s\u1ed1ng hi\u1ec7n \u0111\u1ea1i cho b\u1ea1n say m\u00ea t\u1eadn h\u01b0\u1edfng cu\u1ed9c #chill k\u00e9o d\u00e0i. <\/p>\n","protected":false},"excerpt":{"rendered":"<p><strong>375ml :: 17%<\/strong><\/p>\n","protected":false},"featured_media":14753,"comment_status":"open","ping_status":"closed","template":"","meta":{"_acf_changed":false},"product_brand":[],"product_cat":[390,338,349,373,508,389,345,339,341,352,364,371,500],"product_tag":[],"class_list":{"0":"post-13438","1":"product","2":"type-product","3":"status-publish","4":"has-post-thumbnail","6":"product_cat-vietnam-hanoi","7":"product_cat-ruou-va-ruou-vang","8":"product_cat-1-0-2-5","9":"product_cat-200k-499k","10":"product_cat-liqueuer","11":"product_cat-chai-375-ml","12":"product_cat-abv-vi","13":"product_cat-xuat-xu","14":"product_cat-dong-goi","15":"product_cat-gia","16":"product_cat-dong-ruou","17":"product_cat-nha-san-xuat-ruou","18":"product_cat-herevia-distillery","20":"first","21":"outofstock","22":"shipping-taxable","23":"purchasable","24":"product-type-simple","25":"add-to-wishlist-before_image"},"acf":[],"yoast_head":"<!-- This site is optimized with the Yoast SEO plugin v27.5 - https:\/\/yoast.com\/product\/yoast-seo-wordpress\/ -->\n<title>R\u01b0\u1ee3u M\u01a1 Florecita - The Bottle Shop<\/title>\n<meta name=\"robots\" content=\"index, follow, max-snippet:-1, max-image-preview:large, max-video-preview:-1\" \/>\n<link rel=\"canonical\" href=\"http:\/\/52.77.24.187\/vi\/san-pham\/mo-florecita-apricot-liqueur-2\/\" \/>\n<meta property=\"og:locale\" content=\"vi_VN\" \/>\n<meta property=\"og:type\" content=\"article\" \/>\n<meta property=\"og:title\" content=\"R\u01b0\u1ee3u M\u01a1 Florecita - The Bottle Shop\" \/>\n<meta property=\"og:description\" content=\"375ml :: 17%\" \/>\n<meta property=\"og:url\" content=\"http:\/\/52.77.24.187\/vi\/san-pham\/mo-florecita-apricot-liqueur-2\/\" \/>\n<meta property=\"og:site_name\" content=\"The Bottle Shop\" \/>\n<meta property=\"article:publisher\" content=\"https:\/\/www.facebook.com\/thebottleshopvietnam\" \/>\n<meta property=\"og:image\" content=\"https:\/\/mlsrfcxkkbzg.i.optimole.com\/cb:JbP2.215d7\/w:auto\/h:auto\/q:mauto\/ig:avif\/http:\/\/52.77.24.187\/wp-content\/uploads\/2021\/12\/2V5B1282.png\" \/>\n\t<meta property=\"og:image:width\" content=\"1080\" \/>\n\t<meta property=\"og:image:height\" content=\"1080\" \/>\n\t<meta property=\"og:image:type\" content=\"image\/png\" \/>\n<meta name=\"twitter:card\" content=\"summary_large_image\" \/>\n<script type=\"application\/ld+json\" class=\"yoast-schema-graph\">{\"@context\":\"https:\\\/\\\/schema.org\",\"@graph\":[{\"@type\":\"WebPage\",\"@id\":\"http:\\\/\\\/52.77.24.187\\\/vi\\\/san-pham\\\/mo-florecita-apricot-liqueur-2\\\/\",\"url\":\"http:\\\/\\\/52.77.24.187\\\/vi\\\/san-pham\\\/mo-florecita-apricot-liqueur-2\\\/\",\"name\":\"R\u01b0\u1ee3u M\u01a1 Florecita - The Bottle Shop\",\"isPartOf\":{\"@id\":\"http:\\\/\\\/52.77.24.187\\\/#website\"},\"primaryImageOfPage\":{\"@id\":\"http:\\\/\\\/52.77.24.187\\\/vi\\\/san-pham\\\/mo-florecita-apricot-liqueur-2\\\/#primaryimage\"},\"image\":{\"@id\":\"http:\\\/\\\/52.77.24.187\\\/vi\\\/san-pham\\\/mo-florecita-apricot-liqueur-2\\\/#primaryimage\"},\"thumbnailUrl\":\"https:\\/\\/thebottleshop.vn\\/wp-content\\/uploads\\/2021\\/12\\/2V5B1282.png\",\"datePublished\":\"2022-02-21T07:01:13+00:00\",\"breadcrumb\":{\"@id\":\"http:\\\/\\\/52.77.24.187\\\/vi\\\/san-pham\\\/mo-florecita-apricot-liqueur-2\\\/#breadcrumb\"},\"inLanguage\":\"vi-VN\",\"potentialAction\":[{\"@type\":\"ReadAction\",\"target\":[\"http:\\\/\\\/52.77.24.187\\\/vi\\\/san-pham\\\/mo-florecita-apricot-liqueur-2\\\/\"]}]},{\"@type\":\"ImageObject\",\"inLanguage\":\"vi-VN\",\"@id\":\"http:\\\/\\\/52.77.24.187\\\/vi\\\/san-pham\\\/mo-florecita-apricot-liqueur-2\\\/#primaryimage\",\"url\":\"https:\\/\\/thebottleshop.vn\\/wp-content\\/uploads\\/2021\\/12\\/2V5B1282.png\",\"contentUrl\":\"https:\\/\\/thebottleshop.vn\\/wp-content\\/uploads\\/2021\\/12\\/2V5B1282.png\",\"width\":1080,\"height\":1080,\"caption\":\"Florecita Apricot Liqueur Bottle\"},{\"@type\":\"BreadcrumbList\",\"@id\":\"http:\\\/\\\/52.77.24.187\\\/vi\\\/san-pham\\\/mo-florecita-apricot-liqueur-2\\\/#breadcrumb\",\"itemListElement\":[{\"@type\":\"ListItem\",\"position\":1,\"name\":\"Home\",\"item\":\"http:\\\/\\\/52.77.24.187\\\/vi\\\/test-popup-vi\\\/\"},{\"@type\":\"ListItem\",\"position\":2,\"name\":\"C\u1eeda h\u00e0ng\",\"item\":\"http:\\\/\\\/52.77.24.187\\\/vi\\\/cua-hang\\\/\"},{\"@type\":\"ListItem\",\"position\":3,\"name\":\"R\u01b0\u1ee3u M\u01a1 Florecita\"}]},{\"@type\":\"WebSite\",\"@id\":\"http:\\\/\\\/52.77.24.187\\\/#website\",\"url\":\"http:\\\/\\\/52.77.24.187\\\/\",\"name\":\"The Bottle Shop\",\"description\":\"All beers are not created equal\",\"publisher\":{\"@id\":\"http:\\\/\\\/52.77.24.187\\\/#organization\"},\"potentialAction\":[{\"@type\":\"SearchAction\",\"target\":{\"@type\":\"EntryPoint\",\"urlTemplate\":\"http:\\\/\\\/52.77.24.187\\\/?s={search_term_string}\"},\"query-input\":{\"@type\":\"PropertyValueSpecification\",\"valueRequired\":true,\"valueName\":\"search_term_string\"}}],\"inLanguage\":\"vi-VN\"},{\"@type\":\"Organization\",\"@id\":\"http:\\\/\\\/52.77.24.187\\\/#organization\",\"name\":\"The Bottle Shop\",\"url\":\"http:\\\/\\\/52.77.24.187\\\/\",\"logo\":{\"@type\":\"ImageObject\",\"inLanguage\":\"vi-VN\",\"@id\":\"http:\\\/\\\/52.77.24.187\\\/#\\\/schema\\\/logo\\\/image\\\/\",\"url\":\"https:\\/\\/thebottleshop.vn\\/wp-content\\/uploads\\/2022\\/10\\/The-Bottle-Shop-Online-Logo.png\",\"contentUrl\":\"https:\\/\\/thebottleshop.vn\\/wp-content\\/uploads\\/2022\\/10\\/The-Bottle-Shop-Online-Logo.png\",\"width\":145,\"height\":147,\"caption\":\"The Bottle Shop\"},\"image\":{\"@id\":\"http:\\\/\\\/52.77.24.187\\\/#\\\/schema\\\/logo\\\/image\\\/\"},\"sameAs\":[\"https:\\\/\\\/www.facebook.com\\\/thebottleshopvietnam\",\"https:\\\/\\\/www.instagram.com\\\/thebottleshop_vietnam\\\/\"]}]}<\/script>\n<!-- \/ Yoast SEO plugin. -->","yoast_head_json":{"title":"R\u01b0\u1ee3u M\u01a1 Florecita - The Bottle Shop","robots":{"index":"index","follow":"follow","max-snippet":"max-snippet:-1","max-image-preview":"max-image-preview:large","max-video-preview":"max-video-preview:-1"},"canonical":"http:\/\/52.77.24.187\/vi\/san-pham\/mo-florecita-apricot-liqueur-2\/","og_locale":"vi_VN","og_type":"article","og_title":"R\u01b0\u1ee3u M\u01a1 Florecita - The Bottle Shop","og_description":"375ml :: 17%","og_url":"http:\/\/52.77.24.187\/vi\/san-pham\/mo-florecita-apricot-liqueur-2\/","og_site_name":"The Bottle Shop","article_publisher":"https:\/\/www.facebook.com\/thebottleshopvietnam","og_image":[{"width":1080,"height":1080,"url":"https:\/\/mlsrfcxkkbzg.i.optimole.com\/cb:JbP2.215d7\/w:auto\/h:auto\/q:mauto\/ig:avif\/http:\/\/52.77.24.187\/wp-content\/uploads\/2021\/12\/2V5B1282.png","type":"image\/png"}],"twitter_card":"summary_large_image","schema":{"@context":"https:\/\/schema.org","@graph":[{"@type":"WebPage","@id":"http:\/\/52.77.24.187\/vi\/san-pham\/mo-florecita-apricot-liqueur-2\/","url":"http:\/\/52.77.24.187\/vi\/san-pham\/mo-florecita-apricot-liqueur-2\/","name":"R\u01b0\u1ee3u M\u01a1 Florecita - The Bottle Shop","isPartOf":{"@id":"http:\/\/52.77.24.187\/#website"},"primaryImageOfPage":{"@id":"http:\/\/52.77.24.187\/vi\/san-pham\/mo-florecita-apricot-liqueur-2\/#primaryimage"},"image":{"@id":"http:\/\/52.77.24.187\/vi\/san-pham\/mo-florecita-apricot-liqueur-2\/#primaryimage"},"thumbnailUrl":"https:\/\/mlsrfcxkkbzg.i.optimole.com\/cb:JbP2.215d7\/w:auto\/h:auto\/q:mauto\/ig:avif\/https:\/\/thebottleshop.vn\/wp-content\/uploads\/2021\/12\/2V5B1282.png","datePublished":"2022-02-21T07:01:13+00:00","breadcrumb":{"@id":"http:\/\/52.77.24.187\/vi\/san-pham\/mo-florecita-apricot-liqueur-2\/#breadcrumb"},"inLanguage":"vi-VN","potentialAction":[{"@type":"ReadAction","target":["http:\/\/52.77.24.187\/vi\/san-pham\/mo-florecita-apricot-liqueur-2\/"]}]},{"@type":"ImageObject","inLanguage":"vi-VN","@id":"http:\/\/52.77.24.187\/vi\/san-pham\/mo-florecita-apricot-liqueur-2\/#primaryimage","url":"https:\/\/mlsrfcxkkbzg.i.optimole.com\/cb:JbP2.215d7\/w:auto\/h:auto\/q:mauto\/ig:avif\/https:\/\/thebottleshop.vn\/wp-content\/uploads\/2021\/12\/2V5B1282.png","contentUrl":"https:\/\/mlsrfcxkkbzg.i.optimole.com\/cb:JbP2.215d7\/w:auto\/h:auto\/q:mauto\/ig:avif\/https:\/\/thebottleshop.vn\/wp-content\/uploads\/2021\/12\/2V5B1282.png","width":1080,"height":1080,"caption":"Florecita Apricot Liqueur Bottle"},{"@type":"BreadcrumbList","@id":"http:\/\/52.77.24.187\/vi\/san-pham\/mo-florecita-apricot-liqueur-2\/#breadcrumb","itemListElement":[{"@type":"ListItem","position":1,"name":"Home","item":"http:\/\/52.77.24.187\/vi\/test-popup-vi\/"},{"@type":"ListItem","position":2,"name":"C\u1eeda h\u00e0ng","item":"http:\/\/52.77.24.187\/vi\/cua-hang\/"},{"@type":"ListItem","position":3,"name":"R\u01b0\u1ee3u M\u01a1 Florecita"}]},{"@type":"WebSite","@id":"http:\/\/52.77.24.187\/#website","url":"http:\/\/52.77.24.187\/","name":"The Bottle Shop","description":"All beers are not created equal","publisher":{"@id":"http:\/\/52.77.24.187\/#organization"},"potentialAction":[{"@type":"SearchAction","target":{"@type":"EntryPoint","urlTemplate":"http:\/\/52.77.24.187\/?s={search_term_string}"},"query-input":{"@type":"PropertyValueSpecification","valueRequired":true,"valueName":"search_term_string"}}],"inLanguage":"vi-VN"},{"@type":"Organization","@id":"http:\/\/52.77.24.187\/#organization","name":"The Bottle Shop","url":"http:\/\/52.77.24.187\/","logo":{"@type":"ImageObject","inLanguage":"vi-VN","@id":"http:\/\/52.77.24.187\/#\/schema\/logo\/image\/","url":"https:\/\/mlsrfcxkkbzg.i.optimole.com\/cb:JbP2.215d7\/w:auto\/h:auto\/q:mauto\/ig:avif\/https:\/\/thebottleshop.vn\/wp-content\/uploads\/2022\/10\/The-Bottle-Shop-Online-Logo.png","contentUrl":"https:\/\/mlsrfcxkkbzg.i.optimole.com\/cb:JbP2.215d7\/w:auto\/h:auto\/q:mauto\/ig:avif\/https:\/\/thebottleshop.vn\/wp-content\/uploads\/2022\/10\/The-Bottle-Shop-Online-Logo.png","width":145,"height":147,"caption":"The Bottle Shop"},"image":{"@id":"http:\/\/52.77.24.187\/#\/schema\/logo\/image\/"},"sameAs":["https:\/\/www.facebook.com\/thebottleshopvietnam","https:\/\/www.instagram.com\/thebottleshop_vietnam\/"]}]}},"_links":{"self":[{"href":"https:\/\/thebottleshop.vn\/vi\/wp-json\/wp\/v2\/product\/13438","targetHints":{"allow":["GET"]}}],"collection":[{"href":"https:\/\/thebottleshop.vn\/vi\/wp-json\/wp\/v2\/product"}],"about":[{"href":"https:\/\/thebottleshop.vn\/vi\/wp-json\/wp\/v2\/types\/product"}],"replies":[{"embeddable":true,"href":"https:\/\/thebottleshop.vn\/vi\/wp-json\/wp\/v2\/comments?post=13438"}],"wp:featuredmedia":[{"embeddable":true,"href":"https:\/\/thebottleshop.vn\/vi\/wp-json\/wp\/v2\/media\/14753"}],"wp:attachment":[{"href":"https:\/\/thebottleshop.vn\/vi\/wp-json\/wp\/v2\/media?parent=13438"}],"wp:term":[{"taxonomy":"product_brand","embeddable":true,"href":"https:\/\/thebottleshop.vn\/vi\/wp-json\/wp\/v2\/product_brand?post=13438"},{"taxonomy":"product_cat","embeddable":true,"href":"https:\/\/thebottleshop.vn\/vi\/wp-json\/wp\/v2\/product_cat?post=13438"},{"taxonomy":"product_tag","embeddable":true,"href":"https:\/\/thebottleshop.vn\/vi\/wp-json\/wp\/v2\/product_tag?post=13438"}],"curies":[{"name":"wp","href":"https:\/\/api.w.org\/{rel}","templated":true}]}}