{"id":13474,"date":"2021-12-19T06:41:30","date_gmt":"2022-02-21T15:14:06","guid":{"rendered":"https:\/\/thebottleshop.vn\/product\/tuong-ot-chua-cay-saigon-charlie\/"},"modified":"2022-04-15T12:19:11","modified_gmt":"2022-04-15T05:19:11","slug":"saigon-charlies-saigon-sweet-spicy","status":"publish","type":"product","link":"https:\/\/thebottleshop.vn\/vi\/san-pham\/saigon-charlies-saigon-sweet-spicy\/","title":{"rendered":"Saigon Charlie t\u01b0\u01a1ng \u1edbt c\u00e2y ng\u1ecdt [S\u00e0i G\u00f2n]"},"content":{"rendered":"<p class=\"zpimage-heading zpimage-text-align-left\" data-editor=\"true\">N\u01b0\u1edbc m\u00eda t\u01b0\u01a1i v\u00e0 100% \u1edbt cayenne.<\/p>\n<div class=\"zpimage-text zpimage-text-align-left \" data-editor=\"true\">\n<p>T\u01b0\u01a1ng \u1edat Chua Cay Saigon Charlie \u0111\u01b0\u1ee3c l\u00e0m d\u1ef1a tr\u00ean c\u00f4ng th\u1ee9c c\u1ee7a d\u00f2ng h\u1ecd L\u00ea \u1edf C\u1ed1 \u0110\u00f4 Hu\u1ebf. S\u1ea3n ph\u1ea9m \u0111\u01b0\u1ee3c s\u1ea3n xu\u1ea5t t\u1eeb nh\u1eefng tr\u00e1i \u1edbt t\u01b0\u01a1i ngon k\u1ebft h\u1ee3p v\u1edbi nhi\u1ec1u lo\u1ea1i gia v\u1ecb \u0111\u1ec3 t\u1ea1o ra h\u01b0\u01a1ng v\u1ecb th\u01a1m ngon \u0111\u1eb7c bi\u1ec7t.<\/p>\n<p>T\u01b0\u01a1ng \u1edat Chua Cay Saigon Charlie \u0111\u01b0\u1ee3c l\u00e0m theo ki\u1ec3u S\u00e0i G\u00f2n \u0111\u01b0\u1ee3c th\u00eam v\u00e0o m\u1ed9t ch\u00fat \u0111\u01b0\u1eddng, c\u00f3 v\u1ecb h\u01a1i ng\u1ecdt, ph\u00f9 h\u1ee3p v\u1edbi kh\u1ea9u v\u1ecb ng\u01b0\u1eddi mi\u1ec1n Nam.<\/p>\n<p>\u2014\u2013<br \/>\nXem th\u01b0 vi\u1ec7n h\u00ecnh \u1ea3nh \u0111\u1ec3 bi\u1ebft th\u00eam th\u00f4ng tin chi ti\u1ebft v\u1ec1 ngu\u1ed3n g\u1ed1c, th\u00e0nh ph\u1ea7n v\u00e0 h\u01b0\u1edbng d\u1eabn s\u1eed d\u1ee5ng c\u1ee7a s\u1ea3n ph\u1ea9m.<\/p>\n<\/div>\n","protected":false},"excerpt":{"rendered":"<p><strong>150ml<\/strong><\/p>\n","protected":false},"featured_media":11895,"comment_status":"open","ping_status":"closed","template":"","meta":{"_acf_changed":false},"product_brand":[],"product_cat":[340,354,527,384,412,339,341,352],"product_tag":[],"class_list":{"0":"post-13474","1":"product","2":"type-product","3":"status-publish","4":"has-post-thumbnail","6":"product_cat-vietnam-hcmc","7":"product_cat-75k-99k","8":"product_cat-chai-1-5-0","9":"product_cat-nham-va-nhau","10":"product_cat-do-luu-niem","11":"product_cat-xuat-xu","12":"product_cat-dong-goi","13":"product_cat-gia","15":"first","16":"instock","17":"shipping-taxable","18":"purchasable","19":"product-type-simple","20":"add-to-wishlist-before_image"},"acf":[],"yoast_head":"<!-- This site is optimized with the Yoast SEO plugin v27.5 - https:\/\/yoast.com\/product\/yoast-seo-wordpress\/ -->\n<title>Saigon Charlie t\u01b0\u01a1ng \u1edbt c\u00e2y ng\u1ecdt [S\u00e0i G\u00f2n] - The Bottle Shop<\/title>\n<meta name=\"robots\" content=\"index, follow, max-snippet:-1, max-image-preview:large, max-video-preview:-1\" \/>\n<link rel=\"canonical\" href=\"http:\/\/52.77.24.187\/vi\/san-pham\/saigon-charlies-saigon-sweet-spicy\/\" \/>\n<meta property=\"og:locale\" content=\"vi_VN\" \/>\n<meta property=\"og:type\" content=\"article\" \/>\n<meta property=\"og:title\" content=\"Saigon Charlie t\u01b0\u01a1ng \u1edbt c\u00e2y ng\u1ecdt [S\u00e0i G\u00f2n] - The Bottle Shop\" \/>\n<meta property=\"og:description\" content=\"150ml\" \/>\n<meta property=\"og:url\" content=\"http:\/\/52.77.24.187\/vi\/san-pham\/saigon-charlies-saigon-sweet-spicy\/\" \/>\n<meta property=\"og:site_name\" content=\"The Bottle Shop\" \/>\n<meta property=\"article:publisher\" content=\"https:\/\/www.facebook.com\/thebottleshopvietnam\" \/>\n<meta property=\"article:modified_time\" content=\"2022-04-15T05:19:11+00:00\" \/>\n<meta property=\"og:image\" content=\"https:\/\/mlsrfcxkkbzg.i.optimole.com\/cb:JbP2.215d7\/w:auto\/h:auto\/q:mauto\/ig:avif\/http:\/\/52.77.24.187\/wp-content\/uploads\/2022\/01\/Saigon-Charlie-Saigon-Sweet-Spicy.png\" \/>\n\t<meta property=\"og:image:width\" content=\"1080\" \/>\n\t<meta property=\"og:image:height\" content=\"1080\" \/>\n\t<meta property=\"og:image:type\" content=\"image\/png\" \/>\n<meta name=\"twitter:card\" content=\"summary_large_image\" \/>\n<meta name=\"twitter:label1\" content=\"Est. reading time\" \/>\n\t<meta name=\"twitter:data1\" content=\"1 minute\" \/>\n<script type=\"application\/ld+json\" class=\"yoast-schema-graph\">{\"@context\":\"https:\\\/\\\/schema.org\",\"@graph\":[{\"@type\":\"WebPage\",\"@id\":\"http:\\\/\\\/52.77.24.187\\\/vi\\\/san-pham\\\/saigon-charlies-saigon-sweet-spicy\\\/\",\"url\":\"http:\\\/\\\/52.77.24.187\\\/vi\\\/san-pham\\\/saigon-charlies-saigon-sweet-spicy\\\/\",\"name\":\"Saigon Charlie t\u01b0\u01a1ng \u1edbt c\u00e2y ng\u1ecdt [S\u00e0i G\u00f2n] - The Bottle Shop\",\"isPartOf\":{\"@id\":\"http:\\\/\\\/52.77.24.187\\\/#website\"},\"primaryImageOfPage\":{\"@id\":\"http:\\\/\\\/52.77.24.187\\\/vi\\\/san-pham\\\/saigon-charlies-saigon-sweet-spicy\\\/#primaryimage\"},\"image\":{\"@id\":\"http:\\\/\\\/52.77.24.187\\\/vi\\\/san-pham\\\/saigon-charlies-saigon-sweet-spicy\\\/#primaryimage\"},\"thumbnailUrl\":\"https:\\/\\/thebottleshop.vn\\/wp-content\\/uploads\\/2022\\/01\\/Saigon-Charlie-Saigon-Sweet-Spicy.png\",\"datePublished\":\"2022-02-21T15:14:06+00:00\",\"dateModified\":\"2022-04-15T05:19:11+00:00\",\"breadcrumb\":{\"@id\":\"http:\\\/\\\/52.77.24.187\\\/vi\\\/san-pham\\\/saigon-charlies-saigon-sweet-spicy\\\/#breadcrumb\"},\"inLanguage\":\"vi-VN\",\"potentialAction\":[{\"@type\":\"ReadAction\",\"target\":[\"http:\\\/\\\/52.77.24.187\\\/vi\\\/san-pham\\\/saigon-charlies-saigon-sweet-spicy\\\/\"]}]},{\"@type\":\"ImageObject\",\"inLanguage\":\"vi-VN\",\"@id\":\"http:\\\/\\\/52.77.24.187\\\/vi\\\/san-pham\\\/saigon-charlies-saigon-sweet-spicy\\\/#primaryimage\",\"url\":\"https:\\/\\/thebottleshop.vn\\/wp-content\\/uploads\\/2022\\/01\\/Saigon-Charlie-Saigon-Sweet-Spicy.png\",\"contentUrl\":\"https:\\/\\/thebottleshop.vn\\/wp-content\\/uploads\\/2022\\/01\\/Saigon-Charlie-Saigon-Sweet-Spicy.png\",\"width\":1080,\"height\":1080,\"caption\":\"Saigon Charlie's Saigon Sweet & Spicy Chili Sauce\"},{\"@type\":\"BreadcrumbList\",\"@id\":\"http:\\\/\\\/52.77.24.187\\\/vi\\\/san-pham\\\/saigon-charlies-saigon-sweet-spicy\\\/#breadcrumb\",\"itemListElement\":[{\"@type\":\"ListItem\",\"position\":1,\"name\":\"Home\",\"item\":\"http:\\\/\\\/52.77.24.187\\\/vi\\\/test-popup-vi\\\/\"},{\"@type\":\"ListItem\",\"position\":2,\"name\":\"C\u1eeda h\u00e0ng\",\"item\":\"http:\\\/\\\/52.77.24.187\\\/vi\\\/cua-hang\\\/\"},{\"@type\":\"ListItem\",\"position\":3,\"name\":\"Saigon Charlie t\u01b0\u01a1ng \u1edbt c\u00e2y ng\u1ecdt [S\u00e0i G\u00f2n]\"}]},{\"@type\":\"WebSite\",\"@id\":\"http:\\\/\\\/52.77.24.187\\\/#website\",\"url\":\"http:\\\/\\\/52.77.24.187\\\/\",\"name\":\"The Bottle Shop\",\"description\":\"All beers are not created equal\",\"publisher\":{\"@id\":\"http:\\\/\\\/52.77.24.187\\\/#organization\"},\"potentialAction\":[{\"@type\":\"SearchAction\",\"target\":{\"@type\":\"EntryPoint\",\"urlTemplate\":\"http:\\\/\\\/52.77.24.187\\\/?s={search_term_string}\"},\"query-input\":{\"@type\":\"PropertyValueSpecification\",\"valueRequired\":true,\"valueName\":\"search_term_string\"}}],\"inLanguage\":\"vi-VN\"},{\"@type\":\"Organization\",\"@id\":\"http:\\\/\\\/52.77.24.187\\\/#organization\",\"name\":\"The Bottle Shop\",\"url\":\"http:\\\/\\\/52.77.24.187\\\/\",\"logo\":{\"@type\":\"ImageObject\",\"inLanguage\":\"vi-VN\",\"@id\":\"http:\\\/\\\/52.77.24.187\\\/#\\\/schema\\\/logo\\\/image\\\/\",\"url\":\"https:\\/\\/thebottleshop.vn\\/wp-content\\/uploads\\/2022\\/10\\/The-Bottle-Shop-Online-Logo.png\",\"contentUrl\":\"https:\\/\\/thebottleshop.vn\\/wp-content\\/uploads\\/2022\\/10\\/The-Bottle-Shop-Online-Logo.png\",\"width\":145,\"height\":147,\"caption\":\"The Bottle Shop\"},\"image\":{\"@id\":\"http:\\\/\\\/52.77.24.187\\\/#\\\/schema\\\/logo\\\/image\\\/\"},\"sameAs\":[\"https:\\\/\\\/www.facebook.com\\\/thebottleshopvietnam\",\"https:\\\/\\\/www.instagram.com\\\/thebottleshop_vietnam\\\/\"]}]}<\/script>\n<!-- \/ Yoast SEO plugin. -->","yoast_head_json":{"title":"Saigon Charlie t\u01b0\u01a1ng \u1edbt c\u00e2y ng\u1ecdt [S\u00e0i G\u00f2n] - The Bottle Shop","robots":{"index":"index","follow":"follow","max-snippet":"max-snippet:-1","max-image-preview":"max-image-preview:large","max-video-preview":"max-video-preview:-1"},"canonical":"http:\/\/52.77.24.187\/vi\/san-pham\/saigon-charlies-saigon-sweet-spicy\/","og_locale":"vi_VN","og_type":"article","og_title":"Saigon Charlie t\u01b0\u01a1ng \u1edbt c\u00e2y ng\u1ecdt [S\u00e0i G\u00f2n] - The Bottle Shop","og_description":"150ml","og_url":"http:\/\/52.77.24.187\/vi\/san-pham\/saigon-charlies-saigon-sweet-spicy\/","og_site_name":"The Bottle Shop","article_publisher":"https:\/\/www.facebook.com\/thebottleshopvietnam","article_modified_time":"2022-04-15T05:19:11+00:00","og_image":[{"width":1080,"height":1080,"url":"https:\/\/mlsrfcxkkbzg.i.optimole.com\/cb:JbP2.215d7\/w:auto\/h:auto\/q:mauto\/ig:avif\/http:\/\/52.77.24.187\/wp-content\/uploads\/2022\/01\/Saigon-Charlie-Saigon-Sweet-Spicy.png","type":"image\/png"}],"twitter_card":"summary_large_image","twitter_misc":{"Est. reading time":"1 minute"},"schema":{"@context":"https:\/\/schema.org","@graph":[{"@type":"WebPage","@id":"http:\/\/52.77.24.187\/vi\/san-pham\/saigon-charlies-saigon-sweet-spicy\/","url":"http:\/\/52.77.24.187\/vi\/san-pham\/saigon-charlies-saigon-sweet-spicy\/","name":"Saigon Charlie t\u01b0\u01a1ng \u1edbt c\u00e2y ng\u1ecdt [S\u00e0i G\u00f2n] - The Bottle Shop","isPartOf":{"@id":"http:\/\/52.77.24.187\/#website"},"primaryImageOfPage":{"@id":"http:\/\/52.77.24.187\/vi\/san-pham\/saigon-charlies-saigon-sweet-spicy\/#primaryimage"},"image":{"@id":"http:\/\/52.77.24.187\/vi\/san-pham\/saigon-charlies-saigon-sweet-spicy\/#primaryimage"},"thumbnailUrl":"https:\/\/mlsrfcxkkbzg.i.optimole.com\/cb:JbP2.215d7\/w:auto\/h:auto\/q:mauto\/ig:avif\/https:\/\/thebottleshop.vn\/wp-content\/uploads\/2022\/01\/Saigon-Charlie-Saigon-Sweet-Spicy.png","datePublished":"2022-02-21T15:14:06+00:00","dateModified":"2022-04-15T05:19:11+00:00","breadcrumb":{"@id":"http:\/\/52.77.24.187\/vi\/san-pham\/saigon-charlies-saigon-sweet-spicy\/#breadcrumb"},"inLanguage":"vi-VN","potentialAction":[{"@type":"ReadAction","target":["http:\/\/52.77.24.187\/vi\/san-pham\/saigon-charlies-saigon-sweet-spicy\/"]}]},{"@type":"ImageObject","inLanguage":"vi-VN","@id":"http:\/\/52.77.24.187\/vi\/san-pham\/saigon-charlies-saigon-sweet-spicy\/#primaryimage","url":"https:\/\/mlsrfcxkkbzg.i.optimole.com\/cb:JbP2.215d7\/w:auto\/h:auto\/q:mauto\/ig:avif\/https:\/\/thebottleshop.vn\/wp-content\/uploads\/2022\/01\/Saigon-Charlie-Saigon-Sweet-Spicy.png","contentUrl":"https:\/\/mlsrfcxkkbzg.i.optimole.com\/cb:JbP2.215d7\/w:auto\/h:auto\/q:mauto\/ig:avif\/https:\/\/thebottleshop.vn\/wp-content\/uploads\/2022\/01\/Saigon-Charlie-Saigon-Sweet-Spicy.png","width":1080,"height":1080,"caption":"Saigon Charlie's Saigon Sweet & Spicy Chili Sauce"},{"@type":"BreadcrumbList","@id":"http:\/\/52.77.24.187\/vi\/san-pham\/saigon-charlies-saigon-sweet-spicy\/#breadcrumb","itemListElement":[{"@type":"ListItem","position":1,"name":"Home","item":"http:\/\/52.77.24.187\/vi\/test-popup-vi\/"},{"@type":"ListItem","position":2,"name":"C\u1eeda h\u00e0ng","item":"http:\/\/52.77.24.187\/vi\/cua-hang\/"},{"@type":"ListItem","position":3,"name":"Saigon Charlie t\u01b0\u01a1ng \u1edbt c\u00e2y ng\u1ecdt [S\u00e0i G\u00f2n]"}]},{"@type":"WebSite","@id":"http:\/\/52.77.24.187\/#website","url":"http:\/\/52.77.24.187\/","name":"The Bottle Shop","description":"All beers are not created equal","publisher":{"@id":"http:\/\/52.77.24.187\/#organization"},"potentialAction":[{"@type":"SearchAction","target":{"@type":"EntryPoint","urlTemplate":"http:\/\/52.77.24.187\/?s={search_term_string}"},"query-input":{"@type":"PropertyValueSpecification","valueRequired":true,"valueName":"search_term_string"}}],"inLanguage":"vi-VN"},{"@type":"Organization","@id":"http:\/\/52.77.24.187\/#organization","name":"The Bottle Shop","url":"http:\/\/52.77.24.187\/","logo":{"@type":"ImageObject","inLanguage":"vi-VN","@id":"http:\/\/52.77.24.187\/#\/schema\/logo\/image\/","url":"https:\/\/mlsrfcxkkbzg.i.optimole.com\/cb:JbP2.215d7\/w:auto\/h:auto\/q:mauto\/ig:avif\/https:\/\/thebottleshop.vn\/wp-content\/uploads\/2022\/10\/The-Bottle-Shop-Online-Logo.png","contentUrl":"https:\/\/mlsrfcxkkbzg.i.optimole.com\/cb:JbP2.215d7\/w:auto\/h:auto\/q:mauto\/ig:avif\/https:\/\/thebottleshop.vn\/wp-content\/uploads\/2022\/10\/The-Bottle-Shop-Online-Logo.png","width":145,"height":147,"caption":"The Bottle Shop"},"image":{"@id":"http:\/\/52.77.24.187\/#\/schema\/logo\/image\/"},"sameAs":["https:\/\/www.facebook.com\/thebottleshopvietnam","https:\/\/www.instagram.com\/thebottleshop_vietnam\/"]}]}},"_links":{"self":[{"href":"https:\/\/thebottleshop.vn\/vi\/wp-json\/wp\/v2\/product\/13474","targetHints":{"allow":["GET"]}}],"collection":[{"href":"https:\/\/thebottleshop.vn\/vi\/wp-json\/wp\/v2\/product"}],"about":[{"href":"https:\/\/thebottleshop.vn\/vi\/wp-json\/wp\/v2\/types\/product"}],"replies":[{"embeddable":true,"href":"https:\/\/thebottleshop.vn\/vi\/wp-json\/wp\/v2\/comments?post=13474"}],"wp:featuredmedia":[{"embeddable":true,"href":"https:\/\/thebottleshop.vn\/vi\/wp-json\/wp\/v2\/media\/11895"}],"wp:attachment":[{"href":"https:\/\/thebottleshop.vn\/vi\/wp-json\/wp\/v2\/media?parent=13474"}],"wp:term":[{"taxonomy":"product_brand","embeddable":true,"href":"https:\/\/thebottleshop.vn\/vi\/wp-json\/wp\/v2\/product_brand?post=13474"},{"taxonomy":"product_cat","embeddable":true,"href":"https:\/\/thebottleshop.vn\/vi\/wp-json\/wp\/v2\/product_cat?post=13474"},{"taxonomy":"product_tag","embeddable":true,"href":"https:\/\/thebottleshop.vn\/vi\/wp-json\/wp\/v2\/product_tag?post=13474"}],"curies":[{"name":"wp","href":"https:\/\/api.w.org\/{rel}","templated":true}]}}