{"id":13492,"date":"2021-12-19T06:53:46","date_gmt":"2022-02-21T16:03:56","guid":{"rendered":"https:\/\/thebottleshop.vn\/product\/binh-growler-2-lit\/"},"modified":"2023-01-18T23:26:00","modified_gmt":"2023-01-18T16:26:00","slug":"2-liter-growler","status":"publish","type":"product","link":"https:\/\/thebottleshop.vn\/vi\/san-pham\/2-liter-growler\/","title":{"rendered":"B\u00ecnh Growler 2-l\u00edt"},"content":{"rendered":"<p>B\u00ecnh INOX nh\u1eadp kh\u1ea9u, c\u00f3 hai v\u00e1ch v\u00e0 n\u1eafp l\u1eadt s\u1ebd gi\u1eef cho bia th\u1ee7 c\u00f4ng c\u1ee7a b\u1ea1n lu\u00f4n l\u1ea1nh, t\u01b0\u01a1i v\u00e0 c\u00f3 ga. Growler c\u00f3 ch\u1ee9c n\u0103ng gi\u1ed1ng nh\u01b0 m\u1ed9t c\u00e1i keg nh\u1ecf, gi\u00fap l\u01b0u gi\u1eef h\u01b0\u01a1ng v\u1ecb c\u1ee7a bia v\u00e0 \u0111\u1ea3m b\u1ea3o r\u1eb1ng b\u1ea1n c\u00f3 m\u1ed9t c\u1ed1c bia x\u1ee9ng \u0111\u00e1ng khi m\u1edf n\u1eafp.<\/p>\n<p>&nbsp;<\/p>\n","protected":false},"excerpt":{"rendered":"<p>B\u00ecnh INOX nh\u1eadp kh\u1ea9u, c\u00f3 hai v\u00e1ch v\u00e0 n\u1eafp l\u1eadt s\u1ebd gi\u1eef cho bia th\u1ee7 c\u00f4ng c\u1ee7a b\u1ea1n lu\u00f4n l\u1ea1nh, t\u01b0\u01a1i v\u00e0 c\u00f3 ga. Growler c\u00f3 ch\u1ee9c n\u0103ng gi\u1ed1ng nh\u01b0 m\u1ed9t c\u00e1i keg nh\u1ecf, gi\u00fap l\u01b0u gi\u1eef h\u01b0\u01a1ng v\u1ecb c\u1ee7a bia v\u00e0 \u0111\u1ea3m b\u1ea3o r\u1eb1ng b\u1ea1n c\u00f3 m\u1ed9t c\u1ed1c bia x\u1ee9ng \u0111\u00e1ng khi m\u1edf n\u1eafp. [&hellip;]<\/p>\n","protected":false},"featured_media":11744,"comment_status":"open","ping_status":"closed","template":"","meta":{"_acf_changed":false},"product_brand":[],"product_cat":[412,375,339,341,352,482,474],"product_tag":[],"class_list":{"0":"post-13492","1":"product","2":"type-product","3":"status-publish","4":"has-post-thumbnail","6":"product_cat-do-luu-niem","7":"product_cat-750k-999k","8":"product_cat-xuat-xu","9":"product_cat-dong-goi","10":"product_cat-gia","11":"product_cat-trung-quoc","12":"product_cat-growler-2l","14":"first","15":"instock","16":"sale","17":"shipping-taxable","18":"purchasable","19":"product-type-simple","20":"add-to-wishlist-before_image"},"acf":[],"yoast_head":"<!-- This site is optimized with the Yoast SEO plugin v27.2 - https:\/\/yoast.com\/product\/yoast-seo-wordpress\/ -->\n<title>B\u00ecnh Growler 2-l\u00edt - The Bottle Shop<\/title>\n<meta name=\"robots\" content=\"index, follow, max-snippet:-1, max-image-preview:large, max-video-preview:-1\" \/>\n<link rel=\"canonical\" href=\"http:\/\/52.77.24.187\/vi\/san-pham\/2-liter-growler\/\" \/>\n<meta property=\"og:locale\" content=\"vi_VN\" \/>\n<meta property=\"og:type\" content=\"article\" \/>\n<meta property=\"og:title\" content=\"B\u00ecnh Growler 2-l\u00edt - The Bottle Shop\" \/>\n<meta property=\"og:description\" content=\"B\u00ecnh INOX nh\u1eadp kh\u1ea9u, c\u00f3 hai v\u00e1ch v\u00e0 n\u1eafp l\u1eadt s\u1ebd gi\u1eef cho bia th\u1ee7 c\u00f4ng c\u1ee7a b\u1ea1n lu\u00f4n l\u1ea1nh, t\u01b0\u01a1i v\u00e0 c\u00f3 ga. Growler c\u00f3 ch\u1ee9c n\u0103ng gi\u1ed1ng nh\u01b0 m\u1ed9t c\u00e1i keg nh\u1ecf, gi\u00fap l\u01b0u gi\u1eef h\u01b0\u01a1ng v\u1ecb c\u1ee7a bia v\u00e0 \u0111\u1ea3m b\u1ea3o r\u1eb1ng b\u1ea1n c\u00f3 m\u1ed9t c\u1ed1c bia x\u1ee9ng \u0111\u00e1ng khi m\u1edf n\u1eafp. [&hellip;]\" \/>\n<meta property=\"og:url\" content=\"http:\/\/52.77.24.187\/vi\/san-pham\/2-liter-growler\/\" \/>\n<meta property=\"og:site_name\" content=\"The Bottle Shop\" \/>\n<meta property=\"article:publisher\" content=\"https:\/\/www.facebook.com\/thebottleshopvietnam\" \/>\n<meta property=\"article:modified_time\" content=\"2023-01-18T16:26:00+00:00\" \/>\n<meta property=\"og:image\" content=\"https:\/\/mlsrfcxkkbzg.i.optimole.com\/cb:JbP2.215d7\/w:auto\/h:auto\/q:mauto\/ig:avif\/http:\/\/52.77.24.187\/wp-content\/uploads\/2022\/01\/Growler-2L.png\" \/>\n\t<meta property=\"og:image:width\" content=\"1080\" \/>\n\t<meta property=\"og:image:height\" content=\"1080\" \/>\n\t<meta property=\"og:image:type\" content=\"image\/png\" \/>\n<meta name=\"twitter:card\" content=\"summary_large_image\" \/>\n<script type=\"application\/ld+json\" class=\"yoast-schema-graph\">{\"@context\":\"https:\/\/schema.org\",\"@graph\":[{\"@type\":\"WebPage\",\"@id\":\"http:\/\/52.77.24.187\/vi\/san-pham\/2-liter-growler\/\",\"url\":\"http:\/\/52.77.24.187\/vi\/san-pham\/2-liter-growler\/\",\"name\":\"B\u00ecnh Growler 2-l\u00edt - The Bottle Shop\",\"isPartOf\":{\"@id\":\"http:\/\/52.77.24.187\/#website\"},\"primaryImageOfPage\":{\"@id\":\"http:\/\/52.77.24.187\/vi\/san-pham\/2-liter-growler\/#primaryimage\"},\"image\":{\"@id\":\"http:\/\/52.77.24.187\/vi\/san-pham\/2-liter-growler\/#primaryimage\"},\"thumbnailUrl\":\"https:\/\/mlsrfcxkkbzg.i.optimole.com\/cb:JbP2.215d7\/w:auto\/h:auto\/q:mauto\/ig:avif\/https:\/\/thebottleshop.vn\/wp-content\/uploads\/2022\/01\/Growler-2L.png\",\"datePublished\":\"2022-02-21T16:03:56+00:00\",\"dateModified\":\"2023-01-18T16:26:00+00:00\",\"breadcrumb\":{\"@id\":\"http:\/\/52.77.24.187\/vi\/san-pham\/2-liter-growler\/#breadcrumb\"},\"inLanguage\":\"vi-VN\",\"potentialAction\":[{\"@type\":\"ReadAction\",\"target\":[\"http:\/\/52.77.24.187\/vi\/san-pham\/2-liter-growler\/\"]}]},{\"@type\":\"ImageObject\",\"inLanguage\":\"vi-VN\",\"@id\":\"http:\/\/52.77.24.187\/vi\/san-pham\/2-liter-growler\/#primaryimage\",\"url\":\"https:\/\/mlsrfcxkkbzg.i.optimole.com\/cb:JbP2.215d7\/w:auto\/h:auto\/q:mauto\/ig:avif\/https:\/\/thebottleshop.vn\/wp-content\/uploads\/2022\/01\/Growler-2L.png\",\"contentUrl\":\"https:\/\/mlsrfcxkkbzg.i.optimole.com\/cb:JbP2.215d7\/w:auto\/h:auto\/q:mauto\/ig:avif\/https:\/\/thebottleshop.vn\/wp-content\/uploads\/2022\/01\/Growler-2L.png\",\"width\":1080,\"height\":1080,\"caption\":\"Beer growler\"},{\"@type\":\"BreadcrumbList\",\"@id\":\"http:\/\/52.77.24.187\/vi\/san-pham\/2-liter-growler\/#breadcrumb\",\"itemListElement\":[{\"@type\":\"ListItem\",\"position\":1,\"name\":\"Home\",\"item\":\"http:\/\/52.77.24.187\/vi\/test-popup-vi\/\"},{\"@type\":\"ListItem\",\"position\":2,\"name\":\"C\u1eeda h\u00e0ng\",\"item\":\"http:\/\/52.77.24.187\/vi\/cua-hang\/\"},{\"@type\":\"ListItem\",\"position\":3,\"name\":\"B\u00ecnh Growler 2-l\u00edt\"}]},{\"@type\":\"WebSite\",\"@id\":\"http:\/\/52.77.24.187\/#website\",\"url\":\"http:\/\/52.77.24.187\/\",\"name\":\"The Bottle Shop\",\"description\":\"All beers are not created equal\",\"publisher\":{\"@id\":\"http:\/\/52.77.24.187\/#organization\"},\"potentialAction\":[{\"@type\":\"SearchAction\",\"target\":{\"@type\":\"EntryPoint\",\"urlTemplate\":\"http:\/\/52.77.24.187\/?s={search_term_string}\"},\"query-input\":{\"@type\":\"PropertyValueSpecification\",\"valueRequired\":true,\"valueName\":\"search_term_string\"}}],\"inLanguage\":\"vi-VN\"},{\"@type\":\"Organization\",\"@id\":\"http:\/\/52.77.24.187\/#organization\",\"name\":\"The Bottle Shop\",\"url\":\"http:\/\/52.77.24.187\/\",\"logo\":{\"@type\":\"ImageObject\",\"inLanguage\":\"vi-VN\",\"@id\":\"http:\/\/52.77.24.187\/#\/schema\/logo\/image\/\",\"url\":\"https:\/\/mlsrfcxkkbzg.i.optimole.com\/cb:JbP2.215d7\/w:auto\/h:auto\/q:mauto\/ig:avif\/https:\/\/thebottleshop.vn\/wp-content\/uploads\/2022\/10\/The-Bottle-Shop-Online-Logo.png\",\"contentUrl\":\"https:\/\/mlsrfcxkkbzg.i.optimole.com\/cb:JbP2.215d7\/w:auto\/h:auto\/q:mauto\/ig:avif\/https:\/\/thebottleshop.vn\/wp-content\/uploads\/2022\/10\/The-Bottle-Shop-Online-Logo.png\",\"width\":145,\"height\":147,\"caption\":\"The Bottle Shop\"},\"image\":{\"@id\":\"http:\/\/52.77.24.187\/#\/schema\/logo\/image\/\"},\"sameAs\":[\"https:\/\/www.facebook.com\/thebottleshopvietnam\",\"https:\/\/www.instagram.com\/thebottleshop_vietnam\/\"]}]}<\/script>\n<!-- \/ Yoast SEO plugin. -->","yoast_head_json":{"title":"B\u00ecnh Growler 2-l\u00edt - The Bottle Shop","robots":{"index":"index","follow":"follow","max-snippet":"max-snippet:-1","max-image-preview":"max-image-preview:large","max-video-preview":"max-video-preview:-1"},"canonical":"http:\/\/52.77.24.187\/vi\/san-pham\/2-liter-growler\/","og_locale":"vi_VN","og_type":"article","og_title":"B\u00ecnh Growler 2-l\u00edt - The Bottle Shop","og_description":"B\u00ecnh INOX nh\u1eadp kh\u1ea9u, c\u00f3 hai v\u00e1ch v\u00e0 n\u1eafp l\u1eadt s\u1ebd gi\u1eef cho bia th\u1ee7 c\u00f4ng c\u1ee7a b\u1ea1n lu\u00f4n l\u1ea1nh, t\u01b0\u01a1i v\u00e0 c\u00f3 ga. Growler c\u00f3 ch\u1ee9c n\u0103ng gi\u1ed1ng nh\u01b0 m\u1ed9t c\u00e1i keg nh\u1ecf, gi\u00fap l\u01b0u gi\u1eef h\u01b0\u01a1ng v\u1ecb c\u1ee7a bia v\u00e0 \u0111\u1ea3m b\u1ea3o r\u1eb1ng b\u1ea1n c\u00f3 m\u1ed9t c\u1ed1c bia x\u1ee9ng \u0111\u00e1ng khi m\u1edf n\u1eafp. [&hellip;]","og_url":"http:\/\/52.77.24.187\/vi\/san-pham\/2-liter-growler\/","og_site_name":"The Bottle Shop","article_publisher":"https:\/\/www.facebook.com\/thebottleshopvietnam","article_modified_time":"2023-01-18T16:26:00+00:00","og_image":[{"width":1080,"height":1080,"url":"https:\/\/mlsrfcxkkbzg.i.optimole.com\/cb:JbP2.215d7\/w:auto\/h:auto\/q:mauto\/ig:avif\/http:\/\/52.77.24.187\/wp-content\/uploads\/2022\/01\/Growler-2L.png","type":"image\/png"}],"twitter_card":"summary_large_image","schema":{"@context":"https:\/\/schema.org","@graph":[{"@type":"WebPage","@id":"http:\/\/52.77.24.187\/vi\/san-pham\/2-liter-growler\/","url":"http:\/\/52.77.24.187\/vi\/san-pham\/2-liter-growler\/","name":"B\u00ecnh Growler 2-l\u00edt - The Bottle Shop","isPartOf":{"@id":"http:\/\/52.77.24.187\/#website"},"primaryImageOfPage":{"@id":"http:\/\/52.77.24.187\/vi\/san-pham\/2-liter-growler\/#primaryimage"},"image":{"@id":"http:\/\/52.77.24.187\/vi\/san-pham\/2-liter-growler\/#primaryimage"},"thumbnailUrl":"https:\/\/mlsrfcxkkbzg.i.optimole.com\/cb:JbP2.215d7\/w:auto\/h:auto\/q:mauto\/ig:avif\/https:\/\/thebottleshop.vn\/wp-content\/uploads\/2022\/01\/Growler-2L.png","datePublished":"2022-02-21T16:03:56+00:00","dateModified":"2023-01-18T16:26:00+00:00","breadcrumb":{"@id":"http:\/\/52.77.24.187\/vi\/san-pham\/2-liter-growler\/#breadcrumb"},"inLanguage":"vi-VN","potentialAction":[{"@type":"ReadAction","target":["http:\/\/52.77.24.187\/vi\/san-pham\/2-liter-growler\/"]}]},{"@type":"ImageObject","inLanguage":"vi-VN","@id":"http:\/\/52.77.24.187\/vi\/san-pham\/2-liter-growler\/#primaryimage","url":"https:\/\/mlsrfcxkkbzg.i.optimole.com\/cb:JbP2.215d7\/w:auto\/h:auto\/q:mauto\/ig:avif\/https:\/\/thebottleshop.vn\/wp-content\/uploads\/2022\/01\/Growler-2L.png","contentUrl":"https:\/\/mlsrfcxkkbzg.i.optimole.com\/cb:JbP2.215d7\/w:auto\/h:auto\/q:mauto\/ig:avif\/https:\/\/thebottleshop.vn\/wp-content\/uploads\/2022\/01\/Growler-2L.png","width":1080,"height":1080,"caption":"Beer growler"},{"@type":"BreadcrumbList","@id":"http:\/\/52.77.24.187\/vi\/san-pham\/2-liter-growler\/#breadcrumb","itemListElement":[{"@type":"ListItem","position":1,"name":"Home","item":"http:\/\/52.77.24.187\/vi\/test-popup-vi\/"},{"@type":"ListItem","position":2,"name":"C\u1eeda h\u00e0ng","item":"http:\/\/52.77.24.187\/vi\/cua-hang\/"},{"@type":"ListItem","position":3,"name":"B\u00ecnh Growler 2-l\u00edt"}]},{"@type":"WebSite","@id":"http:\/\/52.77.24.187\/#website","url":"http:\/\/52.77.24.187\/","name":"The Bottle Shop","description":"All beers are not created equal","publisher":{"@id":"http:\/\/52.77.24.187\/#organization"},"potentialAction":[{"@type":"SearchAction","target":{"@type":"EntryPoint","urlTemplate":"http:\/\/52.77.24.187\/?s={search_term_string}"},"query-input":{"@type":"PropertyValueSpecification","valueRequired":true,"valueName":"search_term_string"}}],"inLanguage":"vi-VN"},{"@type":"Organization","@id":"http:\/\/52.77.24.187\/#organization","name":"The Bottle Shop","url":"http:\/\/52.77.24.187\/","logo":{"@type":"ImageObject","inLanguage":"vi-VN","@id":"http:\/\/52.77.24.187\/#\/schema\/logo\/image\/","url":"https:\/\/mlsrfcxkkbzg.i.optimole.com\/cb:JbP2.215d7\/w:auto\/h:auto\/q:mauto\/ig:avif\/https:\/\/thebottleshop.vn\/wp-content\/uploads\/2022\/10\/The-Bottle-Shop-Online-Logo.png","contentUrl":"https:\/\/mlsrfcxkkbzg.i.optimole.com\/cb:JbP2.215d7\/w:auto\/h:auto\/q:mauto\/ig:avif\/https:\/\/thebottleshop.vn\/wp-content\/uploads\/2022\/10\/The-Bottle-Shop-Online-Logo.png","width":145,"height":147,"caption":"The Bottle Shop"},"image":{"@id":"http:\/\/52.77.24.187\/#\/schema\/logo\/image\/"},"sameAs":["https:\/\/www.facebook.com\/thebottleshopvietnam","https:\/\/www.instagram.com\/thebottleshop_vietnam\/"]}]}},"_links":{"self":[{"href":"https:\/\/thebottleshop.vn\/vi\/wp-json\/wp\/v2\/product\/13492","targetHints":{"allow":["GET"]}}],"collection":[{"href":"https:\/\/thebottleshop.vn\/vi\/wp-json\/wp\/v2\/product"}],"about":[{"href":"https:\/\/thebottleshop.vn\/vi\/wp-json\/wp\/v2\/types\/product"}],"replies":[{"embeddable":true,"href":"https:\/\/thebottleshop.vn\/vi\/wp-json\/wp\/v2\/comments?post=13492"}],"wp:featuredmedia":[{"embeddable":true,"href":"https:\/\/thebottleshop.vn\/vi\/wp-json\/wp\/v2\/media\/11744"}],"wp:attachment":[{"href":"https:\/\/thebottleshop.vn\/vi\/wp-json\/wp\/v2\/media?parent=13492"}],"wp:term":[{"taxonomy":"product_brand","embeddable":true,"href":"https:\/\/thebottleshop.vn\/vi\/wp-json\/wp\/v2\/product_brand?post=13492"},{"taxonomy":"product_cat","embeddable":true,"href":"https:\/\/thebottleshop.vn\/vi\/wp-json\/wp\/v2\/product_cat?post=13492"},{"taxonomy":"product_tag","embeddable":true,"href":"https:\/\/thebottleshop.vn\/vi\/wp-json\/wp\/v2\/product_tag?post=13492"}],"curies":[{"name":"wp","href":"https:\/\/api.w.org\/{rel}","templated":true}]}}