{"id":14816,"date":"2022-03-15T11:04:05","date_gmt":"2022-03-15T04:06:31","guid":{"rendered":"https:\/\/thebottleshop.vn\/product\/spico-tuong-ot-mien-bien-phuong-nam\/"},"modified":"2022-04-15T13:49:38","modified_gmt":"2022-04-15T06:49:38","slug":"spico-mien-bien-phuong-nam-chili-sauce-2","status":"publish","type":"product","link":"https:\/\/thebottleshop.vn\/vi\/san-pham\/spico-mien-bien-phuong-nam-chili-sauce-2\/","title":{"rendered":"SPiCO T\u01b0\u01a1ng \u1edbt mi\u1ec1n bi\u1ec3n Ph\u01b0\u01a1ng Nam"},"content":{"rendered":"<div class=\"kvgmc6g5 cxmmr5t8 oygrvhab hcukyx3x c1et5uql\"><span class=\"\">Mang \u0111\u1eadm kh\u1ea9u v\u1ecb mi\u1ec1n Nam, t\u01b0\u01a1ng \u1edbt Mi\u1ec1n Bi\u1ec3n Ph\u01b0\u01a1ng Nam \u0111\u01b0\u1ee3c l\u1ea5y \u00fd t\u01b0\u1edfng t\u1eeb k\u00fd \u1ee9c t\u00e1c gi\u1ea3 khi \u0111i d\u1ecdc bi\u1ec3n M\u0169i N\u00e9, Phan Thi\u1ebft, B\u00ecnh Thu\u1eadn. T\u01b0\u01a1ng \u1edbt \u0111\u01b0\u1ee3c l\u00e0m c\u1ea7u k\u00ec t\u1eeb 3 lo\u1ea1i \u1edbt kh\u00e1c nhau c\u00f9ng m\u1eafm c\u1ed1t l\u00e2u n\u0103m v\u00e0 \u0111\u1eb7c bi\u1ec7t \u0111\u01b0\u1ee3c c\u00f4 \u0111\u1eb7c tr\u00ean b\u1ebfp l\u1eeda. \u0110i\u1ec1u n\u00e0y khi\u1ebfn cho t\u01b0\u01a1ng \u1edbt mang \u0111a t\u1ea7ng h\u01b0\u01a1ng v\u1ecb khi ch\u1ea5m.<br \/>\n\u2013 Kh\u00f4ng ch\u1ea5t b\u1ea3o qu\u1ea3n<br \/>\n\u2013 Kh\u00f4ng h\u01b0\u01a1ng li\u1ec7u<br \/>\n\u2013 Kh\u00f4ng bi\u1ebfn \u0111\u1ed5i Gen\u00a0<\/span><\/div>\n<div>\n<p>&#8212;&#8211;<br \/>\nXem th\u01b0 vi\u1ec7n h\u00ecnh \u1ea3nh \u0111\u1ec3 bi\u1ebft th\u00eam th\u00f4ng tin chi ti\u1ebft v\u1ec1 ngu\u1ed3n g\u1ed1c, th\u00e0nh ph\u1ea7n v\u00e0 h\u01b0\u1edbng d\u1eabn s\u1eed d\u1ee5ng c\u1ee7a s\u1ea3n ph\u1ea9m.<\/p>\n<\/div>\n","protected":false},"excerpt":{"rendered":"<p><strong>227ml<\/strong><\/p>\n","protected":false},"featured_media":14743,"comment_status":"open","ping_status":"closed","template":"","meta":{"_acf_changed":false},"product_brand":[],"product_cat":[390,354,384,538,339,341,352],"product_tag":[],"class_list":{"0":"post-14816","1":"product","2":"type-product","3":"status-publish","4":"has-post-thumbnail","6":"product_cat-vietnam-hanoi","7":"product_cat-75k-99k","8":"product_cat-nham-va-nhau","9":"product_cat-cjai-300-ml","10":"product_cat-xuat-xu","11":"product_cat-dong-goi","12":"product_cat-gia","14":"first","15":"outofstock","16":"shipping-taxable","17":"purchasable","18":"product-type-simple","19":"add-to-wishlist-before_image"},"acf":[],"yoast_head":"<!-- This site is optimized with the Yoast SEO plugin v27.2 - https:\/\/yoast.com\/product\/yoast-seo-wordpress\/ -->\n<title>SPiCO T\u01b0\u01a1ng \u1edbt mi\u1ec1n bi\u1ec3n Ph\u01b0\u01a1ng Nam - The Bottle Shop<\/title>\n<meta name=\"robots\" content=\"index, follow, max-snippet:-1, max-image-preview:large, max-video-preview:-1\" \/>\n<link rel=\"canonical\" href=\"http:\/\/52.77.24.187\/vi\/san-pham\/spico-mien-bien-phuong-nam-chili-sauce-2\/\" \/>\n<meta property=\"og:locale\" content=\"vi_VN\" \/>\n<meta property=\"og:type\" content=\"article\" \/>\n<meta property=\"og:title\" content=\"SPiCO T\u01b0\u01a1ng \u1edbt mi\u1ec1n bi\u1ec3n Ph\u01b0\u01a1ng Nam - The Bottle Shop\" \/>\n<meta property=\"og:description\" content=\"227ml\" \/>\n<meta property=\"og:url\" content=\"http:\/\/52.77.24.187\/vi\/san-pham\/spico-mien-bien-phuong-nam-chili-sauce-2\/\" \/>\n<meta property=\"og:site_name\" content=\"The Bottle Shop\" \/>\n<meta property=\"article:publisher\" content=\"https:\/\/www.facebook.com\/thebottleshopvietnam\" \/>\n<meta property=\"article:modified_time\" content=\"2022-04-15T06:49:38+00:00\" \/>\n<meta property=\"og:image\" content=\"https:\/\/mlsrfcxkkbzg.i.optimole.com\/cb:JbP2.215d7\/w:auto\/h:auto\/q:mauto\/ig:avif\/http:\/\/52.77.24.187\/wp-content\/uploads\/2021\/12\/2V5B1258.png\" \/>\n\t<meta property=\"og:image:width\" content=\"1080\" \/>\n\t<meta property=\"og:image:height\" content=\"1080\" \/>\n\t<meta property=\"og:image:type\" content=\"image\/png\" \/>\n<meta name=\"twitter:card\" content=\"summary_large_image\" \/>\n<meta name=\"twitter:label1\" content=\"Est. reading time\" \/>\n\t<meta name=\"twitter:data1\" content=\"1 minute\" \/>\n<script type=\"application\/ld+json\" class=\"yoast-schema-graph\">{\"@context\":\"https:\/\/schema.org\",\"@graph\":[{\"@type\":\"WebPage\",\"@id\":\"http:\/\/52.77.24.187\/vi\/san-pham\/spico-mien-bien-phuong-nam-chili-sauce-2\/\",\"url\":\"http:\/\/52.77.24.187\/vi\/san-pham\/spico-mien-bien-phuong-nam-chili-sauce-2\/\",\"name\":\"SPiCO T\u01b0\u01a1ng \u1edbt mi\u1ec1n bi\u1ec3n Ph\u01b0\u01a1ng Nam - The Bottle Shop\",\"isPartOf\":{\"@id\":\"http:\/\/52.77.24.187\/#website\"},\"primaryImageOfPage\":{\"@id\":\"http:\/\/52.77.24.187\/vi\/san-pham\/spico-mien-bien-phuong-nam-chili-sauce-2\/#primaryimage\"},\"image\":{\"@id\":\"http:\/\/52.77.24.187\/vi\/san-pham\/spico-mien-bien-phuong-nam-chili-sauce-2\/#primaryimage\"},\"thumbnailUrl\":\"https:\/\/mlsrfcxkkbzg.i.optimole.com\/cb:JbP2.215d7\/w:auto\/h:auto\/q:mauto\/ig:avif\/https:\/\/thebottleshop.vn\/wp-content\/uploads\/2021\/12\/2V5B1258.png\",\"datePublished\":\"2022-03-15T04:06:31+00:00\",\"dateModified\":\"2022-04-15T06:49:38+00:00\",\"breadcrumb\":{\"@id\":\"http:\/\/52.77.24.187\/vi\/san-pham\/spico-mien-bien-phuong-nam-chili-sauce-2\/#breadcrumb\"},\"inLanguage\":\"vi-VN\",\"potentialAction\":[{\"@type\":\"ReadAction\",\"target\":[\"http:\/\/52.77.24.187\/vi\/san-pham\/spico-mien-bien-phuong-nam-chili-sauce-2\/\"]}]},{\"@type\":\"ImageObject\",\"inLanguage\":\"vi-VN\",\"@id\":\"http:\/\/52.77.24.187\/vi\/san-pham\/spico-mien-bien-phuong-nam-chili-sauce-2\/#primaryimage\",\"url\":\"https:\/\/mlsrfcxkkbzg.i.optimole.com\/cb:JbP2.215d7\/w:auto\/h:auto\/q:mauto\/ig:avif\/https:\/\/thebottleshop.vn\/wp-content\/uploads\/2021\/12\/2V5B1258.png\",\"contentUrl\":\"https:\/\/mlsrfcxkkbzg.i.optimole.com\/cb:JbP2.215d7\/w:auto\/h:auto\/q:mauto\/ig:avif\/https:\/\/thebottleshop.vn\/wp-content\/uploads\/2021\/12\/2V5B1258.png\",\"width\":1080,\"height\":1080,\"caption\":\"SPiCO Mi\u1ec1n Bi\u1ec3n Ph\u01b0\u01a1ng Nam Chili Sauce Bottle\"},{\"@type\":\"BreadcrumbList\",\"@id\":\"http:\/\/52.77.24.187\/vi\/san-pham\/spico-mien-bien-phuong-nam-chili-sauce-2\/#breadcrumb\",\"itemListElement\":[{\"@type\":\"ListItem\",\"position\":1,\"name\":\"Home\",\"item\":\"http:\/\/52.77.24.187\/vi\/test-popup-vi\/\"},{\"@type\":\"ListItem\",\"position\":2,\"name\":\"C\u1eeda h\u00e0ng\",\"item\":\"http:\/\/52.77.24.187\/vi\/cua-hang\/\"},{\"@type\":\"ListItem\",\"position\":3,\"name\":\"SPiCO T\u01b0\u01a1ng \u1edbt mi\u1ec1n bi\u1ec3n Ph\u01b0\u01a1ng Nam\"}]},{\"@type\":\"WebSite\",\"@id\":\"http:\/\/52.77.24.187\/#website\",\"url\":\"http:\/\/52.77.24.187\/\",\"name\":\"The Bottle Shop\",\"description\":\"All beers are not created equal\",\"publisher\":{\"@id\":\"http:\/\/52.77.24.187\/#organization\"},\"potentialAction\":[{\"@type\":\"SearchAction\",\"target\":{\"@type\":\"EntryPoint\",\"urlTemplate\":\"http:\/\/52.77.24.187\/?s={search_term_string}\"},\"query-input\":{\"@type\":\"PropertyValueSpecification\",\"valueRequired\":true,\"valueName\":\"search_term_string\"}}],\"inLanguage\":\"vi-VN\"},{\"@type\":\"Organization\",\"@id\":\"http:\/\/52.77.24.187\/#organization\",\"name\":\"The Bottle Shop\",\"url\":\"http:\/\/52.77.24.187\/\",\"logo\":{\"@type\":\"ImageObject\",\"inLanguage\":\"vi-VN\",\"@id\":\"http:\/\/52.77.24.187\/#\/schema\/logo\/image\/\",\"url\":\"https:\/\/mlsrfcxkkbzg.i.optimole.com\/cb:JbP2.215d7\/w:auto\/h:auto\/q:mauto\/ig:avif\/https:\/\/thebottleshop.vn\/wp-content\/uploads\/2022\/10\/The-Bottle-Shop-Online-Logo.png\",\"contentUrl\":\"https:\/\/mlsrfcxkkbzg.i.optimole.com\/cb:JbP2.215d7\/w:auto\/h:auto\/q:mauto\/ig:avif\/https:\/\/thebottleshop.vn\/wp-content\/uploads\/2022\/10\/The-Bottle-Shop-Online-Logo.png\",\"width\":145,\"height\":147,\"caption\":\"The Bottle Shop\"},\"image\":{\"@id\":\"http:\/\/52.77.24.187\/#\/schema\/logo\/image\/\"},\"sameAs\":[\"https:\/\/www.facebook.com\/thebottleshopvietnam\",\"https:\/\/www.instagram.com\/thebottleshop_vietnam\/\"]}]}<\/script>\n<!-- \/ Yoast SEO plugin. -->","yoast_head_json":{"title":"SPiCO T\u01b0\u01a1ng \u1edbt mi\u1ec1n bi\u1ec3n Ph\u01b0\u01a1ng Nam - The Bottle Shop","robots":{"index":"index","follow":"follow","max-snippet":"max-snippet:-1","max-image-preview":"max-image-preview:large","max-video-preview":"max-video-preview:-1"},"canonical":"http:\/\/52.77.24.187\/vi\/san-pham\/spico-mien-bien-phuong-nam-chili-sauce-2\/","og_locale":"vi_VN","og_type":"article","og_title":"SPiCO T\u01b0\u01a1ng \u1edbt mi\u1ec1n bi\u1ec3n Ph\u01b0\u01a1ng Nam - The Bottle Shop","og_description":"227ml","og_url":"http:\/\/52.77.24.187\/vi\/san-pham\/spico-mien-bien-phuong-nam-chili-sauce-2\/","og_site_name":"The Bottle Shop","article_publisher":"https:\/\/www.facebook.com\/thebottleshopvietnam","article_modified_time":"2022-04-15T06:49:38+00:00","og_image":[{"width":1080,"height":1080,"url":"https:\/\/mlsrfcxkkbzg.i.optimole.com\/cb:JbP2.215d7\/w:auto\/h:auto\/q:mauto\/ig:avif\/http:\/\/52.77.24.187\/wp-content\/uploads\/2021\/12\/2V5B1258.png","type":"image\/png"}],"twitter_card":"summary_large_image","twitter_misc":{"Est. reading time":"1 minute"},"schema":{"@context":"https:\/\/schema.org","@graph":[{"@type":"WebPage","@id":"http:\/\/52.77.24.187\/vi\/san-pham\/spico-mien-bien-phuong-nam-chili-sauce-2\/","url":"http:\/\/52.77.24.187\/vi\/san-pham\/spico-mien-bien-phuong-nam-chili-sauce-2\/","name":"SPiCO T\u01b0\u01a1ng \u1edbt mi\u1ec1n bi\u1ec3n Ph\u01b0\u01a1ng Nam - The Bottle Shop","isPartOf":{"@id":"http:\/\/52.77.24.187\/#website"},"primaryImageOfPage":{"@id":"http:\/\/52.77.24.187\/vi\/san-pham\/spico-mien-bien-phuong-nam-chili-sauce-2\/#primaryimage"},"image":{"@id":"http:\/\/52.77.24.187\/vi\/san-pham\/spico-mien-bien-phuong-nam-chili-sauce-2\/#primaryimage"},"thumbnailUrl":"https:\/\/mlsrfcxkkbzg.i.optimole.com\/cb:JbP2.215d7\/w:auto\/h:auto\/q:mauto\/ig:avif\/https:\/\/thebottleshop.vn\/wp-content\/uploads\/2021\/12\/2V5B1258.png","datePublished":"2022-03-15T04:06:31+00:00","dateModified":"2022-04-15T06:49:38+00:00","breadcrumb":{"@id":"http:\/\/52.77.24.187\/vi\/san-pham\/spico-mien-bien-phuong-nam-chili-sauce-2\/#breadcrumb"},"inLanguage":"vi-VN","potentialAction":[{"@type":"ReadAction","target":["http:\/\/52.77.24.187\/vi\/san-pham\/spico-mien-bien-phuong-nam-chili-sauce-2\/"]}]},{"@type":"ImageObject","inLanguage":"vi-VN","@id":"http:\/\/52.77.24.187\/vi\/san-pham\/spico-mien-bien-phuong-nam-chili-sauce-2\/#primaryimage","url":"https:\/\/mlsrfcxkkbzg.i.optimole.com\/cb:JbP2.215d7\/w:auto\/h:auto\/q:mauto\/ig:avif\/https:\/\/thebottleshop.vn\/wp-content\/uploads\/2021\/12\/2V5B1258.png","contentUrl":"https:\/\/mlsrfcxkkbzg.i.optimole.com\/cb:JbP2.215d7\/w:auto\/h:auto\/q:mauto\/ig:avif\/https:\/\/thebottleshop.vn\/wp-content\/uploads\/2021\/12\/2V5B1258.png","width":1080,"height":1080,"caption":"SPiCO Mi\u1ec1n Bi\u1ec3n Ph\u01b0\u01a1ng Nam Chili Sauce Bottle"},{"@type":"BreadcrumbList","@id":"http:\/\/52.77.24.187\/vi\/san-pham\/spico-mien-bien-phuong-nam-chili-sauce-2\/#breadcrumb","itemListElement":[{"@type":"ListItem","position":1,"name":"Home","item":"http:\/\/52.77.24.187\/vi\/test-popup-vi\/"},{"@type":"ListItem","position":2,"name":"C\u1eeda h\u00e0ng","item":"http:\/\/52.77.24.187\/vi\/cua-hang\/"},{"@type":"ListItem","position":3,"name":"SPiCO T\u01b0\u01a1ng \u1edbt mi\u1ec1n bi\u1ec3n Ph\u01b0\u01a1ng Nam"}]},{"@type":"WebSite","@id":"http:\/\/52.77.24.187\/#website","url":"http:\/\/52.77.24.187\/","name":"The Bottle Shop","description":"All beers are not created equal","publisher":{"@id":"http:\/\/52.77.24.187\/#organization"},"potentialAction":[{"@type":"SearchAction","target":{"@type":"EntryPoint","urlTemplate":"http:\/\/52.77.24.187\/?s={search_term_string}"},"query-input":{"@type":"PropertyValueSpecification","valueRequired":true,"valueName":"search_term_string"}}],"inLanguage":"vi-VN"},{"@type":"Organization","@id":"http:\/\/52.77.24.187\/#organization","name":"The Bottle Shop","url":"http:\/\/52.77.24.187\/","logo":{"@type":"ImageObject","inLanguage":"vi-VN","@id":"http:\/\/52.77.24.187\/#\/schema\/logo\/image\/","url":"https:\/\/mlsrfcxkkbzg.i.optimole.com\/cb:JbP2.215d7\/w:auto\/h:auto\/q:mauto\/ig:avif\/https:\/\/thebottleshop.vn\/wp-content\/uploads\/2022\/10\/The-Bottle-Shop-Online-Logo.png","contentUrl":"https:\/\/mlsrfcxkkbzg.i.optimole.com\/cb:JbP2.215d7\/w:auto\/h:auto\/q:mauto\/ig:avif\/https:\/\/thebottleshop.vn\/wp-content\/uploads\/2022\/10\/The-Bottle-Shop-Online-Logo.png","width":145,"height":147,"caption":"The Bottle Shop"},"image":{"@id":"http:\/\/52.77.24.187\/#\/schema\/logo\/image\/"},"sameAs":["https:\/\/www.facebook.com\/thebottleshopvietnam","https:\/\/www.instagram.com\/thebottleshop_vietnam\/"]}]}},"_links":{"self":[{"href":"https:\/\/thebottleshop.vn\/vi\/wp-json\/wp\/v2\/product\/14816","targetHints":{"allow":["GET"]}}],"collection":[{"href":"https:\/\/thebottleshop.vn\/vi\/wp-json\/wp\/v2\/product"}],"about":[{"href":"https:\/\/thebottleshop.vn\/vi\/wp-json\/wp\/v2\/types\/product"}],"replies":[{"embeddable":true,"href":"https:\/\/thebottleshop.vn\/vi\/wp-json\/wp\/v2\/comments?post=14816"}],"wp:featuredmedia":[{"embeddable":true,"href":"https:\/\/thebottleshop.vn\/vi\/wp-json\/wp\/v2\/media\/14743"}],"wp:attachment":[{"href":"https:\/\/thebottleshop.vn\/vi\/wp-json\/wp\/v2\/media?parent=14816"}],"wp:term":[{"taxonomy":"product_brand","embeddable":true,"href":"https:\/\/thebottleshop.vn\/vi\/wp-json\/wp\/v2\/product_brand?post=14816"},{"taxonomy":"product_cat","embeddable":true,"href":"https:\/\/thebottleshop.vn\/vi\/wp-json\/wp\/v2\/product_cat?post=14816"},{"taxonomy":"product_tag","embeddable":true,"href":"https:\/\/thebottleshop.vn\/vi\/wp-json\/wp\/v2\/product_tag?post=14816"}],"curies":[{"name":"wp","href":"https:\/\/api.w.org\/{rel}","templated":true}]}}