{"id":14826,"date":"2022-03-15T11:37:41","date_gmt":"2022-03-15T04:39:07","guid":{"rendered":"https:\/\/thebottleshop.vn\/product\/spico-tuong-ot-phuc-loc-tho-sieu-cay\/"},"modified":"2022-04-15T13:42:59","modified_gmt":"2022-04-15T06:42:59","slug":"spico-phuc-loc-tho-super-spicy-chili-sauce-2","status":"publish","type":"product","link":"https:\/\/thebottleshop.vn\/vi\/san-pham\/spico-phuc-loc-tho-super-spicy-chili-sauce-2\/","title":{"rendered":"SPiCO T\u01b0\u01a1ng \u1edbt Ph\u00fac L\u1ed9c Th\u1ecd Si\u00eau Cay"},"content":{"rendered":"<p>C\u1ea5p \u0111\u1ed9 c\u00e2y: 9\/10<br \/>\nD\u00f2ng t\u01b0\u01a1ng \u1edbt c\u1ed5 truy\u1ec1n, th\u01a1m n\u1ed3ng m\u00f9i t\u1ecfi \u1edbt \u0111\u1eadm m\u00f9i v\u1ecb B\u1eafc Trung B\u1ed9. Chua cay ng\u1ecdt m\u1eb7n ph\u00f9 h\u1ee3p \u0111\u1ec3 ch\u1ea5m nhi\u00eau m\u00f3n v\u00e0 d\u00f9ng cho b\u00fan ph\u1edf.<\/p>\n<p>&#8212;&#8211;<br \/>\nXem th\u01b0 vi\u1ec7n h\u00ecnh \u1ea3nh \u0111\u1ec3 bi\u1ebft th\u00eam th\u00f4ng tin chi ti\u1ebft v\u1ec1 ngu\u1ed3n g\u1ed1c, th\u00e0nh ph\u1ea7n v\u00e0 h\u01b0\u1edbng d\u1eabn s\u1eed d\u1ee5ng c\u1ee7a s\u1ea3n ph\u1ea9m.<\/p>\n","protected":false},"excerpt":{"rendered":"<p><strong>227ml<\/strong><\/p>\n","protected":false},"featured_media":14747,"comment_status":"open","ping_status":"closed","template":"","meta":{"_acf_changed":false},"product_brand":[],"product_cat":[390,354,384,538,339,341,352],"product_tag":[],"class_list":{"0":"post-14826","1":"product","2":"type-product","3":"status-publish","4":"has-post-thumbnail","6":"product_cat-vietnam-hanoi","7":"product_cat-75k-99k","8":"product_cat-nham-va-nhau","9":"product_cat-cjai-300-ml","10":"product_cat-xuat-xu","11":"product_cat-dong-goi","12":"product_cat-gia","14":"first","15":"outofstock","16":"shipping-taxable","17":"purchasable","18":"product-type-simple","19":"add-to-wishlist-before_image"},"acf":[],"yoast_head":"<!-- This site is optimized with the Yoast SEO plugin v27.2 - https:\/\/yoast.com\/product\/yoast-seo-wordpress\/ -->\n<title>SPiCO T\u01b0\u01a1ng \u1edbt Ph\u00fac L\u1ed9c Th\u1ecd Si\u00eau Cay - The Bottle Shop<\/title>\n<meta name=\"robots\" content=\"index, follow, max-snippet:-1, max-image-preview:large, max-video-preview:-1\" \/>\n<link rel=\"canonical\" href=\"http:\/\/52.77.24.187\/vi\/san-pham\/spico-phuc-loc-tho-super-spicy-chili-sauce-2\/\" \/>\n<meta property=\"og:locale\" content=\"vi_VN\" \/>\n<meta property=\"og:type\" content=\"article\" \/>\n<meta property=\"og:title\" content=\"SPiCO T\u01b0\u01a1ng \u1edbt Ph\u00fac L\u1ed9c Th\u1ecd Si\u00eau Cay - The Bottle Shop\" \/>\n<meta property=\"og:description\" content=\"227ml\" \/>\n<meta property=\"og:url\" content=\"http:\/\/52.77.24.187\/vi\/san-pham\/spico-phuc-loc-tho-super-spicy-chili-sauce-2\/\" \/>\n<meta property=\"og:site_name\" content=\"The Bottle Shop\" \/>\n<meta property=\"article:publisher\" content=\"https:\/\/www.facebook.com\/thebottleshopvietnam\" \/>\n<meta property=\"article:modified_time\" content=\"2022-04-15T06:42:59+00:00\" \/>\n<meta property=\"og:image\" content=\"https:\/\/mlsrfcxkkbzg.i.optimole.com\/cb:JbP2.215d7\/w:auto\/h:auto\/q:mauto\/ig:avif\/http:\/\/52.77.24.187\/wp-content\/uploads\/2021\/12\/2V5B1264.png\" \/>\n\t<meta property=\"og:image:width\" content=\"1080\" \/>\n\t<meta property=\"og:image:height\" content=\"1080\" \/>\n\t<meta property=\"og:image:type\" content=\"image\/png\" \/>\n<meta name=\"twitter:card\" content=\"summary_large_image\" \/>\n<script type=\"application\/ld+json\" class=\"yoast-schema-graph\">{\"@context\":\"https:\/\/schema.org\",\"@graph\":[{\"@type\":\"WebPage\",\"@id\":\"http:\/\/52.77.24.187\/vi\/san-pham\/spico-phuc-loc-tho-super-spicy-chili-sauce-2\/\",\"url\":\"http:\/\/52.77.24.187\/vi\/san-pham\/spico-phuc-loc-tho-super-spicy-chili-sauce-2\/\",\"name\":\"SPiCO T\u01b0\u01a1ng \u1edbt Ph\u00fac L\u1ed9c Th\u1ecd Si\u00eau Cay - The Bottle Shop\",\"isPartOf\":{\"@id\":\"http:\/\/52.77.24.187\/#website\"},\"primaryImageOfPage\":{\"@id\":\"http:\/\/52.77.24.187\/vi\/san-pham\/spico-phuc-loc-tho-super-spicy-chili-sauce-2\/#primaryimage\"},\"image\":{\"@id\":\"http:\/\/52.77.24.187\/vi\/san-pham\/spico-phuc-loc-tho-super-spicy-chili-sauce-2\/#primaryimage\"},\"thumbnailUrl\":\"https:\/\/mlsrfcxkkbzg.i.optimole.com\/cb:JbP2.215d7\/w:auto\/h:auto\/q:mauto\/ig:avif\/https:\/\/thebottleshop.vn\/wp-content\/uploads\/2021\/12\/2V5B1264.png\",\"datePublished\":\"2022-03-15T04:39:07+00:00\",\"dateModified\":\"2022-04-15T06:42:59+00:00\",\"breadcrumb\":{\"@id\":\"http:\/\/52.77.24.187\/vi\/san-pham\/spico-phuc-loc-tho-super-spicy-chili-sauce-2\/#breadcrumb\"},\"inLanguage\":\"vi-VN\",\"potentialAction\":[{\"@type\":\"ReadAction\",\"target\":[\"http:\/\/52.77.24.187\/vi\/san-pham\/spico-phuc-loc-tho-super-spicy-chili-sauce-2\/\"]}]},{\"@type\":\"ImageObject\",\"inLanguage\":\"vi-VN\",\"@id\":\"http:\/\/52.77.24.187\/vi\/san-pham\/spico-phuc-loc-tho-super-spicy-chili-sauce-2\/#primaryimage\",\"url\":\"https:\/\/mlsrfcxkkbzg.i.optimole.com\/cb:JbP2.215d7\/w:auto\/h:auto\/q:mauto\/ig:avif\/https:\/\/thebottleshop.vn\/wp-content\/uploads\/2021\/12\/2V5B1264.png\",\"contentUrl\":\"https:\/\/mlsrfcxkkbzg.i.optimole.com\/cb:JbP2.215d7\/w:auto\/h:auto\/q:mauto\/ig:avif\/https:\/\/thebottleshop.vn\/wp-content\/uploads\/2021\/12\/2V5B1264.png\",\"width\":1080,\"height\":1080,\"caption\":\"SPiCO Ph\u00fac L\u1ed9c Th\u1ecd Super Spicy Chili Sauce Bottle\"},{\"@type\":\"BreadcrumbList\",\"@id\":\"http:\/\/52.77.24.187\/vi\/san-pham\/spico-phuc-loc-tho-super-spicy-chili-sauce-2\/#breadcrumb\",\"itemListElement\":[{\"@type\":\"ListItem\",\"position\":1,\"name\":\"Home\",\"item\":\"http:\/\/52.77.24.187\/vi\/test-popup-vi\/\"},{\"@type\":\"ListItem\",\"position\":2,\"name\":\"C\u1eeda h\u00e0ng\",\"item\":\"http:\/\/52.77.24.187\/vi\/cua-hang\/\"},{\"@type\":\"ListItem\",\"position\":3,\"name\":\"SPiCO T\u01b0\u01a1ng \u1edbt Ph\u00fac L\u1ed9c Th\u1ecd Si\u00eau Cay\"}]},{\"@type\":\"WebSite\",\"@id\":\"http:\/\/52.77.24.187\/#website\",\"url\":\"http:\/\/52.77.24.187\/\",\"name\":\"The Bottle Shop\",\"description\":\"All beers are not created equal\",\"publisher\":{\"@id\":\"http:\/\/52.77.24.187\/#organization\"},\"potentialAction\":[{\"@type\":\"SearchAction\",\"target\":{\"@type\":\"EntryPoint\",\"urlTemplate\":\"http:\/\/52.77.24.187\/?s={search_term_string}\"},\"query-input\":{\"@type\":\"PropertyValueSpecification\",\"valueRequired\":true,\"valueName\":\"search_term_string\"}}],\"inLanguage\":\"vi-VN\"},{\"@type\":\"Organization\",\"@id\":\"http:\/\/52.77.24.187\/#organization\",\"name\":\"The Bottle Shop\",\"url\":\"http:\/\/52.77.24.187\/\",\"logo\":{\"@type\":\"ImageObject\",\"inLanguage\":\"vi-VN\",\"@id\":\"http:\/\/52.77.24.187\/#\/schema\/logo\/image\/\",\"url\":\"https:\/\/mlsrfcxkkbzg.i.optimole.com\/cb:JbP2.215d7\/w:auto\/h:auto\/q:mauto\/ig:avif\/https:\/\/thebottleshop.vn\/wp-content\/uploads\/2022\/10\/The-Bottle-Shop-Online-Logo.png\",\"contentUrl\":\"https:\/\/mlsrfcxkkbzg.i.optimole.com\/cb:JbP2.215d7\/w:auto\/h:auto\/q:mauto\/ig:avif\/https:\/\/thebottleshop.vn\/wp-content\/uploads\/2022\/10\/The-Bottle-Shop-Online-Logo.png\",\"width\":145,\"height\":147,\"caption\":\"The Bottle Shop\"},\"image\":{\"@id\":\"http:\/\/52.77.24.187\/#\/schema\/logo\/image\/\"},\"sameAs\":[\"https:\/\/www.facebook.com\/thebottleshopvietnam\",\"https:\/\/www.instagram.com\/thebottleshop_vietnam\/\"]}]}<\/script>\n<!-- \/ Yoast SEO plugin. -->","yoast_head_json":{"title":"SPiCO T\u01b0\u01a1ng \u1edbt Ph\u00fac L\u1ed9c Th\u1ecd Si\u00eau Cay - The Bottle Shop","robots":{"index":"index","follow":"follow","max-snippet":"max-snippet:-1","max-image-preview":"max-image-preview:large","max-video-preview":"max-video-preview:-1"},"canonical":"http:\/\/52.77.24.187\/vi\/san-pham\/spico-phuc-loc-tho-super-spicy-chili-sauce-2\/","og_locale":"vi_VN","og_type":"article","og_title":"SPiCO T\u01b0\u01a1ng \u1edbt Ph\u00fac L\u1ed9c Th\u1ecd Si\u00eau Cay - The Bottle Shop","og_description":"227ml","og_url":"http:\/\/52.77.24.187\/vi\/san-pham\/spico-phuc-loc-tho-super-spicy-chili-sauce-2\/","og_site_name":"The Bottle Shop","article_publisher":"https:\/\/www.facebook.com\/thebottleshopvietnam","article_modified_time":"2022-04-15T06:42:59+00:00","og_image":[{"width":1080,"height":1080,"url":"https:\/\/mlsrfcxkkbzg.i.optimole.com\/cb:JbP2.215d7\/w:auto\/h:auto\/q:mauto\/ig:avif\/http:\/\/52.77.24.187\/wp-content\/uploads\/2021\/12\/2V5B1264.png","type":"image\/png"}],"twitter_card":"summary_large_image","schema":{"@context":"https:\/\/schema.org","@graph":[{"@type":"WebPage","@id":"http:\/\/52.77.24.187\/vi\/san-pham\/spico-phuc-loc-tho-super-spicy-chili-sauce-2\/","url":"http:\/\/52.77.24.187\/vi\/san-pham\/spico-phuc-loc-tho-super-spicy-chili-sauce-2\/","name":"SPiCO T\u01b0\u01a1ng \u1edbt Ph\u00fac L\u1ed9c Th\u1ecd Si\u00eau Cay - The Bottle Shop","isPartOf":{"@id":"http:\/\/52.77.24.187\/#website"},"primaryImageOfPage":{"@id":"http:\/\/52.77.24.187\/vi\/san-pham\/spico-phuc-loc-tho-super-spicy-chili-sauce-2\/#primaryimage"},"image":{"@id":"http:\/\/52.77.24.187\/vi\/san-pham\/spico-phuc-loc-tho-super-spicy-chili-sauce-2\/#primaryimage"},"thumbnailUrl":"https:\/\/mlsrfcxkkbzg.i.optimole.com\/cb:JbP2.215d7\/w:auto\/h:auto\/q:mauto\/ig:avif\/https:\/\/thebottleshop.vn\/wp-content\/uploads\/2021\/12\/2V5B1264.png","datePublished":"2022-03-15T04:39:07+00:00","dateModified":"2022-04-15T06:42:59+00:00","breadcrumb":{"@id":"http:\/\/52.77.24.187\/vi\/san-pham\/spico-phuc-loc-tho-super-spicy-chili-sauce-2\/#breadcrumb"},"inLanguage":"vi-VN","potentialAction":[{"@type":"ReadAction","target":["http:\/\/52.77.24.187\/vi\/san-pham\/spico-phuc-loc-tho-super-spicy-chili-sauce-2\/"]}]},{"@type":"ImageObject","inLanguage":"vi-VN","@id":"http:\/\/52.77.24.187\/vi\/san-pham\/spico-phuc-loc-tho-super-spicy-chili-sauce-2\/#primaryimage","url":"https:\/\/mlsrfcxkkbzg.i.optimole.com\/cb:JbP2.215d7\/w:auto\/h:auto\/q:mauto\/ig:avif\/https:\/\/thebottleshop.vn\/wp-content\/uploads\/2021\/12\/2V5B1264.png","contentUrl":"https:\/\/mlsrfcxkkbzg.i.optimole.com\/cb:JbP2.215d7\/w:auto\/h:auto\/q:mauto\/ig:avif\/https:\/\/thebottleshop.vn\/wp-content\/uploads\/2021\/12\/2V5B1264.png","width":1080,"height":1080,"caption":"SPiCO Ph\u00fac L\u1ed9c Th\u1ecd Super Spicy Chili Sauce Bottle"},{"@type":"BreadcrumbList","@id":"http:\/\/52.77.24.187\/vi\/san-pham\/spico-phuc-loc-tho-super-spicy-chili-sauce-2\/#breadcrumb","itemListElement":[{"@type":"ListItem","position":1,"name":"Home","item":"http:\/\/52.77.24.187\/vi\/test-popup-vi\/"},{"@type":"ListItem","position":2,"name":"C\u1eeda h\u00e0ng","item":"http:\/\/52.77.24.187\/vi\/cua-hang\/"},{"@type":"ListItem","position":3,"name":"SPiCO T\u01b0\u01a1ng \u1edbt Ph\u00fac L\u1ed9c Th\u1ecd Si\u00eau Cay"}]},{"@type":"WebSite","@id":"http:\/\/52.77.24.187\/#website","url":"http:\/\/52.77.24.187\/","name":"The Bottle Shop","description":"All beers are not created equal","publisher":{"@id":"http:\/\/52.77.24.187\/#organization"},"potentialAction":[{"@type":"SearchAction","target":{"@type":"EntryPoint","urlTemplate":"http:\/\/52.77.24.187\/?s={search_term_string}"},"query-input":{"@type":"PropertyValueSpecification","valueRequired":true,"valueName":"search_term_string"}}],"inLanguage":"vi-VN"},{"@type":"Organization","@id":"http:\/\/52.77.24.187\/#organization","name":"The Bottle Shop","url":"http:\/\/52.77.24.187\/","logo":{"@type":"ImageObject","inLanguage":"vi-VN","@id":"http:\/\/52.77.24.187\/#\/schema\/logo\/image\/","url":"https:\/\/mlsrfcxkkbzg.i.optimole.com\/cb:JbP2.215d7\/w:auto\/h:auto\/q:mauto\/ig:avif\/https:\/\/thebottleshop.vn\/wp-content\/uploads\/2022\/10\/The-Bottle-Shop-Online-Logo.png","contentUrl":"https:\/\/mlsrfcxkkbzg.i.optimole.com\/cb:JbP2.215d7\/w:auto\/h:auto\/q:mauto\/ig:avif\/https:\/\/thebottleshop.vn\/wp-content\/uploads\/2022\/10\/The-Bottle-Shop-Online-Logo.png","width":145,"height":147,"caption":"The Bottle Shop"},"image":{"@id":"http:\/\/52.77.24.187\/#\/schema\/logo\/image\/"},"sameAs":["https:\/\/www.facebook.com\/thebottleshopvietnam","https:\/\/www.instagram.com\/thebottleshop_vietnam\/"]}]}},"_links":{"self":[{"href":"https:\/\/thebottleshop.vn\/vi\/wp-json\/wp\/v2\/product\/14826","targetHints":{"allow":["GET"]}}],"collection":[{"href":"https:\/\/thebottleshop.vn\/vi\/wp-json\/wp\/v2\/product"}],"about":[{"href":"https:\/\/thebottleshop.vn\/vi\/wp-json\/wp\/v2\/types\/product"}],"replies":[{"embeddable":true,"href":"https:\/\/thebottleshop.vn\/vi\/wp-json\/wp\/v2\/comments?post=14826"}],"wp:featuredmedia":[{"embeddable":true,"href":"https:\/\/thebottleshop.vn\/vi\/wp-json\/wp\/v2\/media\/14747"}],"wp:attachment":[{"href":"https:\/\/thebottleshop.vn\/vi\/wp-json\/wp\/v2\/media?parent=14826"}],"wp:term":[{"taxonomy":"product_brand","embeddable":true,"href":"https:\/\/thebottleshop.vn\/vi\/wp-json\/wp\/v2\/product_brand?post=14826"},{"taxonomy":"product_cat","embeddable":true,"href":"https:\/\/thebottleshop.vn\/vi\/wp-json\/wp\/v2\/product_cat?post=14826"},{"taxonomy":"product_tag","embeddable":true,"href":"https:\/\/thebottleshop.vn\/vi\/wp-json\/wp\/v2\/product_tag?post=14826"}],"curies":[{"name":"wp","href":"https:\/\/api.w.org\/{rel}","templated":true}]}}