{"id":16056,"date":"2022-08-18T12:05:50","date_gmt":"2022-08-18T05:05:50","guid":{"rendered":"https:\/\/thebottleshop.vn\/product\/fuzzy-logic-hard-lemon-6-pack\/"},"modified":"2024-10-10T12:16:04","modified_gmt":"2024-10-10T05:16:04","slug":"fuzzy-fridays-hard-lemon","status":"publish","type":"product","link":"https:\/\/thebottleshop.vn\/vi\/san-pham\/fuzzy-fridays-hard-lemon\/","title":{"rendered":"Fuzzy Fridays Hard Lemon"},"content":{"rendered":"<p>TH\u1ee8 6 H\u00c0NG TU\u1ea6N, MUA 4 T\u1eb6NG 2 V\u1edaI FUZZY FRIDAYS!<\/p>\n<p>Fuzzy Logic John Lemon \u0111\u01b0\u1ee3c l\u00e0m b\u1eb1ng n\u01b0\u1edbc c\u1ed1t chanh xoa d\u1ecbu t\u1ee9c th\u00ec c\u01a1n kh\u00e1t, th\u01a1m m\u1ed9ng chanh t\u01b0\u01a1i v\u00e0 ng\u1ecdt l\u1ecbm. L\u00e0 m\u1ed9t c\u00e1ch thay th\u1ebf tuy\u1ec7t nh\u1ea5t cho bia, Hard Lemon \u0111\u01b0\u1ee3c khuy\u00ean d\u00f9ng v\u1edbi \u0111\u00e1 \u0111\u1ec3 l\u00e0m s\u1ea3ng kho\u00e1i c\u01a1n kh\u00e1t t\u1ee9c th\u00ec.<\/p>\n<p>C\u1ea3 ng\u00e0y th\u1ee9 6 h\u00e0ng tu\u1ea5n, ch\u1ec9 c\u00f3 t\u1ea1i The Bottle Shop Online!<\/p>\n<p>\u2014\u2013<br \/>\nXem th\u01b0 vi\u1ec7n h\u00ecnh \u1ea3nh \u0111\u1ec3 bi\u1ebft th\u00eam th\u00f4ng tin chi ti\u1ebft v\u1ec1 ngu\u1ed3n g\u1ed1c, th\u00e0nh ph\u1ea7n v\u00e0 h\u01b0\u1edbng d\u1eabn s\u1eed d\u1ee5ng c\u1ee7a s\u1ea3n ph\u1ea9m.<\/p>\n","protected":false},"excerpt":{"rendered":"<p><strong>Ng\u1ecdt ng\u00e0o, Chanh m\u1ecdng, Chua 5%<\/strong><\/p>\n","protected":false},"featured_media":17499,"comment_status":"open","ping_status":"closed","template":"","meta":{"_acf_changed":false},"product_brand":[],"product_cat":[385,514,347,337,340,396,373,351,366,345,339,405,341,352,513,439,574],"product_tag":[],"class_list":{"0":"post-16056","1":"product","2":"type-product","3":"status-publish","4":"has-post-thumbnail","6":"product_cat-top-deals","7":"product_cat-khong-gluten","8":"product_cat-4-5-9","9":"product_cat-bia-va-cider","10":"product_cat-vietnam-hcmc","11":"product_cat-soda-seltzer","12":"product_cat-200k-499k","13":"product_cat-dong-bia","14":"product_cat-nha-san-xuat","15":"product_cat-abv-vi","16":"product_cat-xuat-xu","17":"product_cat-hard-lemonade","18":"product_cat-dong-goi","19":"product_cat-gia","20":"product_cat-khac","21":"product_cat-fuzzy-logic-brewing-co","22":"product_cat-lon-6-pack","24":"first","25":"outofstock","26":"sale","27":"shipping-taxable","28":"purchasable","29":"product-type-simple","30":"add-to-wishlist-before_image"},"acf":[],"yoast_head":"<!-- This site is optimized with the Yoast SEO plugin v27.2 - https:\/\/yoast.com\/product\/yoast-seo-wordpress\/ -->\n<title>Fuzzy Fridays Hard Lemon - The Bottle Shop<\/title>\n<meta name=\"description\" content=\"TH\u1ee8 6 H\u00c0NG TU\u1ea6N, MUA 4 T\u1eb6NG 2 V\u1edaI FUZZY FRIDAYS! Fuzzy Logic Hard Lemon \u0111\u01b0\u1ee3c l\u00e0m b\u1eb1ng n\u01b0\u1edbc c\u1ed1t chanh xoa d\u1ecbu t\u1ee9c th\u00ec c\u01a1n kh\u00e1t, th\u01a1m m\u1ed9ng chanh t\u01b0\u01a1i v\u00e0 ng\u1ecdt l\u1ecbm.\" \/>\n<meta name=\"robots\" content=\"index, follow, max-snippet:-1, max-image-preview:large, max-video-preview:-1\" \/>\n<link rel=\"canonical\" href=\"http:\/\/52.77.24.187\/vi\/san-pham\/fuzzy-fridays-hard-lemon\/\" \/>\n<meta property=\"og:locale\" content=\"vi_VN\" \/>\n<meta property=\"og:type\" content=\"article\" \/>\n<meta property=\"og:title\" content=\"Fuzzy Fridays Hard Lemon - The Bottle Shop\" \/>\n<meta property=\"og:description\" content=\"TH\u1ee8 6 H\u00c0NG TU\u1ea6N, MUA 4 T\u1eb6NG 2 V\u1edaI FUZZY FRIDAYS! Fuzzy Logic Hard Lemon \u0111\u01b0\u1ee3c l\u00e0m b\u1eb1ng n\u01b0\u1edbc c\u1ed1t chanh xoa d\u1ecbu t\u1ee9c th\u00ec c\u01a1n kh\u00e1t, th\u01a1m m\u1ed9ng chanh t\u01b0\u01a1i v\u00e0 ng\u1ecdt l\u1ecbm.\" \/>\n<meta property=\"og:url\" content=\"http:\/\/52.77.24.187\/vi\/san-pham\/fuzzy-fridays-hard-lemon\/\" \/>\n<meta property=\"og:site_name\" content=\"The Bottle Shop\" \/>\n<meta property=\"article:publisher\" content=\"https:\/\/www.facebook.com\/thebottleshopvietnam\" \/>\n<meta property=\"article:modified_time\" content=\"2024-10-10T05:16:04+00:00\" \/>\n<meta property=\"og:image\" content=\"https:\/\/mlsrfcxkkbzg.i.optimole.com\/cb:JbP2.215d7\/w:auto\/h:auto\/q:mauto\/ig:avif\/http:\/\/52.77.24.187\/wp-content\/uploads\/2023\/04\/Fuzzy-Logic-Hard-Lemon-6-pack.png\" \/>\n\t<meta property=\"og:image:width\" content=\"1080\" \/>\n\t<meta property=\"og:image:height\" content=\"1080\" \/>\n\t<meta property=\"og:image:type\" content=\"image\/png\" \/>\n<meta name=\"twitter:card\" content=\"summary_large_image\" \/>\n<meta name=\"twitter:label1\" content=\"Est. reading time\" \/>\n\t<meta name=\"twitter:data1\" content=\"1 minute\" \/>\n<script type=\"application\/ld+json\" class=\"yoast-schema-graph\">{\"@context\":\"https:\/\/schema.org\",\"@graph\":[{\"@type\":\"WebPage\",\"@id\":\"http:\/\/52.77.24.187\/vi\/san-pham\/fuzzy-fridays-hard-lemon\/\",\"url\":\"http:\/\/52.77.24.187\/vi\/san-pham\/fuzzy-fridays-hard-lemon\/\",\"name\":\"Fuzzy Fridays Hard Lemon - The Bottle Shop\",\"isPartOf\":{\"@id\":\"http:\/\/52.77.24.187\/#website\"},\"primaryImageOfPage\":{\"@id\":\"http:\/\/52.77.24.187\/vi\/san-pham\/fuzzy-fridays-hard-lemon\/#primaryimage\"},\"image\":{\"@id\":\"http:\/\/52.77.24.187\/vi\/san-pham\/fuzzy-fridays-hard-lemon\/#primaryimage\"},\"thumbnailUrl\":\"https:\/\/mlsrfcxkkbzg.i.optimole.com\/cb:JbP2.215d7\/w:auto\/h:auto\/q:mauto\/ig:avif\/https:\/\/thebottleshop.vn\/wp-content\/uploads\/2023\/04\/Fuzzy-Logic-Hard-Lemon-6-pack.png\",\"datePublished\":\"2022-08-18T05:05:50+00:00\",\"dateModified\":\"2024-10-10T05:16:04+00:00\",\"description\":\"TH\u1ee8 6 H\u00c0NG TU\u1ea6N, MUA 4 T\u1eb6NG 2 V\u1edaI FUZZY FRIDAYS! Fuzzy Logic Hard Lemon \u0111\u01b0\u1ee3c l\u00e0m b\u1eb1ng n\u01b0\u1edbc c\u1ed1t chanh xoa d\u1ecbu t\u1ee9c th\u00ec c\u01a1n kh\u00e1t, th\u01a1m m\u1ed9ng chanh t\u01b0\u01a1i v\u00e0 ng\u1ecdt l\u1ecbm.\",\"breadcrumb\":{\"@id\":\"http:\/\/52.77.24.187\/vi\/san-pham\/fuzzy-fridays-hard-lemon\/#breadcrumb\"},\"inLanguage\":\"vi-VN\",\"potentialAction\":[{\"@type\":\"ReadAction\",\"target\":[\"http:\/\/52.77.24.187\/vi\/san-pham\/fuzzy-fridays-hard-lemon\/\"]}]},{\"@type\":\"ImageObject\",\"inLanguage\":\"vi-VN\",\"@id\":\"http:\/\/52.77.24.187\/vi\/san-pham\/fuzzy-fridays-hard-lemon\/#primaryimage\",\"url\":\"https:\/\/mlsrfcxkkbzg.i.optimole.com\/cb:JbP2.215d7\/w:auto\/h:auto\/q:mauto\/ig:avif\/https:\/\/thebottleshop.vn\/wp-content\/uploads\/2023\/04\/Fuzzy-Logic-Hard-Lemon-6-pack.png\",\"contentUrl\":\"https:\/\/mlsrfcxkkbzg.i.optimole.com\/cb:JbP2.215d7\/w:auto\/h:auto\/q:mauto\/ig:avif\/https:\/\/thebottleshop.vn\/wp-content\/uploads\/2023\/04\/Fuzzy-Logic-Hard-Lemon-6-pack.png\",\"width\":1080,\"height\":1080,\"caption\":\"Fuzzy Logic Hard Lemon 6-pack\"},{\"@type\":\"BreadcrumbList\",\"@id\":\"http:\/\/52.77.24.187\/vi\/san-pham\/fuzzy-fridays-hard-lemon\/#breadcrumb\",\"itemListElement\":[{\"@type\":\"ListItem\",\"position\":1,\"name\":\"Home\",\"item\":\"http:\/\/52.77.24.187\/vi\/test-popup-vi\/\"},{\"@type\":\"ListItem\",\"position\":2,\"name\":\"C\u1eeda h\u00e0ng\",\"item\":\"http:\/\/52.77.24.187\/vi\/cua-hang\/\"},{\"@type\":\"ListItem\",\"position\":3,\"name\":\"Fuzzy Fridays Hard Lemon\"}]},{\"@type\":\"WebSite\",\"@id\":\"http:\/\/52.77.24.187\/#website\",\"url\":\"http:\/\/52.77.24.187\/\",\"name\":\"The Bottle Shop\",\"description\":\"All beers are not created equal\",\"publisher\":{\"@id\":\"http:\/\/52.77.24.187\/#organization\"},\"potentialAction\":[{\"@type\":\"SearchAction\",\"target\":{\"@type\":\"EntryPoint\",\"urlTemplate\":\"http:\/\/52.77.24.187\/?s={search_term_string}\"},\"query-input\":{\"@type\":\"PropertyValueSpecification\",\"valueRequired\":true,\"valueName\":\"search_term_string\"}}],\"inLanguage\":\"vi-VN\"},{\"@type\":\"Organization\",\"@id\":\"http:\/\/52.77.24.187\/#organization\",\"name\":\"The Bottle Shop\",\"url\":\"http:\/\/52.77.24.187\/\",\"logo\":{\"@type\":\"ImageObject\",\"inLanguage\":\"vi-VN\",\"@id\":\"http:\/\/52.77.24.187\/#\/schema\/logo\/image\/\",\"url\":\"https:\/\/mlsrfcxkkbzg.i.optimole.com\/cb:JbP2.215d7\/w:auto\/h:auto\/q:mauto\/ig:avif\/https:\/\/thebottleshop.vn\/wp-content\/uploads\/2022\/10\/The-Bottle-Shop-Online-Logo.png\",\"contentUrl\":\"https:\/\/mlsrfcxkkbzg.i.optimole.com\/cb:JbP2.215d7\/w:auto\/h:auto\/q:mauto\/ig:avif\/https:\/\/thebottleshop.vn\/wp-content\/uploads\/2022\/10\/The-Bottle-Shop-Online-Logo.png\",\"width\":145,\"height\":147,\"caption\":\"The Bottle Shop\"},\"image\":{\"@id\":\"http:\/\/52.77.24.187\/#\/schema\/logo\/image\/\"},\"sameAs\":[\"https:\/\/www.facebook.com\/thebottleshopvietnam\",\"https:\/\/www.instagram.com\/thebottleshop_vietnam\/\"]}]}<\/script>\n<!-- \/ Yoast SEO plugin. -->","yoast_head_json":{"title":"Fuzzy Fridays Hard Lemon - The Bottle Shop","description":"TH\u1ee8 6 H\u00c0NG TU\u1ea6N, MUA 4 T\u1eb6NG 2 V\u1edaI FUZZY FRIDAYS! Fuzzy Logic Hard Lemon \u0111\u01b0\u1ee3c l\u00e0m b\u1eb1ng n\u01b0\u1edbc c\u1ed1t chanh xoa d\u1ecbu t\u1ee9c th\u00ec c\u01a1n kh\u00e1t, th\u01a1m m\u1ed9ng chanh t\u01b0\u01a1i v\u00e0 ng\u1ecdt l\u1ecbm.","robots":{"index":"index","follow":"follow","max-snippet":"max-snippet:-1","max-image-preview":"max-image-preview:large","max-video-preview":"max-video-preview:-1"},"canonical":"http:\/\/52.77.24.187\/vi\/san-pham\/fuzzy-fridays-hard-lemon\/","og_locale":"vi_VN","og_type":"article","og_title":"Fuzzy Fridays Hard Lemon - The Bottle Shop","og_description":"TH\u1ee8 6 H\u00c0NG TU\u1ea6N, MUA 4 T\u1eb6NG 2 V\u1edaI FUZZY FRIDAYS! Fuzzy Logic Hard Lemon \u0111\u01b0\u1ee3c l\u00e0m b\u1eb1ng n\u01b0\u1edbc c\u1ed1t chanh xoa d\u1ecbu t\u1ee9c th\u00ec c\u01a1n kh\u00e1t, th\u01a1m m\u1ed9ng chanh t\u01b0\u01a1i v\u00e0 ng\u1ecdt l\u1ecbm.","og_url":"http:\/\/52.77.24.187\/vi\/san-pham\/fuzzy-fridays-hard-lemon\/","og_site_name":"The Bottle Shop","article_publisher":"https:\/\/www.facebook.com\/thebottleshopvietnam","article_modified_time":"2024-10-10T05:16:04+00:00","og_image":[{"width":1080,"height":1080,"url":"https:\/\/mlsrfcxkkbzg.i.optimole.com\/cb:JbP2.215d7\/w:auto\/h:auto\/q:mauto\/ig:avif\/http:\/\/52.77.24.187\/wp-content\/uploads\/2023\/04\/Fuzzy-Logic-Hard-Lemon-6-pack.png","type":"image\/png"}],"twitter_card":"summary_large_image","twitter_misc":{"Est. reading time":"1 minute"},"schema":{"@context":"https:\/\/schema.org","@graph":[{"@type":"WebPage","@id":"http:\/\/52.77.24.187\/vi\/san-pham\/fuzzy-fridays-hard-lemon\/","url":"http:\/\/52.77.24.187\/vi\/san-pham\/fuzzy-fridays-hard-lemon\/","name":"Fuzzy Fridays Hard Lemon - The Bottle Shop","isPartOf":{"@id":"http:\/\/52.77.24.187\/#website"},"primaryImageOfPage":{"@id":"http:\/\/52.77.24.187\/vi\/san-pham\/fuzzy-fridays-hard-lemon\/#primaryimage"},"image":{"@id":"http:\/\/52.77.24.187\/vi\/san-pham\/fuzzy-fridays-hard-lemon\/#primaryimage"},"thumbnailUrl":"https:\/\/mlsrfcxkkbzg.i.optimole.com\/cb:JbP2.215d7\/w:auto\/h:auto\/q:mauto\/ig:avif\/https:\/\/thebottleshop.vn\/wp-content\/uploads\/2023\/04\/Fuzzy-Logic-Hard-Lemon-6-pack.png","datePublished":"2022-08-18T05:05:50+00:00","dateModified":"2024-10-10T05:16:04+00:00","description":"TH\u1ee8 6 H\u00c0NG TU\u1ea6N, MUA 4 T\u1eb6NG 2 V\u1edaI FUZZY FRIDAYS! Fuzzy Logic Hard Lemon \u0111\u01b0\u1ee3c l\u00e0m b\u1eb1ng n\u01b0\u1edbc c\u1ed1t chanh xoa d\u1ecbu t\u1ee9c th\u00ec c\u01a1n kh\u00e1t, th\u01a1m m\u1ed9ng chanh t\u01b0\u01a1i v\u00e0 ng\u1ecdt l\u1ecbm.","breadcrumb":{"@id":"http:\/\/52.77.24.187\/vi\/san-pham\/fuzzy-fridays-hard-lemon\/#breadcrumb"},"inLanguage":"vi-VN","potentialAction":[{"@type":"ReadAction","target":["http:\/\/52.77.24.187\/vi\/san-pham\/fuzzy-fridays-hard-lemon\/"]}]},{"@type":"ImageObject","inLanguage":"vi-VN","@id":"http:\/\/52.77.24.187\/vi\/san-pham\/fuzzy-fridays-hard-lemon\/#primaryimage","url":"https:\/\/mlsrfcxkkbzg.i.optimole.com\/cb:JbP2.215d7\/w:auto\/h:auto\/q:mauto\/ig:avif\/https:\/\/thebottleshop.vn\/wp-content\/uploads\/2023\/04\/Fuzzy-Logic-Hard-Lemon-6-pack.png","contentUrl":"https:\/\/mlsrfcxkkbzg.i.optimole.com\/cb:JbP2.215d7\/w:auto\/h:auto\/q:mauto\/ig:avif\/https:\/\/thebottleshop.vn\/wp-content\/uploads\/2023\/04\/Fuzzy-Logic-Hard-Lemon-6-pack.png","width":1080,"height":1080,"caption":"Fuzzy Logic Hard Lemon 6-pack"},{"@type":"BreadcrumbList","@id":"http:\/\/52.77.24.187\/vi\/san-pham\/fuzzy-fridays-hard-lemon\/#breadcrumb","itemListElement":[{"@type":"ListItem","position":1,"name":"Home","item":"http:\/\/52.77.24.187\/vi\/test-popup-vi\/"},{"@type":"ListItem","position":2,"name":"C\u1eeda h\u00e0ng","item":"http:\/\/52.77.24.187\/vi\/cua-hang\/"},{"@type":"ListItem","position":3,"name":"Fuzzy Fridays Hard Lemon"}]},{"@type":"WebSite","@id":"http:\/\/52.77.24.187\/#website","url":"http:\/\/52.77.24.187\/","name":"The Bottle Shop","description":"All beers are not created equal","publisher":{"@id":"http:\/\/52.77.24.187\/#organization"},"potentialAction":[{"@type":"SearchAction","target":{"@type":"EntryPoint","urlTemplate":"http:\/\/52.77.24.187\/?s={search_term_string}"},"query-input":{"@type":"PropertyValueSpecification","valueRequired":true,"valueName":"search_term_string"}}],"inLanguage":"vi-VN"},{"@type":"Organization","@id":"http:\/\/52.77.24.187\/#organization","name":"The Bottle Shop","url":"http:\/\/52.77.24.187\/","logo":{"@type":"ImageObject","inLanguage":"vi-VN","@id":"http:\/\/52.77.24.187\/#\/schema\/logo\/image\/","url":"https:\/\/mlsrfcxkkbzg.i.optimole.com\/cb:JbP2.215d7\/w:auto\/h:auto\/q:mauto\/ig:avif\/https:\/\/thebottleshop.vn\/wp-content\/uploads\/2022\/10\/The-Bottle-Shop-Online-Logo.png","contentUrl":"https:\/\/mlsrfcxkkbzg.i.optimole.com\/cb:JbP2.215d7\/w:auto\/h:auto\/q:mauto\/ig:avif\/https:\/\/thebottleshop.vn\/wp-content\/uploads\/2022\/10\/The-Bottle-Shop-Online-Logo.png","width":145,"height":147,"caption":"The Bottle Shop"},"image":{"@id":"http:\/\/52.77.24.187\/#\/schema\/logo\/image\/"},"sameAs":["https:\/\/www.facebook.com\/thebottleshopvietnam","https:\/\/www.instagram.com\/thebottleshop_vietnam\/"]}]}},"_links":{"self":[{"href":"https:\/\/thebottleshop.vn\/vi\/wp-json\/wp\/v2\/product\/16056","targetHints":{"allow":["GET"]}}],"collection":[{"href":"https:\/\/thebottleshop.vn\/vi\/wp-json\/wp\/v2\/product"}],"about":[{"href":"https:\/\/thebottleshop.vn\/vi\/wp-json\/wp\/v2\/types\/product"}],"replies":[{"embeddable":true,"href":"https:\/\/thebottleshop.vn\/vi\/wp-json\/wp\/v2\/comments?post=16056"}],"wp:featuredmedia":[{"embeddable":true,"href":"https:\/\/thebottleshop.vn\/vi\/wp-json\/wp\/v2\/media\/17499"}],"wp:attachment":[{"href":"https:\/\/thebottleshop.vn\/vi\/wp-json\/wp\/v2\/media?parent=16056"}],"wp:term":[{"taxonomy":"product_brand","embeddable":true,"href":"https:\/\/thebottleshop.vn\/vi\/wp-json\/wp\/v2\/product_brand?post=16056"},{"taxonomy":"product_cat","embeddable":true,"href":"https:\/\/thebottleshop.vn\/vi\/wp-json\/wp\/v2\/product_cat?post=16056"},{"taxonomy":"product_tag","embeddable":true,"href":"https:\/\/thebottleshop.vn\/vi\/wp-json\/wp\/v2\/product_tag?post=16056"}],"curies":[{"name":"wp","href":"https:\/\/api.w.org\/{rel}","templated":true}]}}