{"id":16134,"date":"2022-08-31T07:59:48","date_gmt":"2022-08-31T00:59:48","guid":{"rendered":"https:\/\/thebottleshop.vn\/product\/fuzzy-logic-thunderslap-ipa-6-pack-6-pack\/"},"modified":"2026-04-16T21:44:05","modified_gmt":"2026-04-16T14:44:05","slug":"fuzzy-fridays-thunderslap-ipa","status":"publish","type":"product","link":"https:\/\/thebottleshop.vn\/vi\/san-pham\/fuzzy-fridays-thunderslap-ipa\/","title":{"rendered":"Fuzzy Fridays Thunderslap IPA"},"content":{"rendered":"<p>TH\u1ee8 6 H\u00c0NG TU\u1ea6N, MUA 4 T\u1eb6NG 2 V\u1edaI FUZZY FRIDAYS!<\/p>\n<p>Fuzzy Logic Thunderslap IPA \u0111\u01b0\u1ee3c trao gi\u1ea3i th\u01b0\u1edfng \u201cV\u00f4 \u0110\u1ecbch IPA\u201d t\u1ea1i l\u1ec5 h\u1ed9i BiaCraft-Beervana IPA n\u0103m 2019, Thunderslap \u0111\u01b0\u1ee3c n\u1ea5u theo phong c\u00e1ch c\u1ee7a IPA B\u1edd t\u00e2y, m\u1ed9t phong c\u00e1ch ti\u00ean phong trong ng\u00e0nh bia th\u1ee7 c\u00f4ng. \u0110\u01b0\u1ee3c \u0111\u1eb7t t\u00ean trong m\u1ed9t l\u1ea7n \u0111\u1ee9ng l\u00ean ch\u1ed1ng l\u1ea1i s\u1ef1 qu\u1ea5y r\u1ed1i t\u00ecnh d\u1ee5c c\u1ee7a Ph\u1ee5 N\u1eef (h\u00e3y xem h\u00ecnh \u1ea3nh minh h\u1ecda tr\u00ean nh\u00e3n \u0111\u1ec3 c\u00f3 th\u1ec3 hi\u1ec3u \u0111\u01b0\u1ee3c \u00fd ngh\u0129a c\u1ee7a c\u00e2u chuy\u1ec7n). Lo\u1ea1i bia n\u00e0y t\u1ef1 h\u00e0o c\u00f3 \u0111\u1eb7c t\u00ednh cay n\u1ed3ng v\u00e0 th\u01a1m ri\u00eang bi\u1ec7t c\u1ee7a hoa Hop. M\u1ed9t s\u1ef1 c\u00e2n b\u1eb1ng c\u1ee7a v\u1ecb \u0111\u1eafng v\u00e0 m\u1ea1ch nha ng\u1ecdt ng\u00e0o, \u0111\u00e2y kh\u00f4ng ph\u1ea3i l\u00e0 lo\u1ea1i IPA qu\u00e1 \u0111\u1eafng, n\u1ed3ng \u0111\u1ed9 ABV \u0111\u01b0\u1ee3c che gi\u1ea5u b\u1edfi h\u01b0\u01a1ng n\u1ed3ng nhi\u1ec7t \u0111\u1edbi c\u1ee7a \u0111u \u0111\u1ee7 quy\u1ec7n trong m\u00f9i h\u01b0\u01a1ng c\u1ee7a \u0111\u1ea5t v\u00e0 m\u00f9i th\u00f4ng kh\u00f4.<\/p>\n<p>C\u1ea3 ng\u00e0y th\u1ee9 6 h\u00e0ng tu\u1ea5n, ch\u1ec9 c\u00f3 t\u1ea1i The Bottle Shop Online!<\/p>\n<p>&#8212;&#8211;<br \/>\nXem th\u01b0 vi\u1ec7n h\u00ecnh \u1ea3nh \u0111\u1ec3 bi\u1ebft th\u00eam th\u00f4ng tin chi ti\u1ebft v\u1ec1 ngu\u1ed3n g\u1ed1c, th\u00e0nh ph\u1ea7n v\u00e0 h\u01b0\u1edbng d\u1eabn s\u1eed d\u1ee5ng c\u1ee7a s\u1ea3n ph\u1ea9m.<\/p>\n","protected":false},"excerpt":{"rendered":"<p><strong>Hoppy, Th\u00f4ng, Nhi\u1ec7t \u0111\u1edbi 6.8%<\/strong><\/p>\n","protected":false},"featured_media":16133,"comment_status":"open","ping_status":"closed","template":"","meta":{"_acf_changed":false},"product_brand":[],"product_cat":[385,337,340,380,348,374,351,366,345,377,339,341,352,359,439,574],"product_tag":[],"class_list":{"0":"post-16134","1":"product","2":"type-product","3":"status-publish","4":"has-post-thumbnail","6":"product_cat-top-deals","7":"product_cat-bia-va-cider","8":"product_cat-vietnam-hcmc","9":"product_cat-40-59","10":"product_cat-6-7-9","11":"product_cat-500k-749k","12":"product_cat-dong-bia","13":"product_cat-nha-san-xuat","14":"product_cat-abv-vi","15":"product_cat-ibu","16":"product_cat-xuat-xu","17":"product_cat-dong-goi","18":"product_cat-gia","19":"product_cat-ipa","20":"product_cat-fuzzy-logic-brewing-co","21":"product_cat-lon-6-pack","23":"first","24":"instock","25":"sale","26":"shipping-taxable","27":"purchasable","28":"product-type-simple","29":"add-to-wishlist-before_image"},"acf":[],"yoast_head":"<!-- This site is optimized with the Yoast SEO plugin v27.2 - https:\/\/yoast.com\/product\/yoast-seo-wordpress\/ -->\n<title>Fuzzy Fridays Thunderslap IPA - The Bottle Shop<\/title>\n<meta name=\"description\" content=\"TH\u1ee8 6 H\u00c0NG TU\u1ea6N, MUA 4 T\u1eb6NG 2 V\u1edaI FUZZY FRIDAYS! Fuzzy Logic Thunderslap IPA \u0111\u01b0\u1ee3c n\u1ea5u theo phong c\u00e1ch c\u1ee7a IPA B\u1edd t\u00e2y.\" \/>\n<meta name=\"robots\" content=\"index, follow, max-snippet:-1, max-image-preview:large, max-video-preview:-1\" \/>\n<link rel=\"canonical\" href=\"http:\/\/52.77.24.187\/vi\/san-pham\/fuzzy-fridays-thunderslap-ipa\/\" \/>\n<meta property=\"og:locale\" content=\"vi_VN\" \/>\n<meta property=\"og:type\" content=\"article\" \/>\n<meta property=\"og:title\" content=\"Fuzzy Fridays Thunderslap IPA - The Bottle Shop\" \/>\n<meta property=\"og:description\" content=\"TH\u1ee8 6 H\u00c0NG TU\u1ea6N, MUA 4 T\u1eb6NG 2 V\u1edaI FUZZY FRIDAYS! Fuzzy Logic Thunderslap IPA \u0111\u01b0\u1ee3c n\u1ea5u theo phong c\u00e1ch c\u1ee7a IPA B\u1edd t\u00e2y.\" \/>\n<meta property=\"og:url\" content=\"http:\/\/52.77.24.187\/vi\/san-pham\/fuzzy-fridays-thunderslap-ipa\/\" \/>\n<meta property=\"og:site_name\" content=\"The Bottle Shop\" \/>\n<meta property=\"article:publisher\" content=\"https:\/\/www.facebook.com\/thebottleshopvietnam\" \/>\n<meta property=\"article:modified_time\" content=\"2026-04-16T14:44:05+00:00\" \/>\n<meta property=\"og:image\" content=\"https:\/\/mlsrfcxkkbzg.i.optimole.com\/cb:JbP2.215d7\/w:auto\/h:auto\/q:mauto\/ig:avif\/http:\/\/52.77.24.187\/wp-content\/uploads\/2022\/08\/Fuzzy_thunderslap.png\" \/>\n\t<meta property=\"og:image:width\" content=\"1080\" \/>\n\t<meta property=\"og:image:height\" content=\"1080\" \/>\n\t<meta property=\"og:image:type\" content=\"image\/png\" \/>\n<meta name=\"twitter:card\" content=\"summary_large_image\" \/>\n<meta name=\"twitter:label1\" content=\"Est. reading time\" \/>\n\t<meta name=\"twitter:data1\" content=\"2 minutes\" \/>\n<script type=\"application\/ld+json\" class=\"yoast-schema-graph\">{\"@context\":\"https:\/\/schema.org\",\"@graph\":[{\"@type\":\"WebPage\",\"@id\":\"http:\/\/52.77.24.187\/vi\/san-pham\/fuzzy-fridays-thunderslap-ipa\/\",\"url\":\"http:\/\/52.77.24.187\/vi\/san-pham\/fuzzy-fridays-thunderslap-ipa\/\",\"name\":\"Fuzzy Fridays Thunderslap IPA - The Bottle Shop\",\"isPartOf\":{\"@id\":\"http:\/\/52.77.24.187\/#website\"},\"primaryImageOfPage\":{\"@id\":\"http:\/\/52.77.24.187\/vi\/san-pham\/fuzzy-fridays-thunderslap-ipa\/#primaryimage\"},\"image\":{\"@id\":\"http:\/\/52.77.24.187\/vi\/san-pham\/fuzzy-fridays-thunderslap-ipa\/#primaryimage\"},\"thumbnailUrl\":\"https:\/\/mlsrfcxkkbzg.i.optimole.com\/cb:JbP2.215d7\/w:auto\/h:auto\/q:mauto\/ig:avif\/https:\/\/thebottleshop.vn\/wp-content\/uploads\/2022\/08\/Fuzzy_thunderslap.png\",\"datePublished\":\"2022-08-31T00:59:48+00:00\",\"dateModified\":\"2026-04-16T14:44:05+00:00\",\"description\":\"TH\u1ee8 6 H\u00c0NG TU\u1ea6N, MUA 4 T\u1eb6NG 2 V\u1edaI FUZZY FRIDAYS! Fuzzy Logic Thunderslap IPA \u0111\u01b0\u1ee3c n\u1ea5u theo phong c\u00e1ch c\u1ee7a IPA B\u1edd t\u00e2y.\",\"breadcrumb\":{\"@id\":\"http:\/\/52.77.24.187\/vi\/san-pham\/fuzzy-fridays-thunderslap-ipa\/#breadcrumb\"},\"inLanguage\":\"vi-VN\",\"potentialAction\":[{\"@type\":\"ReadAction\",\"target\":[\"http:\/\/52.77.24.187\/vi\/san-pham\/fuzzy-fridays-thunderslap-ipa\/\"]}]},{\"@type\":\"ImageObject\",\"inLanguage\":\"vi-VN\",\"@id\":\"http:\/\/52.77.24.187\/vi\/san-pham\/fuzzy-fridays-thunderslap-ipa\/#primaryimage\",\"url\":\"https:\/\/mlsrfcxkkbzg.i.optimole.com\/cb:JbP2.215d7\/w:auto\/h:auto\/q:mauto\/ig:avif\/https:\/\/thebottleshop.vn\/wp-content\/uploads\/2022\/08\/Fuzzy_thunderslap.png\",\"contentUrl\":\"https:\/\/mlsrfcxkkbzg.i.optimole.com\/cb:JbP2.215d7\/w:auto\/h:auto\/q:mauto\/ig:avif\/https:\/\/thebottleshop.vn\/wp-content\/uploads\/2022\/08\/Fuzzy_thunderslap.png\",\"width\":1080,\"height\":1080,\"caption\":\"Fuzzy Logic Thunderslap IPA 6-pack\"},{\"@type\":\"BreadcrumbList\",\"@id\":\"http:\/\/52.77.24.187\/vi\/san-pham\/fuzzy-fridays-thunderslap-ipa\/#breadcrumb\",\"itemListElement\":[{\"@type\":\"ListItem\",\"position\":1,\"name\":\"Home\",\"item\":\"http:\/\/52.77.24.187\/vi\/test-popup-vi\/\"},{\"@type\":\"ListItem\",\"position\":2,\"name\":\"C\u1eeda h\u00e0ng\",\"item\":\"http:\/\/52.77.24.187\/vi\/cua-hang\/\"},{\"@type\":\"ListItem\",\"position\":3,\"name\":\"Fuzzy Fridays Thunderslap IPA\"}]},{\"@type\":\"WebSite\",\"@id\":\"http:\/\/52.77.24.187\/#website\",\"url\":\"http:\/\/52.77.24.187\/\",\"name\":\"The Bottle Shop\",\"description\":\"All beers are not created equal\",\"publisher\":{\"@id\":\"http:\/\/52.77.24.187\/#organization\"},\"potentialAction\":[{\"@type\":\"SearchAction\",\"target\":{\"@type\":\"EntryPoint\",\"urlTemplate\":\"http:\/\/52.77.24.187\/?s={search_term_string}\"},\"query-input\":{\"@type\":\"PropertyValueSpecification\",\"valueRequired\":true,\"valueName\":\"search_term_string\"}}],\"inLanguage\":\"vi-VN\"},{\"@type\":\"Organization\",\"@id\":\"http:\/\/52.77.24.187\/#organization\",\"name\":\"The Bottle Shop\",\"url\":\"http:\/\/52.77.24.187\/\",\"logo\":{\"@type\":\"ImageObject\",\"inLanguage\":\"vi-VN\",\"@id\":\"http:\/\/52.77.24.187\/#\/schema\/logo\/image\/\",\"url\":\"https:\/\/mlsrfcxkkbzg.i.optimole.com\/cb:JbP2.215d7\/w:auto\/h:auto\/q:mauto\/ig:avif\/https:\/\/thebottleshop.vn\/wp-content\/uploads\/2022\/10\/The-Bottle-Shop-Online-Logo.png\",\"contentUrl\":\"https:\/\/mlsrfcxkkbzg.i.optimole.com\/cb:JbP2.215d7\/w:auto\/h:auto\/q:mauto\/ig:avif\/https:\/\/thebottleshop.vn\/wp-content\/uploads\/2022\/10\/The-Bottle-Shop-Online-Logo.png\",\"width\":145,\"height\":147,\"caption\":\"The Bottle Shop\"},\"image\":{\"@id\":\"http:\/\/52.77.24.187\/#\/schema\/logo\/image\/\"},\"sameAs\":[\"https:\/\/www.facebook.com\/thebottleshopvietnam\",\"https:\/\/www.instagram.com\/thebottleshop_vietnam\/\"]}]}<\/script>\n<!-- \/ Yoast SEO plugin. -->","yoast_head_json":{"title":"Fuzzy Fridays Thunderslap IPA - The Bottle Shop","description":"TH\u1ee8 6 H\u00c0NG TU\u1ea6N, MUA 4 T\u1eb6NG 2 V\u1edaI FUZZY FRIDAYS! Fuzzy Logic Thunderslap IPA \u0111\u01b0\u1ee3c n\u1ea5u theo phong c\u00e1ch c\u1ee7a IPA B\u1edd t\u00e2y.","robots":{"index":"index","follow":"follow","max-snippet":"max-snippet:-1","max-image-preview":"max-image-preview:large","max-video-preview":"max-video-preview:-1"},"canonical":"http:\/\/52.77.24.187\/vi\/san-pham\/fuzzy-fridays-thunderslap-ipa\/","og_locale":"vi_VN","og_type":"article","og_title":"Fuzzy Fridays Thunderslap IPA - The Bottle Shop","og_description":"TH\u1ee8 6 H\u00c0NG TU\u1ea6N, MUA 4 T\u1eb6NG 2 V\u1edaI FUZZY FRIDAYS! Fuzzy Logic Thunderslap IPA \u0111\u01b0\u1ee3c n\u1ea5u theo phong c\u00e1ch c\u1ee7a IPA B\u1edd t\u00e2y.","og_url":"http:\/\/52.77.24.187\/vi\/san-pham\/fuzzy-fridays-thunderslap-ipa\/","og_site_name":"The Bottle Shop","article_publisher":"https:\/\/www.facebook.com\/thebottleshopvietnam","article_modified_time":"2026-04-16T14:44:05+00:00","og_image":[{"width":1080,"height":1080,"url":"https:\/\/mlsrfcxkkbzg.i.optimole.com\/cb:JbP2.215d7\/w:auto\/h:auto\/q:mauto\/ig:avif\/http:\/\/52.77.24.187\/wp-content\/uploads\/2022\/08\/Fuzzy_thunderslap.png","type":"image\/png"}],"twitter_card":"summary_large_image","twitter_misc":{"Est. reading time":"2 minutes"},"schema":{"@context":"https:\/\/schema.org","@graph":[{"@type":"WebPage","@id":"http:\/\/52.77.24.187\/vi\/san-pham\/fuzzy-fridays-thunderslap-ipa\/","url":"http:\/\/52.77.24.187\/vi\/san-pham\/fuzzy-fridays-thunderslap-ipa\/","name":"Fuzzy Fridays Thunderslap IPA - The Bottle Shop","isPartOf":{"@id":"http:\/\/52.77.24.187\/#website"},"primaryImageOfPage":{"@id":"http:\/\/52.77.24.187\/vi\/san-pham\/fuzzy-fridays-thunderslap-ipa\/#primaryimage"},"image":{"@id":"http:\/\/52.77.24.187\/vi\/san-pham\/fuzzy-fridays-thunderslap-ipa\/#primaryimage"},"thumbnailUrl":"https:\/\/mlsrfcxkkbzg.i.optimole.com\/cb:JbP2.215d7\/w:auto\/h:auto\/q:mauto\/ig:avif\/https:\/\/thebottleshop.vn\/wp-content\/uploads\/2022\/08\/Fuzzy_thunderslap.png","datePublished":"2022-08-31T00:59:48+00:00","dateModified":"2026-04-16T14:44:05+00:00","description":"TH\u1ee8 6 H\u00c0NG TU\u1ea6N, MUA 4 T\u1eb6NG 2 V\u1edaI FUZZY FRIDAYS! Fuzzy Logic Thunderslap IPA \u0111\u01b0\u1ee3c n\u1ea5u theo phong c\u00e1ch c\u1ee7a IPA B\u1edd t\u00e2y.","breadcrumb":{"@id":"http:\/\/52.77.24.187\/vi\/san-pham\/fuzzy-fridays-thunderslap-ipa\/#breadcrumb"},"inLanguage":"vi-VN","potentialAction":[{"@type":"ReadAction","target":["http:\/\/52.77.24.187\/vi\/san-pham\/fuzzy-fridays-thunderslap-ipa\/"]}]},{"@type":"ImageObject","inLanguage":"vi-VN","@id":"http:\/\/52.77.24.187\/vi\/san-pham\/fuzzy-fridays-thunderslap-ipa\/#primaryimage","url":"https:\/\/mlsrfcxkkbzg.i.optimole.com\/cb:JbP2.215d7\/w:auto\/h:auto\/q:mauto\/ig:avif\/https:\/\/thebottleshop.vn\/wp-content\/uploads\/2022\/08\/Fuzzy_thunderslap.png","contentUrl":"https:\/\/mlsrfcxkkbzg.i.optimole.com\/cb:JbP2.215d7\/w:auto\/h:auto\/q:mauto\/ig:avif\/https:\/\/thebottleshop.vn\/wp-content\/uploads\/2022\/08\/Fuzzy_thunderslap.png","width":1080,"height":1080,"caption":"Fuzzy Logic Thunderslap IPA 6-pack"},{"@type":"BreadcrumbList","@id":"http:\/\/52.77.24.187\/vi\/san-pham\/fuzzy-fridays-thunderslap-ipa\/#breadcrumb","itemListElement":[{"@type":"ListItem","position":1,"name":"Home","item":"http:\/\/52.77.24.187\/vi\/test-popup-vi\/"},{"@type":"ListItem","position":2,"name":"C\u1eeda h\u00e0ng","item":"http:\/\/52.77.24.187\/vi\/cua-hang\/"},{"@type":"ListItem","position":3,"name":"Fuzzy Fridays Thunderslap IPA"}]},{"@type":"WebSite","@id":"http:\/\/52.77.24.187\/#website","url":"http:\/\/52.77.24.187\/","name":"The Bottle Shop","description":"All beers are not created equal","publisher":{"@id":"http:\/\/52.77.24.187\/#organization"},"potentialAction":[{"@type":"SearchAction","target":{"@type":"EntryPoint","urlTemplate":"http:\/\/52.77.24.187\/?s={search_term_string}"},"query-input":{"@type":"PropertyValueSpecification","valueRequired":true,"valueName":"search_term_string"}}],"inLanguage":"vi-VN"},{"@type":"Organization","@id":"http:\/\/52.77.24.187\/#organization","name":"The Bottle Shop","url":"http:\/\/52.77.24.187\/","logo":{"@type":"ImageObject","inLanguage":"vi-VN","@id":"http:\/\/52.77.24.187\/#\/schema\/logo\/image\/","url":"https:\/\/mlsrfcxkkbzg.i.optimole.com\/cb:JbP2.215d7\/w:auto\/h:auto\/q:mauto\/ig:avif\/https:\/\/thebottleshop.vn\/wp-content\/uploads\/2022\/10\/The-Bottle-Shop-Online-Logo.png","contentUrl":"https:\/\/mlsrfcxkkbzg.i.optimole.com\/cb:JbP2.215d7\/w:auto\/h:auto\/q:mauto\/ig:avif\/https:\/\/thebottleshop.vn\/wp-content\/uploads\/2022\/10\/The-Bottle-Shop-Online-Logo.png","width":145,"height":147,"caption":"The Bottle Shop"},"image":{"@id":"http:\/\/52.77.24.187\/#\/schema\/logo\/image\/"},"sameAs":["https:\/\/www.facebook.com\/thebottleshopvietnam","https:\/\/www.instagram.com\/thebottleshop_vietnam\/"]}]}},"_links":{"self":[{"href":"https:\/\/thebottleshop.vn\/vi\/wp-json\/wp\/v2\/product\/16134","targetHints":{"allow":["GET"]}}],"collection":[{"href":"https:\/\/thebottleshop.vn\/vi\/wp-json\/wp\/v2\/product"}],"about":[{"href":"https:\/\/thebottleshop.vn\/vi\/wp-json\/wp\/v2\/types\/product"}],"replies":[{"embeddable":true,"href":"https:\/\/thebottleshop.vn\/vi\/wp-json\/wp\/v2\/comments?post=16134"}],"wp:featuredmedia":[{"embeddable":true,"href":"https:\/\/thebottleshop.vn\/vi\/wp-json\/wp\/v2\/media\/16133"}],"wp:attachment":[{"href":"https:\/\/thebottleshop.vn\/vi\/wp-json\/wp\/v2\/media?parent=16134"}],"wp:term":[{"taxonomy":"product_brand","embeddable":true,"href":"https:\/\/thebottleshop.vn\/vi\/wp-json\/wp\/v2\/product_brand?post=16134"},{"taxonomy":"product_cat","embeddable":true,"href":"https:\/\/thebottleshop.vn\/vi\/wp-json\/wp\/v2\/product_cat?post=16134"},{"taxonomy":"product_tag","embeddable":true,"href":"https:\/\/thebottleshop.vn\/vi\/wp-json\/wp\/v2\/product_tag?post=16134"}],"curies":[{"name":"wp","href":"https:\/\/api.w.org\/{rel}","templated":true}]}}