{"id":16142,"date":"2022-09-05T09:27:19","date_gmt":"2022-09-05T02:29:20","guid":{"rendered":"https:\/\/thebottleshop.vn\/product\/cultra-oaked-acerglyn\/"},"modified":"2023-03-13T12:31:43","modified_gmt":"2023-03-13T05:31:43","slug":"cultra-oaked-acerglyn","status":"publish","type":"product","link":"https:\/\/thebottleshop.vn\/vi\/san-pham\/cultra-oaked-acerglyn\/","title":{"rendered":"Cultra Oaked Acerglyn"},"content":{"rendered":"<p>Cultra Oaked Acerglyn \u0111\u01b0\u1ee3c l\u00e0m b\u1eb1ng c\u00e1ch l\u00ean men m\u1eadt ong hoa d\u1ea1i \u0111\u1ecba ph\u01b0\u01a1ng k\u1ebft h\u1ee3p c\u00f9ng v\u1edbi xi-r\u00f4 c\u00e2y phong Canada \u0111\u1ec3 c\u00f3 \u0111\u01b0\u1ee3c m\u1ed9t h\u1ed7n h\u1ee3p s\u00e1nh m\u1ecbn v\u00e0 b\u00e9o ng\u1eady. Sau \u0111\u00f3 \u0111\u01b0\u1ee3c \u1ee7 b\u1eb1ng th\u00f9ng g\u1ed7 s\u1ed3i M\u1ef9 \u0111\u1ec3 mang \u0111\u1ebfn m\u00f9i h\u01b0\u01a1ng vani v\u00e0 caramel r\u1ea5t h\u1ea5p d\u1eabn.<\/p>\n<p>\u2014\u2013<br \/>\nXem th\u01b0 vi\u1ec7n h\u00ecnh \u1ea3nh \u0111\u1ec3 bi\u1ebft th\u00eam th\u00f4ng tin chi ti\u1ebft v\u1ec1 ngu\u1ed3n g\u1ed1c, th\u00e0nh ph\u1ea7n v\u00e0 h\u01b0\u1edbng d\u1eabn s\u1eed d\u1ee5ng c\u1ee7a s\u1ea3n ph\u1ea9m.<\/p>\n","protected":false},"excerpt":{"rendered":"<p><strong>Caramen, S\u1ed3i, Vani 11%<\/strong><\/p>\n","protected":false},"featured_media":18203,"comment_status":"open","ping_status":"closed","template":"","meta":{"_acf_changed":false},"product_brand":[],"product_cat":[390,337,514,338,349,374,351,366,345,525,339,341,352,386,565,364,513,567],"product_tag":[],"class_list":{"0":"post-16142","1":"product","2":"type-product","3":"status-publish","4":"has-post-thumbnail","6":"product_cat-vietnam-hanoi","7":"product_cat-bia-va-cider","8":"product_cat-khong-gluten","9":"product_cat-ruou-va-ruou-vang","10":"product_cat-1-0-2-5","11":"product_cat-500k-749k","12":"product_cat-dong-bia","13":"product_cat-nha-san-xuat","14":"product_cat-abv-vi","15":"product_cat-ruou-vang","16":"product_cat-xuat-xu","17":"product_cat-dong-goi","18":"product_cat-gia","19":"product_cat-chai-750-ml","20":"product_cat-cultra-brewery-vi","21":"product_cat-dong-ruou","22":"product_cat-khac","23":"product_cat-mead-vi","25":"first","26":"instock","27":"shipping-taxable","28":"purchasable","29":"product-type-simple","30":"add-to-wishlist-before_image"},"acf":[],"yoast_head":"<!-- This site is optimized with the Yoast SEO plugin v27.2 - https:\/\/yoast.com\/product\/yoast-seo-wordpress\/ -->\n<title>Cultra Oaked Acerglyn - The Bottle Shop<\/title>\n<meta name=\"description\" content=\"Cultra Oaked Acerglyn \u0111\u01b0\u1ee3c l\u00e0m b\u1eb1ng c\u00e1ch l\u00ean men m\u1eadt ong hoa d\u1ea1i \u0111\u1ecba ph\u01b0\u01a1ng k\u1ebft h\u1ee3p c\u00f9ng v\u1edbi xi-r\u00f4 c\u00e2y phong Canada. 11% ABV.\" \/>\n<meta name=\"robots\" content=\"index, follow, max-snippet:-1, max-image-preview:large, max-video-preview:-1\" \/>\n<link rel=\"canonical\" href=\"http:\/\/52.77.24.187\/vi\/san-pham\/cultra-oaked-acerglyn\/\" \/>\n<meta property=\"og:locale\" content=\"vi_VN\" \/>\n<meta property=\"og:type\" content=\"article\" \/>\n<meta property=\"og:title\" content=\"Cultra Oaked Acerglyn - The Bottle Shop\" \/>\n<meta property=\"og:description\" content=\"Cultra Oaked Acerglyn \u0111\u01b0\u1ee3c l\u00e0m b\u1eb1ng c\u00e1ch l\u00ean men m\u1eadt ong hoa d\u1ea1i \u0111\u1ecba ph\u01b0\u01a1ng k\u1ebft h\u1ee3p c\u00f9ng v\u1edbi xi-r\u00f4 c\u00e2y phong Canada. 11% ABV.\" \/>\n<meta property=\"og:url\" content=\"http:\/\/52.77.24.187\/vi\/san-pham\/cultra-oaked-acerglyn\/\" \/>\n<meta property=\"og:site_name\" content=\"The Bottle Shop\" \/>\n<meta property=\"article:publisher\" content=\"https:\/\/www.facebook.com\/thebottleshopvietnam\" \/>\n<meta property=\"article:modified_time\" content=\"2023-03-13T05:31:43+00:00\" \/>\n<meta property=\"og:image\" content=\"https:\/\/mlsrfcxkkbzg.i.optimole.com\/cb:JbP2.215d7\/w:auto\/h:auto\/q:mauto\/ig:avif\/http:\/\/52.77.24.187\/wp-content\/uploads\/2022\/09\/Cultra-Oaked-Acerglyn-bottle.png\" \/>\n\t<meta property=\"og:image:width\" content=\"1080\" \/>\n\t<meta property=\"og:image:height\" content=\"1080\" \/>\n\t<meta property=\"og:image:type\" content=\"image\/png\" \/>\n<meta name=\"twitter:card\" content=\"summary_large_image\" \/>\n<meta name=\"twitter:label1\" content=\"Est. reading time\" \/>\n\t<meta name=\"twitter:data1\" content=\"1 minute\" \/>\n<script type=\"application\/ld+json\" class=\"yoast-schema-graph\">{\"@context\":\"https:\/\/schema.org\",\"@graph\":[{\"@type\":\"WebPage\",\"@id\":\"http:\/\/52.77.24.187\/vi\/san-pham\/cultra-oaked-acerglyn\/\",\"url\":\"http:\/\/52.77.24.187\/vi\/san-pham\/cultra-oaked-acerglyn\/\",\"name\":\"Cultra Oaked Acerglyn - The Bottle Shop\",\"isPartOf\":{\"@id\":\"http:\/\/52.77.24.187\/#website\"},\"primaryImageOfPage\":{\"@id\":\"http:\/\/52.77.24.187\/vi\/san-pham\/cultra-oaked-acerglyn\/#primaryimage\"},\"image\":{\"@id\":\"http:\/\/52.77.24.187\/vi\/san-pham\/cultra-oaked-acerglyn\/#primaryimage\"},\"thumbnailUrl\":\"https:\/\/mlsrfcxkkbzg.i.optimole.com\/cb:JbP2.215d7\/w:auto\/h:auto\/q:mauto\/ig:avif\/https:\/\/thebottleshop.vn\/wp-content\/uploads\/2023\/09\/Cultra-Oaked-Acerglyn-Mead.png\",\"datePublished\":\"2022-09-05T02:29:20+00:00\",\"dateModified\":\"2023-03-13T05:31:43+00:00\",\"description\":\"Cultra Oaked Acerglyn \u0111\u01b0\u1ee3c l\u00e0m b\u1eb1ng c\u00e1ch l\u00ean men m\u1eadt ong hoa d\u1ea1i \u0111\u1ecba ph\u01b0\u01a1ng k\u1ebft h\u1ee3p c\u00f9ng v\u1edbi xi-r\u00f4 c\u00e2y phong Canada. 11% ABV.\",\"breadcrumb\":{\"@id\":\"http:\/\/52.77.24.187\/vi\/san-pham\/cultra-oaked-acerglyn\/#breadcrumb\"},\"inLanguage\":\"vi-VN\",\"potentialAction\":[{\"@type\":\"ReadAction\",\"target\":[\"http:\/\/52.77.24.187\/vi\/san-pham\/cultra-oaked-acerglyn\/\"]}]},{\"@type\":\"ImageObject\",\"inLanguage\":\"vi-VN\",\"@id\":\"http:\/\/52.77.24.187\/vi\/san-pham\/cultra-oaked-acerglyn\/#primaryimage\",\"url\":\"https:\/\/mlsrfcxkkbzg.i.optimole.com\/cb:JbP2.215d7\/w:auto\/h:auto\/q:mauto\/ig:avif\/https:\/\/thebottleshop.vn\/wp-content\/uploads\/2023\/09\/Cultra-Oaked-Acerglyn-Mead.png\",\"contentUrl\":\"https:\/\/mlsrfcxkkbzg.i.optimole.com\/cb:JbP2.215d7\/w:auto\/h:auto\/q:mauto\/ig:avif\/https:\/\/thebottleshop.vn\/wp-content\/uploads\/2023\/09\/Cultra-Oaked-Acerglyn-Mead.png\",\"width\":1080,\"height\":1080,\"caption\":\"Cultra Oaked Acerglyn Mead\"},{\"@type\":\"BreadcrumbList\",\"@id\":\"http:\/\/52.77.24.187\/vi\/san-pham\/cultra-oaked-acerglyn\/#breadcrumb\",\"itemListElement\":[{\"@type\":\"ListItem\",\"position\":1,\"name\":\"Home\",\"item\":\"http:\/\/52.77.24.187\/vi\/test-popup-vi\/\"},{\"@type\":\"ListItem\",\"position\":2,\"name\":\"C\u1eeda h\u00e0ng\",\"item\":\"http:\/\/52.77.24.187\/vi\/cua-hang\/\"},{\"@type\":\"ListItem\",\"position\":3,\"name\":\"Cultra Oaked Acerglyn\"}]},{\"@type\":\"WebSite\",\"@id\":\"http:\/\/52.77.24.187\/#website\",\"url\":\"http:\/\/52.77.24.187\/\",\"name\":\"The Bottle Shop\",\"description\":\"All beers are not created equal\",\"publisher\":{\"@id\":\"http:\/\/52.77.24.187\/#organization\"},\"potentialAction\":[{\"@type\":\"SearchAction\",\"target\":{\"@type\":\"EntryPoint\",\"urlTemplate\":\"http:\/\/52.77.24.187\/?s={search_term_string}\"},\"query-input\":{\"@type\":\"PropertyValueSpecification\",\"valueRequired\":true,\"valueName\":\"search_term_string\"}}],\"inLanguage\":\"vi-VN\"},{\"@type\":\"Organization\",\"@id\":\"http:\/\/52.77.24.187\/#organization\",\"name\":\"The Bottle Shop\",\"url\":\"http:\/\/52.77.24.187\/\",\"logo\":{\"@type\":\"ImageObject\",\"inLanguage\":\"vi-VN\",\"@id\":\"http:\/\/52.77.24.187\/#\/schema\/logo\/image\/\",\"url\":\"https:\/\/mlsrfcxkkbzg.i.optimole.com\/cb:JbP2.215d7\/w:auto\/h:auto\/q:mauto\/ig:avif\/https:\/\/thebottleshop.vn\/wp-content\/uploads\/2022\/10\/The-Bottle-Shop-Online-Logo.png\",\"contentUrl\":\"https:\/\/mlsrfcxkkbzg.i.optimole.com\/cb:JbP2.215d7\/w:auto\/h:auto\/q:mauto\/ig:avif\/https:\/\/thebottleshop.vn\/wp-content\/uploads\/2022\/10\/The-Bottle-Shop-Online-Logo.png\",\"width\":145,\"height\":147,\"caption\":\"The Bottle Shop\"},\"image\":{\"@id\":\"http:\/\/52.77.24.187\/#\/schema\/logo\/image\/\"},\"sameAs\":[\"https:\/\/www.facebook.com\/thebottleshopvietnam\",\"https:\/\/www.instagram.com\/thebottleshop_vietnam\/\"]}]}<\/script>\n<!-- \/ Yoast SEO plugin. -->","yoast_head_json":{"title":"Cultra Oaked Acerglyn - The Bottle Shop","description":"Cultra Oaked Acerglyn \u0111\u01b0\u1ee3c l\u00e0m b\u1eb1ng c\u00e1ch l\u00ean men m\u1eadt ong hoa d\u1ea1i \u0111\u1ecba ph\u01b0\u01a1ng k\u1ebft h\u1ee3p c\u00f9ng v\u1edbi xi-r\u00f4 c\u00e2y phong Canada. 11% ABV.","robots":{"index":"index","follow":"follow","max-snippet":"max-snippet:-1","max-image-preview":"max-image-preview:large","max-video-preview":"max-video-preview:-1"},"canonical":"http:\/\/52.77.24.187\/vi\/san-pham\/cultra-oaked-acerglyn\/","og_locale":"vi_VN","og_type":"article","og_title":"Cultra Oaked Acerglyn - The Bottle Shop","og_description":"Cultra Oaked Acerglyn \u0111\u01b0\u1ee3c l\u00e0m b\u1eb1ng c\u00e1ch l\u00ean men m\u1eadt ong hoa d\u1ea1i \u0111\u1ecba ph\u01b0\u01a1ng k\u1ebft h\u1ee3p c\u00f9ng v\u1edbi xi-r\u00f4 c\u00e2y phong Canada. 11% ABV.","og_url":"http:\/\/52.77.24.187\/vi\/san-pham\/cultra-oaked-acerglyn\/","og_site_name":"The Bottle Shop","article_publisher":"https:\/\/www.facebook.com\/thebottleshopvietnam","article_modified_time":"2023-03-13T05:31:43+00:00","og_image":[{"width":1080,"height":1080,"url":"https:\/\/mlsrfcxkkbzg.i.optimole.com\/cb:JbP2.215d7\/w:auto\/h:auto\/q:mauto\/ig:avif\/http:\/\/52.77.24.187\/wp-content\/uploads\/2022\/09\/Cultra-Oaked-Acerglyn-bottle.png","type":"image\/png"}],"twitter_card":"summary_large_image","twitter_misc":{"Est. reading time":"1 minute"},"schema":{"@context":"https:\/\/schema.org","@graph":[{"@type":"WebPage","@id":"http:\/\/52.77.24.187\/vi\/san-pham\/cultra-oaked-acerglyn\/","url":"http:\/\/52.77.24.187\/vi\/san-pham\/cultra-oaked-acerglyn\/","name":"Cultra Oaked Acerglyn - The Bottle Shop","isPartOf":{"@id":"http:\/\/52.77.24.187\/#website"},"primaryImageOfPage":{"@id":"http:\/\/52.77.24.187\/vi\/san-pham\/cultra-oaked-acerglyn\/#primaryimage"},"image":{"@id":"http:\/\/52.77.24.187\/vi\/san-pham\/cultra-oaked-acerglyn\/#primaryimage"},"thumbnailUrl":"https:\/\/mlsrfcxkkbzg.i.optimole.com\/cb:JbP2.215d7\/w:auto\/h:auto\/q:mauto\/ig:avif\/https:\/\/thebottleshop.vn\/wp-content\/uploads\/2023\/09\/Cultra-Oaked-Acerglyn-Mead.png","datePublished":"2022-09-05T02:29:20+00:00","dateModified":"2023-03-13T05:31:43+00:00","description":"Cultra Oaked Acerglyn \u0111\u01b0\u1ee3c l\u00e0m b\u1eb1ng c\u00e1ch l\u00ean men m\u1eadt ong hoa d\u1ea1i \u0111\u1ecba ph\u01b0\u01a1ng k\u1ebft h\u1ee3p c\u00f9ng v\u1edbi xi-r\u00f4 c\u00e2y phong Canada. 11% ABV.","breadcrumb":{"@id":"http:\/\/52.77.24.187\/vi\/san-pham\/cultra-oaked-acerglyn\/#breadcrumb"},"inLanguage":"vi-VN","potentialAction":[{"@type":"ReadAction","target":["http:\/\/52.77.24.187\/vi\/san-pham\/cultra-oaked-acerglyn\/"]}]},{"@type":"ImageObject","inLanguage":"vi-VN","@id":"http:\/\/52.77.24.187\/vi\/san-pham\/cultra-oaked-acerglyn\/#primaryimage","url":"https:\/\/mlsrfcxkkbzg.i.optimole.com\/cb:JbP2.215d7\/w:auto\/h:auto\/q:mauto\/ig:avif\/https:\/\/thebottleshop.vn\/wp-content\/uploads\/2023\/09\/Cultra-Oaked-Acerglyn-Mead.png","contentUrl":"https:\/\/mlsrfcxkkbzg.i.optimole.com\/cb:JbP2.215d7\/w:auto\/h:auto\/q:mauto\/ig:avif\/https:\/\/thebottleshop.vn\/wp-content\/uploads\/2023\/09\/Cultra-Oaked-Acerglyn-Mead.png","width":1080,"height":1080,"caption":"Cultra Oaked Acerglyn Mead"},{"@type":"BreadcrumbList","@id":"http:\/\/52.77.24.187\/vi\/san-pham\/cultra-oaked-acerglyn\/#breadcrumb","itemListElement":[{"@type":"ListItem","position":1,"name":"Home","item":"http:\/\/52.77.24.187\/vi\/test-popup-vi\/"},{"@type":"ListItem","position":2,"name":"C\u1eeda h\u00e0ng","item":"http:\/\/52.77.24.187\/vi\/cua-hang\/"},{"@type":"ListItem","position":3,"name":"Cultra Oaked Acerglyn"}]},{"@type":"WebSite","@id":"http:\/\/52.77.24.187\/#website","url":"http:\/\/52.77.24.187\/","name":"The Bottle Shop","description":"All beers are not created equal","publisher":{"@id":"http:\/\/52.77.24.187\/#organization"},"potentialAction":[{"@type":"SearchAction","target":{"@type":"EntryPoint","urlTemplate":"http:\/\/52.77.24.187\/?s={search_term_string}"},"query-input":{"@type":"PropertyValueSpecification","valueRequired":true,"valueName":"search_term_string"}}],"inLanguage":"vi-VN"},{"@type":"Organization","@id":"http:\/\/52.77.24.187\/#organization","name":"The Bottle Shop","url":"http:\/\/52.77.24.187\/","logo":{"@type":"ImageObject","inLanguage":"vi-VN","@id":"http:\/\/52.77.24.187\/#\/schema\/logo\/image\/","url":"https:\/\/mlsrfcxkkbzg.i.optimole.com\/cb:JbP2.215d7\/w:auto\/h:auto\/q:mauto\/ig:avif\/https:\/\/thebottleshop.vn\/wp-content\/uploads\/2022\/10\/The-Bottle-Shop-Online-Logo.png","contentUrl":"https:\/\/mlsrfcxkkbzg.i.optimole.com\/cb:JbP2.215d7\/w:auto\/h:auto\/q:mauto\/ig:avif\/https:\/\/thebottleshop.vn\/wp-content\/uploads\/2022\/10\/The-Bottle-Shop-Online-Logo.png","width":145,"height":147,"caption":"The Bottle Shop"},"image":{"@id":"http:\/\/52.77.24.187\/#\/schema\/logo\/image\/"},"sameAs":["https:\/\/www.facebook.com\/thebottleshopvietnam","https:\/\/www.instagram.com\/thebottleshop_vietnam\/"]}]}},"_links":{"self":[{"href":"https:\/\/thebottleshop.vn\/vi\/wp-json\/wp\/v2\/product\/16142","targetHints":{"allow":["GET"]}}],"collection":[{"href":"https:\/\/thebottleshop.vn\/vi\/wp-json\/wp\/v2\/product"}],"about":[{"href":"https:\/\/thebottleshop.vn\/vi\/wp-json\/wp\/v2\/types\/product"}],"replies":[{"embeddable":true,"href":"https:\/\/thebottleshop.vn\/vi\/wp-json\/wp\/v2\/comments?post=16142"}],"wp:featuredmedia":[{"embeddable":true,"href":"https:\/\/thebottleshop.vn\/vi\/wp-json\/wp\/v2\/media\/18203"}],"wp:attachment":[{"href":"https:\/\/thebottleshop.vn\/vi\/wp-json\/wp\/v2\/media?parent=16142"}],"wp:term":[{"taxonomy":"product_brand","embeddable":true,"href":"https:\/\/thebottleshop.vn\/vi\/wp-json\/wp\/v2\/product_brand?post=16142"},{"taxonomy":"product_cat","embeddable":true,"href":"https:\/\/thebottleshop.vn\/vi\/wp-json\/wp\/v2\/product_cat?post=16142"},{"taxonomy":"product_tag","embeddable":true,"href":"https:\/\/thebottleshop.vn\/vi\/wp-json\/wp\/v2\/product_tag?post=16142"}],"curies":[{"name":"wp","href":"https:\/\/api.w.org\/{rel}","templated":true}]}}