{"id":16324,"date":"2022-10-11T08:10:42","date_gmt":"2022-10-11T01:13:02","guid":{"rendered":"https:\/\/thebottleshop.vn\/product\/glogg-original-spiced-wine\/"},"modified":"2023-05-02T08:01:47","modified_gmt":"2023-05-02T01:01:47","slug":"glogg-original-spiced-wine","status":"publish","type":"product","link":"https:\/\/thebottleshop.vn\/vi\/san-pham\/glogg-original-spiced-wine\/","title":{"rendered":"Gl\u01a1gg Original Spiced Wine"},"content":{"rendered":"<p>R\u01b0\u1ee3u GL\u01a0GG Original Spiced Wine c\u00f3 h\u01b0\u01a1ng v\u1ecb t\u1ed5ng ho\u00e0 t\u1eeb tr\u00e1i c\u00e2y ch\u00edn v\u00e0 c\u00e1c lo\u1ea1i c\u00e2y gia v\u1ecb, v\u1edbi h\u01b0\u01a1ng \u0111\u1ea7u th\u01a1m nh\u1eb9 m\u00f9i qu\u1ebf v\u00e0 \u0111\u1ea1i h\u1ed3i, ti\u1ebfp n\u1ed1i t\u1edbi v\u1ecb cay cay c\u1ee7a g\u1eebng v\u00e0 c\u00e1c gia v\u1ecb kh\u00e1c, ho\u00e0 quy\u1ec7n l\u01b0u luy\u1ebfn n\u01a1i \u0111\u1ea7u l\u01b0\u1ee1i.<\/p>\n<p>\u2014\u2013<br \/>\nXem th\u01b0 vi\u1ec7n h\u00ecnh \u1ea3nh \u0111\u1ec3 bi\u1ebft th\u00eam th\u00f4ng tin chi ti\u1ebft v\u1ec1 ngu\u1ed3n g\u1ed1c, th\u00e0nh ph\u1ea7n v\u00e0 h\u01b0\u1edbng d\u1eabn s\u1eed d\u1ee5ng c\u1ee7a s\u1ea3n ph\u1ea9m.<\/p>\n","protected":false},"excerpt":{"rendered":"<p><strong>\u0110\u1ea1i h\u1ed3i, M\u00f9i qu\u1ebf, V\u1ecb g\u1eebng 12%<\/strong><\/p>\n","protected":false},"featured_media":17576,"comment_status":"open","ping_status":"closed","template":"","meta":{"_acf_changed":false},"product_brand":[],"product_cat":[514,340,338,349,374,580,525,345,339,341,352,386,364,371,513],"product_tag":[],"class_list":{"0":"post-16324","1":"product","2":"type-product","3":"status-publish","4":"has-post-thumbnail","6":"product_cat-khong-gluten","7":"product_cat-vietnam-hcmc","8":"product_cat-ruou-va-ruou-vang","9":"product_cat-1-0-2-5","10":"product_cat-500k-749k","11":"product_cat-glogg-vi","12":"product_cat-ruou-vang","13":"product_cat-abv-vi","14":"product_cat-xuat-xu","15":"product_cat-dong-goi","16":"product_cat-gia","17":"product_cat-chai-750-ml","18":"product_cat-dong-ruou","19":"product_cat-nha-san-xuat-ruou","20":"product_cat-khac","22":"first","23":"outofstock","24":"shipping-taxable","25":"purchasable","26":"product-type-simple","27":"add-to-wishlist-before_image"},"acf":[],"yoast_head":"<!-- This site is optimized with the Yoast SEO plugin v27.2 - https:\/\/yoast.com\/product\/yoast-seo-wordpress\/ -->\n<title>Gl\u01a1gg Original Spiced Wine - The Bottle Shop<\/title>\n<meta name=\"description\" content=\"R\u01b0\u1ee3u GL\u01a0GG Original Spiced Wine c\u00f3 h\u01b0\u01a1ng v\u1ecb t\u1ed5ng ho\u00e0 t\u1eeb tr\u00e1i c\u00e2y ch\u00edn v\u00e0 c\u00e1c lo\u1ea1i c\u00e2y gia v\u1ecb, v\u1edbi h\u01b0\u01a1ng \u0111\u1ea7u th\u01a1m nh\u1eb9 m\u00f9i qu\u1ebf v\u00e0 \u0111\u1ea1i h\u1ed3i.\" \/>\n<meta name=\"robots\" content=\"index, follow, max-snippet:-1, max-image-preview:large, max-video-preview:-1\" \/>\n<link rel=\"canonical\" href=\"http:\/\/52.77.24.187\/vi\/san-pham\/glogg-original-spiced-wine\/\" \/>\n<meta property=\"og:locale\" content=\"vi_VN\" \/>\n<meta property=\"og:type\" content=\"article\" \/>\n<meta property=\"og:title\" content=\"Gl\u01a1gg Original Spiced Wine - The Bottle Shop\" \/>\n<meta property=\"og:description\" content=\"R\u01b0\u1ee3u GL\u01a0GG Original Spiced Wine c\u00f3 h\u01b0\u01a1ng v\u1ecb t\u1ed5ng ho\u00e0 t\u1eeb tr\u00e1i c\u00e2y ch\u00edn v\u00e0 c\u00e1c lo\u1ea1i c\u00e2y gia v\u1ecb, v\u1edbi h\u01b0\u01a1ng \u0111\u1ea7u th\u01a1m nh\u1eb9 m\u00f9i qu\u1ebf v\u00e0 \u0111\u1ea1i h\u1ed3i.\" \/>\n<meta property=\"og:url\" content=\"http:\/\/52.77.24.187\/vi\/san-pham\/glogg-original-spiced-wine\/\" \/>\n<meta property=\"og:site_name\" content=\"The Bottle Shop\" \/>\n<meta property=\"article:publisher\" content=\"https:\/\/www.facebook.com\/thebottleshopvietnam\" \/>\n<meta property=\"article:modified_time\" content=\"2023-05-02T01:01:47+00:00\" \/>\n<meta property=\"og:image\" content=\"https:\/\/mlsrfcxkkbzg.i.optimole.com\/cb:JbP2.215d7\/w:auto\/h:auto\/q:mauto\/ig:avif\/http:\/\/52.77.24.187\/wp-content\/uploads\/2023\/05\/Glogg-Original-Spiced-Wine.png\" \/>\n\t<meta property=\"og:image:width\" content=\"1080\" \/>\n\t<meta property=\"og:image:height\" content=\"1080\" \/>\n\t<meta property=\"og:image:type\" content=\"image\/png\" \/>\n<meta name=\"twitter:card\" content=\"summary_large_image\" \/>\n<meta name=\"twitter:label1\" content=\"Est. reading time\" \/>\n\t<meta name=\"twitter:data1\" content=\"1 minute\" \/>\n<script type=\"application\/ld+json\" class=\"yoast-schema-graph\">{\"@context\":\"https:\/\/schema.org\",\"@graph\":[{\"@type\":\"WebPage\",\"@id\":\"http:\/\/52.77.24.187\/vi\/san-pham\/glogg-original-spiced-wine\/\",\"url\":\"http:\/\/52.77.24.187\/vi\/san-pham\/glogg-original-spiced-wine\/\",\"name\":\"Gl\u01a1gg Original Spiced Wine - The Bottle Shop\",\"isPartOf\":{\"@id\":\"http:\/\/52.77.24.187\/#website\"},\"primaryImageOfPage\":{\"@id\":\"http:\/\/52.77.24.187\/vi\/san-pham\/glogg-original-spiced-wine\/#primaryimage\"},\"image\":{\"@id\":\"http:\/\/52.77.24.187\/vi\/san-pham\/glogg-original-spiced-wine\/#primaryimage\"},\"thumbnailUrl\":\"https:\/\/mlsrfcxkkbzg.i.optimole.com\/cb:JbP2.215d7\/w:auto\/h:auto\/q:mauto\/ig:avif\/https:\/\/thebottleshop.vn\/wp-content\/uploads\/2023\/05\/Glogg-Original-Spiced-Wine.png\",\"datePublished\":\"2022-10-11T01:13:02+00:00\",\"dateModified\":\"2023-05-02T01:01:47+00:00\",\"description\":\"R\u01b0\u1ee3u GL\u01a0GG Original Spiced Wine c\u00f3 h\u01b0\u01a1ng v\u1ecb t\u1ed5ng ho\u00e0 t\u1eeb tr\u00e1i c\u00e2y ch\u00edn v\u00e0 c\u00e1c lo\u1ea1i c\u00e2y gia v\u1ecb, v\u1edbi h\u01b0\u01a1ng \u0111\u1ea7u th\u01a1m nh\u1eb9 m\u00f9i qu\u1ebf v\u00e0 \u0111\u1ea1i h\u1ed3i.\",\"breadcrumb\":{\"@id\":\"http:\/\/52.77.24.187\/vi\/san-pham\/glogg-original-spiced-wine\/#breadcrumb\"},\"inLanguage\":\"vi-VN\",\"potentialAction\":[{\"@type\":\"ReadAction\",\"target\":[\"http:\/\/52.77.24.187\/vi\/san-pham\/glogg-original-spiced-wine\/\"]}]},{\"@type\":\"ImageObject\",\"inLanguage\":\"vi-VN\",\"@id\":\"http:\/\/52.77.24.187\/vi\/san-pham\/glogg-original-spiced-wine\/#primaryimage\",\"url\":\"https:\/\/mlsrfcxkkbzg.i.optimole.com\/cb:JbP2.215d7\/w:auto\/h:auto\/q:mauto\/ig:avif\/https:\/\/thebottleshop.vn\/wp-content\/uploads\/2023\/05\/Glogg-Original-Spiced-Wine.png\",\"contentUrl\":\"https:\/\/mlsrfcxkkbzg.i.optimole.com\/cb:JbP2.215d7\/w:auto\/h:auto\/q:mauto\/ig:avif\/https:\/\/thebottleshop.vn\/wp-content\/uploads\/2023\/05\/Glogg-Original-Spiced-Wine.png\",\"width\":1080,\"height\":1080,\"caption\":\"Gl\u01a1gg Original Spiced Wine\"},{\"@type\":\"BreadcrumbList\",\"@id\":\"http:\/\/52.77.24.187\/vi\/san-pham\/glogg-original-spiced-wine\/#breadcrumb\",\"itemListElement\":[{\"@type\":\"ListItem\",\"position\":1,\"name\":\"Home\",\"item\":\"http:\/\/52.77.24.187\/vi\/test-popup-vi\/\"},{\"@type\":\"ListItem\",\"position\":2,\"name\":\"C\u1eeda h\u00e0ng\",\"item\":\"http:\/\/52.77.24.187\/vi\/cua-hang\/\"},{\"@type\":\"ListItem\",\"position\":3,\"name\":\"Gl\u01a1gg Original Spiced Wine\"}]},{\"@type\":\"WebSite\",\"@id\":\"http:\/\/52.77.24.187\/#website\",\"url\":\"http:\/\/52.77.24.187\/\",\"name\":\"The Bottle Shop\",\"description\":\"All beers are not created equal\",\"publisher\":{\"@id\":\"http:\/\/52.77.24.187\/#organization\"},\"potentialAction\":[{\"@type\":\"SearchAction\",\"target\":{\"@type\":\"EntryPoint\",\"urlTemplate\":\"http:\/\/52.77.24.187\/?s={search_term_string}\"},\"query-input\":{\"@type\":\"PropertyValueSpecification\",\"valueRequired\":true,\"valueName\":\"search_term_string\"}}],\"inLanguage\":\"vi-VN\"},{\"@type\":\"Organization\",\"@id\":\"http:\/\/52.77.24.187\/#organization\",\"name\":\"The Bottle Shop\",\"url\":\"http:\/\/52.77.24.187\/\",\"logo\":{\"@type\":\"ImageObject\",\"inLanguage\":\"vi-VN\",\"@id\":\"http:\/\/52.77.24.187\/#\/schema\/logo\/image\/\",\"url\":\"https:\/\/mlsrfcxkkbzg.i.optimole.com\/cb:JbP2.215d7\/w:auto\/h:auto\/q:mauto\/ig:avif\/https:\/\/thebottleshop.vn\/wp-content\/uploads\/2022\/10\/The-Bottle-Shop-Online-Logo.png\",\"contentUrl\":\"https:\/\/mlsrfcxkkbzg.i.optimole.com\/cb:JbP2.215d7\/w:auto\/h:auto\/q:mauto\/ig:avif\/https:\/\/thebottleshop.vn\/wp-content\/uploads\/2022\/10\/The-Bottle-Shop-Online-Logo.png\",\"width\":145,\"height\":147,\"caption\":\"The Bottle Shop\"},\"image\":{\"@id\":\"http:\/\/52.77.24.187\/#\/schema\/logo\/image\/\"},\"sameAs\":[\"https:\/\/www.facebook.com\/thebottleshopvietnam\",\"https:\/\/www.instagram.com\/thebottleshop_vietnam\/\"]}]}<\/script>\n<!-- \/ Yoast SEO plugin. -->","yoast_head_json":{"title":"Gl\u01a1gg Original Spiced Wine - The Bottle Shop","description":"R\u01b0\u1ee3u GL\u01a0GG Original Spiced Wine c\u00f3 h\u01b0\u01a1ng v\u1ecb t\u1ed5ng ho\u00e0 t\u1eeb tr\u00e1i c\u00e2y ch\u00edn v\u00e0 c\u00e1c lo\u1ea1i c\u00e2y gia v\u1ecb, v\u1edbi h\u01b0\u01a1ng \u0111\u1ea7u th\u01a1m nh\u1eb9 m\u00f9i qu\u1ebf v\u00e0 \u0111\u1ea1i h\u1ed3i.","robots":{"index":"index","follow":"follow","max-snippet":"max-snippet:-1","max-image-preview":"max-image-preview:large","max-video-preview":"max-video-preview:-1"},"canonical":"http:\/\/52.77.24.187\/vi\/san-pham\/glogg-original-spiced-wine\/","og_locale":"vi_VN","og_type":"article","og_title":"Gl\u01a1gg Original Spiced Wine - The Bottle Shop","og_description":"R\u01b0\u1ee3u GL\u01a0GG Original Spiced Wine c\u00f3 h\u01b0\u01a1ng v\u1ecb t\u1ed5ng ho\u00e0 t\u1eeb tr\u00e1i c\u00e2y ch\u00edn v\u00e0 c\u00e1c lo\u1ea1i c\u00e2y gia v\u1ecb, v\u1edbi h\u01b0\u01a1ng \u0111\u1ea7u th\u01a1m nh\u1eb9 m\u00f9i qu\u1ebf v\u00e0 \u0111\u1ea1i h\u1ed3i.","og_url":"http:\/\/52.77.24.187\/vi\/san-pham\/glogg-original-spiced-wine\/","og_site_name":"The Bottle Shop","article_publisher":"https:\/\/www.facebook.com\/thebottleshopvietnam","article_modified_time":"2023-05-02T01:01:47+00:00","og_image":[{"width":1080,"height":1080,"url":"https:\/\/mlsrfcxkkbzg.i.optimole.com\/cb:JbP2.215d7\/w:auto\/h:auto\/q:mauto\/ig:avif\/http:\/\/52.77.24.187\/wp-content\/uploads\/2023\/05\/Glogg-Original-Spiced-Wine.png","type":"image\/png"}],"twitter_card":"summary_large_image","twitter_misc":{"Est. reading time":"1 minute"},"schema":{"@context":"https:\/\/schema.org","@graph":[{"@type":"WebPage","@id":"http:\/\/52.77.24.187\/vi\/san-pham\/glogg-original-spiced-wine\/","url":"http:\/\/52.77.24.187\/vi\/san-pham\/glogg-original-spiced-wine\/","name":"Gl\u01a1gg Original Spiced Wine - The Bottle Shop","isPartOf":{"@id":"http:\/\/52.77.24.187\/#website"},"primaryImageOfPage":{"@id":"http:\/\/52.77.24.187\/vi\/san-pham\/glogg-original-spiced-wine\/#primaryimage"},"image":{"@id":"http:\/\/52.77.24.187\/vi\/san-pham\/glogg-original-spiced-wine\/#primaryimage"},"thumbnailUrl":"https:\/\/mlsrfcxkkbzg.i.optimole.com\/cb:JbP2.215d7\/w:auto\/h:auto\/q:mauto\/ig:avif\/https:\/\/thebottleshop.vn\/wp-content\/uploads\/2023\/05\/Glogg-Original-Spiced-Wine.png","datePublished":"2022-10-11T01:13:02+00:00","dateModified":"2023-05-02T01:01:47+00:00","description":"R\u01b0\u1ee3u GL\u01a0GG Original Spiced Wine c\u00f3 h\u01b0\u01a1ng v\u1ecb t\u1ed5ng ho\u00e0 t\u1eeb tr\u00e1i c\u00e2y ch\u00edn v\u00e0 c\u00e1c lo\u1ea1i c\u00e2y gia v\u1ecb, v\u1edbi h\u01b0\u01a1ng \u0111\u1ea7u th\u01a1m nh\u1eb9 m\u00f9i qu\u1ebf v\u00e0 \u0111\u1ea1i h\u1ed3i.","breadcrumb":{"@id":"http:\/\/52.77.24.187\/vi\/san-pham\/glogg-original-spiced-wine\/#breadcrumb"},"inLanguage":"vi-VN","potentialAction":[{"@type":"ReadAction","target":["http:\/\/52.77.24.187\/vi\/san-pham\/glogg-original-spiced-wine\/"]}]},{"@type":"ImageObject","inLanguage":"vi-VN","@id":"http:\/\/52.77.24.187\/vi\/san-pham\/glogg-original-spiced-wine\/#primaryimage","url":"https:\/\/mlsrfcxkkbzg.i.optimole.com\/cb:JbP2.215d7\/w:auto\/h:auto\/q:mauto\/ig:avif\/https:\/\/thebottleshop.vn\/wp-content\/uploads\/2023\/05\/Glogg-Original-Spiced-Wine.png","contentUrl":"https:\/\/mlsrfcxkkbzg.i.optimole.com\/cb:JbP2.215d7\/w:auto\/h:auto\/q:mauto\/ig:avif\/https:\/\/thebottleshop.vn\/wp-content\/uploads\/2023\/05\/Glogg-Original-Spiced-Wine.png","width":1080,"height":1080,"caption":"Gl\u01a1gg Original Spiced Wine"},{"@type":"BreadcrumbList","@id":"http:\/\/52.77.24.187\/vi\/san-pham\/glogg-original-spiced-wine\/#breadcrumb","itemListElement":[{"@type":"ListItem","position":1,"name":"Home","item":"http:\/\/52.77.24.187\/vi\/test-popup-vi\/"},{"@type":"ListItem","position":2,"name":"C\u1eeda h\u00e0ng","item":"http:\/\/52.77.24.187\/vi\/cua-hang\/"},{"@type":"ListItem","position":3,"name":"Gl\u01a1gg Original Spiced Wine"}]},{"@type":"WebSite","@id":"http:\/\/52.77.24.187\/#website","url":"http:\/\/52.77.24.187\/","name":"The Bottle Shop","description":"All beers are not created equal","publisher":{"@id":"http:\/\/52.77.24.187\/#organization"},"potentialAction":[{"@type":"SearchAction","target":{"@type":"EntryPoint","urlTemplate":"http:\/\/52.77.24.187\/?s={search_term_string}"},"query-input":{"@type":"PropertyValueSpecification","valueRequired":true,"valueName":"search_term_string"}}],"inLanguage":"vi-VN"},{"@type":"Organization","@id":"http:\/\/52.77.24.187\/#organization","name":"The Bottle Shop","url":"http:\/\/52.77.24.187\/","logo":{"@type":"ImageObject","inLanguage":"vi-VN","@id":"http:\/\/52.77.24.187\/#\/schema\/logo\/image\/","url":"https:\/\/mlsrfcxkkbzg.i.optimole.com\/cb:JbP2.215d7\/w:auto\/h:auto\/q:mauto\/ig:avif\/https:\/\/thebottleshop.vn\/wp-content\/uploads\/2022\/10\/The-Bottle-Shop-Online-Logo.png","contentUrl":"https:\/\/mlsrfcxkkbzg.i.optimole.com\/cb:JbP2.215d7\/w:auto\/h:auto\/q:mauto\/ig:avif\/https:\/\/thebottleshop.vn\/wp-content\/uploads\/2022\/10\/The-Bottle-Shop-Online-Logo.png","width":145,"height":147,"caption":"The Bottle Shop"},"image":{"@id":"http:\/\/52.77.24.187\/#\/schema\/logo\/image\/"},"sameAs":["https:\/\/www.facebook.com\/thebottleshopvietnam","https:\/\/www.instagram.com\/thebottleshop_vietnam\/"]}]}},"_links":{"self":[{"href":"https:\/\/thebottleshop.vn\/vi\/wp-json\/wp\/v2\/product\/16324","targetHints":{"allow":["GET"]}}],"collection":[{"href":"https:\/\/thebottleshop.vn\/vi\/wp-json\/wp\/v2\/product"}],"about":[{"href":"https:\/\/thebottleshop.vn\/vi\/wp-json\/wp\/v2\/types\/product"}],"replies":[{"embeddable":true,"href":"https:\/\/thebottleshop.vn\/vi\/wp-json\/wp\/v2\/comments?post=16324"}],"wp:featuredmedia":[{"embeddable":true,"href":"https:\/\/thebottleshop.vn\/vi\/wp-json\/wp\/v2\/media\/17576"}],"wp:attachment":[{"href":"https:\/\/thebottleshop.vn\/vi\/wp-json\/wp\/v2\/media?parent=16324"}],"wp:term":[{"taxonomy":"product_brand","embeddable":true,"href":"https:\/\/thebottleshop.vn\/vi\/wp-json\/wp\/v2\/product_brand?post=16324"},{"taxonomy":"product_cat","embeddable":true,"href":"https:\/\/thebottleshop.vn\/vi\/wp-json\/wp\/v2\/product_cat?post=16324"},{"taxonomy":"product_tag","embeddable":true,"href":"https:\/\/thebottleshop.vn\/vi\/wp-json\/wp\/v2\/product_tag?post=16324"}],"curies":[{"name":"wp","href":"https:\/\/api.w.org\/{rel}","templated":true}]}}