{"id":16421,"date":"2022-11-16T05:43:34","date_gmt":"2022-11-15T22:43:34","guid":{"rendered":"https:\/\/thebottleshop.vn\/product\/hod-the-ghost-barrel-aged-stout\/"},"modified":"2025-11-24T12:43:32","modified_gmt":"2025-11-24T05:43:32","slug":"hod-the-ghost-barrel-aged-stout-2","status":"publish","type":"product","link":"https:\/\/thebottleshop.vn\/vi\/san-pham\/hod-the-ghost-barrel-aged-stout-2\/","title":{"rendered":"Heart of Darkness The Ghost barrel-aged Stout"},"content":{"rendered":"<p>Heart of Darkness The Ghost barrel-aged Stout. B\u1ed1n d\u00f2ng hoa bia, ba gi\u1ed1ng m\u1ea1ch nha, hai lo\u1ea1i \u0111\u01b0\u1eddng, l\u00ean men trong th\u00f9ng \u1ee7 Teeling whiskey b\u1eb1ng g\u1ed7 s\u1ed3i; m\u1ed9t d\u00f2ng bia to\u00e0n v\u1eb9n. Th\u01a1m n\u1ed3ng v\u00e0 s\u00e1nh \u0111\u1eadm. Th\u1eddi gian \u1ee7 th\u00f9ng g\u1ed7 c\u00e0ng l\u00e0m h\u01b0\u01a1ng v\u1ecb th\u00eam d\u00e0y d\u1eb7n v\u1edbi vanilla v\u00e0 thoang tho\u1ea3ng ch\u00fat Teeling Irish whiskey c\u00f2n \u0111\u1ecdng l\u1ea1i trong g\u1ed7 s\u1ed3i. M\u1ed9t d\u00f2ng bia \u0111\u1ec3 nh\u1ea5m nh\u00e1p v\u00e0 th\u01b0\u1edfng th\u1ee9c t\u1eeb t\u1eeb.<\/p>\n<p>\u2014\u2013<br \/>\nXem th\u01b0 vi\u1ec7n h\u00ecnh \u1ea3nh \u0111\u1ec3 bi\u1ebft th\u00eam th\u00f4ng tin chi ti\u1ebft v\u1ec1 ngu\u1ed3n g\u1ed1c, th\u00e0nh ph\u1ea7n v\u00e0 h\u01b0\u1edbng d\u1eabn s\u1eed d\u1ee5ng c\u1ee7a s\u1ea3n ph\u1ea9m.<\/p>\n","protected":false},"excerpt":{"rendered":"<p><strong>\u0110\u1eadm \u0111\u00e0, \u0110a d\u1ea1ng, Th\u01a1m n\u1ed3ng 12%<\/strong><\/p>\n","protected":false},"featured_media":16455,"comment_status":"open","ping_status":"closed","template":"","meta":{"_acf_changed":false},"product_brand":[],"product_cat":[395,337,340,425,349,342,351,366,345,377,339,341,352,360,369],"product_tag":[],"class_list":{"0":"post-16421","1":"product","2":"type-product","3":"status-publish","4":"has-post-thumbnail","6":"product_cat-barell-aged","7":"product_cat-bia-va-cider","8":"product_cat-vietnam-hcmc","9":"product_cat-425","10":"product_cat-1-0-2-5","11":"product_cat-chai-330-ml","12":"product_cat-dong-bia","13":"product_cat-nha-san-xuat","14":"product_cat-abv-vi","15":"product_cat-ibu","16":"product_cat-xuat-xu","17":"product_cat-dong-goi","18":"product_cat-gia","19":"product_cat-stout-porter","20":"product_cat-heart-of-darkness","22":"first","23":"outofstock","24":"shipping-taxable","25":"purchasable","26":"product-type-simple","27":"add-to-wishlist-before_image"},"acf":[],"yoast_head":"<!-- This site is optimized with the Yoast SEO plugin v27.2 - https:\/\/yoast.com\/product\/yoast-seo-wordpress\/ -->\n<title>Heart of Darkness The Ghost barrel-aged Stout - The Bottle Shop<\/title>\n<meta name=\"description\" content=\"Heart of Darkness The Ghost barrel-aged Stout. B\u1ed1n d\u00f2ng hoa bia, ba gi\u1ed1ng m\u1ea1ch nha, hai lo\u1ea1i \u0111\u01b0\u1eddng, l\u00ean men trong th\u00f9ng \u1ee7 Teeling whiskey b\u1eb1ng g\u1ed7 s\u1ed3i.\" \/>\n<meta name=\"robots\" content=\"index, follow, max-snippet:-1, max-image-preview:large, max-video-preview:-1\" \/>\n<link rel=\"canonical\" href=\"http:\/\/52.77.24.187\/vi\/san-pham\/hod-the-ghost-barrel-aged-stout-2\/\" \/>\n<meta property=\"og:locale\" content=\"vi_VN\" \/>\n<meta property=\"og:type\" content=\"article\" \/>\n<meta property=\"og:title\" content=\"Heart of Darkness The Ghost barrel-aged Stout - The Bottle Shop\" \/>\n<meta property=\"og:description\" content=\"Heart of Darkness The Ghost barrel-aged Stout. B\u1ed1n d\u00f2ng hoa bia, ba gi\u1ed1ng m\u1ea1ch nha, hai lo\u1ea1i \u0111\u01b0\u1eddng, l\u00ean men trong th\u00f9ng \u1ee7 Teeling whiskey b\u1eb1ng g\u1ed7 s\u1ed3i.\" \/>\n<meta property=\"og:url\" content=\"http:\/\/52.77.24.187\/vi\/san-pham\/hod-the-ghost-barrel-aged-stout-2\/\" \/>\n<meta property=\"og:site_name\" content=\"The Bottle Shop\" \/>\n<meta property=\"article:publisher\" content=\"https:\/\/www.facebook.com\/thebottleshopvietnam\" \/>\n<meta property=\"article:modified_time\" content=\"2025-11-24T05:43:32+00:00\" \/>\n<meta property=\"og:image\" content=\"https:\/\/mlsrfcxkkbzg.i.optimole.com\/cb:JbP2.215d7\/w:auto\/h:auto\/q:mauto\/ig:avif\/http:\/\/52.77.24.187\/wp-content\/uploads\/2022\/11\/HoD_The-Ghost-Stout_bottle.png\" \/>\n\t<meta property=\"og:image:width\" content=\"1080\" \/>\n\t<meta property=\"og:image:height\" content=\"1080\" \/>\n\t<meta property=\"og:image:type\" content=\"image\/png\" \/>\n<meta name=\"twitter:card\" content=\"summary_large_image\" \/>\n<meta name=\"twitter:label1\" content=\"Est. reading time\" \/>\n\t<meta name=\"twitter:data1\" content=\"1 minute\" \/>\n<script type=\"application\/ld+json\" class=\"yoast-schema-graph\">{\"@context\":\"https:\/\/schema.org\",\"@graph\":[{\"@type\":\"WebPage\",\"@id\":\"http:\/\/52.77.24.187\/vi\/san-pham\/hod-the-ghost-barrel-aged-stout-2\/\",\"url\":\"http:\/\/52.77.24.187\/vi\/san-pham\/hod-the-ghost-barrel-aged-stout-2\/\",\"name\":\"Heart of Darkness The Ghost barrel-aged Stout - The Bottle Shop\",\"isPartOf\":{\"@id\":\"http:\/\/52.77.24.187\/#website\"},\"primaryImageOfPage\":{\"@id\":\"http:\/\/52.77.24.187\/vi\/san-pham\/hod-the-ghost-barrel-aged-stout-2\/#primaryimage\"},\"image\":{\"@id\":\"http:\/\/52.77.24.187\/vi\/san-pham\/hod-the-ghost-barrel-aged-stout-2\/#primaryimage\"},\"thumbnailUrl\":\"https:\/\/mlsrfcxkkbzg.i.optimole.com\/cb:JbP2.215d7\/w:auto\/h:auto\/q:mauto\/ig:avif\/https:\/\/thebottleshop.vn\/wp-content\/uploads\/2022\/11\/HoD_The-Ghost-Stout_bottle.png\",\"datePublished\":\"2022-11-15T22:43:34+00:00\",\"dateModified\":\"2025-11-24T05:43:32+00:00\",\"description\":\"Heart of Darkness The Ghost barrel-aged Stout. B\u1ed1n d\u00f2ng hoa bia, ba gi\u1ed1ng m\u1ea1ch nha, hai lo\u1ea1i \u0111\u01b0\u1eddng, l\u00ean men trong th\u00f9ng \u1ee7 Teeling whiskey b\u1eb1ng g\u1ed7 s\u1ed3i.\",\"breadcrumb\":{\"@id\":\"http:\/\/52.77.24.187\/vi\/san-pham\/hod-the-ghost-barrel-aged-stout-2\/#breadcrumb\"},\"inLanguage\":\"vi-VN\",\"potentialAction\":[{\"@type\":\"ReadAction\",\"target\":[\"http:\/\/52.77.24.187\/vi\/san-pham\/hod-the-ghost-barrel-aged-stout-2\/\"]}]},{\"@type\":\"ImageObject\",\"inLanguage\":\"vi-VN\",\"@id\":\"http:\/\/52.77.24.187\/vi\/san-pham\/hod-the-ghost-barrel-aged-stout-2\/#primaryimage\",\"url\":\"https:\/\/mlsrfcxkkbzg.i.optimole.com\/cb:JbP2.215d7\/w:auto\/h:auto\/q:mauto\/ig:avif\/https:\/\/thebottleshop.vn\/wp-content\/uploads\/2022\/11\/HoD_The-Ghost-Stout_bottle.png\",\"contentUrl\":\"https:\/\/mlsrfcxkkbzg.i.optimole.com\/cb:JbP2.215d7\/w:auto\/h:auto\/q:mauto\/ig:avif\/https:\/\/thebottleshop.vn\/wp-content\/uploads\/2022\/11\/HoD_The-Ghost-Stout_bottle.png\",\"width\":1080,\"height\":1080,\"caption\":\"Heart of Darkness The Ghost Barrel-aged Stout\"},{\"@type\":\"BreadcrumbList\",\"@id\":\"http:\/\/52.77.24.187\/vi\/san-pham\/hod-the-ghost-barrel-aged-stout-2\/#breadcrumb\",\"itemListElement\":[{\"@type\":\"ListItem\",\"position\":1,\"name\":\"Home\",\"item\":\"http:\/\/52.77.24.187\/vi\/test-popup-vi\/\"},{\"@type\":\"ListItem\",\"position\":2,\"name\":\"C\u1eeda h\u00e0ng\",\"item\":\"http:\/\/52.77.24.187\/vi\/cua-hang\/\"},{\"@type\":\"ListItem\",\"position\":3,\"name\":\"Heart of Darkness The Ghost barrel-aged Stout\"}]},{\"@type\":\"WebSite\",\"@id\":\"http:\/\/52.77.24.187\/#website\",\"url\":\"http:\/\/52.77.24.187\/\",\"name\":\"The Bottle Shop\",\"description\":\"All beers are not created equal\",\"publisher\":{\"@id\":\"http:\/\/52.77.24.187\/#organization\"},\"potentialAction\":[{\"@type\":\"SearchAction\",\"target\":{\"@type\":\"EntryPoint\",\"urlTemplate\":\"http:\/\/52.77.24.187\/?s={search_term_string}\"},\"query-input\":{\"@type\":\"PropertyValueSpecification\",\"valueRequired\":true,\"valueName\":\"search_term_string\"}}],\"inLanguage\":\"vi-VN\"},{\"@type\":\"Organization\",\"@id\":\"http:\/\/52.77.24.187\/#organization\",\"name\":\"The Bottle Shop\",\"url\":\"http:\/\/52.77.24.187\/\",\"logo\":{\"@type\":\"ImageObject\",\"inLanguage\":\"vi-VN\",\"@id\":\"http:\/\/52.77.24.187\/#\/schema\/logo\/image\/\",\"url\":\"https:\/\/mlsrfcxkkbzg.i.optimole.com\/cb:JbP2.215d7\/w:auto\/h:auto\/q:mauto\/ig:avif\/https:\/\/thebottleshop.vn\/wp-content\/uploads\/2022\/10\/The-Bottle-Shop-Online-Logo.png\",\"contentUrl\":\"https:\/\/mlsrfcxkkbzg.i.optimole.com\/cb:JbP2.215d7\/w:auto\/h:auto\/q:mauto\/ig:avif\/https:\/\/thebottleshop.vn\/wp-content\/uploads\/2022\/10\/The-Bottle-Shop-Online-Logo.png\",\"width\":145,\"height\":147,\"caption\":\"The Bottle Shop\"},\"image\":{\"@id\":\"http:\/\/52.77.24.187\/#\/schema\/logo\/image\/\"},\"sameAs\":[\"https:\/\/www.facebook.com\/thebottleshopvietnam\",\"https:\/\/www.instagram.com\/thebottleshop_vietnam\/\"]}]}<\/script>\n<!-- \/ Yoast SEO plugin. -->","yoast_head_json":{"title":"Heart of Darkness The Ghost barrel-aged Stout - The Bottle Shop","description":"Heart of Darkness The Ghost barrel-aged Stout. B\u1ed1n d\u00f2ng hoa bia, ba gi\u1ed1ng m\u1ea1ch nha, hai lo\u1ea1i \u0111\u01b0\u1eddng, l\u00ean men trong th\u00f9ng \u1ee7 Teeling whiskey b\u1eb1ng g\u1ed7 s\u1ed3i.","robots":{"index":"index","follow":"follow","max-snippet":"max-snippet:-1","max-image-preview":"max-image-preview:large","max-video-preview":"max-video-preview:-1"},"canonical":"http:\/\/52.77.24.187\/vi\/san-pham\/hod-the-ghost-barrel-aged-stout-2\/","og_locale":"vi_VN","og_type":"article","og_title":"Heart of Darkness The Ghost barrel-aged Stout - The Bottle Shop","og_description":"Heart of Darkness The Ghost barrel-aged Stout. B\u1ed1n d\u00f2ng hoa bia, ba gi\u1ed1ng m\u1ea1ch nha, hai lo\u1ea1i \u0111\u01b0\u1eddng, l\u00ean men trong th\u00f9ng \u1ee7 Teeling whiskey b\u1eb1ng g\u1ed7 s\u1ed3i.","og_url":"http:\/\/52.77.24.187\/vi\/san-pham\/hod-the-ghost-barrel-aged-stout-2\/","og_site_name":"The Bottle Shop","article_publisher":"https:\/\/www.facebook.com\/thebottleshopvietnam","article_modified_time":"2025-11-24T05:43:32+00:00","og_image":[{"width":1080,"height":1080,"url":"https:\/\/mlsrfcxkkbzg.i.optimole.com\/cb:JbP2.215d7\/w:auto\/h:auto\/q:mauto\/ig:avif\/http:\/\/52.77.24.187\/wp-content\/uploads\/2022\/11\/HoD_The-Ghost-Stout_bottle.png","type":"image\/png"}],"twitter_card":"summary_large_image","twitter_misc":{"Est. reading time":"1 minute"},"schema":{"@context":"https:\/\/schema.org","@graph":[{"@type":"WebPage","@id":"http:\/\/52.77.24.187\/vi\/san-pham\/hod-the-ghost-barrel-aged-stout-2\/","url":"http:\/\/52.77.24.187\/vi\/san-pham\/hod-the-ghost-barrel-aged-stout-2\/","name":"Heart of Darkness The Ghost barrel-aged Stout - The Bottle Shop","isPartOf":{"@id":"http:\/\/52.77.24.187\/#website"},"primaryImageOfPage":{"@id":"http:\/\/52.77.24.187\/vi\/san-pham\/hod-the-ghost-barrel-aged-stout-2\/#primaryimage"},"image":{"@id":"http:\/\/52.77.24.187\/vi\/san-pham\/hod-the-ghost-barrel-aged-stout-2\/#primaryimage"},"thumbnailUrl":"https:\/\/mlsrfcxkkbzg.i.optimole.com\/cb:JbP2.215d7\/w:auto\/h:auto\/q:mauto\/ig:avif\/https:\/\/thebottleshop.vn\/wp-content\/uploads\/2022\/11\/HoD_The-Ghost-Stout_bottle.png","datePublished":"2022-11-15T22:43:34+00:00","dateModified":"2025-11-24T05:43:32+00:00","description":"Heart of Darkness The Ghost barrel-aged Stout. B\u1ed1n d\u00f2ng hoa bia, ba gi\u1ed1ng m\u1ea1ch nha, hai lo\u1ea1i \u0111\u01b0\u1eddng, l\u00ean men trong th\u00f9ng \u1ee7 Teeling whiskey b\u1eb1ng g\u1ed7 s\u1ed3i.","breadcrumb":{"@id":"http:\/\/52.77.24.187\/vi\/san-pham\/hod-the-ghost-barrel-aged-stout-2\/#breadcrumb"},"inLanguage":"vi-VN","potentialAction":[{"@type":"ReadAction","target":["http:\/\/52.77.24.187\/vi\/san-pham\/hod-the-ghost-barrel-aged-stout-2\/"]}]},{"@type":"ImageObject","inLanguage":"vi-VN","@id":"http:\/\/52.77.24.187\/vi\/san-pham\/hod-the-ghost-barrel-aged-stout-2\/#primaryimage","url":"https:\/\/mlsrfcxkkbzg.i.optimole.com\/cb:JbP2.215d7\/w:auto\/h:auto\/q:mauto\/ig:avif\/https:\/\/thebottleshop.vn\/wp-content\/uploads\/2022\/11\/HoD_The-Ghost-Stout_bottle.png","contentUrl":"https:\/\/mlsrfcxkkbzg.i.optimole.com\/cb:JbP2.215d7\/w:auto\/h:auto\/q:mauto\/ig:avif\/https:\/\/thebottleshop.vn\/wp-content\/uploads\/2022\/11\/HoD_The-Ghost-Stout_bottle.png","width":1080,"height":1080,"caption":"Heart of Darkness The Ghost Barrel-aged Stout"},{"@type":"BreadcrumbList","@id":"http:\/\/52.77.24.187\/vi\/san-pham\/hod-the-ghost-barrel-aged-stout-2\/#breadcrumb","itemListElement":[{"@type":"ListItem","position":1,"name":"Home","item":"http:\/\/52.77.24.187\/vi\/test-popup-vi\/"},{"@type":"ListItem","position":2,"name":"C\u1eeda h\u00e0ng","item":"http:\/\/52.77.24.187\/vi\/cua-hang\/"},{"@type":"ListItem","position":3,"name":"Heart of Darkness The Ghost barrel-aged Stout"}]},{"@type":"WebSite","@id":"http:\/\/52.77.24.187\/#website","url":"http:\/\/52.77.24.187\/","name":"The Bottle Shop","description":"All beers are not created equal","publisher":{"@id":"http:\/\/52.77.24.187\/#organization"},"potentialAction":[{"@type":"SearchAction","target":{"@type":"EntryPoint","urlTemplate":"http:\/\/52.77.24.187\/?s={search_term_string}"},"query-input":{"@type":"PropertyValueSpecification","valueRequired":true,"valueName":"search_term_string"}}],"inLanguage":"vi-VN"},{"@type":"Organization","@id":"http:\/\/52.77.24.187\/#organization","name":"The Bottle Shop","url":"http:\/\/52.77.24.187\/","logo":{"@type":"ImageObject","inLanguage":"vi-VN","@id":"http:\/\/52.77.24.187\/#\/schema\/logo\/image\/","url":"https:\/\/mlsrfcxkkbzg.i.optimole.com\/cb:JbP2.215d7\/w:auto\/h:auto\/q:mauto\/ig:avif\/https:\/\/thebottleshop.vn\/wp-content\/uploads\/2022\/10\/The-Bottle-Shop-Online-Logo.png","contentUrl":"https:\/\/mlsrfcxkkbzg.i.optimole.com\/cb:JbP2.215d7\/w:auto\/h:auto\/q:mauto\/ig:avif\/https:\/\/thebottleshop.vn\/wp-content\/uploads\/2022\/10\/The-Bottle-Shop-Online-Logo.png","width":145,"height":147,"caption":"The Bottle Shop"},"image":{"@id":"http:\/\/52.77.24.187\/#\/schema\/logo\/image\/"},"sameAs":["https:\/\/www.facebook.com\/thebottleshopvietnam","https:\/\/www.instagram.com\/thebottleshop_vietnam\/"]}]}},"_links":{"self":[{"href":"https:\/\/thebottleshop.vn\/vi\/wp-json\/wp\/v2\/product\/16421","targetHints":{"allow":["GET"]}}],"collection":[{"href":"https:\/\/thebottleshop.vn\/vi\/wp-json\/wp\/v2\/product"}],"about":[{"href":"https:\/\/thebottleshop.vn\/vi\/wp-json\/wp\/v2\/types\/product"}],"replies":[{"embeddable":true,"href":"https:\/\/thebottleshop.vn\/vi\/wp-json\/wp\/v2\/comments?post=16421"}],"wp:featuredmedia":[{"embeddable":true,"href":"https:\/\/thebottleshop.vn\/vi\/wp-json\/wp\/v2\/media\/16455"}],"wp:attachment":[{"href":"https:\/\/thebottleshop.vn\/vi\/wp-json\/wp\/v2\/media?parent=16421"}],"wp:term":[{"taxonomy":"product_brand","embeddable":true,"href":"https:\/\/thebottleshop.vn\/vi\/wp-json\/wp\/v2\/product_brand?post=16421"},{"taxonomy":"product_cat","embeddable":true,"href":"https:\/\/thebottleshop.vn\/vi\/wp-json\/wp\/v2\/product_cat?post=16421"},{"taxonomy":"product_tag","embeddable":true,"href":"https:\/\/thebottleshop.vn\/vi\/wp-json\/wp\/v2\/product_tag?post=16421"}],"curies":[{"name":"wp","href":"https:\/\/api.w.org\/{rel}","templated":true}]}}