{"id":16552,"date":"2022-12-18T20:27:03","date_gmt":"2022-12-18T13:28:59","guid":{"rendered":"https:\/\/thebottleshop.vn\/product\/overmorrow-quan-tam-leap-dipa\/"},"modified":"2024-01-30T22:33:01","modified_gmt":"2024-01-30T15:33:01","slug":"overmorrow-quan-tam-leap-dipa","status":"publish","type":"product","link":"https:\/\/thebottleshop.vn\/vi\/san-pham\/overmorrow-quan-tam-leap-dipa\/","title":{"rendered":"Overmorrow Quan T\u00e2m Leap DIPA"},"content":{"rendered":"<p>Overmorrow Quan T\u00e2m Leap DIPA l\u00e0 m\u1ed9t phi\u00ean b\u1ea3n Double IPA \u201cTri n\u201d si\u00eau \u0111\u1eb7c bi\u1ec7t.<\/p>\n<p>\u0110\u01b0\u1ee3c n\u1ea5u v\u00e0o d\u1ecbp T\u1ebft \u0111\u1ea7u ti\u00ean c\u1ee7a Overmorrow, nay phi\u00ean b\u1ea3n Double IPA \u201cTri n\u201d n\u00e0y \u0111\u00e3 quay tr\u1edf l\u1ea1i v\u1edbi c\u00f4ng ch\u00fang h\u00e0ng n\u0103m. Quan Tam Leap DIPA th\u1eadt s\u1ef1 l\u00e0 m\u1ed9t Double IPA ngon kh\u00f3 c\u01b0\u1ee1ng, \u0111\u01b0\u1ee3m v\u1ecb hoa bia c\u00f9ng nh\u1eefng lo\u1ea1i m\u1ea1ch nha ngon nh\u1ea5t. V\u1ecb \u0111\u1eafng d\u1ecbu \u00eam, v\u00e0 m\u1ed9t h\u1eadu v\u1ecb cay n\u1ed3ng.<\/p>\n<p>B\u1ea3n ph\u00e1t h\u00e0nh c\u1ef1c k\u1ef3 gi\u1edbi h\u1ea1n n\u00e0y l\u00e0 m\u1ed9t l\u1eddi c\u1ea3m \u01a1n c\u00f3 phong c\u00e1ch r\u1ea5t \u201cOvermorrow\u201d \u0111\u1ebfn t\u1ea5t c\u1ea3 nh\u1eefng ng\u01b0\u1eddi \u0111\u00e3 \u1ee7ng h\u1ed9 v\u00e0 d\u00f5i theo ch\u00fang t\u00f4i t\u1eeb nh\u1eefng ng\u00e0y \u0111\u1ea7u. M\u1ed9t s\u1ef1 k\u1ebft h\u1ee3p \u0111\u1ed9c \u0111\u00e1o gi\u1eefa Mosaic, m\u1ed9t lo\u1ea1i hoa bia \u0111\u01b0\u1ee3c nhi\u1ec1u ng\u01b0\u1eddi y\u00eau th\u00edch, v\u00e0 Mandarina Bavaria, m\u1ed9t lo\u1ea1i hoa bia c\u00f3 h\u01b0\u01a1ng cam, Quan T\u00e2m Leap DIPA l\u00e0 m\u1ed9t m\u00f3n qu\u00e0 tri \u00e2n \u0111\u1ebfn nh\u1eefng ng\u01b0\u1eddi h\u00e2m m\u1ed9 Overmorrow, v\u00e0 c\u0169ng l\u00e0 m\u1ed9t l\u1eddi h\u1ee9a cho nh\u1eefng cu\u1ed9c phi\u00eau l\u01b0u trong t\u01b0\u01a1ng lai.<\/p>\n<p>\u2014\u2013<br \/>\nXem th\u01b0 vi\u1ec7n h\u00ecnh \u1ea3nh \u0111\u1ec3 bi\u1ebft th\u00eam th\u00f4ng tin chi ti\u1ebft v\u1ec1 ngu\u1ed3n g\u1ed1c, th\u00e0nh ph\u1ea7n v\u00e0 h\u01b0\u1edbng d\u1eabn s\u1eed d\u1ee5ng c\u1ee7a s\u1ea3n ph\u1ea9m.<\/p>\n","protected":false},"excerpt":{"rendered":"<p><strong>\u00cam \u00e1i, \u0110\u1eadm v\u1ecb, \u1ea4n t\u01b0\u1ee3ng 9.2%<\/strong><\/p>\n","protected":false},"featured_media":19085,"comment_status":"open","ping_status":"closed","template":"","meta":{"_acf_changed":false},"product_brand":[],"product_cat":[390,337,381,423,350,342,351,366,345,377,339,341,352,359,471],"product_tag":[],"class_list":{"0":"post-16552","1":"product","2":"type-product","3":"status-publish","4":"has-post-thumbnail","6":"product_cat-vietnam-hanoi","7":"product_cat-bia-va-cider","8":"product_cat-60-79","9":"product_cat-100k-149k","10":"product_cat-8-9-9","11":"product_cat-chai-330-ml","12":"product_cat-dong-bia","13":"product_cat-nha-san-xuat","14":"product_cat-abv-vi","15":"product_cat-ibu","16":"product_cat-xuat-xu","17":"product_cat-dong-goi","18":"product_cat-gia","19":"product_cat-ipa","20":"product_cat-overmorrow-brewing-co","22":"first","23":"outofstock","24":"shipping-taxable","25":"purchasable","26":"product-type-simple","27":"add-to-wishlist-before_image"},"acf":[],"yoast_head":"<!-- This site is optimized with the Yoast SEO plugin v27.2 - https:\/\/yoast.com\/product\/yoast-seo-wordpress\/ -->\n<title>Overmorrow Quan T\u00e2m Leap DIPA - The Bottle Shop<\/title>\n<meta name=\"description\" content=\"Quan Tam Leap DIPA th\u1eadt s\u1ef1 l\u00e0 m\u1ed9t Double IPA ngon kh\u00f3 c\u01b0\u1ee1ng, \u0111\u01b0\u1ee3m v\u1ecb hoa bia c\u00f9ng nh\u1eefng lo\u1ea1i m\u1ea1ch nha ngon nh\u1ea5t. \u00cam \u00e1i, \u0110\u1eadm v\u1ecb, \u1ea4n t\u01b0\u1ee3ng 9.2%\" \/>\n<meta name=\"robots\" content=\"index, follow, max-snippet:-1, max-image-preview:large, max-video-preview:-1\" \/>\n<link rel=\"canonical\" href=\"http:\/\/52.77.24.187\/vi\/san-pham\/overmorrow-quan-tam-leap-dipa\/\" \/>\n<meta property=\"og:locale\" content=\"vi_VN\" \/>\n<meta property=\"og:type\" content=\"article\" \/>\n<meta property=\"og:title\" content=\"Overmorrow Quan T\u00e2m Leap DIPA - The Bottle Shop\" \/>\n<meta property=\"og:description\" content=\"Quan Tam Leap DIPA th\u1eadt s\u1ef1 l\u00e0 m\u1ed9t Double IPA ngon kh\u00f3 c\u01b0\u1ee1ng, \u0111\u01b0\u1ee3m v\u1ecb hoa bia c\u00f9ng nh\u1eefng lo\u1ea1i m\u1ea1ch nha ngon nh\u1ea5t. \u00cam \u00e1i, \u0110\u1eadm v\u1ecb, \u1ea4n t\u01b0\u1ee3ng 9.2%\" \/>\n<meta property=\"og:url\" content=\"http:\/\/52.77.24.187\/vi\/san-pham\/overmorrow-quan-tam-leap-dipa\/\" \/>\n<meta property=\"og:site_name\" content=\"The Bottle Shop\" \/>\n<meta property=\"article:publisher\" content=\"https:\/\/www.facebook.com\/thebottleshopvietnam\" \/>\n<meta property=\"article:modified_time\" content=\"2024-01-30T15:33:01+00:00\" \/>\n<meta property=\"og:image\" content=\"https:\/\/mlsrfcxkkbzg.i.optimole.com\/cb:JbP2.215d7\/w:auto\/h:auto\/q:mauto\/ig:avif\/http:\/\/52.77.24.187\/wp-content\/uploads\/2024\/01\/Overmorrow-Quan-Tam-Leap-DIPA.png\" \/>\n\t<meta property=\"og:image:width\" content=\"1080\" \/>\n\t<meta property=\"og:image:height\" content=\"1080\" \/>\n\t<meta property=\"og:image:type\" content=\"image\/png\" \/>\n<meta name=\"twitter:card\" content=\"summary_large_image\" \/>\n<meta name=\"twitter:label1\" content=\"Est. reading time\" \/>\n\t<meta name=\"twitter:data1\" content=\"2 minutes\" \/>\n<script type=\"application\/ld+json\" class=\"yoast-schema-graph\">{\"@context\":\"https:\/\/schema.org\",\"@graph\":[{\"@type\":\"WebPage\",\"@id\":\"http:\/\/52.77.24.187\/vi\/san-pham\/overmorrow-quan-tam-leap-dipa\/\",\"url\":\"http:\/\/52.77.24.187\/vi\/san-pham\/overmorrow-quan-tam-leap-dipa\/\",\"name\":\"Overmorrow Quan T\u00e2m Leap DIPA - The Bottle Shop\",\"isPartOf\":{\"@id\":\"http:\/\/52.77.24.187\/#website\"},\"primaryImageOfPage\":{\"@id\":\"http:\/\/52.77.24.187\/vi\/san-pham\/overmorrow-quan-tam-leap-dipa\/#primaryimage\"},\"image\":{\"@id\":\"http:\/\/52.77.24.187\/vi\/san-pham\/overmorrow-quan-tam-leap-dipa\/#primaryimage\"},\"thumbnailUrl\":\"https:\/\/mlsrfcxkkbzg.i.optimole.com\/cb:JbP2.215d7\/w:auto\/h:auto\/q:mauto\/ig:avif\/https:\/\/thebottleshop.vn\/wp-content\/uploads\/2024\/01\/Overmorrow-Quan-Tam-Leap-DIPA.png\",\"datePublished\":\"2022-12-18T13:28:59+00:00\",\"dateModified\":\"2024-01-30T15:33:01+00:00\",\"description\":\"Quan Tam Leap DIPA th\u1eadt s\u1ef1 l\u00e0 m\u1ed9t Double IPA ngon kh\u00f3 c\u01b0\u1ee1ng, \u0111\u01b0\u1ee3m v\u1ecb hoa bia c\u00f9ng nh\u1eefng lo\u1ea1i m\u1ea1ch nha ngon nh\u1ea5t. \u00cam \u00e1i, \u0110\u1eadm v\u1ecb, \u1ea4n t\u01b0\u1ee3ng 9.2%\",\"breadcrumb\":{\"@id\":\"http:\/\/52.77.24.187\/vi\/san-pham\/overmorrow-quan-tam-leap-dipa\/#breadcrumb\"},\"inLanguage\":\"vi-VN\",\"potentialAction\":[{\"@type\":\"ReadAction\",\"target\":[\"http:\/\/52.77.24.187\/vi\/san-pham\/overmorrow-quan-tam-leap-dipa\/\"]}]},{\"@type\":\"ImageObject\",\"inLanguage\":\"vi-VN\",\"@id\":\"http:\/\/52.77.24.187\/vi\/san-pham\/overmorrow-quan-tam-leap-dipa\/#primaryimage\",\"url\":\"https:\/\/mlsrfcxkkbzg.i.optimole.com\/cb:JbP2.215d7\/w:auto\/h:auto\/q:mauto\/ig:avif\/https:\/\/thebottleshop.vn\/wp-content\/uploads\/2024\/01\/Overmorrow-Quan-Tam-Leap-DIPA.png\",\"contentUrl\":\"https:\/\/mlsrfcxkkbzg.i.optimole.com\/cb:JbP2.215d7\/w:auto\/h:auto\/q:mauto\/ig:avif\/https:\/\/thebottleshop.vn\/wp-content\/uploads\/2024\/01\/Overmorrow-Quan-Tam-Leap-DIPA.png\",\"width\":1080,\"height\":1080,\"caption\":\"Overmorrow Quan T\u00e2m Leap DIPA\"},{\"@type\":\"BreadcrumbList\",\"@id\":\"http:\/\/52.77.24.187\/vi\/san-pham\/overmorrow-quan-tam-leap-dipa\/#breadcrumb\",\"itemListElement\":[{\"@type\":\"ListItem\",\"position\":1,\"name\":\"Home\",\"item\":\"http:\/\/52.77.24.187\/vi\/test-popup-vi\/\"},{\"@type\":\"ListItem\",\"position\":2,\"name\":\"C\u1eeda h\u00e0ng\",\"item\":\"http:\/\/52.77.24.187\/vi\/cua-hang\/\"},{\"@type\":\"ListItem\",\"position\":3,\"name\":\"Overmorrow Quan T\u00e2m Leap DIPA\"}]},{\"@type\":\"WebSite\",\"@id\":\"http:\/\/52.77.24.187\/#website\",\"url\":\"http:\/\/52.77.24.187\/\",\"name\":\"The Bottle Shop\",\"description\":\"All beers are not created equal\",\"publisher\":{\"@id\":\"http:\/\/52.77.24.187\/#organization\"},\"potentialAction\":[{\"@type\":\"SearchAction\",\"target\":{\"@type\":\"EntryPoint\",\"urlTemplate\":\"http:\/\/52.77.24.187\/?s={search_term_string}\"},\"query-input\":{\"@type\":\"PropertyValueSpecification\",\"valueRequired\":true,\"valueName\":\"search_term_string\"}}],\"inLanguage\":\"vi-VN\"},{\"@type\":\"Organization\",\"@id\":\"http:\/\/52.77.24.187\/#organization\",\"name\":\"The Bottle Shop\",\"url\":\"http:\/\/52.77.24.187\/\",\"logo\":{\"@type\":\"ImageObject\",\"inLanguage\":\"vi-VN\",\"@id\":\"http:\/\/52.77.24.187\/#\/schema\/logo\/image\/\",\"url\":\"https:\/\/mlsrfcxkkbzg.i.optimole.com\/cb:JbP2.215d7\/w:auto\/h:auto\/q:mauto\/ig:avif\/https:\/\/thebottleshop.vn\/wp-content\/uploads\/2022\/10\/The-Bottle-Shop-Online-Logo.png\",\"contentUrl\":\"https:\/\/mlsrfcxkkbzg.i.optimole.com\/cb:JbP2.215d7\/w:auto\/h:auto\/q:mauto\/ig:avif\/https:\/\/thebottleshop.vn\/wp-content\/uploads\/2022\/10\/The-Bottle-Shop-Online-Logo.png\",\"width\":145,\"height\":147,\"caption\":\"The Bottle Shop\"},\"image\":{\"@id\":\"http:\/\/52.77.24.187\/#\/schema\/logo\/image\/\"},\"sameAs\":[\"https:\/\/www.facebook.com\/thebottleshopvietnam\",\"https:\/\/www.instagram.com\/thebottleshop_vietnam\/\"]}]}<\/script>\n<!-- \/ Yoast SEO plugin. -->","yoast_head_json":{"title":"Overmorrow Quan T\u00e2m Leap DIPA - The Bottle Shop","description":"Quan Tam Leap DIPA th\u1eadt s\u1ef1 l\u00e0 m\u1ed9t Double IPA ngon kh\u00f3 c\u01b0\u1ee1ng, \u0111\u01b0\u1ee3m v\u1ecb hoa bia c\u00f9ng nh\u1eefng lo\u1ea1i m\u1ea1ch nha ngon nh\u1ea5t. \u00cam \u00e1i, \u0110\u1eadm v\u1ecb, \u1ea4n t\u01b0\u1ee3ng 9.2%","robots":{"index":"index","follow":"follow","max-snippet":"max-snippet:-1","max-image-preview":"max-image-preview:large","max-video-preview":"max-video-preview:-1"},"canonical":"http:\/\/52.77.24.187\/vi\/san-pham\/overmorrow-quan-tam-leap-dipa\/","og_locale":"vi_VN","og_type":"article","og_title":"Overmorrow Quan T\u00e2m Leap DIPA - The Bottle Shop","og_description":"Quan Tam Leap DIPA th\u1eadt s\u1ef1 l\u00e0 m\u1ed9t Double IPA ngon kh\u00f3 c\u01b0\u1ee1ng, \u0111\u01b0\u1ee3m v\u1ecb hoa bia c\u00f9ng nh\u1eefng lo\u1ea1i m\u1ea1ch nha ngon nh\u1ea5t. \u00cam \u00e1i, \u0110\u1eadm v\u1ecb, \u1ea4n t\u01b0\u1ee3ng 9.2%","og_url":"http:\/\/52.77.24.187\/vi\/san-pham\/overmorrow-quan-tam-leap-dipa\/","og_site_name":"The Bottle Shop","article_publisher":"https:\/\/www.facebook.com\/thebottleshopvietnam","article_modified_time":"2024-01-30T15:33:01+00:00","og_image":[{"width":1080,"height":1080,"url":"https:\/\/mlsrfcxkkbzg.i.optimole.com\/cb:JbP2.215d7\/w:auto\/h:auto\/q:mauto\/ig:avif\/http:\/\/52.77.24.187\/wp-content\/uploads\/2024\/01\/Overmorrow-Quan-Tam-Leap-DIPA.png","type":"image\/png"}],"twitter_card":"summary_large_image","twitter_misc":{"Est. reading time":"2 minutes"},"schema":{"@context":"https:\/\/schema.org","@graph":[{"@type":"WebPage","@id":"http:\/\/52.77.24.187\/vi\/san-pham\/overmorrow-quan-tam-leap-dipa\/","url":"http:\/\/52.77.24.187\/vi\/san-pham\/overmorrow-quan-tam-leap-dipa\/","name":"Overmorrow Quan T\u00e2m Leap DIPA - The Bottle Shop","isPartOf":{"@id":"http:\/\/52.77.24.187\/#website"},"primaryImageOfPage":{"@id":"http:\/\/52.77.24.187\/vi\/san-pham\/overmorrow-quan-tam-leap-dipa\/#primaryimage"},"image":{"@id":"http:\/\/52.77.24.187\/vi\/san-pham\/overmorrow-quan-tam-leap-dipa\/#primaryimage"},"thumbnailUrl":"https:\/\/mlsrfcxkkbzg.i.optimole.com\/cb:JbP2.215d7\/w:auto\/h:auto\/q:mauto\/ig:avif\/https:\/\/thebottleshop.vn\/wp-content\/uploads\/2024\/01\/Overmorrow-Quan-Tam-Leap-DIPA.png","datePublished":"2022-12-18T13:28:59+00:00","dateModified":"2024-01-30T15:33:01+00:00","description":"Quan Tam Leap DIPA th\u1eadt s\u1ef1 l\u00e0 m\u1ed9t Double IPA ngon kh\u00f3 c\u01b0\u1ee1ng, \u0111\u01b0\u1ee3m v\u1ecb hoa bia c\u00f9ng nh\u1eefng lo\u1ea1i m\u1ea1ch nha ngon nh\u1ea5t. \u00cam \u00e1i, \u0110\u1eadm v\u1ecb, \u1ea4n t\u01b0\u1ee3ng 9.2%","breadcrumb":{"@id":"http:\/\/52.77.24.187\/vi\/san-pham\/overmorrow-quan-tam-leap-dipa\/#breadcrumb"},"inLanguage":"vi-VN","potentialAction":[{"@type":"ReadAction","target":["http:\/\/52.77.24.187\/vi\/san-pham\/overmorrow-quan-tam-leap-dipa\/"]}]},{"@type":"ImageObject","inLanguage":"vi-VN","@id":"http:\/\/52.77.24.187\/vi\/san-pham\/overmorrow-quan-tam-leap-dipa\/#primaryimage","url":"https:\/\/mlsrfcxkkbzg.i.optimole.com\/cb:JbP2.215d7\/w:auto\/h:auto\/q:mauto\/ig:avif\/https:\/\/thebottleshop.vn\/wp-content\/uploads\/2024\/01\/Overmorrow-Quan-Tam-Leap-DIPA.png","contentUrl":"https:\/\/mlsrfcxkkbzg.i.optimole.com\/cb:JbP2.215d7\/w:auto\/h:auto\/q:mauto\/ig:avif\/https:\/\/thebottleshop.vn\/wp-content\/uploads\/2024\/01\/Overmorrow-Quan-Tam-Leap-DIPA.png","width":1080,"height":1080,"caption":"Overmorrow Quan T\u00e2m Leap DIPA"},{"@type":"BreadcrumbList","@id":"http:\/\/52.77.24.187\/vi\/san-pham\/overmorrow-quan-tam-leap-dipa\/#breadcrumb","itemListElement":[{"@type":"ListItem","position":1,"name":"Home","item":"http:\/\/52.77.24.187\/vi\/test-popup-vi\/"},{"@type":"ListItem","position":2,"name":"C\u1eeda h\u00e0ng","item":"http:\/\/52.77.24.187\/vi\/cua-hang\/"},{"@type":"ListItem","position":3,"name":"Overmorrow Quan T\u00e2m Leap DIPA"}]},{"@type":"WebSite","@id":"http:\/\/52.77.24.187\/#website","url":"http:\/\/52.77.24.187\/","name":"The Bottle Shop","description":"All beers are not created equal","publisher":{"@id":"http:\/\/52.77.24.187\/#organization"},"potentialAction":[{"@type":"SearchAction","target":{"@type":"EntryPoint","urlTemplate":"http:\/\/52.77.24.187\/?s={search_term_string}"},"query-input":{"@type":"PropertyValueSpecification","valueRequired":true,"valueName":"search_term_string"}}],"inLanguage":"vi-VN"},{"@type":"Organization","@id":"http:\/\/52.77.24.187\/#organization","name":"The Bottle Shop","url":"http:\/\/52.77.24.187\/","logo":{"@type":"ImageObject","inLanguage":"vi-VN","@id":"http:\/\/52.77.24.187\/#\/schema\/logo\/image\/","url":"https:\/\/mlsrfcxkkbzg.i.optimole.com\/cb:JbP2.215d7\/w:auto\/h:auto\/q:mauto\/ig:avif\/https:\/\/thebottleshop.vn\/wp-content\/uploads\/2022\/10\/The-Bottle-Shop-Online-Logo.png","contentUrl":"https:\/\/mlsrfcxkkbzg.i.optimole.com\/cb:JbP2.215d7\/w:auto\/h:auto\/q:mauto\/ig:avif\/https:\/\/thebottleshop.vn\/wp-content\/uploads\/2022\/10\/The-Bottle-Shop-Online-Logo.png","width":145,"height":147,"caption":"The Bottle Shop"},"image":{"@id":"http:\/\/52.77.24.187\/#\/schema\/logo\/image\/"},"sameAs":["https:\/\/www.facebook.com\/thebottleshopvietnam","https:\/\/www.instagram.com\/thebottleshop_vietnam\/"]}]}},"_links":{"self":[{"href":"https:\/\/thebottleshop.vn\/vi\/wp-json\/wp\/v2\/product\/16552","targetHints":{"allow":["GET"]}}],"collection":[{"href":"https:\/\/thebottleshop.vn\/vi\/wp-json\/wp\/v2\/product"}],"about":[{"href":"https:\/\/thebottleshop.vn\/vi\/wp-json\/wp\/v2\/types\/product"}],"replies":[{"embeddable":true,"href":"https:\/\/thebottleshop.vn\/vi\/wp-json\/wp\/v2\/comments?post=16552"}],"wp:featuredmedia":[{"embeddable":true,"href":"https:\/\/thebottleshop.vn\/vi\/wp-json\/wp\/v2\/media\/19085"}],"wp:attachment":[{"href":"https:\/\/thebottleshop.vn\/vi\/wp-json\/wp\/v2\/media?parent=16552"}],"wp:term":[{"taxonomy":"product_brand","embeddable":true,"href":"https:\/\/thebottleshop.vn\/vi\/wp-json\/wp\/v2\/product_brand?post=16552"},{"taxonomy":"product_cat","embeddable":true,"href":"https:\/\/thebottleshop.vn\/vi\/wp-json\/wp\/v2\/product_cat?post=16552"},{"taxonomy":"product_tag","embeddable":true,"href":"https:\/\/thebottleshop.vn\/vi\/wp-json\/wp\/v2\/product_tag?post=16552"}],"curies":[{"name":"wp","href":"https:\/\/api.w.org\/{rel}","templated":true}]}}