{"id":16583,"date":"2022-12-28T08:57:13","date_gmt":"2022-12-28T02:00:45","guid":{"rendered":"https:\/\/thebottleshop.vn\/product\/love-spice-cay-nhu-quy\/"},"modified":"2022-12-28T09:11:49","modified_gmt":"2022-12-28T02:11:49","slug":"love-spice-ghost-pepper-2","status":"publish","type":"product","link":"https:\/\/thebottleshop.vn\/vi\/san-pham\/love-spice-ghost-pepper-2\/","title":{"rendered":"Love &amp; Spice Cay #2 &#8220;Nh\u01b0 Qu\u1ef7&#8221;"},"content":{"rendered":"<p>C\u00f3 ngu\u1ed3n g\u1ed1c t\u1eeb \u1ea4n \u0110\u1ed9 v\u00e0 \u0111\u01b0\u1ee3c tr\u1ed3ng t\u1ea1i Vi\u1ec7t Nam, ch\u00e0o m\u1eebng gi\u1ed1ng \u1edbt Bhut Jolokia AKA the Ghost Pepper c\u1ee7a Love &amp; Spice. N\u1ebfu b\u1ea1n y\u00eau th\u00edch c\u00e1c lo\u1ea1i \u1edbt si\u00eau cay th\u00ec Ghost Pepper l\u00e0 \u1ee9ng c\u1eed vi\u00ean s\u00e1ng gi\u00e1 v\u1edbi \u0111\u1ed9 cay \u0111\u1ea1t m\u1ee9c 1,100,000 \u0111\u01a1n v\u1ecb nhi\u1ec7t tr\u00ean thang Scoville. T\u01b0\u01a1ng \u1edbt \u0111\u01b0\u1ee3c l\u00ean men t\u1ef1 nhi\u00ean trong 6 th\u00e1ng, \u0111\u1eadm \u0111\u00e0 v\u1edbi v\u1ecb nh\u01b0 c\u00e0 chua h\u00f2a quy\u1ec7n c\u00f9ng m\u1ed9t ch\u00fat x\u00edu hun kh\u00f3i t\u1ea1o n\u00ean h\u01b0\u01a1ng v\u1ecb th\u01a1m ngon \u0111\u1ec3 k\u1ebft h\u1ee3p v\u1edbi nhi\u1ec1u th\u1ef1c ph\u1ea9m \u0111\u1eb7c bi\u1ec7t l\u00e0 c\u00e1c m\u00f3n th\u1ecbt.   <\/p>\n<p>V\u1edbi m\u1ed7i chai t\u01b0\u01a1ng \u1edbt b\u00e1n ra ch\u00fang t\u00f4i s\u1ebd g\u00f3p m\u1ed9t ph\u1ea7n v\u00e0o Qu\u1ef9 Operation Smile Vi\u1ec7t Nam ph\u1eabu thu\u1eadt mi\u1ec5n ph\u00ed cho tr\u1ebb em d\u1ecb t\u1eadt h\u00e0m \u1ebfch.<\/p>\n<p>L\u01afU \u00dd: T\u01b0\u01a1ng \u1edbt n\u00e0y r\u1ea5t cay. C\u1ea9n th\u1eadn trong qu\u00e1 tr\u00ecnh s\u1eed d\u1ee5ng.<br \/>\nL\u1eafc \u0111\u1ec1u tr\u01b0\u1edbc khi d\u00f9ng. B\u1ea3o qu\u1ea3n trong t\u1ee7 l\u1ea1nh sau khi m\u1edf n\u1eafp.<br \/>\nH\u1ea1n s\u1eed d\u1ee5ng \u0111\u1ebfn 10 th\u00e1ng sau khi m\u1edf n\u1eafp.<br \/>\nS\u1ef1 bi\u1ebfn \u0111\u1ed5i m\u00e0u hay l\u1eafng \u1edf \u0111\u00e1y chai c\u00f3 th\u1ec3 x\u1ea3y ra v\u00ec s\u1ea3n ph\u1ea9m kh\u00f4ng c\u00f3 ch\u1ea5t b\u1ea3o qu\u1ea3n v\u00e0 ch\u1ea5t ph\u1ee5 gia. Tuy nhi\u00ean kh\u00f4ng \u1ea3nh h\u01b0\u1edfng \u0111\u1ebfn ch\u1ea5t l\u01b0\u1ee3ng s\u1ea3n ph\u1ea9m.<br \/>\nTh\u00e0nh ph\u1ea7n: 100% \u1edbt Bhut Jolokia AKA the Ghost Pepper, t\u1ecfi, mu\u1ed1i.<\/p>\n<p>\u2014\u2013<br \/>\nXem th\u01b0 vi\u1ec7n h\u00ecnh \u1ea3nh \u0111\u1ec3 bi\u1ebft th\u00eam th\u00f4ng tin chi ti\u1ebft v\u1ec1 ngu\u1ed3n g\u1ed1c, th\u00e0nh ph\u1ea7n v\u00e0 h\u01b0\u1edbng d\u1eabn s\u1eed d\u1ee5ng c\u1ee7a s\u1ea3n ph\u1ea9m.<\/p>\n","protected":false},"excerpt":{"rendered":"<p>100ml<\/p>\n","protected":false},"featured_media":16620,"comment_status":"open","ping_status":"closed","template":"","meta":{"_acf_changed":false},"product_brand":[],"product_cat":[514,340,598,373,384,339,341,352,513],"product_tag":[],"class_list":{"0":"post-16583","1":"product","2":"type-product","3":"status-publish","4":"has-post-thumbnail","6":"product_cat-khong-gluten","7":"product_cat-vietnam-hcmc","8":"product_cat-chai-120ml","9":"product_cat-200k-499k","10":"product_cat-nham-va-nhau","11":"product_cat-xuat-xu","12":"product_cat-dong-goi","13":"product_cat-gia","14":"product_cat-khac","16":"first","17":"outofstock","18":"shipping-taxable","19":"purchasable","20":"product-type-simple","21":"add-to-wishlist-before_image"},"acf":[],"yoast_head":"<!-- This site is optimized with the Yoast SEO plugin v27.2 - https:\/\/yoast.com\/product\/yoast-seo-wordpress\/ -->\n<title>Love &amp; Spice Cay #2 &quot;Nh\u01b0 Qu\u1ef7&quot; - The Bottle Shop<\/title>\n<meta name=\"robots\" content=\"index, follow, max-snippet:-1, max-image-preview:large, max-video-preview:-1\" \/>\n<link rel=\"canonical\" href=\"http:\/\/52.77.24.187\/vi\/san-pham\/love-spice-ghost-pepper-2\/\" \/>\n<meta property=\"og:locale\" content=\"vi_VN\" \/>\n<meta property=\"og:type\" content=\"article\" \/>\n<meta property=\"og:title\" content=\"Love &amp; Spice Cay #2 &quot;Nh\u01b0 Qu\u1ef7&quot; - The Bottle Shop\" \/>\n<meta property=\"og:description\" content=\"100ml\" \/>\n<meta property=\"og:url\" content=\"http:\/\/52.77.24.187\/vi\/san-pham\/love-spice-ghost-pepper-2\/\" \/>\n<meta property=\"og:site_name\" content=\"The Bottle Shop\" \/>\n<meta property=\"article:publisher\" content=\"https:\/\/www.facebook.com\/thebottleshopvietnam\" \/>\n<meta property=\"article:modified_time\" content=\"2022-12-28T02:11:49+00:00\" \/>\n<meta property=\"og:image\" content=\"https:\/\/mlsrfcxkkbzg.i.optimole.com\/cb:JbP2.215d7\/w:auto\/h:auto\/q:mauto\/ig:avif\/http:\/\/52.77.24.187\/wp-content\/uploads\/2022\/12\/Love-Spice_Cay-Nhu-Quy_BOTTLE.png\" \/>\n\t<meta property=\"og:image:width\" content=\"1080\" \/>\n\t<meta property=\"og:image:height\" content=\"1080\" \/>\n\t<meta property=\"og:image:type\" content=\"image\/png\" \/>\n<meta name=\"twitter:card\" content=\"summary_large_image\" \/>\n<meta name=\"twitter:label1\" content=\"Est. reading time\" \/>\n\t<meta name=\"twitter:data1\" content=\"2 minutes\" \/>\n<script type=\"application\/ld+json\" class=\"yoast-schema-graph\">{\"@context\":\"https:\/\/schema.org\",\"@graph\":[{\"@type\":\"WebPage\",\"@id\":\"http:\/\/52.77.24.187\/vi\/san-pham\/love-spice-ghost-pepper-2\/\",\"url\":\"http:\/\/52.77.24.187\/vi\/san-pham\/love-spice-ghost-pepper-2\/\",\"name\":\"Love &amp; Spice Cay #2 \\\"Nh\u01b0 Qu\u1ef7\\\" - The Bottle Shop\",\"isPartOf\":{\"@id\":\"http:\/\/52.77.24.187\/#website\"},\"primaryImageOfPage\":{\"@id\":\"http:\/\/52.77.24.187\/vi\/san-pham\/love-spice-ghost-pepper-2\/#primaryimage\"},\"image\":{\"@id\":\"http:\/\/52.77.24.187\/vi\/san-pham\/love-spice-ghost-pepper-2\/#primaryimage\"},\"thumbnailUrl\":\"https:\/\/mlsrfcxkkbzg.i.optimole.com\/cb:JbP2.215d7\/w:auto\/h:auto\/q:mauto\/ig:avif\/https:\/\/thebottleshop.vn\/wp-content\/uploads\/2022\/12\/Love-Spice_Cay-Nhu-Quy_BOTTLE.png\",\"datePublished\":\"2022-12-28T02:00:45+00:00\",\"dateModified\":\"2022-12-28T02:11:49+00:00\",\"breadcrumb\":{\"@id\":\"http:\/\/52.77.24.187\/vi\/san-pham\/love-spice-ghost-pepper-2\/#breadcrumb\"},\"inLanguage\":\"vi-VN\",\"potentialAction\":[{\"@type\":\"ReadAction\",\"target\":[\"http:\/\/52.77.24.187\/vi\/san-pham\/love-spice-ghost-pepper-2\/\"]}]},{\"@type\":\"ImageObject\",\"inLanguage\":\"vi-VN\",\"@id\":\"http:\/\/52.77.24.187\/vi\/san-pham\/love-spice-ghost-pepper-2\/#primaryimage\",\"url\":\"https:\/\/mlsrfcxkkbzg.i.optimole.com\/cb:JbP2.215d7\/w:auto\/h:auto\/q:mauto\/ig:avif\/https:\/\/thebottleshop.vn\/wp-content\/uploads\/2022\/12\/Love-Spice_Cay-Nhu-Quy_BOTTLE.png\",\"contentUrl\":\"https:\/\/mlsrfcxkkbzg.i.optimole.com\/cb:JbP2.215d7\/w:auto\/h:auto\/q:mauto\/ig:avif\/https:\/\/thebottleshop.vn\/wp-content\/uploads\/2022\/12\/Love-Spice_Cay-Nhu-Quy_BOTTLE.png\",\"width\":1080,\"height\":1080,\"caption\":\"Love & Spice Ghost Peppers\"},{\"@type\":\"BreadcrumbList\",\"@id\":\"http:\/\/52.77.24.187\/vi\/san-pham\/love-spice-ghost-pepper-2\/#breadcrumb\",\"itemListElement\":[{\"@type\":\"ListItem\",\"position\":1,\"name\":\"Home\",\"item\":\"http:\/\/52.77.24.187\/vi\/test-popup-vi\/\"},{\"@type\":\"ListItem\",\"position\":2,\"name\":\"C\u1eeda h\u00e0ng\",\"item\":\"http:\/\/52.77.24.187\/vi\/cua-hang\/\"},{\"@type\":\"ListItem\",\"position\":3,\"name\":\"Love &amp; Spice Cay #2 &#8220;Nh\u01b0 Qu\u1ef7&#8221;\"}]},{\"@type\":\"WebSite\",\"@id\":\"http:\/\/52.77.24.187\/#website\",\"url\":\"http:\/\/52.77.24.187\/\",\"name\":\"The Bottle Shop\",\"description\":\"All beers are not created equal\",\"publisher\":{\"@id\":\"http:\/\/52.77.24.187\/#organization\"},\"potentialAction\":[{\"@type\":\"SearchAction\",\"target\":{\"@type\":\"EntryPoint\",\"urlTemplate\":\"http:\/\/52.77.24.187\/?s={search_term_string}\"},\"query-input\":{\"@type\":\"PropertyValueSpecification\",\"valueRequired\":true,\"valueName\":\"search_term_string\"}}],\"inLanguage\":\"vi-VN\"},{\"@type\":\"Organization\",\"@id\":\"http:\/\/52.77.24.187\/#organization\",\"name\":\"The Bottle Shop\",\"url\":\"http:\/\/52.77.24.187\/\",\"logo\":{\"@type\":\"ImageObject\",\"inLanguage\":\"vi-VN\",\"@id\":\"http:\/\/52.77.24.187\/#\/schema\/logo\/image\/\",\"url\":\"https:\/\/mlsrfcxkkbzg.i.optimole.com\/cb:JbP2.215d7\/w:auto\/h:auto\/q:mauto\/ig:avif\/https:\/\/thebottleshop.vn\/wp-content\/uploads\/2022\/10\/The-Bottle-Shop-Online-Logo.png\",\"contentUrl\":\"https:\/\/mlsrfcxkkbzg.i.optimole.com\/cb:JbP2.215d7\/w:auto\/h:auto\/q:mauto\/ig:avif\/https:\/\/thebottleshop.vn\/wp-content\/uploads\/2022\/10\/The-Bottle-Shop-Online-Logo.png\",\"width\":145,\"height\":147,\"caption\":\"The Bottle Shop\"},\"image\":{\"@id\":\"http:\/\/52.77.24.187\/#\/schema\/logo\/image\/\"},\"sameAs\":[\"https:\/\/www.facebook.com\/thebottleshopvietnam\",\"https:\/\/www.instagram.com\/thebottleshop_vietnam\/\"]}]}<\/script>\n<!-- \/ Yoast SEO plugin. -->","yoast_head_json":{"title":"Love &amp; Spice Cay #2 \"Nh\u01b0 Qu\u1ef7\" - The Bottle Shop","robots":{"index":"index","follow":"follow","max-snippet":"max-snippet:-1","max-image-preview":"max-image-preview:large","max-video-preview":"max-video-preview:-1"},"canonical":"http:\/\/52.77.24.187\/vi\/san-pham\/love-spice-ghost-pepper-2\/","og_locale":"vi_VN","og_type":"article","og_title":"Love &amp; Spice Cay #2 \"Nh\u01b0 Qu\u1ef7\" - The Bottle Shop","og_description":"100ml","og_url":"http:\/\/52.77.24.187\/vi\/san-pham\/love-spice-ghost-pepper-2\/","og_site_name":"The Bottle Shop","article_publisher":"https:\/\/www.facebook.com\/thebottleshopvietnam","article_modified_time":"2022-12-28T02:11:49+00:00","og_image":[{"width":1080,"height":1080,"url":"https:\/\/mlsrfcxkkbzg.i.optimole.com\/cb:JbP2.215d7\/w:auto\/h:auto\/q:mauto\/ig:avif\/http:\/\/52.77.24.187\/wp-content\/uploads\/2022\/12\/Love-Spice_Cay-Nhu-Quy_BOTTLE.png","type":"image\/png"}],"twitter_card":"summary_large_image","twitter_misc":{"Est. reading time":"2 minutes"},"schema":{"@context":"https:\/\/schema.org","@graph":[{"@type":"WebPage","@id":"http:\/\/52.77.24.187\/vi\/san-pham\/love-spice-ghost-pepper-2\/","url":"http:\/\/52.77.24.187\/vi\/san-pham\/love-spice-ghost-pepper-2\/","name":"Love &amp; Spice Cay #2 \"Nh\u01b0 Qu\u1ef7\" - The Bottle Shop","isPartOf":{"@id":"http:\/\/52.77.24.187\/#website"},"primaryImageOfPage":{"@id":"http:\/\/52.77.24.187\/vi\/san-pham\/love-spice-ghost-pepper-2\/#primaryimage"},"image":{"@id":"http:\/\/52.77.24.187\/vi\/san-pham\/love-spice-ghost-pepper-2\/#primaryimage"},"thumbnailUrl":"https:\/\/mlsrfcxkkbzg.i.optimole.com\/cb:JbP2.215d7\/w:auto\/h:auto\/q:mauto\/ig:avif\/https:\/\/thebottleshop.vn\/wp-content\/uploads\/2022\/12\/Love-Spice_Cay-Nhu-Quy_BOTTLE.png","datePublished":"2022-12-28T02:00:45+00:00","dateModified":"2022-12-28T02:11:49+00:00","breadcrumb":{"@id":"http:\/\/52.77.24.187\/vi\/san-pham\/love-spice-ghost-pepper-2\/#breadcrumb"},"inLanguage":"vi-VN","potentialAction":[{"@type":"ReadAction","target":["http:\/\/52.77.24.187\/vi\/san-pham\/love-spice-ghost-pepper-2\/"]}]},{"@type":"ImageObject","inLanguage":"vi-VN","@id":"http:\/\/52.77.24.187\/vi\/san-pham\/love-spice-ghost-pepper-2\/#primaryimage","url":"https:\/\/mlsrfcxkkbzg.i.optimole.com\/cb:JbP2.215d7\/w:auto\/h:auto\/q:mauto\/ig:avif\/https:\/\/thebottleshop.vn\/wp-content\/uploads\/2022\/12\/Love-Spice_Cay-Nhu-Quy_BOTTLE.png","contentUrl":"https:\/\/mlsrfcxkkbzg.i.optimole.com\/cb:JbP2.215d7\/w:auto\/h:auto\/q:mauto\/ig:avif\/https:\/\/thebottleshop.vn\/wp-content\/uploads\/2022\/12\/Love-Spice_Cay-Nhu-Quy_BOTTLE.png","width":1080,"height":1080,"caption":"Love & Spice Ghost Peppers"},{"@type":"BreadcrumbList","@id":"http:\/\/52.77.24.187\/vi\/san-pham\/love-spice-ghost-pepper-2\/#breadcrumb","itemListElement":[{"@type":"ListItem","position":1,"name":"Home","item":"http:\/\/52.77.24.187\/vi\/test-popup-vi\/"},{"@type":"ListItem","position":2,"name":"C\u1eeda h\u00e0ng","item":"http:\/\/52.77.24.187\/vi\/cua-hang\/"},{"@type":"ListItem","position":3,"name":"Love &amp; Spice Cay #2 &#8220;Nh\u01b0 Qu\u1ef7&#8221;"}]},{"@type":"WebSite","@id":"http:\/\/52.77.24.187\/#website","url":"http:\/\/52.77.24.187\/","name":"The Bottle Shop","description":"All beers are not created equal","publisher":{"@id":"http:\/\/52.77.24.187\/#organization"},"potentialAction":[{"@type":"SearchAction","target":{"@type":"EntryPoint","urlTemplate":"http:\/\/52.77.24.187\/?s={search_term_string}"},"query-input":{"@type":"PropertyValueSpecification","valueRequired":true,"valueName":"search_term_string"}}],"inLanguage":"vi-VN"},{"@type":"Organization","@id":"http:\/\/52.77.24.187\/#organization","name":"The Bottle Shop","url":"http:\/\/52.77.24.187\/","logo":{"@type":"ImageObject","inLanguage":"vi-VN","@id":"http:\/\/52.77.24.187\/#\/schema\/logo\/image\/","url":"https:\/\/mlsrfcxkkbzg.i.optimole.com\/cb:JbP2.215d7\/w:auto\/h:auto\/q:mauto\/ig:avif\/https:\/\/thebottleshop.vn\/wp-content\/uploads\/2022\/10\/The-Bottle-Shop-Online-Logo.png","contentUrl":"https:\/\/mlsrfcxkkbzg.i.optimole.com\/cb:JbP2.215d7\/w:auto\/h:auto\/q:mauto\/ig:avif\/https:\/\/thebottleshop.vn\/wp-content\/uploads\/2022\/10\/The-Bottle-Shop-Online-Logo.png","width":145,"height":147,"caption":"The Bottle Shop"},"image":{"@id":"http:\/\/52.77.24.187\/#\/schema\/logo\/image\/"},"sameAs":["https:\/\/www.facebook.com\/thebottleshopvietnam","https:\/\/www.instagram.com\/thebottleshop_vietnam\/"]}]}},"_links":{"self":[{"href":"https:\/\/thebottleshop.vn\/vi\/wp-json\/wp\/v2\/product\/16583","targetHints":{"allow":["GET"]}}],"collection":[{"href":"https:\/\/thebottleshop.vn\/vi\/wp-json\/wp\/v2\/product"}],"about":[{"href":"https:\/\/thebottleshop.vn\/vi\/wp-json\/wp\/v2\/types\/product"}],"replies":[{"embeddable":true,"href":"https:\/\/thebottleshop.vn\/vi\/wp-json\/wp\/v2\/comments?post=16583"}],"wp:featuredmedia":[{"embeddable":true,"href":"https:\/\/thebottleshop.vn\/vi\/wp-json\/wp\/v2\/media\/16620"}],"wp:attachment":[{"href":"https:\/\/thebottleshop.vn\/vi\/wp-json\/wp\/v2\/media?parent=16583"}],"wp:term":[{"taxonomy":"product_brand","embeddable":true,"href":"https:\/\/thebottleshop.vn\/vi\/wp-json\/wp\/v2\/product_brand?post=16583"},{"taxonomy":"product_cat","embeddable":true,"href":"https:\/\/thebottleshop.vn\/vi\/wp-json\/wp\/v2\/product_cat?post=16583"},{"taxonomy":"product_tag","embeddable":true,"href":"https:\/\/thebottleshop.vn\/vi\/wp-json\/wp\/v2\/product_tag?post=16583"}],"curies":[{"name":"wp","href":"https:\/\/api.w.org\/{rel}","templated":true}]}}