{"id":16588,"date":"2022-12-28T09:37:34","date_gmt":"2022-12-28T02:37:34","guid":{"rendered":"https:\/\/thebottleshop.vn\/product\/mixtape-ole-mexican-lager\/"},"modified":"2025-06-05T10:40:41","modified_gmt":"2025-06-05T03:40:41","slug":"mixtape-ole-mexican-lager","status":"publish","type":"product","link":"https:\/\/thebottleshop.vn\/vi\/san-pham\/mixtape-ole-mexican-lager\/","title":{"rendered":"MixTape Ol\u00e9 Mexican Lager"},"content":{"rendered":"<p>MixTape Ol\u00e9 Mexican Lager l\u00e0 lo\u1ea1i bia lager c\u1ed5 \u0111i\u1ec3n c\u1ee7a Mexico. \u0110\u1ea7y h\u01b0\u01a1ng v\u1ecb, v\u1edbi h\u01b0\u01a1ng v\u1ecb gi\u1ed1ng nh\u01b0 b\u00e1nh tortilla.  Gi\u00f2n tan v\u00e0 d\u1ec5 u\u1ed1ng, lon sau lon!<\/p>\n<p>\u2014\u2013<br \/>\nXem th\u01b0 vi\u1ec7n h\u00ecnh \u1ea3nh \u0111\u1ec3 bi\u1ebft th\u00eam th\u00f4ng tin chi ti\u1ebft v\u1ec1 ngu\u1ed3n g\u1ed1c, th\u00e0nh ph\u1ea7n v\u00e0 h\u01b0\u1edbng d\u1eabn s\u1eed d\u1ee5ng c\u1ee7a s\u1ea3n ph\u1ea9m.<\/p>\n","protected":false},"excerpt":{"rendered":"<p><strong>Gi\u00f2n tan, D\u1ec5 u\u1ed1ng, \u00cam d\u1ecbu 5.3%<\/strong><\/p>\n","protected":false},"featured_media":16676,"comment_status":"open","ping_status":"closed","template":"","meta":{"_acf_changed":false},"product_brand":[],"product_cat":[378,347,337,340,351,366,345,377,339,341,352,356,344,461],"product_tag":[],"class_list":{"0":"post-16588","1":"product","2":"type-product","3":"status-publish","4":"has-post-thumbnail","6":"product_cat-00-19","7":"product_cat-4-5-9","8":"product_cat-bia-va-cider","9":"product_cat-vietnam-hcmc","10":"product_cat-dong-bia","11":"product_cat-nha-san-xuat","12":"product_cat-abv-vi","13":"product_cat-ibu","14":"product_cat-xuat-xu","15":"product_cat-dong-goi","16":"product_cat-gia","17":"product_cat-lager","18":"product_cat-lon-330-ml","19":"product_cat-mixtape-drinks","20":"pa_pack_type-can-330ml-vi","21":"pa_pack_type-thung-24","23":"first","24":"instock","25":"sale","26":"shipping-taxable","27":"product-type-variable","28":"has-default-attributes","29":"add-to-wishlist-before_image"},"acf":[],"yoast_head":"<!-- This site is optimized with the Yoast SEO plugin v27.2 - https:\/\/yoast.com\/product\/yoast-seo-wordpress\/ -->\n<title>MixTape Ol\u00e9 Mexican Lager - The Bottle Shop<\/title>\n<meta name=\"description\" content=\"MixTape Ol\u00e9 Mexican Lager l\u00e0 lo\u1ea1i bia lager c\u1ed5 \u0111i\u1ec3n c\u1ee7a Mexico. \u0110\u1ea7y h\u01b0\u01a1ng v\u1ecb, v\u1edbi h\u01b0\u01a1ng v\u1ecb gi\u1ed1ng nh\u01b0 b\u00e1nh tortilla. Gi\u00f2n tan v\u00e0 d\u1ec5 u\u1ed1ng, lon sau lon!\" \/>\n<meta name=\"robots\" content=\"index, follow, max-snippet:-1, max-image-preview:large, max-video-preview:-1\" \/>\n<link rel=\"canonical\" href=\"http:\/\/52.77.24.187\/vi\/san-pham\/mixtape-ole-mexican-lager\/\" \/>\n<meta property=\"og:locale\" content=\"vi_VN\" \/>\n<meta property=\"og:type\" content=\"article\" \/>\n<meta property=\"og:title\" content=\"MixTape Ol\u00e9 Mexican Lager - The Bottle Shop\" \/>\n<meta property=\"og:description\" content=\"MixTape Ol\u00e9 Mexican Lager l\u00e0 lo\u1ea1i bia lager c\u1ed5 \u0111i\u1ec3n c\u1ee7a Mexico. \u0110\u1ea7y h\u01b0\u01a1ng v\u1ecb, v\u1edbi h\u01b0\u01a1ng v\u1ecb gi\u1ed1ng nh\u01b0 b\u00e1nh tortilla. Gi\u00f2n tan v\u00e0 d\u1ec5 u\u1ed1ng, lon sau lon!\" \/>\n<meta property=\"og:url\" content=\"http:\/\/52.77.24.187\/vi\/san-pham\/mixtape-ole-mexican-lager\/\" \/>\n<meta property=\"og:site_name\" content=\"The Bottle Shop\" \/>\n<meta property=\"article:publisher\" content=\"https:\/\/www.facebook.com\/thebottleshopvietnam\" \/>\n<meta property=\"article:modified_time\" content=\"2025-06-05T03:40:41+00:00\" \/>\n<meta property=\"og:image\" content=\"https:\/\/mlsrfcxkkbzg.i.optimole.com\/cb:JbP2.215d7\/w:auto\/h:auto\/q:mauto\/ig:avif\/http:\/\/52.77.24.187\/wp-content\/uploads\/2022\/12\/MixTape_Ole-Mexican-Lager_CAN-1.png\" \/>\n\t<meta property=\"og:image:width\" content=\"1080\" \/>\n\t<meta property=\"og:image:height\" content=\"1080\" \/>\n\t<meta property=\"og:image:type\" content=\"image\/png\" \/>\n<meta name=\"twitter:card\" content=\"summary_large_image\" \/>\n<meta name=\"twitter:label1\" content=\"Est. reading time\" \/>\n\t<meta name=\"twitter:data1\" content=\"1 minute\" \/>\n<script type=\"application\/ld+json\" class=\"yoast-schema-graph\">{\"@context\":\"https:\/\/schema.org\",\"@graph\":[{\"@type\":\"WebPage\",\"@id\":\"http:\/\/52.77.24.187\/vi\/san-pham\/mixtape-ole-mexican-lager\/\",\"url\":\"http:\/\/52.77.24.187\/vi\/san-pham\/mixtape-ole-mexican-lager\/\",\"name\":\"MixTape Ol\u00e9 Mexican Lager - The Bottle Shop\",\"isPartOf\":{\"@id\":\"http:\/\/52.77.24.187\/#website\"},\"primaryImageOfPage\":{\"@id\":\"http:\/\/52.77.24.187\/vi\/san-pham\/mixtape-ole-mexican-lager\/#primaryimage\"},\"image\":{\"@id\":\"http:\/\/52.77.24.187\/vi\/san-pham\/mixtape-ole-mexican-lager\/#primaryimage\"},\"thumbnailUrl\":\"https:\/\/mlsrfcxkkbzg.i.optimole.com\/cb:JbP2.215d7\/w:auto\/h:auto\/q:mauto\/ig:avif\/https:\/\/thebottleshop.vn\/wp-content\/uploads\/2022\/12\/MixTape_Ole-Mexican-Lager_CAN-1.png\",\"datePublished\":\"2022-12-28T02:37:34+00:00\",\"dateModified\":\"2025-06-05T03:40:41+00:00\",\"description\":\"MixTape Ol\u00e9 Mexican Lager l\u00e0 lo\u1ea1i bia lager c\u1ed5 \u0111i\u1ec3n c\u1ee7a Mexico. \u0110\u1ea7y h\u01b0\u01a1ng v\u1ecb, v\u1edbi h\u01b0\u01a1ng v\u1ecb gi\u1ed1ng nh\u01b0 b\u00e1nh tortilla. Gi\u00f2n tan v\u00e0 d\u1ec5 u\u1ed1ng, lon sau lon!\",\"breadcrumb\":{\"@id\":\"http:\/\/52.77.24.187\/vi\/san-pham\/mixtape-ole-mexican-lager\/#breadcrumb\"},\"inLanguage\":\"vi-VN\",\"potentialAction\":[{\"@type\":\"ReadAction\",\"target\":[\"http:\/\/52.77.24.187\/vi\/san-pham\/mixtape-ole-mexican-lager\/\"]}]},{\"@type\":\"ImageObject\",\"inLanguage\":\"vi-VN\",\"@id\":\"http:\/\/52.77.24.187\/vi\/san-pham\/mixtape-ole-mexican-lager\/#primaryimage\",\"url\":\"https:\/\/mlsrfcxkkbzg.i.optimole.com\/cb:JbP2.215d7\/w:auto\/h:auto\/q:mauto\/ig:avif\/https:\/\/thebottleshop.vn\/wp-content\/uploads\/2022\/12\/MixTape_Ole-Mexican-Lager_CAN-1.png\",\"contentUrl\":\"https:\/\/mlsrfcxkkbzg.i.optimole.com\/cb:JbP2.215d7\/w:auto\/h:auto\/q:mauto\/ig:avif\/https:\/\/thebottleshop.vn\/wp-content\/uploads\/2022\/12\/MixTape_Ole-Mexican-Lager_CAN-1.png\",\"width\":1080,\"height\":1080,\"caption\":\"MixTape Ol\u00e9 Mexican Lager\"},{\"@type\":\"BreadcrumbList\",\"@id\":\"http:\/\/52.77.24.187\/vi\/san-pham\/mixtape-ole-mexican-lager\/#breadcrumb\",\"itemListElement\":[{\"@type\":\"ListItem\",\"position\":1,\"name\":\"Home\",\"item\":\"http:\/\/52.77.24.187\/vi\/test-popup-vi\/\"},{\"@type\":\"ListItem\",\"position\":2,\"name\":\"C\u1eeda h\u00e0ng\",\"item\":\"http:\/\/52.77.24.187\/vi\/cua-hang\/\"},{\"@type\":\"ListItem\",\"position\":3,\"name\":\"MixTape Ol\u00e9 Mexican Lager\"}]},{\"@type\":\"WebSite\",\"@id\":\"http:\/\/52.77.24.187\/#website\",\"url\":\"http:\/\/52.77.24.187\/\",\"name\":\"The Bottle Shop\",\"description\":\"All beers are not created equal\",\"publisher\":{\"@id\":\"http:\/\/52.77.24.187\/#organization\"},\"potentialAction\":[{\"@type\":\"SearchAction\",\"target\":{\"@type\":\"EntryPoint\",\"urlTemplate\":\"http:\/\/52.77.24.187\/?s={search_term_string}\"},\"query-input\":{\"@type\":\"PropertyValueSpecification\",\"valueRequired\":true,\"valueName\":\"search_term_string\"}}],\"inLanguage\":\"vi-VN\"},{\"@type\":\"Organization\",\"@id\":\"http:\/\/52.77.24.187\/#organization\",\"name\":\"The Bottle Shop\",\"url\":\"http:\/\/52.77.24.187\/\",\"logo\":{\"@type\":\"ImageObject\",\"inLanguage\":\"vi-VN\",\"@id\":\"http:\/\/52.77.24.187\/#\/schema\/logo\/image\/\",\"url\":\"https:\/\/mlsrfcxkkbzg.i.optimole.com\/cb:JbP2.215d7\/w:auto\/h:auto\/q:mauto\/ig:avif\/https:\/\/thebottleshop.vn\/wp-content\/uploads\/2022\/10\/The-Bottle-Shop-Online-Logo.png\",\"contentUrl\":\"https:\/\/mlsrfcxkkbzg.i.optimole.com\/cb:JbP2.215d7\/w:auto\/h:auto\/q:mauto\/ig:avif\/https:\/\/thebottleshop.vn\/wp-content\/uploads\/2022\/10\/The-Bottle-Shop-Online-Logo.png\",\"width\":145,\"height\":147,\"caption\":\"The Bottle Shop\"},\"image\":{\"@id\":\"http:\/\/52.77.24.187\/#\/schema\/logo\/image\/\"},\"sameAs\":[\"https:\/\/www.facebook.com\/thebottleshopvietnam\",\"https:\/\/www.instagram.com\/thebottleshop_vietnam\/\"]}]}<\/script>\n<!-- \/ Yoast SEO plugin. -->","yoast_head_json":{"title":"MixTape Ol\u00e9 Mexican Lager - The Bottle Shop","description":"MixTape Ol\u00e9 Mexican Lager l\u00e0 lo\u1ea1i bia lager c\u1ed5 \u0111i\u1ec3n c\u1ee7a Mexico. \u0110\u1ea7y h\u01b0\u01a1ng v\u1ecb, v\u1edbi h\u01b0\u01a1ng v\u1ecb gi\u1ed1ng nh\u01b0 b\u00e1nh tortilla. Gi\u00f2n tan v\u00e0 d\u1ec5 u\u1ed1ng, lon sau lon!","robots":{"index":"index","follow":"follow","max-snippet":"max-snippet:-1","max-image-preview":"max-image-preview:large","max-video-preview":"max-video-preview:-1"},"canonical":"http:\/\/52.77.24.187\/vi\/san-pham\/mixtape-ole-mexican-lager\/","og_locale":"vi_VN","og_type":"article","og_title":"MixTape Ol\u00e9 Mexican Lager - The Bottle Shop","og_description":"MixTape Ol\u00e9 Mexican Lager l\u00e0 lo\u1ea1i bia lager c\u1ed5 \u0111i\u1ec3n c\u1ee7a Mexico. \u0110\u1ea7y h\u01b0\u01a1ng v\u1ecb, v\u1edbi h\u01b0\u01a1ng v\u1ecb gi\u1ed1ng nh\u01b0 b\u00e1nh tortilla. Gi\u00f2n tan v\u00e0 d\u1ec5 u\u1ed1ng, lon sau lon!","og_url":"http:\/\/52.77.24.187\/vi\/san-pham\/mixtape-ole-mexican-lager\/","og_site_name":"The Bottle Shop","article_publisher":"https:\/\/www.facebook.com\/thebottleshopvietnam","article_modified_time":"2025-06-05T03:40:41+00:00","og_image":[{"width":1080,"height":1080,"url":"https:\/\/mlsrfcxkkbzg.i.optimole.com\/cb:JbP2.215d7\/w:auto\/h:auto\/q:mauto\/ig:avif\/http:\/\/52.77.24.187\/wp-content\/uploads\/2022\/12\/MixTape_Ole-Mexican-Lager_CAN-1.png","type":"image\/png"}],"twitter_card":"summary_large_image","twitter_misc":{"Est. reading time":"1 minute"},"schema":{"@context":"https:\/\/schema.org","@graph":[{"@type":"WebPage","@id":"http:\/\/52.77.24.187\/vi\/san-pham\/mixtape-ole-mexican-lager\/","url":"http:\/\/52.77.24.187\/vi\/san-pham\/mixtape-ole-mexican-lager\/","name":"MixTape Ol\u00e9 Mexican Lager - The Bottle Shop","isPartOf":{"@id":"http:\/\/52.77.24.187\/#website"},"primaryImageOfPage":{"@id":"http:\/\/52.77.24.187\/vi\/san-pham\/mixtape-ole-mexican-lager\/#primaryimage"},"image":{"@id":"http:\/\/52.77.24.187\/vi\/san-pham\/mixtape-ole-mexican-lager\/#primaryimage"},"thumbnailUrl":"https:\/\/mlsrfcxkkbzg.i.optimole.com\/cb:JbP2.215d7\/w:auto\/h:auto\/q:mauto\/ig:avif\/https:\/\/thebottleshop.vn\/wp-content\/uploads\/2022\/12\/MixTape_Ole-Mexican-Lager_CAN-1.png","datePublished":"2022-12-28T02:37:34+00:00","dateModified":"2025-06-05T03:40:41+00:00","description":"MixTape Ol\u00e9 Mexican Lager l\u00e0 lo\u1ea1i bia lager c\u1ed5 \u0111i\u1ec3n c\u1ee7a Mexico. \u0110\u1ea7y h\u01b0\u01a1ng v\u1ecb, v\u1edbi h\u01b0\u01a1ng v\u1ecb gi\u1ed1ng nh\u01b0 b\u00e1nh tortilla. Gi\u00f2n tan v\u00e0 d\u1ec5 u\u1ed1ng, lon sau lon!","breadcrumb":{"@id":"http:\/\/52.77.24.187\/vi\/san-pham\/mixtape-ole-mexican-lager\/#breadcrumb"},"inLanguage":"vi-VN","potentialAction":[{"@type":"ReadAction","target":["http:\/\/52.77.24.187\/vi\/san-pham\/mixtape-ole-mexican-lager\/"]}]},{"@type":"ImageObject","inLanguage":"vi-VN","@id":"http:\/\/52.77.24.187\/vi\/san-pham\/mixtape-ole-mexican-lager\/#primaryimage","url":"https:\/\/mlsrfcxkkbzg.i.optimole.com\/cb:JbP2.215d7\/w:auto\/h:auto\/q:mauto\/ig:avif\/https:\/\/thebottleshop.vn\/wp-content\/uploads\/2022\/12\/MixTape_Ole-Mexican-Lager_CAN-1.png","contentUrl":"https:\/\/mlsrfcxkkbzg.i.optimole.com\/cb:JbP2.215d7\/w:auto\/h:auto\/q:mauto\/ig:avif\/https:\/\/thebottleshop.vn\/wp-content\/uploads\/2022\/12\/MixTape_Ole-Mexican-Lager_CAN-1.png","width":1080,"height":1080,"caption":"MixTape Ol\u00e9 Mexican Lager"},{"@type":"BreadcrumbList","@id":"http:\/\/52.77.24.187\/vi\/san-pham\/mixtape-ole-mexican-lager\/#breadcrumb","itemListElement":[{"@type":"ListItem","position":1,"name":"Home","item":"http:\/\/52.77.24.187\/vi\/test-popup-vi\/"},{"@type":"ListItem","position":2,"name":"C\u1eeda h\u00e0ng","item":"http:\/\/52.77.24.187\/vi\/cua-hang\/"},{"@type":"ListItem","position":3,"name":"MixTape Ol\u00e9 Mexican Lager"}]},{"@type":"WebSite","@id":"http:\/\/52.77.24.187\/#website","url":"http:\/\/52.77.24.187\/","name":"The Bottle Shop","description":"All beers are not created equal","publisher":{"@id":"http:\/\/52.77.24.187\/#organization"},"potentialAction":[{"@type":"SearchAction","target":{"@type":"EntryPoint","urlTemplate":"http:\/\/52.77.24.187\/?s={search_term_string}"},"query-input":{"@type":"PropertyValueSpecification","valueRequired":true,"valueName":"search_term_string"}}],"inLanguage":"vi-VN"},{"@type":"Organization","@id":"http:\/\/52.77.24.187\/#organization","name":"The Bottle Shop","url":"http:\/\/52.77.24.187\/","logo":{"@type":"ImageObject","inLanguage":"vi-VN","@id":"http:\/\/52.77.24.187\/#\/schema\/logo\/image\/","url":"https:\/\/mlsrfcxkkbzg.i.optimole.com\/cb:JbP2.215d7\/w:auto\/h:auto\/q:mauto\/ig:avif\/https:\/\/thebottleshop.vn\/wp-content\/uploads\/2022\/10\/The-Bottle-Shop-Online-Logo.png","contentUrl":"https:\/\/mlsrfcxkkbzg.i.optimole.com\/cb:JbP2.215d7\/w:auto\/h:auto\/q:mauto\/ig:avif\/https:\/\/thebottleshop.vn\/wp-content\/uploads\/2022\/10\/The-Bottle-Shop-Online-Logo.png","width":145,"height":147,"caption":"The Bottle Shop"},"image":{"@id":"http:\/\/52.77.24.187\/#\/schema\/logo\/image\/"},"sameAs":["https:\/\/www.facebook.com\/thebottleshopvietnam","https:\/\/www.instagram.com\/thebottleshop_vietnam\/"]}]}},"_links":{"self":[{"href":"https:\/\/thebottleshop.vn\/vi\/wp-json\/wp\/v2\/product\/16588","targetHints":{"allow":["GET"]}}],"collection":[{"href":"https:\/\/thebottleshop.vn\/vi\/wp-json\/wp\/v2\/product"}],"about":[{"href":"https:\/\/thebottleshop.vn\/vi\/wp-json\/wp\/v2\/types\/product"}],"replies":[{"embeddable":true,"href":"https:\/\/thebottleshop.vn\/vi\/wp-json\/wp\/v2\/comments?post=16588"}],"wp:featuredmedia":[{"embeddable":true,"href":"https:\/\/thebottleshop.vn\/vi\/wp-json\/wp\/v2\/media\/16676"}],"wp:attachment":[{"href":"https:\/\/thebottleshop.vn\/vi\/wp-json\/wp\/v2\/media?parent=16588"}],"wp:term":[{"taxonomy":"product_brand","embeddable":true,"href":"https:\/\/thebottleshop.vn\/vi\/wp-json\/wp\/v2\/product_brand?post=16588"},{"taxonomy":"product_cat","embeddable":true,"href":"https:\/\/thebottleshop.vn\/vi\/wp-json\/wp\/v2\/product_cat?post=16588"},{"taxonomy":"product_tag","embeddable":true,"href":"https:\/\/thebottleshop.vn\/vi\/wp-json\/wp\/v2\/product_tag?post=16588"}],"curies":[{"name":"wp","href":"https:\/\/api.w.org\/{rel}","templated":true}]}}