{"id":16818,"date":"2023-02-01T08:11:55","date_gmt":"2023-02-01T01:17:48","guid":{"rendered":"https:\/\/thebottleshop.vn\/product\/hod-sunlit-face-aussie-pale-ale\/"},"modified":"2024-04-16T08:37:25","modified_gmt":"2024-04-16T01:37:25","slug":"hod-sunlit-face-aussie-pale-ale","status":"publish","type":"product","link":"https:\/\/thebottleshop.vn\/vi\/san-pham\/hod-sunlit-face-aussie-pale-ale\/","title":{"rendered":"Heart of Darkness Sunlit Face Aussie Pale Ale"},"content":{"rendered":"<p>Heart of Darkness Sunlit Face Aussie Pale Ale. M\u1ed9t s\u1ea3n ph\u1ea9m t\u01b0\u01a1i m\u00e1t t\u1ed9t \u0111\u1ed9 l\u1ea5y c\u1ea3m h\u1ee9ng t\u1eeb lo\u1ea1i bia XPA v\u00e0 hai d\u00f2ng hoa bia tr\u1ee9 danh t\u1eeb \u00dac. M\u00e0u bia r\u01a1m nh\u1ea1t v\u1edbi b\u1ecdt tr\u1eafng m\u1ecbn, th\u01a1m l\u1ef1ng m\u00f9i xo\u00e0i, m\u00edt v\u00e0 qu\u1ea3 m\u1ecdng ch\u00edn, m\u1ed9t pale ale c\u00f3 \u0111\u1ed9 s\u00e1nh v\u1eeba c\u00f9ng v\u1ecb \u0111\u1eafng \u00eam d\u1ecbu, s\u1ef1 l\u1ef1a ch\u1ecdn ho\u00e0n h\u1ea3o cho nh\u1eefng bu\u1ed5i tr\u01b0a n\u00f3ng.<\/p>\n<p>\u2014\u2013<br \/>\nXem th\u01b0 vi\u1ec7n h\u00ecnh \u1ea3nh \u0111\u1ec3 bi\u1ebft th\u00eam th\u00f4ng tin chi ti\u1ebft v\u1ec1 ngu\u1ed3n g\u1ed1c, th\u00e0nh ph\u1ea7n v\u00e0 h\u01b0\u1edbng d\u1eabn s\u1eed d\u1ee5ng c\u1ee7a s\u1ea3n ph\u1ea9m.<\/p>\n","protected":false},"excerpt":{"rendered":"<p><strong>Tr\u00e1i c\u00e2y, D\u1ec5 u\u1ed1ng, \u00cam d\u1ecbu 5.1%<\/strong><\/p>\n","protected":false},"featured_media":16854,"comment_status":"open","ping_status":"closed","template":"","meta":{"_acf_changed":false},"product_brand":[],"product_cat":[347,337,340,379,351,366,345,377,339,341,352,358,344,369],"product_tag":[],"class_list":{"0":"post-16818","1":"product","2":"type-product","3":"status-publish","4":"has-post-thumbnail","6":"product_cat-4-5-9","7":"product_cat-bia-va-cider","8":"product_cat-vietnam-hcmc","9":"product_cat-20-39","10":"product_cat-dong-bia","11":"product_cat-nha-san-xuat","12":"product_cat-abv-vi","13":"product_cat-ibu","14":"product_cat-xuat-xu","15":"product_cat-dong-goi","16":"product_cat-gia","17":"product_cat-pale-ale","18":"product_cat-lon-330-ml","19":"product_cat-heart-of-darkness","21":"first","22":"outofstock","23":"shipping-taxable","24":"purchasable","25":"product-type-simple","26":"add-to-wishlist-before_image"},"acf":[],"yoast_head":"<!-- This site is optimized with the Yoast SEO plugin v27.2 - https:\/\/yoast.com\/product\/yoast-seo-wordpress\/ -->\n<title>Heart of Darkness Sunlit Face Aussie Pale Ale - The Bottle Shop<\/title>\n<meta name=\"description\" content=\"Heart of Darkness Sunlit Face Aussie Pale Ale. M\u1ed9t s\u1ea3n ph\u1ea9m t\u01b0\u01a1i m\u00e1t t\u1ed9t \u0111\u1ed9 l\u1ea5y c\u1ea3m h\u1ee9ng t\u1eeb lo\u1ea1i bia XPA v\u00e0 hai d\u00f2ng hoa bia tr\u1ee9 danh t\u1eeb \u00dac.\" \/>\n<meta name=\"robots\" content=\"index, follow, max-snippet:-1, max-image-preview:large, max-video-preview:-1\" \/>\n<link rel=\"canonical\" href=\"http:\/\/52.77.24.187\/vi\/san-pham\/hod-sunlit-face-aussie-pale-ale\/\" \/>\n<meta property=\"og:locale\" content=\"vi_VN\" \/>\n<meta property=\"og:type\" content=\"article\" \/>\n<meta property=\"og:title\" content=\"Heart of Darkness Sunlit Face Aussie Pale Ale - The Bottle Shop\" \/>\n<meta property=\"og:description\" content=\"Heart of Darkness Sunlit Face Aussie Pale Ale. M\u1ed9t s\u1ea3n ph\u1ea9m t\u01b0\u01a1i m\u00e1t t\u1ed9t \u0111\u1ed9 l\u1ea5y c\u1ea3m h\u1ee9ng t\u1eeb lo\u1ea1i bia XPA v\u00e0 hai d\u00f2ng hoa bia tr\u1ee9 danh t\u1eeb \u00dac.\" \/>\n<meta property=\"og:url\" content=\"http:\/\/52.77.24.187\/vi\/san-pham\/hod-sunlit-face-aussie-pale-ale\/\" \/>\n<meta property=\"og:site_name\" content=\"The Bottle Shop\" \/>\n<meta property=\"article:publisher\" content=\"https:\/\/www.facebook.com\/thebottleshopvietnam\" \/>\n<meta property=\"article:modified_time\" content=\"2024-04-16T01:37:25+00:00\" \/>\n<meta property=\"og:image\" content=\"https:\/\/mlsrfcxkkbzg.i.optimole.com\/cb:JbP2.215d7\/w:auto\/h:auto\/q:mauto\/ig:avif\/http:\/\/52.77.24.187\/wp-content\/uploads\/2023\/02\/Heart-of-Darkness-Sunlit-Face-Aussie-Pale-Ale.png\" \/>\n\t<meta property=\"og:image:width\" content=\"1080\" \/>\n\t<meta property=\"og:image:height\" content=\"1080\" \/>\n\t<meta property=\"og:image:type\" content=\"image\/png\" \/>\n<meta name=\"twitter:card\" content=\"summary_large_image\" \/>\n<meta name=\"twitter:label1\" content=\"Est. reading time\" \/>\n\t<meta name=\"twitter:data1\" content=\"1 minute\" \/>\n<script type=\"application\/ld+json\" class=\"yoast-schema-graph\">{\"@context\":\"https:\/\/schema.org\",\"@graph\":[{\"@type\":\"WebPage\",\"@id\":\"http:\/\/52.77.24.187\/vi\/san-pham\/hod-sunlit-face-aussie-pale-ale\/\",\"url\":\"http:\/\/52.77.24.187\/vi\/san-pham\/hod-sunlit-face-aussie-pale-ale\/\",\"name\":\"Heart of Darkness Sunlit Face Aussie Pale Ale - The Bottle Shop\",\"isPartOf\":{\"@id\":\"http:\/\/52.77.24.187\/#website\"},\"primaryImageOfPage\":{\"@id\":\"http:\/\/52.77.24.187\/vi\/san-pham\/hod-sunlit-face-aussie-pale-ale\/#primaryimage\"},\"image\":{\"@id\":\"http:\/\/52.77.24.187\/vi\/san-pham\/hod-sunlit-face-aussie-pale-ale\/#primaryimage\"},\"thumbnailUrl\":\"https:\/\/mlsrfcxkkbzg.i.optimole.com\/cb:JbP2.215d7\/w:auto\/h:auto\/q:mauto\/ig:avif\/https:\/\/thebottleshop.vn\/wp-content\/uploads\/2023\/02\/Heart-of-Darkness-Sunlit-Face-Aussie-Pale-Ale.png\",\"datePublished\":\"2023-02-01T01:17:48+00:00\",\"dateModified\":\"2024-04-16T01:37:25+00:00\",\"description\":\"Heart of Darkness Sunlit Face Aussie Pale Ale. M\u1ed9t s\u1ea3n ph\u1ea9m t\u01b0\u01a1i m\u00e1t t\u1ed9t \u0111\u1ed9 l\u1ea5y c\u1ea3m h\u1ee9ng t\u1eeb lo\u1ea1i bia XPA v\u00e0 hai d\u00f2ng hoa bia tr\u1ee9 danh t\u1eeb \u00dac.\",\"breadcrumb\":{\"@id\":\"http:\/\/52.77.24.187\/vi\/san-pham\/hod-sunlit-face-aussie-pale-ale\/#breadcrumb\"},\"inLanguage\":\"vi-VN\",\"potentialAction\":[{\"@type\":\"ReadAction\",\"target\":[\"http:\/\/52.77.24.187\/vi\/san-pham\/hod-sunlit-face-aussie-pale-ale\/\"]}]},{\"@type\":\"ImageObject\",\"inLanguage\":\"vi-VN\",\"@id\":\"http:\/\/52.77.24.187\/vi\/san-pham\/hod-sunlit-face-aussie-pale-ale\/#primaryimage\",\"url\":\"https:\/\/mlsrfcxkkbzg.i.optimole.com\/cb:JbP2.215d7\/w:auto\/h:auto\/q:mauto\/ig:avif\/https:\/\/thebottleshop.vn\/wp-content\/uploads\/2023\/02\/Heart-of-Darkness-Sunlit-Face-Aussie-Pale-Ale.png\",\"contentUrl\":\"https:\/\/mlsrfcxkkbzg.i.optimole.com\/cb:JbP2.215d7\/w:auto\/h:auto\/q:mauto\/ig:avif\/https:\/\/thebottleshop.vn\/wp-content\/uploads\/2023\/02\/Heart-of-Darkness-Sunlit-Face-Aussie-Pale-Ale.png\",\"width\":1080,\"height\":1080,\"caption\":\"Heart of Darkness Sunlit Face Aussie Pale Ale\"},{\"@type\":\"BreadcrumbList\",\"@id\":\"http:\/\/52.77.24.187\/vi\/san-pham\/hod-sunlit-face-aussie-pale-ale\/#breadcrumb\",\"itemListElement\":[{\"@type\":\"ListItem\",\"position\":1,\"name\":\"Home\",\"item\":\"http:\/\/52.77.24.187\/vi\/test-popup-vi\/\"},{\"@type\":\"ListItem\",\"position\":2,\"name\":\"C\u1eeda h\u00e0ng\",\"item\":\"http:\/\/52.77.24.187\/vi\/cua-hang\/\"},{\"@type\":\"ListItem\",\"position\":3,\"name\":\"Heart of Darkness Sunlit Face Aussie Pale Ale\"}]},{\"@type\":\"WebSite\",\"@id\":\"http:\/\/52.77.24.187\/#website\",\"url\":\"http:\/\/52.77.24.187\/\",\"name\":\"The Bottle Shop\",\"description\":\"All beers are not created equal\",\"publisher\":{\"@id\":\"http:\/\/52.77.24.187\/#organization\"},\"potentialAction\":[{\"@type\":\"SearchAction\",\"target\":{\"@type\":\"EntryPoint\",\"urlTemplate\":\"http:\/\/52.77.24.187\/?s={search_term_string}\"},\"query-input\":{\"@type\":\"PropertyValueSpecification\",\"valueRequired\":true,\"valueName\":\"search_term_string\"}}],\"inLanguage\":\"vi-VN\"},{\"@type\":\"Organization\",\"@id\":\"http:\/\/52.77.24.187\/#organization\",\"name\":\"The Bottle Shop\",\"url\":\"http:\/\/52.77.24.187\/\",\"logo\":{\"@type\":\"ImageObject\",\"inLanguage\":\"vi-VN\",\"@id\":\"http:\/\/52.77.24.187\/#\/schema\/logo\/image\/\",\"url\":\"https:\/\/mlsrfcxkkbzg.i.optimole.com\/cb:JbP2.215d7\/w:auto\/h:auto\/q:mauto\/ig:avif\/https:\/\/thebottleshop.vn\/wp-content\/uploads\/2022\/10\/The-Bottle-Shop-Online-Logo.png\",\"contentUrl\":\"https:\/\/mlsrfcxkkbzg.i.optimole.com\/cb:JbP2.215d7\/w:auto\/h:auto\/q:mauto\/ig:avif\/https:\/\/thebottleshop.vn\/wp-content\/uploads\/2022\/10\/The-Bottle-Shop-Online-Logo.png\",\"width\":145,\"height\":147,\"caption\":\"The Bottle Shop\"},\"image\":{\"@id\":\"http:\/\/52.77.24.187\/#\/schema\/logo\/image\/\"},\"sameAs\":[\"https:\/\/www.facebook.com\/thebottleshopvietnam\",\"https:\/\/www.instagram.com\/thebottleshop_vietnam\/\"]}]}<\/script>\n<!-- \/ Yoast SEO plugin. -->","yoast_head_json":{"title":"Heart of Darkness Sunlit Face Aussie Pale Ale - The Bottle Shop","description":"Heart of Darkness Sunlit Face Aussie Pale Ale. M\u1ed9t s\u1ea3n ph\u1ea9m t\u01b0\u01a1i m\u00e1t t\u1ed9t \u0111\u1ed9 l\u1ea5y c\u1ea3m h\u1ee9ng t\u1eeb lo\u1ea1i bia XPA v\u00e0 hai d\u00f2ng hoa bia tr\u1ee9 danh t\u1eeb \u00dac.","robots":{"index":"index","follow":"follow","max-snippet":"max-snippet:-1","max-image-preview":"max-image-preview:large","max-video-preview":"max-video-preview:-1"},"canonical":"http:\/\/52.77.24.187\/vi\/san-pham\/hod-sunlit-face-aussie-pale-ale\/","og_locale":"vi_VN","og_type":"article","og_title":"Heart of Darkness Sunlit Face Aussie Pale Ale - The Bottle Shop","og_description":"Heart of Darkness Sunlit Face Aussie Pale Ale. M\u1ed9t s\u1ea3n ph\u1ea9m t\u01b0\u01a1i m\u00e1t t\u1ed9t \u0111\u1ed9 l\u1ea5y c\u1ea3m h\u1ee9ng t\u1eeb lo\u1ea1i bia XPA v\u00e0 hai d\u00f2ng hoa bia tr\u1ee9 danh t\u1eeb \u00dac.","og_url":"http:\/\/52.77.24.187\/vi\/san-pham\/hod-sunlit-face-aussie-pale-ale\/","og_site_name":"The Bottle Shop","article_publisher":"https:\/\/www.facebook.com\/thebottleshopvietnam","article_modified_time":"2024-04-16T01:37:25+00:00","og_image":[{"width":1080,"height":1080,"url":"https:\/\/mlsrfcxkkbzg.i.optimole.com\/cb:JbP2.215d7\/w:auto\/h:auto\/q:mauto\/ig:avif\/http:\/\/52.77.24.187\/wp-content\/uploads\/2023\/02\/Heart-of-Darkness-Sunlit-Face-Aussie-Pale-Ale.png","type":"image\/png"}],"twitter_card":"summary_large_image","twitter_misc":{"Est. reading time":"1 minute"},"schema":{"@context":"https:\/\/schema.org","@graph":[{"@type":"WebPage","@id":"http:\/\/52.77.24.187\/vi\/san-pham\/hod-sunlit-face-aussie-pale-ale\/","url":"http:\/\/52.77.24.187\/vi\/san-pham\/hod-sunlit-face-aussie-pale-ale\/","name":"Heart of Darkness Sunlit Face Aussie Pale Ale - The Bottle Shop","isPartOf":{"@id":"http:\/\/52.77.24.187\/#website"},"primaryImageOfPage":{"@id":"http:\/\/52.77.24.187\/vi\/san-pham\/hod-sunlit-face-aussie-pale-ale\/#primaryimage"},"image":{"@id":"http:\/\/52.77.24.187\/vi\/san-pham\/hod-sunlit-face-aussie-pale-ale\/#primaryimage"},"thumbnailUrl":"https:\/\/mlsrfcxkkbzg.i.optimole.com\/cb:JbP2.215d7\/w:auto\/h:auto\/q:mauto\/ig:avif\/https:\/\/thebottleshop.vn\/wp-content\/uploads\/2023\/02\/Heart-of-Darkness-Sunlit-Face-Aussie-Pale-Ale.png","datePublished":"2023-02-01T01:17:48+00:00","dateModified":"2024-04-16T01:37:25+00:00","description":"Heart of Darkness Sunlit Face Aussie Pale Ale. M\u1ed9t s\u1ea3n ph\u1ea9m t\u01b0\u01a1i m\u00e1t t\u1ed9t \u0111\u1ed9 l\u1ea5y c\u1ea3m h\u1ee9ng t\u1eeb lo\u1ea1i bia XPA v\u00e0 hai d\u00f2ng hoa bia tr\u1ee9 danh t\u1eeb \u00dac.","breadcrumb":{"@id":"http:\/\/52.77.24.187\/vi\/san-pham\/hod-sunlit-face-aussie-pale-ale\/#breadcrumb"},"inLanguage":"vi-VN","potentialAction":[{"@type":"ReadAction","target":["http:\/\/52.77.24.187\/vi\/san-pham\/hod-sunlit-face-aussie-pale-ale\/"]}]},{"@type":"ImageObject","inLanguage":"vi-VN","@id":"http:\/\/52.77.24.187\/vi\/san-pham\/hod-sunlit-face-aussie-pale-ale\/#primaryimage","url":"https:\/\/mlsrfcxkkbzg.i.optimole.com\/cb:JbP2.215d7\/w:auto\/h:auto\/q:mauto\/ig:avif\/https:\/\/thebottleshop.vn\/wp-content\/uploads\/2023\/02\/Heart-of-Darkness-Sunlit-Face-Aussie-Pale-Ale.png","contentUrl":"https:\/\/mlsrfcxkkbzg.i.optimole.com\/cb:JbP2.215d7\/w:auto\/h:auto\/q:mauto\/ig:avif\/https:\/\/thebottleshop.vn\/wp-content\/uploads\/2023\/02\/Heart-of-Darkness-Sunlit-Face-Aussie-Pale-Ale.png","width":1080,"height":1080,"caption":"Heart of Darkness Sunlit Face Aussie Pale Ale"},{"@type":"BreadcrumbList","@id":"http:\/\/52.77.24.187\/vi\/san-pham\/hod-sunlit-face-aussie-pale-ale\/#breadcrumb","itemListElement":[{"@type":"ListItem","position":1,"name":"Home","item":"http:\/\/52.77.24.187\/vi\/test-popup-vi\/"},{"@type":"ListItem","position":2,"name":"C\u1eeda h\u00e0ng","item":"http:\/\/52.77.24.187\/vi\/cua-hang\/"},{"@type":"ListItem","position":3,"name":"Heart of Darkness Sunlit Face Aussie Pale Ale"}]},{"@type":"WebSite","@id":"http:\/\/52.77.24.187\/#website","url":"http:\/\/52.77.24.187\/","name":"The Bottle Shop","description":"All beers are not created equal","publisher":{"@id":"http:\/\/52.77.24.187\/#organization"},"potentialAction":[{"@type":"SearchAction","target":{"@type":"EntryPoint","urlTemplate":"http:\/\/52.77.24.187\/?s={search_term_string}"},"query-input":{"@type":"PropertyValueSpecification","valueRequired":true,"valueName":"search_term_string"}}],"inLanguage":"vi-VN"},{"@type":"Organization","@id":"http:\/\/52.77.24.187\/#organization","name":"The Bottle Shop","url":"http:\/\/52.77.24.187\/","logo":{"@type":"ImageObject","inLanguage":"vi-VN","@id":"http:\/\/52.77.24.187\/#\/schema\/logo\/image\/","url":"https:\/\/mlsrfcxkkbzg.i.optimole.com\/cb:JbP2.215d7\/w:auto\/h:auto\/q:mauto\/ig:avif\/https:\/\/thebottleshop.vn\/wp-content\/uploads\/2022\/10\/The-Bottle-Shop-Online-Logo.png","contentUrl":"https:\/\/mlsrfcxkkbzg.i.optimole.com\/cb:JbP2.215d7\/w:auto\/h:auto\/q:mauto\/ig:avif\/https:\/\/thebottleshop.vn\/wp-content\/uploads\/2022\/10\/The-Bottle-Shop-Online-Logo.png","width":145,"height":147,"caption":"The Bottle Shop"},"image":{"@id":"http:\/\/52.77.24.187\/#\/schema\/logo\/image\/"},"sameAs":["https:\/\/www.facebook.com\/thebottleshopvietnam","https:\/\/www.instagram.com\/thebottleshop_vietnam\/"]}]}},"_links":{"self":[{"href":"https:\/\/thebottleshop.vn\/vi\/wp-json\/wp\/v2\/product\/16818","targetHints":{"allow":["GET"]}}],"collection":[{"href":"https:\/\/thebottleshop.vn\/vi\/wp-json\/wp\/v2\/product"}],"about":[{"href":"https:\/\/thebottleshop.vn\/vi\/wp-json\/wp\/v2\/types\/product"}],"replies":[{"embeddable":true,"href":"https:\/\/thebottleshop.vn\/vi\/wp-json\/wp\/v2\/comments?post=16818"}],"wp:featuredmedia":[{"embeddable":true,"href":"https:\/\/thebottleshop.vn\/vi\/wp-json\/wp\/v2\/media\/16854"}],"wp:attachment":[{"href":"https:\/\/thebottleshop.vn\/vi\/wp-json\/wp\/v2\/media?parent=16818"}],"wp:term":[{"taxonomy":"product_brand","embeddable":true,"href":"https:\/\/thebottleshop.vn\/vi\/wp-json\/wp\/v2\/product_brand?post=16818"},{"taxonomy":"product_cat","embeddable":true,"href":"https:\/\/thebottleshop.vn\/vi\/wp-json\/wp\/v2\/product_cat?post=16818"},{"taxonomy":"product_tag","embeddable":true,"href":"https:\/\/thebottleshop.vn\/vi\/wp-json\/wp\/v2\/product_tag?post=16818"}],"curies":[{"name":"wp","href":"https:\/\/api.w.org\/{rel}","templated":true}]}}