{"id":16822,"date":"2023-02-01T08:31:08","date_gmt":"2023-02-01T01:31:46","guid":{"rendered":"https:\/\/thebottleshop.vn\/product\/hod-speedboat-v2-0-hazy-ipa\/"},"modified":"2024-04-16T08:30:19","modified_gmt":"2024-04-16T01:30:19","slug":"hod-speedboat-v2-0-hazy-ipa","status":"publish","type":"product","link":"https:\/\/thebottleshop.vn\/vi\/san-pham\/hod-speedboat-v2-0-hazy-ipa\/","title":{"rendered":"Heart of Darkness Speedboat V2.0 Hazy IPA"},"content":{"rendered":"<p>Heart of Darkness Speedboat V2.0 Hazy IPA. Phi\u00ean b\u1ea3n th\u1ee9 hai c\u1ee7a series Speedboat \u2013 v\u1edbi s\u1ef1 h\u1ee3p t\u00e1c c\u00f9ng chuy\u00ean gia v\u1ec1 hoa bia Barth Haas \u2013 s\u1ebd \u0111em \u0111\u1ebfn cho b\u1ea1n m\u1ed9t tr\u1ea3i nghi\u1ec7m v\u1ec1 bia \u0111\u1ed9c nh\u1ea5t v\u00f4 nh\u1ecb. \u1ee8ng d\u1ee5ng c\u00f4ng ngh\u1ec7 t\u00e2n ti\u1ebfn nh\u1ea5t nh\u01b0 IncognitoTM v\u00e0 SpectrumTM c\u00f9ng nh\u1eefng d\u00f2ng hoa bia m\u1edbi l\u1ea1 s\u1ebd \u0111em l\u1ea1i m\u1ed9t h\u01b0\u01a1ng v\u1ecb b\u00f9ng n\u1ed5 kh\u00f3 qu\u00ean.<\/p>\n<p>\u2014\u2013<br \/>\nXem th\u01b0 vi\u1ec7n h\u00ecnh \u1ea3nh \u0111\u1ec3 bi\u1ebft th\u00eam th\u00f4ng tin chi ti\u1ebft v\u1ec1 ngu\u1ed3n g\u1ed1c, th\u00e0nh ph\u1ea7n v\u00e0 h\u01b0\u1edbng d\u1eabn s\u1eed d\u1ee5ng c\u1ee7a s\u1ea3n ph\u1ea9m.<\/p>\n","protected":false},"excerpt":{"rendered":"<p><strong>Hoa bia, C\u0103ng m\u1ecdng 6.4%<\/strong><\/p>\n","protected":false},"featured_media":16852,"comment_status":"open","ping_status":"closed","template":"","meta":{"_acf_changed":false},"product_brand":[],"product_cat":[337,340,379,348,351,366,345,377,339,341,352,359,344,369],"product_tag":[],"class_list":{"0":"post-16822","1":"product","2":"type-product","3":"status-publish","4":"has-post-thumbnail","6":"product_cat-bia-va-cider","7":"product_cat-vietnam-hcmc","8":"product_cat-20-39","9":"product_cat-6-7-9","10":"product_cat-dong-bia","11":"product_cat-nha-san-xuat","12":"product_cat-abv-vi","13":"product_cat-ibu","14":"product_cat-xuat-xu","15":"product_cat-dong-goi","16":"product_cat-gia","17":"product_cat-ipa","18":"product_cat-lon-330-ml","19":"product_cat-heart-of-darkness","21":"first","22":"outofstock","23":"shipping-taxable","24":"purchasable","25":"product-type-simple","26":"add-to-wishlist-before_image"},"acf":[],"yoast_head":"<!-- This site is optimized with the Yoast SEO plugin v27.5 - https:\/\/yoast.com\/product\/yoast-seo-wordpress\/ -->\n<title>Heart of Darkness Speedboat V2.0 Hazy IPA - The Bottle Shop<\/title>\n<meta name=\"description\" content=\"Heart of Darkness Speedboat V2.0 Hazy IPA. Phi\u00ean b\u1ea3n th\u1ee9 hai c\u1ee7a series Speedboat - v\u1edbi s\u1ef1 h\u1ee3p t\u00e1c c\u00f9ng chuy\u00ean gia v\u1ec1 hoa bia Barth Haas. 6.4%\" \/>\n<meta name=\"robots\" content=\"index, follow, max-snippet:-1, max-image-preview:large, max-video-preview:-1\" \/>\n<link rel=\"canonical\" href=\"http:\/\/52.77.24.187\/vi\/san-pham\/hod-speedboat-v2-0-hazy-ipa\/\" \/>\n<meta property=\"og:locale\" content=\"vi_VN\" \/>\n<meta property=\"og:type\" content=\"article\" \/>\n<meta property=\"og:title\" content=\"Heart of Darkness Speedboat V2.0 Hazy IPA - The Bottle Shop\" \/>\n<meta property=\"og:description\" content=\"Heart of Darkness Speedboat V2.0 Hazy IPA. Phi\u00ean b\u1ea3n th\u1ee9 hai c\u1ee7a series Speedboat - v\u1edbi s\u1ef1 h\u1ee3p t\u00e1c c\u00f9ng chuy\u00ean gia v\u1ec1 hoa bia Barth Haas. 6.4%\" \/>\n<meta property=\"og:url\" content=\"http:\/\/52.77.24.187\/vi\/san-pham\/hod-speedboat-v2-0-hazy-ipa\/\" \/>\n<meta property=\"og:site_name\" content=\"The Bottle Shop\" \/>\n<meta property=\"article:publisher\" content=\"https:\/\/www.facebook.com\/thebottleshopvietnam\" \/>\n<meta property=\"article:modified_time\" content=\"2024-04-16T01:30:19+00:00\" \/>\n<meta property=\"og:image\" content=\"https:\/\/mlsrfcxkkbzg.i.optimole.com\/cb:JbP2.215d7\/w:auto\/h:auto\/q:mauto\/ig:avif\/http:\/\/52.77.24.187\/wp-content\/uploads\/2023\/02\/Heart-of-Darkness-Speedboat-v2.0-Hazy-IPA.png\" \/>\n\t<meta property=\"og:image:width\" content=\"1080\" \/>\n\t<meta property=\"og:image:height\" content=\"1080\" \/>\n\t<meta property=\"og:image:type\" content=\"image\/png\" \/>\n<meta name=\"twitter:card\" content=\"summary_large_image\" \/>\n<meta name=\"twitter:label1\" content=\"Est. reading time\" \/>\n\t<meta name=\"twitter:data1\" content=\"1 minute\" \/>\n<script type=\"application\/ld+json\" class=\"yoast-schema-graph\">{\"@context\":\"https:\\\/\\\/schema.org\",\"@graph\":[{\"@type\":\"WebPage\",\"@id\":\"http:\\\/\\\/52.77.24.187\\\/vi\\\/san-pham\\\/hod-speedboat-v2-0-hazy-ipa\\\/\",\"url\":\"http:\\\/\\\/52.77.24.187\\\/vi\\\/san-pham\\\/hod-speedboat-v2-0-hazy-ipa\\\/\",\"name\":\"Heart of Darkness Speedboat V2.0 Hazy IPA - The Bottle Shop\",\"isPartOf\":{\"@id\":\"http:\\\/\\\/52.77.24.187\\\/#website\"},\"primaryImageOfPage\":{\"@id\":\"http:\\\/\\\/52.77.24.187\\\/vi\\\/san-pham\\\/hod-speedboat-v2-0-hazy-ipa\\\/#primaryimage\"},\"image\":{\"@id\":\"http:\\\/\\\/52.77.24.187\\\/vi\\\/san-pham\\\/hod-speedboat-v2-0-hazy-ipa\\\/#primaryimage\"},\"thumbnailUrl\":\"https:\\/\\/thebottleshop.vn\\/wp-content\\/uploads\\/2023\\/02\\/Heart-of-Darkness-Speedboat-v2.0-Hazy-IPA.png\",\"datePublished\":\"2023-02-01T01:31:46+00:00\",\"dateModified\":\"2024-04-16T01:30:19+00:00\",\"description\":\"Heart of Darkness Speedboat V2.0 Hazy IPA. Phi\u00ean b\u1ea3n th\u1ee9 hai c\u1ee7a series Speedboat - v\u1edbi s\u1ef1 h\u1ee3p t\u00e1c c\u00f9ng chuy\u00ean gia v\u1ec1 hoa bia Barth Haas. 6.4%\",\"breadcrumb\":{\"@id\":\"http:\\\/\\\/52.77.24.187\\\/vi\\\/san-pham\\\/hod-speedboat-v2-0-hazy-ipa\\\/#breadcrumb\"},\"inLanguage\":\"vi-VN\",\"potentialAction\":[{\"@type\":\"ReadAction\",\"target\":[\"http:\\\/\\\/52.77.24.187\\\/vi\\\/san-pham\\\/hod-speedboat-v2-0-hazy-ipa\\\/\"]}]},{\"@type\":\"ImageObject\",\"inLanguage\":\"vi-VN\",\"@id\":\"http:\\\/\\\/52.77.24.187\\\/vi\\\/san-pham\\\/hod-speedboat-v2-0-hazy-ipa\\\/#primaryimage\",\"url\":\"https:\\/\\/thebottleshop.vn\\/wp-content\\/uploads\\/2023\\/02\\/Heart-of-Darkness-Speedboat-v2.0-Hazy-IPA.png\",\"contentUrl\":\"https:\\/\\/thebottleshop.vn\\/wp-content\\/uploads\\/2023\\/02\\/Heart-of-Darkness-Speedboat-v2.0-Hazy-IPA.png\",\"width\":1080,\"height\":1080,\"caption\":\"Heart of Darkness Speedboat v2.0 Hazy IPA\"},{\"@type\":\"BreadcrumbList\",\"@id\":\"http:\\\/\\\/52.77.24.187\\\/vi\\\/san-pham\\\/hod-speedboat-v2-0-hazy-ipa\\\/#breadcrumb\",\"itemListElement\":[{\"@type\":\"ListItem\",\"position\":1,\"name\":\"Home\",\"item\":\"http:\\\/\\\/52.77.24.187\\\/vi\\\/test-popup-vi\\\/\"},{\"@type\":\"ListItem\",\"position\":2,\"name\":\"C\u1eeda h\u00e0ng\",\"item\":\"http:\\\/\\\/52.77.24.187\\\/vi\\\/cua-hang\\\/\"},{\"@type\":\"ListItem\",\"position\":3,\"name\":\"Heart of Darkness Speedboat V2.0 Hazy IPA\"}]},{\"@type\":\"WebSite\",\"@id\":\"http:\\\/\\\/52.77.24.187\\\/#website\",\"url\":\"http:\\\/\\\/52.77.24.187\\\/\",\"name\":\"The Bottle Shop\",\"description\":\"All beers are not created equal\",\"publisher\":{\"@id\":\"http:\\\/\\\/52.77.24.187\\\/#organization\"},\"potentialAction\":[{\"@type\":\"SearchAction\",\"target\":{\"@type\":\"EntryPoint\",\"urlTemplate\":\"http:\\\/\\\/52.77.24.187\\\/?s={search_term_string}\"},\"query-input\":{\"@type\":\"PropertyValueSpecification\",\"valueRequired\":true,\"valueName\":\"search_term_string\"}}],\"inLanguage\":\"vi-VN\"},{\"@type\":\"Organization\",\"@id\":\"http:\\\/\\\/52.77.24.187\\\/#organization\",\"name\":\"The Bottle Shop\",\"url\":\"http:\\\/\\\/52.77.24.187\\\/\",\"logo\":{\"@type\":\"ImageObject\",\"inLanguage\":\"vi-VN\",\"@id\":\"http:\\\/\\\/52.77.24.187\\\/#\\\/schema\\\/logo\\\/image\\\/\",\"url\":\"https:\\/\\/thebottleshop.vn\\/wp-content\\/uploads\\/2022\\/10\\/The-Bottle-Shop-Online-Logo.png\",\"contentUrl\":\"https:\\/\\/thebottleshop.vn\\/wp-content\\/uploads\\/2022\\/10\\/The-Bottle-Shop-Online-Logo.png\",\"width\":145,\"height\":147,\"caption\":\"The Bottle Shop\"},\"image\":{\"@id\":\"http:\\\/\\\/52.77.24.187\\\/#\\\/schema\\\/logo\\\/image\\\/\"},\"sameAs\":[\"https:\\\/\\\/www.facebook.com\\\/thebottleshopvietnam\",\"https:\\\/\\\/www.instagram.com\\\/thebottleshop_vietnam\\\/\"]}]}<\/script>\n<!-- \/ Yoast SEO plugin. -->","yoast_head_json":{"title":"Heart of Darkness Speedboat V2.0 Hazy IPA - The Bottle Shop","description":"Heart of Darkness Speedboat V2.0 Hazy IPA. Phi\u00ean b\u1ea3n th\u1ee9 hai c\u1ee7a series Speedboat - v\u1edbi s\u1ef1 h\u1ee3p t\u00e1c c\u00f9ng chuy\u00ean gia v\u1ec1 hoa bia Barth Haas. 6.4%","robots":{"index":"index","follow":"follow","max-snippet":"max-snippet:-1","max-image-preview":"max-image-preview:large","max-video-preview":"max-video-preview:-1"},"canonical":"http:\/\/52.77.24.187\/vi\/san-pham\/hod-speedboat-v2-0-hazy-ipa\/","og_locale":"vi_VN","og_type":"article","og_title":"Heart of Darkness Speedboat V2.0 Hazy IPA - The Bottle Shop","og_description":"Heart of Darkness Speedboat V2.0 Hazy IPA. Phi\u00ean b\u1ea3n th\u1ee9 hai c\u1ee7a series Speedboat - v\u1edbi s\u1ef1 h\u1ee3p t\u00e1c c\u00f9ng chuy\u00ean gia v\u1ec1 hoa bia Barth Haas. 6.4%","og_url":"http:\/\/52.77.24.187\/vi\/san-pham\/hod-speedboat-v2-0-hazy-ipa\/","og_site_name":"The Bottle Shop","article_publisher":"https:\/\/www.facebook.com\/thebottleshopvietnam","article_modified_time":"2024-04-16T01:30:19+00:00","og_image":[{"width":1080,"height":1080,"url":"https:\/\/mlsrfcxkkbzg.i.optimole.com\/cb:JbP2.215d7\/w:auto\/h:auto\/q:mauto\/ig:avif\/http:\/\/52.77.24.187\/wp-content\/uploads\/2023\/02\/Heart-of-Darkness-Speedboat-v2.0-Hazy-IPA.png","type":"image\/png"}],"twitter_card":"summary_large_image","twitter_misc":{"Est. reading time":"1 minute"},"schema":{"@context":"https:\/\/schema.org","@graph":[{"@type":"WebPage","@id":"http:\/\/52.77.24.187\/vi\/san-pham\/hod-speedboat-v2-0-hazy-ipa\/","url":"http:\/\/52.77.24.187\/vi\/san-pham\/hod-speedboat-v2-0-hazy-ipa\/","name":"Heart of Darkness Speedboat V2.0 Hazy IPA - The Bottle Shop","isPartOf":{"@id":"http:\/\/52.77.24.187\/#website"},"primaryImageOfPage":{"@id":"http:\/\/52.77.24.187\/vi\/san-pham\/hod-speedboat-v2-0-hazy-ipa\/#primaryimage"},"image":{"@id":"http:\/\/52.77.24.187\/vi\/san-pham\/hod-speedboat-v2-0-hazy-ipa\/#primaryimage"},"thumbnailUrl":"https:\/\/mlsrfcxkkbzg.i.optimole.com\/cb:JbP2.215d7\/w:auto\/h:auto\/q:mauto\/ig:avif\/https:\/\/thebottleshop.vn\/wp-content\/uploads\/2023\/02\/Heart-of-Darkness-Speedboat-v2.0-Hazy-IPA.png","datePublished":"2023-02-01T01:31:46+00:00","dateModified":"2024-04-16T01:30:19+00:00","description":"Heart of Darkness Speedboat V2.0 Hazy IPA. Phi\u00ean b\u1ea3n th\u1ee9 hai c\u1ee7a series Speedboat - v\u1edbi s\u1ef1 h\u1ee3p t\u00e1c c\u00f9ng chuy\u00ean gia v\u1ec1 hoa bia Barth Haas. 6.4%","breadcrumb":{"@id":"http:\/\/52.77.24.187\/vi\/san-pham\/hod-speedboat-v2-0-hazy-ipa\/#breadcrumb"},"inLanguage":"vi-VN","potentialAction":[{"@type":"ReadAction","target":["http:\/\/52.77.24.187\/vi\/san-pham\/hod-speedboat-v2-0-hazy-ipa\/"]}]},{"@type":"ImageObject","inLanguage":"vi-VN","@id":"http:\/\/52.77.24.187\/vi\/san-pham\/hod-speedboat-v2-0-hazy-ipa\/#primaryimage","url":"https:\/\/mlsrfcxkkbzg.i.optimole.com\/cb:JbP2.215d7\/w:auto\/h:auto\/q:mauto\/ig:avif\/https:\/\/thebottleshop.vn\/wp-content\/uploads\/2023\/02\/Heart-of-Darkness-Speedboat-v2.0-Hazy-IPA.png","contentUrl":"https:\/\/mlsrfcxkkbzg.i.optimole.com\/cb:JbP2.215d7\/w:auto\/h:auto\/q:mauto\/ig:avif\/https:\/\/thebottleshop.vn\/wp-content\/uploads\/2023\/02\/Heart-of-Darkness-Speedboat-v2.0-Hazy-IPA.png","width":1080,"height":1080,"caption":"Heart of Darkness Speedboat v2.0 Hazy IPA"},{"@type":"BreadcrumbList","@id":"http:\/\/52.77.24.187\/vi\/san-pham\/hod-speedboat-v2-0-hazy-ipa\/#breadcrumb","itemListElement":[{"@type":"ListItem","position":1,"name":"Home","item":"http:\/\/52.77.24.187\/vi\/test-popup-vi\/"},{"@type":"ListItem","position":2,"name":"C\u1eeda h\u00e0ng","item":"http:\/\/52.77.24.187\/vi\/cua-hang\/"},{"@type":"ListItem","position":3,"name":"Heart of Darkness Speedboat V2.0 Hazy IPA"}]},{"@type":"WebSite","@id":"http:\/\/52.77.24.187\/#website","url":"http:\/\/52.77.24.187\/","name":"The Bottle Shop","description":"All beers are not created equal","publisher":{"@id":"http:\/\/52.77.24.187\/#organization"},"potentialAction":[{"@type":"SearchAction","target":{"@type":"EntryPoint","urlTemplate":"http:\/\/52.77.24.187\/?s={search_term_string}"},"query-input":{"@type":"PropertyValueSpecification","valueRequired":true,"valueName":"search_term_string"}}],"inLanguage":"vi-VN"},{"@type":"Organization","@id":"http:\/\/52.77.24.187\/#organization","name":"The Bottle Shop","url":"http:\/\/52.77.24.187\/","logo":{"@type":"ImageObject","inLanguage":"vi-VN","@id":"http:\/\/52.77.24.187\/#\/schema\/logo\/image\/","url":"https:\/\/mlsrfcxkkbzg.i.optimole.com\/cb:JbP2.215d7\/w:auto\/h:auto\/q:mauto\/ig:avif\/https:\/\/thebottleshop.vn\/wp-content\/uploads\/2022\/10\/The-Bottle-Shop-Online-Logo.png","contentUrl":"https:\/\/mlsrfcxkkbzg.i.optimole.com\/cb:JbP2.215d7\/w:auto\/h:auto\/q:mauto\/ig:avif\/https:\/\/thebottleshop.vn\/wp-content\/uploads\/2022\/10\/The-Bottle-Shop-Online-Logo.png","width":145,"height":147,"caption":"The Bottle Shop"},"image":{"@id":"http:\/\/52.77.24.187\/#\/schema\/logo\/image\/"},"sameAs":["https:\/\/www.facebook.com\/thebottleshopvietnam","https:\/\/www.instagram.com\/thebottleshop_vietnam\/"]}]}},"_links":{"self":[{"href":"https:\/\/thebottleshop.vn\/vi\/wp-json\/wp\/v2\/product\/16822","targetHints":{"allow":["GET"]}}],"collection":[{"href":"https:\/\/thebottleshop.vn\/vi\/wp-json\/wp\/v2\/product"}],"about":[{"href":"https:\/\/thebottleshop.vn\/vi\/wp-json\/wp\/v2\/types\/product"}],"replies":[{"embeddable":true,"href":"https:\/\/thebottleshop.vn\/vi\/wp-json\/wp\/v2\/comments?post=16822"}],"wp:featuredmedia":[{"embeddable":true,"href":"https:\/\/thebottleshop.vn\/vi\/wp-json\/wp\/v2\/media\/16852"}],"wp:attachment":[{"href":"https:\/\/thebottleshop.vn\/vi\/wp-json\/wp\/v2\/media?parent=16822"}],"wp:term":[{"taxonomy":"product_brand","embeddable":true,"href":"https:\/\/thebottleshop.vn\/vi\/wp-json\/wp\/v2\/product_brand?post=16822"},{"taxonomy":"product_cat","embeddable":true,"href":"https:\/\/thebottleshop.vn\/vi\/wp-json\/wp\/v2\/product_cat?post=16822"},{"taxonomy":"product_tag","embeddable":true,"href":"https:\/\/thebottleshop.vn\/vi\/wp-json\/wp\/v2\/product_tag?post=16822"}],"curies":[{"name":"wp","href":"https:\/\/api.w.org\/{rel}","templated":true}]}}