{"id":16825,"date":"2023-02-01T16:52:54","date_gmt":"2023-02-01T09:53:42","guid":{"rendered":"https:\/\/thebottleshop.vn\/product\/steersman-pink-guava-hard-soda\/"},"modified":"2023-02-01T17:03:50","modified_gmt":"2023-02-01T10:03:50","slug":"steersman-pink-guava-hard-soda","status":"publish","type":"product","link":"https:\/\/thebottleshop.vn\/vi\/san-pham\/steersman-pink-guava-hard-soda\/","title":{"rendered":"Steersman Hard Soda \u1ed4i H\u1ed3ng"},"content":{"rendered":"<p>Steersman Hard Soda \u1ed4i H\u1ed3ng. Th\u1ee9c u\u1ed1ng m\u00f9a h\u00e8 ng\u1ecdt ng\u00e0o n\u00e0y \u0111\u01b0\u1ee3c l\u00e0m t\u1eeb h\u00e0ng t\u1ea5n \u1ed5i h\u1ed3ng v\u1edbi m\u1ed9t ch\u00fat v\u1ecb k\u1eb9o gum \u1edf m\u0169i. V\u1edbi m\u00e0u h\u1ed3ng t\u01b0\u01a1i, th\u1ee9c u\u1ed1ng nh\u1eb9 nh\u00e0ng n\u00e0y s\u1ebd khi\u1ebfn b\u1ea1n mu\u1ed1n u\u1ed1ng qu\u00e0i qu\u00e0i!<\/p>\n<p>\u2014\u2013<br \/>\nXem th\u01b0 vi\u1ec7n h\u00ecnh \u1ea3nh \u0111\u1ec3 bi\u1ebft th\u00eam th\u00f4ng tin chi ti\u1ebft v\u1ec1 ngu\u1ed3n g\u1ed1c, th\u00e0nh ph\u1ea7n v\u00e0 h\u01b0\u1edbng d\u1eabn s\u1eed d\u1ee5ng c\u1ee7a s\u1ea3n ph\u1ea9m.<\/p>\n","protected":false},"excerpt":{"rendered":"<p>Ng\u1ecdt ng\u00e0o, Nh\u1eb9 nh\u00e0ng, S\u1ea3ng kho\u00e1i 5%<\/p>\n","protected":false},"featured_media":16850,"comment_status":"open","ping_status":"closed","template":"","meta":{"_acf_changed":false},"product_brand":[],"product_cat":[353,340,514,347,396,351,366,345,339,341,487,352,513,344,462],"product_tag":[],"class_list":{"0":"post-16825","1":"product","2":"type-product","3":"status-publish","4":"has-post-thumbnail","6":"product_cat-50k-74k","7":"product_cat-vietnam-hcmc","8":"product_cat-khong-gluten","9":"product_cat-4-5-9","10":"product_cat-soda-seltzer","11":"product_cat-dong-bia","12":"product_cat-nha-san-xuat","13":"product_cat-abv-vi","14":"product_cat-xuat-xu","15":"product_cat-dong-goi","16":"product_cat-hard-soda","17":"product_cat-gia","18":"product_cat-khac","19":"product_cat-lon-330-ml","20":"product_cat-steersman-brewery","22":"first","23":"instock","24":"shipping-taxable","25":"purchasable","26":"product-type-simple","27":"add-to-wishlist-before_image"},"acf":[],"yoast_head":"<!-- This site is optimized with the Yoast SEO plugin v27.5 - https:\/\/yoast.com\/product\/yoast-seo-wordpress\/ -->\n<title>Steersman Hard Soda \u1ed4i H\u1ed3ng - The Bottle Shop<\/title>\n<meta name=\"description\" content=\"Steersman Hard Soda \u1ed4i H\u1ed3ng. Th\u1ee9c u\u1ed1ng m\u00f9a h\u00e8 ng\u1ecdt ng\u00e0o n\u00e0y \u0111\u01b0\u1ee3c l\u00e0m t\u1eeb h\u00e0ng t\u1ea5n \u1ed5i h\u1ed3ng v\u1edbi m\u1ed9t ch\u00fat v\u1ecb k\u1eb9o gum \u1edf m\u0169i. Ng\u1ecdt, nh\u1eb9, s\u1ea3ng kho\u00e1i. 5%\" \/>\n<meta name=\"robots\" content=\"index, follow, max-snippet:-1, max-image-preview:large, max-video-preview:-1\" \/>\n<link rel=\"canonical\" href=\"http:\/\/52.77.24.187\/vi\/san-pham\/steersman-pink-guava-hard-soda\/\" \/>\n<meta property=\"og:locale\" content=\"vi_VN\" \/>\n<meta property=\"og:type\" content=\"article\" \/>\n<meta property=\"og:title\" content=\"Steersman Hard Soda \u1ed4i H\u1ed3ng - The Bottle Shop\" \/>\n<meta property=\"og:description\" content=\"Steersman Hard Soda \u1ed4i H\u1ed3ng. Th\u1ee9c u\u1ed1ng m\u00f9a h\u00e8 ng\u1ecdt ng\u00e0o n\u00e0y \u0111\u01b0\u1ee3c l\u00e0m t\u1eeb h\u00e0ng t\u1ea5n \u1ed5i h\u1ed3ng v\u1edbi m\u1ed9t ch\u00fat v\u1ecb k\u1eb9o gum \u1edf m\u0169i. Ng\u1ecdt, nh\u1eb9, s\u1ea3ng kho\u00e1i. 5%\" \/>\n<meta property=\"og:url\" content=\"http:\/\/52.77.24.187\/vi\/san-pham\/steersman-pink-guava-hard-soda\/\" \/>\n<meta property=\"og:site_name\" content=\"The Bottle Shop\" \/>\n<meta property=\"article:publisher\" content=\"https:\/\/www.facebook.com\/thebottleshopvietnam\" \/>\n<meta property=\"article:modified_time\" content=\"2023-02-01T10:03:50+00:00\" \/>\n<meta property=\"og:image\" content=\"https:\/\/mlsrfcxkkbzg.i.optimole.com\/cb:JbP2.215d7\/w:auto\/h:auto\/q:mauto\/ig:avif\/http:\/\/52.77.24.187\/wp-content\/uploads\/2023\/02\/Steersman-Pink-Guava-Hard-Soda.png\" \/>\n\t<meta property=\"og:image:width\" content=\"1080\" \/>\n\t<meta property=\"og:image:height\" content=\"1080\" \/>\n\t<meta property=\"og:image:type\" content=\"image\/png\" \/>\n<meta name=\"twitter:card\" content=\"summary_large_image\" \/>\n<meta name=\"twitter:label1\" content=\"Est. reading time\" \/>\n\t<meta name=\"twitter:data1\" content=\"1 minute\" \/>\n<script type=\"application\/ld+json\" class=\"yoast-schema-graph\">{\"@context\":\"https:\\\/\\\/schema.org\",\"@graph\":[{\"@type\":\"WebPage\",\"@id\":\"http:\\\/\\\/52.77.24.187\\\/vi\\\/san-pham\\\/steersman-pink-guava-hard-soda\\\/\",\"url\":\"http:\\\/\\\/52.77.24.187\\\/vi\\\/san-pham\\\/steersman-pink-guava-hard-soda\\\/\",\"name\":\"Steersman Hard Soda \u1ed4i H\u1ed3ng - The Bottle Shop\",\"isPartOf\":{\"@id\":\"http:\\\/\\\/52.77.24.187\\\/#website\"},\"primaryImageOfPage\":{\"@id\":\"http:\\\/\\\/52.77.24.187\\\/vi\\\/san-pham\\\/steersman-pink-guava-hard-soda\\\/#primaryimage\"},\"image\":{\"@id\":\"http:\\\/\\\/52.77.24.187\\\/vi\\\/san-pham\\\/steersman-pink-guava-hard-soda\\\/#primaryimage\"},\"thumbnailUrl\":\"https:\\/\\/thebottleshop.vn\\/wp-content\\/uploads\\/2023\\/02\\/Steersman-Pink-Guava-Hard-Soda.png\",\"datePublished\":\"2023-02-01T09:53:42+00:00\",\"dateModified\":\"2023-02-01T10:03:50+00:00\",\"description\":\"Steersman Hard Soda \u1ed4i H\u1ed3ng. Th\u1ee9c u\u1ed1ng m\u00f9a h\u00e8 ng\u1ecdt ng\u00e0o n\u00e0y \u0111\u01b0\u1ee3c l\u00e0m t\u1eeb h\u00e0ng t\u1ea5n \u1ed5i h\u1ed3ng v\u1edbi m\u1ed9t ch\u00fat v\u1ecb k\u1eb9o gum \u1edf m\u0169i. Ng\u1ecdt, nh\u1eb9, s\u1ea3ng kho\u00e1i. 5%\",\"breadcrumb\":{\"@id\":\"http:\\\/\\\/52.77.24.187\\\/vi\\\/san-pham\\\/steersman-pink-guava-hard-soda\\\/#breadcrumb\"},\"inLanguage\":\"vi-VN\",\"potentialAction\":[{\"@type\":\"ReadAction\",\"target\":[\"http:\\\/\\\/52.77.24.187\\\/vi\\\/san-pham\\\/steersman-pink-guava-hard-soda\\\/\"]}]},{\"@type\":\"ImageObject\",\"inLanguage\":\"vi-VN\",\"@id\":\"http:\\\/\\\/52.77.24.187\\\/vi\\\/san-pham\\\/steersman-pink-guava-hard-soda\\\/#primaryimage\",\"url\":\"https:\\/\\/thebottleshop.vn\\/wp-content\\/uploads\\/2023\\/02\\/Steersman-Pink-Guava-Hard-Soda.png\",\"contentUrl\":\"https:\\/\\/thebottleshop.vn\\/wp-content\\/uploads\\/2023\\/02\\/Steersman-Pink-Guava-Hard-Soda.png\",\"width\":1080,\"height\":1080,\"caption\":\"Steersman Pink Guava Hard Soda\"},{\"@type\":\"BreadcrumbList\",\"@id\":\"http:\\\/\\\/52.77.24.187\\\/vi\\\/san-pham\\\/steersman-pink-guava-hard-soda\\\/#breadcrumb\",\"itemListElement\":[{\"@type\":\"ListItem\",\"position\":1,\"name\":\"Home\",\"item\":\"http:\\\/\\\/52.77.24.187\\\/vi\\\/test-popup-vi\\\/\"},{\"@type\":\"ListItem\",\"position\":2,\"name\":\"C\u1eeda h\u00e0ng\",\"item\":\"http:\\\/\\\/52.77.24.187\\\/vi\\\/cua-hang\\\/\"},{\"@type\":\"ListItem\",\"position\":3,\"name\":\"Steersman Hard Soda \u1ed4i H\u1ed3ng\"}]},{\"@type\":\"WebSite\",\"@id\":\"http:\\\/\\\/52.77.24.187\\\/#website\",\"url\":\"http:\\\/\\\/52.77.24.187\\\/\",\"name\":\"The Bottle Shop\",\"description\":\"All beers are not created equal\",\"publisher\":{\"@id\":\"http:\\\/\\\/52.77.24.187\\\/#organization\"},\"potentialAction\":[{\"@type\":\"SearchAction\",\"target\":{\"@type\":\"EntryPoint\",\"urlTemplate\":\"http:\\\/\\\/52.77.24.187\\\/?s={search_term_string}\"},\"query-input\":{\"@type\":\"PropertyValueSpecification\",\"valueRequired\":true,\"valueName\":\"search_term_string\"}}],\"inLanguage\":\"vi-VN\"},{\"@type\":\"Organization\",\"@id\":\"http:\\\/\\\/52.77.24.187\\\/#organization\",\"name\":\"The Bottle Shop\",\"url\":\"http:\\\/\\\/52.77.24.187\\\/\",\"logo\":{\"@type\":\"ImageObject\",\"inLanguage\":\"vi-VN\",\"@id\":\"http:\\\/\\\/52.77.24.187\\\/#\\\/schema\\\/logo\\\/image\\\/\",\"url\":\"https:\\/\\/thebottleshop.vn\\/wp-content\\/uploads\\/2022\\/10\\/The-Bottle-Shop-Online-Logo.png\",\"contentUrl\":\"https:\\/\\/thebottleshop.vn\\/wp-content\\/uploads\\/2022\\/10\\/The-Bottle-Shop-Online-Logo.png\",\"width\":145,\"height\":147,\"caption\":\"The Bottle Shop\"},\"image\":{\"@id\":\"http:\\\/\\\/52.77.24.187\\\/#\\\/schema\\\/logo\\\/image\\\/\"},\"sameAs\":[\"https:\\\/\\\/www.facebook.com\\\/thebottleshopvietnam\",\"https:\\\/\\\/www.instagram.com\\\/thebottleshop_vietnam\\\/\"]}]}<\/script>\n<!-- \/ Yoast SEO plugin. -->","yoast_head_json":{"title":"Steersman Hard Soda \u1ed4i H\u1ed3ng - The Bottle Shop","description":"Steersman Hard Soda \u1ed4i H\u1ed3ng. Th\u1ee9c u\u1ed1ng m\u00f9a h\u00e8 ng\u1ecdt ng\u00e0o n\u00e0y \u0111\u01b0\u1ee3c l\u00e0m t\u1eeb h\u00e0ng t\u1ea5n \u1ed5i h\u1ed3ng v\u1edbi m\u1ed9t ch\u00fat v\u1ecb k\u1eb9o gum \u1edf m\u0169i. Ng\u1ecdt, nh\u1eb9, s\u1ea3ng kho\u00e1i. 5%","robots":{"index":"index","follow":"follow","max-snippet":"max-snippet:-1","max-image-preview":"max-image-preview:large","max-video-preview":"max-video-preview:-1"},"canonical":"http:\/\/52.77.24.187\/vi\/san-pham\/steersman-pink-guava-hard-soda\/","og_locale":"vi_VN","og_type":"article","og_title":"Steersman Hard Soda \u1ed4i H\u1ed3ng - The Bottle Shop","og_description":"Steersman Hard Soda \u1ed4i H\u1ed3ng. Th\u1ee9c u\u1ed1ng m\u00f9a h\u00e8 ng\u1ecdt ng\u00e0o n\u00e0y \u0111\u01b0\u1ee3c l\u00e0m t\u1eeb h\u00e0ng t\u1ea5n \u1ed5i h\u1ed3ng v\u1edbi m\u1ed9t ch\u00fat v\u1ecb k\u1eb9o gum \u1edf m\u0169i. Ng\u1ecdt, nh\u1eb9, s\u1ea3ng kho\u00e1i. 5%","og_url":"http:\/\/52.77.24.187\/vi\/san-pham\/steersman-pink-guava-hard-soda\/","og_site_name":"The Bottle Shop","article_publisher":"https:\/\/www.facebook.com\/thebottleshopvietnam","article_modified_time":"2023-02-01T10:03:50+00:00","og_image":[{"width":1080,"height":1080,"url":"https:\/\/mlsrfcxkkbzg.i.optimole.com\/cb:JbP2.215d7\/w:auto\/h:auto\/q:mauto\/ig:avif\/http:\/\/52.77.24.187\/wp-content\/uploads\/2023\/02\/Steersman-Pink-Guava-Hard-Soda.png","type":"image\/png"}],"twitter_card":"summary_large_image","twitter_misc":{"Est. reading time":"1 minute"},"schema":{"@context":"https:\/\/schema.org","@graph":[{"@type":"WebPage","@id":"http:\/\/52.77.24.187\/vi\/san-pham\/steersman-pink-guava-hard-soda\/","url":"http:\/\/52.77.24.187\/vi\/san-pham\/steersman-pink-guava-hard-soda\/","name":"Steersman Hard Soda \u1ed4i H\u1ed3ng - The Bottle Shop","isPartOf":{"@id":"http:\/\/52.77.24.187\/#website"},"primaryImageOfPage":{"@id":"http:\/\/52.77.24.187\/vi\/san-pham\/steersman-pink-guava-hard-soda\/#primaryimage"},"image":{"@id":"http:\/\/52.77.24.187\/vi\/san-pham\/steersman-pink-guava-hard-soda\/#primaryimage"},"thumbnailUrl":"https:\/\/mlsrfcxkkbzg.i.optimole.com\/cb:JbP2.215d7\/w:auto\/h:auto\/q:mauto\/ig:avif\/https:\/\/thebottleshop.vn\/wp-content\/uploads\/2023\/02\/Steersman-Pink-Guava-Hard-Soda.png","datePublished":"2023-02-01T09:53:42+00:00","dateModified":"2023-02-01T10:03:50+00:00","description":"Steersman Hard Soda \u1ed4i H\u1ed3ng. Th\u1ee9c u\u1ed1ng m\u00f9a h\u00e8 ng\u1ecdt ng\u00e0o n\u00e0y \u0111\u01b0\u1ee3c l\u00e0m t\u1eeb h\u00e0ng t\u1ea5n \u1ed5i h\u1ed3ng v\u1edbi m\u1ed9t ch\u00fat v\u1ecb k\u1eb9o gum \u1edf m\u0169i. Ng\u1ecdt, nh\u1eb9, s\u1ea3ng kho\u00e1i. 5%","breadcrumb":{"@id":"http:\/\/52.77.24.187\/vi\/san-pham\/steersman-pink-guava-hard-soda\/#breadcrumb"},"inLanguage":"vi-VN","potentialAction":[{"@type":"ReadAction","target":["http:\/\/52.77.24.187\/vi\/san-pham\/steersman-pink-guava-hard-soda\/"]}]},{"@type":"ImageObject","inLanguage":"vi-VN","@id":"http:\/\/52.77.24.187\/vi\/san-pham\/steersman-pink-guava-hard-soda\/#primaryimage","url":"https:\/\/mlsrfcxkkbzg.i.optimole.com\/cb:JbP2.215d7\/w:auto\/h:auto\/q:mauto\/ig:avif\/https:\/\/thebottleshop.vn\/wp-content\/uploads\/2023\/02\/Steersman-Pink-Guava-Hard-Soda.png","contentUrl":"https:\/\/mlsrfcxkkbzg.i.optimole.com\/cb:JbP2.215d7\/w:auto\/h:auto\/q:mauto\/ig:avif\/https:\/\/thebottleshop.vn\/wp-content\/uploads\/2023\/02\/Steersman-Pink-Guava-Hard-Soda.png","width":1080,"height":1080,"caption":"Steersman Pink Guava Hard Soda"},{"@type":"BreadcrumbList","@id":"http:\/\/52.77.24.187\/vi\/san-pham\/steersman-pink-guava-hard-soda\/#breadcrumb","itemListElement":[{"@type":"ListItem","position":1,"name":"Home","item":"http:\/\/52.77.24.187\/vi\/test-popup-vi\/"},{"@type":"ListItem","position":2,"name":"C\u1eeda h\u00e0ng","item":"http:\/\/52.77.24.187\/vi\/cua-hang\/"},{"@type":"ListItem","position":3,"name":"Steersman Hard Soda \u1ed4i H\u1ed3ng"}]},{"@type":"WebSite","@id":"http:\/\/52.77.24.187\/#website","url":"http:\/\/52.77.24.187\/","name":"The Bottle Shop","description":"All beers are not created equal","publisher":{"@id":"http:\/\/52.77.24.187\/#organization"},"potentialAction":[{"@type":"SearchAction","target":{"@type":"EntryPoint","urlTemplate":"http:\/\/52.77.24.187\/?s={search_term_string}"},"query-input":{"@type":"PropertyValueSpecification","valueRequired":true,"valueName":"search_term_string"}}],"inLanguage":"vi-VN"},{"@type":"Organization","@id":"http:\/\/52.77.24.187\/#organization","name":"The Bottle Shop","url":"http:\/\/52.77.24.187\/","logo":{"@type":"ImageObject","inLanguage":"vi-VN","@id":"http:\/\/52.77.24.187\/#\/schema\/logo\/image\/","url":"https:\/\/mlsrfcxkkbzg.i.optimole.com\/cb:JbP2.215d7\/w:auto\/h:auto\/q:mauto\/ig:avif\/https:\/\/thebottleshop.vn\/wp-content\/uploads\/2022\/10\/The-Bottle-Shop-Online-Logo.png","contentUrl":"https:\/\/mlsrfcxkkbzg.i.optimole.com\/cb:JbP2.215d7\/w:auto\/h:auto\/q:mauto\/ig:avif\/https:\/\/thebottleshop.vn\/wp-content\/uploads\/2022\/10\/The-Bottle-Shop-Online-Logo.png","width":145,"height":147,"caption":"The Bottle Shop"},"image":{"@id":"http:\/\/52.77.24.187\/#\/schema\/logo\/image\/"},"sameAs":["https:\/\/www.facebook.com\/thebottleshopvietnam","https:\/\/www.instagram.com\/thebottleshop_vietnam\/"]}]}},"_links":{"self":[{"href":"https:\/\/thebottleshop.vn\/vi\/wp-json\/wp\/v2\/product\/16825","targetHints":{"allow":["GET"]}}],"collection":[{"href":"https:\/\/thebottleshop.vn\/vi\/wp-json\/wp\/v2\/product"}],"about":[{"href":"https:\/\/thebottleshop.vn\/vi\/wp-json\/wp\/v2\/types\/product"}],"replies":[{"embeddable":true,"href":"https:\/\/thebottleshop.vn\/vi\/wp-json\/wp\/v2\/comments?post=16825"}],"wp:featuredmedia":[{"embeddable":true,"href":"https:\/\/thebottleshop.vn\/vi\/wp-json\/wp\/v2\/media\/16850"}],"wp:attachment":[{"href":"https:\/\/thebottleshop.vn\/vi\/wp-json\/wp\/v2\/media?parent=16825"}],"wp:term":[{"taxonomy":"product_brand","embeddable":true,"href":"https:\/\/thebottleshop.vn\/vi\/wp-json\/wp\/v2\/product_brand?post=16825"},{"taxonomy":"product_cat","embeddable":true,"href":"https:\/\/thebottleshop.vn\/vi\/wp-json\/wp\/v2\/product_cat?post=16825"},{"taxonomy":"product_tag","embeddable":true,"href":"https:\/\/thebottleshop.vn\/vi\/wp-json\/wp\/v2\/product_tag?post=16825"}],"curies":[{"name":"wp","href":"https:\/\/api.w.org\/{rel}","templated":true}]}}