{"id":17350,"date":"2023-03-13T07:36:05","date_gmt":"2023-03-13T00:36:05","guid":{"rendered":"https:\/\/thebottleshop.vn\/product\/mead-mondays-cultra-limeade\/"},"modified":"2024-10-08T00:00:05","modified_gmt":"2024-10-07T17:00:05","slug":"mead-mondays-cultra-limeade","status":"publish","type":"product","link":"https:\/\/thebottleshop.vn\/vi\/san-pham\/mead-mondays-cultra-limeade\/","title":{"rendered":"Mead Mondays Cultra Limeade"},"content":{"rendered":"<p>Mead Mondays! Mua 2 t\u1eb7ng 1 v\u00e0o th\u1ee9 2 h\u00e0ng tu\u1ea7n!<\/p>\n<p>Cultra Limeade \u0111\u01b0\u1ee3c l\u00ean men t\u1eeb m\u1eadt ong nguy\u00ean ch\u1ea5t k\u1ebft h\u1ee3p v\u1edbi n\u01b0\u1edbc chanh t\u01b0\u01a1i \u0111\u00e3 t\u1ea1o ra m\u1ed9t lo\u1ea1i n\u01b0\u1edbc gi\u1ea3i kh\u00e1t l\u00ean men c\u00f3 v\u1ecb chua c\u00e2n b\u1eb1ng. M\u1ed9t s\u1ea3n ph\u1ea9m l\u00e0m d\u1ecbu c\u01a1n kh\u00e1t ho\u00e0n h\u1ea3o trong th\u1eddi ti\u1ebft n\u00f3ng b\u1ee9c!<\/p>\n<p>&#8212;&#8211;<br \/>\nXem th\u01b0 vi\u1ec7n h\u00ecnh \u1ea3nh \u0111\u1ec3 bi\u1ebft th\u00eam th\u00f4ng tin chi ti\u1ebft v\u1ec1 ngu\u1ed3n g\u1ed1c, th\u00e0nh ph\u1ea7n v\u00e0 h\u01b0\u1edbng d\u1eabn s\u1eed d\u1ee5ng c\u1ee7a s\u1ea3n ph\u1ea9m.<\/p>\n<p>&nbsp;<\/p>\n","protected":false},"excerpt":{"rendered":"<p><strong>Cam chanh, C\u00e2n b\u1eb1ng, S\u1ea3ng kho\u00e1i 9%<\/strong><\/p>\n","protected":false},"featured_media":18211,"comment_status":"open","ping_status":"closed","template":"","meta":{"_acf_changed":false},"product_brand":[],"product_cat":[390,385,514,337,350,338,375,351,366,345,525,339,341,352,565,364,513,686,567],"product_tag":[],"class_list":{"0":"post-17350","1":"product","2":"type-product","3":"status-publish","4":"has-post-thumbnail","6":"product_cat-vietnam-hanoi","7":"product_cat-top-deals","8":"product_cat-khong-gluten","9":"product_cat-bia-va-cider","10":"product_cat-8-9-9","11":"product_cat-ruou-va-ruou-vang","12":"product_cat-750k-999k","13":"product_cat-dong-bia","14":"product_cat-nha-san-xuat","15":"product_cat-abv-vi","16":"product_cat-ruou-vang","17":"product_cat-xuat-xu","18":"product_cat-dong-goi","19":"product_cat-gia","20":"product_cat-cultra-brewery-vi","21":"product_cat-dong-ruou","22":"product_cat-khac","23":"product_cat-chai-3x750ml","24":"product_cat-mead-vi","26":"first","27":"outofstock","28":"sale","29":"shipping-taxable","30":"purchasable","31":"product-type-simple","32":"add-to-wishlist-before_image"},"acf":[],"yoast_head":"<!-- This site is optimized with the Yoast SEO plugin v27.2 - https:\/\/yoast.com\/product\/yoast-seo-wordpress\/ -->\n<title>Mead Mondays Cultra Limeade - The Bottle Shop<\/title>\n<meta name=\"description\" content=\"Cultra Limeade \u0111\u01b0\u1ee3c l\u00ean men t\u1eeb m\u1eadt ong nguy\u00ean ch\u1ea5t k\u1ebft h\u1ee3p v\u1edbi n\u01b0\u1edbc chanh t\u01b0\u01a1i \u0111\u00e3 t\u1ea1o ra m\u1ed9t lo\u1ea1i n\u01b0\u1edbc gi\u1ea3i kh\u00e1t l\u00ean men c\u00f3 v\u1ecb chua c\u00e2n b\u1eb1ng.\" \/>\n<meta name=\"robots\" content=\"index, follow, max-snippet:-1, max-image-preview:large, max-video-preview:-1\" \/>\n<link rel=\"canonical\" href=\"http:\/\/52.77.24.187\/vi\/san-pham\/mead-mondays-cultra-limeade\/\" \/>\n<meta property=\"og:locale\" content=\"vi_VN\" \/>\n<meta property=\"og:type\" content=\"article\" \/>\n<meta property=\"og:title\" content=\"Mead Mondays Cultra Limeade - The Bottle Shop\" \/>\n<meta property=\"og:description\" content=\"Cultra Limeade \u0111\u01b0\u1ee3c l\u00ean men t\u1eeb m\u1eadt ong nguy\u00ean ch\u1ea5t k\u1ebft h\u1ee3p v\u1edbi n\u01b0\u1edbc chanh t\u01b0\u01a1i \u0111\u00e3 t\u1ea1o ra m\u1ed9t lo\u1ea1i n\u01b0\u1edbc gi\u1ea3i kh\u00e1t l\u00ean men c\u00f3 v\u1ecb chua c\u00e2n b\u1eb1ng.\" \/>\n<meta property=\"og:url\" content=\"http:\/\/52.77.24.187\/vi\/san-pham\/mead-mondays-cultra-limeade\/\" \/>\n<meta property=\"og:site_name\" content=\"The Bottle Shop\" \/>\n<meta property=\"article:publisher\" content=\"https:\/\/www.facebook.com\/thebottleshopvietnam\" \/>\n<meta property=\"article:modified_time\" content=\"2024-10-07T17:00:05+00:00\" \/>\n<meta property=\"og:image\" content=\"https:\/\/mlsrfcxkkbzg.i.optimole.com\/cb:JbP2.215d7\/w:auto\/h:auto\/q:mauto\/ig:avif\/http:\/\/52.77.24.187\/wp-content\/uploads\/2023\/09\/Mead-Mondays-Cultra-Limeade-Mead.png\" \/>\n\t<meta property=\"og:image:width\" content=\"1080\" \/>\n\t<meta property=\"og:image:height\" content=\"1080\" \/>\n\t<meta property=\"og:image:type\" content=\"image\/png\" \/>\n<meta name=\"twitter:card\" content=\"summary_large_image\" \/>\n<meta name=\"twitter:label1\" content=\"Est. reading time\" \/>\n\t<meta name=\"twitter:data1\" content=\"1 minute\" \/>\n<script type=\"application\/ld+json\" class=\"yoast-schema-graph\">{\"@context\":\"https:\/\/schema.org\",\"@graph\":[{\"@type\":\"WebPage\",\"@id\":\"http:\/\/52.77.24.187\/vi\/san-pham\/mead-mondays-cultra-limeade\/\",\"url\":\"http:\/\/52.77.24.187\/vi\/san-pham\/mead-mondays-cultra-limeade\/\",\"name\":\"Mead Mondays Cultra Limeade - The Bottle Shop\",\"isPartOf\":{\"@id\":\"http:\/\/52.77.24.187\/#website\"},\"primaryImageOfPage\":{\"@id\":\"http:\/\/52.77.24.187\/vi\/san-pham\/mead-mondays-cultra-limeade\/#primaryimage\"},\"image\":{\"@id\":\"http:\/\/52.77.24.187\/vi\/san-pham\/mead-mondays-cultra-limeade\/#primaryimage\"},\"thumbnailUrl\":\"https:\/\/mlsrfcxkkbzg.i.optimole.com\/cb:JbP2.215d7\/w:auto\/h:auto\/q:mauto\/ig:avif\/https:\/\/thebottleshop.vn\/wp-content\/uploads\/2023\/09\/Mead-Mondays-Cultra-Limeade-Mead.png\",\"datePublished\":\"2023-03-13T00:36:05+00:00\",\"dateModified\":\"2024-10-07T17:00:05+00:00\",\"description\":\"Cultra Limeade \u0111\u01b0\u1ee3c l\u00ean men t\u1eeb m\u1eadt ong nguy\u00ean ch\u1ea5t k\u1ebft h\u1ee3p v\u1edbi n\u01b0\u1edbc chanh t\u01b0\u01a1i \u0111\u00e3 t\u1ea1o ra m\u1ed9t lo\u1ea1i n\u01b0\u1edbc gi\u1ea3i kh\u00e1t l\u00ean men c\u00f3 v\u1ecb chua c\u00e2n b\u1eb1ng.\",\"breadcrumb\":{\"@id\":\"http:\/\/52.77.24.187\/vi\/san-pham\/mead-mondays-cultra-limeade\/#breadcrumb\"},\"inLanguage\":\"vi-VN\",\"potentialAction\":[{\"@type\":\"ReadAction\",\"target\":[\"http:\/\/52.77.24.187\/vi\/san-pham\/mead-mondays-cultra-limeade\/\"]}]},{\"@type\":\"ImageObject\",\"inLanguage\":\"vi-VN\",\"@id\":\"http:\/\/52.77.24.187\/vi\/san-pham\/mead-mondays-cultra-limeade\/#primaryimage\",\"url\":\"https:\/\/mlsrfcxkkbzg.i.optimole.com\/cb:JbP2.215d7\/w:auto\/h:auto\/q:mauto\/ig:avif\/https:\/\/thebottleshop.vn\/wp-content\/uploads\/2023\/09\/Mead-Mondays-Cultra-Limeade-Mead.png\",\"contentUrl\":\"https:\/\/mlsrfcxkkbzg.i.optimole.com\/cb:JbP2.215d7\/w:auto\/h:auto\/q:mauto\/ig:avif\/https:\/\/thebottleshop.vn\/wp-content\/uploads\/2023\/09\/Mead-Mondays-Cultra-Limeade-Mead.png\",\"width\":1080,\"height\":1080,\"caption\":\"Mead Mondays Cultra Limeade Mead\"},{\"@type\":\"BreadcrumbList\",\"@id\":\"http:\/\/52.77.24.187\/vi\/san-pham\/mead-mondays-cultra-limeade\/#breadcrumb\",\"itemListElement\":[{\"@type\":\"ListItem\",\"position\":1,\"name\":\"Home\",\"item\":\"http:\/\/52.77.24.187\/vi\/test-popup-vi\/\"},{\"@type\":\"ListItem\",\"position\":2,\"name\":\"C\u1eeda h\u00e0ng\",\"item\":\"http:\/\/52.77.24.187\/vi\/cua-hang\/\"},{\"@type\":\"ListItem\",\"position\":3,\"name\":\"Mead Mondays Cultra Limeade\"}]},{\"@type\":\"WebSite\",\"@id\":\"http:\/\/52.77.24.187\/#website\",\"url\":\"http:\/\/52.77.24.187\/\",\"name\":\"The Bottle Shop\",\"description\":\"All beers are not created equal\",\"publisher\":{\"@id\":\"http:\/\/52.77.24.187\/#organization\"},\"potentialAction\":[{\"@type\":\"SearchAction\",\"target\":{\"@type\":\"EntryPoint\",\"urlTemplate\":\"http:\/\/52.77.24.187\/?s={search_term_string}\"},\"query-input\":{\"@type\":\"PropertyValueSpecification\",\"valueRequired\":true,\"valueName\":\"search_term_string\"}}],\"inLanguage\":\"vi-VN\"},{\"@type\":\"Organization\",\"@id\":\"http:\/\/52.77.24.187\/#organization\",\"name\":\"The Bottle Shop\",\"url\":\"http:\/\/52.77.24.187\/\",\"logo\":{\"@type\":\"ImageObject\",\"inLanguage\":\"vi-VN\",\"@id\":\"http:\/\/52.77.24.187\/#\/schema\/logo\/image\/\",\"url\":\"https:\/\/mlsrfcxkkbzg.i.optimole.com\/cb:JbP2.215d7\/w:auto\/h:auto\/q:mauto\/ig:avif\/https:\/\/thebottleshop.vn\/wp-content\/uploads\/2022\/10\/The-Bottle-Shop-Online-Logo.png\",\"contentUrl\":\"https:\/\/mlsrfcxkkbzg.i.optimole.com\/cb:JbP2.215d7\/w:auto\/h:auto\/q:mauto\/ig:avif\/https:\/\/thebottleshop.vn\/wp-content\/uploads\/2022\/10\/The-Bottle-Shop-Online-Logo.png\",\"width\":145,\"height\":147,\"caption\":\"The Bottle Shop\"},\"image\":{\"@id\":\"http:\/\/52.77.24.187\/#\/schema\/logo\/image\/\"},\"sameAs\":[\"https:\/\/www.facebook.com\/thebottleshopvietnam\",\"https:\/\/www.instagram.com\/thebottleshop_vietnam\/\"]}]}<\/script>\n<!-- \/ Yoast SEO plugin. -->","yoast_head_json":{"title":"Mead Mondays Cultra Limeade - The Bottle Shop","description":"Cultra Limeade \u0111\u01b0\u1ee3c l\u00ean men t\u1eeb m\u1eadt ong nguy\u00ean ch\u1ea5t k\u1ebft h\u1ee3p v\u1edbi n\u01b0\u1edbc chanh t\u01b0\u01a1i \u0111\u00e3 t\u1ea1o ra m\u1ed9t lo\u1ea1i n\u01b0\u1edbc gi\u1ea3i kh\u00e1t l\u00ean men c\u00f3 v\u1ecb chua c\u00e2n b\u1eb1ng.","robots":{"index":"index","follow":"follow","max-snippet":"max-snippet:-1","max-image-preview":"max-image-preview:large","max-video-preview":"max-video-preview:-1"},"canonical":"http:\/\/52.77.24.187\/vi\/san-pham\/mead-mondays-cultra-limeade\/","og_locale":"vi_VN","og_type":"article","og_title":"Mead Mondays Cultra Limeade - The Bottle Shop","og_description":"Cultra Limeade \u0111\u01b0\u1ee3c l\u00ean men t\u1eeb m\u1eadt ong nguy\u00ean ch\u1ea5t k\u1ebft h\u1ee3p v\u1edbi n\u01b0\u1edbc chanh t\u01b0\u01a1i \u0111\u00e3 t\u1ea1o ra m\u1ed9t lo\u1ea1i n\u01b0\u1edbc gi\u1ea3i kh\u00e1t l\u00ean men c\u00f3 v\u1ecb chua c\u00e2n b\u1eb1ng.","og_url":"http:\/\/52.77.24.187\/vi\/san-pham\/mead-mondays-cultra-limeade\/","og_site_name":"The Bottle Shop","article_publisher":"https:\/\/www.facebook.com\/thebottleshopvietnam","article_modified_time":"2024-10-07T17:00:05+00:00","og_image":[{"width":1080,"height":1080,"url":"https:\/\/mlsrfcxkkbzg.i.optimole.com\/cb:JbP2.215d7\/w:auto\/h:auto\/q:mauto\/ig:avif\/http:\/\/52.77.24.187\/wp-content\/uploads\/2023\/09\/Mead-Mondays-Cultra-Limeade-Mead.png","type":"image\/png"}],"twitter_card":"summary_large_image","twitter_misc":{"Est. reading time":"1 minute"},"schema":{"@context":"https:\/\/schema.org","@graph":[{"@type":"WebPage","@id":"http:\/\/52.77.24.187\/vi\/san-pham\/mead-mondays-cultra-limeade\/","url":"http:\/\/52.77.24.187\/vi\/san-pham\/mead-mondays-cultra-limeade\/","name":"Mead Mondays Cultra Limeade - The Bottle Shop","isPartOf":{"@id":"http:\/\/52.77.24.187\/#website"},"primaryImageOfPage":{"@id":"http:\/\/52.77.24.187\/vi\/san-pham\/mead-mondays-cultra-limeade\/#primaryimage"},"image":{"@id":"http:\/\/52.77.24.187\/vi\/san-pham\/mead-mondays-cultra-limeade\/#primaryimage"},"thumbnailUrl":"https:\/\/mlsrfcxkkbzg.i.optimole.com\/cb:JbP2.215d7\/w:auto\/h:auto\/q:mauto\/ig:avif\/https:\/\/thebottleshop.vn\/wp-content\/uploads\/2023\/09\/Mead-Mondays-Cultra-Limeade-Mead.png","datePublished":"2023-03-13T00:36:05+00:00","dateModified":"2024-10-07T17:00:05+00:00","description":"Cultra Limeade \u0111\u01b0\u1ee3c l\u00ean men t\u1eeb m\u1eadt ong nguy\u00ean ch\u1ea5t k\u1ebft h\u1ee3p v\u1edbi n\u01b0\u1edbc chanh t\u01b0\u01a1i \u0111\u00e3 t\u1ea1o ra m\u1ed9t lo\u1ea1i n\u01b0\u1edbc gi\u1ea3i kh\u00e1t l\u00ean men c\u00f3 v\u1ecb chua c\u00e2n b\u1eb1ng.","breadcrumb":{"@id":"http:\/\/52.77.24.187\/vi\/san-pham\/mead-mondays-cultra-limeade\/#breadcrumb"},"inLanguage":"vi-VN","potentialAction":[{"@type":"ReadAction","target":["http:\/\/52.77.24.187\/vi\/san-pham\/mead-mondays-cultra-limeade\/"]}]},{"@type":"ImageObject","inLanguage":"vi-VN","@id":"http:\/\/52.77.24.187\/vi\/san-pham\/mead-mondays-cultra-limeade\/#primaryimage","url":"https:\/\/mlsrfcxkkbzg.i.optimole.com\/cb:JbP2.215d7\/w:auto\/h:auto\/q:mauto\/ig:avif\/https:\/\/thebottleshop.vn\/wp-content\/uploads\/2023\/09\/Mead-Mondays-Cultra-Limeade-Mead.png","contentUrl":"https:\/\/mlsrfcxkkbzg.i.optimole.com\/cb:JbP2.215d7\/w:auto\/h:auto\/q:mauto\/ig:avif\/https:\/\/thebottleshop.vn\/wp-content\/uploads\/2023\/09\/Mead-Mondays-Cultra-Limeade-Mead.png","width":1080,"height":1080,"caption":"Mead Mondays Cultra Limeade Mead"},{"@type":"BreadcrumbList","@id":"http:\/\/52.77.24.187\/vi\/san-pham\/mead-mondays-cultra-limeade\/#breadcrumb","itemListElement":[{"@type":"ListItem","position":1,"name":"Home","item":"http:\/\/52.77.24.187\/vi\/test-popup-vi\/"},{"@type":"ListItem","position":2,"name":"C\u1eeda h\u00e0ng","item":"http:\/\/52.77.24.187\/vi\/cua-hang\/"},{"@type":"ListItem","position":3,"name":"Mead Mondays Cultra Limeade"}]},{"@type":"WebSite","@id":"http:\/\/52.77.24.187\/#website","url":"http:\/\/52.77.24.187\/","name":"The Bottle Shop","description":"All beers are not created equal","publisher":{"@id":"http:\/\/52.77.24.187\/#organization"},"potentialAction":[{"@type":"SearchAction","target":{"@type":"EntryPoint","urlTemplate":"http:\/\/52.77.24.187\/?s={search_term_string}"},"query-input":{"@type":"PropertyValueSpecification","valueRequired":true,"valueName":"search_term_string"}}],"inLanguage":"vi-VN"},{"@type":"Organization","@id":"http:\/\/52.77.24.187\/#organization","name":"The Bottle Shop","url":"http:\/\/52.77.24.187\/","logo":{"@type":"ImageObject","inLanguage":"vi-VN","@id":"http:\/\/52.77.24.187\/#\/schema\/logo\/image\/","url":"https:\/\/mlsrfcxkkbzg.i.optimole.com\/cb:JbP2.215d7\/w:auto\/h:auto\/q:mauto\/ig:avif\/https:\/\/thebottleshop.vn\/wp-content\/uploads\/2022\/10\/The-Bottle-Shop-Online-Logo.png","contentUrl":"https:\/\/mlsrfcxkkbzg.i.optimole.com\/cb:JbP2.215d7\/w:auto\/h:auto\/q:mauto\/ig:avif\/https:\/\/thebottleshop.vn\/wp-content\/uploads\/2022\/10\/The-Bottle-Shop-Online-Logo.png","width":145,"height":147,"caption":"The Bottle Shop"},"image":{"@id":"http:\/\/52.77.24.187\/#\/schema\/logo\/image\/"},"sameAs":["https:\/\/www.facebook.com\/thebottleshopvietnam","https:\/\/www.instagram.com\/thebottleshop_vietnam\/"]}]}},"_links":{"self":[{"href":"https:\/\/thebottleshop.vn\/vi\/wp-json\/wp\/v2\/product\/17350","targetHints":{"allow":["GET"]}}],"collection":[{"href":"https:\/\/thebottleshop.vn\/vi\/wp-json\/wp\/v2\/product"}],"about":[{"href":"https:\/\/thebottleshop.vn\/vi\/wp-json\/wp\/v2\/types\/product"}],"replies":[{"embeddable":true,"href":"https:\/\/thebottleshop.vn\/vi\/wp-json\/wp\/v2\/comments?post=17350"}],"wp:featuredmedia":[{"embeddable":true,"href":"https:\/\/thebottleshop.vn\/vi\/wp-json\/wp\/v2\/media\/18211"}],"wp:attachment":[{"href":"https:\/\/thebottleshop.vn\/vi\/wp-json\/wp\/v2\/media?parent=17350"}],"wp:term":[{"taxonomy":"product_brand","embeddable":true,"href":"https:\/\/thebottleshop.vn\/vi\/wp-json\/wp\/v2\/product_brand?post=17350"},{"taxonomy":"product_cat","embeddable":true,"href":"https:\/\/thebottleshop.vn\/vi\/wp-json\/wp\/v2\/product_cat?post=17350"},{"taxonomy":"product_tag","embeddable":true,"href":"https:\/\/thebottleshop.vn\/vi\/wp-json\/wp\/v2\/product_tag?post=17350"}],"curies":[{"name":"wp","href":"https:\/\/api.w.org\/{rel}","templated":true}]}}