{"id":17351,"date":"2023-03-13T07:45:07","date_gmt":"2023-03-13T00:45:07","guid":{"rendered":"https:\/\/thebottleshop.vn\/product\/mead-mondays-oaked-acerglyn\/"},"modified":"2024-10-10T12:54:56","modified_gmt":"2024-10-10T05:54:56","slug":"mead-mondays-cultra-oaked-acerglyn","status":"publish","type":"product","link":"https:\/\/thebottleshop.vn\/vi\/san-pham\/mead-mondays-cultra-oaked-acerglyn\/","title":{"rendered":"Mead Mondays Cultra Oaked Acerglyn"},"content":{"rendered":"<p>TH\u1ee8 2 H\u00c0NG TU\u1ea6N, MUA 2 T\u1eb6NG 1 V\u1edaI MEAD MONDAYS!<\/p>\n<p>Cultra Oaked Acerglyn \u0111\u01b0\u1ee3c l\u00e0m b\u1eb1ng c\u00e1ch l\u00ean men m\u1eadt ong hoa d\u1ea1i \u0111\u1ecba ph\u01b0\u01a1ng k\u1ebft h\u1ee3p c\u00f9ng v\u1edbi xi-r\u00f4 c\u00e2y phong Canada \u0111\u1ec3 c\u00f3 \u0111\u01b0\u1ee3c m\u1ed9t h\u1ed7n h\u1ee3p s\u00e1nh m\u1ecbn v\u00e0 b\u00e9o ng\u1eady. Sau \u0111\u00f3 \u0111\u01b0\u1ee3c \u1ee7 b\u1eb1ng th\u00f9ng g\u1ed7 s\u1ed3i M\u1ef9 \u0111\u1ec3 mang \u0111\u1ebfn m\u00f9i h\u01b0\u01a1ng vani v\u00e0 caramel r\u1ea5t h\u1ea5p d\u1eabn.<\/p>\n<p>C\u1ea3 ng\u00e0y th\u1ee9 2 h\u00e0ng tu\u1ea5n, ch\u1ec9 c\u00f3 t\u1ea1i The Bottle Shop Online!<\/p>\n<p>\u2014\u2013<br \/>\nXem th\u01b0 vi\u1ec7n h\u00ecnh \u1ea3nh \u0111\u1ec3 bi\u1ebft th\u00eam th\u00f4ng tin chi ti\u1ebft v\u1ec1 ngu\u1ed3n g\u1ed1c, th\u00e0nh ph\u1ea7n v\u00e0 h\u01b0\u1edbng d\u1eabn s\u1eed d\u1ee5ng c\u1ee7a s\u1ea3n ph\u1ea9m.<\/p>\n","protected":false},"excerpt":{"rendered":"<p><strong>Caramen, S\u1ed3i, Vani 11%<\/strong><\/p>\n","protected":false},"featured_media":18205,"comment_status":"open","ping_status":"closed","template":"","meta":{"_acf_changed":false},"product_brand":[],"product_cat":[385,390,337,514,338,349,376,351,366,345,525,339,341,352,565,364,513,686,567],"product_tag":[],"class_list":{"0":"post-17351","1":"product","2":"type-product","3":"status-publish","4":"has-post-thumbnail","6":"product_cat-top-deals","7":"product_cat-vietnam-hanoi","8":"product_cat-bia-va-cider","9":"product_cat-khong-gluten","10":"product_cat-ruou-va-ruou-vang","11":"product_cat-1-0-2-5","12":"product_cat-1m","13":"product_cat-dong-bia","14":"product_cat-nha-san-xuat","15":"product_cat-abv-vi","16":"product_cat-ruou-vang","17":"product_cat-xuat-xu","18":"product_cat-dong-goi","19":"product_cat-gia","20":"product_cat-cultra-brewery-vi","21":"product_cat-dong-ruou","22":"product_cat-khac","23":"product_cat-chai-3x750ml","24":"product_cat-mead-vi","26":"first","27":"outofstock","28":"sale","29":"shipping-taxable","30":"purchasable","31":"product-type-simple","32":"add-to-wishlist-before_image"},"acf":[],"yoast_head":"<!-- This site is optimized with the Yoast SEO plugin v27.2 - https:\/\/yoast.com\/product\/yoast-seo-wordpress\/ -->\n<title>Mead Mondays Cultra Oaked Acerglyn - The Bottle Shop<\/title>\n<meta name=\"description\" content=\"TH\u1ee8 2 H\u00c0NG TU\u1ea6N, MUA 2 T\u1eb6NG 1 V\u1edaI MEAD MONDAYS! Cultra Oaked Acerglyn \u0111\u01b0\u1ee3c l\u00e0m b\u1eb1ng c\u00e1ch l\u00ean men m\u1eadt ong k\u1ebft h\u1ee3p c\u00f9ng v\u1edbi xi-r\u00f4 c\u00e2y phong Canada.\" \/>\n<meta name=\"robots\" content=\"index, follow, max-snippet:-1, max-image-preview:large, max-video-preview:-1\" \/>\n<link rel=\"canonical\" href=\"http:\/\/52.77.24.187\/vi\/san-pham\/mead-mondays-cultra-oaked-acerglyn\/\" \/>\n<meta property=\"og:locale\" content=\"vi_VN\" \/>\n<meta property=\"og:type\" content=\"article\" \/>\n<meta property=\"og:title\" content=\"Mead Mondays Cultra Oaked Acerglyn - The Bottle Shop\" \/>\n<meta property=\"og:description\" content=\"TH\u1ee8 2 H\u00c0NG TU\u1ea6N, MUA 2 T\u1eb6NG 1 V\u1edaI MEAD MONDAYS! Cultra Oaked Acerglyn \u0111\u01b0\u1ee3c l\u00e0m b\u1eb1ng c\u00e1ch l\u00ean men m\u1eadt ong k\u1ebft h\u1ee3p c\u00f9ng v\u1edbi xi-r\u00f4 c\u00e2y phong Canada.\" \/>\n<meta property=\"og:url\" content=\"http:\/\/52.77.24.187\/vi\/san-pham\/mead-mondays-cultra-oaked-acerglyn\/\" \/>\n<meta property=\"og:site_name\" content=\"The Bottle Shop\" \/>\n<meta property=\"article:publisher\" content=\"https:\/\/www.facebook.com\/thebottleshopvietnam\" \/>\n<meta property=\"article:modified_time\" content=\"2024-10-10T05:54:56+00:00\" \/>\n<meta property=\"og:image\" content=\"https:\/\/mlsrfcxkkbzg.i.optimole.com\/cb:JbP2.215d7\/w:auto\/h:auto\/q:mauto\/ig:avif\/http:\/\/52.77.24.187\/wp-content\/uploads\/2023\/09\/Mead-Mondays-Cultra-Oaked-Acerglyn.png\" \/>\n\t<meta property=\"og:image:width\" content=\"1080\" \/>\n\t<meta property=\"og:image:height\" content=\"1080\" \/>\n\t<meta property=\"og:image:type\" content=\"image\/png\" \/>\n<meta name=\"twitter:card\" content=\"summary_large_image\" \/>\n<meta name=\"twitter:label1\" content=\"Est. reading time\" \/>\n\t<meta name=\"twitter:data1\" content=\"1 minute\" \/>\n<script type=\"application\/ld+json\" class=\"yoast-schema-graph\">{\"@context\":\"https:\/\/schema.org\",\"@graph\":[{\"@type\":\"WebPage\",\"@id\":\"http:\/\/52.77.24.187\/vi\/san-pham\/mead-mondays-cultra-oaked-acerglyn\/\",\"url\":\"http:\/\/52.77.24.187\/vi\/san-pham\/mead-mondays-cultra-oaked-acerglyn\/\",\"name\":\"Mead Mondays Cultra Oaked Acerglyn - The Bottle Shop\",\"isPartOf\":{\"@id\":\"http:\/\/52.77.24.187\/#website\"},\"primaryImageOfPage\":{\"@id\":\"http:\/\/52.77.24.187\/vi\/san-pham\/mead-mondays-cultra-oaked-acerglyn\/#primaryimage\"},\"image\":{\"@id\":\"http:\/\/52.77.24.187\/vi\/san-pham\/mead-mondays-cultra-oaked-acerglyn\/#primaryimage\"},\"thumbnailUrl\":\"https:\/\/mlsrfcxkkbzg.i.optimole.com\/cb:JbP2.215d7\/w:auto\/h:auto\/q:mauto\/ig:avif\/https:\/\/thebottleshop.vn\/wp-content\/uploads\/2023\/09\/Mead-Mondays-Cultra-Oaked-Acerglyn.png\",\"datePublished\":\"2023-03-13T00:45:07+00:00\",\"dateModified\":\"2024-10-10T05:54:56+00:00\",\"description\":\"TH\u1ee8 2 H\u00c0NG TU\u1ea6N, MUA 2 T\u1eb6NG 1 V\u1edaI MEAD MONDAYS! Cultra Oaked Acerglyn \u0111\u01b0\u1ee3c l\u00e0m b\u1eb1ng c\u00e1ch l\u00ean men m\u1eadt ong k\u1ebft h\u1ee3p c\u00f9ng v\u1edbi xi-r\u00f4 c\u00e2y phong Canada.\",\"breadcrumb\":{\"@id\":\"http:\/\/52.77.24.187\/vi\/san-pham\/mead-mondays-cultra-oaked-acerglyn\/#breadcrumb\"},\"inLanguage\":\"vi-VN\",\"potentialAction\":[{\"@type\":\"ReadAction\",\"target\":[\"http:\/\/52.77.24.187\/vi\/san-pham\/mead-mondays-cultra-oaked-acerglyn\/\"]}]},{\"@type\":\"ImageObject\",\"inLanguage\":\"vi-VN\",\"@id\":\"http:\/\/52.77.24.187\/vi\/san-pham\/mead-mondays-cultra-oaked-acerglyn\/#primaryimage\",\"url\":\"https:\/\/mlsrfcxkkbzg.i.optimole.com\/cb:JbP2.215d7\/w:auto\/h:auto\/q:mauto\/ig:avif\/https:\/\/thebottleshop.vn\/wp-content\/uploads\/2023\/09\/Mead-Mondays-Cultra-Oaked-Acerglyn.png\",\"contentUrl\":\"https:\/\/mlsrfcxkkbzg.i.optimole.com\/cb:JbP2.215d7\/w:auto\/h:auto\/q:mauto\/ig:avif\/https:\/\/thebottleshop.vn\/wp-content\/uploads\/2023\/09\/Mead-Mondays-Cultra-Oaked-Acerglyn.png\",\"width\":1080,\"height\":1080,\"caption\":\"Mead Mondays Cultra Oaked Acerglyn\"},{\"@type\":\"BreadcrumbList\",\"@id\":\"http:\/\/52.77.24.187\/vi\/san-pham\/mead-mondays-cultra-oaked-acerglyn\/#breadcrumb\",\"itemListElement\":[{\"@type\":\"ListItem\",\"position\":1,\"name\":\"Home\",\"item\":\"http:\/\/52.77.24.187\/vi\/test-popup-vi\/\"},{\"@type\":\"ListItem\",\"position\":2,\"name\":\"C\u1eeda h\u00e0ng\",\"item\":\"http:\/\/52.77.24.187\/vi\/cua-hang\/\"},{\"@type\":\"ListItem\",\"position\":3,\"name\":\"Mead Mondays Cultra Oaked Acerglyn\"}]},{\"@type\":\"WebSite\",\"@id\":\"http:\/\/52.77.24.187\/#website\",\"url\":\"http:\/\/52.77.24.187\/\",\"name\":\"The Bottle Shop\",\"description\":\"All beers are not created equal\",\"publisher\":{\"@id\":\"http:\/\/52.77.24.187\/#organization\"},\"potentialAction\":[{\"@type\":\"SearchAction\",\"target\":{\"@type\":\"EntryPoint\",\"urlTemplate\":\"http:\/\/52.77.24.187\/?s={search_term_string}\"},\"query-input\":{\"@type\":\"PropertyValueSpecification\",\"valueRequired\":true,\"valueName\":\"search_term_string\"}}],\"inLanguage\":\"vi-VN\"},{\"@type\":\"Organization\",\"@id\":\"http:\/\/52.77.24.187\/#organization\",\"name\":\"The Bottle Shop\",\"url\":\"http:\/\/52.77.24.187\/\",\"logo\":{\"@type\":\"ImageObject\",\"inLanguage\":\"vi-VN\",\"@id\":\"http:\/\/52.77.24.187\/#\/schema\/logo\/image\/\",\"url\":\"https:\/\/mlsrfcxkkbzg.i.optimole.com\/cb:JbP2.215d7\/w:auto\/h:auto\/q:mauto\/ig:avif\/https:\/\/thebottleshop.vn\/wp-content\/uploads\/2022\/10\/The-Bottle-Shop-Online-Logo.png\",\"contentUrl\":\"https:\/\/mlsrfcxkkbzg.i.optimole.com\/cb:JbP2.215d7\/w:auto\/h:auto\/q:mauto\/ig:avif\/https:\/\/thebottleshop.vn\/wp-content\/uploads\/2022\/10\/The-Bottle-Shop-Online-Logo.png\",\"width\":145,\"height\":147,\"caption\":\"The Bottle Shop\"},\"image\":{\"@id\":\"http:\/\/52.77.24.187\/#\/schema\/logo\/image\/\"},\"sameAs\":[\"https:\/\/www.facebook.com\/thebottleshopvietnam\",\"https:\/\/www.instagram.com\/thebottleshop_vietnam\/\"]}]}<\/script>\n<!-- \/ Yoast SEO plugin. -->","yoast_head_json":{"title":"Mead Mondays Cultra Oaked Acerglyn - The Bottle Shop","description":"TH\u1ee8 2 H\u00c0NG TU\u1ea6N, MUA 2 T\u1eb6NG 1 V\u1edaI MEAD MONDAYS! Cultra Oaked Acerglyn \u0111\u01b0\u1ee3c l\u00e0m b\u1eb1ng c\u00e1ch l\u00ean men m\u1eadt ong k\u1ebft h\u1ee3p c\u00f9ng v\u1edbi xi-r\u00f4 c\u00e2y phong Canada.","robots":{"index":"index","follow":"follow","max-snippet":"max-snippet:-1","max-image-preview":"max-image-preview:large","max-video-preview":"max-video-preview:-1"},"canonical":"http:\/\/52.77.24.187\/vi\/san-pham\/mead-mondays-cultra-oaked-acerglyn\/","og_locale":"vi_VN","og_type":"article","og_title":"Mead Mondays Cultra Oaked Acerglyn - The Bottle Shop","og_description":"TH\u1ee8 2 H\u00c0NG TU\u1ea6N, MUA 2 T\u1eb6NG 1 V\u1edaI MEAD MONDAYS! Cultra Oaked Acerglyn \u0111\u01b0\u1ee3c l\u00e0m b\u1eb1ng c\u00e1ch l\u00ean men m\u1eadt ong k\u1ebft h\u1ee3p c\u00f9ng v\u1edbi xi-r\u00f4 c\u00e2y phong Canada.","og_url":"http:\/\/52.77.24.187\/vi\/san-pham\/mead-mondays-cultra-oaked-acerglyn\/","og_site_name":"The Bottle Shop","article_publisher":"https:\/\/www.facebook.com\/thebottleshopvietnam","article_modified_time":"2024-10-10T05:54:56+00:00","og_image":[{"width":1080,"height":1080,"url":"https:\/\/mlsrfcxkkbzg.i.optimole.com\/cb:JbP2.215d7\/w:auto\/h:auto\/q:mauto\/ig:avif\/http:\/\/52.77.24.187\/wp-content\/uploads\/2023\/09\/Mead-Mondays-Cultra-Oaked-Acerglyn.png","type":"image\/png"}],"twitter_card":"summary_large_image","twitter_misc":{"Est. reading time":"1 minute"},"schema":{"@context":"https:\/\/schema.org","@graph":[{"@type":"WebPage","@id":"http:\/\/52.77.24.187\/vi\/san-pham\/mead-mondays-cultra-oaked-acerglyn\/","url":"http:\/\/52.77.24.187\/vi\/san-pham\/mead-mondays-cultra-oaked-acerglyn\/","name":"Mead Mondays Cultra Oaked Acerglyn - The Bottle Shop","isPartOf":{"@id":"http:\/\/52.77.24.187\/#website"},"primaryImageOfPage":{"@id":"http:\/\/52.77.24.187\/vi\/san-pham\/mead-mondays-cultra-oaked-acerglyn\/#primaryimage"},"image":{"@id":"http:\/\/52.77.24.187\/vi\/san-pham\/mead-mondays-cultra-oaked-acerglyn\/#primaryimage"},"thumbnailUrl":"https:\/\/mlsrfcxkkbzg.i.optimole.com\/cb:JbP2.215d7\/w:auto\/h:auto\/q:mauto\/ig:avif\/https:\/\/thebottleshop.vn\/wp-content\/uploads\/2023\/09\/Mead-Mondays-Cultra-Oaked-Acerglyn.png","datePublished":"2023-03-13T00:45:07+00:00","dateModified":"2024-10-10T05:54:56+00:00","description":"TH\u1ee8 2 H\u00c0NG TU\u1ea6N, MUA 2 T\u1eb6NG 1 V\u1edaI MEAD MONDAYS! Cultra Oaked Acerglyn \u0111\u01b0\u1ee3c l\u00e0m b\u1eb1ng c\u00e1ch l\u00ean men m\u1eadt ong k\u1ebft h\u1ee3p c\u00f9ng v\u1edbi xi-r\u00f4 c\u00e2y phong Canada.","breadcrumb":{"@id":"http:\/\/52.77.24.187\/vi\/san-pham\/mead-mondays-cultra-oaked-acerglyn\/#breadcrumb"},"inLanguage":"vi-VN","potentialAction":[{"@type":"ReadAction","target":["http:\/\/52.77.24.187\/vi\/san-pham\/mead-mondays-cultra-oaked-acerglyn\/"]}]},{"@type":"ImageObject","inLanguage":"vi-VN","@id":"http:\/\/52.77.24.187\/vi\/san-pham\/mead-mondays-cultra-oaked-acerglyn\/#primaryimage","url":"https:\/\/mlsrfcxkkbzg.i.optimole.com\/cb:JbP2.215d7\/w:auto\/h:auto\/q:mauto\/ig:avif\/https:\/\/thebottleshop.vn\/wp-content\/uploads\/2023\/09\/Mead-Mondays-Cultra-Oaked-Acerglyn.png","contentUrl":"https:\/\/mlsrfcxkkbzg.i.optimole.com\/cb:JbP2.215d7\/w:auto\/h:auto\/q:mauto\/ig:avif\/https:\/\/thebottleshop.vn\/wp-content\/uploads\/2023\/09\/Mead-Mondays-Cultra-Oaked-Acerglyn.png","width":1080,"height":1080,"caption":"Mead Mondays Cultra Oaked Acerglyn"},{"@type":"BreadcrumbList","@id":"http:\/\/52.77.24.187\/vi\/san-pham\/mead-mondays-cultra-oaked-acerglyn\/#breadcrumb","itemListElement":[{"@type":"ListItem","position":1,"name":"Home","item":"http:\/\/52.77.24.187\/vi\/test-popup-vi\/"},{"@type":"ListItem","position":2,"name":"C\u1eeda h\u00e0ng","item":"http:\/\/52.77.24.187\/vi\/cua-hang\/"},{"@type":"ListItem","position":3,"name":"Mead Mondays Cultra Oaked Acerglyn"}]},{"@type":"WebSite","@id":"http:\/\/52.77.24.187\/#website","url":"http:\/\/52.77.24.187\/","name":"The Bottle Shop","description":"All beers are not created equal","publisher":{"@id":"http:\/\/52.77.24.187\/#organization"},"potentialAction":[{"@type":"SearchAction","target":{"@type":"EntryPoint","urlTemplate":"http:\/\/52.77.24.187\/?s={search_term_string}"},"query-input":{"@type":"PropertyValueSpecification","valueRequired":true,"valueName":"search_term_string"}}],"inLanguage":"vi-VN"},{"@type":"Organization","@id":"http:\/\/52.77.24.187\/#organization","name":"The Bottle Shop","url":"http:\/\/52.77.24.187\/","logo":{"@type":"ImageObject","inLanguage":"vi-VN","@id":"http:\/\/52.77.24.187\/#\/schema\/logo\/image\/","url":"https:\/\/mlsrfcxkkbzg.i.optimole.com\/cb:JbP2.215d7\/w:auto\/h:auto\/q:mauto\/ig:avif\/https:\/\/thebottleshop.vn\/wp-content\/uploads\/2022\/10\/The-Bottle-Shop-Online-Logo.png","contentUrl":"https:\/\/mlsrfcxkkbzg.i.optimole.com\/cb:JbP2.215d7\/w:auto\/h:auto\/q:mauto\/ig:avif\/https:\/\/thebottleshop.vn\/wp-content\/uploads\/2022\/10\/The-Bottle-Shop-Online-Logo.png","width":145,"height":147,"caption":"The Bottle Shop"},"image":{"@id":"http:\/\/52.77.24.187\/#\/schema\/logo\/image\/"},"sameAs":["https:\/\/www.facebook.com\/thebottleshopvietnam","https:\/\/www.instagram.com\/thebottleshop_vietnam\/"]}]}},"_links":{"self":[{"href":"https:\/\/thebottleshop.vn\/vi\/wp-json\/wp\/v2\/product\/17351","targetHints":{"allow":["GET"]}}],"collection":[{"href":"https:\/\/thebottleshop.vn\/vi\/wp-json\/wp\/v2\/product"}],"about":[{"href":"https:\/\/thebottleshop.vn\/vi\/wp-json\/wp\/v2\/types\/product"}],"replies":[{"embeddable":true,"href":"https:\/\/thebottleshop.vn\/vi\/wp-json\/wp\/v2\/comments?post=17351"}],"wp:featuredmedia":[{"embeddable":true,"href":"https:\/\/thebottleshop.vn\/vi\/wp-json\/wp\/v2\/media\/18205"}],"wp:attachment":[{"href":"https:\/\/thebottleshop.vn\/vi\/wp-json\/wp\/v2\/media?parent=17351"}],"wp:term":[{"taxonomy":"product_brand","embeddable":true,"href":"https:\/\/thebottleshop.vn\/vi\/wp-json\/wp\/v2\/product_brand?post=17351"},{"taxonomy":"product_cat","embeddable":true,"href":"https:\/\/thebottleshop.vn\/vi\/wp-json\/wp\/v2\/product_cat?post=17351"},{"taxonomy":"product_tag","embeddable":true,"href":"https:\/\/thebottleshop.vn\/vi\/wp-json\/wp\/v2\/product_tag?post=17351"}],"curies":[{"name":"wp","href":"https:\/\/api.w.org\/{rel}","templated":true}]}}