{"id":17360,"date":"2023-03-13T20:39:14","date_gmt":"2023-03-13T13:39:14","guid":{"rendered":"https:\/\/thebottleshop.vn\/product\/hod-dream-sensations-hazy-ipa\/"},"modified":"2025-06-05T15:36:35","modified_gmt":"2025-06-05T08:36:35","slug":"hod-dream-sensations-hazy-ipa","status":"publish","type":"product","link":"https:\/\/thebottleshop.vn\/vi\/san-pham\/hod-dream-sensations-hazy-ipa\/","title":{"rendered":"Heart of Darkness Dream Sensations Hazy IPA"},"content":{"rendered":"<p>Heart of Darkness Dream Sensations Hazy IPA. S\u1eed d\u1ee5ng hoa bia Mosaic tr\u1ee9 danh \u0111\u1ebfn t\u1eeb Hoa K\u1ef3, \u0111\u00e2y l\u00e0 m\u1ed9t d\u00f2ng bia th\u01a1m n\u1ed3ng h\u01b0\u01a1ng tr\u00e1i c\u00e2y v\u00e0 v\u1ecb hoa bia nhi\u1ec7t \u0111\u1edbi \u0111\u1eadm \u0111\u00e0. \u0110\u1ed9 \u0111\u1eafng th\u1ea5p c\u00f9ng m\u00e0u bia v\u00e0ng \u00f3ng v\u1edbi \u0111\u1ed9 m\u1edd \u0111\u1eb7c tr\u01b0ng. H\u01b0\u01a1ng xo\u00e0i v\u00e0 qu\u1ea3 h\u1ea1ch, h\u1eadu v\u1ecb tr\u00e1i c\u00e2y v\u00e0 cam chanh m\u1ea1nh m\u1ebd.  <\/p>\n<p>\u2014\u2013<br \/>\nXem th\u01b0 vi\u1ec7n h\u00ecnh \u1ea3nh \u0111\u1ec3 bi\u1ebft th\u00eam th\u00f4ng tin chi ti\u1ebft v\u1ec1 ngu\u1ed3n g\u1ed1c, th\u00e0nh ph\u1ea7n v\u00e0 h\u01b0\u1edbng d\u1eabn s\u1eed d\u1ee5ng c\u1ee7a s\u1ea3n ph\u1ea9m.<\/p>\n","protected":false},"excerpt":{"rendered":"<p><strong>Hazy, Nhi\u1ec7t \u0111\u1edbi, Cam chanh 5.7%<\/strong><\/p>\n","protected":false},"featured_media":17383,"comment_status":"open","ping_status":"closed","template":"","meta":{"_acf_changed":false},"product_brand":[],"product_cat":[378,337,340,347,342,351,366,345,377,339,341,352,359,369],"product_tag":[],"class_list":{"0":"post-17360","1":"product","2":"type-product","3":"status-publish","4":"has-post-thumbnail","6":"product_cat-00-19","7":"product_cat-bia-va-cider","8":"product_cat-vietnam-hcmc","9":"product_cat-4-5-9","10":"product_cat-chai-330-ml","11":"product_cat-dong-bia","12":"product_cat-nha-san-xuat","13":"product_cat-abv-vi","14":"product_cat-ibu","15":"product_cat-xuat-xu","16":"product_cat-dong-goi","17":"product_cat-gia","18":"product_cat-ipa","19":"product_cat-heart-of-darkness","21":"first","22":"instock","23":"shipping-taxable","24":"purchasable","25":"product-type-simple","26":"add-to-wishlist-before_image"},"acf":[],"yoast_head":"<!-- This site is optimized with the Yoast SEO plugin v27.2 - https:\/\/yoast.com\/product\/yoast-seo-wordpress\/ -->\n<title>Heart of Darkness Dream Sensations Hazy IPA - The Bottle Shop<\/title>\n<meta name=\"description\" content=\"Heart of Darkness Dream Sensations Hazy IPA. S\u1eed d\u1ee5ng hoa bia Mosaic, \u0111\u00e2y l\u00e0 m\u1ed9t d\u00f2ng bia th\u01a1m n\u1ed3ng h\u01b0\u01a1ng tr\u00e1i c\u00e2y v\u00e0 v\u1ecb hoa bia nhi\u1ec7t \u0111\u1edbi \u0111\u1eadm \u0111\u00e0.\" \/>\n<meta name=\"robots\" content=\"index, follow, max-snippet:-1, max-image-preview:large, max-video-preview:-1\" \/>\n<link rel=\"canonical\" href=\"http:\/\/52.77.24.187\/vi\/san-pham\/hod-dream-sensations-hazy-ipa\/\" \/>\n<meta property=\"og:locale\" content=\"vi_VN\" \/>\n<meta property=\"og:type\" content=\"article\" \/>\n<meta property=\"og:title\" content=\"Heart of Darkness Dream Sensations Hazy IPA - The Bottle Shop\" \/>\n<meta property=\"og:description\" content=\"Heart of Darkness Dream Sensations Hazy IPA. S\u1eed d\u1ee5ng hoa bia Mosaic, \u0111\u00e2y l\u00e0 m\u1ed9t d\u00f2ng bia th\u01a1m n\u1ed3ng h\u01b0\u01a1ng tr\u00e1i c\u00e2y v\u00e0 v\u1ecb hoa bia nhi\u1ec7t \u0111\u1edbi \u0111\u1eadm \u0111\u00e0.\" \/>\n<meta property=\"og:url\" content=\"http:\/\/52.77.24.187\/vi\/san-pham\/hod-dream-sensations-hazy-ipa\/\" \/>\n<meta property=\"og:site_name\" content=\"The Bottle Shop\" \/>\n<meta property=\"article:publisher\" content=\"https:\/\/www.facebook.com\/thebottleshopvietnam\" \/>\n<meta property=\"article:modified_time\" content=\"2025-06-05T08:36:35+00:00\" \/>\n<meta property=\"og:image\" content=\"https:\/\/mlsrfcxkkbzg.i.optimole.com\/cb:JbP2.215d7\/w:auto\/h:auto\/q:mauto\/ig:avif\/http:\/\/52.77.24.187\/wp-content\/uploads\/2023\/03\/Heart-of-Darkness-Dream-Sensations-Hazy-IPA.png\" \/>\n\t<meta property=\"og:image:width\" content=\"1080\" \/>\n\t<meta property=\"og:image:height\" content=\"1080\" \/>\n\t<meta property=\"og:image:type\" content=\"image\/png\" \/>\n<meta name=\"twitter:card\" content=\"summary_large_image\" \/>\n<meta name=\"twitter:label1\" content=\"Est. reading time\" \/>\n\t<meta name=\"twitter:data1\" content=\"1 minute\" \/>\n<script type=\"application\/ld+json\" class=\"yoast-schema-graph\">{\"@context\":\"https:\/\/schema.org\",\"@graph\":[{\"@type\":\"WebPage\",\"@id\":\"http:\/\/52.77.24.187\/vi\/san-pham\/hod-dream-sensations-hazy-ipa\/\",\"url\":\"http:\/\/52.77.24.187\/vi\/san-pham\/hod-dream-sensations-hazy-ipa\/\",\"name\":\"Heart of Darkness Dream Sensations Hazy IPA - The Bottle Shop\",\"isPartOf\":{\"@id\":\"http:\/\/52.77.24.187\/#website\"},\"primaryImageOfPage\":{\"@id\":\"http:\/\/52.77.24.187\/vi\/san-pham\/hod-dream-sensations-hazy-ipa\/#primaryimage\"},\"image\":{\"@id\":\"http:\/\/52.77.24.187\/vi\/san-pham\/hod-dream-sensations-hazy-ipa\/#primaryimage\"},\"thumbnailUrl\":\"https:\/\/mlsrfcxkkbzg.i.optimole.com\/cb:JbP2.215d7\/w:auto\/h:auto\/q:mauto\/ig:avif\/https:\/\/thebottleshop.vn\/wp-content\/uploads\/2023\/03\/Heart-of-Darkness-Dream-Sensations-Hazy-IPA.png\",\"datePublished\":\"2023-03-13T13:39:14+00:00\",\"dateModified\":\"2025-06-05T08:36:35+00:00\",\"description\":\"Heart of Darkness Dream Sensations Hazy IPA. S\u1eed d\u1ee5ng hoa bia Mosaic, \u0111\u00e2y l\u00e0 m\u1ed9t d\u00f2ng bia th\u01a1m n\u1ed3ng h\u01b0\u01a1ng tr\u00e1i c\u00e2y v\u00e0 v\u1ecb hoa bia nhi\u1ec7t \u0111\u1edbi \u0111\u1eadm \u0111\u00e0.\",\"breadcrumb\":{\"@id\":\"http:\/\/52.77.24.187\/vi\/san-pham\/hod-dream-sensations-hazy-ipa\/#breadcrumb\"},\"inLanguage\":\"vi-VN\",\"potentialAction\":[{\"@type\":\"ReadAction\",\"target\":[\"http:\/\/52.77.24.187\/vi\/san-pham\/hod-dream-sensations-hazy-ipa\/\"]}]},{\"@type\":\"ImageObject\",\"inLanguage\":\"vi-VN\",\"@id\":\"http:\/\/52.77.24.187\/vi\/san-pham\/hod-dream-sensations-hazy-ipa\/#primaryimage\",\"url\":\"https:\/\/mlsrfcxkkbzg.i.optimole.com\/cb:JbP2.215d7\/w:auto\/h:auto\/q:mauto\/ig:avif\/https:\/\/thebottleshop.vn\/wp-content\/uploads\/2023\/03\/Heart-of-Darkness-Dream-Sensations-Hazy-IPA.png\",\"contentUrl\":\"https:\/\/mlsrfcxkkbzg.i.optimole.com\/cb:JbP2.215d7\/w:auto\/h:auto\/q:mauto\/ig:avif\/https:\/\/thebottleshop.vn\/wp-content\/uploads\/2023\/03\/Heart-of-Darkness-Dream-Sensations-Hazy-IPA.png\",\"width\":1080,\"height\":1080,\"caption\":\"Heart of Darkness Dream Sensations Hazy IPA\"},{\"@type\":\"BreadcrumbList\",\"@id\":\"http:\/\/52.77.24.187\/vi\/san-pham\/hod-dream-sensations-hazy-ipa\/#breadcrumb\",\"itemListElement\":[{\"@type\":\"ListItem\",\"position\":1,\"name\":\"Home\",\"item\":\"http:\/\/52.77.24.187\/vi\/test-popup-vi\/\"},{\"@type\":\"ListItem\",\"position\":2,\"name\":\"C\u1eeda h\u00e0ng\",\"item\":\"http:\/\/52.77.24.187\/vi\/cua-hang\/\"},{\"@type\":\"ListItem\",\"position\":3,\"name\":\"Heart of Darkness Dream Sensations Hazy IPA\"}]},{\"@type\":\"WebSite\",\"@id\":\"http:\/\/52.77.24.187\/#website\",\"url\":\"http:\/\/52.77.24.187\/\",\"name\":\"The Bottle Shop\",\"description\":\"All beers are not created equal\",\"publisher\":{\"@id\":\"http:\/\/52.77.24.187\/#organization\"},\"potentialAction\":[{\"@type\":\"SearchAction\",\"target\":{\"@type\":\"EntryPoint\",\"urlTemplate\":\"http:\/\/52.77.24.187\/?s={search_term_string}\"},\"query-input\":{\"@type\":\"PropertyValueSpecification\",\"valueRequired\":true,\"valueName\":\"search_term_string\"}}],\"inLanguage\":\"vi-VN\"},{\"@type\":\"Organization\",\"@id\":\"http:\/\/52.77.24.187\/#organization\",\"name\":\"The Bottle Shop\",\"url\":\"http:\/\/52.77.24.187\/\",\"logo\":{\"@type\":\"ImageObject\",\"inLanguage\":\"vi-VN\",\"@id\":\"http:\/\/52.77.24.187\/#\/schema\/logo\/image\/\",\"url\":\"https:\/\/mlsrfcxkkbzg.i.optimole.com\/cb:JbP2.215d7\/w:auto\/h:auto\/q:mauto\/ig:avif\/https:\/\/thebottleshop.vn\/wp-content\/uploads\/2022\/10\/The-Bottle-Shop-Online-Logo.png\",\"contentUrl\":\"https:\/\/mlsrfcxkkbzg.i.optimole.com\/cb:JbP2.215d7\/w:auto\/h:auto\/q:mauto\/ig:avif\/https:\/\/thebottleshop.vn\/wp-content\/uploads\/2022\/10\/The-Bottle-Shop-Online-Logo.png\",\"width\":145,\"height\":147,\"caption\":\"The Bottle Shop\"},\"image\":{\"@id\":\"http:\/\/52.77.24.187\/#\/schema\/logo\/image\/\"},\"sameAs\":[\"https:\/\/www.facebook.com\/thebottleshopvietnam\",\"https:\/\/www.instagram.com\/thebottleshop_vietnam\/\"]}]}<\/script>\n<!-- \/ Yoast SEO plugin. -->","yoast_head_json":{"title":"Heart of Darkness Dream Sensations Hazy IPA - The Bottle Shop","description":"Heart of Darkness Dream Sensations Hazy IPA. S\u1eed d\u1ee5ng hoa bia Mosaic, \u0111\u00e2y l\u00e0 m\u1ed9t d\u00f2ng bia th\u01a1m n\u1ed3ng h\u01b0\u01a1ng tr\u00e1i c\u00e2y v\u00e0 v\u1ecb hoa bia nhi\u1ec7t \u0111\u1edbi \u0111\u1eadm \u0111\u00e0.","robots":{"index":"index","follow":"follow","max-snippet":"max-snippet:-1","max-image-preview":"max-image-preview:large","max-video-preview":"max-video-preview:-1"},"canonical":"http:\/\/52.77.24.187\/vi\/san-pham\/hod-dream-sensations-hazy-ipa\/","og_locale":"vi_VN","og_type":"article","og_title":"Heart of Darkness Dream Sensations Hazy IPA - The Bottle Shop","og_description":"Heart of Darkness Dream Sensations Hazy IPA. S\u1eed d\u1ee5ng hoa bia Mosaic, \u0111\u00e2y l\u00e0 m\u1ed9t d\u00f2ng bia th\u01a1m n\u1ed3ng h\u01b0\u01a1ng tr\u00e1i c\u00e2y v\u00e0 v\u1ecb hoa bia nhi\u1ec7t \u0111\u1edbi \u0111\u1eadm \u0111\u00e0.","og_url":"http:\/\/52.77.24.187\/vi\/san-pham\/hod-dream-sensations-hazy-ipa\/","og_site_name":"The Bottle Shop","article_publisher":"https:\/\/www.facebook.com\/thebottleshopvietnam","article_modified_time":"2025-06-05T08:36:35+00:00","og_image":[{"width":1080,"height":1080,"url":"https:\/\/mlsrfcxkkbzg.i.optimole.com\/cb:JbP2.215d7\/w:auto\/h:auto\/q:mauto\/ig:avif\/http:\/\/52.77.24.187\/wp-content\/uploads\/2023\/03\/Heart-of-Darkness-Dream-Sensations-Hazy-IPA.png","type":"image\/png"}],"twitter_card":"summary_large_image","twitter_misc":{"Est. reading time":"1 minute"},"schema":{"@context":"https:\/\/schema.org","@graph":[{"@type":"WebPage","@id":"http:\/\/52.77.24.187\/vi\/san-pham\/hod-dream-sensations-hazy-ipa\/","url":"http:\/\/52.77.24.187\/vi\/san-pham\/hod-dream-sensations-hazy-ipa\/","name":"Heart of Darkness Dream Sensations Hazy IPA - The Bottle Shop","isPartOf":{"@id":"http:\/\/52.77.24.187\/#website"},"primaryImageOfPage":{"@id":"http:\/\/52.77.24.187\/vi\/san-pham\/hod-dream-sensations-hazy-ipa\/#primaryimage"},"image":{"@id":"http:\/\/52.77.24.187\/vi\/san-pham\/hod-dream-sensations-hazy-ipa\/#primaryimage"},"thumbnailUrl":"https:\/\/mlsrfcxkkbzg.i.optimole.com\/cb:JbP2.215d7\/w:auto\/h:auto\/q:mauto\/ig:avif\/https:\/\/thebottleshop.vn\/wp-content\/uploads\/2023\/03\/Heart-of-Darkness-Dream-Sensations-Hazy-IPA.png","datePublished":"2023-03-13T13:39:14+00:00","dateModified":"2025-06-05T08:36:35+00:00","description":"Heart of Darkness Dream Sensations Hazy IPA. S\u1eed d\u1ee5ng hoa bia Mosaic, \u0111\u00e2y l\u00e0 m\u1ed9t d\u00f2ng bia th\u01a1m n\u1ed3ng h\u01b0\u01a1ng tr\u00e1i c\u00e2y v\u00e0 v\u1ecb hoa bia nhi\u1ec7t \u0111\u1edbi \u0111\u1eadm \u0111\u00e0.","breadcrumb":{"@id":"http:\/\/52.77.24.187\/vi\/san-pham\/hod-dream-sensations-hazy-ipa\/#breadcrumb"},"inLanguage":"vi-VN","potentialAction":[{"@type":"ReadAction","target":["http:\/\/52.77.24.187\/vi\/san-pham\/hod-dream-sensations-hazy-ipa\/"]}]},{"@type":"ImageObject","inLanguage":"vi-VN","@id":"http:\/\/52.77.24.187\/vi\/san-pham\/hod-dream-sensations-hazy-ipa\/#primaryimage","url":"https:\/\/mlsrfcxkkbzg.i.optimole.com\/cb:JbP2.215d7\/w:auto\/h:auto\/q:mauto\/ig:avif\/https:\/\/thebottleshop.vn\/wp-content\/uploads\/2023\/03\/Heart-of-Darkness-Dream-Sensations-Hazy-IPA.png","contentUrl":"https:\/\/mlsrfcxkkbzg.i.optimole.com\/cb:JbP2.215d7\/w:auto\/h:auto\/q:mauto\/ig:avif\/https:\/\/thebottleshop.vn\/wp-content\/uploads\/2023\/03\/Heart-of-Darkness-Dream-Sensations-Hazy-IPA.png","width":1080,"height":1080,"caption":"Heart of Darkness Dream Sensations Hazy IPA"},{"@type":"BreadcrumbList","@id":"http:\/\/52.77.24.187\/vi\/san-pham\/hod-dream-sensations-hazy-ipa\/#breadcrumb","itemListElement":[{"@type":"ListItem","position":1,"name":"Home","item":"http:\/\/52.77.24.187\/vi\/test-popup-vi\/"},{"@type":"ListItem","position":2,"name":"C\u1eeda h\u00e0ng","item":"http:\/\/52.77.24.187\/vi\/cua-hang\/"},{"@type":"ListItem","position":3,"name":"Heart of Darkness Dream Sensations Hazy IPA"}]},{"@type":"WebSite","@id":"http:\/\/52.77.24.187\/#website","url":"http:\/\/52.77.24.187\/","name":"The Bottle Shop","description":"All beers are not created equal","publisher":{"@id":"http:\/\/52.77.24.187\/#organization"},"potentialAction":[{"@type":"SearchAction","target":{"@type":"EntryPoint","urlTemplate":"http:\/\/52.77.24.187\/?s={search_term_string}"},"query-input":{"@type":"PropertyValueSpecification","valueRequired":true,"valueName":"search_term_string"}}],"inLanguage":"vi-VN"},{"@type":"Organization","@id":"http:\/\/52.77.24.187\/#organization","name":"The Bottle Shop","url":"http:\/\/52.77.24.187\/","logo":{"@type":"ImageObject","inLanguage":"vi-VN","@id":"http:\/\/52.77.24.187\/#\/schema\/logo\/image\/","url":"https:\/\/mlsrfcxkkbzg.i.optimole.com\/cb:JbP2.215d7\/w:auto\/h:auto\/q:mauto\/ig:avif\/https:\/\/thebottleshop.vn\/wp-content\/uploads\/2022\/10\/The-Bottle-Shop-Online-Logo.png","contentUrl":"https:\/\/mlsrfcxkkbzg.i.optimole.com\/cb:JbP2.215d7\/w:auto\/h:auto\/q:mauto\/ig:avif\/https:\/\/thebottleshop.vn\/wp-content\/uploads\/2022\/10\/The-Bottle-Shop-Online-Logo.png","width":145,"height":147,"caption":"The Bottle Shop"},"image":{"@id":"http:\/\/52.77.24.187\/#\/schema\/logo\/image\/"},"sameAs":["https:\/\/www.facebook.com\/thebottleshopvietnam","https:\/\/www.instagram.com\/thebottleshop_vietnam\/"]}]}},"_links":{"self":[{"href":"https:\/\/thebottleshop.vn\/vi\/wp-json\/wp\/v2\/product\/17360","targetHints":{"allow":["GET"]}}],"collection":[{"href":"https:\/\/thebottleshop.vn\/vi\/wp-json\/wp\/v2\/product"}],"about":[{"href":"https:\/\/thebottleshop.vn\/vi\/wp-json\/wp\/v2\/types\/product"}],"replies":[{"embeddable":true,"href":"https:\/\/thebottleshop.vn\/vi\/wp-json\/wp\/v2\/comments?post=17360"}],"wp:featuredmedia":[{"embeddable":true,"href":"https:\/\/thebottleshop.vn\/vi\/wp-json\/wp\/v2\/media\/17383"}],"wp:attachment":[{"href":"https:\/\/thebottleshop.vn\/vi\/wp-json\/wp\/v2\/media?parent=17360"}],"wp:term":[{"taxonomy":"product_brand","embeddable":true,"href":"https:\/\/thebottleshop.vn\/vi\/wp-json\/wp\/v2\/product_brand?post=17360"},{"taxonomy":"product_cat","embeddable":true,"href":"https:\/\/thebottleshop.vn\/vi\/wp-json\/wp\/v2\/product_cat?post=17360"},{"taxonomy":"product_tag","embeddable":true,"href":"https:\/\/thebottleshop.vn\/vi\/wp-json\/wp\/v2\/product_tag?post=17360"}],"curies":[{"name":"wp","href":"https:\/\/api.w.org\/{rel}","templated":true}]}}